{"id":42976,"date":"2021-12-09T13:23:12","date_gmt":"2021-12-09T12:23:12","guid":{"rendered":"https:\/\/teiaeducation.ch\/?post_type=product&#038;p=42976"},"modified":"2024-07-29T14:40:19","modified_gmt":"2024-07-29T12:40:19","slug":"support-de-bougie-en-laiton-gluckskafer","status":"publish","type":"product","link":"https:\/\/teiaeducation.ch\/fr\/produit\/support-de-bougie-en-laiton-gluckskafer\/","title":{"rendered":"Support de bougie en laiton &#8211; Gl\u00fccksk\u00e4fer"},"content":{"rendered":"<p>Le support de bougie en laiton de notre collection de <a href=\"https:\/\/teiaeducation.ch\/product-category\/celebrations\/\">c\u00e9l\u00e9brations<\/a> est un accessoire pour transformer votre anneau d&#8217;anniversaire Gl\u00fccksk\u00e4fer, votre anneau de l&#8217;avent de No\u00ebl ou votre anneau de c\u00e9l\u00e9brations Waldorf en un support de bougie.<\/p>\n<p>Ce support s&#8217;adapte aux <a href=\"https:\/\/teiaeducation.ch\/product\/birthday-ring-natural-wood-gluckskafer\/\">anneaux d&#8217;anniversaire<\/a> Gl\u00fccksk\u00e4fer, au <a href=\"https:\/\/teiaeducation.ch\/product\/wooden-birthday-train-gluckskafer\/\">train d&#8217;anniversaire<\/a>, ainsi qu&#8217;\u00e0 tous les <a href=\"https:\/\/teiaeducation.ch\/product\/small-natural-wood-birthday-ring-grimms\/\">anneaux<\/a> de c\u00e9l\u00e9bration, \u00e0 la <a href=\"https:\/\/teiaeducation.ch\/product\/colourful-birthday-spiral-grimms\/\">spirale<\/a> d&#8217;anniversaire et \u00e0 la spirale de l&#8217;Avent de Grimm&#8217;s. Le support d\u2019insert a \u00e9t\u00e9 dimensionn\u00e9 pour s\u2019adapter \u00e0 notre gamme de <a href=\"https:\/\/teiaeducation.ch\/?s=candle+gluckskafer&amp;post_type=product&amp;lang=en\">bougies<\/a> pour anneau d\u2019anniversaire seulement.<\/p>\n<p>Vendu individuellement.<\/p>\n<p>Veuillez noter que les bougies ne tiennent pas dans les diff\u00e9rents anneaux et spirales sans cet insert.<\/p>\n<p>Id\u00e9ale pour jouer \u00e0 la maison, \u00e0 la cr\u00e8che, \u00e0 l\u2019\u00e9cole Waldorf Steiner, la gamme de jouets en bois color\u00e9s <a href=\"https:\/\/teiaeducation.ch\/product-category\/brands\/gluckskafer\/\">Gl\u00fccksk\u00e4fer<\/a> est con\u00e7ue selon la philosophie Waldorf qui est bien connue pour encourager les enfants \u00e0 d\u00e9couvrir le jeu cr\u00e9atif de mani\u00e8re ind\u00e9pendante et sans limites.<\/p>\n<p>Tous les jouets de haute qualit\u00e9 de Gl\u00fccksk\u00e4fer, fabriqu\u00e9s et color\u00e9s \u00e0 la main en Allemagne avec des peintures \u00e0 base d\u2019eau non toxiques, ne sont pas finis avec de la laque pour assurer les caract\u00e9ristiques originales du bois et du grain.<\/p>\n<p>Gl\u00fccksk\u00e4fer fait partie des fabricants de jouets traditionnels allemands Nic Toys, r\u00e9put\u00e9s pour leurs produits de qualit\u00e9 sup\u00e9rieure con\u00e7us pour favoriser le d\u00e9veloppement de l&#8217;enfant et fabriqu\u00e9s dans le respect de l&#8217;\u00e9thique et de la durabilit\u00e9.<\/p>\n<p>Le support pour bougie en laiton est fabriqu\u00e9 en Allemagne par AHS Spielzeug pour Gl\u00fccksk\u00e4fer.<\/p>\n<p>Avertissement! Le support pour bougie en laiton de Gl\u00fccksk\u00e4fer n\u2019est pas un dispositif de s\u00e9curit\u00e9. Il s\u2019agit d\u2019un \u00e9l\u00e9ment d\u00e9coratif et ce n\u2019est pas adapt\u00e9 pour jouer.<\/p>\n<p>Les bougies peuvent br\u00fbler des supports en bois utilis\u00e9 en conjonction comme l\u2019anneau de c\u00e9l\u00e9bration si elles sont laiss\u00e9es sans surveillance. Veuillez toujours faire preuve de prudence lors de la combustion des bougies. Pour plus de s\u00e9curit\u00e9 si vous utilisez des bougies, veuillez utiliser des bougeoirs et vous assurer qu\u2019il n\u2019y a pas de papier ni de figure d\u00e9corative pr\u00e8s des flammes.<\/p>\n<p>Cet article convient aux enfants \u00e2g\u00e9s de 14 ans et plus.<\/p>\n<p>Contenu : 1 support de bougie en laiton<\/p>\n","protected":false},"excerpt":{"rendered":"<p>Num\u00e9ro d&#8217;article : 522701 Support de bougie en laiton pour transformer votre anneau d\u2019anniversaire Gl\u00fccksk\u00e4fer, de l\u2019Avent, de No\u00ebl ou de c\u00e9l\u00e9bration Waldorf.<\/p>\n","protected":false},"featured_media":42985,"comment_status":"open","ping_status":"closed","template":"","meta":[],"product_brand":[],"product_cat":[22346,24874,16898,17225,22343,18893,22344,13119,17212,13130,23021,7595,217,5851,22350,22348,212,1219],"product_tag":[8625,18025,18028,18026,18024,18027,17918,6714,17986,18029],"class_list":{"0":"post-42976","1":"product","2":"type-product","3":"status-publish","4":"has-post-thumbnail","6":"product_cat-anniversaires","7":"product_cat-celebrations-rituels-familiaux","8":"product_cat-collection-automne","9":"product_cat-celebrations-fr","10":"product_cat-collection-hiver","11":"product_cat-collection-printemps","12":"product_cat-collections-saisonnieres","13":"product_cat-gluckskafer-fr","14":"product_cat-grimms-fr","15":"product_cat-jouer","16":"product_cat-jouets-waldorf","17":"product_cat-methode-deducation","18":"product_cat-marques","19":"product_cat-nouveautes","20":"product_cat-rituels-avent","21":"product_cat-natur-saisonale-tische","22":"product_cat-tranche-dage","23":"product_cat-waldorf-fr","24":"product_tag-fabrique-en-allemagne","25":"product_tag-formes-colorees-en-bois-gluckskafer","26":"product_tag-formes-colorees-en-bois-gluckskafer-fr","27":"product_tag-gamme-de-formes-colorees-de-gluckskafer","28":"product_tag-gluckskafer-fr","29":"product_tag-gluckskafer-suisse","30":"product_tag-jouet-en-bois-waldorf","31":"product_tag-jouets-en-bois-faits-a-la-main","32":"product_tag-jouets-en-bois-waldorf-fr","33":"product_tag-toupie-en-bois-faite-a-la-main-gluckskafer","35":"first","36":"outofstock","37":"taxable","38":"shipping-taxable","39":"purchasable","40":"product-type-simple"},"yoast_head":"<!-- This site is optimized with the Yoast SEO plugin v27.1.1 - https:\/\/yoast.com\/product\/yoast-seo-wordpress\/ -->\n<title>Support de bougie en laiton - Gl\u00fccksk\u00e4fer<\/title>\n<meta name=\"description\" content=\"Support de bougie en laiton pour transformer votre anneau d\u2019anniversaire Gl\u00fccksk\u00e4fer, de l\u2019Avent, de No\u00ebl ou de c\u00e9l\u00e9bration Waldorf.\" \/>\n<meta name=\"robots\" content=\"index, follow, max-snippet:-1, max-image-preview:large, max-video-preview:-1\" \/>\n<link rel=\"canonical\" href=\"https:\/\/teiaeducation.ch\/fr\/produit\/support-de-bougie-en-laiton-gluckskafer\/\" \/>\n<meta property=\"og:locale\" content=\"fr_FR\" \/>\n<meta property=\"og:type\" content=\"article\" \/>\n<meta property=\"og:title\" content=\"Support de bougie en laiton - Gl\u00fccksk\u00e4fer\" \/>\n<meta property=\"og:description\" content=\"Support de bougie en laiton pour transformer votre anneau d\u2019anniversaire Gl\u00fccksk\u00e4fer, de l\u2019Avent, de No\u00ebl ou de c\u00e9l\u00e9bration Waldorf.\" \/>\n<meta property=\"og:url\" content=\"https:\/\/teiaeducation.ch\/fr\/produit\/support-de-bougie-en-laiton-gluckskafer\/\" \/>\n<meta property=\"og:site_name\" content=\"Sustainable Educational Products &amp; Ecological Toys\u00a0\" \/>\n<meta property=\"article:publisher\" content=\"https:\/\/www.facebook.com\/teiaeducation\/\" \/>\n<meta property=\"article:modified_time\" content=\"2024-07-29T12:40:19+00:00\" \/>\n<meta property=\"og:image\" content=\"https:\/\/teiaeducation.ch\/wp-content\/uploads\/2021\/12\/Brass-candle-holder-Waldorf-celebrations-ring-accessory-Gluckskafer-2.jpg\" \/>\n\t<meta property=\"og:image:width\" content=\"922\" \/>\n\t<meta property=\"og:image:height\" content=\"900\" \/>\n\t<meta property=\"og:image:type\" content=\"image\/jpeg\" \/>\n<script type=\"application\/ld+json\" class=\"yoast-schema-graph\">{\"@context\":\"https:\/\/schema.org\",\"@graph\":[{\"@type\":\"WebPage\",\"@id\":\"https:\/\/teiaeducation.ch\/fr\/produit\/support-de-bougie-en-laiton-gluckskafer\/\",\"url\":\"https:\/\/teiaeducation.ch\/fr\/produit\/support-de-bougie-en-laiton-gluckskafer\/\",\"name\":\"Support de bougie en laiton - Gl\u00fccksk\u00e4fer\",\"isPartOf\":{\"@id\":\"https:\/\/teiaeducation.ch\/fr\/#website\"},\"primaryImageOfPage\":{\"@id\":\"https:\/\/teiaeducation.ch\/fr\/produit\/support-de-bougie-en-laiton-gluckskafer\/#primaryimage\"},\"image\":{\"@id\":\"https:\/\/teiaeducation.ch\/fr\/produit\/support-de-bougie-en-laiton-gluckskafer\/#primaryimage\"},\"thumbnailUrl\":\"https:\/\/teiaeducation.ch\/wp-content\/uploads\/2021\/12\/Brass-candle-holder-Waldorf-celebrations-ring-accessory-Gluckskafer-2.jpg\",\"datePublished\":\"2021-12-09T12:23:12+00:00\",\"dateModified\":\"2024-07-29T12:40:19+00:00\",\"description\":\"Support de bougie en laiton pour transformer votre anneau d\u2019anniversaire Gl\u00fccksk\u00e4fer, de l\u2019Avent, de No\u00ebl ou de c\u00e9l\u00e9bration Waldorf.\",\"breadcrumb\":{\"@id\":\"https:\/\/teiaeducation.ch\/fr\/produit\/support-de-bougie-en-laiton-gluckskafer\/#breadcrumb\"},\"inLanguage\":\"fr-FR\",\"potentialAction\":[{\"@type\":\"ReadAction\",\"target\":[\"https:\/\/teiaeducation.ch\/fr\/produit\/support-de-bougie-en-laiton-gluckskafer\/\"]}]},{\"@type\":\"ImageObject\",\"inLanguage\":\"fr-FR\",\"@id\":\"https:\/\/teiaeducation.ch\/fr\/produit\/support-de-bougie-en-laiton-gluckskafer\/#primaryimage\",\"url\":\"https:\/\/teiaeducation.ch\/wp-content\/uploads\/2021\/12\/Brass-candle-holder-Waldorf-celebrations-ring-accessory-Gluckskafer-2.jpg\",\"contentUrl\":\"https:\/\/teiaeducation.ch\/wp-content\/uploads\/2021\/12\/Brass-candle-holder-Waldorf-celebrations-ring-accessory-Gluckskafer-2.jpg\",\"width\":922,\"height\":900,\"caption\":\"Support de bougie en laiton \/ Accessoire pour anneau de c\u00e9l\u00e9bration Waldorf - Gl\u00fccksk\u00e4fer\"},{\"@type\":\"BreadcrumbList\",\"@id\":\"https:\/\/teiaeducation.ch\/fr\/produit\/support-de-bougie-en-laiton-gluckskafer\/#breadcrumb\",\"itemListElement\":[{\"@type\":\"ListItem\",\"position\":1,\"name\":\"Home\",\"item\":\"https:\/\/teiaeducation.ch\/fr\/\"},{\"@type\":\"ListItem\",\"position\":2,\"name\":\"Boutique Teia Education &amp; Play\",\"item\":\"https:\/\/teiaeducation.ch\/fr\/boutique\/\"},{\"@type\":\"ListItem\",\"position\":3,\"name\":\"Nos Marques\",\"item\":\"https:\/\/teiaeducation.ch\/fr\/categorie-produit\/marques\/\"},{\"@type\":\"ListItem\",\"position\":4,\"name\":\"Gl\u00fccksk\u00e4fer\",\"item\":\"https:\/\/teiaeducation.ch\/fr\/categorie-produit\/marques\/gluckskafer-fr\/\"},{\"@type\":\"ListItem\",\"position\":5,\"name\":\"Support de bougie en laiton &#8211; Gl\u00fccksk\u00e4fer\"}]},{\"@type\":\"WebSite\",\"@id\":\"https:\/\/teiaeducation.ch\/fr\/#website\",\"url\":\"https:\/\/teiaeducation.ch\/fr\/\",\"name\":\"Sustainable Educational Products &amp; Ecological Toys\u00a0\",\"description\":\"Specialised Swiss shop selling sustainable educational toys and games, AMI certified Montessori materials, handmade ecological wooden Waldorf toys and arts &amp; crafts supplies, school supplies, children&#039;s furniture and Montessori reference and parenting books.\",\"publisher\":{\"@id\":\"https:\/\/teiaeducation.ch\/fr\/#organization\"},\"alternateName\":\"Teia Education & Play\",\"potentialAction\":[{\"@type\":\"SearchAction\",\"target\":{\"@type\":\"EntryPoint\",\"urlTemplate\":\"https:\/\/teiaeducation.ch\/fr\/?s={search_term_string}\"},\"query-input\":{\"@type\":\"PropertyValueSpecification\",\"valueRequired\":true,\"valueName\":\"search_term_string\"}}],\"inLanguage\":\"fr-FR\"},{\"@type\":\"Organization\",\"@id\":\"https:\/\/teiaeducation.ch\/fr\/#organization\",\"name\":\"Teia Education & Play\",\"url\":\"https:\/\/teiaeducation.ch\/fr\/\",\"logo\":{\"@type\":\"ImageObject\",\"inLanguage\":\"fr-FR\",\"@id\":\"https:\/\/teiaeducation.ch\/fr\/#\/schema\/logo\/image\/\",\"url\":\"https:\/\/teiaeducation.ch\/wp-content\/uploads\/2020\/11\/Teia-Education-Switzerland-e1620156442216.jpg\",\"contentUrl\":\"https:\/\/teiaeducation.ch\/wp-content\/uploads\/2020\/11\/Teia-Education-Switzerland-e1620156442216.jpg\",\"width\":166,\"height\":145,\"caption\":\"Teia Education & Play\"},\"image\":{\"@id\":\"https:\/\/teiaeducation.ch\/fr\/#\/schema\/logo\/image\/\"},\"sameAs\":[\"https:\/\/www.facebook.com\/teiaeducation\/\",\"https:\/\/x.com\/EducationTeia\",\"https:\/\/www.instagram.com\/teia.education\/\",\"https:\/\/www.linkedin.com\/company\/35501660\",\"https:\/\/www.pinterest.ch\/TeiaEducation\/\"]}]}<\/script>\n<!-- \/ Yoast SEO plugin. -->","yoast_head_json":{"title":"Support de bougie en laiton - Gl\u00fccksk\u00e4fer","description":"Support de bougie en laiton pour transformer votre anneau d\u2019anniversaire Gl\u00fccksk\u00e4fer, de l\u2019Avent, de No\u00ebl ou de c\u00e9l\u00e9bration Waldorf.","robots":{"index":"index","follow":"follow","max-snippet":"max-snippet:-1","max-image-preview":"max-image-preview:large","max-video-preview":"max-video-preview:-1"},"canonical":"https:\/\/teiaeducation.ch\/fr\/produit\/support-de-bougie-en-laiton-gluckskafer\/","og_locale":"fr_FR","og_type":"article","og_title":"Support de bougie en laiton - Gl\u00fccksk\u00e4fer","og_description":"Support de bougie en laiton pour transformer votre anneau d\u2019anniversaire Gl\u00fccksk\u00e4fer, de l\u2019Avent, de No\u00ebl ou de c\u00e9l\u00e9bration Waldorf.","og_url":"https:\/\/teiaeducation.ch\/fr\/produit\/support-de-bougie-en-laiton-gluckskafer\/","og_site_name":"Sustainable Educational Products &amp; Ecological Toys\u00a0","article_publisher":"https:\/\/www.facebook.com\/teiaeducation\/","article_modified_time":"2024-07-29T12:40:19+00:00","og_image":[{"width":922,"height":900,"url":"https:\/\/teiaeducation.ch\/wp-content\/uploads\/2021\/12\/Brass-candle-holder-Waldorf-celebrations-ring-accessory-Gluckskafer-2.jpg","type":"image\/jpeg"}],"schema":{"@context":"https:\/\/schema.org","@graph":[{"@type":"WebPage","@id":"https:\/\/teiaeducation.ch\/fr\/produit\/support-de-bougie-en-laiton-gluckskafer\/","url":"https:\/\/teiaeducation.ch\/fr\/produit\/support-de-bougie-en-laiton-gluckskafer\/","name":"Support de bougie en laiton - Gl\u00fccksk\u00e4fer","isPartOf":{"@id":"https:\/\/teiaeducation.ch\/fr\/#website"},"primaryImageOfPage":{"@id":"https:\/\/teiaeducation.ch\/fr\/produit\/support-de-bougie-en-laiton-gluckskafer\/#primaryimage"},"image":{"@id":"https:\/\/teiaeducation.ch\/fr\/produit\/support-de-bougie-en-laiton-gluckskafer\/#primaryimage"},"thumbnailUrl":"https:\/\/teiaeducation.ch\/wp-content\/uploads\/2021\/12\/Brass-candle-holder-Waldorf-celebrations-ring-accessory-Gluckskafer-2.jpg","datePublished":"2021-12-09T12:23:12+00:00","dateModified":"2024-07-29T12:40:19+00:00","description":"Support de bougie en laiton pour transformer votre anneau d\u2019anniversaire Gl\u00fccksk\u00e4fer, de l\u2019Avent, de No\u00ebl ou de c\u00e9l\u00e9bration Waldorf.","breadcrumb":{"@id":"https:\/\/teiaeducation.ch\/fr\/produit\/support-de-bougie-en-laiton-gluckskafer\/#breadcrumb"},"inLanguage":"fr-FR","potentialAction":[{"@type":"ReadAction","target":["https:\/\/teiaeducation.ch\/fr\/produit\/support-de-bougie-en-laiton-gluckskafer\/"]}]},{"@type":"ImageObject","inLanguage":"fr-FR","@id":"https:\/\/teiaeducation.ch\/fr\/produit\/support-de-bougie-en-laiton-gluckskafer\/#primaryimage","url":"https:\/\/teiaeducation.ch\/wp-content\/uploads\/2021\/12\/Brass-candle-holder-Waldorf-celebrations-ring-accessory-Gluckskafer-2.jpg","contentUrl":"https:\/\/teiaeducation.ch\/wp-content\/uploads\/2021\/12\/Brass-candle-holder-Waldorf-celebrations-ring-accessory-Gluckskafer-2.jpg","width":922,"height":900,"caption":"Support de bougie en laiton \/ Accessoire pour anneau de c\u00e9l\u00e9bration Waldorf - Gl\u00fccksk\u00e4fer"},{"@type":"BreadcrumbList","@id":"https:\/\/teiaeducation.ch\/fr\/produit\/support-de-bougie-en-laiton-gluckskafer\/#breadcrumb","itemListElement":[{"@type":"ListItem","position":1,"name":"Home","item":"https:\/\/teiaeducation.ch\/fr\/"},{"@type":"ListItem","position":2,"name":"Boutique Teia Education &amp; Play","item":"https:\/\/teiaeducation.ch\/fr\/boutique\/"},{"@type":"ListItem","position":3,"name":"Nos Marques","item":"https:\/\/teiaeducation.ch\/fr\/categorie-produit\/marques\/"},{"@type":"ListItem","position":4,"name":"Gl\u00fccksk\u00e4fer","item":"https:\/\/teiaeducation.ch\/fr\/categorie-produit\/marques\/gluckskafer-fr\/"},{"@type":"ListItem","position":5,"name":"Support de bougie en laiton &#8211; Gl\u00fccksk\u00e4fer"}]},{"@type":"WebSite","@id":"https:\/\/teiaeducation.ch\/fr\/#website","url":"https:\/\/teiaeducation.ch\/fr\/","name":"Sustainable Educational Products &amp; Ecological Toys\u00a0","description":"Specialised Swiss shop selling sustainable educational toys and games, AMI certified Montessori materials, handmade ecological wooden Waldorf toys and arts &amp; crafts supplies, school supplies, children&#039;s furniture and Montessori reference and parenting books.","publisher":{"@id":"https:\/\/teiaeducation.ch\/fr\/#organization"},"alternateName":"Teia Education & Play","potentialAction":[{"@type":"SearchAction","target":{"@type":"EntryPoint","urlTemplate":"https:\/\/teiaeducation.ch\/fr\/?s={search_term_string}"},"query-input":{"@type":"PropertyValueSpecification","valueRequired":true,"valueName":"search_term_string"}}],"inLanguage":"fr-FR"},{"@type":"Organization","@id":"https:\/\/teiaeducation.ch\/fr\/#organization","name":"Teia Education & Play","url":"https:\/\/teiaeducation.ch\/fr\/","logo":{"@type":"ImageObject","inLanguage":"fr-FR","@id":"https:\/\/teiaeducation.ch\/fr\/#\/schema\/logo\/image\/","url":"https:\/\/teiaeducation.ch\/wp-content\/uploads\/2020\/11\/Teia-Education-Switzerland-e1620156442216.jpg","contentUrl":"https:\/\/teiaeducation.ch\/wp-content\/uploads\/2020\/11\/Teia-Education-Switzerland-e1620156442216.jpg","width":166,"height":145,"caption":"Teia Education & Play"},"image":{"@id":"https:\/\/teiaeducation.ch\/fr\/#\/schema\/logo\/image\/"},"sameAs":["https:\/\/www.facebook.com\/teiaeducation\/","https:\/\/x.com\/EducationTeia","https:\/\/www.instagram.com\/teia.education\/","https:\/\/www.linkedin.com\/company\/35501660","https:\/\/www.pinterest.ch\/TeiaEducation\/"]}]}},"_links":{"self":[{"href":"https:\/\/teiaeducation.ch\/fr\/wp-json\/wp\/v2\/product\/42976","targetHints":{"allow":["GET"]}}],"collection":[{"href":"https:\/\/teiaeducation.ch\/fr\/wp-json\/wp\/v2\/product"}],"about":[{"href":"https:\/\/teiaeducation.ch\/fr\/wp-json\/wp\/v2\/types\/product"}],"replies":[{"embeddable":true,"href":"https:\/\/teiaeducation.ch\/fr\/wp-json\/wp\/v2\/comments?post=42976"}],"wp:featuredmedia":[{"embeddable":true,"href":"https:\/\/teiaeducation.ch\/fr\/wp-json\/wp\/v2\/media\/42985"}],"wp:attachment":[{"href":"https:\/\/teiaeducation.ch\/fr\/wp-json\/wp\/v2\/media?parent=42976"}],"wp:term":[{"taxonomy":"product_brand","embeddable":true,"href":"https:\/\/teiaeducation.ch\/fr\/wp-json\/wp\/v2\/product_brand?post=42976"},{"taxonomy":"product_cat","embeddable":true,"href":"https:\/\/teiaeducation.ch\/fr\/wp-json\/wp\/v2\/product_cat?post=42976"},{"taxonomy":"product_tag","embeddable":true,"href":"https:\/\/teiaeducation.ch\/fr\/wp-json\/wp\/v2\/product_tag?post=42976"}],"curies":[{"name":"wp","href":"https:\/\/api.w.org\/{rel}","templated":true}]}}