{"id":43840,"date":"2019-02-02T13:49:56","date_gmt":"2019-02-02T12:49:56","guid":{"rendered":"https:\/\/teiaeducation.ch\/?post_type=product&#038;p=43840"},"modified":"2022-03-10T13:01:51","modified_gmt":"2022-03-10T12:01:51","slug":"livret-le-petit-poisson-nienhuis-montessori","status":"publish","type":"product","link":"https:\/\/teiaeducation.ch\/fr\/produit\/livret-le-petit-poisson-nienhuis-montessori\/","title":{"rendered":"Livret : le petit poisson &#8211; Nienhuis Montessori"},"content":{"rendered":"<p>Le livret de Nienhuis Montessori \u201cle petit poisson\u201d est un grand conte cosmique de Petra Braun \u201csur le poisson\u201d. Ce livret fait partie de la s\u00e9rie des grands contes cosmiques de Nienhuis Montessori, qui sont bas\u00e9s sur les grandes le\u00e7ons de Maria Montessori et encouragent les jeunes enfants \u00e0 en savoir plus sur la <a href=\"https:\/\/teiaeducation.ch\/fr\/categorie-produit\/domaines-du-curriculum\/culture-sciences\/la-science\/\">science<\/a> et l\u2019histoire. La s\u00e9rie comprend 10 livrets au total : la petite m\u00e9duse, le petit trilobite, le petit corail, le petit lys de mer, le petit poisson, le petit amphibien, le petit dinosaure, la petite libellule, le petit oiseau et le petit cheval. (disponible s\u00e9par\u00e9ment)<\/p>\n<p>En \u00e9coutant les histoires des livrets, les petits enfants de l\u2019\u00e9cole primaire peuvent d\u00e9couvrir le monde qui les entoure tout en am\u00e9liorant leur vocabulaire et leur concentration. Chaque livret de la s\u00e9rie des grands contes cosmiques contient des textes faciles \u00e0 comprendre et des images r\u00e9alistes utilis\u00e9es pour illustrer les histoires, soutenant ainsi l\u2019imagination de l\u2019enfant. Les livrets peuvent \u00e9galement servir de support au programme scolaire en tant qu\u2019introduction aux le\u00e7ons et \u00e0 l\u2019\u00e9tude d\u2019objets li\u00e9s au conte, comme par exemple le <a href=\"https:\/\/teiaeducation.ch\/fr\/produit\/le-ruban-noir-nienhuis-montessori\/\">ruban noir<\/a> Nienhuis Montessori. Les livrets de grands contes cosmiques sont \u00e9galement adapt\u00e9s \u00e0 la lecture individuelle par des enfants plus \u00e2g\u00e9s.<\/p>\n<p>Ce livret convient aux enfants \u00e2g\u00e9s de 4 ans et plus.<\/p>\n<p>Contenu:<\/p>\n<p>1 livret (14 x 14 cm)<\/p>\n","protected":false},"excerpt":{"rendered":"<p>Num\u00e9ro d&#8217;article: 523221<\/p>\n<p>Le livret le petit poisson de Nienhuis Montessori est un grand conte cosmique de Petra Braun bas\u00e9 sur les grandes le\u00e7ons de Maria Montessori.<\/p>\n","protected":false},"featured_media":43842,"comment_status":"closed","ping_status":"closed","template":"","meta":[],"product_brand":[],"product_cat":[215,216,285,284,283,8526,592,763,299,271,311,20663,20666,18912,8567,7595,1218,207,217,297,597,611,292,212,612],"product_tag":[1375,776,7609,22601,7610,7608,7619,7605,768,651,1287,7606,646,7620,803,767,647,7611,7607,7612],"class_list":{"0":"post-43840","1":"product","2":"type-product","3":"status-publish","4":"has-post-thumbnail","6":"product_cat-3-6-ans","7":"product_cat-6-12-ans","8":"product_cat-alphabetisation-langage","9":"product_cat-culture-sciences","10":"product_cat-domaines-du-curriculum","11":"product_cat-fournitures-scolaires-a-domicile","12":"product_cat-geographie-animale","13":"product_cat-la-science","14":"product_cat-lignes-du-temps","15":"product_cat-livres","16":"product_cat-livres-appui-au-curriculum","17":"product_cat-livres-de-contes","18":"product_cat-livres-montessori","19":"product_cat-livres-pour-enfants","20":"product_cat-materiel-scolaire-montessori","21":"product_cat-methode-deducation","22":"product_cat-montessori-fr","23":"product_cat-nienhuis-montessori-materiel-fr","24":"product_cat-marques","25":"product_cat-papier-livrets","26":"product_cat-prehistoire","27":"product_cat-raconter-des-histoires","28":"product_cat-appui-au-curriculum","29":"product_cat-tranche-dage","30":"product_cat-vocabulaire-fr","31":"product_tag-dr-maria-montessori-fr","32":"product_tag-heutink-international-suisse","33":"product_tag-histoires","34":"product_tag-le-petit-poisson-nienhuis-montessori","35":"product_tag-livre-montessori-fr-2","36":"product_tag-livres-et-plus","37":"product_tag-livret-montessori-le-petit-nenuphar","38":"product_tag-livret-nienhuis-montessori","39":"product_tag-materiel-montessori-suisse","40":"product_tag-materiel-pedagogique-suisse","41":"product_tag-montessori-histoire","42":"product_tag-montessori-la-terre-et-lunivers","43":"product_tag-montessori-materiels-suisse-fr","44":"product_tag-nienhuis-le-petit-nenuphar","45":"product_tag-nienhuis-montessori-fr","46":"product_tag-nienhuis-montessori-suisse-fr-2","47":"product_tag-nienhuis-montessori-suisse-fr","48":"product_tag-petra-braun-fr","49":"product_tag-pour-enfants","50":"product_tag-science-montessori","52":"first","53":"instock","54":"sold-individually","55":"taxable","56":"shipping-taxable","57":"purchasable","58":"product-type-simple"},"yoast_head":"<!-- This site is optimized with the Yoast SEO plugin v27.1.1 - https:\/\/yoast.com\/product\/yoast-seo-wordpress\/ -->\n<title>Livret : le petit poisson - Nienhuis Montessori - Teia Education &amp; Play<\/title>\n<meta name=\"description\" content=\"Le livret le petit poisson de Nienhuis Montessori est un grand conte cosmique de Petra Braun bas\u00e9 sur les grandes le\u00e7ons de Maria Montessori.\" \/>\n<meta name=\"robots\" content=\"index, follow, max-snippet:-1, max-image-preview:large, max-video-preview:-1\" \/>\n<link rel=\"canonical\" href=\"https:\/\/teiaeducation.ch\/fr\/produit\/livret-le-petit-poisson-nienhuis-montessori\/\" \/>\n<meta property=\"og:locale\" content=\"fr_FR\" \/>\n<meta property=\"og:type\" content=\"article\" \/>\n<meta property=\"og:title\" content=\"Livret : le petit poisson - Nienhuis Montessori - Teia Education &amp; Play\" \/>\n<meta property=\"og:description\" content=\"Le livret le petit poisson de Nienhuis Montessori est un grand conte cosmique de Petra Braun bas\u00e9 sur les grandes le\u00e7ons de Maria Montessori.\" \/>\n<meta property=\"og:url\" content=\"https:\/\/teiaeducation.ch\/fr\/produit\/livret-le-petit-poisson-nienhuis-montessori\/\" \/>\n<meta property=\"og:site_name\" content=\"Sustainable Educational Products &amp; Ecological Toys\u00a0\" \/>\n<meta property=\"article:publisher\" content=\"https:\/\/www.facebook.com\/teiaeducation\/\" \/>\n<meta property=\"article:modified_time\" content=\"2022-03-10T12:01:51+00:00\" \/>\n<meta property=\"og:image\" content=\"https:\/\/teiaeducation.ch\/wp-content\/uploads\/2022\/02\/Booklet-the-little-fish-Nienhuis-Montessori.jpg\" \/>\n\t<meta property=\"og:image:width\" content=\"800\" \/>\n\t<meta property=\"og:image:height\" content=\"800\" \/>\n\t<meta property=\"og:image:type\" content=\"image\/jpeg\" \/>\n<script type=\"application\/ld+json\" class=\"yoast-schema-graph\">{\"@context\":\"https:\/\/schema.org\",\"@graph\":[{\"@type\":\"WebPage\",\"@id\":\"https:\/\/teiaeducation.ch\/fr\/produit\/livret-le-petit-poisson-nienhuis-montessori\/\",\"url\":\"https:\/\/teiaeducation.ch\/fr\/produit\/livret-le-petit-poisson-nienhuis-montessori\/\",\"name\":\"Livret : le petit poisson - Nienhuis Montessori - Teia Education & Play\",\"isPartOf\":{\"@id\":\"https:\/\/teiaeducation.ch\/fr\/#website\"},\"primaryImageOfPage\":{\"@id\":\"https:\/\/teiaeducation.ch\/fr\/produit\/livret-le-petit-poisson-nienhuis-montessori\/#primaryimage\"},\"image\":{\"@id\":\"https:\/\/teiaeducation.ch\/fr\/produit\/livret-le-petit-poisson-nienhuis-montessori\/#primaryimage\"},\"thumbnailUrl\":\"https:\/\/teiaeducation.ch\/wp-content\/uploads\/2022\/02\/Booklet-the-little-fish-Nienhuis-Montessori.jpg\",\"datePublished\":\"2019-02-02T12:49:56+00:00\",\"dateModified\":\"2022-03-10T12:01:51+00:00\",\"description\":\"Le livret le petit poisson de Nienhuis Montessori est un grand conte cosmique de Petra Braun bas\u00e9 sur les grandes le\u00e7ons de Maria Montessori.\",\"breadcrumb\":{\"@id\":\"https:\/\/teiaeducation.ch\/fr\/produit\/livret-le-petit-poisson-nienhuis-montessori\/#breadcrumb\"},\"inLanguage\":\"fr-FR\",\"potentialAction\":[{\"@type\":\"ReadAction\",\"target\":[\"https:\/\/teiaeducation.ch\/fr\/produit\/livret-le-petit-poisson-nienhuis-montessori\/\"]}]},{\"@type\":\"ImageObject\",\"inLanguage\":\"fr-FR\",\"@id\":\"https:\/\/teiaeducation.ch\/fr\/produit\/livret-le-petit-poisson-nienhuis-montessori\/#primaryimage\",\"url\":\"https:\/\/teiaeducation.ch\/wp-content\/uploads\/2022\/02\/Booklet-the-little-fish-Nienhuis-Montessori.jpg\",\"contentUrl\":\"https:\/\/teiaeducation.ch\/wp-content\/uploads\/2022\/02\/Booklet-the-little-fish-Nienhuis-Montessori.jpg\",\"width\":800,\"height\":800,\"caption\":\"Livret le petit poisson - Nienhuis Montessori\"},{\"@type\":\"BreadcrumbList\",\"@id\":\"https:\/\/teiaeducation.ch\/fr\/produit\/livret-le-petit-poisson-nienhuis-montessori\/#breadcrumb\",\"itemListElement\":[{\"@type\":\"ListItem\",\"position\":1,\"name\":\"Home\",\"item\":\"https:\/\/teiaeducation.ch\/fr\/\"},{\"@type\":\"ListItem\",\"position\":2,\"name\":\"Boutique Teia Education &amp; Play\",\"item\":\"https:\/\/teiaeducation.ch\/fr\/boutique\/\"},{\"@type\":\"ListItem\",\"position\":3,\"name\":\"Domaines du Curriculum\",\"item\":\"https:\/\/teiaeducation.ch\/fr\/categorie-produit\/domaines-du-curriculum\/\"},{\"@type\":\"ListItem\",\"position\":4,\"name\":\"Culture &amp; Sciences\",\"item\":\"https:\/\/teiaeducation.ch\/fr\/categorie-produit\/domaines-du-curriculum\/culture-sciences\/\"},{\"@type\":\"ListItem\",\"position\":5,\"name\":\"G\u00e9ographie Animale\",\"item\":\"https:\/\/teiaeducation.ch\/fr\/categorie-produit\/domaines-du-curriculum\/culture-sciences\/geographie-animale\/\"},{\"@type\":\"ListItem\",\"position\":6,\"name\":\"Livret : le petit poisson &#8211; Nienhuis Montessori\"}]},{\"@type\":\"WebSite\",\"@id\":\"https:\/\/teiaeducation.ch\/fr\/#website\",\"url\":\"https:\/\/teiaeducation.ch\/fr\/\",\"name\":\"Sustainable Educational Products &amp; Ecological Toys\u00a0\",\"description\":\"Specialised Swiss shop selling sustainable educational toys and games, AMI certified Montessori materials, handmade ecological wooden Waldorf toys and arts &amp; crafts supplies, school supplies, children&#039;s furniture and Montessori reference and parenting books.\",\"publisher\":{\"@id\":\"https:\/\/teiaeducation.ch\/fr\/#organization\"},\"alternateName\":\"Teia Education & Play\",\"potentialAction\":[{\"@type\":\"SearchAction\",\"target\":{\"@type\":\"EntryPoint\",\"urlTemplate\":\"https:\/\/teiaeducation.ch\/fr\/?s={search_term_string}\"},\"query-input\":{\"@type\":\"PropertyValueSpecification\",\"valueRequired\":true,\"valueName\":\"search_term_string\"}}],\"inLanguage\":\"fr-FR\"},{\"@type\":\"Organization\",\"@id\":\"https:\/\/teiaeducation.ch\/fr\/#organization\",\"name\":\"Teia Education & Play\",\"url\":\"https:\/\/teiaeducation.ch\/fr\/\",\"logo\":{\"@type\":\"ImageObject\",\"inLanguage\":\"fr-FR\",\"@id\":\"https:\/\/teiaeducation.ch\/fr\/#\/schema\/logo\/image\/\",\"url\":\"https:\/\/teiaeducation.ch\/wp-content\/uploads\/2020\/11\/Teia-Education-Switzerland-e1620156442216.jpg\",\"contentUrl\":\"https:\/\/teiaeducation.ch\/wp-content\/uploads\/2020\/11\/Teia-Education-Switzerland-e1620156442216.jpg\",\"width\":166,\"height\":145,\"caption\":\"Teia Education & Play\"},\"image\":{\"@id\":\"https:\/\/teiaeducation.ch\/fr\/#\/schema\/logo\/image\/\"},\"sameAs\":[\"https:\/\/www.facebook.com\/teiaeducation\/\",\"https:\/\/x.com\/EducationTeia\",\"https:\/\/www.instagram.com\/teia.education\/\",\"https:\/\/www.linkedin.com\/company\/35501660\",\"https:\/\/www.pinterest.ch\/TeiaEducation\/\"]}]}<\/script>\n<!-- \/ Yoast SEO plugin. -->","yoast_head_json":{"title":"Livret : le petit poisson - Nienhuis Montessori - Teia Education & Play","description":"Le livret le petit poisson de Nienhuis Montessori est un grand conte cosmique de Petra Braun bas\u00e9 sur les grandes le\u00e7ons de Maria Montessori.","robots":{"index":"index","follow":"follow","max-snippet":"max-snippet:-1","max-image-preview":"max-image-preview:large","max-video-preview":"max-video-preview:-1"},"canonical":"https:\/\/teiaeducation.ch\/fr\/produit\/livret-le-petit-poisson-nienhuis-montessori\/","og_locale":"fr_FR","og_type":"article","og_title":"Livret : le petit poisson - Nienhuis Montessori - Teia Education & Play","og_description":"Le livret le petit poisson de Nienhuis Montessori est un grand conte cosmique de Petra Braun bas\u00e9 sur les grandes le\u00e7ons de Maria Montessori.","og_url":"https:\/\/teiaeducation.ch\/fr\/produit\/livret-le-petit-poisson-nienhuis-montessori\/","og_site_name":"Sustainable Educational Products &amp; Ecological Toys\u00a0","article_publisher":"https:\/\/www.facebook.com\/teiaeducation\/","article_modified_time":"2022-03-10T12:01:51+00:00","og_image":[{"width":800,"height":800,"url":"https:\/\/teiaeducation.ch\/wp-content\/uploads\/2022\/02\/Booklet-the-little-fish-Nienhuis-Montessori.jpg","type":"image\/jpeg"}],"schema":{"@context":"https:\/\/schema.org","@graph":[{"@type":"WebPage","@id":"https:\/\/teiaeducation.ch\/fr\/produit\/livret-le-petit-poisson-nienhuis-montessori\/","url":"https:\/\/teiaeducation.ch\/fr\/produit\/livret-le-petit-poisson-nienhuis-montessori\/","name":"Livret : le petit poisson - Nienhuis Montessori - Teia Education & Play","isPartOf":{"@id":"https:\/\/teiaeducation.ch\/fr\/#website"},"primaryImageOfPage":{"@id":"https:\/\/teiaeducation.ch\/fr\/produit\/livret-le-petit-poisson-nienhuis-montessori\/#primaryimage"},"image":{"@id":"https:\/\/teiaeducation.ch\/fr\/produit\/livret-le-petit-poisson-nienhuis-montessori\/#primaryimage"},"thumbnailUrl":"https:\/\/teiaeducation.ch\/wp-content\/uploads\/2022\/02\/Booklet-the-little-fish-Nienhuis-Montessori.jpg","datePublished":"2019-02-02T12:49:56+00:00","dateModified":"2022-03-10T12:01:51+00:00","description":"Le livret le petit poisson de Nienhuis Montessori est un grand conte cosmique de Petra Braun bas\u00e9 sur les grandes le\u00e7ons de Maria Montessori.","breadcrumb":{"@id":"https:\/\/teiaeducation.ch\/fr\/produit\/livret-le-petit-poisson-nienhuis-montessori\/#breadcrumb"},"inLanguage":"fr-FR","potentialAction":[{"@type":"ReadAction","target":["https:\/\/teiaeducation.ch\/fr\/produit\/livret-le-petit-poisson-nienhuis-montessori\/"]}]},{"@type":"ImageObject","inLanguage":"fr-FR","@id":"https:\/\/teiaeducation.ch\/fr\/produit\/livret-le-petit-poisson-nienhuis-montessori\/#primaryimage","url":"https:\/\/teiaeducation.ch\/wp-content\/uploads\/2022\/02\/Booklet-the-little-fish-Nienhuis-Montessori.jpg","contentUrl":"https:\/\/teiaeducation.ch\/wp-content\/uploads\/2022\/02\/Booklet-the-little-fish-Nienhuis-Montessori.jpg","width":800,"height":800,"caption":"Livret le petit poisson - Nienhuis Montessori"},{"@type":"BreadcrumbList","@id":"https:\/\/teiaeducation.ch\/fr\/produit\/livret-le-petit-poisson-nienhuis-montessori\/#breadcrumb","itemListElement":[{"@type":"ListItem","position":1,"name":"Home","item":"https:\/\/teiaeducation.ch\/fr\/"},{"@type":"ListItem","position":2,"name":"Boutique Teia Education &amp; Play","item":"https:\/\/teiaeducation.ch\/fr\/boutique\/"},{"@type":"ListItem","position":3,"name":"Domaines du Curriculum","item":"https:\/\/teiaeducation.ch\/fr\/categorie-produit\/domaines-du-curriculum\/"},{"@type":"ListItem","position":4,"name":"Culture &amp; Sciences","item":"https:\/\/teiaeducation.ch\/fr\/categorie-produit\/domaines-du-curriculum\/culture-sciences\/"},{"@type":"ListItem","position":5,"name":"G\u00e9ographie Animale","item":"https:\/\/teiaeducation.ch\/fr\/categorie-produit\/domaines-du-curriculum\/culture-sciences\/geographie-animale\/"},{"@type":"ListItem","position":6,"name":"Livret : le petit poisson &#8211; Nienhuis Montessori"}]},{"@type":"WebSite","@id":"https:\/\/teiaeducation.ch\/fr\/#website","url":"https:\/\/teiaeducation.ch\/fr\/","name":"Sustainable Educational Products &amp; Ecological Toys\u00a0","description":"Specialised Swiss shop selling sustainable educational toys and games, AMI certified Montessori materials, handmade ecological wooden Waldorf toys and arts &amp; crafts supplies, school supplies, children&#039;s furniture and Montessori reference and parenting books.","publisher":{"@id":"https:\/\/teiaeducation.ch\/fr\/#organization"},"alternateName":"Teia Education & Play","potentialAction":[{"@type":"SearchAction","target":{"@type":"EntryPoint","urlTemplate":"https:\/\/teiaeducation.ch\/fr\/?s={search_term_string}"},"query-input":{"@type":"PropertyValueSpecification","valueRequired":true,"valueName":"search_term_string"}}],"inLanguage":"fr-FR"},{"@type":"Organization","@id":"https:\/\/teiaeducation.ch\/fr\/#organization","name":"Teia Education & Play","url":"https:\/\/teiaeducation.ch\/fr\/","logo":{"@type":"ImageObject","inLanguage":"fr-FR","@id":"https:\/\/teiaeducation.ch\/fr\/#\/schema\/logo\/image\/","url":"https:\/\/teiaeducation.ch\/wp-content\/uploads\/2020\/11\/Teia-Education-Switzerland-e1620156442216.jpg","contentUrl":"https:\/\/teiaeducation.ch\/wp-content\/uploads\/2020\/11\/Teia-Education-Switzerland-e1620156442216.jpg","width":166,"height":145,"caption":"Teia Education & Play"},"image":{"@id":"https:\/\/teiaeducation.ch\/fr\/#\/schema\/logo\/image\/"},"sameAs":["https:\/\/www.facebook.com\/teiaeducation\/","https:\/\/x.com\/EducationTeia","https:\/\/www.instagram.com\/teia.education\/","https:\/\/www.linkedin.com\/company\/35501660","https:\/\/www.pinterest.ch\/TeiaEducation\/"]}]}},"_links":{"self":[{"href":"https:\/\/teiaeducation.ch\/fr\/wp-json\/wp\/v2\/product\/43840","targetHints":{"allow":["GET"]}}],"collection":[{"href":"https:\/\/teiaeducation.ch\/fr\/wp-json\/wp\/v2\/product"}],"about":[{"href":"https:\/\/teiaeducation.ch\/fr\/wp-json\/wp\/v2\/types\/product"}],"replies":[{"embeddable":true,"href":"https:\/\/teiaeducation.ch\/fr\/wp-json\/wp\/v2\/comments?post=43840"}],"wp:featuredmedia":[{"embeddable":true,"href":"https:\/\/teiaeducation.ch\/fr\/wp-json\/wp\/v2\/media\/43842"}],"wp:attachment":[{"href":"https:\/\/teiaeducation.ch\/fr\/wp-json\/wp\/v2\/media?parent=43840"}],"wp:term":[{"taxonomy":"product_brand","embeddable":true,"href":"https:\/\/teiaeducation.ch\/fr\/wp-json\/wp\/v2\/product_brand?post=43840"},{"taxonomy":"product_cat","embeddable":true,"href":"https:\/\/teiaeducation.ch\/fr\/wp-json\/wp\/v2\/product_cat?post=43840"},{"taxonomy":"product_tag","embeddable":true,"href":"https:\/\/teiaeducation.ch\/fr\/wp-json\/wp\/v2\/product_tag?post=43840"}],"curies":[{"name":"wp","href":"https:\/\/api.w.org\/{rel}","templated":true}]}}