{"id":4615,"date":"2019-02-14T22:34:47","date_gmt":"2019-02-14T21:34:47","guid":{"rendered":"https:\/\/teiaeducation.ch\/product\/loto-de-comprehension-moities-educo\/"},"modified":"2021-05-04T17:22:57","modified_gmt":"2021-05-04T15:22:57","slug":"loto-de-comprehension-moities-educo","status":"publish","type":"product","link":"https:\/\/teiaeducation.ch\/fr\/produit\/loto-de-comprehension-moities-educo\/","title":{"rendered":"Loto de compr\u00e9hension: moiti\u00e9s &#8211; Educo"},"content":{"rendered":"<p><span class=\"tlid-translation translation\"><span class=\"\" title=\"\">Loto de compr\u00e9hension: moiti\u00e9s &#8211; Educo<\/span><\/span><\/p>\n<p><span class=\"tlid-translation translation\"><span class=\"\" title=\"\">Le loto de compr\u00e9hension des moiti\u00e9s de Educo est adapt\u00e9 aux petits enfants et d\u00e9veloppe une discrimination visuelle bas\u00e9e sur les formes, la couleur, la taille et la position.<\/span><\/span><\/p>\n<p><span class=\"tlid-translation translation\"><span title=\"\">Ce mat\u00e9riel convient aux enfants \u00e2g\u00e9s de 2 ans et plus.<\/span><\/span><\/p>\n<p><span title=\"\">Contenu:<\/span><\/p>\n<p><span title=\"\">16 cartes en plastique<\/span><br \/>\n<span class=\"\" title=\"\">1 cadre en bois (34 x 34 cm)<\/span><\/p>\n<p><em><span class=\"tlid-translation translation\" lang=\"fr\"><span title=\"\">Nous n'avons actuellement pas cet article en stock, mais il est disponible en pr\u00e9-commande.<\/span> <span class=\"\" title=\"\">Nous commanderons cet article pour vous aupr\u00e8s de notre fournisseur.<\/span> <span class=\"\" title=\"\">Veuillez allouer de 2 \u00e0 3 semaines maximum pour la livraison.<\/span><\/span><\/em><\/p>\n\t<div id=\"gap-251460147\" class=\"gap-element clearfix\" style=\"display:block; height:auto;\">\n\t\t\n<style>\n#gap-251460147 {\n  padding-top: 20px;\n}\n<\/style>\n\t<\/div>\n\t\n","protected":false},"excerpt":{"rendered":"<p><span id=\"result_box\" class=\"short_text\" lang=\"fr\"><span class=\"\">Num\u00e9ro d\u2019article:<\/span><\/span> E522289<\/p>\n","protected":false},"featured_media":4117,"comment_status":"closed","ping_status":"closed","template":"","meta":[],"product_brand":[],"product_cat":[208,285,283,224,8526,17242,225,8572,1220,232,217,212,612],"product_tag":[787,775,776,650,789,788,651,783],"class_list":{"0":"post-4615","1":"product","2":"type-product","3":"status-publish","4":"has-post-thumbnail","6":"product_cat-1-3-ans","7":"product_cat-alphabetisation-langage","8":"product_cat-domaines-du-curriculum","9":"product_cat-educo-fr","10":"product_cat-fournitures-scolaires-a-domicile","11":"product_cat-guide-cadeaux-1-3-ans","12":"product_cat-jeu-de-langage","13":"product_cat-jeu-et-apprentissage-pour-bebes-et-jeunes-enfants","14":"product_cat-traditionnelle","15":"product_cat-mots-vocabulaire","16":"product_cat-marques","17":"product_cat-tranche-dage","18":"product_cat-vocabulaire-fr","19":"product_tag-educo-langage","20":"product_tag-educo-suisse","21":"product_tag-heutink-international-suisse","22":"product_tag-jouets-educatifs-suisse","23":"product_tag-loto-de-comprehension-educo","24":"product_tag-loto-de-tri-educo","25":"product_tag-materiel-pedagogique-suisse","26":"product_tag-materiels-educatifs-en-bois-educo","28":"first","29":"outofstock","30":"taxable","31":"shipping-taxable","32":"purchasable","33":"product-type-simple"},"yoast_head":"<!-- This site is optimized with the Yoast SEO plugin v27.1.1 - https:\/\/yoast.com\/product\/yoast-seo-wordpress\/ -->\n<title>Loto de compr\u00e9hension: moiti\u00e9s - Educo - Teia Education &amp; Play<\/title>\n<meta name=\"description\" content=\"Le loto de compr\u00e9hension des moiti\u00e9s de Educo d\u00e9veloppe une discrimination visuelle bas\u00e9e sur les formes, la couleur, la taille et la position.\" \/>\n<meta name=\"robots\" content=\"index, follow, max-snippet:-1, max-image-preview:large, max-video-preview:-1\" \/>\n<link rel=\"canonical\" href=\"https:\/\/teiaeducation.ch\/fr\/produit\/loto-de-comprehension-moities-educo\/\" \/>\n<meta property=\"og:locale\" content=\"fr_FR\" \/>\n<meta property=\"og:type\" content=\"article\" \/>\n<meta property=\"og:title\" content=\"Loto de compr\u00e9hension: moiti\u00e9s - Educo - Teia Education &amp; Play\" \/>\n<meta property=\"og:description\" content=\"Le loto de compr\u00e9hension des moiti\u00e9s de Educo d\u00e9veloppe une discrimination visuelle bas\u00e9e sur les formes, la couleur, la taille et la position.\" \/>\n<meta property=\"og:url\" content=\"https:\/\/teiaeducation.ch\/fr\/produit\/loto-de-comprehension-moities-educo\/\" \/>\n<meta property=\"og:site_name\" content=\"Sustainable Educational Products &amp; Ecological Toys\u00a0\" \/>\n<meta property=\"article:publisher\" content=\"https:\/\/www.facebook.com\/teiaeducation\/\" \/>\n<meta property=\"article:modified_time\" content=\"2021-05-04T15:22:57+00:00\" \/>\n<meta property=\"og:image\" content=\"https:\/\/teiaeducation.ch\/wp-content\/uploads\/2019\/02\/E522289.jpg\" \/>\n\t<meta property=\"og:image:width\" content=\"1519\" \/>\n\t<meta property=\"og:image:height\" content=\"1495\" \/>\n\t<meta property=\"og:image:type\" content=\"image\/jpeg\" \/>\n<script type=\"application\/ld+json\" class=\"yoast-schema-graph\">{\"@context\":\"https:\/\/schema.org\",\"@graph\":[{\"@type\":\"WebPage\",\"@id\":\"https:\/\/teiaeducation.ch\/fr\/produit\/loto-de-comprehension-moities-educo\/\",\"url\":\"https:\/\/teiaeducation.ch\/fr\/produit\/loto-de-comprehension-moities-educo\/\",\"name\":\"Loto de compr\u00e9hension: moiti\u00e9s - Educo - Teia Education & Play\",\"isPartOf\":{\"@id\":\"https:\/\/teiaeducation.ch\/fr\/#website\"},\"primaryImageOfPage\":{\"@id\":\"https:\/\/teiaeducation.ch\/fr\/produit\/loto-de-comprehension-moities-educo\/#primaryimage\"},\"image\":{\"@id\":\"https:\/\/teiaeducation.ch\/fr\/produit\/loto-de-comprehension-moities-educo\/#primaryimage\"},\"thumbnailUrl\":\"https:\/\/teiaeducation.ch\/wp-content\/uploads\/2019\/02\/E522289.jpg\",\"datePublished\":\"2019-02-14T21:34:47+00:00\",\"dateModified\":\"2021-05-04T15:22:57+00:00\",\"description\":\"Le loto de compr\u00e9hension des moiti\u00e9s de Educo d\u00e9veloppe une discrimination visuelle bas\u00e9e sur les formes, la couleur, la taille et la position.\",\"breadcrumb\":{\"@id\":\"https:\/\/teiaeducation.ch\/fr\/produit\/loto-de-comprehension-moities-educo\/#breadcrumb\"},\"inLanguage\":\"fr-FR\",\"potentialAction\":[{\"@type\":\"ReadAction\",\"target\":[\"https:\/\/teiaeducation.ch\/fr\/produit\/loto-de-comprehension-moities-educo\/\"]}]},{\"@type\":\"ImageObject\",\"inLanguage\":\"fr-FR\",\"@id\":\"https:\/\/teiaeducation.ch\/fr\/produit\/loto-de-comprehension-moities-educo\/#primaryimage\",\"url\":\"https:\/\/teiaeducation.ch\/wp-content\/uploads\/2019\/02\/E522289.jpg\",\"contentUrl\":\"https:\/\/teiaeducation.ch\/wp-content\/uploads\/2019\/02\/E522289.jpg\",\"width\":1519,\"height\":1495,\"caption\":\"Loto de compr\u00e9hension: moiti\u00e9s - Educo\"},{\"@type\":\"BreadcrumbList\",\"@id\":\"https:\/\/teiaeducation.ch\/fr\/produit\/loto-de-comprehension-moities-educo\/#breadcrumb\",\"itemListElement\":[{\"@type\":\"ListItem\",\"position\":1,\"name\":\"Home\",\"item\":\"https:\/\/teiaeducation.ch\/fr\/\"},{\"@type\":\"ListItem\",\"position\":2,\"name\":\"Boutique Teia Education &amp; Play\",\"item\":\"https:\/\/teiaeducation.ch\/fr\/boutique\/\"},{\"@type\":\"ListItem\",\"position\":3,\"name\":\"Nos Marques\",\"item\":\"https:\/\/teiaeducation.ch\/fr\/categorie-produit\/marques\/\"},{\"@type\":\"ListItem\",\"position\":4,\"name\":\"Educo\",\"item\":\"https:\/\/teiaeducation.ch\/fr\/categorie-produit\/marques\/educo-fr\/\"},{\"@type\":\"ListItem\",\"position\":5,\"name\":\"Jeu de Langage\",\"item\":\"https:\/\/teiaeducation.ch\/fr\/categorie-produit\/marques\/educo-fr\/jeu-de-langage\/\"},{\"@type\":\"ListItem\",\"position\":6,\"name\":\"Mots &amp; Vocabulaire\",\"item\":\"https:\/\/teiaeducation.ch\/fr\/categorie-produit\/marques\/educo-fr\/jeu-de-langage\/mots-vocabulaire\/\"},{\"@type\":\"ListItem\",\"position\":7,\"name\":\"Loto de compr\u00e9hension: moiti\u00e9s &#8211; Educo\"}]},{\"@type\":\"WebSite\",\"@id\":\"https:\/\/teiaeducation.ch\/fr\/#website\",\"url\":\"https:\/\/teiaeducation.ch\/fr\/\",\"name\":\"Sustainable Educational Products &amp; Ecological Toys\u00a0\",\"description\":\"Specialised Swiss shop selling sustainable educational toys and games, AMI certified Montessori materials, handmade ecological wooden Waldorf toys and arts &amp; crafts supplies, school supplies, children&#039;s furniture and Montessori reference and parenting books.\",\"publisher\":{\"@id\":\"https:\/\/teiaeducation.ch\/fr\/#organization\"},\"alternateName\":\"Teia Education & Play\",\"potentialAction\":[{\"@type\":\"SearchAction\",\"target\":{\"@type\":\"EntryPoint\",\"urlTemplate\":\"https:\/\/teiaeducation.ch\/fr\/?s={search_term_string}\"},\"query-input\":{\"@type\":\"PropertyValueSpecification\",\"valueRequired\":true,\"valueName\":\"search_term_string\"}}],\"inLanguage\":\"fr-FR\"},{\"@type\":\"Organization\",\"@id\":\"https:\/\/teiaeducation.ch\/fr\/#organization\",\"name\":\"Teia Education & Play\",\"url\":\"https:\/\/teiaeducation.ch\/fr\/\",\"logo\":{\"@type\":\"ImageObject\",\"inLanguage\":\"fr-FR\",\"@id\":\"https:\/\/teiaeducation.ch\/fr\/#\/schema\/logo\/image\/\",\"url\":\"https:\/\/teiaeducation.ch\/wp-content\/uploads\/2020\/11\/Teia-Education-Switzerland-e1620156442216.jpg\",\"contentUrl\":\"https:\/\/teiaeducation.ch\/wp-content\/uploads\/2020\/11\/Teia-Education-Switzerland-e1620156442216.jpg\",\"width\":166,\"height\":145,\"caption\":\"Teia Education & Play\"},\"image\":{\"@id\":\"https:\/\/teiaeducation.ch\/fr\/#\/schema\/logo\/image\/\"},\"sameAs\":[\"https:\/\/www.facebook.com\/teiaeducation\/\",\"https:\/\/x.com\/EducationTeia\",\"https:\/\/www.instagram.com\/teia.education\/\",\"https:\/\/www.linkedin.com\/company\/35501660\",\"https:\/\/www.pinterest.ch\/TeiaEducation\/\"]}]}<\/script>\n<!-- \/ Yoast SEO plugin. -->","yoast_head_json":{"title":"Loto de compr\u00e9hension: moiti\u00e9s - Educo - Teia Education & Play","description":"Le loto de compr\u00e9hension des moiti\u00e9s de Educo d\u00e9veloppe une discrimination visuelle bas\u00e9e sur les formes, la couleur, la taille et la position.","robots":{"index":"index","follow":"follow","max-snippet":"max-snippet:-1","max-image-preview":"max-image-preview:large","max-video-preview":"max-video-preview:-1"},"canonical":"https:\/\/teiaeducation.ch\/fr\/produit\/loto-de-comprehension-moities-educo\/","og_locale":"fr_FR","og_type":"article","og_title":"Loto de compr\u00e9hension: moiti\u00e9s - Educo - Teia Education & Play","og_description":"Le loto de compr\u00e9hension des moiti\u00e9s de Educo d\u00e9veloppe une discrimination visuelle bas\u00e9e sur les formes, la couleur, la taille et la position.","og_url":"https:\/\/teiaeducation.ch\/fr\/produit\/loto-de-comprehension-moities-educo\/","og_site_name":"Sustainable Educational Products &amp; Ecological Toys\u00a0","article_publisher":"https:\/\/www.facebook.com\/teiaeducation\/","article_modified_time":"2021-05-04T15:22:57+00:00","og_image":[{"width":1519,"height":1495,"url":"https:\/\/teiaeducation.ch\/wp-content\/uploads\/2019\/02\/E522289.jpg","type":"image\/jpeg"}],"schema":{"@context":"https:\/\/schema.org","@graph":[{"@type":"WebPage","@id":"https:\/\/teiaeducation.ch\/fr\/produit\/loto-de-comprehension-moities-educo\/","url":"https:\/\/teiaeducation.ch\/fr\/produit\/loto-de-comprehension-moities-educo\/","name":"Loto de compr\u00e9hension: moiti\u00e9s - Educo - Teia Education & Play","isPartOf":{"@id":"https:\/\/teiaeducation.ch\/fr\/#website"},"primaryImageOfPage":{"@id":"https:\/\/teiaeducation.ch\/fr\/produit\/loto-de-comprehension-moities-educo\/#primaryimage"},"image":{"@id":"https:\/\/teiaeducation.ch\/fr\/produit\/loto-de-comprehension-moities-educo\/#primaryimage"},"thumbnailUrl":"https:\/\/teiaeducation.ch\/wp-content\/uploads\/2019\/02\/E522289.jpg","datePublished":"2019-02-14T21:34:47+00:00","dateModified":"2021-05-04T15:22:57+00:00","description":"Le loto de compr\u00e9hension des moiti\u00e9s de Educo d\u00e9veloppe une discrimination visuelle bas\u00e9e sur les formes, la couleur, la taille et la position.","breadcrumb":{"@id":"https:\/\/teiaeducation.ch\/fr\/produit\/loto-de-comprehension-moities-educo\/#breadcrumb"},"inLanguage":"fr-FR","potentialAction":[{"@type":"ReadAction","target":["https:\/\/teiaeducation.ch\/fr\/produit\/loto-de-comprehension-moities-educo\/"]}]},{"@type":"ImageObject","inLanguage":"fr-FR","@id":"https:\/\/teiaeducation.ch\/fr\/produit\/loto-de-comprehension-moities-educo\/#primaryimage","url":"https:\/\/teiaeducation.ch\/wp-content\/uploads\/2019\/02\/E522289.jpg","contentUrl":"https:\/\/teiaeducation.ch\/wp-content\/uploads\/2019\/02\/E522289.jpg","width":1519,"height":1495,"caption":"Loto de compr\u00e9hension: moiti\u00e9s - Educo"},{"@type":"BreadcrumbList","@id":"https:\/\/teiaeducation.ch\/fr\/produit\/loto-de-comprehension-moities-educo\/#breadcrumb","itemListElement":[{"@type":"ListItem","position":1,"name":"Home","item":"https:\/\/teiaeducation.ch\/fr\/"},{"@type":"ListItem","position":2,"name":"Boutique Teia Education &amp; Play","item":"https:\/\/teiaeducation.ch\/fr\/boutique\/"},{"@type":"ListItem","position":3,"name":"Nos Marques","item":"https:\/\/teiaeducation.ch\/fr\/categorie-produit\/marques\/"},{"@type":"ListItem","position":4,"name":"Educo","item":"https:\/\/teiaeducation.ch\/fr\/categorie-produit\/marques\/educo-fr\/"},{"@type":"ListItem","position":5,"name":"Jeu de Langage","item":"https:\/\/teiaeducation.ch\/fr\/categorie-produit\/marques\/educo-fr\/jeu-de-langage\/"},{"@type":"ListItem","position":6,"name":"Mots &amp; Vocabulaire","item":"https:\/\/teiaeducation.ch\/fr\/categorie-produit\/marques\/educo-fr\/jeu-de-langage\/mots-vocabulaire\/"},{"@type":"ListItem","position":7,"name":"Loto de compr\u00e9hension: moiti\u00e9s &#8211; Educo"}]},{"@type":"WebSite","@id":"https:\/\/teiaeducation.ch\/fr\/#website","url":"https:\/\/teiaeducation.ch\/fr\/","name":"Sustainable Educational Products &amp; Ecological Toys\u00a0","description":"Specialised Swiss shop selling sustainable educational toys and games, AMI certified Montessori materials, handmade ecological wooden Waldorf toys and arts &amp; crafts supplies, school supplies, children&#039;s furniture and Montessori reference and parenting books.","publisher":{"@id":"https:\/\/teiaeducation.ch\/fr\/#organization"},"alternateName":"Teia Education & Play","potentialAction":[{"@type":"SearchAction","target":{"@type":"EntryPoint","urlTemplate":"https:\/\/teiaeducation.ch\/fr\/?s={search_term_string}"},"query-input":{"@type":"PropertyValueSpecification","valueRequired":true,"valueName":"search_term_string"}}],"inLanguage":"fr-FR"},{"@type":"Organization","@id":"https:\/\/teiaeducation.ch\/fr\/#organization","name":"Teia Education & Play","url":"https:\/\/teiaeducation.ch\/fr\/","logo":{"@type":"ImageObject","inLanguage":"fr-FR","@id":"https:\/\/teiaeducation.ch\/fr\/#\/schema\/logo\/image\/","url":"https:\/\/teiaeducation.ch\/wp-content\/uploads\/2020\/11\/Teia-Education-Switzerland-e1620156442216.jpg","contentUrl":"https:\/\/teiaeducation.ch\/wp-content\/uploads\/2020\/11\/Teia-Education-Switzerland-e1620156442216.jpg","width":166,"height":145,"caption":"Teia Education & Play"},"image":{"@id":"https:\/\/teiaeducation.ch\/fr\/#\/schema\/logo\/image\/"},"sameAs":["https:\/\/www.facebook.com\/teiaeducation\/","https:\/\/x.com\/EducationTeia","https:\/\/www.instagram.com\/teia.education\/","https:\/\/www.linkedin.com\/company\/35501660","https:\/\/www.pinterest.ch\/TeiaEducation\/"]}]}},"_links":{"self":[{"href":"https:\/\/teiaeducation.ch\/fr\/wp-json\/wp\/v2\/product\/4615","targetHints":{"allow":["GET"]}}],"collection":[{"href":"https:\/\/teiaeducation.ch\/fr\/wp-json\/wp\/v2\/product"}],"about":[{"href":"https:\/\/teiaeducation.ch\/fr\/wp-json\/wp\/v2\/types\/product"}],"replies":[{"embeddable":true,"href":"https:\/\/teiaeducation.ch\/fr\/wp-json\/wp\/v2\/comments?post=4615"}],"wp:featuredmedia":[{"embeddable":true,"href":"https:\/\/teiaeducation.ch\/fr\/wp-json\/wp\/v2\/media\/4117"}],"wp:attachment":[{"href":"https:\/\/teiaeducation.ch\/fr\/wp-json\/wp\/v2\/media?parent=4615"}],"wp:term":[{"taxonomy":"product_brand","embeddable":true,"href":"https:\/\/teiaeducation.ch\/fr\/wp-json\/wp\/v2\/product_brand?post=4615"},{"taxonomy":"product_cat","embeddable":true,"href":"https:\/\/teiaeducation.ch\/fr\/wp-json\/wp\/v2\/product_cat?post=4615"},{"taxonomy":"product_tag","embeddable":true,"href":"https:\/\/teiaeducation.ch\/fr\/wp-json\/wp\/v2\/product_tag?post=4615"}],"curies":[{"name":"wp","href":"https:\/\/api.w.org\/{rel}","templated":true}]}}