{"id":46253,"date":"2022-04-05T14:33:42","date_gmt":"2022-04-05T12:33:42","guid":{"rendered":"https:\/\/teiaeducation.ch\/?post_type=product&#038;p=46253"},"modified":"2022-04-12T12:38:18","modified_gmt":"2022-04-12T10:38:18","slug":"slow-down-puzzle-apaisant-rachel-williams","status":"publish","type":"product","link":"https:\/\/teiaeducation.ch\/fr\/produit\/slow-down-puzzle-apaisant-rachel-williams\/","title":{"rendered":"Slow down puzzle apaisant &#8211; Rachel Williams"},"content":{"rendered":"<p>Inspir\u00e9 du livre vedette de Rachel Williams, <a href=\"https:\/\/teiaeducation.ch\/fr\/produit\/livre-slow-down-rachel-williams\/\">slow down<\/a> : bring calm to a busy world with 50 nature stories, slow down&#8230; avec ce puzzle apaisant constitue une exploration visuelle fascinante du monde naturel qui change au fil des saisons.<\/p>\n<p>Avec un tout nouveau graphisme de la c\u00e9l\u00e8bre illustratrice Freya Hartas repr\u00e9sentant un ch\u00eane et ses animaux au fil des <a href=\"https:\/\/teiaeducation.ch\/fr\/categorie-produit\/domaines-du-curriculum\/culture-sciences\/saisons-meteo\/\">saisons<\/a>, ce magnifique puzzle de 100 pi\u00e8ces ouvrira les yeux des enfants \u00e0 de nouvelles fa\u00e7ons de voir le monde qui les entoure ! Ils seront \u00e9merveill\u00e9s, pi\u00e8ce par pi\u00e8ce, par les merveilles des saisons qui se d\u00e9voilent en compl\u00e9tant le puzzle.<\/p>\n<p><strong>\u00c0 propos de slow down:<\/strong><\/p>\n<p>Slow down est un beau livre qui encourage \u00e0 ralentir le rythme de l&#8217;enfance, en observant toutes les transformations magiques qui se produisent dans chaque journ\u00e9e. Tout autour de nous, la nature accomplit de v\u00e9ritables miracles. Chaque jour, heure par heure, des transformations se produisent, une nouvelle vie \u00e9merge, des choses apparemment impossibles se produisent ou les plan\u00e8tes et les mar\u00e9es se d\u00e9placent. Slow down pr\u00e9sente 50 histoires de nature qui aident les enfants \u00e0 rep\u00e9rer les merveilles de la nature.<\/p>\n<p>Souvent, dans l&#8217;agitation de la vie quotidienne, nous passons n\u00e9gligemment \u00e0 c\u00f4t\u00e9 de ces miracles de la vie quotidienne. Nous consid\u00e9rons beaucoup de choses comme allant de soi, mais nous ne savons pas ce qui se cache exactement derri\u00e8re. Gr\u00e2ce aux 50 petites histoires de ce livre, les enfants peuvent faire une pause et d\u00e9couvrir la nature en toute conscience. Chaque histoire raconte un petit \u00e9pisode de la nature et de la vie des animaux et des plantes : comment une \u00e9toile de mer marche sur le fond marin, la taupe creuse ses terriers, un canard apprend \u00e0 nager \u00e0 sa prog\u00e9niture, un arc-en-ciel ou un orage se forme, le t\u00eatard devient une grenouille, comment la lune change au cours du mois ou comment la ros\u00e9e s&#8217;accumule sur les feuilles le matin.<\/p>\n<p>Ce sont des histoires merveilleuses \u00e0 partager en famille et des aventures inspirantes d&#8217;exploration et de d\u00e9couverte dans la nature. Et ceux qui connaissent ces merveilles les prot\u00e9geront au lieu de les d\u00e9truire n\u00e9gligemment.<\/p>\n<p>Le puzzle apaisant slow down est recommand\u00e9 pour les enfants de 7 ans et plus, ainsi que pour les adultes.<\/p>\n<p>N\u00e9e en Australie, Rachel Williams a \u00e9tudi\u00e9 l&#8217;\u00e9criture cr\u00e9ative avant de devenir r\u00e9dactrice et \u00e9ditrice de livres pour enfants. Elle est l&#8217;auteur de nombreux livres pour enfants, dont Atlas des aventures d&#8217;animaux et Illuminature. Elle vit \u00e0 Londres avec ses enfants et a r\u00e9cemment fond\u00e9 la maison d&#8217;\u00e9dition &#8220;Magic Cat&#8221; avec Jenny Broom.<\/p>\n<p>Le puzzle apaisant slow down est publi\u00e9 par Magic Cat Publishing et contient de jolies illustrations de Freya Hartas.<\/p>\n<p>Contenu:<\/p>\n<p>1 puzzle de 100 pi\u00e8ces<br \/>\n1 grand poster d&#8217;image<br \/>\n1 bo\u00eete de rangement (22 x 22cm)<\/p>\n","protected":false},"excerpt":{"rendered":"<p>Num\u00e9ro d&#8217;article: 36455086<\/p>\n<p>Inspir\u00e9 du livre &#8220;slow down&#8221; de Rachel Williams, ce puzzle apaisant constitue une exploration visuelle du monde au fil des saisons.<\/p>\n","protected":false},"featured_media":46270,"comment_status":"open","ping_status":"closed","template":"","meta":[],"product_brand":[],"product_cat":[216,16898,22343,18893,22344,284,283,18919,593,592,21257,18913,13130,1220,18912,20660,7595,1218,217,5851,18970,24313,598,212],"product_tag":[22599,18916,18917,18911,18915,18918,22598,23063,18914,22597,23062],"class_list":{"0":"post-46253","1":"product","2":"type-product","3":"status-publish","4":"has-post-thumbnail","6":"product_cat-6-12-ans","7":"product_cat-collection-automne","8":"product_cat-collection-hiver","9":"product_cat-collection-printemps","10":"product_cat-collections-saisonnieres","11":"product_cat-culture-sciences","12":"product_cat-domaines-du-curriculum","13":"product_cat-editions-magic-cat","14":"product_cat-etudes-botaniques","15":"product_cat-geographie-animale","16":"product_cat-guides-cadeaux","17":"product_cat-jeu-de-la-nature","18":"product_cat-jouer","19":"product_cat-traditionnelle","20":"product_cat-livres-pour-enfants","21":"product_cat-livres-sur-la-nature","22":"product_cat-methode-deducation","23":"product_cat-montessori-fr","24":"product_cat-marques","25":"product_cat-nouveautes","26":"product_cat-puzzles-casse-tete","27":"product_cat-saint-valentin","28":"product_cat-saisons-meteo","29":"product_cat-tranche-dage","30":"product_tag-cartes-dactivites-sur-la-nature-en-pleine-conscience","31":"product_tag-histoires-de-la-nature","32":"product_tag-histoires-de-la-nature-pour-les-enfants","33":"product_tag-livre-de-lenfance-lente","34":"product_tag-livre-pour-enfants-slow-down","35":"product_tag-livres-calmes-pour-enfants","36":"product_tag-rachel-williams-fr","37":"product_tag-ralentir-avec-ce-puzzle-apaisant","38":"product_tag-ralentissez-rachel-williams","39":"product_tag-slow-down-30-cartes-dactivites-de-pleine-conscience-sur-la-nature","40":"product_tag-slow-down-puzzle-apaisant","42":"first","43":"instock","44":"taxable","45":"shipping-taxable","46":"purchasable","47":"product-type-simple"},"yoast_head":"<!-- This site is optimized with the Yoast SEO Premium plugin v25.8 (Yoast SEO v27.4) - https:\/\/yoast.com\/product\/yoast-seo-premium-wordpress\/ -->\n<title>Slow down puzzle apaisant - Rachel Williams - Teia Education &amp; Play<\/title>\n<meta name=\"description\" content=\"Inspir\u00e9 du livre &quot;slow down&quot; de Rachel Williams, ce puzzle apaisant constitue une exploration visuelle du monde au fil des saisons.\" \/>\n<meta name=\"robots\" content=\"index, follow, max-snippet:-1, max-image-preview:large, max-video-preview:-1\" \/>\n<link rel=\"canonical\" href=\"https:\/\/teiaeducation.ch\/fr\/produit\/slow-down-puzzle-apaisant-rachel-williams\/\" \/>\n<meta property=\"og:locale\" content=\"fr_FR\" \/>\n<meta property=\"og:type\" content=\"article\" \/>\n<meta property=\"og:title\" content=\"Slow down puzzle apaisant - Rachel Williams\" \/>\n<meta property=\"og:description\" content=\"Inspir\u00e9 du livre &quot;slow down&quot; de Rachel Williams, ce puzzle apaisant constitue une exploration visuelle du monde au fil des saisons.\" \/>\n<meta property=\"og:url\" content=\"https:\/\/teiaeducation.ch\/fr\/produit\/slow-down-puzzle-apaisant-rachel-williams\/\" \/>\n<meta property=\"og:site_name\" content=\"Sustainable Educational Products &amp; Ecological Toys\u00a0\" \/>\n<meta property=\"article:publisher\" content=\"https:\/\/www.facebook.com\/teiaeducation\/\" \/>\n<meta property=\"article:modified_time\" content=\"2022-04-12T10:38:18+00:00\" \/>\n<meta property=\"og:image\" content=\"https:\/\/teiaeducation.ch\/wp-content\/uploads\/2022\/04\/Slow-down-with-this-calming-puzzle-Rachel-Williams-.jpg\" \/>\n\t<meta property=\"og:image:width\" content=\"900\" \/>\n\t<meta property=\"og:image:height\" content=\"900\" \/>\n\t<meta property=\"og:image:type\" content=\"image\/jpeg\" \/>\n<script type=\"application\/ld+json\" class=\"yoast-schema-graph\">{\"@context\":\"https:\\\/\\\/schema.org\",\"@graph\":[{\"@type\":\"WebPage\",\"@id\":\"https:\\\/\\\/teiaeducation.ch\\\/fr\\\/produit\\\/slow-down-puzzle-apaisant-rachel-williams\\\/\",\"url\":\"https:\\\/\\\/teiaeducation.ch\\\/fr\\\/produit\\\/slow-down-puzzle-apaisant-rachel-williams\\\/\",\"name\":\"Slow down puzzle apaisant - Rachel Williams - Teia Education & Play\",\"isPartOf\":{\"@id\":\"https:\\\/\\\/teiaeducation.ch\\\/fr\\\/#website\"},\"primaryImageOfPage\":{\"@id\":\"https:\\\/\\\/teiaeducation.ch\\\/fr\\\/produit\\\/slow-down-puzzle-apaisant-rachel-williams\\\/#primaryimage\"},\"image\":{\"@id\":\"https:\\\/\\\/teiaeducation.ch\\\/fr\\\/produit\\\/slow-down-puzzle-apaisant-rachel-williams\\\/#primaryimage\"},\"thumbnailUrl\":\"https:\\\/\\\/teiaeducation.ch\\\/wp-content\\\/uploads\\\/2022\\\/04\\\/Slow-down-with-this-calming-puzzle-Rachel-Williams-.jpg\",\"datePublished\":\"2022-04-05T12:33:42+00:00\",\"dateModified\":\"2022-04-12T10:38:18+00:00\",\"description\":\"Inspir\u00e9 du livre \\\"slow down\\\" de Rachel Williams, ce puzzle apaisant constitue une exploration visuelle du monde au fil des saisons.\",\"breadcrumb\":{\"@id\":\"https:\\\/\\\/teiaeducation.ch\\\/fr\\\/produit\\\/slow-down-puzzle-apaisant-rachel-williams\\\/#breadcrumb\"},\"inLanguage\":\"fr-FR\",\"potentialAction\":[{\"@type\":\"ReadAction\",\"target\":[\"https:\\\/\\\/teiaeducation.ch\\\/fr\\\/produit\\\/slow-down-puzzle-apaisant-rachel-williams\\\/\"]}]},{\"@type\":\"ImageObject\",\"inLanguage\":\"fr-FR\",\"@id\":\"https:\\\/\\\/teiaeducation.ch\\\/fr\\\/produit\\\/slow-down-puzzle-apaisant-rachel-williams\\\/#primaryimage\",\"url\":\"https:\\\/\\\/teiaeducation.ch\\\/wp-content\\\/uploads\\\/2022\\\/04\\\/Slow-down-with-this-calming-puzzle-Rachel-Williams-.jpg\",\"contentUrl\":\"https:\\\/\\\/teiaeducation.ch\\\/wp-content\\\/uploads\\\/2022\\\/04\\\/Slow-down-with-this-calming-puzzle-Rachel-Williams-.jpg\",\"width\":900,\"height\":900,\"caption\":\"Slow down avec ce puzzle apaisant - Rachel Williams\"},{\"@type\":\"BreadcrumbList\",\"@id\":\"https:\\\/\\\/teiaeducation.ch\\\/fr\\\/produit\\\/slow-down-puzzle-apaisant-rachel-williams\\\/#breadcrumb\",\"itemListElement\":[{\"@type\":\"ListItem\",\"position\":1,\"name\":\"Home\",\"item\":\"https:\\\/\\\/teiaeducation.ch\\\/fr\\\/\"},{\"@type\":\"ListItem\",\"position\":2,\"name\":\"Boutique Teia Education &amp; Play\",\"item\":\"https:\\\/\\\/teiaeducation.ch\\\/fr\\\/boutique\\\/\"},{\"@type\":\"ListItem\",\"position\":3,\"name\":\"Nos Marques\",\"item\":\"https:\\\/\\\/teiaeducation.ch\\\/fr\\\/categorie-produit\\\/marques\\\/\"},{\"@type\":\"ListItem\",\"position\":4,\"name\":\"\u00c9ditions Magic Cat\",\"item\":\"https:\\\/\\\/teiaeducation.ch\\\/fr\\\/categorie-produit\\\/marques\\\/editions-magic-cat\\\/\"},{\"@type\":\"ListItem\",\"position\":5,\"name\":\"Slow down puzzle apaisant &#8211; Rachel Williams\"}]},{\"@type\":\"WebSite\",\"@id\":\"https:\\\/\\\/teiaeducation.ch\\\/fr\\\/#website\",\"url\":\"https:\\\/\\\/teiaeducation.ch\\\/fr\\\/\",\"name\":\"Sustainable Educational Products &amp; Ecological Toys\u00a0\",\"description\":\"Specialised Swiss shop selling sustainable educational toys and games, AMI certified Montessori materials, handmade ecological wooden Waldorf toys and arts &amp; crafts supplies, school supplies, children&#039;s furniture and Montessori reference and parenting books.\",\"publisher\":{\"@id\":\"https:\\\/\\\/teiaeducation.ch\\\/fr\\\/#organization\"},\"alternateName\":\"Teia Education & Play\",\"potentialAction\":[{\"@type\":\"SearchAction\",\"target\":{\"@type\":\"EntryPoint\",\"urlTemplate\":\"https:\\\/\\\/teiaeducation.ch\\\/fr\\\/?s={search_term_string}\"},\"query-input\":{\"@type\":\"PropertyValueSpecification\",\"valueRequired\":true,\"valueName\":\"search_term_string\"}}],\"inLanguage\":\"fr-FR\"},{\"@type\":\"Organization\",\"@id\":\"https:\\\/\\\/teiaeducation.ch\\\/fr\\\/#organization\",\"name\":\"Teia Education & Play\",\"url\":\"https:\\\/\\\/teiaeducation.ch\\\/fr\\\/\",\"logo\":{\"@type\":\"ImageObject\",\"inLanguage\":\"fr-FR\",\"@id\":\"https:\\\/\\\/teiaeducation.ch\\\/fr\\\/#\\\/schema\\\/logo\\\/image\\\/\",\"url\":\"https:\\\/\\\/teiaeducation.ch\\\/wp-content\\\/uploads\\\/2020\\\/11\\\/Teia-Education-Switzerland-e1620156442216.jpg\",\"contentUrl\":\"https:\\\/\\\/teiaeducation.ch\\\/wp-content\\\/uploads\\\/2020\\\/11\\\/Teia-Education-Switzerland-e1620156442216.jpg\",\"width\":166,\"height\":145,\"caption\":\"Teia Education & Play\"},\"image\":{\"@id\":\"https:\\\/\\\/teiaeducation.ch\\\/fr\\\/#\\\/schema\\\/logo\\\/image\\\/\"},\"sameAs\":[\"https:\\\/\\\/www.facebook.com\\\/teiaeducation\\\/\",\"https:\\\/\\\/x.com\\\/EducationTeia\",\"https:\\\/\\\/www.instagram.com\\\/teia.education\\\/\",\"https:\\\/\\\/www.linkedin.com\\\/company\\\/35501660\",\"https:\\\/\\\/www.pinterest.ch\\\/TeiaEducation\\\/\"]}]}<\/script>\n<meta property=\"product:price:amount\" content=\"33.50\" \/>\n<meta property=\"product:price:currency\" content=\"CHF\" \/>\n<meta property=\"og:availability\" content=\"instock\" \/>\n<meta property=\"product:availability\" content=\"instock\" \/>\n<meta property=\"product:retailer_item_id\" content=\"00000000000000000000000000000000000000000000035091\" \/>\n<meta property=\"product:condition\" content=\"new\" \/>\n<!-- \/ Yoast SEO Premium plugin. -->","yoast_head_json":{"title":"Slow down puzzle apaisant - Rachel Williams - Teia Education & Play","description":"Inspir\u00e9 du livre \"slow down\" de Rachel Williams, ce puzzle apaisant constitue une exploration visuelle du monde au fil des saisons.","robots":{"index":"index","follow":"follow","max-snippet":"max-snippet:-1","max-image-preview":"max-image-preview:large","max-video-preview":"max-video-preview:-1"},"canonical":"https:\/\/teiaeducation.ch\/fr\/produit\/slow-down-puzzle-apaisant-rachel-williams\/","og_locale":"fr_FR","og_type":"article","og_title":"Slow down puzzle apaisant - Rachel Williams","og_description":"Inspir\u00e9 du livre \"slow down\" de Rachel Williams, ce puzzle apaisant constitue une exploration visuelle du monde au fil des saisons.","og_url":"https:\/\/teiaeducation.ch\/fr\/produit\/slow-down-puzzle-apaisant-rachel-williams\/","og_site_name":"Sustainable Educational Products &amp; Ecological Toys\u00a0","article_publisher":"https:\/\/www.facebook.com\/teiaeducation\/","article_modified_time":"2022-04-12T10:38:18+00:00","og_image":[{"width":900,"height":900,"url":"https:\/\/teiaeducation.ch\/wp-content\/uploads\/2022\/04\/Slow-down-with-this-calming-puzzle-Rachel-Williams-.jpg","type":"image\/jpeg"}],"schema":{"@context":"https:\/\/schema.org","@graph":[{"@type":"WebPage","@id":"https:\/\/teiaeducation.ch\/fr\/produit\/slow-down-puzzle-apaisant-rachel-williams\/","url":"https:\/\/teiaeducation.ch\/fr\/produit\/slow-down-puzzle-apaisant-rachel-williams\/","name":"Slow down puzzle apaisant - Rachel Williams - Teia Education & Play","isPartOf":{"@id":"https:\/\/teiaeducation.ch\/fr\/#website"},"primaryImageOfPage":{"@id":"https:\/\/teiaeducation.ch\/fr\/produit\/slow-down-puzzle-apaisant-rachel-williams\/#primaryimage"},"image":{"@id":"https:\/\/teiaeducation.ch\/fr\/produit\/slow-down-puzzle-apaisant-rachel-williams\/#primaryimage"},"thumbnailUrl":"https:\/\/teiaeducation.ch\/wp-content\/uploads\/2022\/04\/Slow-down-with-this-calming-puzzle-Rachel-Williams-.jpg","datePublished":"2022-04-05T12:33:42+00:00","dateModified":"2022-04-12T10:38:18+00:00","description":"Inspir\u00e9 du livre \"slow down\" de Rachel Williams, ce puzzle apaisant constitue une exploration visuelle du monde au fil des saisons.","breadcrumb":{"@id":"https:\/\/teiaeducation.ch\/fr\/produit\/slow-down-puzzle-apaisant-rachel-williams\/#breadcrumb"},"inLanguage":"fr-FR","potentialAction":[{"@type":"ReadAction","target":["https:\/\/teiaeducation.ch\/fr\/produit\/slow-down-puzzle-apaisant-rachel-williams\/"]}]},{"@type":"ImageObject","inLanguage":"fr-FR","@id":"https:\/\/teiaeducation.ch\/fr\/produit\/slow-down-puzzle-apaisant-rachel-williams\/#primaryimage","url":"https:\/\/teiaeducation.ch\/wp-content\/uploads\/2022\/04\/Slow-down-with-this-calming-puzzle-Rachel-Williams-.jpg","contentUrl":"https:\/\/teiaeducation.ch\/wp-content\/uploads\/2022\/04\/Slow-down-with-this-calming-puzzle-Rachel-Williams-.jpg","width":900,"height":900,"caption":"Slow down avec ce puzzle apaisant - Rachel Williams"},{"@type":"BreadcrumbList","@id":"https:\/\/teiaeducation.ch\/fr\/produit\/slow-down-puzzle-apaisant-rachel-williams\/#breadcrumb","itemListElement":[{"@type":"ListItem","position":1,"name":"Home","item":"https:\/\/teiaeducation.ch\/fr\/"},{"@type":"ListItem","position":2,"name":"Boutique Teia Education &amp; Play","item":"https:\/\/teiaeducation.ch\/fr\/boutique\/"},{"@type":"ListItem","position":3,"name":"Nos Marques","item":"https:\/\/teiaeducation.ch\/fr\/categorie-produit\/marques\/"},{"@type":"ListItem","position":4,"name":"\u00c9ditions Magic Cat","item":"https:\/\/teiaeducation.ch\/fr\/categorie-produit\/marques\/editions-magic-cat\/"},{"@type":"ListItem","position":5,"name":"Slow down puzzle apaisant &#8211; Rachel Williams"}]},{"@type":"WebSite","@id":"https:\/\/teiaeducation.ch\/fr\/#website","url":"https:\/\/teiaeducation.ch\/fr\/","name":"Sustainable Educational Products &amp; Ecological Toys\u00a0","description":"Specialised Swiss shop selling sustainable educational toys and games, AMI certified Montessori materials, handmade ecological wooden Waldorf toys and arts &amp; crafts supplies, school supplies, children&#039;s furniture and Montessori reference and parenting books.","publisher":{"@id":"https:\/\/teiaeducation.ch\/fr\/#organization"},"alternateName":"Teia Education & Play","potentialAction":[{"@type":"SearchAction","target":{"@type":"EntryPoint","urlTemplate":"https:\/\/teiaeducation.ch\/fr\/?s={search_term_string}"},"query-input":{"@type":"PropertyValueSpecification","valueRequired":true,"valueName":"search_term_string"}}],"inLanguage":"fr-FR"},{"@type":"Organization","@id":"https:\/\/teiaeducation.ch\/fr\/#organization","name":"Teia Education & Play","url":"https:\/\/teiaeducation.ch\/fr\/","logo":{"@type":"ImageObject","inLanguage":"fr-FR","@id":"https:\/\/teiaeducation.ch\/fr\/#\/schema\/logo\/image\/","url":"https:\/\/teiaeducation.ch\/wp-content\/uploads\/2020\/11\/Teia-Education-Switzerland-e1620156442216.jpg","contentUrl":"https:\/\/teiaeducation.ch\/wp-content\/uploads\/2020\/11\/Teia-Education-Switzerland-e1620156442216.jpg","width":166,"height":145,"caption":"Teia Education & Play"},"image":{"@id":"https:\/\/teiaeducation.ch\/fr\/#\/schema\/logo\/image\/"},"sameAs":["https:\/\/www.facebook.com\/teiaeducation\/","https:\/\/x.com\/EducationTeia","https:\/\/www.instagram.com\/teia.education\/","https:\/\/www.linkedin.com\/company\/35501660","https:\/\/www.pinterest.ch\/TeiaEducation\/"]}]},"product_price_amount":"33.50","product_price_currency":"CHF","og_availability":"instock","product_availability":"instock","product_retailer_item_id":"00000000000000000000000000000000000000000000035091","product_condition":"new"},"_links":{"self":[{"href":"https:\/\/teiaeducation.ch\/fr\/wp-json\/wp\/v2\/product\/46253","targetHints":{"allow":["GET"]}}],"collection":[{"href":"https:\/\/teiaeducation.ch\/fr\/wp-json\/wp\/v2\/product"}],"about":[{"href":"https:\/\/teiaeducation.ch\/fr\/wp-json\/wp\/v2\/types\/product"}],"replies":[{"embeddable":true,"href":"https:\/\/teiaeducation.ch\/fr\/wp-json\/wp\/v2\/comments?post=46253"}],"wp:featuredmedia":[{"embeddable":true,"href":"https:\/\/teiaeducation.ch\/fr\/wp-json\/wp\/v2\/media\/46270"}],"wp:attachment":[{"href":"https:\/\/teiaeducation.ch\/fr\/wp-json\/wp\/v2\/media?parent=46253"}],"wp:term":[{"taxonomy":"product_brand","embeddable":true,"href":"https:\/\/teiaeducation.ch\/fr\/wp-json\/wp\/v2\/product_brand?post=46253"},{"taxonomy":"product_cat","embeddable":true,"href":"https:\/\/teiaeducation.ch\/fr\/wp-json\/wp\/v2\/product_cat?post=46253"},{"taxonomy":"product_tag","embeddable":true,"href":"https:\/\/teiaeducation.ch\/fr\/wp-json\/wp\/v2\/product_tag?post=46253"}],"curies":[{"name":"wp","href":"https:\/\/api.w.org\/{rel}","templated":true}]}}