{"id":4642,"date":"2021-01-22T16:59:17","date_gmt":"2021-01-22T15:59:17","guid":{"rendered":"https:\/\/teiaeducation.ch\/product\/symboles-pour-barres-numeriques-ecriture-internationale-nienhuis-montessori\/"},"modified":"2021-11-29T17:17:52","modified_gmt":"2021-11-29T16:17:52","slug":"symboles-pour-barres-numeriques-ecriture-internationale-nienhuis-montessori","status":"publish","type":"product","link":"https:\/\/teiaeducation.ch\/fr\/produit\/symboles-pour-barres-numeriques-ecriture-internationale-nienhuis-montessori\/","title":{"rendered":"Symboles pour barres num\u00e9riques: \u00e9criture internationale &#8211; Nienhuis Montessori"},"content":{"rendered":"<p><span class=\"tlid-translation translation\"><span title=\"\">Les symboles pour les barres num\u00e9riques en \u00e9criture internationale de Nienhuis Montessori sont des chiffres imprim\u00e9s qui associent quantit\u00e9 et les symboles pour les chiffres de 1 \u00e0 10.<\/span> <\/span><\/p>\n<p><span class=\"tlid-translation translation\"><span title=\"\">Cet ensemble est compos\u00e9 de dix tablettes en bois portant les symboles num\u00e9rot\u00e9s d\u2019un \u00e0 dix.<\/span> <span class=\"\" title=\"\">Les chiffres peuvent \u00eatre combin\u00e9s avec les <a href=\"https:\/\/teiaeducation.ch\/fr\/produit\/barres-numeriques-rouges-et-bleues-nienhuis-montessori\/\">barres num\u00e9riques<\/a> comme un exercice pour pratiquer les nombres de un \u00e0 dix et la quantit\u00e9 correspondante.<\/span><\/span><\/p>\n<p><span class=\"tlid-translation translation\">Une <a href=\"https:\/\/teiaeducation.ch\/fr\/produit\/boite-de-rangement-pour-symboles-des-barres-numeriques-nienhuis-montessori\/\">bo\u00eete<\/a> en bois pour ranger les symboles est \u00e9galement vendue s\u00e9par\u00e9ment.<\/span><\/p>\n<p>La marque n\u00e9erlandaise Nienhuis Montessori est la marque leader mondiale Montessori, qui honore et perp\u00e9tue l\u2019h\u00e9ritage de Maria Montessori et fabrique la gamme la plus vaste et la plus innovante du mat\u00e9riel \u00e9ducatif Montessori. Tout les mat\u00e9riaux de Nienhuis Montessori sont certifi\u00e9s par le comit\u00e9 des mat\u00e9riaux de l\u2019Association Montessori Internationale (AMI) et sont m\u00e9ticuleusement con\u00e7us pour isoler les difficult\u00e9s afin que les enfants puissent se concentrer, se ma\u00eetriser et s\u2019\u00e9panouir.<\/p>\n<p>Nienhuis Montessori est l\u2019une des marques de la soci\u00e9t\u00e9 n\u00e9erlandaise Heutink International, qui propose les meilleures marques \u00e9ducatives mondiales, sp\u00e9cialis\u00e9s\u00a0dans l\u2019apprentissage par le jeu.<\/p>\n<p><span class=\"tlid-translation translation\"><span class=\"\" title=\"\">Ce mat\u00e9riel convient aux enfants \u00e2g\u00e9s de 3 \u00e0 6 ans.<\/span><\/span><\/p>\n<p><span class=\"tlid-translation translation\"><span title=\"\">Contenu:<\/span><\/span><\/p>\n<p><span class=\"\" title=\"\">10 tablettes en bois avec les num\u00e9ros 1-10 imprim\u00e9s en rouge<\/span><\/p>\n<p><em><span class=\"tlid-translation translation\" lang=\"fr\"><span title=\"\">Nous n'avons actuellement pas cet article en stock, mais il est disponible en pr\u00e9-commande.<\/span> <span class=\"\" title=\"\">Nous commanderons cet article pour vous aupr\u00e8s de notre fournisseur.<\/span> <span class=\"\" title=\"\">Veuillez allouer de 2 \u00e0 3 semaines maximum pour la livraison.<\/span><\/span><\/em><\/p>\n\t<div id=\"gap-976154704\" class=\"gap-element clearfix\" style=\"display:block; height:auto;\">\n\t\t\n<style>\n#gap-976154704 {\n  padding-top: 20px;\n}\n<\/style>\n\t<\/div>\n\t\n","protected":false},"excerpt":{"rendered":"<p><span id=\"result_box\" class=\"short_text\" lang=\"fr\"><span class=\"\">Num\u00e9ro d\u2019article:<\/span><\/span> 003320<\/p>\n<p>Les symboles pour les barres num\u00e9riques de Nienhuis Montessori en \u00e9criture internationale associent quantit\u00e9 et les chiffres de 1 \u00e0 10.<\/p>\n","protected":false},"featured_media":2504,"comment_status":"closed","ping_status":"closed","template":"","meta":[],"product_brand":[],"product_cat":[215,13128,283,630,274,288,7595,1218,207,217,212],"product_tag":[768,801,645,646,817,816,647,767],"class_list":{"0":"post-4642","1":"product","2":"type-product","3":"status-publish","4":"has-post-thumbnail","6":"product_cat-3-6-ans","7":"product_cat-apprendre-a-compter","8":"product_cat-domaines-du-curriculum","9":"product_cat-nombres","10":"product_cat-mathematiques-nienhuis-montessori","11":"product_cat-mathematiques-calcul","12":"product_cat-methode-deducation","13":"product_cat-montessori-fr","14":"product_cat-nienhuis-montessori-materiel-fr","15":"product_cat-marques","16":"product_cat-tranche-dage","17":"product_tag-materiel-montessori-suisse","18":"product_tag-mathematiques-montessori","19":"product_tag-montessori-fr","20":"product_tag-montessori-materiels-suisse-fr","21":"product_tag-nienhuis-montessori-barres-numeriques","22":"product_tag-nienhuis-montessori-chiffres-imprimes","23":"product_tag-nienhuis-montessori-suisse-fr","24":"product_tag-nienhuis-montessori-suisse-fr-2","26":"first","27":"onbackorder","28":"taxable","29":"shipping-taxable","30":"purchasable","31":"product-type-simple"},"yoast_head":"<!-- This site is optimized with the Yoast SEO plugin v27.1.1 - https:\/\/yoast.com\/product\/yoast-seo-wordpress\/ -->\n<title>Symboles barres num\u00e9riques internationale - Nienhuis Montessori - Teia Education &amp; Play<\/title>\n<meta name=\"description\" content=\"Les symboles pour les barres num\u00e9riques de Nienhuis Montessori en \u00e9criture internationale associent quantit\u00e9 et les chiffres de 1 \u00e0 10.\" \/>\n<meta name=\"robots\" content=\"index, follow, max-snippet:-1, max-image-preview:large, max-video-preview:-1\" \/>\n<link rel=\"canonical\" href=\"https:\/\/teiaeducation.ch\/fr\/produit\/symboles-pour-barres-numeriques-ecriture-internationale-nienhuis-montessori\/\" \/>\n<meta property=\"og:locale\" content=\"fr_FR\" \/>\n<meta property=\"og:type\" content=\"article\" \/>\n<meta property=\"og:title\" content=\"Symboles barres num\u00e9riques internationale - Nienhuis Montessori - Teia Education &amp; Play\" \/>\n<meta property=\"og:description\" content=\"Les symboles pour les barres num\u00e9riques de Nienhuis Montessori en \u00e9criture internationale associent quantit\u00e9 et les chiffres de 1 \u00e0 10.\" \/>\n<meta property=\"og:url\" content=\"https:\/\/teiaeducation.ch\/fr\/produit\/symboles-pour-barres-numeriques-ecriture-internationale-nienhuis-montessori\/\" \/>\n<meta property=\"og:site_name\" content=\"Sustainable Educational Products &amp; Ecological Toys\u00a0\" \/>\n<meta property=\"article:publisher\" content=\"https:\/\/www.facebook.com\/teiaeducation\/\" \/>\n<meta property=\"article:modified_time\" content=\"2021-11-29T16:17:52+00:00\" \/>\n<meta property=\"og:image\" content=\"https:\/\/teiaeducation.ch\/wp-content\/uploads\/2018\/12\/003320.jpg\" \/>\n\t<meta property=\"og:image:width\" content=\"900\" \/>\n\t<meta property=\"og:image:height\" content=\"900\" \/>\n\t<meta property=\"og:image:type\" content=\"image\/jpeg\" \/>\n<script type=\"application\/ld+json\" class=\"yoast-schema-graph\">{\"@context\":\"https:\/\/schema.org\",\"@graph\":[{\"@type\":\"WebPage\",\"@id\":\"https:\/\/teiaeducation.ch\/fr\/produit\/symboles-pour-barres-numeriques-ecriture-internationale-nienhuis-montessori\/\",\"url\":\"https:\/\/teiaeducation.ch\/fr\/produit\/symboles-pour-barres-numeriques-ecriture-internationale-nienhuis-montessori\/\",\"name\":\"Symboles barres num\u00e9riques internationale - Nienhuis Montessori - Teia Education & Play\",\"isPartOf\":{\"@id\":\"https:\/\/teiaeducation.ch\/fr\/#website\"},\"primaryImageOfPage\":{\"@id\":\"https:\/\/teiaeducation.ch\/fr\/produit\/symboles-pour-barres-numeriques-ecriture-internationale-nienhuis-montessori\/#primaryimage\"},\"image\":{\"@id\":\"https:\/\/teiaeducation.ch\/fr\/produit\/symboles-pour-barres-numeriques-ecriture-internationale-nienhuis-montessori\/#primaryimage\"},\"thumbnailUrl\":\"https:\/\/teiaeducation.ch\/wp-content\/uploads\/2018\/12\/003320.jpg\",\"datePublished\":\"2021-01-22T15:59:17+00:00\",\"dateModified\":\"2021-11-29T16:17:52+00:00\",\"description\":\"Les symboles pour les barres num\u00e9riques de Nienhuis Montessori en \u00e9criture internationale associent quantit\u00e9 et les chiffres de 1 \u00e0 10.\",\"breadcrumb\":{\"@id\":\"https:\/\/teiaeducation.ch\/fr\/produit\/symboles-pour-barres-numeriques-ecriture-internationale-nienhuis-montessori\/#breadcrumb\"},\"inLanguage\":\"fr-FR\",\"potentialAction\":[{\"@type\":\"ReadAction\",\"target\":[\"https:\/\/teiaeducation.ch\/fr\/produit\/symboles-pour-barres-numeriques-ecriture-internationale-nienhuis-montessori\/\"]}]},{\"@type\":\"ImageObject\",\"inLanguage\":\"fr-FR\",\"@id\":\"https:\/\/teiaeducation.ch\/fr\/produit\/symboles-pour-barres-numeriques-ecriture-internationale-nienhuis-montessori\/#primaryimage\",\"url\":\"https:\/\/teiaeducation.ch\/wp-content\/uploads\/2018\/12\/003320.jpg\",\"contentUrl\":\"https:\/\/teiaeducation.ch\/wp-content\/uploads\/2018\/12\/003320.jpg\",\"width\":900,\"height\":900,\"caption\":\"Symboles pour barres num\u00e9riques: \u00e9criture internationale - Nienhuis Montessori\"},{\"@type\":\"BreadcrumbList\",\"@id\":\"https:\/\/teiaeducation.ch\/fr\/produit\/symboles-pour-barres-numeriques-ecriture-internationale-nienhuis-montessori\/#breadcrumb\",\"itemListElement\":[{\"@type\":\"ListItem\",\"position\":1,\"name\":\"Home\",\"item\":\"https:\/\/teiaeducation.ch\/fr\/\"},{\"@type\":\"ListItem\",\"position\":2,\"name\":\"Boutique Teia Education &amp; Play\",\"item\":\"https:\/\/teiaeducation.ch\/fr\/boutique\/\"},{\"@type\":\"ListItem\",\"position\":3,\"name\":\"Nos Marques\",\"item\":\"https:\/\/teiaeducation.ch\/fr\/categorie-produit\/marques\/\"},{\"@type\":\"ListItem\",\"position\":4,\"name\":\"Nienhuis Montessori Suisse\",\"item\":\"https:\/\/teiaeducation.ch\/fr\/categorie-produit\/marques\/nienhuis-montessori-materiel-fr\/\"},{\"@type\":\"ListItem\",\"position\":5,\"name\":\"Math\u00e9matiques\",\"item\":\"https:\/\/teiaeducation.ch\/fr\/categorie-produit\/marques\/nienhuis-montessori-materiel-fr\/mathematiques-nienhuis-montessori\/\"},{\"@type\":\"ListItem\",\"position\":6,\"name\":\"Symboles pour barres num\u00e9riques: \u00e9criture internationale &#8211; Nienhuis Montessori\"}]},{\"@type\":\"WebSite\",\"@id\":\"https:\/\/teiaeducation.ch\/fr\/#website\",\"url\":\"https:\/\/teiaeducation.ch\/fr\/\",\"name\":\"Sustainable Educational Products &amp; Ecological Toys\u00a0\",\"description\":\"Specialised Swiss shop selling sustainable educational toys and games, AMI certified Montessori materials, handmade ecological wooden Waldorf toys and arts &amp; crafts supplies, school supplies, children&#039;s furniture and Montessori reference and parenting books.\",\"publisher\":{\"@id\":\"https:\/\/teiaeducation.ch\/fr\/#organization\"},\"alternateName\":\"Teia Education & Play\",\"potentialAction\":[{\"@type\":\"SearchAction\",\"target\":{\"@type\":\"EntryPoint\",\"urlTemplate\":\"https:\/\/teiaeducation.ch\/fr\/?s={search_term_string}\"},\"query-input\":{\"@type\":\"PropertyValueSpecification\",\"valueRequired\":true,\"valueName\":\"search_term_string\"}}],\"inLanguage\":\"fr-FR\"},{\"@type\":\"Organization\",\"@id\":\"https:\/\/teiaeducation.ch\/fr\/#organization\",\"name\":\"Teia Education & Play\",\"url\":\"https:\/\/teiaeducation.ch\/fr\/\",\"logo\":{\"@type\":\"ImageObject\",\"inLanguage\":\"fr-FR\",\"@id\":\"https:\/\/teiaeducation.ch\/fr\/#\/schema\/logo\/image\/\",\"url\":\"https:\/\/teiaeducation.ch\/wp-content\/uploads\/2020\/11\/Teia-Education-Switzerland-e1620156442216.jpg\",\"contentUrl\":\"https:\/\/teiaeducation.ch\/wp-content\/uploads\/2020\/11\/Teia-Education-Switzerland-e1620156442216.jpg\",\"width\":166,\"height\":145,\"caption\":\"Teia Education & Play\"},\"image\":{\"@id\":\"https:\/\/teiaeducation.ch\/fr\/#\/schema\/logo\/image\/\"},\"sameAs\":[\"https:\/\/www.facebook.com\/teiaeducation\/\",\"https:\/\/x.com\/EducationTeia\",\"https:\/\/www.instagram.com\/teia.education\/\",\"https:\/\/www.linkedin.com\/company\/35501660\",\"https:\/\/www.pinterest.ch\/TeiaEducation\/\"]}]}<\/script>\n<!-- \/ Yoast SEO plugin. -->","yoast_head_json":{"title":"Symboles barres num\u00e9riques internationale - Nienhuis Montessori - Teia Education & Play","description":"Les symboles pour les barres num\u00e9riques de Nienhuis Montessori en \u00e9criture internationale associent quantit\u00e9 et les chiffres de 1 \u00e0 10.","robots":{"index":"index","follow":"follow","max-snippet":"max-snippet:-1","max-image-preview":"max-image-preview:large","max-video-preview":"max-video-preview:-1"},"canonical":"https:\/\/teiaeducation.ch\/fr\/produit\/symboles-pour-barres-numeriques-ecriture-internationale-nienhuis-montessori\/","og_locale":"fr_FR","og_type":"article","og_title":"Symboles barres num\u00e9riques internationale - Nienhuis Montessori - Teia Education & Play","og_description":"Les symboles pour les barres num\u00e9riques de Nienhuis Montessori en \u00e9criture internationale associent quantit\u00e9 et les chiffres de 1 \u00e0 10.","og_url":"https:\/\/teiaeducation.ch\/fr\/produit\/symboles-pour-barres-numeriques-ecriture-internationale-nienhuis-montessori\/","og_site_name":"Sustainable Educational Products &amp; Ecological Toys\u00a0","article_publisher":"https:\/\/www.facebook.com\/teiaeducation\/","article_modified_time":"2021-11-29T16:17:52+00:00","og_image":[{"width":900,"height":900,"url":"https:\/\/teiaeducation.ch\/wp-content\/uploads\/2018\/12\/003320.jpg","type":"image\/jpeg"}],"schema":{"@context":"https:\/\/schema.org","@graph":[{"@type":"WebPage","@id":"https:\/\/teiaeducation.ch\/fr\/produit\/symboles-pour-barres-numeriques-ecriture-internationale-nienhuis-montessori\/","url":"https:\/\/teiaeducation.ch\/fr\/produit\/symboles-pour-barres-numeriques-ecriture-internationale-nienhuis-montessori\/","name":"Symboles barres num\u00e9riques internationale - Nienhuis Montessori - Teia Education & Play","isPartOf":{"@id":"https:\/\/teiaeducation.ch\/fr\/#website"},"primaryImageOfPage":{"@id":"https:\/\/teiaeducation.ch\/fr\/produit\/symboles-pour-barres-numeriques-ecriture-internationale-nienhuis-montessori\/#primaryimage"},"image":{"@id":"https:\/\/teiaeducation.ch\/fr\/produit\/symboles-pour-barres-numeriques-ecriture-internationale-nienhuis-montessori\/#primaryimage"},"thumbnailUrl":"https:\/\/teiaeducation.ch\/wp-content\/uploads\/2018\/12\/003320.jpg","datePublished":"2021-01-22T15:59:17+00:00","dateModified":"2021-11-29T16:17:52+00:00","description":"Les symboles pour les barres num\u00e9riques de Nienhuis Montessori en \u00e9criture internationale associent quantit\u00e9 et les chiffres de 1 \u00e0 10.","breadcrumb":{"@id":"https:\/\/teiaeducation.ch\/fr\/produit\/symboles-pour-barres-numeriques-ecriture-internationale-nienhuis-montessori\/#breadcrumb"},"inLanguage":"fr-FR","potentialAction":[{"@type":"ReadAction","target":["https:\/\/teiaeducation.ch\/fr\/produit\/symboles-pour-barres-numeriques-ecriture-internationale-nienhuis-montessori\/"]}]},{"@type":"ImageObject","inLanguage":"fr-FR","@id":"https:\/\/teiaeducation.ch\/fr\/produit\/symboles-pour-barres-numeriques-ecriture-internationale-nienhuis-montessori\/#primaryimage","url":"https:\/\/teiaeducation.ch\/wp-content\/uploads\/2018\/12\/003320.jpg","contentUrl":"https:\/\/teiaeducation.ch\/wp-content\/uploads\/2018\/12\/003320.jpg","width":900,"height":900,"caption":"Symboles pour barres num\u00e9riques: \u00e9criture internationale - Nienhuis Montessori"},{"@type":"BreadcrumbList","@id":"https:\/\/teiaeducation.ch\/fr\/produit\/symboles-pour-barres-numeriques-ecriture-internationale-nienhuis-montessori\/#breadcrumb","itemListElement":[{"@type":"ListItem","position":1,"name":"Home","item":"https:\/\/teiaeducation.ch\/fr\/"},{"@type":"ListItem","position":2,"name":"Boutique Teia Education &amp; Play","item":"https:\/\/teiaeducation.ch\/fr\/boutique\/"},{"@type":"ListItem","position":3,"name":"Nos Marques","item":"https:\/\/teiaeducation.ch\/fr\/categorie-produit\/marques\/"},{"@type":"ListItem","position":4,"name":"Nienhuis Montessori Suisse","item":"https:\/\/teiaeducation.ch\/fr\/categorie-produit\/marques\/nienhuis-montessori-materiel-fr\/"},{"@type":"ListItem","position":5,"name":"Math\u00e9matiques","item":"https:\/\/teiaeducation.ch\/fr\/categorie-produit\/marques\/nienhuis-montessori-materiel-fr\/mathematiques-nienhuis-montessori\/"},{"@type":"ListItem","position":6,"name":"Symboles pour barres num\u00e9riques: \u00e9criture internationale &#8211; Nienhuis Montessori"}]},{"@type":"WebSite","@id":"https:\/\/teiaeducation.ch\/fr\/#website","url":"https:\/\/teiaeducation.ch\/fr\/","name":"Sustainable Educational Products &amp; Ecological Toys\u00a0","description":"Specialised Swiss shop selling sustainable educational toys and games, AMI certified Montessori materials, handmade ecological wooden Waldorf toys and arts &amp; crafts supplies, school supplies, children&#039;s furniture and Montessori reference and parenting books.","publisher":{"@id":"https:\/\/teiaeducation.ch\/fr\/#organization"},"alternateName":"Teia Education & Play","potentialAction":[{"@type":"SearchAction","target":{"@type":"EntryPoint","urlTemplate":"https:\/\/teiaeducation.ch\/fr\/?s={search_term_string}"},"query-input":{"@type":"PropertyValueSpecification","valueRequired":true,"valueName":"search_term_string"}}],"inLanguage":"fr-FR"},{"@type":"Organization","@id":"https:\/\/teiaeducation.ch\/fr\/#organization","name":"Teia Education & Play","url":"https:\/\/teiaeducation.ch\/fr\/","logo":{"@type":"ImageObject","inLanguage":"fr-FR","@id":"https:\/\/teiaeducation.ch\/fr\/#\/schema\/logo\/image\/","url":"https:\/\/teiaeducation.ch\/wp-content\/uploads\/2020\/11\/Teia-Education-Switzerland-e1620156442216.jpg","contentUrl":"https:\/\/teiaeducation.ch\/wp-content\/uploads\/2020\/11\/Teia-Education-Switzerland-e1620156442216.jpg","width":166,"height":145,"caption":"Teia Education & Play"},"image":{"@id":"https:\/\/teiaeducation.ch\/fr\/#\/schema\/logo\/image\/"},"sameAs":["https:\/\/www.facebook.com\/teiaeducation\/","https:\/\/x.com\/EducationTeia","https:\/\/www.instagram.com\/teia.education\/","https:\/\/www.linkedin.com\/company\/35501660","https:\/\/www.pinterest.ch\/TeiaEducation\/"]}]}},"_links":{"self":[{"href":"https:\/\/teiaeducation.ch\/fr\/wp-json\/wp\/v2\/product\/4642","targetHints":{"allow":["GET"]}}],"collection":[{"href":"https:\/\/teiaeducation.ch\/fr\/wp-json\/wp\/v2\/product"}],"about":[{"href":"https:\/\/teiaeducation.ch\/fr\/wp-json\/wp\/v2\/types\/product"}],"replies":[{"embeddable":true,"href":"https:\/\/teiaeducation.ch\/fr\/wp-json\/wp\/v2\/comments?post=4642"}],"wp:featuredmedia":[{"embeddable":true,"href":"https:\/\/teiaeducation.ch\/fr\/wp-json\/wp\/v2\/media\/2504"}],"wp:attachment":[{"href":"https:\/\/teiaeducation.ch\/fr\/wp-json\/wp\/v2\/media?parent=4642"}],"wp:term":[{"taxonomy":"product_brand","embeddable":true,"href":"https:\/\/teiaeducation.ch\/fr\/wp-json\/wp\/v2\/product_brand?post=4642"},{"taxonomy":"product_cat","embeddable":true,"href":"https:\/\/teiaeducation.ch\/fr\/wp-json\/wp\/v2\/product_cat?post=4642"},{"taxonomy":"product_tag","embeddable":true,"href":"https:\/\/teiaeducation.ch\/fr\/wp-json\/wp\/v2\/product_tag?post=4642"}],"curies":[{"name":"wp","href":"https:\/\/api.w.org\/{rel}","templated":true}]}}