{"id":46991,"date":"2021-09-17T12:58:25","date_gmt":"2021-09-17T10:58:25","guid":{"rendered":"https:\/\/teiaeducation.ch\/product\/livre-maria-montessori-writes-to-her-father-letters-from-california-1915\/"},"modified":"2022-04-28T09:04:07","modified_gmt":"2022-04-28T07:04:07","slug":"livre-maria-montessori-writes-to-her-father-letters-from-california-1915","status":"publish","type":"product","link":"https:\/\/teiaeducation.ch\/fr\/produit\/livre-maria-montessori-writes-to-her-father-letters-from-california-1915\/","title":{"rendered":"Livre: Maria Montessori writes to her father, letters from California, 1915"},"content":{"rendered":"<p>Le <a href=\"https:\/\/teiaeducation.ch\/fr\/categorie-produit\/appui-au-curriculum\/livres-appui-au-curriculum\/livres-montessori\/\">livre<\/a> Maria Montessori writes to her father, letters from California, 1915, contient des lettres de Maria Montessori lors de son premier voyage en Am\u00e9rique en 1913. Cette visite a \u00e9t\u00e9 un grand succ\u00e8s et a suscit\u00e9 un int\u00e9r\u00eat encore plus grand pour ses id\u00e9es <a href=\"https:\/\/teiaeducation.ch\/fr\/categorie-produit\/methode-deducation\/montessori-fr\/\">p\u00e9dagogiques<\/a>. L&#8217;ann\u00e9e suivante, ses partisans am\u00e9ricains l&#8217;incitent \u00e0 revenir pour donner des cours de formation, qui sont tr\u00e8s demand\u00e9s.<\/p>\n<p>Pour c\u00e9l\u00e9brer le formidable exploit technique que constitue la construction du canal de Panama, deux expositions simultan\u00e9es ont \u00e9t\u00e9 organis\u00e9es : L&#8217;Exposition internationale Panama-Pacifique \u00e0 San Francisco et l&#8217;Exposition Panama-Californie \u00e0 San Diego. Maria Montessori a \u00e9t\u00e9 invit\u00e9 \u00e0 donner des cours de formation et des classes de d\u00e9monstration directe lors de ces deux foires. En ao\u00fbt 1915, la c\u00e9l\u00e8bre classe de verre a \u00e9t\u00e9 ouverte \u00e0 l&#8217;Expo de San Francisco. Elle avait h\u00e9sit\u00e9 \u00e0 accepter ces invitations, car cela signifiait laisser derri\u00e8re elle \u00e0 Rome son p\u00e8re de 82 ans, Alessandro Montessori, qui \u00e9tait dans un \u00e9tat fragile.<\/p>\n<p>Les lettres de ce volume, \u00e9crites \u00e0 son p\u00e8re pendant les huit mois pass\u00e9s en Californie en 1915, sont illustr\u00e9es par une abondance de photos et t\u00e9moignent de la grande qualit\u00e9 d&#8217;observateur de Maria Montessori. Son sens aigu du d\u00e9tail et ses descriptions color\u00e9es r\u00e9v\u00e8lent une personnalit\u00e9 spontan\u00e9e, enchant\u00e9e par ce qu&#8217;elle voyait et exp\u00e9rimentait ; ils montrent \u00e9galement \u00e0 quel point Montessori \u00e9tait une fille aimante et concern\u00e9e.<\/p>\n<p>Ce livre est publi\u00e9 par <a href=\"https:\/\/teiaeducation.ch\/fr\/categorie-produit\/marques\/montessori-pierson-publishing-company-fr\/\">Montessori-Pierson<\/a> Publishing Company et est \u00e9crit en anglais.<\/p>\n<p>Contenu:<\/p>\n<p>1 livre \u00e0 couverture cartonn\u00e9 &#8211; 112 pages<\/p>\n","protected":false},"excerpt":{"rendered":"<p>Num\u00e9ro d&#8217;article: MMNM002<\/p>\n<p>Le livre Maria Montessori writes to her father, letters from California, 1915 contient des lettres \u00e9crites lors de son voyage en Am\u00e9rique en 1913.<\/p>\n","protected":false},"featured_media":62925,"comment_status":"open","ping_status":"closed","template":"","meta":[],"product_brand":[],"product_cat":[271,311,20666,7595,1218,207,217,5851,7603,292],"product_tag":[23173,23171,23172],"class_list":{"0":"post-46991","1":"product","2":"type-product","3":"status-publish","4":"has-post-thumbnail","6":"product_cat-livres","7":"product_cat-livres-appui-au-curriculum","8":"product_cat-livres-montessori","9":"product_cat-methode-deducation","10":"product_cat-montessori-fr","11":"product_cat-nienhuis-montessori-materiel-fr","12":"product_cat-marques","13":"product_cat-nouveautes","14":"product_cat-soldes","15":"product_cat-appui-au-curriculum","16":"product_tag-lettres-maria-montessori","17":"product_tag-livre-maria-montessori","18":"product_tag-livre-maria-montessori-writes-to-her-father-letters-from-california-1915","20":"first","21":"instock","22":"sale","23":"taxable","24":"shipping-taxable","25":"purchasable","26":"product-type-simple"},"yoast_head":"<!-- This site is optimized with the Yoast SEO plugin v27.3 - https:\/\/yoast.com\/product\/yoast-seo-wordpress\/ -->\n<title>Livre: Maria Montessori writes to her father, letters from California, 1915<\/title>\n<meta name=\"description\" content=\"Le livre Maria Montessori writes to her father letters from California, 1915 contient des lettres \u00e9crites lors son voyage en Am\u00e9rique en 1913\" \/>\n<meta name=\"robots\" content=\"index, follow, max-snippet:-1, max-image-preview:large, max-video-preview:-1\" \/>\n<link rel=\"canonical\" href=\"https:\/\/teiaeducation.ch\/fr\/produit\/livre-maria-montessori-writes-to-her-father-letters-from-california-1915\/\" \/>\n<meta property=\"og:locale\" content=\"fr_FR\" \/>\n<meta property=\"og:type\" content=\"article\" \/>\n<meta property=\"og:title\" content=\"Livre: Maria Montessori writes to her father, letters from California, 1915\" \/>\n<meta property=\"og:description\" content=\"Le livre Maria Montessori writes to her father letters from California, 1915 contient des lettres \u00e9crites lors son voyage en Am\u00e9rique en 1913\" \/>\n<meta property=\"og:url\" content=\"https:\/\/teiaeducation.ch\/fr\/produit\/livre-maria-montessori-writes-to-her-father-letters-from-california-1915\/\" \/>\n<meta property=\"og:site_name\" content=\"Sustainable Educational Products &amp; Ecological Toys\u00a0\" \/>\n<meta property=\"article:publisher\" content=\"https:\/\/www.facebook.com\/teiaeducation\/\" \/>\n<meta property=\"article:modified_time\" content=\"2022-04-28T07:04:07+00:00\" \/>\n<meta property=\"og:image\" content=\"https:\/\/teiaeducation.ch\/wp-content\/uploads\/2021\/09\/Maria-Montessori-writes-to-her-father-letters-from-California-1915-1.jpg\" \/>\n\t<meta property=\"og:image:width\" content=\"1202\" \/>\n\t<meta property=\"og:image:height\" content=\"1400\" \/>\n\t<meta property=\"og:image:type\" content=\"image\/jpeg\" \/>\n<script type=\"application\/ld+json\" class=\"yoast-schema-graph\">{\"@context\":\"https:\\\/\\\/schema.org\",\"@graph\":[{\"@type\":\"WebPage\",\"@id\":\"https:\\\/\\\/teiaeducation.ch\\\/fr\\\/produit\\\/livre-maria-montessori-writes-to-her-father-letters-from-california-1915\\\/\",\"url\":\"https:\\\/\\\/teiaeducation.ch\\\/fr\\\/produit\\\/livre-maria-montessori-writes-to-her-father-letters-from-california-1915\\\/\",\"name\":\"Livre: Maria Montessori writes to her father, letters from California, 1915\",\"isPartOf\":{\"@id\":\"https:\\\/\\\/teiaeducation.ch\\\/fr\\\/#website\"},\"primaryImageOfPage\":{\"@id\":\"https:\\\/\\\/teiaeducation.ch\\\/fr\\\/produit\\\/livre-maria-montessori-writes-to-her-father-letters-from-california-1915\\\/#primaryimage\"},\"image\":{\"@id\":\"https:\\\/\\\/teiaeducation.ch\\\/fr\\\/produit\\\/livre-maria-montessori-writes-to-her-father-letters-from-california-1915\\\/#primaryimage\"},\"thumbnailUrl\":\"https:\\\/\\\/teiaeducation.ch\\\/wp-content\\\/uploads\\\/2021\\\/09\\\/Maria-Montessori-writes-to-her-father-letters-from-California-1915-1.jpg\",\"datePublished\":\"2021-09-17T10:58:25+00:00\",\"dateModified\":\"2022-04-28T07:04:07+00:00\",\"description\":\"Le livre Maria Montessori writes to her father letters from California, 1915 contient des lettres \u00e9crites lors son voyage en Am\u00e9rique en 1913\",\"breadcrumb\":{\"@id\":\"https:\\\/\\\/teiaeducation.ch\\\/fr\\\/produit\\\/livre-maria-montessori-writes-to-her-father-letters-from-california-1915\\\/#breadcrumb\"},\"inLanguage\":\"fr-FR\",\"potentialAction\":[{\"@type\":\"ReadAction\",\"target\":[\"https:\\\/\\\/teiaeducation.ch\\\/fr\\\/produit\\\/livre-maria-montessori-writes-to-her-father-letters-from-california-1915\\\/\"]}]},{\"@type\":\"ImageObject\",\"inLanguage\":\"fr-FR\",\"@id\":\"https:\\\/\\\/teiaeducation.ch\\\/fr\\\/produit\\\/livre-maria-montessori-writes-to-her-father-letters-from-california-1915\\\/#primaryimage\",\"url\":\"https:\\\/\\\/teiaeducation.ch\\\/wp-content\\\/uploads\\\/2021\\\/09\\\/Maria-Montessori-writes-to-her-father-letters-from-California-1915-1.jpg\",\"contentUrl\":\"https:\\\/\\\/teiaeducation.ch\\\/wp-content\\\/uploads\\\/2021\\\/09\\\/Maria-Montessori-writes-to-her-father-letters-from-California-1915-1.jpg\",\"width\":1202,\"height\":1400,\"caption\":\"Maria Montessori writes to her father, letters from California, 1915\"},{\"@type\":\"BreadcrumbList\",\"@id\":\"https:\\\/\\\/teiaeducation.ch\\\/fr\\\/produit\\\/livre-maria-montessori-writes-to-her-father-letters-from-california-1915\\\/#breadcrumb\",\"itemListElement\":[{\"@type\":\"ListItem\",\"position\":1,\"name\":\"Home\",\"item\":\"https:\\\/\\\/teiaeducation.ch\\\/fr\\\/\"},{\"@type\":\"ListItem\",\"position\":2,\"name\":\"Boutique Teia Education &amp; Play\",\"item\":\"https:\\\/\\\/teiaeducation.ch\\\/fr\\\/boutique\\\/\"},{\"@type\":\"ListItem\",\"position\":3,\"name\":\"Nos Marques\",\"item\":\"https:\\\/\\\/teiaeducation.ch\\\/fr\\\/categorie-produit\\\/marques\\\/\"},{\"@type\":\"ListItem\",\"position\":4,\"name\":\"Nienhuis Montessori Suisse\",\"item\":\"https:\\\/\\\/teiaeducation.ch\\\/fr\\\/categorie-produit\\\/marques\\\/nienhuis-montessori-materiel-fr\\\/\"},{\"@type\":\"ListItem\",\"position\":5,\"name\":\"Livres\",\"item\":\"https:\\\/\\\/teiaeducation.ch\\\/fr\\\/categorie-produit\\\/marques\\\/nienhuis-montessori-materiel-fr\\\/livres\\\/\"},{\"@type\":\"ListItem\",\"position\":6,\"name\":\"Livre: Maria Montessori writes to her father, letters from California, 1915\"}]},{\"@type\":\"WebSite\",\"@id\":\"https:\\\/\\\/teiaeducation.ch\\\/fr\\\/#website\",\"url\":\"https:\\\/\\\/teiaeducation.ch\\\/fr\\\/\",\"name\":\"Sustainable Educational Products &amp; Ecological Toys\u00a0\",\"description\":\"Specialised Swiss shop selling sustainable educational toys and games, AMI certified Montessori materials, handmade ecological wooden Waldorf toys and arts &amp; crafts supplies, school supplies, children&#039;s furniture and Montessori reference and parenting books.\",\"publisher\":{\"@id\":\"https:\\\/\\\/teiaeducation.ch\\\/fr\\\/#organization\"},\"alternateName\":\"Teia Education & Play\",\"potentialAction\":[{\"@type\":\"SearchAction\",\"target\":{\"@type\":\"EntryPoint\",\"urlTemplate\":\"https:\\\/\\\/teiaeducation.ch\\\/fr\\\/?s={search_term_string}\"},\"query-input\":{\"@type\":\"PropertyValueSpecification\",\"valueRequired\":true,\"valueName\":\"search_term_string\"}}],\"inLanguage\":\"fr-FR\"},{\"@type\":\"Organization\",\"@id\":\"https:\\\/\\\/teiaeducation.ch\\\/fr\\\/#organization\",\"name\":\"Teia Education & Play\",\"url\":\"https:\\\/\\\/teiaeducation.ch\\\/fr\\\/\",\"logo\":{\"@type\":\"ImageObject\",\"inLanguage\":\"fr-FR\",\"@id\":\"https:\\\/\\\/teiaeducation.ch\\\/fr\\\/#\\\/schema\\\/logo\\\/image\\\/\",\"url\":\"https:\\\/\\\/teiaeducation.ch\\\/wp-content\\\/uploads\\\/2020\\\/11\\\/Teia-Education-Switzerland-e1620156442216.jpg\",\"contentUrl\":\"https:\\\/\\\/teiaeducation.ch\\\/wp-content\\\/uploads\\\/2020\\\/11\\\/Teia-Education-Switzerland-e1620156442216.jpg\",\"width\":166,\"height\":145,\"caption\":\"Teia Education & Play\"},\"image\":{\"@id\":\"https:\\\/\\\/teiaeducation.ch\\\/fr\\\/#\\\/schema\\\/logo\\\/image\\\/\"},\"sameAs\":[\"https:\\\/\\\/www.facebook.com\\\/teiaeducation\\\/\",\"https:\\\/\\\/x.com\\\/EducationTeia\",\"https:\\\/\\\/www.instagram.com\\\/teia.education\\\/\",\"https:\\\/\\\/www.linkedin.com\\\/company\\\/35501660\",\"https:\\\/\\\/www.pinterest.ch\\\/TeiaEducation\\\/\"]}]}<\/script>\n<!-- \/ Yoast SEO plugin. -->","yoast_head_json":{"title":"Livre: Maria Montessori writes to her father, letters from California, 1915","description":"Le livre Maria Montessori writes to her father letters from California, 1915 contient des lettres \u00e9crites lors son voyage en Am\u00e9rique en 1913","robots":{"index":"index","follow":"follow","max-snippet":"max-snippet:-1","max-image-preview":"max-image-preview:large","max-video-preview":"max-video-preview:-1"},"canonical":"https:\/\/teiaeducation.ch\/fr\/produit\/livre-maria-montessori-writes-to-her-father-letters-from-california-1915\/","og_locale":"fr_FR","og_type":"article","og_title":"Livre: Maria Montessori writes to her father, letters from California, 1915","og_description":"Le livre Maria Montessori writes to her father letters from California, 1915 contient des lettres \u00e9crites lors son voyage en Am\u00e9rique en 1913","og_url":"https:\/\/teiaeducation.ch\/fr\/produit\/livre-maria-montessori-writes-to-her-father-letters-from-california-1915\/","og_site_name":"Sustainable Educational Products &amp; Ecological Toys\u00a0","article_publisher":"https:\/\/www.facebook.com\/teiaeducation\/","article_modified_time":"2022-04-28T07:04:07+00:00","og_image":[{"width":1202,"height":1400,"url":"https:\/\/teiaeducation.ch\/wp-content\/uploads\/2021\/09\/Maria-Montessori-writes-to-her-father-letters-from-California-1915-1.jpg","type":"image\/jpeg"}],"schema":{"@context":"https:\/\/schema.org","@graph":[{"@type":"WebPage","@id":"https:\/\/teiaeducation.ch\/fr\/produit\/livre-maria-montessori-writes-to-her-father-letters-from-california-1915\/","url":"https:\/\/teiaeducation.ch\/fr\/produit\/livre-maria-montessori-writes-to-her-father-letters-from-california-1915\/","name":"Livre: Maria Montessori writes to her father, letters from California, 1915","isPartOf":{"@id":"https:\/\/teiaeducation.ch\/fr\/#website"},"primaryImageOfPage":{"@id":"https:\/\/teiaeducation.ch\/fr\/produit\/livre-maria-montessori-writes-to-her-father-letters-from-california-1915\/#primaryimage"},"image":{"@id":"https:\/\/teiaeducation.ch\/fr\/produit\/livre-maria-montessori-writes-to-her-father-letters-from-california-1915\/#primaryimage"},"thumbnailUrl":"https:\/\/teiaeducation.ch\/wp-content\/uploads\/2021\/09\/Maria-Montessori-writes-to-her-father-letters-from-California-1915-1.jpg","datePublished":"2021-09-17T10:58:25+00:00","dateModified":"2022-04-28T07:04:07+00:00","description":"Le livre Maria Montessori writes to her father letters from California, 1915 contient des lettres \u00e9crites lors son voyage en Am\u00e9rique en 1913","breadcrumb":{"@id":"https:\/\/teiaeducation.ch\/fr\/produit\/livre-maria-montessori-writes-to-her-father-letters-from-california-1915\/#breadcrumb"},"inLanguage":"fr-FR","potentialAction":[{"@type":"ReadAction","target":["https:\/\/teiaeducation.ch\/fr\/produit\/livre-maria-montessori-writes-to-her-father-letters-from-california-1915\/"]}]},{"@type":"ImageObject","inLanguage":"fr-FR","@id":"https:\/\/teiaeducation.ch\/fr\/produit\/livre-maria-montessori-writes-to-her-father-letters-from-california-1915\/#primaryimage","url":"https:\/\/teiaeducation.ch\/wp-content\/uploads\/2021\/09\/Maria-Montessori-writes-to-her-father-letters-from-California-1915-1.jpg","contentUrl":"https:\/\/teiaeducation.ch\/wp-content\/uploads\/2021\/09\/Maria-Montessori-writes-to-her-father-letters-from-California-1915-1.jpg","width":1202,"height":1400,"caption":"Maria Montessori writes to her father, letters from California, 1915"},{"@type":"BreadcrumbList","@id":"https:\/\/teiaeducation.ch\/fr\/produit\/livre-maria-montessori-writes-to-her-father-letters-from-california-1915\/#breadcrumb","itemListElement":[{"@type":"ListItem","position":1,"name":"Home","item":"https:\/\/teiaeducation.ch\/fr\/"},{"@type":"ListItem","position":2,"name":"Boutique Teia Education &amp; Play","item":"https:\/\/teiaeducation.ch\/fr\/boutique\/"},{"@type":"ListItem","position":3,"name":"Nos Marques","item":"https:\/\/teiaeducation.ch\/fr\/categorie-produit\/marques\/"},{"@type":"ListItem","position":4,"name":"Nienhuis Montessori Suisse","item":"https:\/\/teiaeducation.ch\/fr\/categorie-produit\/marques\/nienhuis-montessori-materiel-fr\/"},{"@type":"ListItem","position":5,"name":"Livres","item":"https:\/\/teiaeducation.ch\/fr\/categorie-produit\/marques\/nienhuis-montessori-materiel-fr\/livres\/"},{"@type":"ListItem","position":6,"name":"Livre: Maria Montessori writes to her father, letters from California, 1915"}]},{"@type":"WebSite","@id":"https:\/\/teiaeducation.ch\/fr\/#website","url":"https:\/\/teiaeducation.ch\/fr\/","name":"Sustainable Educational Products &amp; Ecological Toys\u00a0","description":"Specialised Swiss shop selling sustainable educational toys and games, AMI certified Montessori materials, handmade ecological wooden Waldorf toys and arts &amp; crafts supplies, school supplies, children&#039;s furniture and Montessori reference and parenting books.","publisher":{"@id":"https:\/\/teiaeducation.ch\/fr\/#organization"},"alternateName":"Teia Education & Play","potentialAction":[{"@type":"SearchAction","target":{"@type":"EntryPoint","urlTemplate":"https:\/\/teiaeducation.ch\/fr\/?s={search_term_string}"},"query-input":{"@type":"PropertyValueSpecification","valueRequired":true,"valueName":"search_term_string"}}],"inLanguage":"fr-FR"},{"@type":"Organization","@id":"https:\/\/teiaeducation.ch\/fr\/#organization","name":"Teia Education & Play","url":"https:\/\/teiaeducation.ch\/fr\/","logo":{"@type":"ImageObject","inLanguage":"fr-FR","@id":"https:\/\/teiaeducation.ch\/fr\/#\/schema\/logo\/image\/","url":"https:\/\/teiaeducation.ch\/wp-content\/uploads\/2020\/11\/Teia-Education-Switzerland-e1620156442216.jpg","contentUrl":"https:\/\/teiaeducation.ch\/wp-content\/uploads\/2020\/11\/Teia-Education-Switzerland-e1620156442216.jpg","width":166,"height":145,"caption":"Teia Education & Play"},"image":{"@id":"https:\/\/teiaeducation.ch\/fr\/#\/schema\/logo\/image\/"},"sameAs":["https:\/\/www.facebook.com\/teiaeducation\/","https:\/\/x.com\/EducationTeia","https:\/\/www.instagram.com\/teia.education\/","https:\/\/www.linkedin.com\/company\/35501660","https:\/\/www.pinterest.ch\/TeiaEducation\/"]}]}},"_links":{"self":[{"href":"https:\/\/teiaeducation.ch\/fr\/wp-json\/wp\/v2\/product\/46991","targetHints":{"allow":["GET"]}}],"collection":[{"href":"https:\/\/teiaeducation.ch\/fr\/wp-json\/wp\/v2\/product"}],"about":[{"href":"https:\/\/teiaeducation.ch\/fr\/wp-json\/wp\/v2\/types\/product"}],"replies":[{"embeddable":true,"href":"https:\/\/teiaeducation.ch\/fr\/wp-json\/wp\/v2\/comments?post=46991"}],"wp:featuredmedia":[{"embeddable":true,"href":"https:\/\/teiaeducation.ch\/fr\/wp-json\/wp\/v2\/media\/62925"}],"wp:attachment":[{"href":"https:\/\/teiaeducation.ch\/fr\/wp-json\/wp\/v2\/media?parent=46991"}],"wp:term":[{"taxonomy":"product_brand","embeddable":true,"href":"https:\/\/teiaeducation.ch\/fr\/wp-json\/wp\/v2\/product_brand?post=46991"},{"taxonomy":"product_cat","embeddable":true,"href":"https:\/\/teiaeducation.ch\/fr\/wp-json\/wp\/v2\/product_cat?post=46991"},{"taxonomy":"product_tag","embeddable":true,"href":"https:\/\/teiaeducation.ch\/fr\/wp-json\/wp\/v2\/product_tag?post=46991"}],"curies":[{"name":"wp","href":"https:\/\/api.w.org\/{rel}","templated":true}]}}