{"id":47071,"date":"2023-01-17T13:17:58","date_gmt":"2023-01-17T12:17:58","guid":{"rendered":"https:\/\/teiaeducation.ch\/?post_type=product&#038;p=47071"},"modified":"2025-12-09T22:12:04","modified_gmt":"2025-12-09T21:12:04","slug":"etoile-filante-skytails-sarahs-silks","status":"publish","type":"product","link":"https:\/\/teiaeducation.ch\/fr\/produit\/etoile-filante-skytails-sarahs-silks\/","title":{"rendered":"Etoile filante skytails &#8211; Sarah&#8217; Silks"},"content":{"rendered":"<p>La skytails dans la variation \u00e9toile filante de Sarah\u2019s Silks est un joli <a href=\"https:\/\/teiaeducation.ch\/fr\/categorie-produit\/jouer\/jouets-actifs\/\">jouet actif<\/a> et amusant pour votre enfant ! Facile \u00e0 lancer, \u00e0 faire tourner et \u00e0 lancer par la queue en soie, la \u00e9toile filante Skytails a un look incroyable lorsqu\u2019elle vole dans les airs avec avec sa queue de nuit \u00e9toil\u00e9e. Elle contient une balle en caoutchouc souple recouverte de soie pour qu\u2019elle rebondisse et soit facile \u00e0 attraper, mais rembourr\u00e9e pour qu\u2019elle ne fasse pas mal si vous la frappez !<\/p>\n<p>Les enfants trouveront de nombreuses fa\u00e7ons imaginatives et cr\u00e9atives de jouer avec le Sarah&#8217;s Silks skytail pour \u00eatre actif\u00a0en s&#8217;amusant et faire de l&#8217;exercice, tout en d\u00e9veloppant leur coordination \u0153il-main et leur <a href=\"https:\/\/teiaeducation.ch\/fr\/categorie-produit\/domaines-du-curriculum\/sensorielles-motrices\/competences-motrices\/\">motricit\u00e9<\/a> globale.<\/p>\n<p>La \u00e9toile filante skytails de Sarah\u2019s Silks est fabriqu\u00e9e de mani\u00e8re durable et est livr\u00e9e dans un sac cadeau. Elle a \u00e9t\u00e9 joliment teint\u00e9e en bleu nuit avec des \u00e9toiles et jaune avec des colorants non toxiques et \u00e9cologiques. Ce jouet a \u00e9t\u00e9 test\u00e9 en toute s\u00e9curit\u00e9 pour les enfants \u00e2g\u00e9s de 3 ans et plus.<\/p>\n<p>Contenu:<\/p>\n<p>1 skytails \u00e9toile filante.<\/p>\n<p>Avertissement : Risque d&#8217;\u00e9touffement Le jouet contient une petite balle. Pas pour les enfants de moins de 3 ans.<\/p>\n<h2>Instructions de soins<\/h2>\n<p>Lavez \u00e0 la main avec du savon \u00e0 vaisselle ou un shampooing doux, s\u00e9chez sur la corde et utilisez un fer \u00e0 repasser moyen pour redonner de l&#8217;\u00e9clat &#8211; veuillez vous r\u00e9f\u00e9rer aux <a href=\"https:\/\/www.sarahssilks.com\/blogs\/journal\/how-to-wash-playsilks\">instructions<\/a> \u00e9tape par \u00e9tape de Sarah&#8217;s Silks pour laver votre soie.<\/p>\n<h2>Politique de retour<\/h2>\n<p>Tous les articles retourn\u00e9s doivent \u00eatre dans leur \u00e9tat d&#8217;origine, avec l&#8217;emballage original et les \u00e9tiquettes attach\u00e9es et intactes. Les articles utilis\u00e9s ou lav\u00e9s ne peuvent \u00eatre retourn\u00e9s.<\/p>\n<h2>\u00c0 propos de Sarah&#8217;s Silks<\/h2>\n<p><a href=\"https:\/\/teiaeducation.ch\/fr\/categorie-produit\/marques\/sarahs-silks-fr\/\">Sarah\u2019s Silks<\/a> est une entreprise familiale bas\u00e9e aux \u00c9tats-Unis sp\u00e9cialis\u00e9e dans les jouets d\u2019inspiration <a href=\"https:\/\/teiaeducation.ch\/fr\/categorie-produit\/jouer\/jouets-waldorf\/\">Waldorf<\/a>, <a href=\"https:\/\/teiaeducation.ch\/fr\/categorie-produit\/jouer\/jeu-de-la-nature\/\">naturels<\/a> et durables pour stimuler <a href=\"https:\/\/teiaeducation.ch\/fr\/categorie-produit\/jouer\/jeu-imaginatif-faire-semblant\/\">l\u2019imagination<\/a> des enfants. Leur mission est de fabriquer des <a href=\"https:\/\/teiaeducation.ch\/fr\/categorie-produit\/jouer\/\">jouets durables<\/a> et <a href=\"https:\/\/teiaeducation.ch\/fr\/categorie-produit\/jouer\/jeu-libre\/\">libres<\/a> qui enseignent \u00e0 nos enfants \u00e0 aimer et \u00e0 prendre soin de la Terre M\u00e8re. Les magnifiques soies de jeu, les cotons de jeu, les capes, les robes de f\u00e9es et les banderoles de Sarah&#8217;s Silks sont parfaits pour les jeux libres, les d\u00e9guisements et les jeux dramatiques dans les maisons Waldorf, les garderies et les <a href=\"https:\/\/teiaeducation.ch\/fr\/fournitures-pour-les-ecoles-waldorf-steiner\/\">\u00e9coles Steiner<\/a>.<\/p>\n<p>Tous les v\u00eatements et jouets en soie de Sarah&#8217;s Silks sont fabriqu\u00e9s \u00e0 partir de soie chinoise durable de haute qualit\u00e9. Chaque produit en soie est tiss\u00e9, color\u00e9 et ourl\u00e9 \u00e0 la main par des couturi\u00e8res travaillant de leur maison dans un petit village pr\u00e8s de Suzhou, en Chine. Ils sont ensuite peints et finis \u00e0 la main dans le Sonoma County, en Californie, aux \u00c9tats-Unis.<\/p>\n<p>Les enfants adorent les couleurs vibrantes et magnifiquement m\u00e9lang\u00e9es et la sensation douce et tactile des jouets, des <a href=\"https:\/\/teiaeducation.ch\/fr\/categorie-produit\/jouer\/jouets-en-tissu\/\">tissus<\/a> de jeu en coton et des capes. Ils sont r\u00e9alis\u00e9s \u00e0 l&#8217;aide de teintures non toxiques et \u00e9cologiques et de fibres naturelles allant de la soie v\u00e9ritable \u00e0 100 % ou coton. Ils ont pass\u00e9 des tests de s\u00e9curit\u00e9 am\u00e9ricains et europ\u00e9ens stricts et peuvent \u00eatre utilis\u00e9s par des enfants de tous \u00e2ges.<\/p>\n","protected":false},"excerpt":{"rendered":"<p>Num\u00e9ro d&#8217;article: 0005XT<\/p>\n<p>Cette magnifique \u00e9toile filante skytails est un jouet de lancer de Sarah\u2019s Silks, et parfaite pour un jeu actif, amusant et imaginatif !<\/p>\n","protected":false},"featured_media":47073,"comment_status":"open","ping_status":"closed","template":"","meta":[],"product_brand":[],"product_cat":[215,216,22032,18893,22344,17241,17238,21257,13130,18969,25822,13137,23021,13139,13140,13142,7595,217,5851,13124,212,1219],"product_tag":[23193,23194,20549,20550,20551,20548,1241,18426,23192,20546,20545,20544,20511,20512,18425],"class_list":{"0":"post-47071","1":"product","2":"type-product","3":"status-publish","4":"has-post-thumbnail","6":"product_cat-3-6-ans","7":"product_cat-6-12-ans","8":"product_cat-cadeaux-du-calendrier-de-lavent-et-de-noel","9":"product_cat-collection-printemps","10":"product_cat-collections-saisonnieres","11":"product_cat-guide-cadeaux-3-6-ans","12":"product_cat-guide-cadeaux-jouets-mous","13":"product_cat-guides-cadeaux","14":"product_cat-jouer","15":"product_cat-jouets-actifs","16":"product_cat-jouets-en-soie","17":"product_cat-jouets-en-tissu","18":"product_cat-jouets-waldorf","19":"product_cat-jeu-imaginatif-faire-semblant","20":"product_cat-jeu-libre","21":"product_cat-jeu-sensoriel","22":"product_cat-methode-deducation","23":"product_cat-marques","24":"product_cat-nouveautes","25":"product_cat-sarahs-silks-fr","26":"product_cat-tranche-dage","27":"product_cat-waldorf-fr","28":"product_tag-etoile-filante-skytails","29":"product_tag-etoile-filante-skytails-sarah-silks","30":"product_tag-jouet-de-lancer-en-soie","31":"product_tag-jouets-a-lancer-waldorf","32":"product_tag-jouets-actifs-waldorf","33":"product_tag-jouets-arc-en-ciel-sarahs-silks","34":"product_tag-jouets-waldorf","35":"product_tag-sarahs-silks-fr","36":"product_tag-sarahs-silks-jouet","37":"product_tag-sarahs-silks-sky-tail-fr","38":"product_tag-sarahs-silks-skytail-fr","39":"product_tag-sarahs-silks-skytails-fr","40":"product_tag-sarahs-silks-suisse-fr-2","41":"product_tag-sarahs-silks-suisse-fr-3","42":"product_tag-sarahs-silks-suisse-fr","44":"first","45":"outofstock","46":"taxable","47":"shipping-taxable","48":"purchasable","49":"product-type-simple"},"yoast_head":"<!-- This site is optimized with the Yoast SEO plugin v27.1.1 - https:\/\/yoast.com\/product\/yoast-seo-wordpress\/ -->\n<title>Etoile filante skytails - Sarah&#039; Silks - Teia Education &amp; Play<\/title>\n<meta name=\"description\" content=\"Cette magnifique \u00e9toile filante skytails est un jouet de lancer de Sarah\u2019s Silks, et parfaite pour un jeu actif, amusant et imaginatif.\" \/>\n<meta name=\"robots\" content=\"index, follow, max-snippet:-1, max-image-preview:large, max-video-preview:-1\" \/>\n<link rel=\"canonical\" href=\"https:\/\/teiaeducation.ch\/fr\/produit\/etoile-filante-skytails-sarahs-silks\/\" \/>\n<meta property=\"og:locale\" content=\"fr_FR\" \/>\n<meta property=\"og:type\" content=\"article\" \/>\n<meta property=\"og:title\" content=\"Etoile filante skytails - Sarah&#039; Silks - Teia Education &amp; Play\" \/>\n<meta property=\"og:description\" content=\"Cette magnifique \u00e9toile filante skytails est un jouet de lancer de Sarah\u2019s Silks, et parfaite pour un jeu actif, amusant et imaginatif.\" \/>\n<meta property=\"og:url\" content=\"https:\/\/teiaeducation.ch\/fr\/produit\/etoile-filante-skytails-sarahs-silks\/\" \/>\n<meta property=\"og:site_name\" content=\"Sustainable Educational Products &amp; Ecological Toys\u00a0\" \/>\n<meta property=\"article:publisher\" content=\"https:\/\/www.facebook.com\/teiaeducation\/\" \/>\n<meta property=\"article:modified_time\" content=\"2025-12-09T21:12:04+00:00\" \/>\n<meta property=\"og:image\" content=\"https:\/\/teiaeducation.ch\/wp-content\/uploads\/2022\/05\/Skytails-shooting-star-Sarahs-Silks.jpg\" \/>\n\t<meta property=\"og:image:width\" content=\"800\" \/>\n\t<meta property=\"og:image:height\" content=\"1000\" \/>\n\t<meta property=\"og:image:type\" content=\"image\/jpeg\" \/>\n<script type=\"application\/ld+json\" class=\"yoast-schema-graph\">{\"@context\":\"https:\/\/schema.org\",\"@graph\":[{\"@type\":\"WebPage\",\"@id\":\"https:\/\/teiaeducation.ch\/fr\/produit\/etoile-filante-skytails-sarahs-silks\/\",\"url\":\"https:\/\/teiaeducation.ch\/fr\/produit\/etoile-filante-skytails-sarahs-silks\/\",\"name\":\"Etoile filante skytails - Sarah' Silks - Teia Education & Play\",\"isPartOf\":{\"@id\":\"https:\/\/teiaeducation.ch\/fr\/#website\"},\"primaryImageOfPage\":{\"@id\":\"https:\/\/teiaeducation.ch\/fr\/produit\/etoile-filante-skytails-sarahs-silks\/#primaryimage\"},\"image\":{\"@id\":\"https:\/\/teiaeducation.ch\/fr\/produit\/etoile-filante-skytails-sarahs-silks\/#primaryimage\"},\"thumbnailUrl\":\"https:\/\/teiaeducation.ch\/wp-content\/uploads\/2022\/05\/Skytails-shooting-star-Sarahs-Silks.jpg\",\"datePublished\":\"2023-01-17T12:17:58+00:00\",\"dateModified\":\"2025-12-09T21:12:04+00:00\",\"description\":\"Cette magnifique \u00e9toile filante skytails est un jouet de lancer de Sarah\u2019s Silks, et parfaite pour un jeu actif, amusant et imaginatif.\",\"breadcrumb\":{\"@id\":\"https:\/\/teiaeducation.ch\/fr\/produit\/etoile-filante-skytails-sarahs-silks\/#breadcrumb\"},\"inLanguage\":\"fr-FR\",\"potentialAction\":[{\"@type\":\"ReadAction\",\"target\":[\"https:\/\/teiaeducation.ch\/fr\/produit\/etoile-filante-skytails-sarahs-silks\/\"]}]},{\"@type\":\"ImageObject\",\"inLanguage\":\"fr-FR\",\"@id\":\"https:\/\/teiaeducation.ch\/fr\/produit\/etoile-filante-skytails-sarahs-silks\/#primaryimage\",\"url\":\"https:\/\/teiaeducation.ch\/wp-content\/uploads\/2022\/05\/Skytails-shooting-star-Sarahs-Silks.jpg\",\"contentUrl\":\"https:\/\/teiaeducation.ch\/wp-content\/uploads\/2022\/05\/Skytails-shooting-star-Sarahs-Silks.jpg\",\"width\":800,\"height\":1000,\"caption\":\"Etoile filante Skytails Sarah' Silks\"},{\"@type\":\"BreadcrumbList\",\"@id\":\"https:\/\/teiaeducation.ch\/fr\/produit\/etoile-filante-skytails-sarahs-silks\/#breadcrumb\",\"itemListElement\":[{\"@type\":\"ListItem\",\"position\":1,\"name\":\"Home\",\"item\":\"https:\/\/teiaeducation.ch\/fr\/\"},{\"@type\":\"ListItem\",\"position\":2,\"name\":\"Boutique Teia Education &amp; Play\",\"item\":\"https:\/\/teiaeducation.ch\/fr\/boutique\/\"},{\"@type\":\"ListItem\",\"position\":3,\"name\":\"Nos Marques\",\"item\":\"https:\/\/teiaeducation.ch\/fr\/categorie-produit\/marques\/\"},{\"@type\":\"ListItem\",\"position\":4,\"name\":\"Sarah's Silks\",\"item\":\"https:\/\/teiaeducation.ch\/fr\/categorie-produit\/marques\/sarahs-silks-fr\/\"},{\"@type\":\"ListItem\",\"position\":5,\"name\":\"Jouets en soie\",\"item\":\"https:\/\/teiaeducation.ch\/fr\/categorie-produit\/marques\/sarahs-silks-fr\/jouets-en-soie\/\"},{\"@type\":\"ListItem\",\"position\":6,\"name\":\"Etoile filante skytails &#8211; Sarah&#8217; Silks\"}]},{\"@type\":\"WebSite\",\"@id\":\"https:\/\/teiaeducation.ch\/fr\/#website\",\"url\":\"https:\/\/teiaeducation.ch\/fr\/\",\"name\":\"Sustainable Educational Products &amp; Ecological Toys\u00a0\",\"description\":\"Specialised Swiss shop selling sustainable educational toys and games, AMI certified Montessori materials, handmade ecological wooden Waldorf toys and arts &amp; crafts supplies, school supplies, children&#039;s furniture and Montessori reference and parenting books.\",\"publisher\":{\"@id\":\"https:\/\/teiaeducation.ch\/fr\/#organization\"},\"alternateName\":\"Teia Education & Play\",\"potentialAction\":[{\"@type\":\"SearchAction\",\"target\":{\"@type\":\"EntryPoint\",\"urlTemplate\":\"https:\/\/teiaeducation.ch\/fr\/?s={search_term_string}\"},\"query-input\":{\"@type\":\"PropertyValueSpecification\",\"valueRequired\":true,\"valueName\":\"search_term_string\"}}],\"inLanguage\":\"fr-FR\"},{\"@type\":\"Organization\",\"@id\":\"https:\/\/teiaeducation.ch\/fr\/#organization\",\"name\":\"Teia Education & Play\",\"url\":\"https:\/\/teiaeducation.ch\/fr\/\",\"logo\":{\"@type\":\"ImageObject\",\"inLanguage\":\"fr-FR\",\"@id\":\"https:\/\/teiaeducation.ch\/fr\/#\/schema\/logo\/image\/\",\"url\":\"https:\/\/teiaeducation.ch\/wp-content\/uploads\/2020\/11\/Teia-Education-Switzerland-e1620156442216.jpg\",\"contentUrl\":\"https:\/\/teiaeducation.ch\/wp-content\/uploads\/2020\/11\/Teia-Education-Switzerland-e1620156442216.jpg\",\"width\":166,\"height\":145,\"caption\":\"Teia Education & Play\"},\"image\":{\"@id\":\"https:\/\/teiaeducation.ch\/fr\/#\/schema\/logo\/image\/\"},\"sameAs\":[\"https:\/\/www.facebook.com\/teiaeducation\/\",\"https:\/\/x.com\/EducationTeia\",\"https:\/\/www.instagram.com\/teia.education\/\",\"https:\/\/www.linkedin.com\/company\/35501660\",\"https:\/\/www.pinterest.ch\/TeiaEducation\/\"]}]}<\/script>\n<!-- \/ Yoast SEO plugin. -->","yoast_head_json":{"title":"Etoile filante skytails - Sarah' Silks - Teia Education & Play","description":"Cette magnifique \u00e9toile filante skytails est un jouet de lancer de Sarah\u2019s Silks, et parfaite pour un jeu actif, amusant et imaginatif.","robots":{"index":"index","follow":"follow","max-snippet":"max-snippet:-1","max-image-preview":"max-image-preview:large","max-video-preview":"max-video-preview:-1"},"canonical":"https:\/\/teiaeducation.ch\/fr\/produit\/etoile-filante-skytails-sarahs-silks\/","og_locale":"fr_FR","og_type":"article","og_title":"Etoile filante skytails - Sarah' Silks - Teia Education & Play","og_description":"Cette magnifique \u00e9toile filante skytails est un jouet de lancer de Sarah\u2019s Silks, et parfaite pour un jeu actif, amusant et imaginatif.","og_url":"https:\/\/teiaeducation.ch\/fr\/produit\/etoile-filante-skytails-sarahs-silks\/","og_site_name":"Sustainable Educational Products &amp; Ecological Toys\u00a0","article_publisher":"https:\/\/www.facebook.com\/teiaeducation\/","article_modified_time":"2025-12-09T21:12:04+00:00","og_image":[{"width":800,"height":1000,"url":"https:\/\/teiaeducation.ch\/wp-content\/uploads\/2022\/05\/Skytails-shooting-star-Sarahs-Silks.jpg","type":"image\/jpeg"}],"schema":{"@context":"https:\/\/schema.org","@graph":[{"@type":"WebPage","@id":"https:\/\/teiaeducation.ch\/fr\/produit\/etoile-filante-skytails-sarahs-silks\/","url":"https:\/\/teiaeducation.ch\/fr\/produit\/etoile-filante-skytails-sarahs-silks\/","name":"Etoile filante skytails - Sarah' Silks - Teia Education & Play","isPartOf":{"@id":"https:\/\/teiaeducation.ch\/fr\/#website"},"primaryImageOfPage":{"@id":"https:\/\/teiaeducation.ch\/fr\/produit\/etoile-filante-skytails-sarahs-silks\/#primaryimage"},"image":{"@id":"https:\/\/teiaeducation.ch\/fr\/produit\/etoile-filante-skytails-sarahs-silks\/#primaryimage"},"thumbnailUrl":"https:\/\/teiaeducation.ch\/wp-content\/uploads\/2022\/05\/Skytails-shooting-star-Sarahs-Silks.jpg","datePublished":"2023-01-17T12:17:58+00:00","dateModified":"2025-12-09T21:12:04+00:00","description":"Cette magnifique \u00e9toile filante skytails est un jouet de lancer de Sarah\u2019s Silks, et parfaite pour un jeu actif, amusant et imaginatif.","breadcrumb":{"@id":"https:\/\/teiaeducation.ch\/fr\/produit\/etoile-filante-skytails-sarahs-silks\/#breadcrumb"},"inLanguage":"fr-FR","potentialAction":[{"@type":"ReadAction","target":["https:\/\/teiaeducation.ch\/fr\/produit\/etoile-filante-skytails-sarahs-silks\/"]}]},{"@type":"ImageObject","inLanguage":"fr-FR","@id":"https:\/\/teiaeducation.ch\/fr\/produit\/etoile-filante-skytails-sarahs-silks\/#primaryimage","url":"https:\/\/teiaeducation.ch\/wp-content\/uploads\/2022\/05\/Skytails-shooting-star-Sarahs-Silks.jpg","contentUrl":"https:\/\/teiaeducation.ch\/wp-content\/uploads\/2022\/05\/Skytails-shooting-star-Sarahs-Silks.jpg","width":800,"height":1000,"caption":"Etoile filante Skytails Sarah' Silks"},{"@type":"BreadcrumbList","@id":"https:\/\/teiaeducation.ch\/fr\/produit\/etoile-filante-skytails-sarahs-silks\/#breadcrumb","itemListElement":[{"@type":"ListItem","position":1,"name":"Home","item":"https:\/\/teiaeducation.ch\/fr\/"},{"@type":"ListItem","position":2,"name":"Boutique Teia Education &amp; Play","item":"https:\/\/teiaeducation.ch\/fr\/boutique\/"},{"@type":"ListItem","position":3,"name":"Nos Marques","item":"https:\/\/teiaeducation.ch\/fr\/categorie-produit\/marques\/"},{"@type":"ListItem","position":4,"name":"Sarah's Silks","item":"https:\/\/teiaeducation.ch\/fr\/categorie-produit\/marques\/sarahs-silks-fr\/"},{"@type":"ListItem","position":5,"name":"Jouets en soie","item":"https:\/\/teiaeducation.ch\/fr\/categorie-produit\/marques\/sarahs-silks-fr\/jouets-en-soie\/"},{"@type":"ListItem","position":6,"name":"Etoile filante skytails &#8211; Sarah&#8217; Silks"}]},{"@type":"WebSite","@id":"https:\/\/teiaeducation.ch\/fr\/#website","url":"https:\/\/teiaeducation.ch\/fr\/","name":"Sustainable Educational Products &amp; Ecological Toys\u00a0","description":"Specialised Swiss shop selling sustainable educational toys and games, AMI certified Montessori materials, handmade ecological wooden Waldorf toys and arts &amp; crafts supplies, school supplies, children&#039;s furniture and Montessori reference and parenting books.","publisher":{"@id":"https:\/\/teiaeducation.ch\/fr\/#organization"},"alternateName":"Teia Education & Play","potentialAction":[{"@type":"SearchAction","target":{"@type":"EntryPoint","urlTemplate":"https:\/\/teiaeducation.ch\/fr\/?s={search_term_string}"},"query-input":{"@type":"PropertyValueSpecification","valueRequired":true,"valueName":"search_term_string"}}],"inLanguage":"fr-FR"},{"@type":"Organization","@id":"https:\/\/teiaeducation.ch\/fr\/#organization","name":"Teia Education & Play","url":"https:\/\/teiaeducation.ch\/fr\/","logo":{"@type":"ImageObject","inLanguage":"fr-FR","@id":"https:\/\/teiaeducation.ch\/fr\/#\/schema\/logo\/image\/","url":"https:\/\/teiaeducation.ch\/wp-content\/uploads\/2020\/11\/Teia-Education-Switzerland-e1620156442216.jpg","contentUrl":"https:\/\/teiaeducation.ch\/wp-content\/uploads\/2020\/11\/Teia-Education-Switzerland-e1620156442216.jpg","width":166,"height":145,"caption":"Teia Education & Play"},"image":{"@id":"https:\/\/teiaeducation.ch\/fr\/#\/schema\/logo\/image\/"},"sameAs":["https:\/\/www.facebook.com\/teiaeducation\/","https:\/\/x.com\/EducationTeia","https:\/\/www.instagram.com\/teia.education\/","https:\/\/www.linkedin.com\/company\/35501660","https:\/\/www.pinterest.ch\/TeiaEducation\/"]}]}},"_links":{"self":[{"href":"https:\/\/teiaeducation.ch\/fr\/wp-json\/wp\/v2\/product\/47071","targetHints":{"allow":["GET"]}}],"collection":[{"href":"https:\/\/teiaeducation.ch\/fr\/wp-json\/wp\/v2\/product"}],"about":[{"href":"https:\/\/teiaeducation.ch\/fr\/wp-json\/wp\/v2\/types\/product"}],"replies":[{"embeddable":true,"href":"https:\/\/teiaeducation.ch\/fr\/wp-json\/wp\/v2\/comments?post=47071"}],"wp:featuredmedia":[{"embeddable":true,"href":"https:\/\/teiaeducation.ch\/fr\/wp-json\/wp\/v2\/media\/47073"}],"wp:attachment":[{"href":"https:\/\/teiaeducation.ch\/fr\/wp-json\/wp\/v2\/media?parent=47071"}],"wp:term":[{"taxonomy":"product_brand","embeddable":true,"href":"https:\/\/teiaeducation.ch\/fr\/wp-json\/wp\/v2\/product_brand?post=47071"},{"taxonomy":"product_cat","embeddable":true,"href":"https:\/\/teiaeducation.ch\/fr\/wp-json\/wp\/v2\/product_cat?post=47071"},{"taxonomy":"product_tag","embeddable":true,"href":"https:\/\/teiaeducation.ch\/fr\/wp-json\/wp\/v2\/product_tag?post=47071"}],"curies":[{"name":"wp","href":"https:\/\/api.w.org\/{rel}","templated":true}]}}