{"id":47085,"date":"2022-05-02T15:49:52","date_gmt":"2022-05-02T13:49:52","guid":{"rendered":"https:\/\/teiaeducation.ch\/?post_type=product&#038;p=47085"},"modified":"2023-08-21T13:54:40","modified_gmt":"2023-08-21T11:54:40","slug":"voile-arc-en-ciel-sarahs-silks-copy","status":"publish","type":"product","link":"https:\/\/teiaeducation.ch\/fr\/produit\/voile-arc-en-ciel-sarahs-silks-copy\/","title":{"rendered":"Voile d\u00e9sert &#8211; Sarah&#8217; Silks"},"content":{"rendered":"<p>Avec le voile en soie d\u00e9sert avec guirlande de couleur jaune de Sarah\u2019s Silks, les jeux de r\u00f4les atteignent un niveau \u00e9lev\u00e9 ! Ce magnifique voile est tr\u00e8s bien fait, tactile et confortable pour l&#8217;habillage et les jeux imaginatifs\u00a0quotidiens de type Waldorf.<\/p>\n<p>Le voile est peint \u00e0 la main dans un motif de paysage d\u00e9sert de jaunes et de bruns doux sur de la soie Georgette douce et fluide, mesurant 70 cm de long et 60 cm de large. Il tombe en cascade d\u2019un bandeau extensible de 45 cm en soie jaune avec des rubans assortis pour s\u2019adapter \u00e0 tous les \u00e2ges.<\/p>\n<p>Le voile d\u00e9sert est le jouet ouvert parfait pour de nombreux jeux magiques, fantastiques et inspir\u00e9s de <a href=\"https:\/\/teiaeducation.ch\/fr\/categorie-produit\/methode-deducation\/waldorf-fr\/\">Waldorf<\/a> !<\/p>\n<p>Contenu:<\/p>\n<p>1 voile &#8211; taille unique.<\/p>\n<h2>Instructions de soins<\/h2>\n<p>Lavez \u00e0 la main avec du savon \u00e0 vaisselle ou un shampooing doux, s\u00e9chez sur la corde et utilisez un fer \u00e0 repasser moyen pour redonner de l&#8217;\u00e9clat &#8211; veuillez vous r\u00e9f\u00e9rer aux <a href=\"https:\/\/www.sarahssilks.com\/blogs\/journal\/how-to-wash-playsilks\">instructions<\/a> \u00e9tape par \u00e9tape de Sarah&#8217;s Silks pour laver votre soie.<\/p>\n<h2>Politique de retour<\/h2>\n<p>Tous les articles retourn\u00e9s doivent \u00eatre dans leur \u00e9tat d&#8217;origine, avec l&#8217;emballage original et les \u00e9tiquettes attach\u00e9es et intactes. Les articles utilis\u00e9s ou lav\u00e9s ne peuvent \u00eatre retourn\u00e9s.<\/p>\n<h2>\u00c0 propos de Sarah&#8217;s Silks<\/h2>\n<p><a href=\"https:\/\/teiaeducation.ch\/fr\/categorie-produit\/marques\/sarahs-silks-fr\/\">Sarah\u2019s Silks<\/a> est une entreprise familiale bas\u00e9e aux \u00c9tats-Unis sp\u00e9cialis\u00e9e dans les jouets d\u2019inspiration <a href=\"https:\/\/teiaeducation.ch\/fr\/categorie-produit\/jouer\/jouets-waldorf\/\">Waldorf<\/a>, <a href=\"https:\/\/teiaeducation.ch\/fr\/categorie-produit\/jouer\/jeu-de-la-nature\/\">naturels<\/a> et durables pour stimuler <a href=\"https:\/\/teiaeducation.ch\/fr\/categorie-produit\/jouer\/jeu-imaginatif-faire-semblant\/\">l\u2019imagination<\/a> des enfants. Leur mission est de fabriquer des <a href=\"https:\/\/teiaeducation.ch\/fr\/categorie-produit\/jouer\/\">jouets durables<\/a> et <a href=\"https:\/\/teiaeducation.ch\/fr\/categorie-produit\/jouer\/jeu-libre\/\">libres<\/a> qui enseignent \u00e0 nos enfants \u00e0 aimer et \u00e0 prendre soin de la Terre M\u00e8re. Les magnifiques soies de jeu, les cotons de jeu, les capes, les robes de f\u00e9es et les banderoles de Sarah&#8217;s Silks sont parfaits pour les jeux libres, les d\u00e9guisements et les jeux dramatiques dans les maisons Waldorf, les garderies et les <a href=\"https:\/\/teiaeducation.ch\/fr\/fournitures-pour-les-ecoles-waldorf-steiner\/\">\u00e9coles Steiner<\/a>.<\/p>\n<p>Tous les v\u00eatements et jouets en soie de Sarah&#8217;s Silks sont fabriqu\u00e9s \u00e0 partir de soie chinoise durable de haute qualit\u00e9. Chaque produit en soie est tiss\u00e9, color\u00e9 et ourl\u00e9 \u00e0 la main par des couturi\u00e8res travaillant de leur maison dans un petit village pr\u00e8s de Suzhou, en Chine. Ils sont ensuite peints et finis \u00e0 la main dans le Sonoma County, en Californie, aux \u00c9tats-Unis.<\/p>\n<p>Les enfants adorent les couleurs vibrantes et magnifiquement m\u00e9lang\u00e9es et la sensation douce et tactile des jouets, des <a href=\"https:\/\/teiaeducation.ch\/fr\/categorie-produit\/jouer\/jouets-en-tissu\/\">tissus<\/a> de jeu en coton et des capes. Ils sont r\u00e9alis\u00e9s \u00e0 l&#8217;aide de teintures non toxiques et \u00e9cologiques et de fibres naturelles allant de la soie v\u00e9ritable \u00e0 100 % ou coton. Ils ont pass\u00e9 des tests de s\u00e9curit\u00e9 am\u00e9ricains et europ\u00e9ens stricts et peuvent \u00eatre utilis\u00e9s par des enfants de tous \u00e2ges.<\/p>\n","protected":false},"excerpt":{"rendered":"<p>Num\u00e9ro d&#8217;article: SS3093<\/p>\n<p>Le voile d\u00e9sert en soie avec guirlande en jaune de Sarah\u2019s Silks est tr\u00e8s bien fait et confortable pour les jeux imaginatifs de type Waldorf.<\/p>\n","protected":false},"featured_media":47093,"comment_status":"open","ping_status":"closed","template":"","meta":[],"product_brand":[],"product_cat":[215,216,16898,22344,25820,17238,21257,13130,13137,23021,13139,13140,13142,7595,217,5851,13124,212,1219],"product_tag":[19467,18427,19464,23582,18426,19462,19460,19461,18425,19463,19465,19466],"class_list":{"0":"post-47085","1":"product","2":"type-product","3":"status-publish","4":"has-post-thumbnail","6":"product_cat-3-6-ans","7":"product_cat-6-12-ans","8":"product_cat-collection-automne","9":"product_cat-collections-saisonnieres","10":"product_cat-deguisements","11":"product_cat-guide-cadeaux-jouets-mous","12":"product_cat-guides-cadeaux","13":"product_cat-jouer","14":"product_cat-jouets-en-tissu","15":"product_cat-jouets-waldorf","16":"product_cat-jeu-imaginatif-faire-semblant","17":"product_cat-jeu-libre","18":"product_cat-jeu-sensoriel","19":"product_cat-methode-deducation","20":"product_cat-marques","21":"product_cat-nouveautes","22":"product_cat-sarahs-silks-fr","23":"product_cat-tranche-dage","24":"product_cat-waldorf-fr","25":"product_tag-accessoires-de-jeu-imaginatif","26":"product_tag-costumes-waldorf","27":"product_tag-deguisement-arc-en-ciel","28":"product_tag-open-ended-play-fr","29":"product_tag-sarahs-silks-fr","30":"product_tag-sarahs-silks-se-deguiser","31":"product_tag-sarahs-silks-voile","32":"product_tag-sarahs-silks-voile-arc-en-ciel","33":"product_tag-sarahs-silks-suisse-fr","34":"product_tag-se-deguiser-accessoires-en-soie","35":"product_tag-soies-dhabillage-arc-en-ciel","36":"product_tag-waldorf-accessoires","38":"first","39":"outofstock","40":"taxable","41":"shipping-taxable","42":"purchasable","43":"product-type-simple"},"yoast_head":"<!-- This site is optimized with the Yoast SEO plugin v27.1.1 - https:\/\/yoast.com\/product\/yoast-seo-wordpress\/ -->\n<title>Voile d\u00e9sert - Sarah&#039; Silks - Teia Education &amp; Play<\/title>\n<meta name=\"description\" content=\"Le voile d\u00e9sert en soie avec guirlande en jaune de Sarah\u2019s Silks est tr\u00e8s bien fait et confortable pour les jeux imaginatifs de type Waldorf.\" \/>\n<meta name=\"robots\" content=\"index, follow, max-snippet:-1, max-image-preview:large, max-video-preview:-1\" \/>\n<link rel=\"canonical\" href=\"https:\/\/teiaeducation.ch\/fr\/produit\/voile-arc-en-ciel-sarahs-silks-copy\/\" \/>\n<meta property=\"og:locale\" content=\"fr_FR\" \/>\n<meta property=\"og:type\" content=\"article\" \/>\n<meta property=\"og:title\" content=\"Voile d\u00e9sert - Sarah&#039; Silks - Teia Education &amp; Play\" \/>\n<meta property=\"og:description\" content=\"Le voile d\u00e9sert en soie avec guirlande en jaune de Sarah\u2019s Silks est tr\u00e8s bien fait et confortable pour les jeux imaginatifs de type Waldorf.\" \/>\n<meta property=\"og:url\" content=\"https:\/\/teiaeducation.ch\/fr\/produit\/voile-arc-en-ciel-sarahs-silks-copy\/\" \/>\n<meta property=\"og:site_name\" content=\"Sustainable Educational Products &amp; Ecological Toys\u00a0\" \/>\n<meta property=\"article:publisher\" content=\"https:\/\/www.facebook.com\/teiaeducation\/\" \/>\n<meta property=\"article:modified_time\" content=\"2023-08-21T11:54:40+00:00\" \/>\n<meta property=\"og:image\" content=\"https:\/\/teiaeducation.ch\/wp-content\/uploads\/2022\/05\/Desert-silk-veil-Sarahs-Silks-2.jpg\" \/>\n\t<meta property=\"og:image:width\" content=\"800\" \/>\n\t<meta property=\"og:image:height\" content=\"1000\" \/>\n\t<meta property=\"og:image:type\" content=\"image\/jpeg\" \/>\n<script type=\"application\/ld+json\" class=\"yoast-schema-graph\">{\"@context\":\"https:\/\/schema.org\",\"@graph\":[{\"@type\":\"WebPage\",\"@id\":\"https:\/\/teiaeducation.ch\/fr\/produit\/voile-arc-en-ciel-sarahs-silks-copy\/\",\"url\":\"https:\/\/teiaeducation.ch\/fr\/produit\/voile-arc-en-ciel-sarahs-silks-copy\/\",\"name\":\"Voile d\u00e9sert - Sarah' Silks - Teia Education & Play\",\"isPartOf\":{\"@id\":\"https:\/\/teiaeducation.ch\/fr\/#website\"},\"primaryImageOfPage\":{\"@id\":\"https:\/\/teiaeducation.ch\/fr\/produit\/voile-arc-en-ciel-sarahs-silks-copy\/#primaryimage\"},\"image\":{\"@id\":\"https:\/\/teiaeducation.ch\/fr\/produit\/voile-arc-en-ciel-sarahs-silks-copy\/#primaryimage\"},\"thumbnailUrl\":\"https:\/\/teiaeducation.ch\/wp-content\/uploads\/2022\/05\/Desert-silk-veil-Sarahs-Silks-2.jpg\",\"datePublished\":\"2022-05-02T13:49:52+00:00\",\"dateModified\":\"2023-08-21T11:54:40+00:00\",\"description\":\"Le voile d\u00e9sert en soie avec guirlande en jaune de Sarah\u2019s Silks est tr\u00e8s bien fait et confortable pour les jeux imaginatifs de type Waldorf.\",\"breadcrumb\":{\"@id\":\"https:\/\/teiaeducation.ch\/fr\/produit\/voile-arc-en-ciel-sarahs-silks-copy\/#breadcrumb\"},\"inLanguage\":\"fr-FR\",\"potentialAction\":[{\"@type\":\"ReadAction\",\"target\":[\"https:\/\/teiaeducation.ch\/fr\/produit\/voile-arc-en-ciel-sarahs-silks-copy\/\"]}]},{\"@type\":\"ImageObject\",\"inLanguage\":\"fr-FR\",\"@id\":\"https:\/\/teiaeducation.ch\/fr\/produit\/voile-arc-en-ciel-sarahs-silks-copy\/#primaryimage\",\"url\":\"https:\/\/teiaeducation.ch\/wp-content\/uploads\/2022\/05\/Desert-silk-veil-Sarahs-Silks-2.jpg\",\"contentUrl\":\"https:\/\/teiaeducation.ch\/wp-content\/uploads\/2022\/05\/Desert-silk-veil-Sarahs-Silks-2.jpg\",\"width\":800,\"height\":1000,\"caption\":\"Voile en soie d\u00e9sert - Sarah' Silks\"},{\"@type\":\"BreadcrumbList\",\"@id\":\"https:\/\/teiaeducation.ch\/fr\/produit\/voile-arc-en-ciel-sarahs-silks-copy\/#breadcrumb\",\"itemListElement\":[{\"@type\":\"ListItem\",\"position\":1,\"name\":\"Home\",\"item\":\"https:\/\/teiaeducation.ch\/fr\/\"},{\"@type\":\"ListItem\",\"position\":2,\"name\":\"Boutique Teia Education &amp; Play\",\"item\":\"https:\/\/teiaeducation.ch\/fr\/boutique\/\"},{\"@type\":\"ListItem\",\"position\":3,\"name\":\"Nos Marques\",\"item\":\"https:\/\/teiaeducation.ch\/fr\/categorie-produit\/marques\/\"},{\"@type\":\"ListItem\",\"position\":4,\"name\":\"Sarah's Silks\",\"item\":\"https:\/\/teiaeducation.ch\/fr\/categorie-produit\/marques\/sarahs-silks-fr\/\"},{\"@type\":\"ListItem\",\"position\":5,\"name\":\"D\u00e9guisements\",\"item\":\"https:\/\/teiaeducation.ch\/fr\/categorie-produit\/marques\/sarahs-silks-fr\/deguisements\/\"},{\"@type\":\"ListItem\",\"position\":6,\"name\":\"Voile d\u00e9sert &#8211; Sarah&#8217; Silks\"}]},{\"@type\":\"WebSite\",\"@id\":\"https:\/\/teiaeducation.ch\/fr\/#website\",\"url\":\"https:\/\/teiaeducation.ch\/fr\/\",\"name\":\"Sustainable Educational Products &amp; Ecological Toys\u00a0\",\"description\":\"Specialised Swiss shop selling sustainable educational toys and games, AMI certified Montessori materials, handmade ecological wooden Waldorf toys and arts &amp; crafts supplies, school supplies, children&#039;s furniture and Montessori reference and parenting books.\",\"publisher\":{\"@id\":\"https:\/\/teiaeducation.ch\/fr\/#organization\"},\"alternateName\":\"Teia Education & Play\",\"potentialAction\":[{\"@type\":\"SearchAction\",\"target\":{\"@type\":\"EntryPoint\",\"urlTemplate\":\"https:\/\/teiaeducation.ch\/fr\/?s={search_term_string}\"},\"query-input\":{\"@type\":\"PropertyValueSpecification\",\"valueRequired\":true,\"valueName\":\"search_term_string\"}}],\"inLanguage\":\"fr-FR\"},{\"@type\":\"Organization\",\"@id\":\"https:\/\/teiaeducation.ch\/fr\/#organization\",\"name\":\"Teia Education & Play\",\"url\":\"https:\/\/teiaeducation.ch\/fr\/\",\"logo\":{\"@type\":\"ImageObject\",\"inLanguage\":\"fr-FR\",\"@id\":\"https:\/\/teiaeducation.ch\/fr\/#\/schema\/logo\/image\/\",\"url\":\"https:\/\/teiaeducation.ch\/wp-content\/uploads\/2020\/11\/Teia-Education-Switzerland-e1620156442216.jpg\",\"contentUrl\":\"https:\/\/teiaeducation.ch\/wp-content\/uploads\/2020\/11\/Teia-Education-Switzerland-e1620156442216.jpg\",\"width\":166,\"height\":145,\"caption\":\"Teia Education & Play\"},\"image\":{\"@id\":\"https:\/\/teiaeducation.ch\/fr\/#\/schema\/logo\/image\/\"},\"sameAs\":[\"https:\/\/www.facebook.com\/teiaeducation\/\",\"https:\/\/x.com\/EducationTeia\",\"https:\/\/www.instagram.com\/teia.education\/\",\"https:\/\/www.linkedin.com\/company\/35501660\",\"https:\/\/www.pinterest.ch\/TeiaEducation\/\"]}]}<\/script>\n<!-- \/ Yoast SEO plugin. -->","yoast_head_json":{"title":"Voile d\u00e9sert - Sarah' Silks - Teia Education & Play","description":"Le voile d\u00e9sert en soie avec guirlande en jaune de Sarah\u2019s Silks est tr\u00e8s bien fait et confortable pour les jeux imaginatifs de type Waldorf.","robots":{"index":"index","follow":"follow","max-snippet":"max-snippet:-1","max-image-preview":"max-image-preview:large","max-video-preview":"max-video-preview:-1"},"canonical":"https:\/\/teiaeducation.ch\/fr\/produit\/voile-arc-en-ciel-sarahs-silks-copy\/","og_locale":"fr_FR","og_type":"article","og_title":"Voile d\u00e9sert - Sarah' Silks - Teia Education & Play","og_description":"Le voile d\u00e9sert en soie avec guirlande en jaune de Sarah\u2019s Silks est tr\u00e8s bien fait et confortable pour les jeux imaginatifs de type Waldorf.","og_url":"https:\/\/teiaeducation.ch\/fr\/produit\/voile-arc-en-ciel-sarahs-silks-copy\/","og_site_name":"Sustainable Educational Products &amp; Ecological Toys\u00a0","article_publisher":"https:\/\/www.facebook.com\/teiaeducation\/","article_modified_time":"2023-08-21T11:54:40+00:00","og_image":[{"width":800,"height":1000,"url":"https:\/\/teiaeducation.ch\/wp-content\/uploads\/2022\/05\/Desert-silk-veil-Sarahs-Silks-2.jpg","type":"image\/jpeg"}],"schema":{"@context":"https:\/\/schema.org","@graph":[{"@type":"WebPage","@id":"https:\/\/teiaeducation.ch\/fr\/produit\/voile-arc-en-ciel-sarahs-silks-copy\/","url":"https:\/\/teiaeducation.ch\/fr\/produit\/voile-arc-en-ciel-sarahs-silks-copy\/","name":"Voile d\u00e9sert - Sarah' Silks - Teia Education & Play","isPartOf":{"@id":"https:\/\/teiaeducation.ch\/fr\/#website"},"primaryImageOfPage":{"@id":"https:\/\/teiaeducation.ch\/fr\/produit\/voile-arc-en-ciel-sarahs-silks-copy\/#primaryimage"},"image":{"@id":"https:\/\/teiaeducation.ch\/fr\/produit\/voile-arc-en-ciel-sarahs-silks-copy\/#primaryimage"},"thumbnailUrl":"https:\/\/teiaeducation.ch\/wp-content\/uploads\/2022\/05\/Desert-silk-veil-Sarahs-Silks-2.jpg","datePublished":"2022-05-02T13:49:52+00:00","dateModified":"2023-08-21T11:54:40+00:00","description":"Le voile d\u00e9sert en soie avec guirlande en jaune de Sarah\u2019s Silks est tr\u00e8s bien fait et confortable pour les jeux imaginatifs de type Waldorf.","breadcrumb":{"@id":"https:\/\/teiaeducation.ch\/fr\/produit\/voile-arc-en-ciel-sarahs-silks-copy\/#breadcrumb"},"inLanguage":"fr-FR","potentialAction":[{"@type":"ReadAction","target":["https:\/\/teiaeducation.ch\/fr\/produit\/voile-arc-en-ciel-sarahs-silks-copy\/"]}]},{"@type":"ImageObject","inLanguage":"fr-FR","@id":"https:\/\/teiaeducation.ch\/fr\/produit\/voile-arc-en-ciel-sarahs-silks-copy\/#primaryimage","url":"https:\/\/teiaeducation.ch\/wp-content\/uploads\/2022\/05\/Desert-silk-veil-Sarahs-Silks-2.jpg","contentUrl":"https:\/\/teiaeducation.ch\/wp-content\/uploads\/2022\/05\/Desert-silk-veil-Sarahs-Silks-2.jpg","width":800,"height":1000,"caption":"Voile en soie d\u00e9sert - Sarah' Silks"},{"@type":"BreadcrumbList","@id":"https:\/\/teiaeducation.ch\/fr\/produit\/voile-arc-en-ciel-sarahs-silks-copy\/#breadcrumb","itemListElement":[{"@type":"ListItem","position":1,"name":"Home","item":"https:\/\/teiaeducation.ch\/fr\/"},{"@type":"ListItem","position":2,"name":"Boutique Teia Education &amp; Play","item":"https:\/\/teiaeducation.ch\/fr\/boutique\/"},{"@type":"ListItem","position":3,"name":"Nos Marques","item":"https:\/\/teiaeducation.ch\/fr\/categorie-produit\/marques\/"},{"@type":"ListItem","position":4,"name":"Sarah's Silks","item":"https:\/\/teiaeducation.ch\/fr\/categorie-produit\/marques\/sarahs-silks-fr\/"},{"@type":"ListItem","position":5,"name":"D\u00e9guisements","item":"https:\/\/teiaeducation.ch\/fr\/categorie-produit\/marques\/sarahs-silks-fr\/deguisements\/"},{"@type":"ListItem","position":6,"name":"Voile d\u00e9sert &#8211; Sarah&#8217; Silks"}]},{"@type":"WebSite","@id":"https:\/\/teiaeducation.ch\/fr\/#website","url":"https:\/\/teiaeducation.ch\/fr\/","name":"Sustainable Educational Products &amp; Ecological Toys\u00a0","description":"Specialised Swiss shop selling sustainable educational toys and games, AMI certified Montessori materials, handmade ecological wooden Waldorf toys and arts &amp; crafts supplies, school supplies, children&#039;s furniture and Montessori reference and parenting books.","publisher":{"@id":"https:\/\/teiaeducation.ch\/fr\/#organization"},"alternateName":"Teia Education & Play","potentialAction":[{"@type":"SearchAction","target":{"@type":"EntryPoint","urlTemplate":"https:\/\/teiaeducation.ch\/fr\/?s={search_term_string}"},"query-input":{"@type":"PropertyValueSpecification","valueRequired":true,"valueName":"search_term_string"}}],"inLanguage":"fr-FR"},{"@type":"Organization","@id":"https:\/\/teiaeducation.ch\/fr\/#organization","name":"Teia Education & Play","url":"https:\/\/teiaeducation.ch\/fr\/","logo":{"@type":"ImageObject","inLanguage":"fr-FR","@id":"https:\/\/teiaeducation.ch\/fr\/#\/schema\/logo\/image\/","url":"https:\/\/teiaeducation.ch\/wp-content\/uploads\/2020\/11\/Teia-Education-Switzerland-e1620156442216.jpg","contentUrl":"https:\/\/teiaeducation.ch\/wp-content\/uploads\/2020\/11\/Teia-Education-Switzerland-e1620156442216.jpg","width":166,"height":145,"caption":"Teia Education & Play"},"image":{"@id":"https:\/\/teiaeducation.ch\/fr\/#\/schema\/logo\/image\/"},"sameAs":["https:\/\/www.facebook.com\/teiaeducation\/","https:\/\/x.com\/EducationTeia","https:\/\/www.instagram.com\/teia.education\/","https:\/\/www.linkedin.com\/company\/35501660","https:\/\/www.pinterest.ch\/TeiaEducation\/"]}]}},"_links":{"self":[{"href":"https:\/\/teiaeducation.ch\/fr\/wp-json\/wp\/v2\/product\/47085","targetHints":{"allow":["GET"]}}],"collection":[{"href":"https:\/\/teiaeducation.ch\/fr\/wp-json\/wp\/v2\/product"}],"about":[{"href":"https:\/\/teiaeducation.ch\/fr\/wp-json\/wp\/v2\/types\/product"}],"replies":[{"embeddable":true,"href":"https:\/\/teiaeducation.ch\/fr\/wp-json\/wp\/v2\/comments?post=47085"}],"wp:featuredmedia":[{"embeddable":true,"href":"https:\/\/teiaeducation.ch\/fr\/wp-json\/wp\/v2\/media\/47093"}],"wp:attachment":[{"href":"https:\/\/teiaeducation.ch\/fr\/wp-json\/wp\/v2\/media?parent=47085"}],"wp:term":[{"taxonomy":"product_brand","embeddable":true,"href":"https:\/\/teiaeducation.ch\/fr\/wp-json\/wp\/v2\/product_brand?post=47085"},{"taxonomy":"product_cat","embeddable":true,"href":"https:\/\/teiaeducation.ch\/fr\/wp-json\/wp\/v2\/product_cat?post=47085"},{"taxonomy":"product_tag","embeddable":true,"href":"https:\/\/teiaeducation.ch\/fr\/wp-json\/wp\/v2\/product_tag?post=47085"}],"curies":[{"name":"wp","href":"https:\/\/api.w.org\/{rel}","templated":true}]}}