{"id":48865,"date":"2021-10-02T13:30:13","date_gmt":"2021-10-02T11:30:13","guid":{"rendered":"https:\/\/teiaeducation.ch\/product\/poucette-hans-christian-andersen-brad-sneed\/"},"modified":"2022-05-30T11:34:45","modified_gmt":"2022-05-30T09:34:45","slug":"poucette-hans-christian-anderson-brad-sneed","status":"publish","type":"product","link":"https:\/\/teiaeducation.ch\/fr\/produit\/poucette-hans-christian-anderson-brad-sneed\/","title":{"rendered":"Poucette &#8211; Hans Christian Andersen \/ Brad Sneed"},"content":{"rendered":"<p>Les enfants vont adorer la nouvelle adaptation de Brad Sneed du livre de conte de f\u00e9es classique pour enfants Poucette de l&#8217;\u00e9crivain danois de renomm\u00e9e mondiale Hans Christian Andersen !<\/p>\n<p>Suis les aventures de la courageuse h\u00e9ro\u00efne miniature Poucette dans ce <a href=\"https:\/\/teiaeducation.ch\/fr\/categorie-produit\/livres-pour-enfants\/livres-de-contes\/\">livre de contes<\/a> classique pour enfants. Il n&#8217;est pas facile d&#8217;\u00eatre petit. N\u00e9 d&#8217;une fleur rouge vif, enlev\u00e9 et poursuivi par de nombreux pr\u00e9tendants, dont un horrible crapaud, un scarab\u00e9e maladroit et une taupe grincheuse, Poucette finit par trouver le v\u00e9ritable amour qui lui convient parfaitement.<\/p>\n<p>Les aquarelles riches et d\u00e9taill\u00e9es de Brad Sneed illustrent cette histoire tr\u00e8s appr\u00e9ci\u00e9e, ses <a href=\"https:\/\/teiaeducation.ch\/fr\/categorie-produit\/jouer\/animaux-fermes\/\">animaux<\/a> et son <a href=\"https:\/\/teiaeducation.ch\/fr\/categorie-produit\/jouer\/jeu-de-la-nature\/\">univers naturel<\/a> avec un r\u00e9alisme et une vivacit\u00e9 remarquables.<\/p>\n<p>Une histoire merveilleuse \u00e0 partager et qui enflamme l&#8217;imagination des enfants, Poucette est un livre parfait pour toute biblioth\u00e8que, que ce soit \u00e0 la maison ou \u00e0 l&#8217;\u00e9cole.<\/p>\n<p>Poucette de Hans Christian Andersen, adapt\u00e9 par Brad Sneed est un magnifique <a href=\"https:\/\/teiaeducation.ch\/fr\/categorie-produit\/livres-pour-enfants\/\">livre<\/a> \u00e0 couverture rigide en coloris, destin\u00e9 aux enfants. Il a \u00e9t\u00e9 publi\u00e9 en 2004 en anglais par <a href=\"https:\/\/teiaeducation.ch\/fr\/categorie-produit\/marques\/random-house-n-y-fr\/\">Random House<\/a> N.Y. Il compte 40 pages et mesure 22,3 x 28,5 cm.<\/p>\n<p><a href=\"https:\/\/www.visitcopenhagen.com\/copenhagen\/activities\/hans-christian-andersens-copenhagen\">Hans Christian Andersen<\/a> (1805-75) est n\u00e9 \u00e0 Odense, au Danemark, fils d&#8217;un pauvre cordonnier, qui \u00e9tait n\u00e9anmoins un grand lecteur, fabriquait un <a href=\"https:\/\/teiaeducation.ch\/product-category\/hgh-quality-toys-play\/\">jouet<\/a> th\u00e9\u00e2tre pour son fils et lui apprenait \u00e0 remarquer chaque merveille de la nature lorsqu&#8217;ils se promenaient ensemble dans les bois le dimanche. Son p\u00e8re est d\u00e9c\u00e9d\u00e9 lorsqu&#8217;il avait onze ans et ce n&#8217;est que six ans plus tard que, gr\u00e2ce \u00e0 l&#8217;aide d&#8217;un m\u00e9c\u00e8ne, il est finalement entr\u00e9 dans une \u00e9cole secondaire publique et a acquis une \u00e9ducation et \u00e9tait d\u00e9termin\u00e9 \u00e0 devenir \u00e9crivain.<\/p>\n<p>Il a publi\u00e9 son premier roman et ses premiers contes de f\u00e9es en 1835 ; par la suite, il a \u00e9crit plus de 150 autres de ces histoires qui sont devenues des classiques dans de nombreuses langues. Bien qu&#8217;il ait \u00e0 l&#8217;origine adress\u00e9 ses contes de f\u00e9es aux enfants (et certains affirment qu&#8217;il avait une part d&#8217;enfance dans sa nature), il insistait sur le fait qu&#8217;ils \u00e9taient &#8220;pour tous les \u00e2ges&#8221;, et la douceur et l&#8217;humour qui les caract\u00e9risent sont reconnus par tous.<\/p>\n<p>Contenu:<\/p>\n<p>1 livre \u00e0 couverture rigide en anglais, 40 pages.<\/p>\n","protected":false},"excerpt":{"rendered":"<p>Num\u00e9ro d&#8217;article : 9106884<\/p>\n<p>Poucette de Hans Christian Andersen, adapt\u00e9 par Brad Sneed, est un livre de conte de f\u00e9es classique pour enfants, magnifiquement illustr\u00e9.<\/p>\n","protected":false},"featured_media":53497,"comment_status":"open","ping_status":"closed","template":"","meta":[],"product_brand":[],"product_cat":[215,216,21258,21257,20663,18912,7595,217,5851,18935,24313,212,1219],"product_tag":[23496,23492,23490,23493,23494,23495,23498,23499,23497,23491],"class_list":{"0":"post-48865","1":"product","2":"type-product","3":"status-publish","4":"has-post-thumbnail","6":"product_cat-3-6-ans","7":"product_cat-6-12-ans","8":"product_cat-guide-cadeaux-livres","9":"product_cat-guides-cadeaux","10":"product_cat-livres-de-contes","11":"product_cat-livres-pour-enfants","12":"product_cat-methode-deducation","13":"product_cat-marques","14":"product_cat-nouveautes","15":"product_cat-random-house-n-y-fr","16":"product_cat-saint-valentin","17":"product_cat-tranche-dage","18":"product_cat-waldorf-fr","19":"product_tag-contes-de-fees-pour-enfants","20":"product_tag-livres-de-contes-pour-enfants-suisse","21":"product_tag-livres-pour-enfants-waldorf","22":"product_tag-poucette","23":"product_tag-poucette-brad-sneed","24":"product_tag-poucette-livre","25":"product_tag-poucette-livre-brad-sneed","26":"product_tag-poucette-livre-de-contes-de-fees-classique-pour-enfants","27":"product_tag-poucette-livre-hans-christian-andersen","28":"product_tag-waldorf-histoires","30":"first","31":"instock","32":"taxable","33":"shipping-taxable","34":"purchasable","35":"product-type-simple"},"yoast_head":"<!-- This site is optimized with the Yoast SEO plugin v27.1.1 - https:\/\/yoast.com\/product\/yoast-seo-wordpress\/ -->\n<title>Poucette livre de Hans Christian Andersen - adapt\u00e9 par Brad Sneed<\/title>\n<meta name=\"description\" content=\"Poucette de Hans Christian Andersen, adapt\u00e9 par Brad Sneed, est un livre de conte de f\u00e9es classique pour enfants, magnifiquement illustr\u00e9.\" \/>\n<meta name=\"robots\" content=\"index, follow, max-snippet:-1, max-image-preview:large, max-video-preview:-1\" \/>\n<link rel=\"canonical\" href=\"https:\/\/teiaeducation.ch\/fr\/produit\/poucette-hans-christian-anderson-brad-sneed\/\" \/>\n<meta property=\"og:locale\" content=\"fr_FR\" \/>\n<meta property=\"og:type\" content=\"article\" \/>\n<meta property=\"og:title\" content=\"Poucette livre de Hans Christian Andersen - adapt\u00e9 par Brad Sneed\" \/>\n<meta property=\"og:description\" content=\"Poucette de Hans Christian Andersen, adapt\u00e9 par Brad Sneed, est un livre de conte de f\u00e9es classique pour enfants, magnifiquement illustr\u00e9.\" \/>\n<meta property=\"og:url\" content=\"https:\/\/teiaeducation.ch\/fr\/produit\/poucette-hans-christian-anderson-brad-sneed\/\" \/>\n<meta property=\"og:site_name\" content=\"Sustainable Educational Products &amp; Ecological Toys\u00a0\" \/>\n<meta property=\"article:publisher\" content=\"https:\/\/www.facebook.com\/teiaeducation\/\" \/>\n<meta property=\"article:modified_time\" content=\"2022-05-30T09:34:45+00:00\" \/>\n<meta property=\"og:image\" content=\"https:\/\/teiaeducation.ch\/wp-content\/uploads\/2021\/10\/Thumbelina-Hans-Christian-Anderson-Brad-Sneed-1.jpg\" \/>\n\t<meta property=\"og:image:width\" content=\"1106\" \/>\n\t<meta property=\"og:image:height\" content=\"1307\" \/>\n\t<meta property=\"og:image:type\" content=\"image\/jpeg\" \/>\n<script type=\"application\/ld+json\" class=\"yoast-schema-graph\">{\"@context\":\"https:\/\/schema.org\",\"@graph\":[{\"@type\":\"WebPage\",\"@id\":\"https:\/\/teiaeducation.ch\/fr\/produit\/poucette-hans-christian-anderson-brad-sneed\/\",\"url\":\"https:\/\/teiaeducation.ch\/fr\/produit\/poucette-hans-christian-anderson-brad-sneed\/\",\"name\":\"Poucette livre de Hans Christian Andersen - adapt\u00e9 par Brad Sneed\",\"isPartOf\":{\"@id\":\"https:\/\/teiaeducation.ch\/fr\/#website\"},\"primaryImageOfPage\":{\"@id\":\"https:\/\/teiaeducation.ch\/fr\/produit\/poucette-hans-christian-anderson-brad-sneed\/#primaryimage\"},\"image\":{\"@id\":\"https:\/\/teiaeducation.ch\/fr\/produit\/poucette-hans-christian-anderson-brad-sneed\/#primaryimage\"},\"thumbnailUrl\":\"https:\/\/teiaeducation.ch\/wp-content\/uploads\/2021\/10\/Thumbelina-Hans-Christian-Anderson-Brad-Sneed-1.jpg\",\"datePublished\":\"2021-10-02T11:30:13+00:00\",\"dateModified\":\"2022-05-30T09:34:45+00:00\",\"description\":\"Poucette de Hans Christian Andersen, adapt\u00e9 par Brad Sneed, est un livre de conte de f\u00e9es classique pour enfants, magnifiquement illustr\u00e9.\",\"breadcrumb\":{\"@id\":\"https:\/\/teiaeducation.ch\/fr\/produit\/poucette-hans-christian-anderson-brad-sneed\/#breadcrumb\"},\"inLanguage\":\"fr-FR\",\"potentialAction\":[{\"@type\":\"ReadAction\",\"target\":[\"https:\/\/teiaeducation.ch\/fr\/produit\/poucette-hans-christian-anderson-brad-sneed\/\"]}]},{\"@type\":\"ImageObject\",\"inLanguage\":\"fr-FR\",\"@id\":\"https:\/\/teiaeducation.ch\/fr\/produit\/poucette-hans-christian-anderson-brad-sneed\/#primaryimage\",\"url\":\"https:\/\/teiaeducation.ch\/wp-content\/uploads\/2021\/10\/Thumbelina-Hans-Christian-Anderson-Brad-Sneed-1.jpg\",\"contentUrl\":\"https:\/\/teiaeducation.ch\/wp-content\/uploads\/2021\/10\/Thumbelina-Hans-Christian-Anderson-Brad-Sneed-1.jpg\",\"width\":1106,\"height\":1307,\"caption\":\"Thumbelina Hans Christian Anderson Brad Sneed\"},{\"@type\":\"BreadcrumbList\",\"@id\":\"https:\/\/teiaeducation.ch\/fr\/produit\/poucette-hans-christian-anderson-brad-sneed\/#breadcrumb\",\"itemListElement\":[{\"@type\":\"ListItem\",\"position\":1,\"name\":\"Home\",\"item\":\"https:\/\/teiaeducation.ch\/fr\/\"},{\"@type\":\"ListItem\",\"position\":2,\"name\":\"Boutique Teia Education &amp; Play\",\"item\":\"https:\/\/teiaeducation.ch\/fr\/boutique\/\"},{\"@type\":\"ListItem\",\"position\":3,\"name\":\"Nos Marques\",\"item\":\"https:\/\/teiaeducation.ch\/fr\/categorie-produit\/marques\/\"},{\"@type\":\"ListItem\",\"position\":4,\"name\":\"Random House N.Y.\",\"item\":\"https:\/\/teiaeducation.ch\/fr\/categorie-produit\/marques\/random-house-n-y-fr\/\"},{\"@type\":\"ListItem\",\"position\":5,\"name\":\"Poucette &#8211; Hans Christian Andersen \/ Brad Sneed\"}]},{\"@type\":\"WebSite\",\"@id\":\"https:\/\/teiaeducation.ch\/fr\/#website\",\"url\":\"https:\/\/teiaeducation.ch\/fr\/\",\"name\":\"Sustainable Educational Products &amp; Ecological Toys\u00a0\",\"description\":\"Specialised Swiss shop selling sustainable educational toys and games, AMI certified Montessori materials, handmade ecological wooden Waldorf toys and arts &amp; crafts supplies, school supplies, children&#039;s furniture and Montessori reference and parenting books.\",\"publisher\":{\"@id\":\"https:\/\/teiaeducation.ch\/fr\/#organization\"},\"alternateName\":\"Teia Education & Play\",\"potentialAction\":[{\"@type\":\"SearchAction\",\"target\":{\"@type\":\"EntryPoint\",\"urlTemplate\":\"https:\/\/teiaeducation.ch\/fr\/?s={search_term_string}\"},\"query-input\":{\"@type\":\"PropertyValueSpecification\",\"valueRequired\":true,\"valueName\":\"search_term_string\"}}],\"inLanguage\":\"fr-FR\"},{\"@type\":\"Organization\",\"@id\":\"https:\/\/teiaeducation.ch\/fr\/#organization\",\"name\":\"Teia Education & Play\",\"url\":\"https:\/\/teiaeducation.ch\/fr\/\",\"logo\":{\"@type\":\"ImageObject\",\"inLanguage\":\"fr-FR\",\"@id\":\"https:\/\/teiaeducation.ch\/fr\/#\/schema\/logo\/image\/\",\"url\":\"https:\/\/teiaeducation.ch\/wp-content\/uploads\/2020\/11\/Teia-Education-Switzerland-e1620156442216.jpg\",\"contentUrl\":\"https:\/\/teiaeducation.ch\/wp-content\/uploads\/2020\/11\/Teia-Education-Switzerland-e1620156442216.jpg\",\"width\":166,\"height\":145,\"caption\":\"Teia Education & Play\"},\"image\":{\"@id\":\"https:\/\/teiaeducation.ch\/fr\/#\/schema\/logo\/image\/\"},\"sameAs\":[\"https:\/\/www.facebook.com\/teiaeducation\/\",\"https:\/\/x.com\/EducationTeia\",\"https:\/\/www.instagram.com\/teia.education\/\",\"https:\/\/www.linkedin.com\/company\/35501660\",\"https:\/\/www.pinterest.ch\/TeiaEducation\/\"]}]}<\/script>\n<!-- \/ Yoast SEO plugin. -->","yoast_head_json":{"title":"Poucette livre de Hans Christian Andersen - adapt\u00e9 par Brad Sneed","description":"Poucette de Hans Christian Andersen, adapt\u00e9 par Brad Sneed, est un livre de conte de f\u00e9es classique pour enfants, magnifiquement illustr\u00e9.","robots":{"index":"index","follow":"follow","max-snippet":"max-snippet:-1","max-image-preview":"max-image-preview:large","max-video-preview":"max-video-preview:-1"},"canonical":"https:\/\/teiaeducation.ch\/fr\/produit\/poucette-hans-christian-anderson-brad-sneed\/","og_locale":"fr_FR","og_type":"article","og_title":"Poucette livre de Hans Christian Andersen - adapt\u00e9 par Brad Sneed","og_description":"Poucette de Hans Christian Andersen, adapt\u00e9 par Brad Sneed, est un livre de conte de f\u00e9es classique pour enfants, magnifiquement illustr\u00e9.","og_url":"https:\/\/teiaeducation.ch\/fr\/produit\/poucette-hans-christian-anderson-brad-sneed\/","og_site_name":"Sustainable Educational Products &amp; Ecological Toys\u00a0","article_publisher":"https:\/\/www.facebook.com\/teiaeducation\/","article_modified_time":"2022-05-30T09:34:45+00:00","og_image":[{"width":1106,"height":1307,"url":"https:\/\/teiaeducation.ch\/wp-content\/uploads\/2021\/10\/Thumbelina-Hans-Christian-Anderson-Brad-Sneed-1.jpg","type":"image\/jpeg"}],"schema":{"@context":"https:\/\/schema.org","@graph":[{"@type":"WebPage","@id":"https:\/\/teiaeducation.ch\/fr\/produit\/poucette-hans-christian-anderson-brad-sneed\/","url":"https:\/\/teiaeducation.ch\/fr\/produit\/poucette-hans-christian-anderson-brad-sneed\/","name":"Poucette livre de Hans Christian Andersen - adapt\u00e9 par Brad Sneed","isPartOf":{"@id":"https:\/\/teiaeducation.ch\/fr\/#website"},"primaryImageOfPage":{"@id":"https:\/\/teiaeducation.ch\/fr\/produit\/poucette-hans-christian-anderson-brad-sneed\/#primaryimage"},"image":{"@id":"https:\/\/teiaeducation.ch\/fr\/produit\/poucette-hans-christian-anderson-brad-sneed\/#primaryimage"},"thumbnailUrl":"https:\/\/teiaeducation.ch\/wp-content\/uploads\/2021\/10\/Thumbelina-Hans-Christian-Anderson-Brad-Sneed-1.jpg","datePublished":"2021-10-02T11:30:13+00:00","dateModified":"2022-05-30T09:34:45+00:00","description":"Poucette de Hans Christian Andersen, adapt\u00e9 par Brad Sneed, est un livre de conte de f\u00e9es classique pour enfants, magnifiquement illustr\u00e9.","breadcrumb":{"@id":"https:\/\/teiaeducation.ch\/fr\/produit\/poucette-hans-christian-anderson-brad-sneed\/#breadcrumb"},"inLanguage":"fr-FR","potentialAction":[{"@type":"ReadAction","target":["https:\/\/teiaeducation.ch\/fr\/produit\/poucette-hans-christian-anderson-brad-sneed\/"]}]},{"@type":"ImageObject","inLanguage":"fr-FR","@id":"https:\/\/teiaeducation.ch\/fr\/produit\/poucette-hans-christian-anderson-brad-sneed\/#primaryimage","url":"https:\/\/teiaeducation.ch\/wp-content\/uploads\/2021\/10\/Thumbelina-Hans-Christian-Anderson-Brad-Sneed-1.jpg","contentUrl":"https:\/\/teiaeducation.ch\/wp-content\/uploads\/2021\/10\/Thumbelina-Hans-Christian-Anderson-Brad-Sneed-1.jpg","width":1106,"height":1307,"caption":"Thumbelina Hans Christian Anderson Brad Sneed"},{"@type":"BreadcrumbList","@id":"https:\/\/teiaeducation.ch\/fr\/produit\/poucette-hans-christian-anderson-brad-sneed\/#breadcrumb","itemListElement":[{"@type":"ListItem","position":1,"name":"Home","item":"https:\/\/teiaeducation.ch\/fr\/"},{"@type":"ListItem","position":2,"name":"Boutique Teia Education &amp; Play","item":"https:\/\/teiaeducation.ch\/fr\/boutique\/"},{"@type":"ListItem","position":3,"name":"Nos Marques","item":"https:\/\/teiaeducation.ch\/fr\/categorie-produit\/marques\/"},{"@type":"ListItem","position":4,"name":"Random House N.Y.","item":"https:\/\/teiaeducation.ch\/fr\/categorie-produit\/marques\/random-house-n-y-fr\/"},{"@type":"ListItem","position":5,"name":"Poucette &#8211; Hans Christian Andersen \/ Brad Sneed"}]},{"@type":"WebSite","@id":"https:\/\/teiaeducation.ch\/fr\/#website","url":"https:\/\/teiaeducation.ch\/fr\/","name":"Sustainable Educational Products &amp; Ecological Toys\u00a0","description":"Specialised Swiss shop selling sustainable educational toys and games, AMI certified Montessori materials, handmade ecological wooden Waldorf toys and arts &amp; crafts supplies, school supplies, children&#039;s furniture and Montessori reference and parenting books.","publisher":{"@id":"https:\/\/teiaeducation.ch\/fr\/#organization"},"alternateName":"Teia Education & Play","potentialAction":[{"@type":"SearchAction","target":{"@type":"EntryPoint","urlTemplate":"https:\/\/teiaeducation.ch\/fr\/?s={search_term_string}"},"query-input":{"@type":"PropertyValueSpecification","valueRequired":true,"valueName":"search_term_string"}}],"inLanguage":"fr-FR"},{"@type":"Organization","@id":"https:\/\/teiaeducation.ch\/fr\/#organization","name":"Teia Education & Play","url":"https:\/\/teiaeducation.ch\/fr\/","logo":{"@type":"ImageObject","inLanguage":"fr-FR","@id":"https:\/\/teiaeducation.ch\/fr\/#\/schema\/logo\/image\/","url":"https:\/\/teiaeducation.ch\/wp-content\/uploads\/2020\/11\/Teia-Education-Switzerland-e1620156442216.jpg","contentUrl":"https:\/\/teiaeducation.ch\/wp-content\/uploads\/2020\/11\/Teia-Education-Switzerland-e1620156442216.jpg","width":166,"height":145,"caption":"Teia Education & Play"},"image":{"@id":"https:\/\/teiaeducation.ch\/fr\/#\/schema\/logo\/image\/"},"sameAs":["https:\/\/www.facebook.com\/teiaeducation\/","https:\/\/x.com\/EducationTeia","https:\/\/www.instagram.com\/teia.education\/","https:\/\/www.linkedin.com\/company\/35501660","https:\/\/www.pinterest.ch\/TeiaEducation\/"]}]}},"_links":{"self":[{"href":"https:\/\/teiaeducation.ch\/fr\/wp-json\/wp\/v2\/product\/48865","targetHints":{"allow":["GET"]}}],"collection":[{"href":"https:\/\/teiaeducation.ch\/fr\/wp-json\/wp\/v2\/product"}],"about":[{"href":"https:\/\/teiaeducation.ch\/fr\/wp-json\/wp\/v2\/types\/product"}],"replies":[{"embeddable":true,"href":"https:\/\/teiaeducation.ch\/fr\/wp-json\/wp\/v2\/comments?post=48865"}],"wp:featuredmedia":[{"embeddable":true,"href":"https:\/\/teiaeducation.ch\/fr\/wp-json\/wp\/v2\/media\/53497"}],"wp:attachment":[{"href":"https:\/\/teiaeducation.ch\/fr\/wp-json\/wp\/v2\/media?parent=48865"}],"wp:term":[{"taxonomy":"product_brand","embeddable":true,"href":"https:\/\/teiaeducation.ch\/fr\/wp-json\/wp\/v2\/product_brand?post=48865"},{"taxonomy":"product_cat","embeddable":true,"href":"https:\/\/teiaeducation.ch\/fr\/wp-json\/wp\/v2\/product_cat?post=48865"},{"taxonomy":"product_tag","embeddable":true,"href":"https:\/\/teiaeducation.ch\/fr\/wp-json\/wp\/v2\/product_tag?post=48865"}],"curies":[{"name":"wp","href":"https:\/\/api.w.org\/{rel}","templated":true}]}}