{"id":49939,"date":"2022-09-23T10:16:23","date_gmt":"2022-09-23T08:16:23","guid":{"rendered":"https:\/\/teiaeducation.ch\/?post_type=product&#038;p=49939"},"modified":"2025-12-12T14:31:16","modified_gmt":"2025-12-12T13:31:16","slug":"german-alphabet-uppercase-card-game-grimms","status":"publish","type":"product","link":"https:\/\/teiaeducation.ch\/fr\/produit\/german-alphabet-uppercase-card-game-grimms\/","title":{"rendered":"German alphabet uppercase card game &#8211; Grimm&#8217;s"},"content":{"rendered":"<p>Grimm&#8217;s German uppercase alphabet card game is a beautifully illustrated 48 letters card set to help children learn their alphabet and spell simple words.<\/p>\n<p>Each card features the upper case form of the <a href=\"https:\/\/teiaeducation.ch\/product-category\/learning-themes\/literacy-language\/letters\/\">letter<\/a> and a lovely watercolour illustration of an animal beginning with or featuring that letter.<\/p>\n<p>To help with spelling our words, the pack has two cards for the letters A, B, E, F, K, L, M, N, O, P, R, S, T, and one card for the letters C, D, G, H, I, J, Q, U, V, W, X, Y, Z, \u00c4, \u00d6, \u00dc, Au, Ei, Eu, Ch, Sch. The cards measure 7 x 10.5cm and come in deck box along with an instructions card in German with game and learning ideas.<\/p>\n<p>These delightful colourful cards invite learning through play, building <a href=\"https:\/\/teiaeducation.ch\/product-category\/learning-themes\/literacy-language\/vocabulary-2\/\">vocabulary<\/a> with all the <a href=\"https:\/\/teiaeducation.ch\/product-category\/play\/animals-farms\/\">animal<\/a> names and playing lots of alphabet games. They can also used to illustrate words on a seasonal or <a href=\"https:\/\/teiaeducation.ch\/product-category\/celebrations\/nature-seasonal-tables\/\">Waldorf nature table<\/a>.<\/p>\n<p>Contents:<\/p>\n<p>1 x 48 alphabet card pack<br \/>\nAn instructions card in German with game and learning ideas<\/p>\n<h2>About Grimm&#8217;s<\/h2>\n<p>Ideal for playing with at home, nursery, <a href=\"https:\/\/teiaeducation.ch\/waldorf-steiner-schools-supplies\/\">Waldorf or Steiner school<\/a>, the beautiful natural wooden <a href=\"https:\/\/teiaeducation.ch\/product-category\/brands\/grimms\/\">Grimm&#8217;s toys<\/a> are\u00a0crafted according to the <a href=\"https:\/\/teiaeducation.ch\/product-category\/education-method\/waldorf-steiner-toys-craft-materials\/\">Waldorf philosophy<\/a> which is well-known to encourage children to discover creative play independently, without limitations at an unhurried pace. The wooden Grimm&#8217;s toys are coloured\u00a0by hand with non-toxic water-based paints and are not finished with lacquer to ensure the original characteristics of the wood and the grain shows through. The surface of the FSC certified European wood pieces\u00a0are left slightly rough making them fully stackable and less slippery.<\/p>\n<p>Grimm\u2019s <a href=\"https:\/\/teiaeducation.ch\/product-category\/hgh-quality-toys-play\/handmade-wooden-toys\/\">handmade wooden toys<\/a> are produced at the Grimm&#8217;s facilities in Germany as well as at several workshops across Europe from various types of wood such as alder, lime, beech and maple. All wood used to craft the Grimm&#8217;s toys are sourced from sustainably managed European forests.<\/p>\n<p>Please note Grimm\u2019s toys are always one of a kind, carrying unique marks made by nature. Wood grain has changing structures and colours which serve as proof of its natural origins. The unique variations, markings, knots, patterns, black stripes or dark spots that may be visible in the wood of a Grimm&#8217;s toy are proof of quality, not defects.<\/p>\n","protected":false},"excerpt":{"rendered":"<p>Item number: <span data-sheets-value=\"{&quot;1&quot;:2,&quot;2&quot;:&quot;gri40520&quot;}\" data-sheets-userformat=\"{&quot;2&quot;:15297,&quot;3&quot;:{&quot;1&quot;:1},&quot;9&quot;:0,&quot;10&quot;:0,&quot;11&quot;:4,&quot;12&quot;:0,&quot;14&quot;:{&quot;1&quot;:3,&quot;3&quot;:6},&quot;15&quot;:&quot;Lato&quot;,&quot;16&quot;:10}\">gri40520<\/span><\/p>\n<p>Grimm&#8217;s German uppercase letters card game is a beautifully illustrated 48 card set to help children learn the alphabet and spell simple words.<\/p>\n","protected":false},"featured_media":49943,"comment_status":"open","ping_status":"closed","template":"","meta":[],"product_brand":[32332],"product_cat":[77,96,21997,119,23637,16982,22420,7061,14956,21253,16874,24856,121,356,83,22276,5155,120,10283,22322,870,871,22767],"product_tag":[20185,20184,20183,20182,23683,23685,23686,20181,23684,16987,16986,16257],"class_list":{"0":"post-49939","1":"product","2":"type-product","3":"status-publish","4":"has-post-thumbnail","6":"product_brand-grimms","7":"product_cat-1-3-years-toddler","8":"product_cat-3-6-years-preschool","9":"product_cat-advent-calendar-gifts-stocking-stuffers","10":"product_cat-age-range","11":"product_cat-back-to-school","12":"product_cat-celebrations","13":"product_cat-easter-basket-fillers","14":"product_cat-learning-materials-toys-montessori-waldorf-froebel","15":"product_cat-gift-guide-educational-toys","16":"product_cat-gifts-guides","17":"product_cat-grimms","18":"product_cat-learn-experience","19":"product_cat-learning-themes","20":"product_cat-letters","21":"product_cat-literacy-language","22":"product_cat-nature-seasonal-tables","23":"product_cat-new-arrivals","24":"product_cat-brands","25":"product_cat-hgh-quality-toys-play","26":"product_cat-seasonal-collections","27":"product_cat-waldorf-steiner-toys-craft-materials","28":"product_cat-traditional-education-materials-toys","29":"product_cat-waldorf-toys","30":"product_tag-alphabet-cards","31":"product_tag-alphabet-learning-games","32":"product_tag-animal-alphabet-cards","33":"product_tag-animal-letter-cards","34":"product_tag-german-alphabet-illustrated-letters-card-game","35":"product_tag-grimms-german-alphabet-card-game","36":"product_tag-grimms-german-uppercase-alphabet-card-game","37":"product_tag-grimms-letter-cards","38":"product_tag-grimms-letter-cards-german","39":"product_tag-grimms-schweiz","40":"product_tag-grimms-suisse","41":"product_tag-grimms-switzerland","43":"first","44":"outofstock","45":"taxable","46":"shipping-taxable","47":"purchasable","48":"product-type-simple"},"yoast_head":"<!-- This site is optimized with the Yoast SEO plugin v27.3 - https:\/\/yoast.com\/product\/yoast-seo-wordpress\/ -->\n<title>German alphabet uppercase card game - Grimm&#039;s<\/title>\n<meta name=\"description\" content=\"Grimm&#039;s German uppercase letters card game is a beautifully illustrated 48 card set to help children learn the alphabet and spell simple words.\" \/>\n<meta name=\"robots\" content=\"index, follow, max-snippet:-1, max-image-preview:large, max-video-preview:-1\" \/>\n<link rel=\"canonical\" href=\"https:\/\/teiaeducation.ch\/fr\/produit\/german-alphabet-uppercase-card-game-grimms\/\" \/>\n<meta property=\"og:locale\" content=\"fr_FR\" \/>\n<meta property=\"og:type\" content=\"article\" \/>\n<meta property=\"og:title\" content=\"German alphabet uppercase card game - Grimm&#039;s\" \/>\n<meta property=\"og:description\" content=\"Grimm&#039;s German uppercase letters card game is a beautifully illustrated 48 card set to help children learn the alphabet and spell simple words.\" \/>\n<meta property=\"og:url\" content=\"https:\/\/teiaeducation.ch\/fr\/produit\/german-alphabet-uppercase-card-game-grimms\/\" \/>\n<meta property=\"og:site_name\" content=\"Sustainable Educational Products &amp; Ecological Toys\u00a0\" \/>\n<meta property=\"article:publisher\" content=\"https:\/\/www.facebook.com\/teiaeducation\/\" \/>\n<meta property=\"article:modified_time\" content=\"2025-12-12T13:31:16+00:00\" \/>\n<meta property=\"og:image\" content=\"https:\/\/teiaeducation.ch\/wp-content\/uploads\/2022\/09\/German-uppercase-alphabet-card-game-Grimms-1-e1663920862631.jpg\" \/>\n\t<meta property=\"og:image:width\" content=\"800\" \/>\n\t<meta property=\"og:image:height\" content=\"800\" \/>\n\t<meta property=\"og:image:type\" content=\"image\/jpeg\" \/>\n<script type=\"application\/ld+json\" class=\"yoast-schema-graph\">{\"@context\":\"https:\\\/\\\/schema.org\",\"@graph\":[{\"@type\":\"WebPage\",\"@id\":\"https:\\\/\\\/teiaeducation.ch\\\/fr\\\/produit\\\/german-alphabet-uppercase-card-game-grimms\\\/\",\"url\":\"https:\\\/\\\/teiaeducation.ch\\\/fr\\\/produit\\\/german-alphabet-uppercase-card-game-grimms\\\/\",\"name\":\"German alphabet uppercase card game - Grimm's\",\"isPartOf\":{\"@id\":\"https:\\\/\\\/teiaeducation.ch\\\/fr\\\/#website\"},\"primaryImageOfPage\":{\"@id\":\"https:\\\/\\\/teiaeducation.ch\\\/fr\\\/produit\\\/german-alphabet-uppercase-card-game-grimms\\\/#primaryimage\"},\"image\":{\"@id\":\"https:\\\/\\\/teiaeducation.ch\\\/fr\\\/produit\\\/german-alphabet-uppercase-card-game-grimms\\\/#primaryimage\"},\"thumbnailUrl\":\"https:\\\/\\\/teiaeducation.ch\\\/wp-content\\\/uploads\\\/2022\\\/09\\\/German-uppercase-alphabet-card-game-Grimms-1-e1663920862631.jpg\",\"datePublished\":\"2022-09-23T08:16:23+00:00\",\"dateModified\":\"2025-12-12T13:31:16+00:00\",\"description\":\"Grimm's German uppercase letters card game is a beautifully illustrated 48 card set to help children learn the alphabet and spell simple words.\",\"breadcrumb\":{\"@id\":\"https:\\\/\\\/teiaeducation.ch\\\/fr\\\/produit\\\/german-alphabet-uppercase-card-game-grimms\\\/#breadcrumb\"},\"inLanguage\":\"fr-FR\",\"potentialAction\":[{\"@type\":\"ReadAction\",\"target\":[\"https:\\\/\\\/teiaeducation.ch\\\/fr\\\/produit\\\/german-alphabet-uppercase-card-game-grimms\\\/\"]}]},{\"@type\":\"ImageObject\",\"inLanguage\":\"fr-FR\",\"@id\":\"https:\\\/\\\/teiaeducation.ch\\\/fr\\\/produit\\\/german-alphabet-uppercase-card-game-grimms\\\/#primaryimage\",\"url\":\"https:\\\/\\\/teiaeducation.ch\\\/wp-content\\\/uploads\\\/2022\\\/09\\\/German-uppercase-alphabet-card-game-Grimms-1-e1663920862631.jpg\",\"contentUrl\":\"https:\\\/\\\/teiaeducation.ch\\\/wp-content\\\/uploads\\\/2022\\\/09\\\/German-uppercase-alphabet-card-game-Grimms-1-e1663920862631.jpg\",\"width\":800,\"height\":800,\"caption\":\"German uppercase alphabet card game - Grimm's\"},{\"@type\":\"BreadcrumbList\",\"@id\":\"https:\\\/\\\/teiaeducation.ch\\\/fr\\\/produit\\\/german-alphabet-uppercase-card-game-grimms\\\/#breadcrumb\",\"itemListElement\":[{\"@type\":\"ListItem\",\"position\":1,\"name\":\"Home\",\"item\":\"https:\\\/\\\/teiaeducation.ch\\\/fr\\\/\"},{\"@type\":\"ListItem\",\"position\":2,\"name\":\"Boutique Teia Education &amp; Play\",\"item\":\"https:\\\/\\\/teiaeducation.ch\\\/fr\\\/boutique\\\/\"},{\"@type\":\"ListItem\",\"position\":3,\"name\":\"Nos Marques\",\"item\":\"https:\\\/\\\/teiaeducation.ch\\\/fr\\\/categorie-produit\\\/marques\\\/\"},{\"@type\":\"ListItem\",\"position\":4,\"name\":\"Grimm's\",\"item\":\"https:\\\/\\\/teiaeducation.ch\\\/fr\\\/categorie-produit\\\/marques\\\/grimms-fr\\\/\"},{\"@type\":\"ListItem\",\"position\":5,\"name\":\"German alphabet uppercase card game &#8211; Grimm&#8217;s\"}]},{\"@type\":\"WebSite\",\"@id\":\"https:\\\/\\\/teiaeducation.ch\\\/fr\\\/#website\",\"url\":\"https:\\\/\\\/teiaeducation.ch\\\/fr\\\/\",\"name\":\"Sustainable Educational Products &amp; Ecological Toys\u00a0\",\"description\":\"Specialised Swiss shop selling sustainable educational toys and games, AMI certified Montessori materials, handmade ecological wooden Waldorf toys and arts &amp; crafts supplies, school supplies, children&#039;s furniture and Montessori reference and parenting books.\",\"publisher\":{\"@id\":\"https:\\\/\\\/teiaeducation.ch\\\/fr\\\/#organization\"},\"alternateName\":\"Teia Education & Play\",\"potentialAction\":[{\"@type\":\"SearchAction\",\"target\":{\"@type\":\"EntryPoint\",\"urlTemplate\":\"https:\\\/\\\/teiaeducation.ch\\\/fr\\\/?s={search_term_string}\"},\"query-input\":{\"@type\":\"PropertyValueSpecification\",\"valueRequired\":true,\"valueName\":\"search_term_string\"}}],\"inLanguage\":\"fr-FR\"},{\"@type\":\"Organization\",\"@id\":\"https:\\\/\\\/teiaeducation.ch\\\/fr\\\/#organization\",\"name\":\"Teia Education & Play\",\"url\":\"https:\\\/\\\/teiaeducation.ch\\\/fr\\\/\",\"logo\":{\"@type\":\"ImageObject\",\"inLanguage\":\"fr-FR\",\"@id\":\"https:\\\/\\\/teiaeducation.ch\\\/fr\\\/#\\\/schema\\\/logo\\\/image\\\/\",\"url\":\"https:\\\/\\\/teiaeducation.ch\\\/wp-content\\\/uploads\\\/2020\\\/11\\\/Teia-Education-Switzerland-e1620156442216.jpg\",\"contentUrl\":\"https:\\\/\\\/teiaeducation.ch\\\/wp-content\\\/uploads\\\/2020\\\/11\\\/Teia-Education-Switzerland-e1620156442216.jpg\",\"width\":166,\"height\":145,\"caption\":\"Teia Education & Play\"},\"image\":{\"@id\":\"https:\\\/\\\/teiaeducation.ch\\\/fr\\\/#\\\/schema\\\/logo\\\/image\\\/\"},\"sameAs\":[\"https:\\\/\\\/www.facebook.com\\\/teiaeducation\\\/\",\"https:\\\/\\\/x.com\\\/EducationTeia\",\"https:\\\/\\\/www.instagram.com\\\/teia.education\\\/\",\"https:\\\/\\\/www.linkedin.com\\\/company\\\/35501660\",\"https:\\\/\\\/www.pinterest.ch\\\/TeiaEducation\\\/\"]}]}<\/script>\n<!-- \/ Yoast SEO plugin. -->","yoast_head_json":{"title":"German alphabet uppercase card game - Grimm's","description":"Grimm's German uppercase letters card game is a beautifully illustrated 48 card set to help children learn the alphabet and spell simple words.","robots":{"index":"index","follow":"follow","max-snippet":"max-snippet:-1","max-image-preview":"max-image-preview:large","max-video-preview":"max-video-preview:-1"},"canonical":"https:\/\/teiaeducation.ch\/fr\/produit\/german-alphabet-uppercase-card-game-grimms\/","og_locale":"fr_FR","og_type":"article","og_title":"German alphabet uppercase card game - Grimm's","og_description":"Grimm's German uppercase letters card game is a beautifully illustrated 48 card set to help children learn the alphabet and spell simple words.","og_url":"https:\/\/teiaeducation.ch\/fr\/produit\/german-alphabet-uppercase-card-game-grimms\/","og_site_name":"Sustainable Educational Products &amp; Ecological Toys\u00a0","article_publisher":"https:\/\/www.facebook.com\/teiaeducation\/","article_modified_time":"2025-12-12T13:31:16+00:00","og_image":[{"width":800,"height":800,"url":"https:\/\/teiaeducation.ch\/wp-content\/uploads\/2022\/09\/German-uppercase-alphabet-card-game-Grimms-1-e1663920862631.jpg","type":"image\/jpeg"}],"schema":{"@context":"https:\/\/schema.org","@graph":[{"@type":"WebPage","@id":"https:\/\/teiaeducation.ch\/fr\/produit\/german-alphabet-uppercase-card-game-grimms\/","url":"https:\/\/teiaeducation.ch\/fr\/produit\/german-alphabet-uppercase-card-game-grimms\/","name":"German alphabet uppercase card game - Grimm's","isPartOf":{"@id":"https:\/\/teiaeducation.ch\/fr\/#website"},"primaryImageOfPage":{"@id":"https:\/\/teiaeducation.ch\/fr\/produit\/german-alphabet-uppercase-card-game-grimms\/#primaryimage"},"image":{"@id":"https:\/\/teiaeducation.ch\/fr\/produit\/german-alphabet-uppercase-card-game-grimms\/#primaryimage"},"thumbnailUrl":"https:\/\/teiaeducation.ch\/wp-content\/uploads\/2022\/09\/German-uppercase-alphabet-card-game-Grimms-1-e1663920862631.jpg","datePublished":"2022-09-23T08:16:23+00:00","dateModified":"2025-12-12T13:31:16+00:00","description":"Grimm's German uppercase letters card game is a beautifully illustrated 48 card set to help children learn the alphabet and spell simple words.","breadcrumb":{"@id":"https:\/\/teiaeducation.ch\/fr\/produit\/german-alphabet-uppercase-card-game-grimms\/#breadcrumb"},"inLanguage":"fr-FR","potentialAction":[{"@type":"ReadAction","target":["https:\/\/teiaeducation.ch\/fr\/produit\/german-alphabet-uppercase-card-game-grimms\/"]}]},{"@type":"ImageObject","inLanguage":"fr-FR","@id":"https:\/\/teiaeducation.ch\/fr\/produit\/german-alphabet-uppercase-card-game-grimms\/#primaryimage","url":"https:\/\/teiaeducation.ch\/wp-content\/uploads\/2022\/09\/German-uppercase-alphabet-card-game-Grimms-1-e1663920862631.jpg","contentUrl":"https:\/\/teiaeducation.ch\/wp-content\/uploads\/2022\/09\/German-uppercase-alphabet-card-game-Grimms-1-e1663920862631.jpg","width":800,"height":800,"caption":"German uppercase alphabet card game - Grimm's"},{"@type":"BreadcrumbList","@id":"https:\/\/teiaeducation.ch\/fr\/produit\/german-alphabet-uppercase-card-game-grimms\/#breadcrumb","itemListElement":[{"@type":"ListItem","position":1,"name":"Home","item":"https:\/\/teiaeducation.ch\/fr\/"},{"@type":"ListItem","position":2,"name":"Boutique Teia Education &amp; Play","item":"https:\/\/teiaeducation.ch\/fr\/boutique\/"},{"@type":"ListItem","position":3,"name":"Nos Marques","item":"https:\/\/teiaeducation.ch\/fr\/categorie-produit\/marques\/"},{"@type":"ListItem","position":4,"name":"Grimm's","item":"https:\/\/teiaeducation.ch\/fr\/categorie-produit\/marques\/grimms-fr\/"},{"@type":"ListItem","position":5,"name":"German alphabet uppercase card game &#8211; Grimm&#8217;s"}]},{"@type":"WebSite","@id":"https:\/\/teiaeducation.ch\/fr\/#website","url":"https:\/\/teiaeducation.ch\/fr\/","name":"Sustainable Educational Products &amp; Ecological Toys\u00a0","description":"Specialised Swiss shop selling sustainable educational toys and games, AMI certified Montessori materials, handmade ecological wooden Waldorf toys and arts &amp; crafts supplies, school supplies, children&#039;s furniture and Montessori reference and parenting books.","publisher":{"@id":"https:\/\/teiaeducation.ch\/fr\/#organization"},"alternateName":"Teia Education & Play","potentialAction":[{"@type":"SearchAction","target":{"@type":"EntryPoint","urlTemplate":"https:\/\/teiaeducation.ch\/fr\/?s={search_term_string}"},"query-input":{"@type":"PropertyValueSpecification","valueRequired":true,"valueName":"search_term_string"}}],"inLanguage":"fr-FR"},{"@type":"Organization","@id":"https:\/\/teiaeducation.ch\/fr\/#organization","name":"Teia Education & Play","url":"https:\/\/teiaeducation.ch\/fr\/","logo":{"@type":"ImageObject","inLanguage":"fr-FR","@id":"https:\/\/teiaeducation.ch\/fr\/#\/schema\/logo\/image\/","url":"https:\/\/teiaeducation.ch\/wp-content\/uploads\/2020\/11\/Teia-Education-Switzerland-e1620156442216.jpg","contentUrl":"https:\/\/teiaeducation.ch\/wp-content\/uploads\/2020\/11\/Teia-Education-Switzerland-e1620156442216.jpg","width":166,"height":145,"caption":"Teia Education & Play"},"image":{"@id":"https:\/\/teiaeducation.ch\/fr\/#\/schema\/logo\/image\/"},"sameAs":["https:\/\/www.facebook.com\/teiaeducation\/","https:\/\/x.com\/EducationTeia","https:\/\/www.instagram.com\/teia.education\/","https:\/\/www.linkedin.com\/company\/35501660","https:\/\/www.pinterest.ch\/TeiaEducation\/"]}]}},"_links":{"self":[{"href":"https:\/\/teiaeducation.ch\/fr\/wp-json\/wp\/v2\/product\/49939","targetHints":{"allow":["GET"]}}],"collection":[{"href":"https:\/\/teiaeducation.ch\/fr\/wp-json\/wp\/v2\/product"}],"about":[{"href":"https:\/\/teiaeducation.ch\/fr\/wp-json\/wp\/v2\/types\/product"}],"replies":[{"embeddable":true,"href":"https:\/\/teiaeducation.ch\/fr\/wp-json\/wp\/v2\/comments?post=49939"}],"wp:featuredmedia":[{"embeddable":true,"href":"https:\/\/teiaeducation.ch\/fr\/wp-json\/wp\/v2\/media\/49943"}],"wp:attachment":[{"href":"https:\/\/teiaeducation.ch\/fr\/wp-json\/wp\/v2\/media?parent=49939"}],"wp:term":[{"taxonomy":"product_brand","embeddable":true,"href":"https:\/\/teiaeducation.ch\/fr\/wp-json\/wp\/v2\/product_brand?post=49939"},{"taxonomy":"product_cat","embeddable":true,"href":"https:\/\/teiaeducation.ch\/fr\/wp-json\/wp\/v2\/product_cat?post=49939"},{"taxonomy":"product_tag","embeddable":true,"href":"https:\/\/teiaeducation.ch\/fr\/wp-json\/wp\/v2\/product_tag?post=49939"}],"curies":[{"name":"wp","href":"https:\/\/api.w.org\/{rel}","templated":true}]}}