{"id":50453,"date":"2022-04-08T15:03:25","date_gmt":"2022-04-08T13:03:25","guid":{"rendered":"https:\/\/teiaeducation.ch\/product\/chaise-montessori-pour-les-tout-petits-haute-nienhuis-montessori\/"},"modified":"2022-11-04T09:24:25","modified_gmt":"2022-11-04T08:24:25","slug":"chaise-montessori-pour-tout-petits-haute-nienhuis-montessori","status":"publish","type":"product","link":"https:\/\/teiaeducation.ch\/fr\/produit\/chaise-montessori-pour-tout-petits-haute-nienhuis-montessori\/","title":{"rendered":"Chaise Montessori pour les tout-petits (haute) &#8211; Nienhuis Montessori"},"content":{"rendered":"<p>La chaise \u00e0 lattes en version haute de la gamme de meubles Nienhuis Montessori pour les <a href=\"https:\/\/teiaeducation.ch\/fr\/categorie-produit\/marques\/nienhuis-montessori-materiel-fr\/nourrisson-enfant-bas-age\/\">tout-petits<\/a> est sp\u00e9cialement con\u00e7ue pour un jeune enfant \u00e0 partir de 2 ans. L&#8217;assise de la chaise est form\u00e9e de mani\u00e8re \u00e0 ce que l&#8217;enfant soit &#8220;pouss\u00e9&#8221; \u00e0 s&#8217;asseoir dans la bonne position, au lieu de s&#8217;asseoir sur le bord de la chaise.<\/p>\n<p>Enti\u00e8rement fabriqu\u00e9e \u00e0 la main en bois de bouleau, cette chaise \u00e0 lattes de haute qualit\u00e9 pour les tout-petits rehausse tout jardin d&#8217;enfants, Nido, environnement pr\u00e9par\u00e9 Montessori ou \u00e0 la maison. La plupart des concepts utilis\u00e9s pour la conception de meubles <a href=\"https:\/\/teiaeducation.ch\/fr\/categorie-produit\/methode-deducation\/montessori-fr\/\">Montessori<\/a> destin\u00e9s \u00e0 l&#8217;environnement des enfants plus \u00e2g\u00e9s s&#8217;appliquent \u00e9galement \u00e0 l&#8217;environnement des nourrissons et des jeunes enfants. Cependant, en raison de la taille et de l&#8217;\u00e2ge de d\u00e9veloppement des tout-petits, un certain nombre de facteurs importants doivent \u00eatre pris en compte. L&#8217;un des concepts cl\u00e9s de l&#8217;environnement Montessori est l&#8217;apprentissage de l&#8217;autonomie.<\/p>\n<p>Plut\u00f4t que d&#8217;utiliser le mobilier traditionnel &#8220;haut&#8221;, qui n\u00e9cessite l&#8217;intervention d&#8217;un adulte, les <a href=\"https:\/\/teiaeducation.ch\/fr\/categorie-produit\/materiel-indispensable\/meubles-rangement\/meubles-montessori\/\">meubles Montessori<\/a> pour b\u00e9b\u00e9s et jeunes enfants sont plus bas en hauteur et plus petits en taille. Par cons\u00e9quent, la hauteur de tous les meubles Montessori de Nienhuis a \u00e9t\u00e9 adapt\u00e9e \u00e0 la taille de l&#8217;enfant.<\/p>\n<p>La marque n\u00e9erlandaise Nienhuis Montessori est la premi\u00e8re marque Montessori au monde, qui honore et poursuit l&#8217;h\u00e9ritage de Maria Montessori, et fabrique la gamme la plus large et la plus innovante de mat\u00e9riaux, de meubles et de produits Montessori. Les produits de haute qualit\u00e9 de Nienhuis Montessori fournissent aux enfants les outils dont ils ont besoin pour devenir ind\u00e9pendants et avoir un esprit critique. Tout les mat\u00e9riaux, le mobilier et le mat\u00e9riel p\u00e9dagogique de Nienhuis Montessori sont certifi\u00e9s par le comit\u00e9 des mat\u00e9riaux de l\u2019Association Montessori Internationale (<a href=\"https:\/\/montessori-ami.org\/\">AMI<\/a>) et sont m\u00e9ticuleusement con\u00e7us pour isoler les difficult\u00e9s afin que les enfants puissent se concentrer, se ma\u00eetriser et s\u2019\u00e9panouir.<\/p>\n<p><a href=\"https:\/\/teiaeducation.ch\/fr\/categorie-produit\/marques\/nienhuis-montessori-materiel-fr\/\">Nienhuis Montessori<\/a> est l&#8217;une des marques g\u00e9r\u00e9es par la soci\u00e9t\u00e9 n\u00e9erlandaise Heutink International, qui fournit les meilleures marques \u00e9ducatives, qui sont orient\u00e9es vers l&#8217;apprentissage par le jeu.<\/p>\n<p>L&#8217;assise de la chaise \u00e0 lattes en version haute mesure 17,5 cm de haut. La chaise convient \u00e0 l&#8217;environnement pr\u00e9par\u00e9 Montessori pour les enfants \u00e2g\u00e9s de 2 ans et plus et est fabriqu\u00e9e par GAM (Gonzagarredi Montessori) pour Nienhuis en Italie.<\/p>\n<p>Contenu:<\/p>\n<p>1 chaise Montessori<\/p>\n","protected":false},"excerpt":{"rendered":"<p>Num\u00e9ro d&#8217;article : 101030<\/p>\n<p>Une chaise \u00e0 lattes de haute qualit\u00e9 pour les tout-petits de la gamme de meubles Nienhuis Montessori &#8211; pour le jardin d&#8217;enfants, le Nido ou la maison.<\/p>\n","protected":false},"featured_media":11899,"comment_status":"open","ping_status":"closed","template":"","meta":[],"product_brand":[],"product_cat":[208,8526,8572,13130,22181,277,8567,7595,282,20664,1218,207,217,205,212],"product_tag":[23796,23794,23784,7625,7626,23793,23786,23792,23787,23799,23795,23797,23798,23791,23788,23802,23789,803,23800,23801,23785,23790,6457],"class_list":{"0":"post-50453","1":"product","2":"type-product","3":"status-publish","4":"has-post-thumbnail","6":"product_cat-1-3-ans","7":"product_cat-fournitures-scolaires-a-domicile","8":"product_cat-jeu-et-apprentissage-pour-bebes-et-jeunes-enfants","9":"product_cat-jouer","10":"product_cat-jouets-montessori","11":"product_cat-materiel-indispensable","12":"product_cat-materiel-scolaire-montessori","13":"product_cat-methode-deducation","14":"product_cat-meubles-rangement","15":"product_cat-meubles-montessori","16":"product_cat-montessori-fr","17":"product_cat-nienhuis-montessori-materiel-fr","18":"product_cat-marques","19":"product_cat-nourrisson-enfant-bas-age","20":"product_cat-tranche-dage","21":"product_tag-chaise-montessori-pour-tout-petits","22":"product_tag-chaise-pour-bebe-montessori","23":"product_tag-chaises-montessori","24":"product_tag-meubles","25":"product_tag-meubles-montessori","26":"product_tag-meubles-montessori-pour-bebes-et-jeunes-enfants","27":"product_tag-meubles-pour-bebes-montessori","28":"product_tag-meubles-pour-bebes-montessori-fr","29":"product_tag-meubles-trotteurs-montessori","30":"product_tag-montessori-chaise","31":"product_tag-montessori-chaise-bebe","32":"product_tag-montessori-chaise-enfant","33":"product_tag-montessori-chaise-jardin-denfants","34":"product_tag-montessori-etageres","35":"product_tag-montessori-jardin-denfants","36":"product_tag-montessori-meubles-ecole","37":"product_tag-montessori-nido-fr","38":"product_tag-nienhuis-montessori-fr","39":"product_tag-nienhuis-montessori-chaise","40":"product_tag-nienhuis-montessori-gamme-de-meubles-pour-tout-petits","41":"product_tag-nienhuis-montessori-gamme-meubles","42":"product_tag-nienhuis-montessori-meubles","43":"product_tag-nourrisson-enfant-en-bas-age-0-3","45":"first","46":"onbackorder","47":"sold-individually","48":"taxable","49":"shipping-taxable","50":"purchasable","51":"product-type-simple"},"yoast_head":"<!-- This site is optimized with the Yoast SEO plugin v27.1.1 - https:\/\/yoast.com\/product\/yoast-seo-wordpress\/ -->\n<title>Chaise Montessori pour tout-petits (haute) - Nienhuis Montessori<\/title>\n<meta name=\"description\" content=\"Une chaise \u00e0 lattes de haute qualit\u00e9 pour les tout-petits de la gamme de meubles Nienhuis Montessori - pour le jardin d&#039;enfants, le Nido ou la maison.\" \/>\n<meta name=\"robots\" content=\"index, follow, max-snippet:-1, max-image-preview:large, max-video-preview:-1\" \/>\n<link rel=\"canonical\" href=\"https:\/\/teiaeducation.ch\/fr\/produit\/chaise-montessori-pour-tout-petits-haute-nienhuis-montessori\/\" \/>\n<meta property=\"og:locale\" content=\"fr_FR\" \/>\n<meta property=\"og:type\" content=\"article\" \/>\n<meta property=\"og:title\" content=\"Chaise Montessori pour tout-petits (haute) - Nienhuis Montessori\" \/>\n<meta property=\"og:description\" content=\"Une chaise \u00e0 lattes de haute qualit\u00e9 pour les tout-petits de la gamme de meubles Nienhuis Montessori - pour le jardin d&#039;enfants, le Nido ou la maison.\" \/>\n<meta property=\"og:url\" content=\"https:\/\/teiaeducation.ch\/fr\/produit\/chaise-montessori-pour-tout-petits-haute-nienhuis-montessori\/\" \/>\n<meta property=\"og:site_name\" content=\"Sustainable Educational Products &amp; Ecological Toys\u00a0\" \/>\n<meta property=\"article:publisher\" content=\"https:\/\/www.facebook.com\/teiaeducation\/\" \/>\n<meta property=\"article:modified_time\" content=\"2022-11-04T08:24:25+00:00\" \/>\n<meta property=\"og:image\" content=\"https:\/\/teiaeducation.ch\/wp-content\/uploads\/2019\/05\/400_101030_main_or_1-scaled.jpg\" \/>\n\t<meta property=\"og:image:width\" content=\"2048\" \/>\n\t<meta property=\"og:image:height\" content=\"2048\" \/>\n\t<meta property=\"og:image:type\" content=\"image\/jpeg\" \/>\n<script type=\"application\/ld+json\" class=\"yoast-schema-graph\">{\"@context\":\"https:\/\/schema.org\",\"@graph\":[{\"@type\":\"WebPage\",\"@id\":\"https:\/\/teiaeducation.ch\/fr\/produit\/chaise-montessori-pour-tout-petits-haute-nienhuis-montessori\/\",\"url\":\"https:\/\/teiaeducation.ch\/fr\/produit\/chaise-montessori-pour-tout-petits-haute-nienhuis-montessori\/\",\"name\":\"Chaise Montessori pour tout-petits (haute) - Nienhuis Montessori\",\"isPartOf\":{\"@id\":\"https:\/\/teiaeducation.ch\/fr\/#website\"},\"primaryImageOfPage\":{\"@id\":\"https:\/\/teiaeducation.ch\/fr\/produit\/chaise-montessori-pour-tout-petits-haute-nienhuis-montessori\/#primaryimage\"},\"image\":{\"@id\":\"https:\/\/teiaeducation.ch\/fr\/produit\/chaise-montessori-pour-tout-petits-haute-nienhuis-montessori\/#primaryimage\"},\"thumbnailUrl\":\"https:\/\/teiaeducation.ch\/wp-content\/uploads\/2019\/05\/400_101030_main_or_1-scaled.jpg\",\"datePublished\":\"2022-04-08T13:03:25+00:00\",\"dateModified\":\"2022-11-04T08:24:25+00:00\",\"description\":\"Une chaise \u00e0 lattes de haute qualit\u00e9 pour les tout-petits de la gamme de meubles Nienhuis Montessori - pour le jardin d'enfants, le Nido ou la maison.\",\"breadcrumb\":{\"@id\":\"https:\/\/teiaeducation.ch\/fr\/produit\/chaise-montessori-pour-tout-petits-haute-nienhuis-montessori\/#breadcrumb\"},\"inLanguage\":\"fr-FR\",\"potentialAction\":[{\"@type\":\"ReadAction\",\"target\":[\"https:\/\/teiaeducation.ch\/fr\/produit\/chaise-montessori-pour-tout-petits-haute-nienhuis-montessori\/\"]}]},{\"@type\":\"ImageObject\",\"inLanguage\":\"fr-FR\",\"@id\":\"https:\/\/teiaeducation.ch\/fr\/produit\/chaise-montessori-pour-tout-petits-haute-nienhuis-montessori\/#primaryimage\",\"url\":\"https:\/\/teiaeducation.ch\/wp-content\/uploads\/2019\/05\/400_101030_main_or_1-scaled.jpg\",\"contentUrl\":\"https:\/\/teiaeducation.ch\/wp-content\/uploads\/2019\/05\/400_101030_main_or_1-scaled.jpg\",\"width\":2048,\"height\":2048,\"caption\":\"Chaise Montessori pour les tout-petits (haute) - Nienhuis Montessori\"},{\"@type\":\"BreadcrumbList\",\"@id\":\"https:\/\/teiaeducation.ch\/fr\/produit\/chaise-montessori-pour-tout-petits-haute-nienhuis-montessori\/#breadcrumb\",\"itemListElement\":[{\"@type\":\"ListItem\",\"position\":1,\"name\":\"Home\",\"item\":\"https:\/\/teiaeducation.ch\/fr\/\"},{\"@type\":\"ListItem\",\"position\":2,\"name\":\"Boutique Teia Education &amp; Play\",\"item\":\"https:\/\/teiaeducation.ch\/fr\/boutique\/\"},{\"@type\":\"ListItem\",\"position\":3,\"name\":\"Nos Marques\",\"item\":\"https:\/\/teiaeducation.ch\/fr\/categorie-produit\/marques\/\"},{\"@type\":\"ListItem\",\"position\":4,\"name\":\"Nienhuis Montessori Suisse\",\"item\":\"https:\/\/teiaeducation.ch\/fr\/categorie-produit\/marques\/nienhuis-montessori-materiel-fr\/\"},{\"@type\":\"ListItem\",\"position\":5,\"name\":\"Nourrisson &amp; Enfant Bas \u00c2ge\",\"item\":\"https:\/\/teiaeducation.ch\/fr\/categorie-produit\/marques\/nienhuis-montessori-materiel-fr\/nourrisson-enfant-bas-age\/\"},{\"@type\":\"ListItem\",\"position\":6,\"name\":\"Chaise Montessori pour les tout-petits (haute) &#8211; Nienhuis Montessori\"}]},{\"@type\":\"WebSite\",\"@id\":\"https:\/\/teiaeducation.ch\/fr\/#website\",\"url\":\"https:\/\/teiaeducation.ch\/fr\/\",\"name\":\"Sustainable Educational Products &amp; Ecological Toys\u00a0\",\"description\":\"Specialised Swiss shop selling sustainable educational toys and games, AMI certified Montessori materials, handmade ecological wooden Waldorf toys and arts &amp; crafts supplies, school supplies, children&#039;s furniture and Montessori reference and parenting books.\",\"publisher\":{\"@id\":\"https:\/\/teiaeducation.ch\/fr\/#organization\"},\"alternateName\":\"Teia Education & Play\",\"potentialAction\":[{\"@type\":\"SearchAction\",\"target\":{\"@type\":\"EntryPoint\",\"urlTemplate\":\"https:\/\/teiaeducation.ch\/fr\/?s={search_term_string}\"},\"query-input\":{\"@type\":\"PropertyValueSpecification\",\"valueRequired\":true,\"valueName\":\"search_term_string\"}}],\"inLanguage\":\"fr-FR\"},{\"@type\":\"Organization\",\"@id\":\"https:\/\/teiaeducation.ch\/fr\/#organization\",\"name\":\"Teia Education & Play\",\"url\":\"https:\/\/teiaeducation.ch\/fr\/\",\"logo\":{\"@type\":\"ImageObject\",\"inLanguage\":\"fr-FR\",\"@id\":\"https:\/\/teiaeducation.ch\/fr\/#\/schema\/logo\/image\/\",\"url\":\"https:\/\/teiaeducation.ch\/wp-content\/uploads\/2020\/11\/Teia-Education-Switzerland-e1620156442216.jpg\",\"contentUrl\":\"https:\/\/teiaeducation.ch\/wp-content\/uploads\/2020\/11\/Teia-Education-Switzerland-e1620156442216.jpg\",\"width\":166,\"height\":145,\"caption\":\"Teia Education & Play\"},\"image\":{\"@id\":\"https:\/\/teiaeducation.ch\/fr\/#\/schema\/logo\/image\/\"},\"sameAs\":[\"https:\/\/www.facebook.com\/teiaeducation\/\",\"https:\/\/x.com\/EducationTeia\",\"https:\/\/www.instagram.com\/teia.education\/\",\"https:\/\/www.linkedin.com\/company\/35501660\",\"https:\/\/www.pinterest.ch\/TeiaEducation\/\"]}]}<\/script>\n<!-- \/ Yoast SEO plugin. -->","yoast_head_json":{"title":"Chaise Montessori pour tout-petits (haute) - Nienhuis Montessori","description":"Une chaise \u00e0 lattes de haute qualit\u00e9 pour les tout-petits de la gamme de meubles Nienhuis Montessori - pour le jardin d'enfants, le Nido ou la maison.","robots":{"index":"index","follow":"follow","max-snippet":"max-snippet:-1","max-image-preview":"max-image-preview:large","max-video-preview":"max-video-preview:-1"},"canonical":"https:\/\/teiaeducation.ch\/fr\/produit\/chaise-montessori-pour-tout-petits-haute-nienhuis-montessori\/","og_locale":"fr_FR","og_type":"article","og_title":"Chaise Montessori pour tout-petits (haute) - Nienhuis Montessori","og_description":"Une chaise \u00e0 lattes de haute qualit\u00e9 pour les tout-petits de la gamme de meubles Nienhuis Montessori - pour le jardin d'enfants, le Nido ou la maison.","og_url":"https:\/\/teiaeducation.ch\/fr\/produit\/chaise-montessori-pour-tout-petits-haute-nienhuis-montessori\/","og_site_name":"Sustainable Educational Products &amp; Ecological Toys\u00a0","article_publisher":"https:\/\/www.facebook.com\/teiaeducation\/","article_modified_time":"2022-11-04T08:24:25+00:00","og_image":[{"width":2048,"height":2048,"url":"https:\/\/teiaeducation.ch\/wp-content\/uploads\/2019\/05\/400_101030_main_or_1-scaled.jpg","type":"image\/jpeg"}],"schema":{"@context":"https:\/\/schema.org","@graph":[{"@type":"WebPage","@id":"https:\/\/teiaeducation.ch\/fr\/produit\/chaise-montessori-pour-tout-petits-haute-nienhuis-montessori\/","url":"https:\/\/teiaeducation.ch\/fr\/produit\/chaise-montessori-pour-tout-petits-haute-nienhuis-montessori\/","name":"Chaise Montessori pour tout-petits (haute) - Nienhuis Montessori","isPartOf":{"@id":"https:\/\/teiaeducation.ch\/fr\/#website"},"primaryImageOfPage":{"@id":"https:\/\/teiaeducation.ch\/fr\/produit\/chaise-montessori-pour-tout-petits-haute-nienhuis-montessori\/#primaryimage"},"image":{"@id":"https:\/\/teiaeducation.ch\/fr\/produit\/chaise-montessori-pour-tout-petits-haute-nienhuis-montessori\/#primaryimage"},"thumbnailUrl":"https:\/\/teiaeducation.ch\/wp-content\/uploads\/2019\/05\/400_101030_main_or_1-scaled.jpg","datePublished":"2022-04-08T13:03:25+00:00","dateModified":"2022-11-04T08:24:25+00:00","description":"Une chaise \u00e0 lattes de haute qualit\u00e9 pour les tout-petits de la gamme de meubles Nienhuis Montessori - pour le jardin d'enfants, le Nido ou la maison.","breadcrumb":{"@id":"https:\/\/teiaeducation.ch\/fr\/produit\/chaise-montessori-pour-tout-petits-haute-nienhuis-montessori\/#breadcrumb"},"inLanguage":"fr-FR","potentialAction":[{"@type":"ReadAction","target":["https:\/\/teiaeducation.ch\/fr\/produit\/chaise-montessori-pour-tout-petits-haute-nienhuis-montessori\/"]}]},{"@type":"ImageObject","inLanguage":"fr-FR","@id":"https:\/\/teiaeducation.ch\/fr\/produit\/chaise-montessori-pour-tout-petits-haute-nienhuis-montessori\/#primaryimage","url":"https:\/\/teiaeducation.ch\/wp-content\/uploads\/2019\/05\/400_101030_main_or_1-scaled.jpg","contentUrl":"https:\/\/teiaeducation.ch\/wp-content\/uploads\/2019\/05\/400_101030_main_or_1-scaled.jpg","width":2048,"height":2048,"caption":"Chaise Montessori pour les tout-petits (haute) - Nienhuis Montessori"},{"@type":"BreadcrumbList","@id":"https:\/\/teiaeducation.ch\/fr\/produit\/chaise-montessori-pour-tout-petits-haute-nienhuis-montessori\/#breadcrumb","itemListElement":[{"@type":"ListItem","position":1,"name":"Home","item":"https:\/\/teiaeducation.ch\/fr\/"},{"@type":"ListItem","position":2,"name":"Boutique Teia Education &amp; Play","item":"https:\/\/teiaeducation.ch\/fr\/boutique\/"},{"@type":"ListItem","position":3,"name":"Nos Marques","item":"https:\/\/teiaeducation.ch\/fr\/categorie-produit\/marques\/"},{"@type":"ListItem","position":4,"name":"Nienhuis Montessori Suisse","item":"https:\/\/teiaeducation.ch\/fr\/categorie-produit\/marques\/nienhuis-montessori-materiel-fr\/"},{"@type":"ListItem","position":5,"name":"Nourrisson &amp; Enfant Bas \u00c2ge","item":"https:\/\/teiaeducation.ch\/fr\/categorie-produit\/marques\/nienhuis-montessori-materiel-fr\/nourrisson-enfant-bas-age\/"},{"@type":"ListItem","position":6,"name":"Chaise Montessori pour les tout-petits (haute) &#8211; Nienhuis Montessori"}]},{"@type":"WebSite","@id":"https:\/\/teiaeducation.ch\/fr\/#website","url":"https:\/\/teiaeducation.ch\/fr\/","name":"Sustainable Educational Products &amp; Ecological Toys\u00a0","description":"Specialised Swiss shop selling sustainable educational toys and games, AMI certified Montessori materials, handmade ecological wooden Waldorf toys and arts &amp; crafts supplies, school supplies, children&#039;s furniture and Montessori reference and parenting books.","publisher":{"@id":"https:\/\/teiaeducation.ch\/fr\/#organization"},"alternateName":"Teia Education & Play","potentialAction":[{"@type":"SearchAction","target":{"@type":"EntryPoint","urlTemplate":"https:\/\/teiaeducation.ch\/fr\/?s={search_term_string}"},"query-input":{"@type":"PropertyValueSpecification","valueRequired":true,"valueName":"search_term_string"}}],"inLanguage":"fr-FR"},{"@type":"Organization","@id":"https:\/\/teiaeducation.ch\/fr\/#organization","name":"Teia Education & Play","url":"https:\/\/teiaeducation.ch\/fr\/","logo":{"@type":"ImageObject","inLanguage":"fr-FR","@id":"https:\/\/teiaeducation.ch\/fr\/#\/schema\/logo\/image\/","url":"https:\/\/teiaeducation.ch\/wp-content\/uploads\/2020\/11\/Teia-Education-Switzerland-e1620156442216.jpg","contentUrl":"https:\/\/teiaeducation.ch\/wp-content\/uploads\/2020\/11\/Teia-Education-Switzerland-e1620156442216.jpg","width":166,"height":145,"caption":"Teia Education & Play"},"image":{"@id":"https:\/\/teiaeducation.ch\/fr\/#\/schema\/logo\/image\/"},"sameAs":["https:\/\/www.facebook.com\/teiaeducation\/","https:\/\/x.com\/EducationTeia","https:\/\/www.instagram.com\/teia.education\/","https:\/\/www.linkedin.com\/company\/35501660","https:\/\/www.pinterest.ch\/TeiaEducation\/"]}]}},"_links":{"self":[{"href":"https:\/\/teiaeducation.ch\/fr\/wp-json\/wp\/v2\/product\/50453","targetHints":{"allow":["GET"]}}],"collection":[{"href":"https:\/\/teiaeducation.ch\/fr\/wp-json\/wp\/v2\/product"}],"about":[{"href":"https:\/\/teiaeducation.ch\/fr\/wp-json\/wp\/v2\/types\/product"}],"replies":[{"embeddable":true,"href":"https:\/\/teiaeducation.ch\/fr\/wp-json\/wp\/v2\/comments?post=50453"}],"wp:featuredmedia":[{"embeddable":true,"href":"https:\/\/teiaeducation.ch\/fr\/wp-json\/wp\/v2\/media\/11899"}],"wp:attachment":[{"href":"https:\/\/teiaeducation.ch\/fr\/wp-json\/wp\/v2\/media?parent=50453"}],"wp:term":[{"taxonomy":"product_brand","embeddable":true,"href":"https:\/\/teiaeducation.ch\/fr\/wp-json\/wp\/v2\/product_brand?post=50453"},{"taxonomy":"product_cat","embeddable":true,"href":"https:\/\/teiaeducation.ch\/fr\/wp-json\/wp\/v2\/product_cat?post=50453"},{"taxonomy":"product_tag","embeddable":true,"href":"https:\/\/teiaeducation.ch\/fr\/wp-json\/wp\/v2\/product_tag?post=50453"}],"curies":[{"name":"wp","href":"https:\/\/api.w.org\/{rel}","templated":true}]}}