{"id":51303,"date":"2024-08-20T13:53:38","date_gmt":"2024-08-20T11:53:38","guid":{"rendered":"https:\/\/teiaeducation.ch\/?post_type=product&#038;p=51303"},"modified":"2023-11-12T16:44:33","modified_gmt":"2023-11-12T15:44:33","slug":"jupe-de-fee-reversible-noit-etoilee-sarahs-silks","status":"publish","type":"product","link":"https:\/\/teiaeducation.ch\/fr\/produit\/jupe-de-fee-reversible-noit-etoilee-sarahs-silks\/","title":{"rendered":"Jupe de f\u00e9e r\u00e9versible nuit \u00e9toil\u00e9e &#8211; Sarah&#8217;s Silks"},"content":{"rendered":"<p>La jupe de f\u00e9e r\u00e9versible en soie de Sarah&#8217;s Silks en nuit \u00e9toil\u00e9e permet de jouer \u00e0 faire semblant \u00e0 un nouveau niveau ! Confortables et polyvalentes, les jupes en soie de Sarah&#8217;s Silks sont un \u00e9l\u00e9ment de base des trousses de d\u00e9guisement depuis plus de 25 ans. Cette magnifique jupe r\u00e9versible est tr\u00e8s bien faite et confortable pour s&#8217;habiller et jouer avec son imagination au quotidien.<\/p>\n<p>Avec une double couche de soie durable teint\u00e9e \u00e0 la main dans un bleu vibrant avec de d\u00e9licats imprim\u00e9s jaunes, la jupe de f\u00e9e nuit \u00e9toil\u00e9e est cousue de fa\u00e7on \u00e0 ce que l&#8217;ourlet pende en pointes gracieuses et se drape magnifiquement pour flotter, s&#8217;amuser et virevolter comme une f\u00e9e. La taille extensible assure un ajustement serr\u00e9 et confortable.<\/p>\n<p>Cette jupe de f\u00e9e douce et confortable a une taille \u00e9lastiqu\u00e9e pour s&#8217;adapter aux enfants \u00e2g\u00e9s de 3 \u00e0 9 ans et facilite l&#8217;habillage ind\u00e9pendant. Elle mesure environ 58 cm de long et est cousue avec deux couches de soie pure \u00e0 poids \u00e9lev\u00e9 (8 mommes). La jupe a une taille \u00e9lastique qui s&#8217;\u00e9tire confortablement de 56 \u00e0 90 cm.<\/p>\n<p>C&#8217;est la jupe de f\u00e9e parfaite pour de nombreux jeux magiques, fantastiques et inspir\u00e9s de <a href=\"https:\/\/teiaeducation.ch\/fr\/categorie-produit\/methode-deducation\/waldorf-fr\/\">Waldorf<\/a> pour les enfants de tous \u00e2ges. Elle se coordonne bien avec les guirlandes et les voiles arc-en-ciel assortis de Sarah&#8217;s Silks. Les petits peuvent la porter comme une jupe, ou sur un t-shirt comme un haut de soir\u00e9e, ainsi que comme une coiffe \u00e0 froufrous.<\/p>\n<p>Contenu:<\/p>\n<p>1 jupe de f\u00e9e reversible<\/p>\n<h2>Instructions de soins<\/h2>\n<p>Lavez \u00e0 la main avec du savon \u00e0 vaisselle ou un shampooing doux, s\u00e9chez sur la corde et utilisez un fer \u00e0 repasser moyen pour redonner de l&#8217;\u00e9clat &#8211; veuillez vous r\u00e9f\u00e9rer aux <a href=\"https:\/\/www.sarahssilks.com\/blogs\/journal\/how-to-wash-playsilks\">instructions<\/a> \u00e9tape par \u00e9tape de Sarah&#8217;s Silks pour laver votre soie..<\/p>\n<h2>Politique de retour<\/h2>\n<p>Tous les articles retourn\u00e9s doivent \u00eatre dans leur \u00e9tat d&#8217;origine, avec l&#8217;emballage original et les \u00e9tiquettes attach\u00e9es et intactes. Les articles utilis\u00e9s ou lav\u00e9s ne peuvent \u00eatre retourn\u00e9s.<\/p>\n<h2>\u00c0 propos de Sarah&#8217;s Silks<\/h2>\n<p><a href=\"https:\/\/teiaeducation.ch\/fr\/categorie-produit\/marques\/sarahs-silks-fr\/\">Sarah\u2019s Silks<\/a> est une entreprise familiale bas\u00e9e aux \u00c9tats-Unis sp\u00e9cialis\u00e9e dans les jouets d\u2019inspiration <a href=\"https:\/\/teiaeducation.ch\/fr\/categorie-produit\/jouer\/jouets-waldorf\/\">Waldorf<\/a>, <a href=\"https:\/\/teiaeducation.ch\/fr\/categorie-produit\/jouer\/jeu-de-la-nature\/\">naturels<\/a> et durables pour stimuler <a href=\"https:\/\/teiaeducation.ch\/fr\/categorie-produit\/jouer\/jeu-imaginatif-faire-semblant\/\">l\u2019imagination<\/a> des enfants. Leur mission est de fabriquer des <a href=\"https:\/\/teiaeducation.ch\/fr\/categorie-produit\/jouer\/\">jouets durables<\/a> et <a href=\"https:\/\/teiaeducation.ch\/fr\/categorie-produit\/jouer\/jeu-libre\/\">libres<\/a> qui enseignent \u00e0 nos enfants \u00e0 aimer et \u00e0 prendre soin de la Terre M\u00e8re. Les magnifiques soies de jeu, les cotons de jeu, les capes, les robes de f\u00e9es et les banderoles de Sarah&#8217;s Silks sont parfaits pour les jeux libres, les d\u00e9guisements et les jeux dramatiques dans les maisons Waldorf, les garderies et les <a href=\"https:\/\/teiaeducation.ch\/fr\/fournitures-pour-les-ecoles-waldorf-steiner\/\">\u00e9coles Steiner<\/a>.<\/p>\n<p>Tous les v\u00eatements et jouets en soie de Sarah&#8217;s Silks sont fabriqu\u00e9s \u00e0 partir de soie chinoise durable de haute qualit\u00e9. Chaque produit en soie est tiss\u00e9, color\u00e9 et ourl\u00e9 \u00e0 la main par des couturi\u00e8res travaillant de leur maison dans un petit village pr\u00e8s de Suzhou, en Chine. Ils sont ensuite peints et finis \u00e0 la main dans le Sonoma County, en Californie, aux \u00c9tats-Unis.<\/p>\n<p>Les enfants adorent les couleurs vibrantes et magnifiquement m\u00e9lang\u00e9es et la sensation douce et tactile des jouets, des <a href=\"https:\/\/teiaeducation.ch\/fr\/categorie-produit\/jouer\/jouets-en-tissu\/\">tissus<\/a> de jeu en coton et des capes. Ils sont r\u00e9alis\u00e9s \u00e0 l&#8217;aide de teintures non toxiques et \u00e9cologiques et de fibres naturelles allant de la soie v\u00e9ritable \u00e0 100 % ou coton. Ils ont pass\u00e9 des tests de s\u00e9curit\u00e9 am\u00e9ricains et europ\u00e9ens stricts et peuvent \u00eatre utilis\u00e9s par des enfants de tous \u00e2ges.<\/p>\n","protected":false},"excerpt":{"rendered":"<p>Num\u00e9ro d&#8217;article: SS003110<\/p>\n<p>La jupe de f\u00e9e r\u00e9versible en soie de Sarah&#8217;s Silks en nuit \u00e9toil\u00e9e est confortable, polyvalente et permet de jouer \u00e0 faire semblant !<\/p>\n","protected":false},"featured_media":51288,"comment_status":"open","ping_status":"closed","template":"","meta":[],"product_brand":[],"product_cat":[215,216,22032,23635,18893,22344,25820,17241,17238,21257,22421,13130,13137,23021,13139,13140,13142,7595,217,5851,13124,212,1219],"product_tag":[18427,19481,19479,19475,24347,24348,19480,19482,18426,19473,19483,19474,18425,19478,19476,19477,19472],"class_list":{"0":"post-51303","1":"product","2":"type-product","3":"status-publish","4":"has-post-thumbnail","6":"product_cat-3-6-ans","7":"product_cat-6-12-ans","8":"product_cat-cadeaux-du-calendrier-de-lavent-et-de-noel","9":"product_cat-collection-dete","10":"product_cat-collection-printemps","11":"product_cat-collections-saisonnieres","12":"product_cat-deguisements","13":"product_cat-guide-cadeaux-3-6-ans","14":"product_cat-guide-cadeaux-jouets-mous","15":"product_cat-guides-cadeaux","16":"product_cat-idees-cadeaux-pour-paques","17":"product_cat-jouer","18":"product_cat-jouets-en-tissu","19":"product_cat-jouets-waldorf","20":"product_cat-jeu-imaginatif-faire-semblant","21":"product_cat-jeu-libre","22":"product_cat-jeu-sensoriel","23":"product_cat-methode-deducation","24":"product_cat-marques","25":"product_cat-nouveautes","26":"product_cat-sarahs-silks-fr","27":"product_cat-tranche-dage","28":"product_cat-waldorf-fr","29":"product_tag-costumes-waldorf","30":"product_tag-jupe-de-fee-arc-en-ciel-jaune-en-soie","31":"product_tag-jupe-de-fee-de-haute-qualite","32":"product_tag-jupe-de-fee-en-soie","33":"product_tag-jupe-de-fee-reversible-blossom-enchantee-sarahs-silks","34":"product_tag-jupe-de-fee-reversible-nuit-etoilee-sarahs-silks","35":"product_tag-jupe-de-fee-rose-et-lavande","36":"product_tag-jupe-fee-jaune-arc-en-ciel-pour-les-tout-petits","37":"product_tag-sarahs-silks-fr","38":"product_tag-sarahs-silks-jupe-de-fee","39":"product_tag-sarahs-silks-jupe-de-fee-reversible-touot-petits","40":"product_tag-sarahs-silks-jupe-de-fee-tout-petits","41":"product_tag-sarahs-silks-suisse-fr","42":"product_tag-vetements-deguisement-de-haute-qualite","43":"product_tag-vetements-deguisements-en-soie","44":"product_tag-waldorf-jeu-de-role","45":"product_tag-waldorf-se-deguiser","47":"first","48":"instock","49":"taxable","50":"shipping-taxable","51":"purchasable","52":"product-type-simple"},"yoast_head":"<!-- This site is optimized with the Yoast SEO plugin v27.1.1 - https:\/\/yoast.com\/product\/yoast-seo-wordpress\/ -->\n<title>Jupe de f\u00e9e r\u00e9versible nuit \u00e9toil\u00e9e - Sarah&#039;s Silks<\/title>\n<meta name=\"description\" content=\"La jupe de f\u00e9e r\u00e9versible en soie de Sarah&#039;s Silks en nuit \u00e9toil\u00e9e est confortable, polyvalente et permet de jouer \u00e0 faire semblant !\" \/>\n<meta name=\"robots\" content=\"index, follow, max-snippet:-1, max-image-preview:large, max-video-preview:-1\" \/>\n<link rel=\"canonical\" href=\"https:\/\/teiaeducation.ch\/fr\/produit\/jupe-de-fee-reversible-noit-etoilee-sarahs-silks\/\" \/>\n<meta property=\"og:locale\" content=\"fr_FR\" \/>\n<meta property=\"og:type\" content=\"article\" \/>\n<meta property=\"og:title\" content=\"Jupe de f\u00e9e r\u00e9versible nuit \u00e9toil\u00e9e - Sarah&#039;s Silks\" \/>\n<meta property=\"og:description\" content=\"La jupe de f\u00e9e r\u00e9versible en soie de Sarah&#039;s Silks en nuit \u00e9toil\u00e9e est confortable, polyvalente et permet de jouer \u00e0 faire semblant !\" \/>\n<meta property=\"og:url\" content=\"https:\/\/teiaeducation.ch\/fr\/produit\/jupe-de-fee-reversible-noit-etoilee-sarahs-silks\/\" \/>\n<meta property=\"og:site_name\" content=\"Sustainable Educational Products &amp; Ecological Toys\u00a0\" \/>\n<meta property=\"article:publisher\" content=\"https:\/\/www.facebook.com\/teiaeducation\/\" \/>\n<meta property=\"og:image\" content=\"https:\/\/teiaeducation.ch\/wp-content\/uploads\/2020\/12\/Reversible-fairy-skirt-enchanted-starry-night-Sarahs-Silks.jpg\" \/>\n\t<meta property=\"og:image:width\" content=\"1080\" \/>\n\t<meta property=\"og:image:height\" content=\"1350\" \/>\n\t<meta property=\"og:image:type\" content=\"image\/jpeg\" \/>\n<script type=\"application\/ld+json\" class=\"yoast-schema-graph\">{\"@context\":\"https:\/\/schema.org\",\"@graph\":[{\"@type\":\"WebPage\",\"@id\":\"https:\/\/teiaeducation.ch\/fr\/produit\/jupe-de-fee-reversible-noit-etoilee-sarahs-silks\/\",\"url\":\"https:\/\/teiaeducation.ch\/fr\/produit\/jupe-de-fee-reversible-noit-etoilee-sarahs-silks\/\",\"name\":\"Jupe de f\u00e9e r\u00e9versible nuit \u00e9toil\u00e9e - Sarah's Silks\",\"isPartOf\":{\"@id\":\"https:\/\/teiaeducation.ch\/fr\/#website\"},\"primaryImageOfPage\":{\"@id\":\"https:\/\/teiaeducation.ch\/fr\/produit\/jupe-de-fee-reversible-noit-etoilee-sarahs-silks\/#primaryimage\"},\"image\":{\"@id\":\"https:\/\/teiaeducation.ch\/fr\/produit\/jupe-de-fee-reversible-noit-etoilee-sarahs-silks\/#primaryimage\"},\"thumbnailUrl\":\"https:\/\/teiaeducation.ch\/wp-content\/uploads\/2020\/12\/Reversible-fairy-skirt-enchanted-starry-night-Sarahs-Silks.jpg\",\"datePublished\":\"2024-08-20T11:53:38+00:00\",\"description\":\"La jupe de f\u00e9e r\u00e9versible en soie de Sarah's Silks en nuit \u00e9toil\u00e9e est confortable, polyvalente et permet de jouer \u00e0 faire semblant !\",\"breadcrumb\":{\"@id\":\"https:\/\/teiaeducation.ch\/fr\/produit\/jupe-de-fee-reversible-noit-etoilee-sarahs-silks\/#breadcrumb\"},\"inLanguage\":\"fr-FR\",\"potentialAction\":[{\"@type\":\"ReadAction\",\"target\":[\"https:\/\/teiaeducation.ch\/fr\/produit\/jupe-de-fee-reversible-noit-etoilee-sarahs-silks\/\"]}]},{\"@type\":\"ImageObject\",\"inLanguage\":\"fr-FR\",\"@id\":\"https:\/\/teiaeducation.ch\/fr\/produit\/jupe-de-fee-reversible-noit-etoilee-sarahs-silks\/#primaryimage\",\"url\":\"https:\/\/teiaeducation.ch\/wp-content\/uploads\/2020\/12\/Reversible-fairy-skirt-enchanted-starry-night-Sarahs-Silks.jpg\",\"contentUrl\":\"https:\/\/teiaeducation.ch\/wp-content\/uploads\/2020\/12\/Reversible-fairy-skirt-enchanted-starry-night-Sarahs-Silks.jpg\",\"width\":1080,\"height\":1350,\"caption\":\"Jupe de f\u00e9e r\u00e9versible nuit \u00e9toil\u00e9e Sarah's Silks\"},{\"@type\":\"BreadcrumbList\",\"@id\":\"https:\/\/teiaeducation.ch\/fr\/produit\/jupe-de-fee-reversible-noit-etoilee-sarahs-silks\/#breadcrumb\",\"itemListElement\":[{\"@type\":\"ListItem\",\"position\":1,\"name\":\"Home\",\"item\":\"https:\/\/teiaeducation.ch\/fr\/\"},{\"@type\":\"ListItem\",\"position\":2,\"name\":\"Boutique Teia Education &amp; Play\",\"item\":\"https:\/\/teiaeducation.ch\/fr\/boutique\/\"},{\"@type\":\"ListItem\",\"position\":3,\"name\":\"Nos Marques\",\"item\":\"https:\/\/teiaeducation.ch\/fr\/categorie-produit\/marques\/\"},{\"@type\":\"ListItem\",\"position\":4,\"name\":\"Sarah's Silks\",\"item\":\"https:\/\/teiaeducation.ch\/fr\/categorie-produit\/marques\/sarahs-silks-fr\/\"},{\"@type\":\"ListItem\",\"position\":5,\"name\":\"Jupe de f\u00e9e r\u00e9versible nuit \u00e9toil\u00e9e &#8211; Sarah&#8217;s Silks\"}]},{\"@type\":\"WebSite\",\"@id\":\"https:\/\/teiaeducation.ch\/fr\/#website\",\"url\":\"https:\/\/teiaeducation.ch\/fr\/\",\"name\":\"Sustainable Educational Products &amp; Ecological Toys\u00a0\",\"description\":\"Specialised Swiss shop selling sustainable educational toys and games, AMI certified Montessori materials, handmade ecological wooden Waldorf toys and arts &amp; crafts supplies, school supplies, children&#039;s furniture and Montessori reference and parenting books.\",\"publisher\":{\"@id\":\"https:\/\/teiaeducation.ch\/fr\/#organization\"},\"alternateName\":\"Teia Education & Play\",\"potentialAction\":[{\"@type\":\"SearchAction\",\"target\":{\"@type\":\"EntryPoint\",\"urlTemplate\":\"https:\/\/teiaeducation.ch\/fr\/?s={search_term_string}\"},\"query-input\":{\"@type\":\"PropertyValueSpecification\",\"valueRequired\":true,\"valueName\":\"search_term_string\"}}],\"inLanguage\":\"fr-FR\"},{\"@type\":\"Organization\",\"@id\":\"https:\/\/teiaeducation.ch\/fr\/#organization\",\"name\":\"Teia Education & Play\",\"url\":\"https:\/\/teiaeducation.ch\/fr\/\",\"logo\":{\"@type\":\"ImageObject\",\"inLanguage\":\"fr-FR\",\"@id\":\"https:\/\/teiaeducation.ch\/fr\/#\/schema\/logo\/image\/\",\"url\":\"https:\/\/teiaeducation.ch\/wp-content\/uploads\/2020\/11\/Teia-Education-Switzerland-e1620156442216.jpg\",\"contentUrl\":\"https:\/\/teiaeducation.ch\/wp-content\/uploads\/2020\/11\/Teia-Education-Switzerland-e1620156442216.jpg\",\"width\":166,\"height\":145,\"caption\":\"Teia Education & Play\"},\"image\":{\"@id\":\"https:\/\/teiaeducation.ch\/fr\/#\/schema\/logo\/image\/\"},\"sameAs\":[\"https:\/\/www.facebook.com\/teiaeducation\/\",\"https:\/\/x.com\/EducationTeia\",\"https:\/\/www.instagram.com\/teia.education\/\",\"https:\/\/www.linkedin.com\/company\/35501660\",\"https:\/\/www.pinterest.ch\/TeiaEducation\/\"]}]}<\/script>\n<!-- \/ Yoast SEO plugin. -->","yoast_head_json":{"title":"Jupe de f\u00e9e r\u00e9versible nuit \u00e9toil\u00e9e - Sarah's Silks","description":"La jupe de f\u00e9e r\u00e9versible en soie de Sarah's Silks en nuit \u00e9toil\u00e9e est confortable, polyvalente et permet de jouer \u00e0 faire semblant !","robots":{"index":"index","follow":"follow","max-snippet":"max-snippet:-1","max-image-preview":"max-image-preview:large","max-video-preview":"max-video-preview:-1"},"canonical":"https:\/\/teiaeducation.ch\/fr\/produit\/jupe-de-fee-reversible-noit-etoilee-sarahs-silks\/","og_locale":"fr_FR","og_type":"article","og_title":"Jupe de f\u00e9e r\u00e9versible nuit \u00e9toil\u00e9e - Sarah's Silks","og_description":"La jupe de f\u00e9e r\u00e9versible en soie de Sarah's Silks en nuit \u00e9toil\u00e9e est confortable, polyvalente et permet de jouer \u00e0 faire semblant !","og_url":"https:\/\/teiaeducation.ch\/fr\/produit\/jupe-de-fee-reversible-noit-etoilee-sarahs-silks\/","og_site_name":"Sustainable Educational Products &amp; Ecological Toys\u00a0","article_publisher":"https:\/\/www.facebook.com\/teiaeducation\/","og_image":[{"width":1080,"height":1350,"url":"https:\/\/teiaeducation.ch\/wp-content\/uploads\/2020\/12\/Reversible-fairy-skirt-enchanted-starry-night-Sarahs-Silks.jpg","type":"image\/jpeg"}],"schema":{"@context":"https:\/\/schema.org","@graph":[{"@type":"WebPage","@id":"https:\/\/teiaeducation.ch\/fr\/produit\/jupe-de-fee-reversible-noit-etoilee-sarahs-silks\/","url":"https:\/\/teiaeducation.ch\/fr\/produit\/jupe-de-fee-reversible-noit-etoilee-sarahs-silks\/","name":"Jupe de f\u00e9e r\u00e9versible nuit \u00e9toil\u00e9e - Sarah's Silks","isPartOf":{"@id":"https:\/\/teiaeducation.ch\/fr\/#website"},"primaryImageOfPage":{"@id":"https:\/\/teiaeducation.ch\/fr\/produit\/jupe-de-fee-reversible-noit-etoilee-sarahs-silks\/#primaryimage"},"image":{"@id":"https:\/\/teiaeducation.ch\/fr\/produit\/jupe-de-fee-reversible-noit-etoilee-sarahs-silks\/#primaryimage"},"thumbnailUrl":"https:\/\/teiaeducation.ch\/wp-content\/uploads\/2020\/12\/Reversible-fairy-skirt-enchanted-starry-night-Sarahs-Silks.jpg","datePublished":"2024-08-20T11:53:38+00:00","description":"La jupe de f\u00e9e r\u00e9versible en soie de Sarah's Silks en nuit \u00e9toil\u00e9e est confortable, polyvalente et permet de jouer \u00e0 faire semblant !","breadcrumb":{"@id":"https:\/\/teiaeducation.ch\/fr\/produit\/jupe-de-fee-reversible-noit-etoilee-sarahs-silks\/#breadcrumb"},"inLanguage":"fr-FR","potentialAction":[{"@type":"ReadAction","target":["https:\/\/teiaeducation.ch\/fr\/produit\/jupe-de-fee-reversible-noit-etoilee-sarahs-silks\/"]}]},{"@type":"ImageObject","inLanguage":"fr-FR","@id":"https:\/\/teiaeducation.ch\/fr\/produit\/jupe-de-fee-reversible-noit-etoilee-sarahs-silks\/#primaryimage","url":"https:\/\/teiaeducation.ch\/wp-content\/uploads\/2020\/12\/Reversible-fairy-skirt-enchanted-starry-night-Sarahs-Silks.jpg","contentUrl":"https:\/\/teiaeducation.ch\/wp-content\/uploads\/2020\/12\/Reversible-fairy-skirt-enchanted-starry-night-Sarahs-Silks.jpg","width":1080,"height":1350,"caption":"Jupe de f\u00e9e r\u00e9versible nuit \u00e9toil\u00e9e Sarah's Silks"},{"@type":"BreadcrumbList","@id":"https:\/\/teiaeducation.ch\/fr\/produit\/jupe-de-fee-reversible-noit-etoilee-sarahs-silks\/#breadcrumb","itemListElement":[{"@type":"ListItem","position":1,"name":"Home","item":"https:\/\/teiaeducation.ch\/fr\/"},{"@type":"ListItem","position":2,"name":"Boutique Teia Education &amp; Play","item":"https:\/\/teiaeducation.ch\/fr\/boutique\/"},{"@type":"ListItem","position":3,"name":"Nos Marques","item":"https:\/\/teiaeducation.ch\/fr\/categorie-produit\/marques\/"},{"@type":"ListItem","position":4,"name":"Sarah's Silks","item":"https:\/\/teiaeducation.ch\/fr\/categorie-produit\/marques\/sarahs-silks-fr\/"},{"@type":"ListItem","position":5,"name":"Jupe de f\u00e9e r\u00e9versible nuit \u00e9toil\u00e9e &#8211; Sarah&#8217;s Silks"}]},{"@type":"WebSite","@id":"https:\/\/teiaeducation.ch\/fr\/#website","url":"https:\/\/teiaeducation.ch\/fr\/","name":"Sustainable Educational Products &amp; Ecological Toys\u00a0","description":"Specialised Swiss shop selling sustainable educational toys and games, AMI certified Montessori materials, handmade ecological wooden Waldorf toys and arts &amp; crafts supplies, school supplies, children&#039;s furniture and Montessori reference and parenting books.","publisher":{"@id":"https:\/\/teiaeducation.ch\/fr\/#organization"},"alternateName":"Teia Education & Play","potentialAction":[{"@type":"SearchAction","target":{"@type":"EntryPoint","urlTemplate":"https:\/\/teiaeducation.ch\/fr\/?s={search_term_string}"},"query-input":{"@type":"PropertyValueSpecification","valueRequired":true,"valueName":"search_term_string"}}],"inLanguage":"fr-FR"},{"@type":"Organization","@id":"https:\/\/teiaeducation.ch\/fr\/#organization","name":"Teia Education & Play","url":"https:\/\/teiaeducation.ch\/fr\/","logo":{"@type":"ImageObject","inLanguage":"fr-FR","@id":"https:\/\/teiaeducation.ch\/fr\/#\/schema\/logo\/image\/","url":"https:\/\/teiaeducation.ch\/wp-content\/uploads\/2020\/11\/Teia-Education-Switzerland-e1620156442216.jpg","contentUrl":"https:\/\/teiaeducation.ch\/wp-content\/uploads\/2020\/11\/Teia-Education-Switzerland-e1620156442216.jpg","width":166,"height":145,"caption":"Teia Education & Play"},"image":{"@id":"https:\/\/teiaeducation.ch\/fr\/#\/schema\/logo\/image\/"},"sameAs":["https:\/\/www.facebook.com\/teiaeducation\/","https:\/\/x.com\/EducationTeia","https:\/\/www.instagram.com\/teia.education\/","https:\/\/www.linkedin.com\/company\/35501660","https:\/\/www.pinterest.ch\/TeiaEducation\/"]}]}},"_links":{"self":[{"href":"https:\/\/teiaeducation.ch\/fr\/wp-json\/wp\/v2\/product\/51303","targetHints":{"allow":["GET"]}}],"collection":[{"href":"https:\/\/teiaeducation.ch\/fr\/wp-json\/wp\/v2\/product"}],"about":[{"href":"https:\/\/teiaeducation.ch\/fr\/wp-json\/wp\/v2\/types\/product"}],"replies":[{"embeddable":true,"href":"https:\/\/teiaeducation.ch\/fr\/wp-json\/wp\/v2\/comments?post=51303"}],"wp:featuredmedia":[{"embeddable":true,"href":"https:\/\/teiaeducation.ch\/fr\/wp-json\/wp\/v2\/media\/51288"}],"wp:attachment":[{"href":"https:\/\/teiaeducation.ch\/fr\/wp-json\/wp\/v2\/media?parent=51303"}],"wp:term":[{"taxonomy":"product_brand","embeddable":true,"href":"https:\/\/teiaeducation.ch\/fr\/wp-json\/wp\/v2\/product_brand?post=51303"},{"taxonomy":"product_cat","embeddable":true,"href":"https:\/\/teiaeducation.ch\/fr\/wp-json\/wp\/v2\/product_cat?post=51303"},{"taxonomy":"product_tag","embeddable":true,"href":"https:\/\/teiaeducation.ch\/fr\/wp-json\/wp\/v2\/product_tag?post=51303"}],"curies":[{"name":"wp","href":"https:\/\/api.w.org\/{rel}","templated":true}]}}