{"id":51819,"date":"2023-02-14T12:22:06","date_gmt":"2023-02-14T11:22:06","guid":{"rendered":"https:\/\/teiaeducation.ch\/?post_type=product&#038;p=51819"},"modified":"2024-09-23T23:34:48","modified_gmt":"2024-09-23T21:34:48","slug":"figurines-de-arctique-animaux-sauvages-toob-safari-ltd","status":"publish","type":"product","link":"https:\/\/teiaeducation.ch\/fr\/produit\/figurines-de-arctique-animaux-sauvages-toob-safari-ltd\/","title":{"rendered":"Figurines de l&#8217;Arctique TOOB &#8211; Safari Ltd"},"content":{"rendered":"<p>Le Safari TOOB, avec ses figurines miniatures r\u00e9alistes repr\u00e9sentant certains des animaux les plus uniques de l&#8217;Arctique, est un pr\u00e9cieux jouet \u00e9ducatif\u00a0<a href=\"https:\/\/teiaeducation.ch\/fr\/categorie-produit\/methode-deducation\/montessori-fr\/\">Montessori<\/a>\u00a0pour a la maison ou en\u00a0<a href=\"https:\/\/teiaeducation.ch\/fr\/fournitures-scolaires\/fournitures-pour-les-ecoles-montessori\/\">classe<\/a> !<\/p>\n<p>L&#8217;ensemble comprend un phoque du Groenland, un husky, un caribou, un lapin arctique, un orque, un morse, un renard arctique, un b\u00e9luga, un ours polaire, ainsi qu&#8217;un igloo pour y s\u00e9journer. Les 10 mod\u00e8les d&#8217;animaux arctiques et d&#8217;un logement magnifiquement d\u00e9taill\u00e9s et r\u00e9alistes aident les enfants \u00e0 reconna\u00eetre, appr\u00e9cier et remarquer les diff\u00e9rences entre les esp\u00e8ces qui vivent dans cette r\u00e9gion.<\/p>\n<p>Ce TOOB de Safari de haute qualit\u00e9 et durable est un excellent outil p\u00e9dagogique et un <a href=\"https:\/\/teiaeducation.ch\/fr\/categorie-produit\/jouer\/jouets-montessori\/\">jouet d&#8217;inspiration Montessori<\/a>\u00a0pour soutenir les le\u00e7ons sur les continents et les diff\u00e9rents habitats naturels dans le <a href=\"https:\/\/teiaeducation.ch\/fr\/produit\/carte-puzzle-des-parties-du-monde-nienhuis-montessori\/\">monde<\/a>. Les figurines d&#8217;apprentissage pratiques sont \u00e9galement parfaites pour observer, pour soutenir les le\u00e7ons de biologie, de <a href=\"https:\/\/teiaeducation.ch\/fr\/categorie-produit\/domaines-du-curriculum\/culture-sciences\/geographie-animale\/\">zoologie<\/a> et de nature, de classification, et peuvent \u00e9galement \u00eatre appliqu\u00e9es comme de merveilleux objets de <a href=\"https:\/\/teiaeducation.ch\/fr\/categorie-produit\/domaines-du-curriculum\/alphabetisation-langage\/\">langage<\/a> et de bacs <a href=\"https:\/\/teiaeducation.ch\/fr\/categorie-produit\/jouer\/jeu-sensoriel\/\">sensoriels<\/a> pour enrichir le <a href=\"https:\/\/teiaeducation.ch\/fr\/categorie-produit\/domaines-du-curriculum\/alphabetisation-langage\/vocabulaire-fr\/\">vocabulaire<\/a> et les <a href=\"https:\/\/teiaeducation.ch\/fr\/categorie-produit\/domaines-du-curriculum\/alphabetisation-langage\/raconter-des-histoires\/\">r\u00e9cits<\/a>.<\/p>\n<p>L&#8217;Arctique se caract\u00e9rise par des hivers froids et des \u00e9t\u00e9s frais, et la plupart des pr\u00e9cipitations se font sous forme de neige. Si la r\u00e9gion est d\u00e9j\u00e0 assez froide en soi, elle est aussi incroyablement venteuse, avec un refroidissement \u00e9olien pouvant atteindre -90 degr\u00e9s Fahrenheit (-68 Celsius). Pour cette raison et \u00e0 cause du manque relatif de faune dans les r\u00e9gions non-toundriques, beaucoup sont surpris d&#8217;apprendre que l&#8217;Arctique abrite en fait un grand nombre d&#8217;esp\u00e8ces.<\/p>\n<p>Bien qu&#8217;il n&#8217;y paraisse pas au premier coup d&#8217;\u0153il en raison de sa st\u00e9rilit\u00e9, l&#8217;Arctique est en fait un \u00e9cosyst\u00e8me bien peupl\u00e9. Bien qu&#8217;il n&#8217;y paraisse pas au premier coup d&#8217;\u0153il en raison de sa st\u00e9rilit\u00e9, l&#8217;Arctique est en fait un \u00e9cosyst\u00e8me bien peupl\u00e9.<\/p>\n<p>Chaque figurine arctique r\u00e9aliste de ce TOOB est peinte individuellement avec des d\u00e9tails scientifiquement pr\u00e9cis. Ils sont non-toxiques, sans BPA et conviennent aux enfants de 3 ans et plus. Le TOOB contenant les figurines mesure 32,5 cm de long.<\/p>\n<p>La marque familiale am\u00e9ricaine <a href=\"https:\/\/teiaeducation.ch\/fr\/categorie-produit\/marques\/safari-jouets-figurines-animaux-fr\/\">Safari Ltd\u00ae<\/a> cr\u00e9e depuis plus de 30 ans des figurines <a href=\"https:\/\/teiaeducation.ch\/fr\/categorie-produit\/jouer\/animaux-fermes\/\">d&#8217;animaux<\/a> merveilleusement r\u00e9alistes et des outils p\u00e9dagogiques. Leurs jouets durables, de haute qualit\u00e9 et fabriqu\u00e9s avec soin, sensibilisent les enfants \u00e0 l&#8217;importance de la <a href=\"https:\/\/teiaeducation.ch\/fr\/categorie-produit\/jouer\/jeu-de-la-nature\/\">nature<\/a> et de la conservation par le biais de la joie du <a href=\"https:\/\/teiaeducation.ch\/fr\/categorie-produit\/jouer\/jeu-imaginatif-faire-semblant\/\">jeu imaginatif<\/a> et peuvent \u00eatre utilis\u00e9s de diverses mani\u00e8res.<\/p>\n<p>Tous les produits de Safari Ltd sont non toxiques, sans <a href=\"https:\/\/en.wikipedia.org\/wiki\/Bisphenol_A\">BPA<\/a>, sans plomb et sans phtalates. Ils sont rigoureusement test\u00e9s en termes de s\u00e9curit\u00e9, passant et d\u00e9passant toutes les r\u00e9glementations et normes de test mondiales. La marque utilise des emballages respectueux de l&#8217;environnement, notamment du papier recycl\u00e9 et recyclable sans rev\u00eatement UV, et s&#8217;efforce d&#8217;appliquer des pratiques commerciales \u00e9cologiques tout au long de la production.<\/p>\n<p>Contenu:<\/p>\n<p>10 figurines miniatures de l&#8217;Arctique<\/p>\n","protected":false},"excerpt":{"rendered":"<p>Num\u00e9ro d&#8217;article: S681604<\/p>\n<p>Le Safari TOOB, avec ses figurines miniatures r\u00e9alistes repr\u00e9sentant des animaux les plus uniques de l&#8217;Arctique, est un pr\u00e9cieux jouet \u00e9ducatif Montessori !<\/p>\n","protected":false},"featured_media":51830,"comment_status":"open","ping_status":"closed","template":"","meta":[],"product_brand":[],"product_cat":[8527,215,8580,216,285,13131,22343,22344,284,283,8526,592,16897,21257,13130,22181,1220,763,13140,13142,7595,1218,217,5851,611,18967,599,212,612],"product_tag":[24469,19419,24484,24468,24485,24487,24470,24486,24483,24482,19417,19418,19416,8132,19420,19415,19422],"class_list":{"0":"post-51819","1":"product","2":"type-product","3":"status-publish","4":"has-post-thumbnail","6":"product_cat-3-6-ans-ecole-a-domicile","7":"product_cat-3-6-ans","8":"product_cat-6-12-ans-ecole-a-domicile","9":"product_cat-6-12-ans","10":"product_cat-alphabetisation-langage","11":"product_cat-animaux-fermes","12":"product_cat-collection-hiver","13":"product_cat-collections-saisonnieres","14":"product_cat-culture-sciences","15":"product_cat-domaines-du-curriculum","16":"product_cat-fournitures-scolaires-a-domicile","17":"product_cat-geographie-animale","18":"product_cat-guide-cadeau-6-12-ans","19":"product_cat-guides-cadeaux","20":"product_cat-jouer","21":"product_cat-jouets-montessori","22":"product_cat-traditionnelle","23":"product_cat-la-science","24":"product_cat-jeu-libre","25":"product_cat-jeu-sensoriel","26":"product_cat-methode-deducation","27":"product_cat-montessori-fr","28":"product_cat-marques","29":"product_cat-nouveautes","30":"product_cat-raconter-des-histoires","31":"product_cat-safari-jouets-figurines-animaux-fr","32":"product_cat-topographie","33":"product_cat-tranche-dage","34":"product_cat-vocabulaire-fr","35":"product_tag-animaux-sauvages-toob-safari-ltd","36":"product_tag-figures-danimaux-non-toxiques","37":"product_tag-figurines-animaux-sauvages-arctiques-toob-safari","38":"product_tag-figurines-animaux-sauvages-toob-safari","39":"product_tag-figurines-arctiques-realistes-montessori","40":"product_tag-figurines-de-larctique-toob-safari","41":"product_tag-figurines-miniatures-realistes-danimaux-sauvages","42":"product_tag-figurines-miniatures-realistes-de-larctique","43":"product_tag-figurines-montessori-realistes-des-animaux-sauvages-de-larctique","44":"product_tag-jouet-educatif-montessori-arctique","45":"product_tag-jouets-dapprentissage","46":"product_tag-jouets-non-toxiques","47":"product_tag-jouets-sans-bisphenol-a","48":"product_tag-montessori-jouets","49":"product_tag-montessori-zoologie-jouets","50":"product_tag-safari-jouets","51":"product_tag-safari-toob-fr","53":"first","54":"instock","55":"taxable","56":"shipping-taxable","57":"purchasable","58":"product-type-simple"},"yoast_head":"<!-- This site is optimized with the Yoast SEO plugin v27.3 - https:\/\/yoast.com\/product\/yoast-seo-wordpress\/ -->\n<title>Figurines de l&#039;Arctique TOOB - Safari Ltd - Teia Education &amp; Play<\/title>\n<meta name=\"description\" content=\"Le Safari TOOB, avec ses figurines miniatures r\u00e9alistes repr\u00e9sentant des animaux les plus uniques de l&#039;Arctique, est un pr\u00e9cieux jouet \u00e9ducatif Montessori !\" \/>\n<meta name=\"robots\" content=\"index, follow, max-snippet:-1, max-image-preview:large, max-video-preview:-1\" \/>\n<link rel=\"canonical\" href=\"https:\/\/teiaeducation.ch\/fr\/produit\/figurines-de-arctique-animaux-sauvages-toob-safari-ltd\/\" \/>\n<meta property=\"og:locale\" content=\"fr_FR\" \/>\n<meta property=\"og:type\" content=\"article\" \/>\n<meta property=\"og:title\" content=\"Figurines de l&#039;Arctique TOOB - Safari Ltd - Teia Education &amp; Play\" \/>\n<meta property=\"og:description\" content=\"Le Safari TOOB, avec ses figurines miniatures r\u00e9alistes repr\u00e9sentant des animaux les plus uniques de l&#039;Arctique, est un pr\u00e9cieux jouet \u00e9ducatif Montessori !\" \/>\n<meta property=\"og:url\" content=\"https:\/\/teiaeducation.ch\/fr\/produit\/figurines-de-arctique-animaux-sauvages-toob-safari-ltd\/\" \/>\n<meta property=\"og:site_name\" content=\"Sustainable Educational Products &amp; Ecological Toys\u00a0\" \/>\n<meta property=\"article:publisher\" content=\"https:\/\/www.facebook.com\/teiaeducation\/\" \/>\n<meta property=\"article:modified_time\" content=\"2024-09-23T21:34:48+00:00\" \/>\n<meta property=\"og:image\" content=\"https:\/\/teiaeducation.ch\/wp-content\/uploads\/2023\/02\/Arctic-TOOB-Realistic-miniature-figurines-Montessori-learning-toy-Safari-Ltd-3-scaled.jpg\" \/>\n\t<meta property=\"og:image:width\" content=\"2048\" \/>\n\t<meta property=\"og:image:height\" content=\"2048\" \/>\n\t<meta property=\"og:image:type\" content=\"image\/jpeg\" \/>\n<script type=\"application\/ld+json\" class=\"yoast-schema-graph\">{\"@context\":\"https:\\\/\\\/schema.org\",\"@graph\":[{\"@type\":\"WebPage\",\"@id\":\"https:\\\/\\\/teiaeducation.ch\\\/fr\\\/produit\\\/figurines-de-arctique-animaux-sauvages-toob-safari-ltd\\\/\",\"url\":\"https:\\\/\\\/teiaeducation.ch\\\/fr\\\/produit\\\/figurines-de-arctique-animaux-sauvages-toob-safari-ltd\\\/\",\"name\":\"Figurines de l'Arctique TOOB - Safari Ltd - Teia Education & Play\",\"isPartOf\":{\"@id\":\"https:\\\/\\\/teiaeducation.ch\\\/fr\\\/#website\"},\"primaryImageOfPage\":{\"@id\":\"https:\\\/\\\/teiaeducation.ch\\\/fr\\\/produit\\\/figurines-de-arctique-animaux-sauvages-toob-safari-ltd\\\/#primaryimage\"},\"image\":{\"@id\":\"https:\\\/\\\/teiaeducation.ch\\\/fr\\\/produit\\\/figurines-de-arctique-animaux-sauvages-toob-safari-ltd\\\/#primaryimage\"},\"thumbnailUrl\":\"https:\\\/\\\/teiaeducation.ch\\\/wp-content\\\/uploads\\\/2023\\\/02\\\/Arctic-TOOB-Realistic-miniature-figurines-Montessori-learning-toy-Safari-Ltd-3-scaled.jpg\",\"datePublished\":\"2023-02-14T11:22:06+00:00\",\"dateModified\":\"2024-09-23T21:34:48+00:00\",\"description\":\"Le Safari TOOB, avec ses figurines miniatures r\u00e9alistes repr\u00e9sentant des animaux les plus uniques de l'Arctique, est un pr\u00e9cieux jouet \u00e9ducatif Montessori !\",\"breadcrumb\":{\"@id\":\"https:\\\/\\\/teiaeducation.ch\\\/fr\\\/produit\\\/figurines-de-arctique-animaux-sauvages-toob-safari-ltd\\\/#breadcrumb\"},\"inLanguage\":\"fr-FR\",\"potentialAction\":[{\"@type\":\"ReadAction\",\"target\":[\"https:\\\/\\\/teiaeducation.ch\\\/fr\\\/produit\\\/figurines-de-arctique-animaux-sauvages-toob-safari-ltd\\\/\"]}]},{\"@type\":\"ImageObject\",\"inLanguage\":\"fr-FR\",\"@id\":\"https:\\\/\\\/teiaeducation.ch\\\/fr\\\/produit\\\/figurines-de-arctique-animaux-sauvages-toob-safari-ltd\\\/#primaryimage\",\"url\":\"https:\\\/\\\/teiaeducation.ch\\\/wp-content\\\/uploads\\\/2023\\\/02\\\/Arctic-TOOB-Realistic-miniature-figurines-Montessori-learning-toy-Safari-Ltd-3-scaled.jpg\",\"contentUrl\":\"https:\\\/\\\/teiaeducation.ch\\\/wp-content\\\/uploads\\\/2023\\\/02\\\/Arctic-TOOB-Realistic-miniature-figurines-Montessori-learning-toy-Safari-Ltd-3-scaled.jpg\",\"width\":2048,\"height\":2048,\"caption\":\"Arctique TOOB Figurines miniatures r\u00e9alistes Jouet \u00e9ducatif Montessori Safari Ltd\"},{\"@type\":\"BreadcrumbList\",\"@id\":\"https:\\\/\\\/teiaeducation.ch\\\/fr\\\/produit\\\/figurines-de-arctique-animaux-sauvages-toob-safari-ltd\\\/#breadcrumb\",\"itemListElement\":[{\"@type\":\"ListItem\",\"position\":1,\"name\":\"Home\",\"item\":\"https:\\\/\\\/teiaeducation.ch\\\/fr\\\/\"},{\"@type\":\"ListItem\",\"position\":2,\"name\":\"Boutique Teia Education &amp; Play\",\"item\":\"https:\\\/\\\/teiaeducation.ch\\\/fr\\\/boutique\\\/\"},{\"@type\":\"ListItem\",\"position\":3,\"name\":\"Domaines du Curriculum\",\"item\":\"https:\\\/\\\/teiaeducation.ch\\\/fr\\\/categorie-produit\\\/domaines-du-curriculum\\\/\"},{\"@type\":\"ListItem\",\"position\":4,\"name\":\"Culture &amp; Sciences\",\"item\":\"https:\\\/\\\/teiaeducation.ch\\\/fr\\\/categorie-produit\\\/domaines-du-curriculum\\\/culture-sciences\\\/\"},{\"@type\":\"ListItem\",\"position\":5,\"name\":\"G\u00e9ographie Animale\",\"item\":\"https:\\\/\\\/teiaeducation.ch\\\/fr\\\/categorie-produit\\\/domaines-du-curriculum\\\/culture-sciences\\\/geographie-animale\\\/\"},{\"@type\":\"ListItem\",\"position\":6,\"name\":\"Figurines de l&#8217;Arctique TOOB &#8211; Safari Ltd\"}]},{\"@type\":\"WebSite\",\"@id\":\"https:\\\/\\\/teiaeducation.ch\\\/fr\\\/#website\",\"url\":\"https:\\\/\\\/teiaeducation.ch\\\/fr\\\/\",\"name\":\"Sustainable Educational Products &amp; Ecological Toys\u00a0\",\"description\":\"Specialised Swiss shop selling sustainable educational toys and games, AMI certified Montessori materials, handmade ecological wooden Waldorf toys and arts &amp; crafts supplies, school supplies, children&#039;s furniture and Montessori reference and parenting books.\",\"publisher\":{\"@id\":\"https:\\\/\\\/teiaeducation.ch\\\/fr\\\/#organization\"},\"alternateName\":\"Teia Education & Play\",\"potentialAction\":[{\"@type\":\"SearchAction\",\"target\":{\"@type\":\"EntryPoint\",\"urlTemplate\":\"https:\\\/\\\/teiaeducation.ch\\\/fr\\\/?s={search_term_string}\"},\"query-input\":{\"@type\":\"PropertyValueSpecification\",\"valueRequired\":true,\"valueName\":\"search_term_string\"}}],\"inLanguage\":\"fr-FR\"},{\"@type\":\"Organization\",\"@id\":\"https:\\\/\\\/teiaeducation.ch\\\/fr\\\/#organization\",\"name\":\"Teia Education & Play\",\"url\":\"https:\\\/\\\/teiaeducation.ch\\\/fr\\\/\",\"logo\":{\"@type\":\"ImageObject\",\"inLanguage\":\"fr-FR\",\"@id\":\"https:\\\/\\\/teiaeducation.ch\\\/fr\\\/#\\\/schema\\\/logo\\\/image\\\/\",\"url\":\"https:\\\/\\\/teiaeducation.ch\\\/wp-content\\\/uploads\\\/2020\\\/11\\\/Teia-Education-Switzerland-e1620156442216.jpg\",\"contentUrl\":\"https:\\\/\\\/teiaeducation.ch\\\/wp-content\\\/uploads\\\/2020\\\/11\\\/Teia-Education-Switzerland-e1620156442216.jpg\",\"width\":166,\"height\":145,\"caption\":\"Teia Education & Play\"},\"image\":{\"@id\":\"https:\\\/\\\/teiaeducation.ch\\\/fr\\\/#\\\/schema\\\/logo\\\/image\\\/\"},\"sameAs\":[\"https:\\\/\\\/www.facebook.com\\\/teiaeducation\\\/\",\"https:\\\/\\\/x.com\\\/EducationTeia\",\"https:\\\/\\\/www.instagram.com\\\/teia.education\\\/\",\"https:\\\/\\\/www.linkedin.com\\\/company\\\/35501660\",\"https:\\\/\\\/www.pinterest.ch\\\/TeiaEducation\\\/\"]}]}<\/script>\n<!-- \/ Yoast SEO plugin. -->","yoast_head_json":{"title":"Figurines de l'Arctique TOOB - Safari Ltd - Teia Education & Play","description":"Le Safari TOOB, avec ses figurines miniatures r\u00e9alistes repr\u00e9sentant des animaux les plus uniques de l'Arctique, est un pr\u00e9cieux jouet \u00e9ducatif Montessori !","robots":{"index":"index","follow":"follow","max-snippet":"max-snippet:-1","max-image-preview":"max-image-preview:large","max-video-preview":"max-video-preview:-1"},"canonical":"https:\/\/teiaeducation.ch\/fr\/produit\/figurines-de-arctique-animaux-sauvages-toob-safari-ltd\/","og_locale":"fr_FR","og_type":"article","og_title":"Figurines de l'Arctique TOOB - Safari Ltd - Teia Education & Play","og_description":"Le Safari TOOB, avec ses figurines miniatures r\u00e9alistes repr\u00e9sentant des animaux les plus uniques de l'Arctique, est un pr\u00e9cieux jouet \u00e9ducatif Montessori !","og_url":"https:\/\/teiaeducation.ch\/fr\/produit\/figurines-de-arctique-animaux-sauvages-toob-safari-ltd\/","og_site_name":"Sustainable Educational Products &amp; Ecological Toys\u00a0","article_publisher":"https:\/\/www.facebook.com\/teiaeducation\/","article_modified_time":"2024-09-23T21:34:48+00:00","og_image":[{"width":2048,"height":2048,"url":"https:\/\/teiaeducation.ch\/wp-content\/uploads\/2023\/02\/Arctic-TOOB-Realistic-miniature-figurines-Montessori-learning-toy-Safari-Ltd-3-scaled.jpg","type":"image\/jpeg"}],"schema":{"@context":"https:\/\/schema.org","@graph":[{"@type":"WebPage","@id":"https:\/\/teiaeducation.ch\/fr\/produit\/figurines-de-arctique-animaux-sauvages-toob-safari-ltd\/","url":"https:\/\/teiaeducation.ch\/fr\/produit\/figurines-de-arctique-animaux-sauvages-toob-safari-ltd\/","name":"Figurines de l'Arctique TOOB - Safari Ltd - Teia Education & Play","isPartOf":{"@id":"https:\/\/teiaeducation.ch\/fr\/#website"},"primaryImageOfPage":{"@id":"https:\/\/teiaeducation.ch\/fr\/produit\/figurines-de-arctique-animaux-sauvages-toob-safari-ltd\/#primaryimage"},"image":{"@id":"https:\/\/teiaeducation.ch\/fr\/produit\/figurines-de-arctique-animaux-sauvages-toob-safari-ltd\/#primaryimage"},"thumbnailUrl":"https:\/\/teiaeducation.ch\/wp-content\/uploads\/2023\/02\/Arctic-TOOB-Realistic-miniature-figurines-Montessori-learning-toy-Safari-Ltd-3-scaled.jpg","datePublished":"2023-02-14T11:22:06+00:00","dateModified":"2024-09-23T21:34:48+00:00","description":"Le Safari TOOB, avec ses figurines miniatures r\u00e9alistes repr\u00e9sentant des animaux les plus uniques de l'Arctique, est un pr\u00e9cieux jouet \u00e9ducatif Montessori !","breadcrumb":{"@id":"https:\/\/teiaeducation.ch\/fr\/produit\/figurines-de-arctique-animaux-sauvages-toob-safari-ltd\/#breadcrumb"},"inLanguage":"fr-FR","potentialAction":[{"@type":"ReadAction","target":["https:\/\/teiaeducation.ch\/fr\/produit\/figurines-de-arctique-animaux-sauvages-toob-safari-ltd\/"]}]},{"@type":"ImageObject","inLanguage":"fr-FR","@id":"https:\/\/teiaeducation.ch\/fr\/produit\/figurines-de-arctique-animaux-sauvages-toob-safari-ltd\/#primaryimage","url":"https:\/\/teiaeducation.ch\/wp-content\/uploads\/2023\/02\/Arctic-TOOB-Realistic-miniature-figurines-Montessori-learning-toy-Safari-Ltd-3-scaled.jpg","contentUrl":"https:\/\/teiaeducation.ch\/wp-content\/uploads\/2023\/02\/Arctic-TOOB-Realistic-miniature-figurines-Montessori-learning-toy-Safari-Ltd-3-scaled.jpg","width":2048,"height":2048,"caption":"Arctique TOOB Figurines miniatures r\u00e9alistes Jouet \u00e9ducatif Montessori Safari Ltd"},{"@type":"BreadcrumbList","@id":"https:\/\/teiaeducation.ch\/fr\/produit\/figurines-de-arctique-animaux-sauvages-toob-safari-ltd\/#breadcrumb","itemListElement":[{"@type":"ListItem","position":1,"name":"Home","item":"https:\/\/teiaeducation.ch\/fr\/"},{"@type":"ListItem","position":2,"name":"Boutique Teia Education &amp; Play","item":"https:\/\/teiaeducation.ch\/fr\/boutique\/"},{"@type":"ListItem","position":3,"name":"Domaines du Curriculum","item":"https:\/\/teiaeducation.ch\/fr\/categorie-produit\/domaines-du-curriculum\/"},{"@type":"ListItem","position":4,"name":"Culture &amp; Sciences","item":"https:\/\/teiaeducation.ch\/fr\/categorie-produit\/domaines-du-curriculum\/culture-sciences\/"},{"@type":"ListItem","position":5,"name":"G\u00e9ographie Animale","item":"https:\/\/teiaeducation.ch\/fr\/categorie-produit\/domaines-du-curriculum\/culture-sciences\/geographie-animale\/"},{"@type":"ListItem","position":6,"name":"Figurines de l&#8217;Arctique TOOB &#8211; Safari Ltd"}]},{"@type":"WebSite","@id":"https:\/\/teiaeducation.ch\/fr\/#website","url":"https:\/\/teiaeducation.ch\/fr\/","name":"Sustainable Educational Products &amp; Ecological Toys\u00a0","description":"Specialised Swiss shop selling sustainable educational toys and games, AMI certified Montessori materials, handmade ecological wooden Waldorf toys and arts &amp; crafts supplies, school supplies, children&#039;s furniture and Montessori reference and parenting books.","publisher":{"@id":"https:\/\/teiaeducation.ch\/fr\/#organization"},"alternateName":"Teia Education & Play","potentialAction":[{"@type":"SearchAction","target":{"@type":"EntryPoint","urlTemplate":"https:\/\/teiaeducation.ch\/fr\/?s={search_term_string}"},"query-input":{"@type":"PropertyValueSpecification","valueRequired":true,"valueName":"search_term_string"}}],"inLanguage":"fr-FR"},{"@type":"Organization","@id":"https:\/\/teiaeducation.ch\/fr\/#organization","name":"Teia Education & Play","url":"https:\/\/teiaeducation.ch\/fr\/","logo":{"@type":"ImageObject","inLanguage":"fr-FR","@id":"https:\/\/teiaeducation.ch\/fr\/#\/schema\/logo\/image\/","url":"https:\/\/teiaeducation.ch\/wp-content\/uploads\/2020\/11\/Teia-Education-Switzerland-e1620156442216.jpg","contentUrl":"https:\/\/teiaeducation.ch\/wp-content\/uploads\/2020\/11\/Teia-Education-Switzerland-e1620156442216.jpg","width":166,"height":145,"caption":"Teia Education & Play"},"image":{"@id":"https:\/\/teiaeducation.ch\/fr\/#\/schema\/logo\/image\/"},"sameAs":["https:\/\/www.facebook.com\/teiaeducation\/","https:\/\/x.com\/EducationTeia","https:\/\/www.instagram.com\/teia.education\/","https:\/\/www.linkedin.com\/company\/35501660","https:\/\/www.pinterest.ch\/TeiaEducation\/"]}]}},"_links":{"self":[{"href":"https:\/\/teiaeducation.ch\/fr\/wp-json\/wp\/v2\/product\/51819","targetHints":{"allow":["GET"]}}],"collection":[{"href":"https:\/\/teiaeducation.ch\/fr\/wp-json\/wp\/v2\/product"}],"about":[{"href":"https:\/\/teiaeducation.ch\/fr\/wp-json\/wp\/v2\/types\/product"}],"replies":[{"embeddable":true,"href":"https:\/\/teiaeducation.ch\/fr\/wp-json\/wp\/v2\/comments?post=51819"}],"wp:featuredmedia":[{"embeddable":true,"href":"https:\/\/teiaeducation.ch\/fr\/wp-json\/wp\/v2\/media\/51830"}],"wp:attachment":[{"href":"https:\/\/teiaeducation.ch\/fr\/wp-json\/wp\/v2\/media?parent=51819"}],"wp:term":[{"taxonomy":"product_brand","embeddable":true,"href":"https:\/\/teiaeducation.ch\/fr\/wp-json\/wp\/v2\/product_brand?post=51819"},{"taxonomy":"product_cat","embeddable":true,"href":"https:\/\/teiaeducation.ch\/fr\/wp-json\/wp\/v2\/product_cat?post=51819"},{"taxonomy":"product_tag","embeddable":true,"href":"https:\/\/teiaeducation.ch\/fr\/wp-json\/wp\/v2\/product_tag?post=51819"}],"curies":[{"name":"wp","href":"https:\/\/api.w.org\/{rel}","templated":true}]}}