{"id":51868,"date":"2021-03-31T14:52:05","date_gmt":"2021-03-31T12:52:05","guid":{"rendered":"https:\/\/teiaeducation.ch\/product\/figurines-darbres-toob-safari-ltd\/"},"modified":"2024-09-26T12:35:00","modified_gmt":"2024-09-26T10:35:00","slug":"figurines-arbres-toob-safari-ltd","status":"publish","type":"product","link":"https:\/\/teiaeducation.ch\/fr\/produit\/figurines-arbres-toob-safari-ltd\/","title":{"rendered":"Figurines d&#8217;arbres TOOB &#8211; Safari Ltd"},"content":{"rendered":"<p>Le Safari TOOB, avec ses figurines miniatures r\u00e9alistes d&#8217;arbres contenant les types d&#8217;arbres les plus courants et les plus facilement identifiables est un pr\u00e9cieux jouet \u00e9ducatif\u00a0<a href=\"https:\/\/teiaeducation.ch\/fr\/categorie-produit\/methode-deducation\/montessori-fr\/\">Montessori<\/a>\u00a0pour a la maison ou en\u00a0<a href=\"https:\/\/teiaeducation.ch\/fr\/fournitures-scolaires\/fournitures-pour-les-ecoles-montessori\/\">classe<\/a> !<\/p>\n<p>L&#8217;ensemble comprend un pin, un orme, un gen\u00e9vrier, un puzzle de singe, un topiaire, un jupon, un tremble et 2 \u00e9rables. Les 9 mod\u00e8les d&#8217;arbres magnifiquement d\u00e9taill\u00e9s et r\u00e9alistes aident les enfants \u00e0 reconna\u00eetre, appr\u00e9cier et remarquer les diff\u00e9rences entre ces esp\u00e8ces importantes.<\/p>\n<p>Ce TOOB de Safari de haute qualit\u00e9 et durable est un excellent outil d\u2019enseignement et un <a href=\"https:\/\/teiaeducation.ch\/fr\/categorie-produit\/jouer\/jouets-montessori\/\">jouet d\u2019inspiration Montessori<\/a>. Les figurines d\u2019apprentissage pratiques sont \u00e9galement parfaites pour observer, pour soutenir les le\u00e7ons de biologie, de <a href=\"https:\/\/teiaeducation.ch\/fr\/categorie-produit\/domaines-du-curriculum\/culture-sciences\/etudes-botaniques\/\">botanie<\/a> et de nature, de classification, et peuvent \u00e9galement \u00eatre appliqu\u00e9es comme de merveilleux objets de <a href=\"https:\/\/teiaeducation.ch\/fr\/categorie-produit\/domaines-du-curriculum\/alphabetisation-langage\/\">langage<\/a> et de bacs <a href=\"https:\/\/teiaeducation.ch\/fr\/categorie-produit\/jouer\/jeu-sensoriel\/\">sensoriels<\/a> pour enrichir le <a href=\"https:\/\/teiaeducation.ch\/fr\/categorie-produit\/domaines-du-curriculum\/alphabetisation-langage\/vocabulaire-fr\/\">vocabulaire<\/a> et les <a href=\"https:\/\/teiaeducation.ch\/fr\/categorie-produit\/domaines-du-curriculum\/alphabetisation-langage\/raconter-des-histoires\/\">r\u00e9cits<\/a>.<\/p>\n<p>Les le\u00e7ons avec ces figurines d&#8217;arbres peuvent se concentrer sur le fait que les arbres permettent \u00e0 notre air de respirer et que sans eux, l&#8217;air serait plein de dioxyde de carbone. Les arbres sont utilis\u00e9s et v\u00e9n\u00e9r\u00e9s depuis des si\u00e8cles. Non seulement les arbres ont jou\u00e9 un r\u00f4le irrempla\u00e7able dans la construction des premi\u00e8res maisons, des navires, des armes, des constructions agricoles et bien d&#8217;autres choses encore, mais de nombreuses religions et cultures les tiennent ou les ont tenus en haute estime. Par exemple, les mythologies celtique, grecque et nordique ont toutes utilis\u00e9 des arbres pour repr\u00e9senter la vie, certaines cultures croyant m\u00eame qu&#8217;un grand arbre central reliait le monde souterrain, le monde naturel et les cieux.<\/p>\n<p>Chaque figurine r\u00e9aliste d&#8217;arbre de cette TOOB est peinte individuellement avec des d\u00e9tails scientifiquement pr\u00e9cis. Ils sont non-toxiques, sans BPA et conviennent aux enfants de 3 ans et plus. Le TOOB contenant les figurines mesure 32,5 cm de long.<\/p>\n<p>La marque familiale am\u00e9ricaine <a href=\"https:\/\/teiaeducation.ch\/fr\/categorie-produit\/marques\/safari-jouets-figurines-animaux-fr\/\">Safari Ltd\u00ae<\/a> cr\u00e9e depuis plus de 30 ans des figurines <a href=\"https:\/\/teiaeducation.ch\/fr\/categorie-produit\/jouer\/animaux-fermes\/\">d\u2019animaux<\/a> merveilleusement r\u00e9alistes et des outils p\u00e9dagogiques. Leurs jouets durables, de haute qualit\u00e9 et fabriqu\u00e9s avec soin, sensibilisent les enfants \u00e0 l\u2019importance de la <a href=\"https:\/\/teiaeducation.ch\/fr\/categorie-produit\/jouer\/jeu-de-la-nature\/\">nature<\/a> et de la conservation par le biais de la joie du <a href=\"https:\/\/teiaeducation.ch\/fr\/categorie-produit\/jouer\/jeu-imaginatif-faire-semblant\/\">jeu imaginatif<\/a> et peuvent \u00eatre utilis\u00e9s de diverses mani\u00e8res.<\/p>\n<p>Tous les produits de Safari Ltd sont non toxiques, sans <a href=\"https:\/\/en.wikipedia.org\/wiki\/Bisphenol_A\">BPA<\/a>, sans plomb et sans phtalates. Ils sont rigoureusement test\u00e9s en termes de s\u00e9curit\u00e9, passant et d\u00e9passant toutes les r\u00e9glementations et normes de test mondiales. La marque utilise des emballages respectueux de l\u2019environnement, notamment du papier recycl\u00e9 et recyclable sans rev\u00eatement UV, et s\u2019efforce d\u2019appliquer des pratiques commerciales \u00e9cologiques tout au long de la production.<\/p>\n<p>Contenu:<\/p>\n<p>9 figurines d&#8217;arbres miniatures<\/p>\n","protected":false},"excerpt":{"rendered":"<p>Num\u00e9ro d&#8217;article: S684304<\/p>\n<p>Le Safari TOOB, avec ses figurines miniatures r\u00e9alistes d&#8217;arbres est un pr\u00e9cieux jouet \u00e9ducatif Montessori pour la maison ou en classe !<\/p>\n","protected":false},"featured_media":34971,"comment_status":"open","ping_status":"closed","template":"","meta":[],"product_brand":[],"product_cat":[8527,215,8580,216,285,16898,23635,22343,18893,22344,284,283,593,8526,16897,21257,22421,20651,18913,13130,22181,1220,23650,13140,13142,13127,7595,1218,217,5851,611,18967,212,612],"product_tag":[19419,24499,24498,24501,24497,19417,24500,19418,19416,24496,8132,19420,19415,19422],"class_list":{"0":"post-51868","1":"product","2":"type-product","3":"status-publish","4":"has-post-thumbnail","6":"product_cat-3-6-ans-ecole-a-domicile","7":"product_cat-3-6-ans","8":"product_cat-6-12-ans-ecole-a-domicile","9":"product_cat-6-12-ans","10":"product_cat-alphabetisation-langage","11":"product_cat-collection-automne","12":"product_cat-collection-dete","13":"product_cat-collection-hiver","14":"product_cat-collection-printemps","15":"product_cat-collections-saisonnieres","16":"product_cat-culture-sciences","17":"product_cat-domaines-du-curriculum","18":"product_cat-etudes-botaniques","19":"product_cat-fournitures-scolaires-a-domicile","20":"product_cat-guide-cadeau-6-12-ans","21":"product_cat-guides-cadeaux","22":"product_cat-idees-cadeaux-pour-paques","23":"product_cat-jardinage","24":"product_cat-jeu-de-la-nature","25":"product_cat-jouer","26":"product_cat-jouets-montessori","27":"product_cat-traditionnelle","28":"product_cat-la-rentree-scolaire","29":"product_cat-jeu-libre","30":"product_cat-jeu-sensoriel","31":"product_cat-creativite-beaux-arts-et-bricolage","32":"product_cat-methode-deducation","33":"product_cat-montessori-fr","34":"product_cat-marques","35":"product_cat-nouveautes","36":"product_cat-raconter-des-histoires","37":"product_cat-safari-jouets-figurines-animaux-fr","38":"product_cat-tranche-dage","39":"product_cat-vocabulaire-fr","40":"product_tag-figures-danimaux-non-toxiques","41":"product_tag-figurines-darbres-toob-safari","42":"product_tag-figurines-miniatures-realistes-darbres","43":"product_tag-figurines-montessori-botanique-darbre","44":"product_tag-jouet-educatif-montessori-arbres-figurines","45":"product_tag-jouets-dapprentissage","46":"product_tag-jouets-montessori-botanique","47":"product_tag-jouets-non-toxiques","48":"product_tag-jouets-sans-bisphenol-a","49":"product_tag-montessori-arbres-realistes-figurines-safari","50":"product_tag-montessori-jouets","51":"product_tag-montessori-zoologie-jouets","52":"product_tag-safari-jouets","53":"product_tag-safari-toob-fr","55":"first","56":"instock","57":"taxable","58":"shipping-taxable","59":"purchasable","60":"product-type-simple"},"yoast_head":"<!-- This site is optimized with the Yoast SEO plugin v27.3 - https:\/\/yoast.com\/product\/yoast-seo-wordpress\/ -->\n<title>Mini clip de jeu en bois - Sarah&#039;s Silks - Teia Education &amp; Play<\/title>\n<meta name=\"description\" content=\"Le Safari TOOB, avec ses figurines miniatures r\u00e9alistes d&#039;arbres est un pr\u00e9cieux jouet \u00e9ducatif Montessori pour la maison ou la classe !\" \/>\n<meta name=\"robots\" content=\"index, follow, max-snippet:-1, max-image-preview:large, max-video-preview:-1\" \/>\n<link rel=\"canonical\" href=\"https:\/\/teiaeducation.ch\/fr\/produit\/figurines-arbres-toob-safari-ltd\/\" \/>\n<meta property=\"og:locale\" content=\"fr_FR\" \/>\n<meta property=\"og:type\" content=\"article\" \/>\n<meta property=\"og:title\" content=\"Mini clip de jeu en bois - Sarah&#039;s Silks - Teia Education &amp; Play\" \/>\n<meta property=\"og:description\" content=\"Le Safari TOOB, avec ses figurines miniatures r\u00e9alistes d&#039;arbres est un pr\u00e9cieux jouet \u00e9ducatif Montessori pour la maison ou la classe !\" \/>\n<meta property=\"og:url\" content=\"https:\/\/teiaeducation.ch\/fr\/produit\/figurines-arbres-toob-safari-ltd\/\" \/>\n<meta property=\"og:site_name\" content=\"Sustainable Educational Products &amp; Ecological Toys\u00a0\" \/>\n<meta property=\"article:publisher\" content=\"https:\/\/www.facebook.com\/teiaeducation\/\" \/>\n<meta property=\"article:modified_time\" content=\"2024-09-26T10:35:00+00:00\" \/>\n<meta property=\"og:image\" content=\"https:\/\/teiaeducation.ch\/wp-content\/uploads\/2021\/03\/Trees-TOOB-Realistic-miniature-trees-figurines-Montessori-learning-toy-Safari-Ltd.jpg\" \/>\n\t<meta property=\"og:image:width\" content=\"1000\" \/>\n\t<meta property=\"og:image:height\" content=\"1000\" \/>\n\t<meta property=\"og:image:type\" content=\"image\/jpeg\" \/>\n<script type=\"application\/ld+json\" class=\"yoast-schema-graph\">{\"@context\":\"https:\\\/\\\/schema.org\",\"@graph\":[{\"@type\":\"WebPage\",\"@id\":\"https:\\\/\\\/teiaeducation.ch\\\/fr\\\/produit\\\/figurines-arbres-toob-safari-ltd\\\/\",\"url\":\"https:\\\/\\\/teiaeducation.ch\\\/fr\\\/produit\\\/figurines-arbres-toob-safari-ltd\\\/\",\"name\":\"Mini clip de jeu en bois - Sarah's Silks - Teia Education & Play\",\"isPartOf\":{\"@id\":\"https:\\\/\\\/teiaeducation.ch\\\/fr\\\/#website\"},\"primaryImageOfPage\":{\"@id\":\"https:\\\/\\\/teiaeducation.ch\\\/fr\\\/produit\\\/figurines-arbres-toob-safari-ltd\\\/#primaryimage\"},\"image\":{\"@id\":\"https:\\\/\\\/teiaeducation.ch\\\/fr\\\/produit\\\/figurines-arbres-toob-safari-ltd\\\/#primaryimage\"},\"thumbnailUrl\":\"https:\\\/\\\/teiaeducation.ch\\\/wp-content\\\/uploads\\\/2021\\\/03\\\/Trees-TOOB-Realistic-miniature-trees-figurines-Montessori-learning-toy-Safari-Ltd.jpg\",\"datePublished\":\"2021-03-31T12:52:05+00:00\",\"dateModified\":\"2024-09-26T10:35:00+00:00\",\"description\":\"Le Safari TOOB, avec ses figurines miniatures r\u00e9alistes d'arbres est un pr\u00e9cieux jouet \u00e9ducatif Montessori pour la maison ou la classe !\",\"breadcrumb\":{\"@id\":\"https:\\\/\\\/teiaeducation.ch\\\/fr\\\/produit\\\/figurines-arbres-toob-safari-ltd\\\/#breadcrumb\"},\"inLanguage\":\"fr-FR\",\"potentialAction\":[{\"@type\":\"ReadAction\",\"target\":[\"https:\\\/\\\/teiaeducation.ch\\\/fr\\\/produit\\\/figurines-arbres-toob-safari-ltd\\\/\"]}]},{\"@type\":\"ImageObject\",\"inLanguage\":\"fr-FR\",\"@id\":\"https:\\\/\\\/teiaeducation.ch\\\/fr\\\/produit\\\/figurines-arbres-toob-safari-ltd\\\/#primaryimage\",\"url\":\"https:\\\/\\\/teiaeducation.ch\\\/wp-content\\\/uploads\\\/2021\\\/03\\\/Trees-TOOB-Realistic-miniature-trees-figurines-Montessori-learning-toy-Safari-Ltd.jpg\",\"contentUrl\":\"https:\\\/\\\/teiaeducation.ch\\\/wp-content\\\/uploads\\\/2021\\\/03\\\/Trees-TOOB-Realistic-miniature-trees-figurines-Montessori-learning-toy-Safari-Ltd.jpg\",\"width\":1000,\"height\":1000,\"caption\":\"Arbres TOOB Figurines miniatures r\u00e9alistes d'arbres Jouet \u00e9ducatif Montessori Safari Ltd\"},{\"@type\":\"BreadcrumbList\",\"@id\":\"https:\\\/\\\/teiaeducation.ch\\\/fr\\\/produit\\\/figurines-arbres-toob-safari-ltd\\\/#breadcrumb\",\"itemListElement\":[{\"@type\":\"ListItem\",\"position\":1,\"name\":\"Home\",\"item\":\"https:\\\/\\\/teiaeducation.ch\\\/fr\\\/\"},{\"@type\":\"ListItem\",\"position\":2,\"name\":\"Boutique Teia Education &amp; Play\",\"item\":\"https:\\\/\\\/teiaeducation.ch\\\/fr\\\/boutique\\\/\"},{\"@type\":\"ListItem\",\"position\":3,\"name\":\"Domaines du Curriculum\",\"item\":\"https:\\\/\\\/teiaeducation.ch\\\/fr\\\/categorie-produit\\\/domaines-du-curriculum\\\/\"},{\"@type\":\"ListItem\",\"position\":4,\"name\":\"Culture &amp; Sciences\",\"item\":\"https:\\\/\\\/teiaeducation.ch\\\/fr\\\/categorie-produit\\\/domaines-du-curriculum\\\/culture-sciences\\\/\"},{\"@type\":\"ListItem\",\"position\":5,\"name\":\"\u00c9tudes Botaniques\",\"item\":\"https:\\\/\\\/teiaeducation.ch\\\/fr\\\/categorie-produit\\\/domaines-du-curriculum\\\/culture-sciences\\\/etudes-botaniques\\\/\"},{\"@type\":\"ListItem\",\"position\":6,\"name\":\"Figurines d&#8217;arbres TOOB &#8211; Safari Ltd\"}]},{\"@type\":\"WebSite\",\"@id\":\"https:\\\/\\\/teiaeducation.ch\\\/fr\\\/#website\",\"url\":\"https:\\\/\\\/teiaeducation.ch\\\/fr\\\/\",\"name\":\"Sustainable Educational Products &amp; Ecological Toys\u00a0\",\"description\":\"Specialised Swiss shop selling sustainable educational toys and games, AMI certified Montessori materials, handmade ecological wooden Waldorf toys and arts &amp; crafts supplies, school supplies, children&#039;s furniture and Montessori reference and parenting books.\",\"publisher\":{\"@id\":\"https:\\\/\\\/teiaeducation.ch\\\/fr\\\/#organization\"},\"alternateName\":\"Teia Education & Play\",\"potentialAction\":[{\"@type\":\"SearchAction\",\"target\":{\"@type\":\"EntryPoint\",\"urlTemplate\":\"https:\\\/\\\/teiaeducation.ch\\\/fr\\\/?s={search_term_string}\"},\"query-input\":{\"@type\":\"PropertyValueSpecification\",\"valueRequired\":true,\"valueName\":\"search_term_string\"}}],\"inLanguage\":\"fr-FR\"},{\"@type\":\"Organization\",\"@id\":\"https:\\\/\\\/teiaeducation.ch\\\/fr\\\/#organization\",\"name\":\"Teia Education & Play\",\"url\":\"https:\\\/\\\/teiaeducation.ch\\\/fr\\\/\",\"logo\":{\"@type\":\"ImageObject\",\"inLanguage\":\"fr-FR\",\"@id\":\"https:\\\/\\\/teiaeducation.ch\\\/fr\\\/#\\\/schema\\\/logo\\\/image\\\/\",\"url\":\"https:\\\/\\\/teiaeducation.ch\\\/wp-content\\\/uploads\\\/2020\\\/11\\\/Teia-Education-Switzerland-e1620156442216.jpg\",\"contentUrl\":\"https:\\\/\\\/teiaeducation.ch\\\/wp-content\\\/uploads\\\/2020\\\/11\\\/Teia-Education-Switzerland-e1620156442216.jpg\",\"width\":166,\"height\":145,\"caption\":\"Teia Education & Play\"},\"image\":{\"@id\":\"https:\\\/\\\/teiaeducation.ch\\\/fr\\\/#\\\/schema\\\/logo\\\/image\\\/\"},\"sameAs\":[\"https:\\\/\\\/www.facebook.com\\\/teiaeducation\\\/\",\"https:\\\/\\\/x.com\\\/EducationTeia\",\"https:\\\/\\\/www.instagram.com\\\/teia.education\\\/\",\"https:\\\/\\\/www.linkedin.com\\\/company\\\/35501660\",\"https:\\\/\\\/www.pinterest.ch\\\/TeiaEducation\\\/\"]}]}<\/script>\n<!-- \/ Yoast SEO plugin. -->","yoast_head_json":{"title":"Mini clip de jeu en bois - Sarah's Silks - Teia Education & Play","description":"Le Safari TOOB, avec ses figurines miniatures r\u00e9alistes d'arbres est un pr\u00e9cieux jouet \u00e9ducatif Montessori pour la maison ou la classe !","robots":{"index":"index","follow":"follow","max-snippet":"max-snippet:-1","max-image-preview":"max-image-preview:large","max-video-preview":"max-video-preview:-1"},"canonical":"https:\/\/teiaeducation.ch\/fr\/produit\/figurines-arbres-toob-safari-ltd\/","og_locale":"fr_FR","og_type":"article","og_title":"Mini clip de jeu en bois - Sarah's Silks - Teia Education & Play","og_description":"Le Safari TOOB, avec ses figurines miniatures r\u00e9alistes d'arbres est un pr\u00e9cieux jouet \u00e9ducatif Montessori pour la maison ou la classe !","og_url":"https:\/\/teiaeducation.ch\/fr\/produit\/figurines-arbres-toob-safari-ltd\/","og_site_name":"Sustainable Educational Products &amp; Ecological Toys\u00a0","article_publisher":"https:\/\/www.facebook.com\/teiaeducation\/","article_modified_time":"2024-09-26T10:35:00+00:00","og_image":[{"width":1000,"height":1000,"url":"https:\/\/teiaeducation.ch\/wp-content\/uploads\/2021\/03\/Trees-TOOB-Realistic-miniature-trees-figurines-Montessori-learning-toy-Safari-Ltd.jpg","type":"image\/jpeg"}],"schema":{"@context":"https:\/\/schema.org","@graph":[{"@type":"WebPage","@id":"https:\/\/teiaeducation.ch\/fr\/produit\/figurines-arbres-toob-safari-ltd\/","url":"https:\/\/teiaeducation.ch\/fr\/produit\/figurines-arbres-toob-safari-ltd\/","name":"Mini clip de jeu en bois - Sarah's Silks - Teia Education & Play","isPartOf":{"@id":"https:\/\/teiaeducation.ch\/fr\/#website"},"primaryImageOfPage":{"@id":"https:\/\/teiaeducation.ch\/fr\/produit\/figurines-arbres-toob-safari-ltd\/#primaryimage"},"image":{"@id":"https:\/\/teiaeducation.ch\/fr\/produit\/figurines-arbres-toob-safari-ltd\/#primaryimage"},"thumbnailUrl":"https:\/\/teiaeducation.ch\/wp-content\/uploads\/2021\/03\/Trees-TOOB-Realistic-miniature-trees-figurines-Montessori-learning-toy-Safari-Ltd.jpg","datePublished":"2021-03-31T12:52:05+00:00","dateModified":"2024-09-26T10:35:00+00:00","description":"Le Safari TOOB, avec ses figurines miniatures r\u00e9alistes d'arbres est un pr\u00e9cieux jouet \u00e9ducatif Montessori pour la maison ou la classe !","breadcrumb":{"@id":"https:\/\/teiaeducation.ch\/fr\/produit\/figurines-arbres-toob-safari-ltd\/#breadcrumb"},"inLanguage":"fr-FR","potentialAction":[{"@type":"ReadAction","target":["https:\/\/teiaeducation.ch\/fr\/produit\/figurines-arbres-toob-safari-ltd\/"]}]},{"@type":"ImageObject","inLanguage":"fr-FR","@id":"https:\/\/teiaeducation.ch\/fr\/produit\/figurines-arbres-toob-safari-ltd\/#primaryimage","url":"https:\/\/teiaeducation.ch\/wp-content\/uploads\/2021\/03\/Trees-TOOB-Realistic-miniature-trees-figurines-Montessori-learning-toy-Safari-Ltd.jpg","contentUrl":"https:\/\/teiaeducation.ch\/wp-content\/uploads\/2021\/03\/Trees-TOOB-Realistic-miniature-trees-figurines-Montessori-learning-toy-Safari-Ltd.jpg","width":1000,"height":1000,"caption":"Arbres TOOB Figurines miniatures r\u00e9alistes d'arbres Jouet \u00e9ducatif Montessori Safari Ltd"},{"@type":"BreadcrumbList","@id":"https:\/\/teiaeducation.ch\/fr\/produit\/figurines-arbres-toob-safari-ltd\/#breadcrumb","itemListElement":[{"@type":"ListItem","position":1,"name":"Home","item":"https:\/\/teiaeducation.ch\/fr\/"},{"@type":"ListItem","position":2,"name":"Boutique Teia Education &amp; Play","item":"https:\/\/teiaeducation.ch\/fr\/boutique\/"},{"@type":"ListItem","position":3,"name":"Domaines du Curriculum","item":"https:\/\/teiaeducation.ch\/fr\/categorie-produit\/domaines-du-curriculum\/"},{"@type":"ListItem","position":4,"name":"Culture &amp; Sciences","item":"https:\/\/teiaeducation.ch\/fr\/categorie-produit\/domaines-du-curriculum\/culture-sciences\/"},{"@type":"ListItem","position":5,"name":"\u00c9tudes Botaniques","item":"https:\/\/teiaeducation.ch\/fr\/categorie-produit\/domaines-du-curriculum\/culture-sciences\/etudes-botaniques\/"},{"@type":"ListItem","position":6,"name":"Figurines d&#8217;arbres TOOB &#8211; Safari Ltd"}]},{"@type":"WebSite","@id":"https:\/\/teiaeducation.ch\/fr\/#website","url":"https:\/\/teiaeducation.ch\/fr\/","name":"Sustainable Educational Products &amp; Ecological Toys\u00a0","description":"Specialised Swiss shop selling sustainable educational toys and games, AMI certified Montessori materials, handmade ecological wooden Waldorf toys and arts &amp; crafts supplies, school supplies, children&#039;s furniture and Montessori reference and parenting books.","publisher":{"@id":"https:\/\/teiaeducation.ch\/fr\/#organization"},"alternateName":"Teia Education & Play","potentialAction":[{"@type":"SearchAction","target":{"@type":"EntryPoint","urlTemplate":"https:\/\/teiaeducation.ch\/fr\/?s={search_term_string}"},"query-input":{"@type":"PropertyValueSpecification","valueRequired":true,"valueName":"search_term_string"}}],"inLanguage":"fr-FR"},{"@type":"Organization","@id":"https:\/\/teiaeducation.ch\/fr\/#organization","name":"Teia Education & Play","url":"https:\/\/teiaeducation.ch\/fr\/","logo":{"@type":"ImageObject","inLanguage":"fr-FR","@id":"https:\/\/teiaeducation.ch\/fr\/#\/schema\/logo\/image\/","url":"https:\/\/teiaeducation.ch\/wp-content\/uploads\/2020\/11\/Teia-Education-Switzerland-e1620156442216.jpg","contentUrl":"https:\/\/teiaeducation.ch\/wp-content\/uploads\/2020\/11\/Teia-Education-Switzerland-e1620156442216.jpg","width":166,"height":145,"caption":"Teia Education & Play"},"image":{"@id":"https:\/\/teiaeducation.ch\/fr\/#\/schema\/logo\/image\/"},"sameAs":["https:\/\/www.facebook.com\/teiaeducation\/","https:\/\/x.com\/EducationTeia","https:\/\/www.instagram.com\/teia.education\/","https:\/\/www.linkedin.com\/company\/35501660","https:\/\/www.pinterest.ch\/TeiaEducation\/"]}]}},"_links":{"self":[{"href":"https:\/\/teiaeducation.ch\/fr\/wp-json\/wp\/v2\/product\/51868","targetHints":{"allow":["GET"]}}],"collection":[{"href":"https:\/\/teiaeducation.ch\/fr\/wp-json\/wp\/v2\/product"}],"about":[{"href":"https:\/\/teiaeducation.ch\/fr\/wp-json\/wp\/v2\/types\/product"}],"replies":[{"embeddable":true,"href":"https:\/\/teiaeducation.ch\/fr\/wp-json\/wp\/v2\/comments?post=51868"}],"wp:featuredmedia":[{"embeddable":true,"href":"https:\/\/teiaeducation.ch\/fr\/wp-json\/wp\/v2\/media\/34971"}],"wp:attachment":[{"href":"https:\/\/teiaeducation.ch\/fr\/wp-json\/wp\/v2\/media?parent=51868"}],"wp:term":[{"taxonomy":"product_brand","embeddable":true,"href":"https:\/\/teiaeducation.ch\/fr\/wp-json\/wp\/v2\/product_brand?post=51868"},{"taxonomy":"product_cat","embeddable":true,"href":"https:\/\/teiaeducation.ch\/fr\/wp-json\/wp\/v2\/product_cat?post=51868"},{"taxonomy":"product_tag","embeddable":true,"href":"https:\/\/teiaeducation.ch\/fr\/wp-json\/wp\/v2\/product_tag?post=51868"}],"curies":[{"name":"wp","href":"https:\/\/api.w.org\/{rel}","templated":true}]}}