{"id":51869,"date":"2021-03-31T14:31:11","date_gmt":"2021-03-31T12:31:11","guid":{"rendered":"https:\/\/teiaeducation.ch\/product\/figurines-professions-toob-safari-ltd\/"},"modified":"2023-02-14T17:30:40","modified_gmt":"2023-02-14T16:30:40","slug":"figurines-de-personnes-au-travail-toob-safari-ltd","status":"publish","type":"product","link":"https:\/\/teiaeducation.ch\/fr\/produit\/figurines-de-personnes-au-travail-toob-safari-ltd\/","title":{"rendered":"Figurines professions TOOB &#8211; Safari Ltd"},"content":{"rendered":"<p>Le Safari designer TOOB avec ses figurines r\u00e9alistes sur le th\u00e8me des professions met en sc\u00e8ne des h\u00e9ros m\u00e9connus qui font tourner le monde et ne demandent jamais de reconnaissance ! Les figurines sont\u00a0un pr\u00e9cieux jouet \u00e9ducatif\u00a0<a href=\"https:\/\/teiaeducation.ch\/fr\/categorie-produit\/methode-deducation\/montessori-fr\/\">Montessori<\/a>\u00a0pour a la maison ou en\u00a0<a href=\"https:\/\/teiaeducation.ch\/fr\/fournitures-scolaires\/fournitures-pour-les-ecoles-montessori\/\">classe<\/a> !<\/p>\n<p>L&#8217;ensemble contient les mod\u00e8les d&#8217;un ouvrier du b\u00e2timent avec casque et bo\u00eete \u00e0 outils, d&#8217;un policier, d&#8217;un facteur avec porteur et courrier, d&#8217;un pilote, d&#8217;un chef cuisinier, d&#8217;un pompier avec tuyau et hache et d&#8217;un v\u00e9t\u00e9rinaire avec chiot. Les 7 mod\u00e8les magnifiquement d\u00e9taill\u00e9s et r\u00e9alistes de diverses personnalit\u00e9s dans leur travail quotidien avec des caract\u00e9ristiques complexes aident les enfants \u00e0 reconna\u00eetre chaque profession et \u00e0 donner vie au monde de leur imagination.<\/p>\n<p>Ce TOOB de Safari de haute qualit\u00e9 et durable est un excellent outil p\u00e9dagogique et un <a href=\"https:\/\/teiaeducation.ch\/fr\/categorie-produit\/jouer\/jouets-montessori\/\">jouet d\u2019inspiration Montessori<\/a>.\u00a0Les figurines d&#8217;apprentissage pratique sur le th\u00e8me du travail et des professions r\u00e9aliste sont parfaites pour soutenir les le\u00e7ons sur la culture humaine, la compr\u00e9hension des diff\u00e9rentes professions de service, ou d&#8217;\u00eatre expos\u00e9es dans un diorama. Ils peuvent \u00e9galement \u00eatre appliqu\u00e9es comme de merveilleux objets de <a href=\"https:\/\/teiaeducation.ch\/fr\/categorie-produit\/domaines-du-curriculum\/alphabetisation-langage\/\">langage<\/a> et de bacs <a href=\"https:\/\/teiaeducation.ch\/fr\/categorie-produit\/jouer\/jeu-sensoriel\/\">sensoriels<\/a> pour enrichir le <a href=\"https:\/\/teiaeducation.ch\/fr\/categorie-produit\/domaines-du-curriculum\/alphabetisation-langage\/vocabulaire-fr\/\">vocabulaire<\/a> et les <a href=\"https:\/\/teiaeducation.ch\/fr\/categorie-produit\/domaines-du-curriculum\/alphabetisation-langage\/raconter-des-histoires\/\">r\u00e9cits<\/a>.<\/p>\n<p>Chaque figurine r\u00e9aliste de personnes au travail de cet TOOB est peinte individuellement \u00e0 la main et con\u00e7ue pour correspondre aux uniformes les plus courants de chaque profession, notamment la combinaison jaune ignifuge et le casque rouge du pompier ainsi que l&#8217;uniforme bleu marine du policier. Ils sont non-toxiques, sans BPA et conviennent aux enfants de 3 ans et plus. Le TOOB qui contient les figurines mesure 32,5 cm de long et est dot\u00e9 d&#8217;un globe terrestre tournant et d&#8217;informations \u00e9ducatives \u00e0 l&#8217;int\u00e9rieur.<\/p>\n<p>La marque familiale am\u00e9ricaine <a href=\"https:\/\/teiaeducation.ch\/fr\/categorie-produit\/marques\/safari-jouets-figurines-animaux-fr\/\">Safari Ltd\u00ae<\/a> cr\u00e9e depuis plus de 30 ans des figurines <a href=\"https:\/\/teiaeducation.ch\/fr\/categorie-produit\/jouer\/animaux-fermes\/\">d\u2019animaux<\/a> merveilleusement r\u00e9alistes et des outils p\u00e9dagogiques. Leurs jouets durables, de haute qualit\u00e9 et fabriqu\u00e9s avec soin, sensibilisent les enfants \u00e0 l\u2019importance de la <a href=\"https:\/\/teiaeducation.ch\/fr\/categorie-produit\/jouer\/jeu-de-la-nature\/\">nature<\/a> et de la conservation par le biais de la joie du <a href=\"https:\/\/teiaeducation.ch\/fr\/categorie-produit\/jouer\/jeu-imaginatif-faire-semblant\/\">jeu imaginatif<\/a> et peuvent \u00eatre utilis\u00e9s de diverses mani\u00e8res.<\/p>\n<p>Tous les produits de Safari Ltd sont non toxiques, sans <a href=\"https:\/\/en.wikipedia.org\/wiki\/Bisphenol_A\">BPA<\/a>, sans plomb et sans phtalates. Ils sont rigoureusement test\u00e9s en termes de s\u00e9curit\u00e9, passant et d\u00e9passant toutes les r\u00e9glementations et normes de test mondiales. La marque utilise des emballages respectueux de l\u2019environnement, notamment du papier recycl\u00e9 et recyclable sans rev\u00eatement UV, et s\u2019efforce d\u2019appliquer des pratiques commerciales \u00e9cologiques tout au long de la production.<\/p>\n<p>Contenu:<\/p>\n<p>7 figurines miniatures sur le th\u00e8me des professions<\/p>\n","protected":false},"excerpt":{"rendered":"<p>Num\u00e9ro d&#8217;article: S682304<\/p>\n<p>Le Safari designer TOOB, avec ses figurines r\u00e9alistes sur le th\u00e8me des professions est un pr\u00e9cieux jouet \u00e9ducatif Montessori pour la maison ou la classe !<\/p>\n","protected":false},"featured_media":34966,"comment_status":"open","ping_status":"closed","template":"","meta":[],"product_brand":[],"product_cat":[8527,215,8580,216,285,22032,22344,284,283,293,8526,596,17239,21257,13130,22181,1220,23650,13140,7595,1218,217,5851,611,18967,292,212,612],"product_tag":[24504,24503,24506,24507,24502,19417,19418,19416,8132,19420,24505,19415,19422],"class_list":{"0":"post-51869","1":"product","2":"type-product","3":"status-publish","4":"has-post-thumbnail","6":"product_cat-3-6-ans-ecole-a-domicile","7":"product_cat-3-6-ans","8":"product_cat-6-12-ans-ecole-a-domicile","9":"product_cat-6-12-ans","10":"product_cat-alphabetisation-langage","11":"product_cat-cadeaux-du-calendrier-de-lavent-et-de-noel","12":"product_cat-collections-saisonnieres","13":"product_cat-culture-sciences","14":"product_cat-domaines-du-curriculum","15":"product_cat-ensembles-dactivites","16":"product_cat-fournitures-scolaires-a-domicile","17":"product_cat-geographie-humaine-culture","18":"product_cat-guide-cadeaux-educatifs","19":"product_cat-guides-cadeaux","20":"product_cat-jouer","21":"product_cat-jouets-montessori","22":"product_cat-traditionnelle","23":"product_cat-la-rentree-scolaire","24":"product_cat-jeu-libre","25":"product_cat-methode-deducation","26":"product_cat-montessori-fr","27":"product_cat-marques","28":"product_cat-nouveautes","29":"product_cat-raconter-des-histoires","30":"product_cat-safari-jouets-figurines-animaux-fr","31":"product_cat-appui-au-curriculum","32":"product_cat-tranche-dage","33":"product_cat-vocabulaire-fr","34":"product_tag-figurines-montessori-professions","35":"product_tag-figurines-professions-toob-safari","36":"product_tag-figurines-realistes-sur-le-theme-du-travail","37":"product_tag-figurines-safari-designer-toob","38":"product_tag-figurines-safari-professions","39":"product_tag-jouets-dapprentissage","40":"product_tag-jouets-non-toxiques","41":"product_tag-jouets-sans-bisphenol-a","42":"product_tag-montessori-jouets","43":"product_tag-montessori-zoologie-jouets","44":"product_tag-professions-figurines-montessori-fr","45":"product_tag-safari-jouets","46":"product_tag-safari-toob-fr","48":"first","49":"instock","50":"taxable","51":"shipping-taxable","52":"purchasable","53":"product-type-simple"},"yoast_head":"<!-- This site is optimized with the Yoast SEO plugin v27.1.1 - https:\/\/yoast.com\/product\/yoast-seo-wordpress\/ -->\n<title>Figurines professions TOOB - Safari Ltd - Teia Education &amp; Play<\/title>\n<meta name=\"description\" content=\"Le Safari designer TOOB, avec ses figurines r\u00e9alistes sur le th\u00e8me des professions est un pr\u00e9cieux jouet \u00e9ducatif Montessori pour la maison ou la classe !\" \/>\n<meta name=\"robots\" content=\"index, follow, max-snippet:-1, max-image-preview:large, max-video-preview:-1\" \/>\n<link rel=\"canonical\" href=\"https:\/\/teiaeducation.ch\/fr\/produit\/figurines-de-personnes-au-travail-toob-safari-ltd\/\" \/>\n<meta property=\"og:locale\" content=\"fr_FR\" \/>\n<meta property=\"og:type\" content=\"article\" \/>\n<meta property=\"og:title\" content=\"Figurines professions TOOB - Safari Ltd - Teia Education &amp; Play\" \/>\n<meta property=\"og:description\" content=\"Le Safari designer TOOB, avec ses figurines r\u00e9alistes sur le th\u00e8me des professions est un pr\u00e9cieux jouet \u00e9ducatif Montessori pour la maison ou la classe !\" \/>\n<meta property=\"og:url\" content=\"https:\/\/teiaeducation.ch\/fr\/produit\/figurines-de-personnes-au-travail-toob-safari-ltd\/\" \/>\n<meta property=\"og:site_name\" content=\"Sustainable Educational Products &amp; Ecological Toys\u00a0\" \/>\n<meta property=\"article:publisher\" content=\"https:\/\/www.facebook.com\/teiaeducation\/\" \/>\n<meta property=\"article:modified_time\" content=\"2023-02-14T16:30:40+00:00\" \/>\n<meta property=\"og:image\" content=\"https:\/\/teiaeducation.ch\/wp-content\/uploads\/2021\/03\/People-at-work-designer-TOOB-Realistic-miniature-professions-themed-figurines-Montessori-learning-toy-Safari-Ltd.jpg\" \/>\n\t<meta property=\"og:image:width\" content=\"1000\" \/>\n\t<meta property=\"og:image:height\" content=\"1000\" \/>\n\t<meta property=\"og:image:type\" content=\"image\/jpeg\" \/>\n<script type=\"application\/ld+json\" class=\"yoast-schema-graph\">{\"@context\":\"https:\/\/schema.org\",\"@graph\":[{\"@type\":\"WebPage\",\"@id\":\"https:\/\/teiaeducation.ch\/fr\/produit\/figurines-de-personnes-au-travail-toob-safari-ltd\/\",\"url\":\"https:\/\/teiaeducation.ch\/fr\/produit\/figurines-de-personnes-au-travail-toob-safari-ltd\/\",\"name\":\"Figurines professions TOOB - Safari Ltd - Teia Education & Play\",\"isPartOf\":{\"@id\":\"https:\/\/teiaeducation.ch\/fr\/#website\"},\"primaryImageOfPage\":{\"@id\":\"https:\/\/teiaeducation.ch\/fr\/produit\/figurines-de-personnes-au-travail-toob-safari-ltd\/#primaryimage\"},\"image\":{\"@id\":\"https:\/\/teiaeducation.ch\/fr\/produit\/figurines-de-personnes-au-travail-toob-safari-ltd\/#primaryimage\"},\"thumbnailUrl\":\"https:\/\/teiaeducation.ch\/wp-content\/uploads\/2021\/03\/People-at-work-designer-TOOB-Realistic-miniature-professions-themed-figurines-Montessori-learning-toy-Safari-Ltd.jpg\",\"datePublished\":\"2021-03-31T12:31:11+00:00\",\"dateModified\":\"2023-02-14T16:30:40+00:00\",\"description\":\"Le Safari designer TOOB, avec ses figurines r\u00e9alistes sur le th\u00e8me des professions est un pr\u00e9cieux jouet \u00e9ducatif Montessori pour la maison ou la classe !\",\"breadcrumb\":{\"@id\":\"https:\/\/teiaeducation.ch\/fr\/produit\/figurines-de-personnes-au-travail-toob-safari-ltd\/#breadcrumb\"},\"inLanguage\":\"fr-FR\",\"potentialAction\":[{\"@type\":\"ReadAction\",\"target\":[\"https:\/\/teiaeducation.ch\/fr\/produit\/figurines-de-personnes-au-travail-toob-safari-ltd\/\"]}]},{\"@type\":\"ImageObject\",\"inLanguage\":\"fr-FR\",\"@id\":\"https:\/\/teiaeducation.ch\/fr\/produit\/figurines-de-personnes-au-travail-toob-safari-ltd\/#primaryimage\",\"url\":\"https:\/\/teiaeducation.ch\/wp-content\/uploads\/2021\/03\/People-at-work-designer-TOOB-Realistic-miniature-professions-themed-figurines-Montessori-learning-toy-Safari-Ltd.jpg\",\"contentUrl\":\"https:\/\/teiaeducation.ch\/wp-content\/uploads\/2021\/03\/People-at-work-designer-TOOB-Realistic-miniature-professions-themed-figurines-Montessori-learning-toy-Safari-Ltd.jpg\",\"width\":1000,\"height\":1000,\"caption\":\"Personnes au travail designer TOOB Figurines r\u00e9alistes miniatures sur le th\u00e8me des professions Jouet \u00e9ducatif Montessori Safari Ltd\"},{\"@type\":\"BreadcrumbList\",\"@id\":\"https:\/\/teiaeducation.ch\/fr\/produit\/figurines-de-personnes-au-travail-toob-safari-ltd\/#breadcrumb\",\"itemListElement\":[{\"@type\":\"ListItem\",\"position\":1,\"name\":\"Home\",\"item\":\"https:\/\/teiaeducation.ch\/fr\/\"},{\"@type\":\"ListItem\",\"position\":2,\"name\":\"Boutique Teia Education &amp; Play\",\"item\":\"https:\/\/teiaeducation.ch\/fr\/boutique\/\"},{\"@type\":\"ListItem\",\"position\":3,\"name\":\"Nos Marques\",\"item\":\"https:\/\/teiaeducation.ch\/fr\/categorie-produit\/marques\/\"},{\"@type\":\"ListItem\",\"position\":4,\"name\":\"Safari\",\"item\":\"https:\/\/teiaeducation.ch\/fr\/categorie-produit\/marques\/safari-jouets-figurines-animaux-fr\/\"},{\"@type\":\"ListItem\",\"position\":5,\"name\":\"Figurines professions TOOB &#8211; Safari Ltd\"}]},{\"@type\":\"WebSite\",\"@id\":\"https:\/\/teiaeducation.ch\/fr\/#website\",\"url\":\"https:\/\/teiaeducation.ch\/fr\/\",\"name\":\"Sustainable Educational Products &amp; Ecological Toys\u00a0\",\"description\":\"Specialised Swiss shop selling sustainable educational toys and games, AMI certified Montessori materials, handmade ecological wooden Waldorf toys and arts &amp; crafts supplies, school supplies, children&#039;s furniture and Montessori reference and parenting books.\",\"publisher\":{\"@id\":\"https:\/\/teiaeducation.ch\/fr\/#organization\"},\"alternateName\":\"Teia Education & Play\",\"potentialAction\":[{\"@type\":\"SearchAction\",\"target\":{\"@type\":\"EntryPoint\",\"urlTemplate\":\"https:\/\/teiaeducation.ch\/fr\/?s={search_term_string}\"},\"query-input\":{\"@type\":\"PropertyValueSpecification\",\"valueRequired\":true,\"valueName\":\"search_term_string\"}}],\"inLanguage\":\"fr-FR\"},{\"@type\":\"Organization\",\"@id\":\"https:\/\/teiaeducation.ch\/fr\/#organization\",\"name\":\"Teia Education & Play\",\"url\":\"https:\/\/teiaeducation.ch\/fr\/\",\"logo\":{\"@type\":\"ImageObject\",\"inLanguage\":\"fr-FR\",\"@id\":\"https:\/\/teiaeducation.ch\/fr\/#\/schema\/logo\/image\/\",\"url\":\"https:\/\/teiaeducation.ch\/wp-content\/uploads\/2020\/11\/Teia-Education-Switzerland-e1620156442216.jpg\",\"contentUrl\":\"https:\/\/teiaeducation.ch\/wp-content\/uploads\/2020\/11\/Teia-Education-Switzerland-e1620156442216.jpg\",\"width\":166,\"height\":145,\"caption\":\"Teia Education & Play\"},\"image\":{\"@id\":\"https:\/\/teiaeducation.ch\/fr\/#\/schema\/logo\/image\/\"},\"sameAs\":[\"https:\/\/www.facebook.com\/teiaeducation\/\",\"https:\/\/x.com\/EducationTeia\",\"https:\/\/www.instagram.com\/teia.education\/\",\"https:\/\/www.linkedin.com\/company\/35501660\",\"https:\/\/www.pinterest.ch\/TeiaEducation\/\"]}]}<\/script>\n<!-- \/ Yoast SEO plugin. -->","yoast_head_json":{"title":"Figurines professions TOOB - Safari Ltd - Teia Education & Play","description":"Le Safari designer TOOB, avec ses figurines r\u00e9alistes sur le th\u00e8me des professions est un pr\u00e9cieux jouet \u00e9ducatif Montessori pour la maison ou la classe !","robots":{"index":"index","follow":"follow","max-snippet":"max-snippet:-1","max-image-preview":"max-image-preview:large","max-video-preview":"max-video-preview:-1"},"canonical":"https:\/\/teiaeducation.ch\/fr\/produit\/figurines-de-personnes-au-travail-toob-safari-ltd\/","og_locale":"fr_FR","og_type":"article","og_title":"Figurines professions TOOB - Safari Ltd - Teia Education & Play","og_description":"Le Safari designer TOOB, avec ses figurines r\u00e9alistes sur le th\u00e8me des professions est un pr\u00e9cieux jouet \u00e9ducatif Montessori pour la maison ou la classe !","og_url":"https:\/\/teiaeducation.ch\/fr\/produit\/figurines-de-personnes-au-travail-toob-safari-ltd\/","og_site_name":"Sustainable Educational Products &amp; Ecological Toys\u00a0","article_publisher":"https:\/\/www.facebook.com\/teiaeducation\/","article_modified_time":"2023-02-14T16:30:40+00:00","og_image":[{"width":1000,"height":1000,"url":"https:\/\/teiaeducation.ch\/wp-content\/uploads\/2021\/03\/People-at-work-designer-TOOB-Realistic-miniature-professions-themed-figurines-Montessori-learning-toy-Safari-Ltd.jpg","type":"image\/jpeg"}],"schema":{"@context":"https:\/\/schema.org","@graph":[{"@type":"WebPage","@id":"https:\/\/teiaeducation.ch\/fr\/produit\/figurines-de-personnes-au-travail-toob-safari-ltd\/","url":"https:\/\/teiaeducation.ch\/fr\/produit\/figurines-de-personnes-au-travail-toob-safari-ltd\/","name":"Figurines professions TOOB - Safari Ltd - Teia Education & Play","isPartOf":{"@id":"https:\/\/teiaeducation.ch\/fr\/#website"},"primaryImageOfPage":{"@id":"https:\/\/teiaeducation.ch\/fr\/produit\/figurines-de-personnes-au-travail-toob-safari-ltd\/#primaryimage"},"image":{"@id":"https:\/\/teiaeducation.ch\/fr\/produit\/figurines-de-personnes-au-travail-toob-safari-ltd\/#primaryimage"},"thumbnailUrl":"https:\/\/teiaeducation.ch\/wp-content\/uploads\/2021\/03\/People-at-work-designer-TOOB-Realistic-miniature-professions-themed-figurines-Montessori-learning-toy-Safari-Ltd.jpg","datePublished":"2021-03-31T12:31:11+00:00","dateModified":"2023-02-14T16:30:40+00:00","description":"Le Safari designer TOOB, avec ses figurines r\u00e9alistes sur le th\u00e8me des professions est un pr\u00e9cieux jouet \u00e9ducatif Montessori pour la maison ou la classe !","breadcrumb":{"@id":"https:\/\/teiaeducation.ch\/fr\/produit\/figurines-de-personnes-au-travail-toob-safari-ltd\/#breadcrumb"},"inLanguage":"fr-FR","potentialAction":[{"@type":"ReadAction","target":["https:\/\/teiaeducation.ch\/fr\/produit\/figurines-de-personnes-au-travail-toob-safari-ltd\/"]}]},{"@type":"ImageObject","inLanguage":"fr-FR","@id":"https:\/\/teiaeducation.ch\/fr\/produit\/figurines-de-personnes-au-travail-toob-safari-ltd\/#primaryimage","url":"https:\/\/teiaeducation.ch\/wp-content\/uploads\/2021\/03\/People-at-work-designer-TOOB-Realistic-miniature-professions-themed-figurines-Montessori-learning-toy-Safari-Ltd.jpg","contentUrl":"https:\/\/teiaeducation.ch\/wp-content\/uploads\/2021\/03\/People-at-work-designer-TOOB-Realistic-miniature-professions-themed-figurines-Montessori-learning-toy-Safari-Ltd.jpg","width":1000,"height":1000,"caption":"Personnes au travail designer TOOB Figurines r\u00e9alistes miniatures sur le th\u00e8me des professions Jouet \u00e9ducatif Montessori Safari Ltd"},{"@type":"BreadcrumbList","@id":"https:\/\/teiaeducation.ch\/fr\/produit\/figurines-de-personnes-au-travail-toob-safari-ltd\/#breadcrumb","itemListElement":[{"@type":"ListItem","position":1,"name":"Home","item":"https:\/\/teiaeducation.ch\/fr\/"},{"@type":"ListItem","position":2,"name":"Boutique Teia Education &amp; Play","item":"https:\/\/teiaeducation.ch\/fr\/boutique\/"},{"@type":"ListItem","position":3,"name":"Nos Marques","item":"https:\/\/teiaeducation.ch\/fr\/categorie-produit\/marques\/"},{"@type":"ListItem","position":4,"name":"Safari","item":"https:\/\/teiaeducation.ch\/fr\/categorie-produit\/marques\/safari-jouets-figurines-animaux-fr\/"},{"@type":"ListItem","position":5,"name":"Figurines professions TOOB &#8211; Safari Ltd"}]},{"@type":"WebSite","@id":"https:\/\/teiaeducation.ch\/fr\/#website","url":"https:\/\/teiaeducation.ch\/fr\/","name":"Sustainable Educational Products &amp; Ecological Toys\u00a0","description":"Specialised Swiss shop selling sustainable educational toys and games, AMI certified Montessori materials, handmade ecological wooden Waldorf toys and arts &amp; crafts supplies, school supplies, children&#039;s furniture and Montessori reference and parenting books.","publisher":{"@id":"https:\/\/teiaeducation.ch\/fr\/#organization"},"alternateName":"Teia Education & Play","potentialAction":[{"@type":"SearchAction","target":{"@type":"EntryPoint","urlTemplate":"https:\/\/teiaeducation.ch\/fr\/?s={search_term_string}"},"query-input":{"@type":"PropertyValueSpecification","valueRequired":true,"valueName":"search_term_string"}}],"inLanguage":"fr-FR"},{"@type":"Organization","@id":"https:\/\/teiaeducation.ch\/fr\/#organization","name":"Teia Education & Play","url":"https:\/\/teiaeducation.ch\/fr\/","logo":{"@type":"ImageObject","inLanguage":"fr-FR","@id":"https:\/\/teiaeducation.ch\/fr\/#\/schema\/logo\/image\/","url":"https:\/\/teiaeducation.ch\/wp-content\/uploads\/2020\/11\/Teia-Education-Switzerland-e1620156442216.jpg","contentUrl":"https:\/\/teiaeducation.ch\/wp-content\/uploads\/2020\/11\/Teia-Education-Switzerland-e1620156442216.jpg","width":166,"height":145,"caption":"Teia Education & Play"},"image":{"@id":"https:\/\/teiaeducation.ch\/fr\/#\/schema\/logo\/image\/"},"sameAs":["https:\/\/www.facebook.com\/teiaeducation\/","https:\/\/x.com\/EducationTeia","https:\/\/www.instagram.com\/teia.education\/","https:\/\/www.linkedin.com\/company\/35501660","https:\/\/www.pinterest.ch\/TeiaEducation\/"]}]}},"_links":{"self":[{"href":"https:\/\/teiaeducation.ch\/fr\/wp-json\/wp\/v2\/product\/51869","targetHints":{"allow":["GET"]}}],"collection":[{"href":"https:\/\/teiaeducation.ch\/fr\/wp-json\/wp\/v2\/product"}],"about":[{"href":"https:\/\/teiaeducation.ch\/fr\/wp-json\/wp\/v2\/types\/product"}],"replies":[{"embeddable":true,"href":"https:\/\/teiaeducation.ch\/fr\/wp-json\/wp\/v2\/comments?post=51869"}],"wp:featuredmedia":[{"embeddable":true,"href":"https:\/\/teiaeducation.ch\/fr\/wp-json\/wp\/v2\/media\/34966"}],"wp:attachment":[{"href":"https:\/\/teiaeducation.ch\/fr\/wp-json\/wp\/v2\/media?parent=51869"}],"wp:term":[{"taxonomy":"product_brand","embeddable":true,"href":"https:\/\/teiaeducation.ch\/fr\/wp-json\/wp\/v2\/product_brand?post=51869"},{"taxonomy":"product_cat","embeddable":true,"href":"https:\/\/teiaeducation.ch\/fr\/wp-json\/wp\/v2\/product_cat?post=51869"},{"taxonomy":"product_tag","embeddable":true,"href":"https:\/\/teiaeducation.ch\/fr\/wp-json\/wp\/v2\/product_tag?post=51869"}],"curies":[{"name":"wp","href":"https:\/\/api.w.org\/{rel}","templated":true}]}}