{"id":51872,"date":"2021-03-11T10:53:16","date_gmt":"2021-03-11T09:53:16","guid":{"rendered":"https:\/\/teiaeducation.ch\/product\/bocal-a-insectes-safari-ltd\/"},"modified":"2023-02-15T13:21:42","modified_gmt":"2023-02-15T12:21:42","slug":"bocal-a-insectes-safari-ltd","status":"publish","type":"product","link":"https:\/\/teiaeducation.ch\/fr\/produit\/bocal-a-insectes-safari-ltd\/","title":{"rendered":"Bocal \u00e0 insectes &#8211; Safari Ltd"},"content":{"rendered":"<p>Le bocal de collection et d&#8217;observation d&#8217;insectes de Safari fait partie de la collection Safariology\u00ae et constitue un compl\u00e9ment pr\u00e9cieux pour la bo\u00eete \u00e0 outils de tout jeune explorateur ainsi qu&#8217;un <a href=\"https:\/\/teiaeducation.ch\/fr\/categorie-produit\/domaines-du-curriculum\/\">jouet \u00e9ducatif<\/a> Montessori pour \u00e0 la maison ou en <a href=\"https:\/\/teiaeducation.ch\/fr\/fournitures-scolaires\/\">classe<\/a> !<\/p>\n<p>Le bocal \u00e0 insectes est robuste et con\u00e7u pour les petites mains. Il permet de collecter et d&#8217;observer les insectes \u00e0 un niveau sup\u00e9rieur. Le bocal est \u00e9quip\u00e9 d&#8217;un couvercle jaune qui est une loupe 2x, et comporte \u00e9galement une loupe verte rabattable pour un grossissement 4x. Le couvercle encliquetable reste en place lorsque les insectes sont collect\u00e9s et d\u00e9plac\u00e9s, ce qui garantit que les sp\u00e9cimens ne seront pas perdus. Un fond quadrill\u00e9 permet de comparer la taille des insectes et une araign\u00e9e est incluse pour l&#8217;\u00e9chelle et le r\u00e9alisme.<\/p>\n<p>De haute qualit\u00e9 et durable, le bocal \u00e0 insectes est un excellent outil p\u00e9dagogique et un jouet d&#8217;inspiration <a href=\"https:\/\/teiaeducation.ch\/fr\/categorie-produit\/jouer\/jouets-montessori\/\">Montessori<\/a>. Cet outil pratique soutient les le\u00e7ons de sciences, de biologie, de <a href=\"https:\/\/teiaeducation.ch\/fr\/categorie-produit\/domaines-du-curriculum\/culture-sciences\/etudes-botaniques\/\">botanique<\/a> et de <a href=\"https:\/\/teiaeducation.ch\/fr\/categorie-produit\/domaines-du-curriculum\/culture-sciences\/la-science\/\">sciences<\/a>. Le bocal constitue \u00e9galement un bel ajout \u00e0 la bo\u00eete \u00e0 outils de tout jeune explorateur de la nature.<\/p>\n<p>La marque familiale am\u00e9ricaine <a href=\"https:\/\/teiaeducation.ch\/fr\/categorie-produit\/marques\/safari-jouets-figurines-animaux-fr\/\">Safari Ltd\u00ae<\/a> cr\u00e9e depuis plus de 30 ans des figurines <a href=\"https:\/\/teiaeducation.ch\/fr\/categorie-produit\/jouer\/animaux-fermes\/\">d\u2019animaux<\/a> merveilleusement r\u00e9alistes et des outils p\u00e9dagogiques. Leurs jouets durables, de haute qualit\u00e9 et fabriqu\u00e9s avec soin, sensibilisent les enfants \u00e0 l\u2019importance de la <a href=\"https:\/\/teiaeducation.ch\/fr\/categorie-produit\/jouer\/jeu-de-la-nature\/\">nature<\/a> et de la conservation par le biais de la joie du <a href=\"https:\/\/teiaeducation.ch\/fr\/categorie-produit\/jouer\/jeu-imaginatif-faire-semblant\/\">jeu imaginatif<\/a> et peuvent \u00eatre utilis\u00e9s de diverses mani\u00e8res.<\/p>\n<p>Tous les produits de Safari Ltd sont non toxiques, sans <a href=\"https:\/\/en.wikipedia.org\/wiki\/Bisphenol_A\">BPA<\/a>, sans plomb et sans phtalates. Ils sont rigoureusement test\u00e9s en termes de s\u00e9curit\u00e9, passant et d\u00e9passant toutes les r\u00e9glementations et normes de test mondiales. La marque utilise des emballages respectueux de l\u2019environnement, notamment du papier recycl\u00e9 et recyclable sans rev\u00eatement UV, et s\u2019efforce d\u2019appliquer des pratiques commerciales \u00e9cologiques tout au long de la production.<\/p>\n<p>De la taille d&#8217;un pot de yaourt individuel, le bocal \u00e0 insectes est non-toxique, sans BPA et convient aux enfants de 3 ans et plus.<\/p>\n<p>Contenu:<\/p>\n<p>1 bocal \u00e0 insectes<br \/>\n1 figurine araign\u00e9e<\/p>\n","protected":false},"excerpt":{"rendered":"<p>Num\u00e9ro d&#8217;article: S621016<\/p>\n<p>Le bocal de collection et d&#8217;observation d&#8217;insectes de Safari est un jouet \u00e9ducatif et un compl\u00e9ment pr\u00e9cieux \u00e0 la bo\u00eete \u00e0 outils de tout jeune explorateur !<\/p>\n","protected":false},"featured_media":34272,"comment_status":"open","ping_status":"closed","template":"","meta":[],"product_brand":[],"product_cat":[8527,215,8580,216,16898,23635,18893,22344,284,283,8526,592,17239,21257,22421,18913,13130,23132,22181,1220,763,7595,1218,217,5851,18967,212],"product_tag":[24511,24510,24508,19419,24509,19417,19418,19416,8132,19420,19415,19422],"class_list":{"0":"post-51872","1":"product","2":"type-product","3":"status-publish","4":"has-post-thumbnail","6":"product_cat-3-6-ans-ecole-a-domicile","7":"product_cat-3-6-ans","8":"product_cat-6-12-ans-ecole-a-domicile","9":"product_cat-6-12-ans","10":"product_cat-collection-automne","11":"product_cat-collection-dete","12":"product_cat-collection-printemps","13":"product_cat-collections-saisonnieres","14":"product_cat-culture-sciences","15":"product_cat-domaines-du-curriculum","16":"product_cat-fournitures-scolaires-a-domicile","17":"product_cat-geographie-animale","18":"product_cat-guide-cadeaux-educatifs","19":"product_cat-guides-cadeaux","20":"product_cat-idees-cadeaux-pour-paques","21":"product_cat-jeu-de-la-nature","22":"product_cat-jouer","23":"product_cat-jouets-de-plein-air","24":"product_cat-jouets-montessori","25":"product_cat-traditionnelle","26":"product_cat-la-science","27":"product_cat-methode-deducation","28":"product_cat-montessori-fr","29":"product_cat-marques","30":"product_cat-nouveautes","31":"product_cat-safari-jouets-figurines-animaux-fr","32":"product_cat-tranche-dage","33":"product_tag-bocal-a-insectes-safari-ltd","34":"product_tag-bocal-de-collection-et-dobservation-dinsectes","35":"product_tag-boite-a-outils-du-jeune-explorateur-bocal-a-insectes-safari","36":"product_tag-figures-danimaux-non-toxiques","37":"product_tag-jouet-educatif-bocal-a-insectes-safari","38":"product_tag-jouets-dapprentissage","39":"product_tag-jouets-non-toxiques","40":"product_tag-jouets-sans-bisphenol-a","41":"product_tag-montessori-jouets","42":"product_tag-montessori-zoologie-jouets","43":"product_tag-safari-jouets","44":"product_tag-safari-toob-fr","46":"first","47":"instock","48":"taxable","49":"shipping-taxable","50":"purchasable","51":"product-type-simple"},"yoast_head":"<!-- This site is optimized with the Yoast SEO plugin v27.3 - https:\/\/yoast.com\/product\/yoast-seo-wordpress\/ -->\n<title>Bocal \u00e0 insectes - Safari Ltd - Teia Education &amp; Play<\/title>\n<meta name=\"description\" content=\"Le bocal de collection et d&#039;observation d&#039;insectes de Safari est un jouet \u00e9ducatif et un compl\u00e9ment pr\u00e9cieux \u00e0 la bo\u00eete \u00e0 outils de tout jeune explorateur !\" \/>\n<meta name=\"robots\" content=\"index, follow, max-snippet:-1, max-image-preview:large, max-video-preview:-1\" \/>\n<link rel=\"canonical\" href=\"https:\/\/teiaeducation.ch\/fr\/produit\/bocal-a-insectes-safari-ltd\/\" \/>\n<meta property=\"og:locale\" content=\"fr_FR\" \/>\n<meta property=\"og:type\" content=\"article\" \/>\n<meta property=\"og:title\" content=\"Bocal \u00e0 insectes - Safari Ltd - Teia Education &amp; Play\" \/>\n<meta property=\"og:description\" content=\"Le bocal de collection et d&#039;observation d&#039;insectes de Safari est un jouet \u00e9ducatif et un compl\u00e9ment pr\u00e9cieux \u00e0 la bo\u00eete \u00e0 outils de tout jeune explorateur !\" \/>\n<meta property=\"og:url\" content=\"https:\/\/teiaeducation.ch\/fr\/produit\/bocal-a-insectes-safari-ltd\/\" \/>\n<meta property=\"og:site_name\" content=\"Sustainable Educational Products &amp; Ecological Toys\u00a0\" \/>\n<meta property=\"article:publisher\" content=\"https:\/\/www.facebook.com\/teiaeducation\/\" \/>\n<meta property=\"article:modified_time\" content=\"2023-02-15T12:21:42+00:00\" \/>\n<meta property=\"og:image\" content=\"https:\/\/teiaeducation.ch\/wp-content\/uploads\/2021\/03\/Worlds-Best-Bug-Jar-Insect-collection-and-observation-jar-and-learning-toy-for-the-young-explorers-toolkit-Safari-Ltd.jpg\" \/>\n\t<meta property=\"og:image:width\" content=\"1000\" \/>\n\t<meta property=\"og:image:height\" content=\"1000\" \/>\n\t<meta property=\"og:image:type\" content=\"image\/jpeg\" \/>\n<script type=\"application\/ld+json\" class=\"yoast-schema-graph\">{\"@context\":\"https:\\\/\\\/schema.org\",\"@graph\":[{\"@type\":\"WebPage\",\"@id\":\"https:\\\/\\\/teiaeducation.ch\\\/fr\\\/produit\\\/bocal-a-insectes-safari-ltd\\\/\",\"url\":\"https:\\\/\\\/teiaeducation.ch\\\/fr\\\/produit\\\/bocal-a-insectes-safari-ltd\\\/\",\"name\":\"Bocal \u00e0 insectes - Safari Ltd - Teia Education & Play\",\"isPartOf\":{\"@id\":\"https:\\\/\\\/teiaeducation.ch\\\/fr\\\/#website\"},\"primaryImageOfPage\":{\"@id\":\"https:\\\/\\\/teiaeducation.ch\\\/fr\\\/produit\\\/bocal-a-insectes-safari-ltd\\\/#primaryimage\"},\"image\":{\"@id\":\"https:\\\/\\\/teiaeducation.ch\\\/fr\\\/produit\\\/bocal-a-insectes-safari-ltd\\\/#primaryimage\"},\"thumbnailUrl\":\"https:\\\/\\\/teiaeducation.ch\\\/wp-content\\\/uploads\\\/2021\\\/03\\\/Worlds-Best-Bug-Jar-Insect-collection-and-observation-jar-and-learning-toy-for-the-young-explorers-toolkit-Safari-Ltd.jpg\",\"datePublished\":\"2021-03-11T09:53:16+00:00\",\"dateModified\":\"2023-02-15T12:21:42+00:00\",\"description\":\"Le bocal de collection et d'observation d'insectes de Safari est un jouet \u00e9ducatif et un compl\u00e9ment pr\u00e9cieux \u00e0 la bo\u00eete \u00e0 outils de tout jeune explorateur !\",\"breadcrumb\":{\"@id\":\"https:\\\/\\\/teiaeducation.ch\\\/fr\\\/produit\\\/bocal-a-insectes-safari-ltd\\\/#breadcrumb\"},\"inLanguage\":\"fr-FR\",\"potentialAction\":[{\"@type\":\"ReadAction\",\"target\":[\"https:\\\/\\\/teiaeducation.ch\\\/fr\\\/produit\\\/bocal-a-insectes-safari-ltd\\\/\"]}]},{\"@type\":\"ImageObject\",\"inLanguage\":\"fr-FR\",\"@id\":\"https:\\\/\\\/teiaeducation.ch\\\/fr\\\/produit\\\/bocal-a-insectes-safari-ltd\\\/#primaryimage\",\"url\":\"https:\\\/\\\/teiaeducation.ch\\\/wp-content\\\/uploads\\\/2021\\\/03\\\/Worlds-Best-Bug-Jar-Insect-collection-and-observation-jar-and-learning-toy-for-the-young-explorers-toolkit-Safari-Ltd.jpg\",\"contentUrl\":\"https:\\\/\\\/teiaeducation.ch\\\/wp-content\\\/uploads\\\/2021\\\/03\\\/Worlds-Best-Bug-Jar-Insect-collection-and-observation-jar-and-learning-toy-for-the-young-explorers-toolkit-Safari-Ltd.jpg\",\"width\":1000,\"height\":1000,\"caption\":\"bocal de collecte et d'observation d'insectes et jouet \u00e9ducatif pour la bo\u00eete \u00e0 outils du jeune explorateur Safari Ltd\"},{\"@type\":\"BreadcrumbList\",\"@id\":\"https:\\\/\\\/teiaeducation.ch\\\/fr\\\/produit\\\/bocal-a-insectes-safari-ltd\\\/#breadcrumb\",\"itemListElement\":[{\"@type\":\"ListItem\",\"position\":1,\"name\":\"Home\",\"item\":\"https:\\\/\\\/teiaeducation.ch\\\/fr\\\/\"},{\"@type\":\"ListItem\",\"position\":2,\"name\":\"Boutique Teia Education &amp; Play\",\"item\":\"https:\\\/\\\/teiaeducation.ch\\\/fr\\\/boutique\\\/\"},{\"@type\":\"ListItem\",\"position\":3,\"name\":\"Domaines du Curriculum\",\"item\":\"https:\\\/\\\/teiaeducation.ch\\\/fr\\\/categorie-produit\\\/domaines-du-curriculum\\\/\"},{\"@type\":\"ListItem\",\"position\":4,\"name\":\"Culture &amp; Sciences\",\"item\":\"https:\\\/\\\/teiaeducation.ch\\\/fr\\\/categorie-produit\\\/domaines-du-curriculum\\\/culture-sciences\\\/\"},{\"@type\":\"ListItem\",\"position\":5,\"name\":\"G\u00e9ographie Animale\",\"item\":\"https:\\\/\\\/teiaeducation.ch\\\/fr\\\/categorie-produit\\\/domaines-du-curriculum\\\/culture-sciences\\\/geographie-animale\\\/\"},{\"@type\":\"ListItem\",\"position\":6,\"name\":\"Bocal \u00e0 insectes &#8211; Safari Ltd\"}]},{\"@type\":\"WebSite\",\"@id\":\"https:\\\/\\\/teiaeducation.ch\\\/fr\\\/#website\",\"url\":\"https:\\\/\\\/teiaeducation.ch\\\/fr\\\/\",\"name\":\"Sustainable Educational Products &amp; Ecological Toys\u00a0\",\"description\":\"Specialised Swiss shop selling sustainable educational toys and games, AMI certified Montessori materials, handmade ecological wooden Waldorf toys and arts &amp; crafts supplies, school supplies, children&#039;s furniture and Montessori reference and parenting books.\",\"publisher\":{\"@id\":\"https:\\\/\\\/teiaeducation.ch\\\/fr\\\/#organization\"},\"alternateName\":\"Teia Education & Play\",\"potentialAction\":[{\"@type\":\"SearchAction\",\"target\":{\"@type\":\"EntryPoint\",\"urlTemplate\":\"https:\\\/\\\/teiaeducation.ch\\\/fr\\\/?s={search_term_string}\"},\"query-input\":{\"@type\":\"PropertyValueSpecification\",\"valueRequired\":true,\"valueName\":\"search_term_string\"}}],\"inLanguage\":\"fr-FR\"},{\"@type\":\"Organization\",\"@id\":\"https:\\\/\\\/teiaeducation.ch\\\/fr\\\/#organization\",\"name\":\"Teia Education & Play\",\"url\":\"https:\\\/\\\/teiaeducation.ch\\\/fr\\\/\",\"logo\":{\"@type\":\"ImageObject\",\"inLanguage\":\"fr-FR\",\"@id\":\"https:\\\/\\\/teiaeducation.ch\\\/fr\\\/#\\\/schema\\\/logo\\\/image\\\/\",\"url\":\"https:\\\/\\\/teiaeducation.ch\\\/wp-content\\\/uploads\\\/2020\\\/11\\\/Teia-Education-Switzerland-e1620156442216.jpg\",\"contentUrl\":\"https:\\\/\\\/teiaeducation.ch\\\/wp-content\\\/uploads\\\/2020\\\/11\\\/Teia-Education-Switzerland-e1620156442216.jpg\",\"width\":166,\"height\":145,\"caption\":\"Teia Education & Play\"},\"image\":{\"@id\":\"https:\\\/\\\/teiaeducation.ch\\\/fr\\\/#\\\/schema\\\/logo\\\/image\\\/\"},\"sameAs\":[\"https:\\\/\\\/www.facebook.com\\\/teiaeducation\\\/\",\"https:\\\/\\\/x.com\\\/EducationTeia\",\"https:\\\/\\\/www.instagram.com\\\/teia.education\\\/\",\"https:\\\/\\\/www.linkedin.com\\\/company\\\/35501660\",\"https:\\\/\\\/www.pinterest.ch\\\/TeiaEducation\\\/\"]}]}<\/script>\n<!-- \/ Yoast SEO plugin. -->","yoast_head_json":{"title":"Bocal \u00e0 insectes - Safari Ltd - Teia Education & Play","description":"Le bocal de collection et d'observation d'insectes de Safari est un jouet \u00e9ducatif et un compl\u00e9ment pr\u00e9cieux \u00e0 la bo\u00eete \u00e0 outils de tout jeune explorateur !","robots":{"index":"index","follow":"follow","max-snippet":"max-snippet:-1","max-image-preview":"max-image-preview:large","max-video-preview":"max-video-preview:-1"},"canonical":"https:\/\/teiaeducation.ch\/fr\/produit\/bocal-a-insectes-safari-ltd\/","og_locale":"fr_FR","og_type":"article","og_title":"Bocal \u00e0 insectes - Safari Ltd - Teia Education & Play","og_description":"Le bocal de collection et d'observation d'insectes de Safari est un jouet \u00e9ducatif et un compl\u00e9ment pr\u00e9cieux \u00e0 la bo\u00eete \u00e0 outils de tout jeune explorateur !","og_url":"https:\/\/teiaeducation.ch\/fr\/produit\/bocal-a-insectes-safari-ltd\/","og_site_name":"Sustainable Educational Products &amp; Ecological Toys\u00a0","article_publisher":"https:\/\/www.facebook.com\/teiaeducation\/","article_modified_time":"2023-02-15T12:21:42+00:00","og_image":[{"width":1000,"height":1000,"url":"https:\/\/teiaeducation.ch\/wp-content\/uploads\/2021\/03\/Worlds-Best-Bug-Jar-Insect-collection-and-observation-jar-and-learning-toy-for-the-young-explorers-toolkit-Safari-Ltd.jpg","type":"image\/jpeg"}],"schema":{"@context":"https:\/\/schema.org","@graph":[{"@type":"WebPage","@id":"https:\/\/teiaeducation.ch\/fr\/produit\/bocal-a-insectes-safari-ltd\/","url":"https:\/\/teiaeducation.ch\/fr\/produit\/bocal-a-insectes-safari-ltd\/","name":"Bocal \u00e0 insectes - Safari Ltd - Teia Education & Play","isPartOf":{"@id":"https:\/\/teiaeducation.ch\/fr\/#website"},"primaryImageOfPage":{"@id":"https:\/\/teiaeducation.ch\/fr\/produit\/bocal-a-insectes-safari-ltd\/#primaryimage"},"image":{"@id":"https:\/\/teiaeducation.ch\/fr\/produit\/bocal-a-insectes-safari-ltd\/#primaryimage"},"thumbnailUrl":"https:\/\/teiaeducation.ch\/wp-content\/uploads\/2021\/03\/Worlds-Best-Bug-Jar-Insect-collection-and-observation-jar-and-learning-toy-for-the-young-explorers-toolkit-Safari-Ltd.jpg","datePublished":"2021-03-11T09:53:16+00:00","dateModified":"2023-02-15T12:21:42+00:00","description":"Le bocal de collection et d'observation d'insectes de Safari est un jouet \u00e9ducatif et un compl\u00e9ment pr\u00e9cieux \u00e0 la bo\u00eete \u00e0 outils de tout jeune explorateur !","breadcrumb":{"@id":"https:\/\/teiaeducation.ch\/fr\/produit\/bocal-a-insectes-safari-ltd\/#breadcrumb"},"inLanguage":"fr-FR","potentialAction":[{"@type":"ReadAction","target":["https:\/\/teiaeducation.ch\/fr\/produit\/bocal-a-insectes-safari-ltd\/"]}]},{"@type":"ImageObject","inLanguage":"fr-FR","@id":"https:\/\/teiaeducation.ch\/fr\/produit\/bocal-a-insectes-safari-ltd\/#primaryimage","url":"https:\/\/teiaeducation.ch\/wp-content\/uploads\/2021\/03\/Worlds-Best-Bug-Jar-Insect-collection-and-observation-jar-and-learning-toy-for-the-young-explorers-toolkit-Safari-Ltd.jpg","contentUrl":"https:\/\/teiaeducation.ch\/wp-content\/uploads\/2021\/03\/Worlds-Best-Bug-Jar-Insect-collection-and-observation-jar-and-learning-toy-for-the-young-explorers-toolkit-Safari-Ltd.jpg","width":1000,"height":1000,"caption":"bocal de collecte et d'observation d'insectes et jouet \u00e9ducatif pour la bo\u00eete \u00e0 outils du jeune explorateur Safari Ltd"},{"@type":"BreadcrumbList","@id":"https:\/\/teiaeducation.ch\/fr\/produit\/bocal-a-insectes-safari-ltd\/#breadcrumb","itemListElement":[{"@type":"ListItem","position":1,"name":"Home","item":"https:\/\/teiaeducation.ch\/fr\/"},{"@type":"ListItem","position":2,"name":"Boutique Teia Education &amp; Play","item":"https:\/\/teiaeducation.ch\/fr\/boutique\/"},{"@type":"ListItem","position":3,"name":"Domaines du Curriculum","item":"https:\/\/teiaeducation.ch\/fr\/categorie-produit\/domaines-du-curriculum\/"},{"@type":"ListItem","position":4,"name":"Culture &amp; Sciences","item":"https:\/\/teiaeducation.ch\/fr\/categorie-produit\/domaines-du-curriculum\/culture-sciences\/"},{"@type":"ListItem","position":5,"name":"G\u00e9ographie Animale","item":"https:\/\/teiaeducation.ch\/fr\/categorie-produit\/domaines-du-curriculum\/culture-sciences\/geographie-animale\/"},{"@type":"ListItem","position":6,"name":"Bocal \u00e0 insectes &#8211; Safari Ltd"}]},{"@type":"WebSite","@id":"https:\/\/teiaeducation.ch\/fr\/#website","url":"https:\/\/teiaeducation.ch\/fr\/","name":"Sustainable Educational Products &amp; Ecological Toys\u00a0","description":"Specialised Swiss shop selling sustainable educational toys and games, AMI certified Montessori materials, handmade ecological wooden Waldorf toys and arts &amp; crafts supplies, school supplies, children&#039;s furniture and Montessori reference and parenting books.","publisher":{"@id":"https:\/\/teiaeducation.ch\/fr\/#organization"},"alternateName":"Teia Education & Play","potentialAction":[{"@type":"SearchAction","target":{"@type":"EntryPoint","urlTemplate":"https:\/\/teiaeducation.ch\/fr\/?s={search_term_string}"},"query-input":{"@type":"PropertyValueSpecification","valueRequired":true,"valueName":"search_term_string"}}],"inLanguage":"fr-FR"},{"@type":"Organization","@id":"https:\/\/teiaeducation.ch\/fr\/#organization","name":"Teia Education & Play","url":"https:\/\/teiaeducation.ch\/fr\/","logo":{"@type":"ImageObject","inLanguage":"fr-FR","@id":"https:\/\/teiaeducation.ch\/fr\/#\/schema\/logo\/image\/","url":"https:\/\/teiaeducation.ch\/wp-content\/uploads\/2020\/11\/Teia-Education-Switzerland-e1620156442216.jpg","contentUrl":"https:\/\/teiaeducation.ch\/wp-content\/uploads\/2020\/11\/Teia-Education-Switzerland-e1620156442216.jpg","width":166,"height":145,"caption":"Teia Education & Play"},"image":{"@id":"https:\/\/teiaeducation.ch\/fr\/#\/schema\/logo\/image\/"},"sameAs":["https:\/\/www.facebook.com\/teiaeducation\/","https:\/\/x.com\/EducationTeia","https:\/\/www.instagram.com\/teia.education\/","https:\/\/www.linkedin.com\/company\/35501660","https:\/\/www.pinterest.ch\/TeiaEducation\/"]}]}},"_links":{"self":[{"href":"https:\/\/teiaeducation.ch\/fr\/wp-json\/wp\/v2\/product\/51872","targetHints":{"allow":["GET"]}}],"collection":[{"href":"https:\/\/teiaeducation.ch\/fr\/wp-json\/wp\/v2\/product"}],"about":[{"href":"https:\/\/teiaeducation.ch\/fr\/wp-json\/wp\/v2\/types\/product"}],"replies":[{"embeddable":true,"href":"https:\/\/teiaeducation.ch\/fr\/wp-json\/wp\/v2\/comments?post=51872"}],"wp:featuredmedia":[{"embeddable":true,"href":"https:\/\/teiaeducation.ch\/fr\/wp-json\/wp\/v2\/media\/34272"}],"wp:attachment":[{"href":"https:\/\/teiaeducation.ch\/fr\/wp-json\/wp\/v2\/media?parent=51872"}],"wp:term":[{"taxonomy":"product_brand","embeddable":true,"href":"https:\/\/teiaeducation.ch\/fr\/wp-json\/wp\/v2\/product_brand?post=51872"},{"taxonomy":"product_cat","embeddable":true,"href":"https:\/\/teiaeducation.ch\/fr\/wp-json\/wp\/v2\/product_cat?post=51872"},{"taxonomy":"product_tag","embeddable":true,"href":"https:\/\/teiaeducation.ch\/fr\/wp-json\/wp\/v2\/product_tag?post=51872"}],"curies":[{"name":"wp","href":"https:\/\/api.w.org\/{rel}","templated":true}]}}