{"id":51873,"date":"2021-03-11T10:29:23","date_gmt":"2021-03-11T09:29:23","guid":{"rendered":"https:\/\/teiaeducation.ch\/product\/loupe-mega-10-safari-ltd\/"},"modified":"2025-12-18T16:04:37","modified_gmt":"2025-12-18T15:04:37","slug":"loupe-mega-10-safari-ltd","status":"publish","type":"product","link":"https:\/\/teiaeducation.ch\/fr\/produit\/loupe-mega-10-safari-ltd\/","title":{"rendered":"Loupe Mega-10 &#8211; Safari Ltd"},"content":{"rendered":"<p>La loupe mega-10 de Safari fait partie de la collection Safariology\u00ae et constitue un ajout pr\u00e9cieux \u00e0 la bo\u00eete \u00e0 outils de tout jeune explorateur ainsi qu&#8217;un <a href=\"https:\/\/teiaeducation.ch\/fr\/categorie-produit\/domaines-du-curriculum\/\">jouet \u00e9ducatif<\/a> Montessori pour \u00e0 la maison ou en <a href=\"https:\/\/teiaeducation.ch\/fr\/fournitures-scolaires\/\">classe<\/a> !<\/p>\n<p>L&#8217;ensemble contient une loupe dynamite et une pince \u00e0 \u00e9piler. Robuste et con\u00e7ue pour les petites mains, cette loupe est de format de poche et comprend des lentilles pour un grossissement de 4x et 10x. En plus de l&#8217;objectif traditionnel grand angle 4x, un objectif 9x \u00e0 focale \u00e9troite permet de r\u00e9aliser des gros plans extr\u00eames. Le jeu de pinces est parfait pour ramasser et maintenir en place les sp\u00e9cimens en mouvement.<\/p>\n<p>De haute qualit\u00e9 et durable, la loupe est un excellent outil p\u00e9dagogique et un jouet d&#8217;inspiration <a href=\"https:\/\/teiaeducation.ch\/fr\/categorie-produit\/jouer\/jouets-montessori\/\">Montessori<\/a>. Cet outil pratique soutient les le\u00e7ons de biologie, de <a href=\"https:\/\/teiaeducation.ch\/fr\/categorie-produit\/domaines-du-curriculum\/culture-sciences\/etudes-botaniques\/\">botanique<\/a>\u00a0et de <a href=\"https:\/\/teiaeducation.ch\/fr\/categorie-produit\/domaines-du-curriculum\/culture-sciences\/la-science\/\">sciences<\/a>. Cet ensemble constitue \u00e9galement une belle addition \u00e0 la bo\u00eete \u00e0 outils des jeunes explorateurs de la nature.<\/p>\n<p>La marque familiale am\u00e9ricaine <a href=\"https:\/\/teiaeducation.ch\/fr\/categorie-produit\/marques\/safari-jouets-figurines-animaux-fr\/\">Safari Ltd\u00ae<\/a> cr\u00e9e depuis plus de 30 ans des figurines <a href=\"https:\/\/teiaeducation.ch\/fr\/categorie-produit\/jouer\/animaux-fermes\/\">d\u2019animaux<\/a> merveilleusement r\u00e9alistes et des outils p\u00e9dagogiques. Leurs jouets durables, de haute qualit\u00e9 et fabriqu\u00e9s avec soin, sensibilisent les enfants \u00e0 l\u2019importance de la <a href=\"https:\/\/teiaeducation.ch\/fr\/categorie-produit\/jouer\/jeu-de-la-nature\/\">nature<\/a> et de la conservation par le biais de la joie du <a href=\"https:\/\/teiaeducation.ch\/fr\/categorie-produit\/jouer\/jeu-imaginatif-faire-semblant\/\">jeu imaginatif<\/a> et peuvent \u00eatre utilis\u00e9s de diverses mani\u00e8res.<\/p>\n<p>Tous les produits de Safari Ltd sont non toxiques, sans <a href=\"https:\/\/en.wikipedia.org\/wiki\/Bisphenol_A\">BPA<\/a>, sans plomb et sans phtalates. Ils sont rigoureusement test\u00e9s en termes de s\u00e9curit\u00e9, passant et d\u00e9passant toutes les r\u00e9glementations et normes de test mondiales. La marque utilise des emballages respectueux de l\u2019environnement, notamment du papier recycl\u00e9 et recyclable sans rev\u00eatement UV, et s\u2019efforce d\u2019appliquer des pratiques commerciales \u00e9cologiques tout au long de la production.<\/p>\n<p>La loupe Mega-10 est non toxique, sans BPA et convient aux enfants de 3 ans et plus.<\/p>\n<p>Contenu:<\/p>\n<p>1 loupe<br \/>\n1 pince<\/p>\n","protected":false},"excerpt":{"rendered":"<p>Num\u00e9ro d&#8217;article: S622116<\/p>\n<p>La loupe m\u00e9ga-10 de Safari est un ajout pr\u00e9cieux \u00e0 la bo\u00eete \u00e0 outils de tout jeune explorateur ainsi qu&#8217;un jouet \u00e9ducatif Montessori !<\/p>\n","protected":false},"featured_media":34269,"comment_status":"open","ping_status":"closed","template":"","meta":[],"product_brand":[],"product_cat":[8527,215,8580,216,16898,23635,18893,22344,284,283,593,8526,16897,21257,18913,13130,23132,22181,1220,23650,763,7595,1218,217,5851,18967,212],"product_tag":[19419,19425,19417,19418,19416,24513,24512,24515,24514,19421,8132,19420,19415,19424,19422,19423],"class_list":{"0":"post-51873","1":"product","2":"type-product","3":"status-publish","4":"has-post-thumbnail","6":"product_cat-3-6-ans-ecole-a-domicile","7":"product_cat-3-6-ans","8":"product_cat-6-12-ans-ecole-a-domicile","9":"product_cat-6-12-ans","10":"product_cat-collection-automne","11":"product_cat-collection-dete","12":"product_cat-collection-printemps","13":"product_cat-collections-saisonnieres","14":"product_cat-culture-sciences","15":"product_cat-domaines-du-curriculum","16":"product_cat-etudes-botaniques","17":"product_cat-fournitures-scolaires-a-domicile","18":"product_cat-guide-cadeau-6-12-ans","19":"product_cat-guides-cadeaux","20":"product_cat-jeu-de-la-nature","21":"product_cat-jouer","22":"product_cat-jouets-de-plein-air","23":"product_cat-jouets-montessori","24":"product_cat-traditionnelle","25":"product_cat-la-rentree-scolaire","26":"product_cat-la-science","27":"product_cat-methode-deducation","28":"product_cat-montessori-fr","29":"product_cat-marques","30":"product_cat-nouveautes","31":"product_cat-safari-jouets-figurines-animaux-fr","32":"product_cat-tranche-dage","33":"product_tag-figures-danimaux-non-toxiques","34":"product_tag-jouet-oiseaux-damerique-du-nord","35":"product_tag-jouets-dapprentissage","36":"product_tag-jouets-non-toxiques","37":"product_tag-jouets-sans-bisphenol-a","38":"product_tag-loupe-boite-a-outils-de-lexplorateur","39":"product_tag-loupe-jouet-educatif-montessori","40":"product_tag-loupe-mega-10-safari-fr","41":"product_tag-loupe-mega-10-safari","42":"product_tag-modeles-doiseaux-realistes","43":"product_tag-montessori-jouets","44":"product_tag-montessori-zoologie-jouets","45":"product_tag-safari-jouets","46":"product_tag-safari-oiseaux","47":"product_tag-safari-toob-fr","48":"product_tag-safari-toob-oiseaux-de-la-cour","50":"first","51":"instock","52":"taxable","53":"shipping-taxable","54":"purchasable","55":"product-type-simple"},"yoast_head":"<!-- This site is optimized with the Yoast SEO plugin v27.3 - https:\/\/yoast.com\/product\/yoast-seo-wordpress\/ -->\n<title>Loupe Mega-10 - Safari Ltd - Teia Education &amp; Play<\/title>\n<meta name=\"description\" content=\"La loupe m\u00e9ga-10 de Safari est un ajout pr\u00e9cieux \u00e0 la bo\u00eete \u00e0 outils de tout jeune explorateur ainsi qu&#039;un jouet \u00e9ducatif Montessori !\" \/>\n<meta name=\"robots\" content=\"index, follow, max-snippet:-1, max-image-preview:large, max-video-preview:-1\" \/>\n<link rel=\"canonical\" href=\"https:\/\/teiaeducation.ch\/fr\/produit\/loupe-mega-10-safari-ltd\/\" \/>\n<meta property=\"og:locale\" content=\"fr_FR\" \/>\n<meta property=\"og:type\" content=\"article\" \/>\n<meta property=\"og:title\" content=\"Loupe Mega-10 - Safari Ltd - Teia Education &amp; Play\" \/>\n<meta property=\"og:description\" content=\"La loupe m\u00e9ga-10 de Safari est un ajout pr\u00e9cieux \u00e0 la bo\u00eete \u00e0 outils de tout jeune explorateur ainsi qu&#039;un jouet \u00e9ducatif Montessori !\" \/>\n<meta property=\"og:url\" content=\"https:\/\/teiaeducation.ch\/fr\/produit\/loupe-mega-10-safari-ltd\/\" \/>\n<meta property=\"og:site_name\" content=\"Sustainable Educational Products &amp; Ecological Toys\u00a0\" \/>\n<meta property=\"article:publisher\" content=\"https:\/\/www.facebook.com\/teiaeducation\/\" \/>\n<meta property=\"article:modified_time\" content=\"2025-12-18T15:04:37+00:00\" \/>\n<meta property=\"og:image\" content=\"https:\/\/teiaeducation.ch\/wp-content\/uploads\/2021\/03\/Mega-10-Magnifier-Magnifying-glass-for-the-explorers-toolkit-Montessori-learning-toy-Safari-Ltd.jpg\" \/>\n\t<meta property=\"og:image:width\" content=\"1000\" \/>\n\t<meta property=\"og:image:height\" content=\"1000\" \/>\n\t<meta property=\"og:image:type\" content=\"image\/jpeg\" \/>\n<script type=\"application\/ld+json\" class=\"yoast-schema-graph\">{\"@context\":\"https:\\\/\\\/schema.org\",\"@graph\":[{\"@type\":\"WebPage\",\"@id\":\"https:\\\/\\\/teiaeducation.ch\\\/fr\\\/produit\\\/loupe-mega-10-safari-ltd\\\/\",\"url\":\"https:\\\/\\\/teiaeducation.ch\\\/fr\\\/produit\\\/loupe-mega-10-safari-ltd\\\/\",\"name\":\"Loupe Mega-10 - Safari Ltd - Teia Education & Play\",\"isPartOf\":{\"@id\":\"https:\\\/\\\/teiaeducation.ch\\\/fr\\\/#website\"},\"primaryImageOfPage\":{\"@id\":\"https:\\\/\\\/teiaeducation.ch\\\/fr\\\/produit\\\/loupe-mega-10-safari-ltd\\\/#primaryimage\"},\"image\":{\"@id\":\"https:\\\/\\\/teiaeducation.ch\\\/fr\\\/produit\\\/loupe-mega-10-safari-ltd\\\/#primaryimage\"},\"thumbnailUrl\":\"https:\\\/\\\/teiaeducation.ch\\\/wp-content\\\/uploads\\\/2021\\\/03\\\/Mega-10-Magnifier-Magnifying-glass-for-the-explorers-toolkit-Montessori-learning-toy-Safari-Ltd.jpg\",\"datePublished\":\"2021-03-11T09:29:23+00:00\",\"dateModified\":\"2025-12-18T15:04:37+00:00\",\"description\":\"La loupe m\u00e9ga-10 de Safari est un ajout pr\u00e9cieux \u00e0 la bo\u00eete \u00e0 outils de tout jeune explorateur ainsi qu'un jouet \u00e9ducatif Montessori !\",\"breadcrumb\":{\"@id\":\"https:\\\/\\\/teiaeducation.ch\\\/fr\\\/produit\\\/loupe-mega-10-safari-ltd\\\/#breadcrumb\"},\"inLanguage\":\"fr-FR\",\"potentialAction\":[{\"@type\":\"ReadAction\",\"target\":[\"https:\\\/\\\/teiaeducation.ch\\\/fr\\\/produit\\\/loupe-mega-10-safari-ltd\\\/\"]}]},{\"@type\":\"ImageObject\",\"inLanguage\":\"fr-FR\",\"@id\":\"https:\\\/\\\/teiaeducation.ch\\\/fr\\\/produit\\\/loupe-mega-10-safari-ltd\\\/#primaryimage\",\"url\":\"https:\\\/\\\/teiaeducation.ch\\\/wp-content\\\/uploads\\\/2021\\\/03\\\/Mega-10-Magnifier-Magnifying-glass-for-the-explorers-toolkit-Montessori-learning-toy-Safari-Ltd.jpg\",\"contentUrl\":\"https:\\\/\\\/teiaeducation.ch\\\/wp-content\\\/uploads\\\/2021\\\/03\\\/Mega-10-Magnifier-Magnifying-glass-for-the-explorers-toolkit-Montessori-learning-toy-Safari-Ltd.jpg\",\"width\":1000,\"height\":1000,\"caption\":\"Mega-10 Loupe pour la bo\u00eete \u00e0 outils de l'explorateur jouet \u00e9ducatif Montessori - Safari Ltd\"},{\"@type\":\"BreadcrumbList\",\"@id\":\"https:\\\/\\\/teiaeducation.ch\\\/fr\\\/produit\\\/loupe-mega-10-safari-ltd\\\/#breadcrumb\",\"itemListElement\":[{\"@type\":\"ListItem\",\"position\":1,\"name\":\"Home\",\"item\":\"https:\\\/\\\/teiaeducation.ch\\\/fr\\\/\"},{\"@type\":\"ListItem\",\"position\":2,\"name\":\"Boutique Teia Education &amp; Play\",\"item\":\"https:\\\/\\\/teiaeducation.ch\\\/fr\\\/boutique\\\/\"},{\"@type\":\"ListItem\",\"position\":3,\"name\":\"Domaines du Curriculum\",\"item\":\"https:\\\/\\\/teiaeducation.ch\\\/fr\\\/categorie-produit\\\/domaines-du-curriculum\\\/\"},{\"@type\":\"ListItem\",\"position\":4,\"name\":\"Culture &amp; Sciences\",\"item\":\"https:\\\/\\\/teiaeducation.ch\\\/fr\\\/categorie-produit\\\/domaines-du-curriculum\\\/culture-sciences\\\/\"},{\"@type\":\"ListItem\",\"position\":5,\"name\":\"\u00c9tudes Botaniques\",\"item\":\"https:\\\/\\\/teiaeducation.ch\\\/fr\\\/categorie-produit\\\/domaines-du-curriculum\\\/culture-sciences\\\/etudes-botaniques\\\/\"},{\"@type\":\"ListItem\",\"position\":6,\"name\":\"Loupe Mega-10 &#8211; Safari Ltd\"}]},{\"@type\":\"WebSite\",\"@id\":\"https:\\\/\\\/teiaeducation.ch\\\/fr\\\/#website\",\"url\":\"https:\\\/\\\/teiaeducation.ch\\\/fr\\\/\",\"name\":\"Sustainable Educational Products &amp; Ecological Toys\u00a0\",\"description\":\"Specialised Swiss shop selling sustainable educational toys and games, AMI certified Montessori materials, handmade ecological wooden Waldorf toys and arts &amp; crafts supplies, school supplies, children&#039;s furniture and Montessori reference and parenting books.\",\"publisher\":{\"@id\":\"https:\\\/\\\/teiaeducation.ch\\\/fr\\\/#organization\"},\"alternateName\":\"Teia Education & Play\",\"potentialAction\":[{\"@type\":\"SearchAction\",\"target\":{\"@type\":\"EntryPoint\",\"urlTemplate\":\"https:\\\/\\\/teiaeducation.ch\\\/fr\\\/?s={search_term_string}\"},\"query-input\":{\"@type\":\"PropertyValueSpecification\",\"valueRequired\":true,\"valueName\":\"search_term_string\"}}],\"inLanguage\":\"fr-FR\"},{\"@type\":\"Organization\",\"@id\":\"https:\\\/\\\/teiaeducation.ch\\\/fr\\\/#organization\",\"name\":\"Teia Education & Play\",\"url\":\"https:\\\/\\\/teiaeducation.ch\\\/fr\\\/\",\"logo\":{\"@type\":\"ImageObject\",\"inLanguage\":\"fr-FR\",\"@id\":\"https:\\\/\\\/teiaeducation.ch\\\/fr\\\/#\\\/schema\\\/logo\\\/image\\\/\",\"url\":\"https:\\\/\\\/teiaeducation.ch\\\/wp-content\\\/uploads\\\/2020\\\/11\\\/Teia-Education-Switzerland-e1620156442216.jpg\",\"contentUrl\":\"https:\\\/\\\/teiaeducation.ch\\\/wp-content\\\/uploads\\\/2020\\\/11\\\/Teia-Education-Switzerland-e1620156442216.jpg\",\"width\":166,\"height\":145,\"caption\":\"Teia Education & Play\"},\"image\":{\"@id\":\"https:\\\/\\\/teiaeducation.ch\\\/fr\\\/#\\\/schema\\\/logo\\\/image\\\/\"},\"sameAs\":[\"https:\\\/\\\/www.facebook.com\\\/teiaeducation\\\/\",\"https:\\\/\\\/x.com\\\/EducationTeia\",\"https:\\\/\\\/www.instagram.com\\\/teia.education\\\/\",\"https:\\\/\\\/www.linkedin.com\\\/company\\\/35501660\",\"https:\\\/\\\/www.pinterest.ch\\\/TeiaEducation\\\/\"]}]}<\/script>\n<!-- \/ Yoast SEO plugin. -->","yoast_head_json":{"title":"Loupe Mega-10 - Safari Ltd - Teia Education & Play","description":"La loupe m\u00e9ga-10 de Safari est un ajout pr\u00e9cieux \u00e0 la bo\u00eete \u00e0 outils de tout jeune explorateur ainsi qu'un jouet \u00e9ducatif Montessori !","robots":{"index":"index","follow":"follow","max-snippet":"max-snippet:-1","max-image-preview":"max-image-preview:large","max-video-preview":"max-video-preview:-1"},"canonical":"https:\/\/teiaeducation.ch\/fr\/produit\/loupe-mega-10-safari-ltd\/","og_locale":"fr_FR","og_type":"article","og_title":"Loupe Mega-10 - Safari Ltd - Teia Education & Play","og_description":"La loupe m\u00e9ga-10 de Safari est un ajout pr\u00e9cieux \u00e0 la bo\u00eete \u00e0 outils de tout jeune explorateur ainsi qu'un jouet \u00e9ducatif Montessori !","og_url":"https:\/\/teiaeducation.ch\/fr\/produit\/loupe-mega-10-safari-ltd\/","og_site_name":"Sustainable Educational Products &amp; Ecological Toys\u00a0","article_publisher":"https:\/\/www.facebook.com\/teiaeducation\/","article_modified_time":"2025-12-18T15:04:37+00:00","og_image":[{"width":1000,"height":1000,"url":"https:\/\/teiaeducation.ch\/wp-content\/uploads\/2021\/03\/Mega-10-Magnifier-Magnifying-glass-for-the-explorers-toolkit-Montessori-learning-toy-Safari-Ltd.jpg","type":"image\/jpeg"}],"schema":{"@context":"https:\/\/schema.org","@graph":[{"@type":"WebPage","@id":"https:\/\/teiaeducation.ch\/fr\/produit\/loupe-mega-10-safari-ltd\/","url":"https:\/\/teiaeducation.ch\/fr\/produit\/loupe-mega-10-safari-ltd\/","name":"Loupe Mega-10 - Safari Ltd - Teia Education & Play","isPartOf":{"@id":"https:\/\/teiaeducation.ch\/fr\/#website"},"primaryImageOfPage":{"@id":"https:\/\/teiaeducation.ch\/fr\/produit\/loupe-mega-10-safari-ltd\/#primaryimage"},"image":{"@id":"https:\/\/teiaeducation.ch\/fr\/produit\/loupe-mega-10-safari-ltd\/#primaryimage"},"thumbnailUrl":"https:\/\/teiaeducation.ch\/wp-content\/uploads\/2021\/03\/Mega-10-Magnifier-Magnifying-glass-for-the-explorers-toolkit-Montessori-learning-toy-Safari-Ltd.jpg","datePublished":"2021-03-11T09:29:23+00:00","dateModified":"2025-12-18T15:04:37+00:00","description":"La loupe m\u00e9ga-10 de Safari est un ajout pr\u00e9cieux \u00e0 la bo\u00eete \u00e0 outils de tout jeune explorateur ainsi qu'un jouet \u00e9ducatif Montessori !","breadcrumb":{"@id":"https:\/\/teiaeducation.ch\/fr\/produit\/loupe-mega-10-safari-ltd\/#breadcrumb"},"inLanguage":"fr-FR","potentialAction":[{"@type":"ReadAction","target":["https:\/\/teiaeducation.ch\/fr\/produit\/loupe-mega-10-safari-ltd\/"]}]},{"@type":"ImageObject","inLanguage":"fr-FR","@id":"https:\/\/teiaeducation.ch\/fr\/produit\/loupe-mega-10-safari-ltd\/#primaryimage","url":"https:\/\/teiaeducation.ch\/wp-content\/uploads\/2021\/03\/Mega-10-Magnifier-Magnifying-glass-for-the-explorers-toolkit-Montessori-learning-toy-Safari-Ltd.jpg","contentUrl":"https:\/\/teiaeducation.ch\/wp-content\/uploads\/2021\/03\/Mega-10-Magnifier-Magnifying-glass-for-the-explorers-toolkit-Montessori-learning-toy-Safari-Ltd.jpg","width":1000,"height":1000,"caption":"Mega-10 Loupe pour la bo\u00eete \u00e0 outils de l'explorateur jouet \u00e9ducatif Montessori - Safari Ltd"},{"@type":"BreadcrumbList","@id":"https:\/\/teiaeducation.ch\/fr\/produit\/loupe-mega-10-safari-ltd\/#breadcrumb","itemListElement":[{"@type":"ListItem","position":1,"name":"Home","item":"https:\/\/teiaeducation.ch\/fr\/"},{"@type":"ListItem","position":2,"name":"Boutique Teia Education &amp; Play","item":"https:\/\/teiaeducation.ch\/fr\/boutique\/"},{"@type":"ListItem","position":3,"name":"Domaines du Curriculum","item":"https:\/\/teiaeducation.ch\/fr\/categorie-produit\/domaines-du-curriculum\/"},{"@type":"ListItem","position":4,"name":"Culture &amp; Sciences","item":"https:\/\/teiaeducation.ch\/fr\/categorie-produit\/domaines-du-curriculum\/culture-sciences\/"},{"@type":"ListItem","position":5,"name":"\u00c9tudes Botaniques","item":"https:\/\/teiaeducation.ch\/fr\/categorie-produit\/domaines-du-curriculum\/culture-sciences\/etudes-botaniques\/"},{"@type":"ListItem","position":6,"name":"Loupe Mega-10 &#8211; Safari Ltd"}]},{"@type":"WebSite","@id":"https:\/\/teiaeducation.ch\/fr\/#website","url":"https:\/\/teiaeducation.ch\/fr\/","name":"Sustainable Educational Products &amp; Ecological Toys\u00a0","description":"Specialised Swiss shop selling sustainable educational toys and games, AMI certified Montessori materials, handmade ecological wooden Waldorf toys and arts &amp; crafts supplies, school supplies, children&#039;s furniture and Montessori reference and parenting books.","publisher":{"@id":"https:\/\/teiaeducation.ch\/fr\/#organization"},"alternateName":"Teia Education & Play","potentialAction":[{"@type":"SearchAction","target":{"@type":"EntryPoint","urlTemplate":"https:\/\/teiaeducation.ch\/fr\/?s={search_term_string}"},"query-input":{"@type":"PropertyValueSpecification","valueRequired":true,"valueName":"search_term_string"}}],"inLanguage":"fr-FR"},{"@type":"Organization","@id":"https:\/\/teiaeducation.ch\/fr\/#organization","name":"Teia Education & Play","url":"https:\/\/teiaeducation.ch\/fr\/","logo":{"@type":"ImageObject","inLanguage":"fr-FR","@id":"https:\/\/teiaeducation.ch\/fr\/#\/schema\/logo\/image\/","url":"https:\/\/teiaeducation.ch\/wp-content\/uploads\/2020\/11\/Teia-Education-Switzerland-e1620156442216.jpg","contentUrl":"https:\/\/teiaeducation.ch\/wp-content\/uploads\/2020\/11\/Teia-Education-Switzerland-e1620156442216.jpg","width":166,"height":145,"caption":"Teia Education & Play"},"image":{"@id":"https:\/\/teiaeducation.ch\/fr\/#\/schema\/logo\/image\/"},"sameAs":["https:\/\/www.facebook.com\/teiaeducation\/","https:\/\/x.com\/EducationTeia","https:\/\/www.instagram.com\/teia.education\/","https:\/\/www.linkedin.com\/company\/35501660","https:\/\/www.pinterest.ch\/TeiaEducation\/"]}]}},"_links":{"self":[{"href":"https:\/\/teiaeducation.ch\/fr\/wp-json\/wp\/v2\/product\/51873","targetHints":{"allow":["GET"]}}],"collection":[{"href":"https:\/\/teiaeducation.ch\/fr\/wp-json\/wp\/v2\/product"}],"about":[{"href":"https:\/\/teiaeducation.ch\/fr\/wp-json\/wp\/v2\/types\/product"}],"replies":[{"embeddable":true,"href":"https:\/\/teiaeducation.ch\/fr\/wp-json\/wp\/v2\/comments?post=51873"}],"wp:featuredmedia":[{"embeddable":true,"href":"https:\/\/teiaeducation.ch\/fr\/wp-json\/wp\/v2\/media\/34269"}],"wp:attachment":[{"href":"https:\/\/teiaeducation.ch\/fr\/wp-json\/wp\/v2\/media?parent=51873"}],"wp:term":[{"taxonomy":"product_brand","embeddable":true,"href":"https:\/\/teiaeducation.ch\/fr\/wp-json\/wp\/v2\/product_brand?post=51873"},{"taxonomy":"product_cat","embeddable":true,"href":"https:\/\/teiaeducation.ch\/fr\/wp-json\/wp\/v2\/product_cat?post=51873"},{"taxonomy":"product_tag","embeddable":true,"href":"https:\/\/teiaeducation.ch\/fr\/wp-json\/wp\/v2\/product_tag?post=51873"}],"curies":[{"name":"wp","href":"https:\/\/api.w.org\/{rel}","templated":true}]}}