{"id":52180,"date":"2023-03-10T11:11:20","date_gmt":"2023-03-10T10:11:20","guid":{"rendered":"https:\/\/teiaeducation.ch\/?post_type=product&#038;p=52180"},"modified":"2023-03-10T14:18:07","modified_gmt":"2023-03-10T13:18:07","slug":"voiture-de-police-bajo","status":"publish","type":"product","link":"https:\/\/teiaeducation.ch\/fr\/produit\/voiture-de-police-bajo\/","title":{"rendered":"Voiture de police &#8211; Bajo"},"content":{"rendered":"<p>La petite voiture de police de Bajo est un <a href=\"https:\/\/teiaeducation.ch\/fr\/categorie-produit\/jouer\/voitures-vehicules\/\">v\u00e9hicule<\/a> jouet en bois durable, magnifiquement con\u00e7u et fait \u00e0 la main. Cette belle voiture en bois a une simplicit\u00e9 de style <a href=\"https:\/\/teiaeducation.ch\/fr\/categorie-produit\/jouer\/jouets-waldorf\/\">Waldorf<\/a> et est facile \u00e0 saisir pour les petites mains, ce qui en fait un v\u00e9hicule amusant. La voiture est un parfait petit jouet automobile de cette merveilleuse marque \u00e9cologique !<\/p>\n<p>R\u00e9alis\u00e9e en Pologne \u00e0 partir de bois europ\u00e9en massif et durable, cette jolie voiture de police a \u00e9t\u00e9 peinte dans une magnifique couleur argent\u00e9e scintillante avec des touches de bleu fonc\u00e9, \u00e0 l&#8217;aide d&#8217;une peinture non toxique \u00e0 base d&#8217;eau et d&#8217;une finition \u00e0 l&#8217;huile naturelle sur les roues afin de laisser transpara\u00eetre la beaut\u00e9 du bois. Elle mesure 9 x 5 x 6cm.<\/p>\n<p>Les <a href=\"https:\/\/teiaeducation.ch\/fr\/categorie-produit\/jouer\/jouets-en-bois\/\">jouets<\/a> en bois innovants et de haute qualit\u00e9 de la marque polonaise Bajo sont tous fabriqu\u00e9s de mani\u00e8re durable en Pologne. Leurs produits prim\u00e9s sont tous conformes aux crit\u00e8res europ\u00e9ens de s\u00e9curit\u00e9 EN71 pour les jouets en bois et seuls des mat\u00e9riaux soigneusement s\u00e9lectionn\u00e9s de la plus haute qualit\u00e9 provenant de fournisseurs locaux certifi\u00e9s sont utilis\u00e9s. Seules les peintures europ\u00e9ennes pour bois, \u00e0 base d\u2019eau et non toxiques, conformes \u00e0 la norme \u00e9cologique, sont utilis\u00e9es pour fabriquer et finir \u00e0 la main les jouets et les meubles.<\/p>\n<p>En harmonie avec la p\u00e9dagogie Waldorf, <a href=\"https:\/\/teiaeducation.ch\/fr\/categorie-produit\/marques\/bajo-fr\/\">Bajo<\/a> croit que le contact avec le bois et sa chaleur est crucial dans la formation de la conscience environnementale et que les jouets en bois transmettent l\u2019amour pour la <a href=\"https:\/\/teiaeducation.ch\/fr\/categorie-produit\/jouer\/jeu-de-la-nature\/\">nature<\/a> d\u2019une mani\u00e8re parfaite.<\/p>\n<p>La voiture de police Bajo convient aux enfants \u00e2g\u00e9s de 2 mois et plus.<\/p>\n<p>Contenu:<\/p>\n<p>1 voiture de police en bois<\/p>\n","protected":false},"excerpt":{"rendered":"<p>Num\u00e9ro d&#8217;article: 43.42710b<\/p>\n<p>La voiture de police de Bajo est un jouet en bois durable adapt\u00e9 aux b\u00e9b\u00e9s, con\u00e7u et fait \u00e0 la main, et fini avec de la peinture s\u00fbre et non toxique.<\/p>\n","protected":false},"featured_media":52182,"comment_status":"open","ping_status":"closed","template":"","meta":[],"product_brand":[],"product_cat":[208,215,17207,18893,22344,17243,21257,22421,13130,23020,23021,13142,217,5851,212,17236],"product_tag":[24638,17895,24637,17988,24640,17986,17936,17987,17991,17992,24639,17990,17993,17989,17994],"class_list":{"0":"post-52180","1":"product","2":"type-product","3":"status-publish","4":"has-post-thumbnail","6":"product_cat-1-3-ans","7":"product_cat-3-6-ans","8":"product_cat-bajo-fr","9":"product_cat-collection-printemps","10":"product_cat-collections-saisonnieres","11":"product_cat-guide-cadeaux-0-12-mois","12":"product_cat-guides-cadeaux","13":"product_cat-idees-cadeaux-pour-paques","14":"product_cat-jouer","15":"product_cat-jouets-en-bois","16":"product_cat-jouets-waldorf","17":"product_cat-jeu-sensoriel","18":"product_cat-marques","19":"product_cat-nouveautes","20":"product_cat-tranche-dage","21":"product_cat-voitures-vehicules","22":"product_tag-bajo-petite-voiture-de-police","23":"product_tag-bajo-suisse-fr","24":"product_tag-bajo-voiture-de-police","25":"product_tag-bajo-voiture-en-bois","26":"product_tag-jouet-voiture-de-police-en-bois","27":"product_tag-jouets-en-bois-waldorf-fr","28":"product_tag-vehicule-jouet-en-bois","29":"product_tag-vehicule-jouet-en-bois-durable-fait-a-la-main","30":"product_tag-vehicules-jouets-durables","31":"product_tag-vehicules-jouets-en-bois","32":"product_tag-voiture-de-police-bois-massif","33":"product_tag-voiture-ecologique-en-bois","34":"product_tag-voiture-en-bois-fabriquee-en-europe","35":"product_tag-voiture-jouet-de-bajo","36":"product_tag-waldorf-voiture-jouet","38":"first","39":"instock","40":"taxable","41":"shipping-taxable","42":"purchasable","43":"product-type-simple"},"yoast_head":"<!-- This site is optimized with the Yoast SEO plugin v27.1.1 - https:\/\/yoast.com\/product\/yoast-seo-wordpress\/ -->\n<title>Voiture de police - Bajo - Teia Education &amp; Play<\/title>\n<meta name=\"description\" content=\"La voiture de police de Bajo est un jouet en bois durable adapt\u00e9 aux b\u00e9b\u00e9s, con\u00e7u et fait \u00e0 la main, et fini avec de la peinture s\u00fbre et non toxique.\" \/>\n<meta name=\"robots\" content=\"index, follow, max-snippet:-1, max-image-preview:large, max-video-preview:-1\" \/>\n<link rel=\"canonical\" href=\"https:\/\/teiaeducation.ch\/fr\/produit\/voiture-de-police-bajo\/\" \/>\n<meta property=\"og:locale\" content=\"fr_FR\" \/>\n<meta property=\"og:type\" content=\"article\" \/>\n<meta property=\"og:title\" content=\"Voiture de police - Bajo - Teia Education &amp; Play\" \/>\n<meta property=\"og:description\" content=\"La voiture de police de Bajo est un jouet en bois durable adapt\u00e9 aux b\u00e9b\u00e9s, con\u00e7u et fait \u00e0 la main, et fini avec de la peinture s\u00fbre et non toxique.\" \/>\n<meta property=\"og:url\" content=\"https:\/\/teiaeducation.ch\/fr\/produit\/voiture-de-police-bajo\/\" \/>\n<meta property=\"og:site_name\" content=\"Sustainable Educational Products &amp; Ecological Toys\u00a0\" \/>\n<meta property=\"article:publisher\" content=\"https:\/\/www.facebook.com\/teiaeducation\/\" \/>\n<meta property=\"article:modified_time\" content=\"2023-03-10T13:18:07+00:00\" \/>\n<meta property=\"og:image\" content=\"https:\/\/teiaeducation.ch\/wp-content\/uploads\/2023\/03\/Police-car-Handmade-sustainable-wooden-toy-vehicle-Bajo.jpg\" \/>\n\t<meta property=\"og:image:width\" content=\"800\" \/>\n\t<meta property=\"og:image:height\" content=\"800\" \/>\n\t<meta property=\"og:image:type\" content=\"image\/jpeg\" \/>\n<script type=\"application\/ld+json\" class=\"yoast-schema-graph\">{\"@context\":\"https:\/\/schema.org\",\"@graph\":[{\"@type\":\"WebPage\",\"@id\":\"https:\/\/teiaeducation.ch\/fr\/produit\/voiture-de-police-bajo\/\",\"url\":\"https:\/\/teiaeducation.ch\/fr\/produit\/voiture-de-police-bajo\/\",\"name\":\"Voiture de police - Bajo - Teia Education & Play\",\"isPartOf\":{\"@id\":\"https:\/\/teiaeducation.ch\/fr\/#website\"},\"primaryImageOfPage\":{\"@id\":\"https:\/\/teiaeducation.ch\/fr\/produit\/voiture-de-police-bajo\/#primaryimage\"},\"image\":{\"@id\":\"https:\/\/teiaeducation.ch\/fr\/produit\/voiture-de-police-bajo\/#primaryimage\"},\"thumbnailUrl\":\"https:\/\/teiaeducation.ch\/wp-content\/uploads\/2023\/03\/Police-car-Handmade-sustainable-wooden-toy-vehicle-Bajo.jpg\",\"datePublished\":\"2023-03-10T10:11:20+00:00\",\"dateModified\":\"2023-03-10T13:18:07+00:00\",\"description\":\"La voiture de police de Bajo est un jouet en bois durable adapt\u00e9 aux b\u00e9b\u00e9s, con\u00e7u et fait \u00e0 la main, et fini avec de la peinture s\u00fbre et non toxique.\",\"breadcrumb\":{\"@id\":\"https:\/\/teiaeducation.ch\/fr\/produit\/voiture-de-police-bajo\/#breadcrumb\"},\"inLanguage\":\"fr-FR\",\"potentialAction\":[{\"@type\":\"ReadAction\",\"target\":[\"https:\/\/teiaeducation.ch\/fr\/produit\/voiture-de-police-bajo\/\"]}]},{\"@type\":\"ImageObject\",\"inLanguage\":\"fr-FR\",\"@id\":\"https:\/\/teiaeducation.ch\/fr\/produit\/voiture-de-police-bajo\/#primaryimage\",\"url\":\"https:\/\/teiaeducation.ch\/wp-content\/uploads\/2023\/03\/Police-car-Handmade-sustainable-wooden-toy-vehicle-Bajo.jpg\",\"contentUrl\":\"https:\/\/teiaeducation.ch\/wp-content\/uploads\/2023\/03\/Police-car-Handmade-sustainable-wooden-toy-vehicle-Bajo.jpg\",\"width\":800,\"height\":800,\"caption\":\"Voiture de police Bajo\"},{\"@type\":\"BreadcrumbList\",\"@id\":\"https:\/\/teiaeducation.ch\/fr\/produit\/voiture-de-police-bajo\/#breadcrumb\",\"itemListElement\":[{\"@type\":\"ListItem\",\"position\":1,\"name\":\"Home\",\"item\":\"https:\/\/teiaeducation.ch\/fr\/\"},{\"@type\":\"ListItem\",\"position\":2,\"name\":\"Boutique Teia Education &amp; Play\",\"item\":\"https:\/\/teiaeducation.ch\/fr\/boutique\/\"},{\"@type\":\"ListItem\",\"position\":3,\"name\":\"Nos Marques\",\"item\":\"https:\/\/teiaeducation.ch\/fr\/categorie-produit\/marques\/\"},{\"@type\":\"ListItem\",\"position\":4,\"name\":\"Bajo\",\"item\":\"https:\/\/teiaeducation.ch\/fr\/categorie-produit\/marques\/bajo-fr\/\"},{\"@type\":\"ListItem\",\"position\":5,\"name\":\"Voiture de police &#8211; Bajo\"}]},{\"@type\":\"WebSite\",\"@id\":\"https:\/\/teiaeducation.ch\/fr\/#website\",\"url\":\"https:\/\/teiaeducation.ch\/fr\/\",\"name\":\"Sustainable Educational Products &amp; Ecological Toys\u00a0\",\"description\":\"Specialised Swiss shop selling sustainable educational toys and games, AMI certified Montessori materials, handmade ecological wooden Waldorf toys and arts &amp; crafts supplies, school supplies, children&#039;s furniture and Montessori reference and parenting books.\",\"publisher\":{\"@id\":\"https:\/\/teiaeducation.ch\/fr\/#organization\"},\"alternateName\":\"Teia Education & Play\",\"potentialAction\":[{\"@type\":\"SearchAction\",\"target\":{\"@type\":\"EntryPoint\",\"urlTemplate\":\"https:\/\/teiaeducation.ch\/fr\/?s={search_term_string}\"},\"query-input\":{\"@type\":\"PropertyValueSpecification\",\"valueRequired\":true,\"valueName\":\"search_term_string\"}}],\"inLanguage\":\"fr-FR\"},{\"@type\":\"Organization\",\"@id\":\"https:\/\/teiaeducation.ch\/fr\/#organization\",\"name\":\"Teia Education & Play\",\"url\":\"https:\/\/teiaeducation.ch\/fr\/\",\"logo\":{\"@type\":\"ImageObject\",\"inLanguage\":\"fr-FR\",\"@id\":\"https:\/\/teiaeducation.ch\/fr\/#\/schema\/logo\/image\/\",\"url\":\"https:\/\/teiaeducation.ch\/wp-content\/uploads\/2020\/11\/Teia-Education-Switzerland-e1620156442216.jpg\",\"contentUrl\":\"https:\/\/teiaeducation.ch\/wp-content\/uploads\/2020\/11\/Teia-Education-Switzerland-e1620156442216.jpg\",\"width\":166,\"height\":145,\"caption\":\"Teia Education & Play\"},\"image\":{\"@id\":\"https:\/\/teiaeducation.ch\/fr\/#\/schema\/logo\/image\/\"},\"sameAs\":[\"https:\/\/www.facebook.com\/teiaeducation\/\",\"https:\/\/x.com\/EducationTeia\",\"https:\/\/www.instagram.com\/teia.education\/\",\"https:\/\/www.linkedin.com\/company\/35501660\",\"https:\/\/www.pinterest.ch\/TeiaEducation\/\"]}]}<\/script>\n<!-- \/ Yoast SEO plugin. -->","yoast_head_json":{"title":"Voiture de police - Bajo - Teia Education & Play","description":"La voiture de police de Bajo est un jouet en bois durable adapt\u00e9 aux b\u00e9b\u00e9s, con\u00e7u et fait \u00e0 la main, et fini avec de la peinture s\u00fbre et non toxique.","robots":{"index":"index","follow":"follow","max-snippet":"max-snippet:-1","max-image-preview":"max-image-preview:large","max-video-preview":"max-video-preview:-1"},"canonical":"https:\/\/teiaeducation.ch\/fr\/produit\/voiture-de-police-bajo\/","og_locale":"fr_FR","og_type":"article","og_title":"Voiture de police - Bajo - Teia Education & Play","og_description":"La voiture de police de Bajo est un jouet en bois durable adapt\u00e9 aux b\u00e9b\u00e9s, con\u00e7u et fait \u00e0 la main, et fini avec de la peinture s\u00fbre et non toxique.","og_url":"https:\/\/teiaeducation.ch\/fr\/produit\/voiture-de-police-bajo\/","og_site_name":"Sustainable Educational Products &amp; Ecological Toys\u00a0","article_publisher":"https:\/\/www.facebook.com\/teiaeducation\/","article_modified_time":"2023-03-10T13:18:07+00:00","og_image":[{"width":800,"height":800,"url":"https:\/\/teiaeducation.ch\/wp-content\/uploads\/2023\/03\/Police-car-Handmade-sustainable-wooden-toy-vehicle-Bajo.jpg","type":"image\/jpeg"}],"schema":{"@context":"https:\/\/schema.org","@graph":[{"@type":"WebPage","@id":"https:\/\/teiaeducation.ch\/fr\/produit\/voiture-de-police-bajo\/","url":"https:\/\/teiaeducation.ch\/fr\/produit\/voiture-de-police-bajo\/","name":"Voiture de police - Bajo - Teia Education & Play","isPartOf":{"@id":"https:\/\/teiaeducation.ch\/fr\/#website"},"primaryImageOfPage":{"@id":"https:\/\/teiaeducation.ch\/fr\/produit\/voiture-de-police-bajo\/#primaryimage"},"image":{"@id":"https:\/\/teiaeducation.ch\/fr\/produit\/voiture-de-police-bajo\/#primaryimage"},"thumbnailUrl":"https:\/\/teiaeducation.ch\/wp-content\/uploads\/2023\/03\/Police-car-Handmade-sustainable-wooden-toy-vehicle-Bajo.jpg","datePublished":"2023-03-10T10:11:20+00:00","dateModified":"2023-03-10T13:18:07+00:00","description":"La voiture de police de Bajo est un jouet en bois durable adapt\u00e9 aux b\u00e9b\u00e9s, con\u00e7u et fait \u00e0 la main, et fini avec de la peinture s\u00fbre et non toxique.","breadcrumb":{"@id":"https:\/\/teiaeducation.ch\/fr\/produit\/voiture-de-police-bajo\/#breadcrumb"},"inLanguage":"fr-FR","potentialAction":[{"@type":"ReadAction","target":["https:\/\/teiaeducation.ch\/fr\/produit\/voiture-de-police-bajo\/"]}]},{"@type":"ImageObject","inLanguage":"fr-FR","@id":"https:\/\/teiaeducation.ch\/fr\/produit\/voiture-de-police-bajo\/#primaryimage","url":"https:\/\/teiaeducation.ch\/wp-content\/uploads\/2023\/03\/Police-car-Handmade-sustainable-wooden-toy-vehicle-Bajo.jpg","contentUrl":"https:\/\/teiaeducation.ch\/wp-content\/uploads\/2023\/03\/Police-car-Handmade-sustainable-wooden-toy-vehicle-Bajo.jpg","width":800,"height":800,"caption":"Voiture de police Bajo"},{"@type":"BreadcrumbList","@id":"https:\/\/teiaeducation.ch\/fr\/produit\/voiture-de-police-bajo\/#breadcrumb","itemListElement":[{"@type":"ListItem","position":1,"name":"Home","item":"https:\/\/teiaeducation.ch\/fr\/"},{"@type":"ListItem","position":2,"name":"Boutique Teia Education &amp; Play","item":"https:\/\/teiaeducation.ch\/fr\/boutique\/"},{"@type":"ListItem","position":3,"name":"Nos Marques","item":"https:\/\/teiaeducation.ch\/fr\/categorie-produit\/marques\/"},{"@type":"ListItem","position":4,"name":"Bajo","item":"https:\/\/teiaeducation.ch\/fr\/categorie-produit\/marques\/bajo-fr\/"},{"@type":"ListItem","position":5,"name":"Voiture de police &#8211; Bajo"}]},{"@type":"WebSite","@id":"https:\/\/teiaeducation.ch\/fr\/#website","url":"https:\/\/teiaeducation.ch\/fr\/","name":"Sustainable Educational Products &amp; Ecological Toys\u00a0","description":"Specialised Swiss shop selling sustainable educational toys and games, AMI certified Montessori materials, handmade ecological wooden Waldorf toys and arts &amp; crafts supplies, school supplies, children&#039;s furniture and Montessori reference and parenting books.","publisher":{"@id":"https:\/\/teiaeducation.ch\/fr\/#organization"},"alternateName":"Teia Education & Play","potentialAction":[{"@type":"SearchAction","target":{"@type":"EntryPoint","urlTemplate":"https:\/\/teiaeducation.ch\/fr\/?s={search_term_string}"},"query-input":{"@type":"PropertyValueSpecification","valueRequired":true,"valueName":"search_term_string"}}],"inLanguage":"fr-FR"},{"@type":"Organization","@id":"https:\/\/teiaeducation.ch\/fr\/#organization","name":"Teia Education & Play","url":"https:\/\/teiaeducation.ch\/fr\/","logo":{"@type":"ImageObject","inLanguage":"fr-FR","@id":"https:\/\/teiaeducation.ch\/fr\/#\/schema\/logo\/image\/","url":"https:\/\/teiaeducation.ch\/wp-content\/uploads\/2020\/11\/Teia-Education-Switzerland-e1620156442216.jpg","contentUrl":"https:\/\/teiaeducation.ch\/wp-content\/uploads\/2020\/11\/Teia-Education-Switzerland-e1620156442216.jpg","width":166,"height":145,"caption":"Teia Education & Play"},"image":{"@id":"https:\/\/teiaeducation.ch\/fr\/#\/schema\/logo\/image\/"},"sameAs":["https:\/\/www.facebook.com\/teiaeducation\/","https:\/\/x.com\/EducationTeia","https:\/\/www.instagram.com\/teia.education\/","https:\/\/www.linkedin.com\/company\/35501660","https:\/\/www.pinterest.ch\/TeiaEducation\/"]}]}},"_links":{"self":[{"href":"https:\/\/teiaeducation.ch\/fr\/wp-json\/wp\/v2\/product\/52180","targetHints":{"allow":["GET"]}}],"collection":[{"href":"https:\/\/teiaeducation.ch\/fr\/wp-json\/wp\/v2\/product"}],"about":[{"href":"https:\/\/teiaeducation.ch\/fr\/wp-json\/wp\/v2\/types\/product"}],"replies":[{"embeddable":true,"href":"https:\/\/teiaeducation.ch\/fr\/wp-json\/wp\/v2\/comments?post=52180"}],"wp:featuredmedia":[{"embeddable":true,"href":"https:\/\/teiaeducation.ch\/fr\/wp-json\/wp\/v2\/media\/52182"}],"wp:attachment":[{"href":"https:\/\/teiaeducation.ch\/fr\/wp-json\/wp\/v2\/media?parent=52180"}],"wp:term":[{"taxonomy":"product_brand","embeddable":true,"href":"https:\/\/teiaeducation.ch\/fr\/wp-json\/wp\/v2\/product_brand?post=52180"},{"taxonomy":"product_cat","embeddable":true,"href":"https:\/\/teiaeducation.ch\/fr\/wp-json\/wp\/v2\/product_cat?post=52180"},{"taxonomy":"product_tag","embeddable":true,"href":"https:\/\/teiaeducation.ch\/fr\/wp-json\/wp\/v2\/product_tag?post=52180"}],"curies":[{"name":"wp","href":"https:\/\/api.w.org\/{rel}","templated":true}]}}