{"id":52236,"date":"2020-11-10T16:11:45","date_gmt":"2020-11-10T15:11:45","guid":{"rendered":"https:\/\/teiaeducation.ch\/product\/camion-de-pompiers-bajo\/"},"modified":"2023-03-13T08:44:52","modified_gmt":"2023-03-13T07:44:52","slug":"camion-de-pompiers-bajo","status":"publish","type":"product","link":"https:\/\/teiaeducation.ch\/fr\/produit\/camion-de-pompiers-bajo\/","title":{"rendered":"Camion de pompiers &#8211; Bajo"},"content":{"rendered":"<p>Le camion de pompiers rouge vif de Bajo est un jouet en bois magnifiquement con\u00e7u, durable et fait \u00e0 la main.<\/p>\n<p>Cet adorable <a href=\"https:\/\/teiaeducation.ch\/fr\/categorie-produit\/jouer\/voitures-vehicules\/\">v\u00e9hicule<\/a>\u00a0en bois de style <a href=\"https:\/\/teiaeducation.ch\/fr\/categorie-produit\/jouer\/jouets-waldorf\/\">Waldorf<\/a>\u00a0est facile \u00e0 saisir pour les petites mains et offre une valeur ludique merveilleusement satisfaisante. Soul\u00e8ve et tourne l&#8217;\u00e9chelle, tourne le tuyau d&#8217;incendie bleu et entends la cloche faire retentir la &#8220;sir\u00e8ne&#8221; en poussant le camion de pompiers.<\/p>\n<p>R\u00e9alis\u00e9 en Pologne \u00e0 partir de bois europ\u00e9en massif, le camion de pompiers a \u00e9t\u00e9 peint en rouge et bleu vifs \u00e0 l&#8217;aide d&#8217;une peinture non toxique \u00e0 base d&#8217;eau et d&#8217;une huile naturelle pour faire ressortir la beaut\u00e9 du bois. Il mesure 15 x 5 x 10cm.<\/p>\n<p>Les <a href=\"https:\/\/teiaeducation.ch\/fr\/categorie-produit\/jouer\/jouets-en-bois\/\">jouets<\/a> en bois innovants et de haute qualit\u00e9 de la marque polonaise Bajo sont tous fabriqu\u00e9s de mani\u00e8re durable en Pologne. Leurs produits prim\u00e9s sont tous conformes aux crit\u00e8res europ\u00e9ens de s\u00e9curit\u00e9 EN71 pour les jouets en bois et seuls des mat\u00e9riaux soigneusement s\u00e9lectionn\u00e9s de la plus haute qualit\u00e9 provenant de fournisseurs locaux certifi\u00e9s sont utilis\u00e9s. Seules les peintures europ\u00e9ennes pour bois, \u00e0 base d\u2019eau et non toxiques, conformes \u00e0 la norme \u00e9cologique, sont utilis\u00e9es pour fabriquer et finir \u00e0 la main les jouets et les meubles.<\/p>\n<p>En harmonie avec la p\u00e9dagogie Waldorf, <a href=\"https:\/\/teiaeducation.ch\/fr\/categorie-produit\/marques\/bajo-fr\/\">Bajo<\/a> croit que le contact avec le bois et sa chaleur est crucial dans la formation de la conscience environnementale et que les jouets en bois transmettent l\u2019amour pour la <a href=\"https:\/\/teiaeducation.ch\/fr\/categorie-produit\/jouer\/jeu-de-la-nature\/\">nature<\/a> d\u2019une mani\u00e8re parfaite.<\/p>\n<p>Le camion de pompiers convient aux enfants \u00e2g\u00e9s de 18 mois et plus.<\/p>\n<p>Contenu:<\/p>\n<p>1 camion de pompiers en bois avec \u00e9chelle et cloche<\/p>\n","protected":false},"excerpt":{"rendered":"<p>Num\u00e9ro d&#8217;article: 41830<\/p>\n<p>Ce camion de pompiers en bois de style Waldorf, rouge vif, fait main par Bajo, est facile \u00e0 saisir pour les petites mains et offre une valeur ludique merveilleusement satisfaisante !<\/p>\n","protected":false},"featured_media":31909,"comment_status":"open","ping_status":"closed","template":"","meta":[],"product_brand":[],"product_cat":[208,215,17207,13130,23020,23021,217,5851,212,17236],"product_tag":[24653,17961,17895,17960,24659,24654,24656,24658,17959,24661,24660,24655,24657],"class_list":{"0":"post-52236","1":"product","2":"type-product","3":"status-publish","4":"has-post-thumbnail","6":"product_cat-1-3-ans","7":"product_cat-3-6-ans","8":"product_cat-bajo-fr","9":"product_cat-jouer","10":"product_cat-jouets-en-bois","11":"product_cat-jouets-waldorf","12":"product_cat-marques","13":"product_cat-nouveautes","14":"product_cat-tranche-dage","15":"product_cat-voitures-vehicules","16":"product_tag-bajo-jouets-en-bois","17":"product_tag-bajo-schweiz-fr","18":"product_tag-bajo-suisse-fr","19":"product_tag-bajo-suisse-fr-2","20":"product_tag-bajo-vehicules-en-bois","21":"product_tag-camion-de-pompiers-bajo","22":"product_tag-camion-de-pompiers-en-bois","23":"product_tag-camion-de-pompiers-en-bois-durable","24":"product_tag-jouet-en-bois-durable-fait-a-la-main","25":"product_tag-jouets-en-bois-durable","26":"product_tag-jouets-en-bois-fait-en-europe","27":"product_tag-vehicule-de-pompiers-bajo","28":"product_tag-wooden-fire-truck-fr","30":"first","31":"outofstock","32":"taxable","33":"shipping-taxable","34":"purchasable","35":"product-type-simple"},"yoast_head":"<!-- This site is optimized with the Yoast SEO plugin v27.1.1 - https:\/\/yoast.com\/product\/yoast-seo-wordpress\/ -->\n<title>Camion de pompiers - Bajo - Teia Education &amp; Play<\/title>\n<meta name=\"description\" content=\"Le camion de pompiers de Bajo avec \u00e9chelle et cloche est un jouet en bois durable et fait \u00e0 la main, de haute qualit\u00e9 et fabriqu\u00e9 en Europe.\" \/>\n<meta name=\"robots\" content=\"index, follow, max-snippet:-1, max-image-preview:large, max-video-preview:-1\" \/>\n<link rel=\"canonical\" href=\"https:\/\/teiaeducation.ch\/fr\/produit\/camion-de-pompiers-bajo\/\" \/>\n<meta property=\"og:locale\" content=\"fr_FR\" \/>\n<meta property=\"og:type\" content=\"article\" \/>\n<meta property=\"og:title\" content=\"Camion de pompiers - Bajo - Teia Education &amp; Play\" \/>\n<meta property=\"og:description\" content=\"Le camion de pompiers de Bajo avec \u00e9chelle et cloche est un jouet en bois durable et fait \u00e0 la main, de haute qualit\u00e9 et fabriqu\u00e9 en Europe.\" \/>\n<meta property=\"og:url\" content=\"https:\/\/teiaeducation.ch\/fr\/produit\/camion-de-pompiers-bajo\/\" \/>\n<meta property=\"og:site_name\" content=\"Sustainable Educational Products &amp; Ecological Toys\u00a0\" \/>\n<meta property=\"article:publisher\" content=\"https:\/\/www.facebook.com\/teiaeducation\/\" \/>\n<meta property=\"article:modified_time\" content=\"2023-03-13T07:44:52+00:00\" \/>\n<meta property=\"og:image\" content=\"https:\/\/teiaeducation.ch\/wp-content\/uploads\/2020\/11\/Fire-engine-Bajo.jpg\" \/>\n\t<meta property=\"og:image:width\" content=\"800\" \/>\n\t<meta property=\"og:image:height\" content=\"800\" \/>\n\t<meta property=\"og:image:type\" content=\"image\/jpeg\" \/>\n<script type=\"application\/ld+json\" class=\"yoast-schema-graph\">{\"@context\":\"https:\/\/schema.org\",\"@graph\":[{\"@type\":\"WebPage\",\"@id\":\"https:\/\/teiaeducation.ch\/fr\/produit\/camion-de-pompiers-bajo\/\",\"url\":\"https:\/\/teiaeducation.ch\/fr\/produit\/camion-de-pompiers-bajo\/\",\"name\":\"Camion de pompiers - Bajo - Teia Education & Play\",\"isPartOf\":{\"@id\":\"https:\/\/teiaeducation.ch\/fr\/#website\"},\"primaryImageOfPage\":{\"@id\":\"https:\/\/teiaeducation.ch\/fr\/produit\/camion-de-pompiers-bajo\/#primaryimage\"},\"image\":{\"@id\":\"https:\/\/teiaeducation.ch\/fr\/produit\/camion-de-pompiers-bajo\/#primaryimage\"},\"thumbnailUrl\":\"https:\/\/teiaeducation.ch\/wp-content\/uploads\/2020\/11\/Fire-engine-Bajo.jpg\",\"datePublished\":\"2020-11-10T15:11:45+00:00\",\"dateModified\":\"2023-03-13T07:44:52+00:00\",\"description\":\"Le camion de pompiers de Bajo avec \u00e9chelle et cloche est un jouet en bois durable et fait \u00e0 la main, de haute qualit\u00e9 et fabriqu\u00e9 en Europe.\",\"breadcrumb\":{\"@id\":\"https:\/\/teiaeducation.ch\/fr\/produit\/camion-de-pompiers-bajo\/#breadcrumb\"},\"inLanguage\":\"fr-FR\",\"potentialAction\":[{\"@type\":\"ReadAction\",\"target\":[\"https:\/\/teiaeducation.ch\/fr\/produit\/camion-de-pompiers-bajo\/\"]}]},{\"@type\":\"ImageObject\",\"inLanguage\":\"fr-FR\",\"@id\":\"https:\/\/teiaeducation.ch\/fr\/produit\/camion-de-pompiers-bajo\/#primaryimage\",\"url\":\"https:\/\/teiaeducation.ch\/wp-content\/uploads\/2020\/11\/Fire-engine-Bajo.jpg\",\"contentUrl\":\"https:\/\/teiaeducation.ch\/wp-content\/uploads\/2020\/11\/Fire-engine-Bajo.jpg\",\"width\":800,\"height\":800,\"caption\":\"Jouet en bois durable fait main camion de pompiers - Bajo\"},{\"@type\":\"BreadcrumbList\",\"@id\":\"https:\/\/teiaeducation.ch\/fr\/produit\/camion-de-pompiers-bajo\/#breadcrumb\",\"itemListElement\":[{\"@type\":\"ListItem\",\"position\":1,\"name\":\"Home\",\"item\":\"https:\/\/teiaeducation.ch\/fr\/\"},{\"@type\":\"ListItem\",\"position\":2,\"name\":\"Boutique Teia Education &amp; Play\",\"item\":\"https:\/\/teiaeducation.ch\/fr\/boutique\/\"},{\"@type\":\"ListItem\",\"position\":3,\"name\":\"Nos Marques\",\"item\":\"https:\/\/teiaeducation.ch\/fr\/categorie-produit\/marques\/\"},{\"@type\":\"ListItem\",\"position\":4,\"name\":\"Bajo\",\"item\":\"https:\/\/teiaeducation.ch\/fr\/categorie-produit\/marques\/bajo-fr\/\"},{\"@type\":\"ListItem\",\"position\":5,\"name\":\"Camion de pompiers &#8211; Bajo\"}]},{\"@type\":\"WebSite\",\"@id\":\"https:\/\/teiaeducation.ch\/fr\/#website\",\"url\":\"https:\/\/teiaeducation.ch\/fr\/\",\"name\":\"Sustainable Educational Products &amp; Ecological Toys\u00a0\",\"description\":\"Specialised Swiss shop selling sustainable educational toys and games, AMI certified Montessori materials, handmade ecological wooden Waldorf toys and arts &amp; crafts supplies, school supplies, children&#039;s furniture and Montessori reference and parenting books.\",\"publisher\":{\"@id\":\"https:\/\/teiaeducation.ch\/fr\/#organization\"},\"alternateName\":\"Teia Education & Play\",\"potentialAction\":[{\"@type\":\"SearchAction\",\"target\":{\"@type\":\"EntryPoint\",\"urlTemplate\":\"https:\/\/teiaeducation.ch\/fr\/?s={search_term_string}\"},\"query-input\":{\"@type\":\"PropertyValueSpecification\",\"valueRequired\":true,\"valueName\":\"search_term_string\"}}],\"inLanguage\":\"fr-FR\"},{\"@type\":\"Organization\",\"@id\":\"https:\/\/teiaeducation.ch\/fr\/#organization\",\"name\":\"Teia Education & Play\",\"url\":\"https:\/\/teiaeducation.ch\/fr\/\",\"logo\":{\"@type\":\"ImageObject\",\"inLanguage\":\"fr-FR\",\"@id\":\"https:\/\/teiaeducation.ch\/fr\/#\/schema\/logo\/image\/\",\"url\":\"https:\/\/teiaeducation.ch\/wp-content\/uploads\/2020\/11\/Teia-Education-Switzerland-e1620156442216.jpg\",\"contentUrl\":\"https:\/\/teiaeducation.ch\/wp-content\/uploads\/2020\/11\/Teia-Education-Switzerland-e1620156442216.jpg\",\"width\":166,\"height\":145,\"caption\":\"Teia Education & Play\"},\"image\":{\"@id\":\"https:\/\/teiaeducation.ch\/fr\/#\/schema\/logo\/image\/\"},\"sameAs\":[\"https:\/\/www.facebook.com\/teiaeducation\/\",\"https:\/\/x.com\/EducationTeia\",\"https:\/\/www.instagram.com\/teia.education\/\",\"https:\/\/www.linkedin.com\/company\/35501660\",\"https:\/\/www.pinterest.ch\/TeiaEducation\/\"]}]}<\/script>\n<!-- \/ Yoast SEO plugin. -->","yoast_head_json":{"title":"Camion de pompiers - Bajo - Teia Education & Play","description":"Le camion de pompiers de Bajo avec \u00e9chelle et cloche est un jouet en bois durable et fait \u00e0 la main, de haute qualit\u00e9 et fabriqu\u00e9 en Europe.","robots":{"index":"index","follow":"follow","max-snippet":"max-snippet:-1","max-image-preview":"max-image-preview:large","max-video-preview":"max-video-preview:-1"},"canonical":"https:\/\/teiaeducation.ch\/fr\/produit\/camion-de-pompiers-bajo\/","og_locale":"fr_FR","og_type":"article","og_title":"Camion de pompiers - Bajo - Teia Education & Play","og_description":"Le camion de pompiers de Bajo avec \u00e9chelle et cloche est un jouet en bois durable et fait \u00e0 la main, de haute qualit\u00e9 et fabriqu\u00e9 en Europe.","og_url":"https:\/\/teiaeducation.ch\/fr\/produit\/camion-de-pompiers-bajo\/","og_site_name":"Sustainable Educational Products &amp; Ecological Toys\u00a0","article_publisher":"https:\/\/www.facebook.com\/teiaeducation\/","article_modified_time":"2023-03-13T07:44:52+00:00","og_image":[{"width":800,"height":800,"url":"https:\/\/teiaeducation.ch\/wp-content\/uploads\/2020\/11\/Fire-engine-Bajo.jpg","type":"image\/jpeg"}],"schema":{"@context":"https:\/\/schema.org","@graph":[{"@type":"WebPage","@id":"https:\/\/teiaeducation.ch\/fr\/produit\/camion-de-pompiers-bajo\/","url":"https:\/\/teiaeducation.ch\/fr\/produit\/camion-de-pompiers-bajo\/","name":"Camion de pompiers - Bajo - Teia Education & Play","isPartOf":{"@id":"https:\/\/teiaeducation.ch\/fr\/#website"},"primaryImageOfPage":{"@id":"https:\/\/teiaeducation.ch\/fr\/produit\/camion-de-pompiers-bajo\/#primaryimage"},"image":{"@id":"https:\/\/teiaeducation.ch\/fr\/produit\/camion-de-pompiers-bajo\/#primaryimage"},"thumbnailUrl":"https:\/\/teiaeducation.ch\/wp-content\/uploads\/2020\/11\/Fire-engine-Bajo.jpg","datePublished":"2020-11-10T15:11:45+00:00","dateModified":"2023-03-13T07:44:52+00:00","description":"Le camion de pompiers de Bajo avec \u00e9chelle et cloche est un jouet en bois durable et fait \u00e0 la main, de haute qualit\u00e9 et fabriqu\u00e9 en Europe.","breadcrumb":{"@id":"https:\/\/teiaeducation.ch\/fr\/produit\/camion-de-pompiers-bajo\/#breadcrumb"},"inLanguage":"fr-FR","potentialAction":[{"@type":"ReadAction","target":["https:\/\/teiaeducation.ch\/fr\/produit\/camion-de-pompiers-bajo\/"]}]},{"@type":"ImageObject","inLanguage":"fr-FR","@id":"https:\/\/teiaeducation.ch\/fr\/produit\/camion-de-pompiers-bajo\/#primaryimage","url":"https:\/\/teiaeducation.ch\/wp-content\/uploads\/2020\/11\/Fire-engine-Bajo.jpg","contentUrl":"https:\/\/teiaeducation.ch\/wp-content\/uploads\/2020\/11\/Fire-engine-Bajo.jpg","width":800,"height":800,"caption":"Jouet en bois durable fait main camion de pompiers - Bajo"},{"@type":"BreadcrumbList","@id":"https:\/\/teiaeducation.ch\/fr\/produit\/camion-de-pompiers-bajo\/#breadcrumb","itemListElement":[{"@type":"ListItem","position":1,"name":"Home","item":"https:\/\/teiaeducation.ch\/fr\/"},{"@type":"ListItem","position":2,"name":"Boutique Teia Education &amp; Play","item":"https:\/\/teiaeducation.ch\/fr\/boutique\/"},{"@type":"ListItem","position":3,"name":"Nos Marques","item":"https:\/\/teiaeducation.ch\/fr\/categorie-produit\/marques\/"},{"@type":"ListItem","position":4,"name":"Bajo","item":"https:\/\/teiaeducation.ch\/fr\/categorie-produit\/marques\/bajo-fr\/"},{"@type":"ListItem","position":5,"name":"Camion de pompiers &#8211; Bajo"}]},{"@type":"WebSite","@id":"https:\/\/teiaeducation.ch\/fr\/#website","url":"https:\/\/teiaeducation.ch\/fr\/","name":"Sustainable Educational Products &amp; Ecological Toys\u00a0","description":"Specialised Swiss shop selling sustainable educational toys and games, AMI certified Montessori materials, handmade ecological wooden Waldorf toys and arts &amp; crafts supplies, school supplies, children&#039;s furniture and Montessori reference and parenting books.","publisher":{"@id":"https:\/\/teiaeducation.ch\/fr\/#organization"},"alternateName":"Teia Education & Play","potentialAction":[{"@type":"SearchAction","target":{"@type":"EntryPoint","urlTemplate":"https:\/\/teiaeducation.ch\/fr\/?s={search_term_string}"},"query-input":{"@type":"PropertyValueSpecification","valueRequired":true,"valueName":"search_term_string"}}],"inLanguage":"fr-FR"},{"@type":"Organization","@id":"https:\/\/teiaeducation.ch\/fr\/#organization","name":"Teia Education & Play","url":"https:\/\/teiaeducation.ch\/fr\/","logo":{"@type":"ImageObject","inLanguage":"fr-FR","@id":"https:\/\/teiaeducation.ch\/fr\/#\/schema\/logo\/image\/","url":"https:\/\/teiaeducation.ch\/wp-content\/uploads\/2020\/11\/Teia-Education-Switzerland-e1620156442216.jpg","contentUrl":"https:\/\/teiaeducation.ch\/wp-content\/uploads\/2020\/11\/Teia-Education-Switzerland-e1620156442216.jpg","width":166,"height":145,"caption":"Teia Education & Play"},"image":{"@id":"https:\/\/teiaeducation.ch\/fr\/#\/schema\/logo\/image\/"},"sameAs":["https:\/\/www.facebook.com\/teiaeducation\/","https:\/\/x.com\/EducationTeia","https:\/\/www.instagram.com\/teia.education\/","https:\/\/www.linkedin.com\/company\/35501660","https:\/\/www.pinterest.ch\/TeiaEducation\/"]}]}},"_links":{"self":[{"href":"https:\/\/teiaeducation.ch\/fr\/wp-json\/wp\/v2\/product\/52236","targetHints":{"allow":["GET"]}}],"collection":[{"href":"https:\/\/teiaeducation.ch\/fr\/wp-json\/wp\/v2\/product"}],"about":[{"href":"https:\/\/teiaeducation.ch\/fr\/wp-json\/wp\/v2\/types\/product"}],"replies":[{"embeddable":true,"href":"https:\/\/teiaeducation.ch\/fr\/wp-json\/wp\/v2\/comments?post=52236"}],"wp:featuredmedia":[{"embeddable":true,"href":"https:\/\/teiaeducation.ch\/fr\/wp-json\/wp\/v2\/media\/31909"}],"wp:attachment":[{"href":"https:\/\/teiaeducation.ch\/fr\/wp-json\/wp\/v2\/media?parent=52236"}],"wp:term":[{"taxonomy":"product_brand","embeddable":true,"href":"https:\/\/teiaeducation.ch\/fr\/wp-json\/wp\/v2\/product_brand?post=52236"},{"taxonomy":"product_cat","embeddable":true,"href":"https:\/\/teiaeducation.ch\/fr\/wp-json\/wp\/v2\/product_cat?post=52236"},{"taxonomy":"product_tag","embeddable":true,"href":"https:\/\/teiaeducation.ch\/fr\/wp-json\/wp\/v2\/product_tag?post=52236"}],"curies":[{"name":"wp","href":"https:\/\/api.w.org\/{rel}","templated":true}]}}