{"id":52239,"date":"2021-03-26T14:49:29","date_gmt":"2021-03-26T13:49:29","guid":{"rendered":"https:\/\/teiaeducation.ch\/product\/camion-rouge-avec-cheval-et-remorque-bajo\/"},"modified":"2023-03-13T09:05:48","modified_gmt":"2023-03-13T08:05:48","slug":"camion-rouge-avec-cheval-et-remorque-bajo","status":"publish","type":"product","link":"https:\/\/teiaeducation.ch\/fr\/produit\/camion-rouge-avec-cheval-et-remorque-bajo\/","title":{"rendered":"Camion rouge avec cheval et remorque &#8211; Bajo"},"content":{"rendered":"<p>Le camion rouge de Bajo avec cheval et remorque est un jouet <a href=\"https:\/\/teiaeducation.ch\/fr\/categorie-produit\/jouer\/voitures-vehicules\/\">v\u00e9hicule<\/a>\u00a0en bois durable magnifiquement con\u00e7u et fait \u00e0 la main. Ce joli camion bleu tire une remorque avec un cheval en bois amovible. Accroche et d\u00e9croche la remorque et charge le cheval pour <a href=\"https:\/\/teiaeducation.ch\/fr\/categorie-produit\/jouer\/jeu-imaginatif-faire-semblant\/\">faire semblant<\/a> de jouer \u00e0 la ferme ou \u00e0 l&#8217;\u00e9curie !<\/p>\n<p>Ajoutant une touche de design classique et de beaut\u00e9 \u00e0 toute \u00e9tag\u00e8re de jouets, cet adorable jouet en bois tactile est facile \u00e0 saisir pour les petites mains et offre une valeur ludique merveilleusement satisfaisante.<\/p>\n<p>Fait en Pologne \u00e0 partir de bois europ\u00e9en massif, le camion rouge Bajo avec cheval et remorque a \u00e9t\u00e9 peint d&#8217;un magnifique rouge vif moderne \u00e0 l&#8217;aide d&#8217;une peinture non toxique \u00e0 base d&#8217;eau. La finition a \u00e9t\u00e9 r\u00e9alis\u00e9e \u00e0 l&#8217;aide d&#8217;une huile naturelle afin de laisser transpara\u00eetre la beaut\u00e9 du bois. Il mesure environ 20 x 5 x 8cm.<\/p>\n<p>Les <a href=\"https:\/\/teiaeducation.ch\/fr\/categorie-produit\/jouer\/jouets-en-bois\/\">jouets<\/a> en bois innovants et de haute qualit\u00e9 de la marque polonaise Bajo sont tous fabriqu\u00e9s de mani\u00e8re durable en Pologne. Leurs produits prim\u00e9s sont tous conformes aux crit\u00e8res europ\u00e9ens de s\u00e9curit\u00e9 EN71 pour les jouets en bois et seuls des mat\u00e9riaux soigneusement s\u00e9lectionn\u00e9s de la plus haute qualit\u00e9 provenant de fournisseurs locaux certifi\u00e9s sont utilis\u00e9s. Seules les peintures europ\u00e9ennes pour bois, \u00e0 base d\u2019eau et non toxiques, conformes \u00e0 la norme \u00e9cologique, sont utilis\u00e9es pour fabriquer et finir \u00e0 la main les jouets et les meubles.<\/p>\n<p>En harmonie avec la p\u00e9dagogie Waldorf, <a href=\"https:\/\/teiaeducation.ch\/fr\/categorie-produit\/marques\/bajo-fr\/\">Bajo<\/a> croit que le contact avec le bois et sa chaleur est crucial dans la formation de la conscience environnementale et que les jouets en bois transmettent l\u2019amour pour la <a href=\"https:\/\/teiaeducation.ch\/fr\/categorie-produit\/jouer\/jeu-de-la-nature\/\">nature<\/a> d\u2019une mani\u00e8re parfaite.<\/p>\n<p>Le camion rouge avec cheval et remorque convient aux enfants \u00e2g\u00e9s de 18 mois et plus.<\/p>\n<p>Contenu:<\/p>\n<p>3 elements en bois :<br \/>\n1 camion<br \/>\n1 remorque<br \/>\n1 cheval<\/p>\n","protected":false},"excerpt":{"rendered":"<p>Num\u00e9ro d&#8217;article: 46450R<\/p>\n<div>Le camion rouge de Bajo avec cheval et remorque est un jouet en bois durable magnifiquement con\u00e7u et fait \u00e0 la main, recouvert d&#8217;une peinture s\u00fbre et non toxique.<\/div>\n","protected":false},"featured_media":34831,"comment_status":"open","ping_status":"closed","template":"","meta":[],"product_brand":[],"product_cat":[208,215,13131,17207,13130,23020,217,5851,212,17236],"product_tag":[24669,24672,24653,17961,17895,17960,24668,24666,24671,24665,20091,24670,17563,1241,17987,24662,24663,24667],"class_list":{"0":"post-52239","1":"product","2":"type-product","3":"status-publish","4":"has-post-thumbnail","6":"product_cat-1-3-ans","7":"product_cat-3-6-ans","8":"product_cat-animaux-fermes","9":"product_cat-bajo-fr","10":"product_cat-jouer","11":"product_cat-jouets-en-bois","12":"product_cat-marques","13":"product_cat-nouveautes","14":"product_cat-tranche-dage","15":"product_cat-voitures-vehicules","16":"product_tag-bajo-4x4-avec-cheval","17":"product_tag-bajo-camion-rouge-avec-cheval","18":"product_tag-bajo-jouets-en-bois","19":"product_tag-bajo-schweiz-fr","20":"product_tag-bajo-suisse-fr","21":"product_tag-bajo-suisse-fr-2","22":"product_tag-bajo-toyota-avec-cheval","23":"product_tag-cage-de-cheval-en-bois","24":"product_tag-camion-bleu-avec-cheval-bajo","25":"product_tag-camion-menthe-avec-cheval-bajo","26":"product_tag-jouet-en-bois-pastel","27":"product_tag-jouets-en-bois-fr-2","28":"product_tag-jouets-en-bois-durables","29":"product_tag-jouets-waldorf","30":"product_tag-vehicule-jouet-en-bois-durable-fait-a-la-main","31":"product_tag-waldorf-camion-jouet","32":"product_tag-waldorf-camion-jouet-avec-remorque","33":"product_tag-waldorf-vehicules-en-bois","35":"first","36":"instock","37":"taxable","38":"shipping-taxable","39":"purchasable","40":"product-type-simple"},"yoast_head":"<!-- This site is optimized with the Yoast SEO plugin v27.1.1 - https:\/\/yoast.com\/product\/yoast-seo-wordpress\/ -->\n<title>Camion rouge avec cheval et remorque - Bajo<\/title>\n<meta name=\"description\" content=\"Le camion rouge de Bajo avec cheval et remorque est un jouet en bois durable fait \u00e0 la main, recouvert d&#039;une peinture s\u00fbre et non toxique.\" \/>\n<meta name=\"robots\" content=\"index, follow, max-snippet:-1, max-image-preview:large, max-video-preview:-1\" \/>\n<link rel=\"canonical\" href=\"https:\/\/teiaeducation.ch\/fr\/produit\/camion-rouge-avec-cheval-et-remorque-bajo\/\" \/>\n<meta property=\"og:locale\" content=\"fr_FR\" \/>\n<meta property=\"og:type\" content=\"article\" \/>\n<meta property=\"og:title\" content=\"Camion rouge avec cheval et remorque - Bajo\" \/>\n<meta property=\"og:description\" content=\"Le camion rouge de Bajo avec cheval et remorque est un jouet en bois durable fait \u00e0 la main, recouvert d&#039;une peinture s\u00fbre et non toxique.\" \/>\n<meta property=\"og:url\" content=\"https:\/\/teiaeducation.ch\/fr\/produit\/camion-rouge-avec-cheval-et-remorque-bajo\/\" \/>\n<meta property=\"og:site_name\" content=\"Sustainable Educational Products &amp; Ecological Toys\u00a0\" \/>\n<meta property=\"article:publisher\" content=\"https:\/\/www.facebook.com\/teiaeducation\/\" \/>\n<meta property=\"article:modified_time\" content=\"2023-03-13T08:05:48+00:00\" \/>\n<meta property=\"og:image\" content=\"https:\/\/teiaeducation.ch\/wp-content\/uploads\/2020\/11\/Bajo-red-truck-with-horse-and-trailer-Handmade-sustainable-wooden-toy-vehicle.jpg\" \/>\n\t<meta property=\"og:image:width\" content=\"800\" \/>\n\t<meta property=\"og:image:height\" content=\"800\" \/>\n\t<meta property=\"og:image:type\" content=\"image\/jpeg\" \/>\n<script type=\"application\/ld+json\" class=\"yoast-schema-graph\">{\"@context\":\"https:\/\/schema.org\",\"@graph\":[{\"@type\":\"WebPage\",\"@id\":\"https:\/\/teiaeducation.ch\/fr\/produit\/camion-rouge-avec-cheval-et-remorque-bajo\/\",\"url\":\"https:\/\/teiaeducation.ch\/fr\/produit\/camion-rouge-avec-cheval-et-remorque-bajo\/\",\"name\":\"Camion rouge avec cheval et remorque - Bajo\",\"isPartOf\":{\"@id\":\"https:\/\/teiaeducation.ch\/fr\/#website\"},\"primaryImageOfPage\":{\"@id\":\"https:\/\/teiaeducation.ch\/fr\/produit\/camion-rouge-avec-cheval-et-remorque-bajo\/#primaryimage\"},\"image\":{\"@id\":\"https:\/\/teiaeducation.ch\/fr\/produit\/camion-rouge-avec-cheval-et-remorque-bajo\/#primaryimage\"},\"thumbnailUrl\":\"https:\/\/teiaeducation.ch\/wp-content\/uploads\/2020\/11\/Bajo-red-truck-with-horse-and-trailer-Handmade-sustainable-wooden-toy-vehicle.jpg\",\"datePublished\":\"2021-03-26T13:49:29+00:00\",\"dateModified\":\"2023-03-13T08:05:48+00:00\",\"description\":\"Le camion rouge de Bajo avec cheval et remorque est un jouet en bois durable fait \u00e0 la main, recouvert d'une peinture s\u00fbre et non toxique.\",\"breadcrumb\":{\"@id\":\"https:\/\/teiaeducation.ch\/fr\/produit\/camion-rouge-avec-cheval-et-remorque-bajo\/#breadcrumb\"},\"inLanguage\":\"fr-FR\",\"potentialAction\":[{\"@type\":\"ReadAction\",\"target\":[\"https:\/\/teiaeducation.ch\/fr\/produit\/camion-rouge-avec-cheval-et-remorque-bajo\/\"]}]},{\"@type\":\"ImageObject\",\"inLanguage\":\"fr-FR\",\"@id\":\"https:\/\/teiaeducation.ch\/fr\/produit\/camion-rouge-avec-cheval-et-remorque-bajo\/#primaryimage\",\"url\":\"https:\/\/teiaeducation.ch\/wp-content\/uploads\/2020\/11\/Bajo-red-truck-with-horse-and-trailer-Handmade-sustainable-wooden-toy-vehicle.jpg\",\"contentUrl\":\"https:\/\/teiaeducation.ch\/wp-content\/uploads\/2020\/11\/Bajo-red-truck-with-horse-and-trailer-Handmade-sustainable-wooden-toy-vehicle.jpg\",\"width\":800,\"height\":800,\"caption\":\"Camion bleu avec cheval et remorque Bajo\"},{\"@type\":\"BreadcrumbList\",\"@id\":\"https:\/\/teiaeducation.ch\/fr\/produit\/camion-rouge-avec-cheval-et-remorque-bajo\/#breadcrumb\",\"itemListElement\":[{\"@type\":\"ListItem\",\"position\":1,\"name\":\"Home\",\"item\":\"https:\/\/teiaeducation.ch\/fr\/\"},{\"@type\":\"ListItem\",\"position\":2,\"name\":\"Boutique Teia Education &amp; Play\",\"item\":\"https:\/\/teiaeducation.ch\/fr\/boutique\/\"},{\"@type\":\"ListItem\",\"position\":3,\"name\":\"Nos Marques\",\"item\":\"https:\/\/teiaeducation.ch\/fr\/categorie-produit\/marques\/\"},{\"@type\":\"ListItem\",\"position\":4,\"name\":\"Bajo\",\"item\":\"https:\/\/teiaeducation.ch\/fr\/categorie-produit\/marques\/bajo-fr\/\"},{\"@type\":\"ListItem\",\"position\":5,\"name\":\"Camion rouge avec cheval et remorque &#8211; Bajo\"}]},{\"@type\":\"WebSite\",\"@id\":\"https:\/\/teiaeducation.ch\/fr\/#website\",\"url\":\"https:\/\/teiaeducation.ch\/fr\/\",\"name\":\"Sustainable Educational Products &amp; Ecological Toys\u00a0\",\"description\":\"Specialised Swiss shop selling sustainable educational toys and games, AMI certified Montessori materials, handmade ecological wooden Waldorf toys and arts &amp; crafts supplies, school supplies, children&#039;s furniture and Montessori reference and parenting books.\",\"publisher\":{\"@id\":\"https:\/\/teiaeducation.ch\/fr\/#organization\"},\"alternateName\":\"Teia Education & Play\",\"potentialAction\":[{\"@type\":\"SearchAction\",\"target\":{\"@type\":\"EntryPoint\",\"urlTemplate\":\"https:\/\/teiaeducation.ch\/fr\/?s={search_term_string}\"},\"query-input\":{\"@type\":\"PropertyValueSpecification\",\"valueRequired\":true,\"valueName\":\"search_term_string\"}}],\"inLanguage\":\"fr-FR\"},{\"@type\":\"Organization\",\"@id\":\"https:\/\/teiaeducation.ch\/fr\/#organization\",\"name\":\"Teia Education & Play\",\"url\":\"https:\/\/teiaeducation.ch\/fr\/\",\"logo\":{\"@type\":\"ImageObject\",\"inLanguage\":\"fr-FR\",\"@id\":\"https:\/\/teiaeducation.ch\/fr\/#\/schema\/logo\/image\/\",\"url\":\"https:\/\/teiaeducation.ch\/wp-content\/uploads\/2020\/11\/Teia-Education-Switzerland-e1620156442216.jpg\",\"contentUrl\":\"https:\/\/teiaeducation.ch\/wp-content\/uploads\/2020\/11\/Teia-Education-Switzerland-e1620156442216.jpg\",\"width\":166,\"height\":145,\"caption\":\"Teia Education & Play\"},\"image\":{\"@id\":\"https:\/\/teiaeducation.ch\/fr\/#\/schema\/logo\/image\/\"},\"sameAs\":[\"https:\/\/www.facebook.com\/teiaeducation\/\",\"https:\/\/x.com\/EducationTeia\",\"https:\/\/www.instagram.com\/teia.education\/\",\"https:\/\/www.linkedin.com\/company\/35501660\",\"https:\/\/www.pinterest.ch\/TeiaEducation\/\"]}]}<\/script>\n<!-- \/ Yoast SEO plugin. -->","yoast_head_json":{"title":"Camion rouge avec cheval et remorque - Bajo","description":"Le camion rouge de Bajo avec cheval et remorque est un jouet en bois durable fait \u00e0 la main, recouvert d'une peinture s\u00fbre et non toxique.","robots":{"index":"index","follow":"follow","max-snippet":"max-snippet:-1","max-image-preview":"max-image-preview:large","max-video-preview":"max-video-preview:-1"},"canonical":"https:\/\/teiaeducation.ch\/fr\/produit\/camion-rouge-avec-cheval-et-remorque-bajo\/","og_locale":"fr_FR","og_type":"article","og_title":"Camion rouge avec cheval et remorque - Bajo","og_description":"Le camion rouge de Bajo avec cheval et remorque est un jouet en bois durable fait \u00e0 la main, recouvert d'une peinture s\u00fbre et non toxique.","og_url":"https:\/\/teiaeducation.ch\/fr\/produit\/camion-rouge-avec-cheval-et-remorque-bajo\/","og_site_name":"Sustainable Educational Products &amp; Ecological Toys\u00a0","article_publisher":"https:\/\/www.facebook.com\/teiaeducation\/","article_modified_time":"2023-03-13T08:05:48+00:00","og_image":[{"width":800,"height":800,"url":"https:\/\/teiaeducation.ch\/wp-content\/uploads\/2020\/11\/Bajo-red-truck-with-horse-and-trailer-Handmade-sustainable-wooden-toy-vehicle.jpg","type":"image\/jpeg"}],"schema":{"@context":"https:\/\/schema.org","@graph":[{"@type":"WebPage","@id":"https:\/\/teiaeducation.ch\/fr\/produit\/camion-rouge-avec-cheval-et-remorque-bajo\/","url":"https:\/\/teiaeducation.ch\/fr\/produit\/camion-rouge-avec-cheval-et-remorque-bajo\/","name":"Camion rouge avec cheval et remorque - Bajo","isPartOf":{"@id":"https:\/\/teiaeducation.ch\/fr\/#website"},"primaryImageOfPage":{"@id":"https:\/\/teiaeducation.ch\/fr\/produit\/camion-rouge-avec-cheval-et-remorque-bajo\/#primaryimage"},"image":{"@id":"https:\/\/teiaeducation.ch\/fr\/produit\/camion-rouge-avec-cheval-et-remorque-bajo\/#primaryimage"},"thumbnailUrl":"https:\/\/teiaeducation.ch\/wp-content\/uploads\/2020\/11\/Bajo-red-truck-with-horse-and-trailer-Handmade-sustainable-wooden-toy-vehicle.jpg","datePublished":"2021-03-26T13:49:29+00:00","dateModified":"2023-03-13T08:05:48+00:00","description":"Le camion rouge de Bajo avec cheval et remorque est un jouet en bois durable fait \u00e0 la main, recouvert d'une peinture s\u00fbre et non toxique.","breadcrumb":{"@id":"https:\/\/teiaeducation.ch\/fr\/produit\/camion-rouge-avec-cheval-et-remorque-bajo\/#breadcrumb"},"inLanguage":"fr-FR","potentialAction":[{"@type":"ReadAction","target":["https:\/\/teiaeducation.ch\/fr\/produit\/camion-rouge-avec-cheval-et-remorque-bajo\/"]}]},{"@type":"ImageObject","inLanguage":"fr-FR","@id":"https:\/\/teiaeducation.ch\/fr\/produit\/camion-rouge-avec-cheval-et-remorque-bajo\/#primaryimage","url":"https:\/\/teiaeducation.ch\/wp-content\/uploads\/2020\/11\/Bajo-red-truck-with-horse-and-trailer-Handmade-sustainable-wooden-toy-vehicle.jpg","contentUrl":"https:\/\/teiaeducation.ch\/wp-content\/uploads\/2020\/11\/Bajo-red-truck-with-horse-and-trailer-Handmade-sustainable-wooden-toy-vehicle.jpg","width":800,"height":800,"caption":"Camion bleu avec cheval et remorque Bajo"},{"@type":"BreadcrumbList","@id":"https:\/\/teiaeducation.ch\/fr\/produit\/camion-rouge-avec-cheval-et-remorque-bajo\/#breadcrumb","itemListElement":[{"@type":"ListItem","position":1,"name":"Home","item":"https:\/\/teiaeducation.ch\/fr\/"},{"@type":"ListItem","position":2,"name":"Boutique Teia Education &amp; Play","item":"https:\/\/teiaeducation.ch\/fr\/boutique\/"},{"@type":"ListItem","position":3,"name":"Nos Marques","item":"https:\/\/teiaeducation.ch\/fr\/categorie-produit\/marques\/"},{"@type":"ListItem","position":4,"name":"Bajo","item":"https:\/\/teiaeducation.ch\/fr\/categorie-produit\/marques\/bajo-fr\/"},{"@type":"ListItem","position":5,"name":"Camion rouge avec cheval et remorque &#8211; Bajo"}]},{"@type":"WebSite","@id":"https:\/\/teiaeducation.ch\/fr\/#website","url":"https:\/\/teiaeducation.ch\/fr\/","name":"Sustainable Educational Products &amp; Ecological Toys\u00a0","description":"Specialised Swiss shop selling sustainable educational toys and games, AMI certified Montessori materials, handmade ecological wooden Waldorf toys and arts &amp; crafts supplies, school supplies, children&#039;s furniture and Montessori reference and parenting books.","publisher":{"@id":"https:\/\/teiaeducation.ch\/fr\/#organization"},"alternateName":"Teia Education & Play","potentialAction":[{"@type":"SearchAction","target":{"@type":"EntryPoint","urlTemplate":"https:\/\/teiaeducation.ch\/fr\/?s={search_term_string}"},"query-input":{"@type":"PropertyValueSpecification","valueRequired":true,"valueName":"search_term_string"}}],"inLanguage":"fr-FR"},{"@type":"Organization","@id":"https:\/\/teiaeducation.ch\/fr\/#organization","name":"Teia Education & Play","url":"https:\/\/teiaeducation.ch\/fr\/","logo":{"@type":"ImageObject","inLanguage":"fr-FR","@id":"https:\/\/teiaeducation.ch\/fr\/#\/schema\/logo\/image\/","url":"https:\/\/teiaeducation.ch\/wp-content\/uploads\/2020\/11\/Teia-Education-Switzerland-e1620156442216.jpg","contentUrl":"https:\/\/teiaeducation.ch\/wp-content\/uploads\/2020\/11\/Teia-Education-Switzerland-e1620156442216.jpg","width":166,"height":145,"caption":"Teia Education & Play"},"image":{"@id":"https:\/\/teiaeducation.ch\/fr\/#\/schema\/logo\/image\/"},"sameAs":["https:\/\/www.facebook.com\/teiaeducation\/","https:\/\/x.com\/EducationTeia","https:\/\/www.instagram.com\/teia.education\/","https:\/\/www.linkedin.com\/company\/35501660","https:\/\/www.pinterest.ch\/TeiaEducation\/"]}]}},"_links":{"self":[{"href":"https:\/\/teiaeducation.ch\/fr\/wp-json\/wp\/v2\/product\/52239","targetHints":{"allow":["GET"]}}],"collection":[{"href":"https:\/\/teiaeducation.ch\/fr\/wp-json\/wp\/v2\/product"}],"about":[{"href":"https:\/\/teiaeducation.ch\/fr\/wp-json\/wp\/v2\/types\/product"}],"replies":[{"embeddable":true,"href":"https:\/\/teiaeducation.ch\/fr\/wp-json\/wp\/v2\/comments?post=52239"}],"wp:featuredmedia":[{"embeddable":true,"href":"https:\/\/teiaeducation.ch\/fr\/wp-json\/wp\/v2\/media\/34831"}],"wp:attachment":[{"href":"https:\/\/teiaeducation.ch\/fr\/wp-json\/wp\/v2\/media?parent=52239"}],"wp:term":[{"taxonomy":"product_brand","embeddable":true,"href":"https:\/\/teiaeducation.ch\/fr\/wp-json\/wp\/v2\/product_brand?post=52239"},{"taxonomy":"product_cat","embeddable":true,"href":"https:\/\/teiaeducation.ch\/fr\/wp-json\/wp\/v2\/product_cat?post=52239"},{"taxonomy":"product_tag","embeddable":true,"href":"https:\/\/teiaeducation.ch\/fr\/wp-json\/wp\/v2\/product_tag?post=52239"}],"curies":[{"name":"wp","href":"https:\/\/api.w.org\/{rel}","templated":true}]}}