{"id":52240,"date":"2023-03-10T09:00:57","date_gmt":"2023-03-10T08:00:57","guid":{"rendered":"https:\/\/teiaeducation.ch\/product\/transporteur-de-voitures-en-bois-bajo\/"},"modified":"2023-03-13T09:26:43","modified_gmt":"2023-03-13T08:26:43","slug":"transporteur-de-voitures-en-bois-bajo","status":"publish","type":"product","link":"https:\/\/teiaeducation.ch\/fr\/produit\/transporteur-de-voitures-en-bois-bajo\/","title":{"rendered":"Transporteur de voitures en bois &#8211; Bajo"},"content":{"rendered":"<p>Le transporteur de voitures en bois de Bajo est un jouet <a href=\"https:\/\/teiaeducation.ch\/fr\/categorie-produit\/jouer\/voitures-vehicules\/\">v\u00e9hicule<\/a>\u00a0en bois durable intelligemment con\u00e7u et fait \u00e0 la main. Le transporteur rouge est dot\u00e9 d&#8217;un plateau amovible et transporte deux mini-voitures, l&#8217;une bleue, l&#8217;autre verte.<\/p>\n<p>Les mini-voitures peuvent \u00eatre facilement charg\u00e9es et d\u00e9charg\u00e9es du transporteur. Le camion transporteur peut \u00eatre utilis\u00e9 s\u00e9par\u00e9ment et les deux petites voitures se d\u00e9placent joyeusement d&#8217;elles-m\u00eames lorsqu&#8217;elles sont retir\u00e9es du plateau. Les enfants seront ravis de jouer avec ce superbe ensemble de v\u00e9hicules !<\/p>\n<p>Ajoutant un design classique et de la beaut\u00e9 \u00e0 toute \u00e9tag\u00e8re de jouets, cet adorable ensemble de jouets en bois trois-en-un est tactile et facile \u00e0 saisir pour les petites mains, avec une valeur ludique merveilleusement satisfaisante.<\/p>\n<p>Fabriqu\u00e9s en Pologne \u00e0 partir de bois europ\u00e9en massif, le camion porteur rouge et les voitures bleue et verte ont \u00e9t\u00e9 finis \u00e0 l&#8217;aide d&#8217;une peinture non toxique \u00e0 base d&#8217;eau et d&#8217;une huile naturelle pour laisser transpara\u00eetre la beaut\u00e9 du bois.<\/p>\n<p>Les <a href=\"https:\/\/teiaeducation.ch\/fr\/categorie-produit\/jouer\/jouets-en-bois\/\">jouets<\/a> en bois innovants et de haute qualit\u00e9 de la marque polonaise Bajo sont tous fabriqu\u00e9s de mani\u00e8re durable en Pologne. Leurs produits prim\u00e9s sont tous conformes aux crit\u00e8res europ\u00e9ens de s\u00e9curit\u00e9 EN71 pour les jouets en bois et seuls des mat\u00e9riaux soigneusement s\u00e9lectionn\u00e9s de la plus haute qualit\u00e9 provenant de fournisseurs locaux certifi\u00e9s sont utilis\u00e9s. Seules les peintures europ\u00e9ennes pour bois, \u00e0 base d\u2019eau et non toxiques, conformes \u00e0 la norme \u00e9cologique, sont utilis\u00e9es pour fabriquer et finir \u00e0 la main les jouets et les meubles.<\/p>\n<p>En harmonie avec la p\u00e9dagogie Waldorf, <a href=\"https:\/\/teiaeducation.ch\/fr\/categorie-produit\/marques\/bajo-fr\/\">Bajo<\/a> croit que le contact avec le bois et sa chaleur est crucial dans la formation de la conscience environnementale et que les jouets en bois transmettent l\u2019amour pour la <a href=\"https:\/\/teiaeducation.ch\/fr\/categorie-produit\/jouer\/jeu-de-la-nature\/\">nature<\/a> d\u2019une mani\u00e8re parfaite.<\/p>\n<p>Le transporteur de voitures en bois convient aux enfants \u00e2g\u00e9s de 1 an et plus.<\/p>\n<p>Contenu:<\/p>\n<p>3 elements en bois :<br \/>\n1 transporteur<br \/>\n2 mini-voitures<\/p>\n","protected":false},"excerpt":{"rendered":"<p>Num\u00e9ro d&#8217;article: 41410<\/p>\n<p>Le transporteur de voitures en bois de Bajo est un jouet de v\u00e9hicules trois en un en bois massif de haute qualit\u00e9, durable et fait \u00e0 la main en Europe.<\/p>\n","protected":false},"featured_media":52177,"comment_status":"open","ping_status":"closed","template":"","meta":[],"product_brand":[],"product_cat":[208,215,17207,17242,21257,13130,23020,217,5851,212,17236],"product_tag":[24679,24673,24677,17961,17895,17960,24674,17563,24678,24676,24675,24680],"class_list":{"0":"post-52240","1":"product","2":"type-product","3":"status-publish","4":"has-post-thumbnail","6":"product_cat-1-3-ans","7":"product_cat-3-6-ans","8":"product_cat-bajo-fr","9":"product_cat-guide-cadeaux-1-3-ans","10":"product_cat-guides-cadeaux","11":"product_cat-jouer","12":"product_cat-jouets-en-bois","13":"product_cat-marques","14":"product_cat-nouveautes","15":"product_cat-tranche-dage","16":"product_cat-voitures-vehicules","17":"product_tag-bajo-fr","18":"product_tag-bajo-eco-transporteur-de-voitures","19":"product_tag-bajo-eco-voiture","20":"product_tag-bajo-schweiz-fr","21":"product_tag-bajo-suisse-fr","22":"product_tag-bajo-suisse-fr-2","23":"product_tag-bajo-transporteur-de-voitures","24":"product_tag-jouets-en-bois-durables","25":"product_tag-jouets-en-bois-eco-voiture","26":"product_tag-transporteur-de-voitures-en-bois-fr","27":"product_tag-transporteur-de-voitures-en-bois","28":"product_tag-transporteur-de-voitures-en-bois-bajo","30":"first","31":"outofstock","32":"taxable","33":"shipping-taxable","34":"purchasable","35":"product-type-simple"},"yoast_head":"<!-- This site is optimized with the Yoast SEO plugin v27.1.1 - https:\/\/yoast.com\/product\/yoast-seo-wordpress\/ -->\n<title>Transporteur de voitures en bois - Bajo<\/title>\n<meta name=\"description\" content=\"Le transporteur de voitures en bois de Bajo est un jouet de v\u00e9hicules trois en un en bois massif de haute qualit\u00e9, durable et fait \u00e0 la main en Europe.\" \/>\n<meta name=\"robots\" content=\"index, follow, max-snippet:-1, max-image-preview:large, max-video-preview:-1\" \/>\n<link rel=\"canonical\" href=\"https:\/\/teiaeducation.ch\/fr\/produit\/transporteur-de-voitures-en-bois-bajo\/\" \/>\n<meta property=\"og:locale\" content=\"fr_FR\" \/>\n<meta property=\"og:type\" content=\"article\" \/>\n<meta property=\"og:title\" content=\"Transporteur de voitures en bois - Bajo\" \/>\n<meta property=\"og:description\" content=\"Le transporteur de voitures en bois de Bajo est un jouet de v\u00e9hicules trois en un en bois massif de haute qualit\u00e9, durable et fait \u00e0 la main en Europe.\" \/>\n<meta property=\"og:url\" content=\"https:\/\/teiaeducation.ch\/fr\/produit\/transporteur-de-voitures-en-bois-bajo\/\" \/>\n<meta property=\"og:site_name\" content=\"Sustainable Educational Products &amp; Ecological Toys\u00a0\" \/>\n<meta property=\"article:publisher\" content=\"https:\/\/www.facebook.com\/teiaeducation\/\" \/>\n<meta property=\"article:modified_time\" content=\"2023-03-13T08:26:43+00:00\" \/>\n<meta property=\"og:image\" content=\"https:\/\/teiaeducation.ch\/wp-content\/uploads\/2023\/03\/Wooden-car-transporter-Handmade-sustainable-wooden-toy-vehicle-Bajo.jpg\" \/>\n\t<meta property=\"og:image:width\" content=\"1213\" \/>\n\t<meta property=\"og:image:height\" content=\"1104\" \/>\n\t<meta property=\"og:image:type\" content=\"image\/jpeg\" \/>\n<script type=\"application\/ld+json\" class=\"yoast-schema-graph\">{\"@context\":\"https:\/\/schema.org\",\"@graph\":[{\"@type\":\"WebPage\",\"@id\":\"https:\/\/teiaeducation.ch\/fr\/produit\/transporteur-de-voitures-en-bois-bajo\/\",\"url\":\"https:\/\/teiaeducation.ch\/fr\/produit\/transporteur-de-voitures-en-bois-bajo\/\",\"name\":\"Transporteur de voitures en bois - Bajo\",\"isPartOf\":{\"@id\":\"https:\/\/teiaeducation.ch\/fr\/#website\"},\"primaryImageOfPage\":{\"@id\":\"https:\/\/teiaeducation.ch\/fr\/produit\/transporteur-de-voitures-en-bois-bajo\/#primaryimage\"},\"image\":{\"@id\":\"https:\/\/teiaeducation.ch\/fr\/produit\/transporteur-de-voitures-en-bois-bajo\/#primaryimage\"},\"thumbnailUrl\":\"https:\/\/teiaeducation.ch\/wp-content\/uploads\/2023\/03\/Wooden-car-transporter-Handmade-sustainable-wooden-toy-vehicle-Bajo.jpg\",\"datePublished\":\"2023-03-10T08:00:57+00:00\",\"dateModified\":\"2023-03-13T08:26:43+00:00\",\"description\":\"Le transporteur de voitures en bois de Bajo est un jouet de v\u00e9hicules trois en un en bois massif de haute qualit\u00e9, durable et fait \u00e0 la main en Europe.\",\"breadcrumb\":{\"@id\":\"https:\/\/teiaeducation.ch\/fr\/produit\/transporteur-de-voitures-en-bois-bajo\/#breadcrumb\"},\"inLanguage\":\"fr-FR\",\"potentialAction\":[{\"@type\":\"ReadAction\",\"target\":[\"https:\/\/teiaeducation.ch\/fr\/produit\/transporteur-de-voitures-en-bois-bajo\/\"]}]},{\"@type\":\"ImageObject\",\"inLanguage\":\"fr-FR\",\"@id\":\"https:\/\/teiaeducation.ch\/fr\/produit\/transporteur-de-voitures-en-bois-bajo\/#primaryimage\",\"url\":\"https:\/\/teiaeducation.ch\/wp-content\/uploads\/2023\/03\/Wooden-car-transporter-Handmade-sustainable-wooden-toy-vehicle-Bajo.jpg\",\"contentUrl\":\"https:\/\/teiaeducation.ch\/wp-content\/uploads\/2023\/03\/Wooden-car-transporter-Handmade-sustainable-wooden-toy-vehicle-Bajo.jpg\",\"width\":1213,\"height\":1104,\"caption\":\"Bajo Transporteur de voitures en bois fait \u00e0 la main\"},{\"@type\":\"BreadcrumbList\",\"@id\":\"https:\/\/teiaeducation.ch\/fr\/produit\/transporteur-de-voitures-en-bois-bajo\/#breadcrumb\",\"itemListElement\":[{\"@type\":\"ListItem\",\"position\":1,\"name\":\"Home\",\"item\":\"https:\/\/teiaeducation.ch\/fr\/\"},{\"@type\":\"ListItem\",\"position\":2,\"name\":\"Boutique Teia Education &amp; Play\",\"item\":\"https:\/\/teiaeducation.ch\/fr\/boutique\/\"},{\"@type\":\"ListItem\",\"position\":3,\"name\":\"Nos Marques\",\"item\":\"https:\/\/teiaeducation.ch\/fr\/categorie-produit\/marques\/\"},{\"@type\":\"ListItem\",\"position\":4,\"name\":\"Bajo\",\"item\":\"https:\/\/teiaeducation.ch\/fr\/categorie-produit\/marques\/bajo-fr\/\"},{\"@type\":\"ListItem\",\"position\":5,\"name\":\"Transporteur de voitures en bois &#8211; Bajo\"}]},{\"@type\":\"WebSite\",\"@id\":\"https:\/\/teiaeducation.ch\/fr\/#website\",\"url\":\"https:\/\/teiaeducation.ch\/fr\/\",\"name\":\"Sustainable Educational Products &amp; Ecological Toys\u00a0\",\"description\":\"Specialised Swiss shop selling sustainable educational toys and games, AMI certified Montessori materials, handmade ecological wooden Waldorf toys and arts &amp; crafts supplies, school supplies, children&#039;s furniture and Montessori reference and parenting books.\",\"publisher\":{\"@id\":\"https:\/\/teiaeducation.ch\/fr\/#organization\"},\"alternateName\":\"Teia Education & Play\",\"potentialAction\":[{\"@type\":\"SearchAction\",\"target\":{\"@type\":\"EntryPoint\",\"urlTemplate\":\"https:\/\/teiaeducation.ch\/fr\/?s={search_term_string}\"},\"query-input\":{\"@type\":\"PropertyValueSpecification\",\"valueRequired\":true,\"valueName\":\"search_term_string\"}}],\"inLanguage\":\"fr-FR\"},{\"@type\":\"Organization\",\"@id\":\"https:\/\/teiaeducation.ch\/fr\/#organization\",\"name\":\"Teia Education & Play\",\"url\":\"https:\/\/teiaeducation.ch\/fr\/\",\"logo\":{\"@type\":\"ImageObject\",\"inLanguage\":\"fr-FR\",\"@id\":\"https:\/\/teiaeducation.ch\/fr\/#\/schema\/logo\/image\/\",\"url\":\"https:\/\/teiaeducation.ch\/wp-content\/uploads\/2020\/11\/Teia-Education-Switzerland-e1620156442216.jpg\",\"contentUrl\":\"https:\/\/teiaeducation.ch\/wp-content\/uploads\/2020\/11\/Teia-Education-Switzerland-e1620156442216.jpg\",\"width\":166,\"height\":145,\"caption\":\"Teia Education & Play\"},\"image\":{\"@id\":\"https:\/\/teiaeducation.ch\/fr\/#\/schema\/logo\/image\/\"},\"sameAs\":[\"https:\/\/www.facebook.com\/teiaeducation\/\",\"https:\/\/x.com\/EducationTeia\",\"https:\/\/www.instagram.com\/teia.education\/\",\"https:\/\/www.linkedin.com\/company\/35501660\",\"https:\/\/www.pinterest.ch\/TeiaEducation\/\"]}]}<\/script>\n<!-- \/ Yoast SEO plugin. -->","yoast_head_json":{"title":"Transporteur de voitures en bois - Bajo","description":"Le transporteur de voitures en bois de Bajo est un jouet de v\u00e9hicules trois en un en bois massif de haute qualit\u00e9, durable et fait \u00e0 la main en Europe.","robots":{"index":"index","follow":"follow","max-snippet":"max-snippet:-1","max-image-preview":"max-image-preview:large","max-video-preview":"max-video-preview:-1"},"canonical":"https:\/\/teiaeducation.ch\/fr\/produit\/transporteur-de-voitures-en-bois-bajo\/","og_locale":"fr_FR","og_type":"article","og_title":"Transporteur de voitures en bois - Bajo","og_description":"Le transporteur de voitures en bois de Bajo est un jouet de v\u00e9hicules trois en un en bois massif de haute qualit\u00e9, durable et fait \u00e0 la main en Europe.","og_url":"https:\/\/teiaeducation.ch\/fr\/produit\/transporteur-de-voitures-en-bois-bajo\/","og_site_name":"Sustainable Educational Products &amp; Ecological Toys\u00a0","article_publisher":"https:\/\/www.facebook.com\/teiaeducation\/","article_modified_time":"2023-03-13T08:26:43+00:00","og_image":[{"width":1213,"height":1104,"url":"https:\/\/teiaeducation.ch\/wp-content\/uploads\/2023\/03\/Wooden-car-transporter-Handmade-sustainable-wooden-toy-vehicle-Bajo.jpg","type":"image\/jpeg"}],"schema":{"@context":"https:\/\/schema.org","@graph":[{"@type":"WebPage","@id":"https:\/\/teiaeducation.ch\/fr\/produit\/transporteur-de-voitures-en-bois-bajo\/","url":"https:\/\/teiaeducation.ch\/fr\/produit\/transporteur-de-voitures-en-bois-bajo\/","name":"Transporteur de voitures en bois - Bajo","isPartOf":{"@id":"https:\/\/teiaeducation.ch\/fr\/#website"},"primaryImageOfPage":{"@id":"https:\/\/teiaeducation.ch\/fr\/produit\/transporteur-de-voitures-en-bois-bajo\/#primaryimage"},"image":{"@id":"https:\/\/teiaeducation.ch\/fr\/produit\/transporteur-de-voitures-en-bois-bajo\/#primaryimage"},"thumbnailUrl":"https:\/\/teiaeducation.ch\/wp-content\/uploads\/2023\/03\/Wooden-car-transporter-Handmade-sustainable-wooden-toy-vehicle-Bajo.jpg","datePublished":"2023-03-10T08:00:57+00:00","dateModified":"2023-03-13T08:26:43+00:00","description":"Le transporteur de voitures en bois de Bajo est un jouet de v\u00e9hicules trois en un en bois massif de haute qualit\u00e9, durable et fait \u00e0 la main en Europe.","breadcrumb":{"@id":"https:\/\/teiaeducation.ch\/fr\/produit\/transporteur-de-voitures-en-bois-bajo\/#breadcrumb"},"inLanguage":"fr-FR","potentialAction":[{"@type":"ReadAction","target":["https:\/\/teiaeducation.ch\/fr\/produit\/transporteur-de-voitures-en-bois-bajo\/"]}]},{"@type":"ImageObject","inLanguage":"fr-FR","@id":"https:\/\/teiaeducation.ch\/fr\/produit\/transporteur-de-voitures-en-bois-bajo\/#primaryimage","url":"https:\/\/teiaeducation.ch\/wp-content\/uploads\/2023\/03\/Wooden-car-transporter-Handmade-sustainable-wooden-toy-vehicle-Bajo.jpg","contentUrl":"https:\/\/teiaeducation.ch\/wp-content\/uploads\/2023\/03\/Wooden-car-transporter-Handmade-sustainable-wooden-toy-vehicle-Bajo.jpg","width":1213,"height":1104,"caption":"Bajo Transporteur de voitures en bois fait \u00e0 la main"},{"@type":"BreadcrumbList","@id":"https:\/\/teiaeducation.ch\/fr\/produit\/transporteur-de-voitures-en-bois-bajo\/#breadcrumb","itemListElement":[{"@type":"ListItem","position":1,"name":"Home","item":"https:\/\/teiaeducation.ch\/fr\/"},{"@type":"ListItem","position":2,"name":"Boutique Teia Education &amp; Play","item":"https:\/\/teiaeducation.ch\/fr\/boutique\/"},{"@type":"ListItem","position":3,"name":"Nos Marques","item":"https:\/\/teiaeducation.ch\/fr\/categorie-produit\/marques\/"},{"@type":"ListItem","position":4,"name":"Bajo","item":"https:\/\/teiaeducation.ch\/fr\/categorie-produit\/marques\/bajo-fr\/"},{"@type":"ListItem","position":5,"name":"Transporteur de voitures en bois &#8211; Bajo"}]},{"@type":"WebSite","@id":"https:\/\/teiaeducation.ch\/fr\/#website","url":"https:\/\/teiaeducation.ch\/fr\/","name":"Sustainable Educational Products &amp; Ecological Toys\u00a0","description":"Specialised Swiss shop selling sustainable educational toys and games, AMI certified Montessori materials, handmade ecological wooden Waldorf toys and arts &amp; crafts supplies, school supplies, children&#039;s furniture and Montessori reference and parenting books.","publisher":{"@id":"https:\/\/teiaeducation.ch\/fr\/#organization"},"alternateName":"Teia Education & Play","potentialAction":[{"@type":"SearchAction","target":{"@type":"EntryPoint","urlTemplate":"https:\/\/teiaeducation.ch\/fr\/?s={search_term_string}"},"query-input":{"@type":"PropertyValueSpecification","valueRequired":true,"valueName":"search_term_string"}}],"inLanguage":"fr-FR"},{"@type":"Organization","@id":"https:\/\/teiaeducation.ch\/fr\/#organization","name":"Teia Education & Play","url":"https:\/\/teiaeducation.ch\/fr\/","logo":{"@type":"ImageObject","inLanguage":"fr-FR","@id":"https:\/\/teiaeducation.ch\/fr\/#\/schema\/logo\/image\/","url":"https:\/\/teiaeducation.ch\/wp-content\/uploads\/2020\/11\/Teia-Education-Switzerland-e1620156442216.jpg","contentUrl":"https:\/\/teiaeducation.ch\/wp-content\/uploads\/2020\/11\/Teia-Education-Switzerland-e1620156442216.jpg","width":166,"height":145,"caption":"Teia Education & Play"},"image":{"@id":"https:\/\/teiaeducation.ch\/fr\/#\/schema\/logo\/image\/"},"sameAs":["https:\/\/www.facebook.com\/teiaeducation\/","https:\/\/x.com\/EducationTeia","https:\/\/www.instagram.com\/teia.education\/","https:\/\/www.linkedin.com\/company\/35501660","https:\/\/www.pinterest.ch\/TeiaEducation\/"]}]}},"_links":{"self":[{"href":"https:\/\/teiaeducation.ch\/fr\/wp-json\/wp\/v2\/product\/52240","targetHints":{"allow":["GET"]}}],"collection":[{"href":"https:\/\/teiaeducation.ch\/fr\/wp-json\/wp\/v2\/product"}],"about":[{"href":"https:\/\/teiaeducation.ch\/fr\/wp-json\/wp\/v2\/types\/product"}],"replies":[{"embeddable":true,"href":"https:\/\/teiaeducation.ch\/fr\/wp-json\/wp\/v2\/comments?post=52240"}],"wp:featuredmedia":[{"embeddable":true,"href":"https:\/\/teiaeducation.ch\/fr\/wp-json\/wp\/v2\/media\/52177"}],"wp:attachment":[{"href":"https:\/\/teiaeducation.ch\/fr\/wp-json\/wp\/v2\/media?parent=52240"}],"wp:term":[{"taxonomy":"product_brand","embeddable":true,"href":"https:\/\/teiaeducation.ch\/fr\/wp-json\/wp\/v2\/product_brand?post=52240"},{"taxonomy":"product_cat","embeddable":true,"href":"https:\/\/teiaeducation.ch\/fr\/wp-json\/wp\/v2\/product_cat?post=52240"},{"taxonomy":"product_tag","embeddable":true,"href":"https:\/\/teiaeducation.ch\/fr\/wp-json\/wp\/v2\/product_tag?post=52240"}],"curies":[{"name":"wp","href":"https:\/\/api.w.org\/{rel}","templated":true}]}}