{"id":52241,"date":"2023-03-10T11:50:31","date_gmt":"2023-03-10T10:50:31","guid":{"rendered":"https:\/\/teiaeducation.ch\/product\/camping-car-en-bois-avec-planche-de-surf-bajo\/"},"modified":"2023-03-13T09:36:28","modified_gmt":"2023-03-13T08:36:28","slug":"camping-car-en-bois-avec-planche-de-surf-bajo","status":"publish","type":"product","link":"https:\/\/teiaeducation.ch\/fr\/produit\/camping-car-en-bois-avec-planche-de-surf-bajo\/","title":{"rendered":"Camping-car en bois avec planche de surf &#8211; Bajo"},"content":{"rendered":"<p>Le camping-car en bois de Bajo avec planche de surf est un jouet <a href=\"https:\/\/teiaeducation.ch\/fr\/categorie-produit\/jouer\/voitures-vehicules\/\">v\u00e9hicule<\/a>\u00a0en bois durable intelligemment con\u00e7u et fait \u00e0 la main. Le camping-car rouge est \u00e9quip\u00e9 d&#8217;une planche de surf amovible qui se transporte sur le toit.<\/p>\n<p>La planche de surf peut \u00eatre facilement attach\u00e9e et retir\u00e9e du camping-car. Le camping-car peut \u00eatre utilis\u00e9 s\u00e9par\u00e9ment et la planche de surf se d\u00e9place toute seule sur n&#8217;importe quelle surface d&#8217;eau lorsqu&#8217;elle est retir\u00e9e du toit. Les enfants seront ravis de jouer avec ce superbe ensemble de v\u00e9hicules !<\/p>\n<p>Ajoutant un design classique et de la beaut\u00e9 \u00e0 toute \u00e9tag\u00e8re de jouets, cet adorable ensemble de jouets en bois deux-en-un est tactile et facile \u00e0 saisir pour les petites mains, avec une valeur ludique merveilleusement satisfaisante.<\/p>\n<p>R\u00e9alis\u00e9s en Pologne \u00e0 partir de bois europ\u00e9en massif, le camping-car rouge et la planche de surf vert p\u00e2le ont \u00e9t\u00e9 finis \u00e0 l&#8217;aide d&#8217;une peinture non toxique \u00e0 base d&#8217;eau et d&#8217;une huile naturelle afin de laisser transpara\u00eetre la beaut\u00e9 du bois.<\/p>\n<p>Les <a href=\"https:\/\/teiaeducation.ch\/fr\/categorie-produit\/jouer\/jouets-en-bois\/\">jouets<\/a> en bois innovants et de haute qualit\u00e9 de la marque polonaise Bajo sont tous fabriqu\u00e9s de mani\u00e8re durable en Pologne. Leurs produits prim\u00e9s sont tous conformes aux crit\u00e8res europ\u00e9ens de s\u00e9curit\u00e9 EN71 pour les jouets en bois et seuls des mat\u00e9riaux soigneusement s\u00e9lectionn\u00e9s de la plus haute qualit\u00e9 provenant de fournisseurs locaux certifi\u00e9s sont utilis\u00e9s. Seules les peintures europ\u00e9ennes pour bois, \u00e0 base d\u2019eau et non toxiques, conformes \u00e0 la norme \u00e9cologique, sont utilis\u00e9es pour fabriquer et finir \u00e0 la main les jouets et les meubles.<\/p>\n<p>En harmonie avec la p\u00e9dagogie Waldorf, <a href=\"https:\/\/teiaeducation.ch\/fr\/categorie-produit\/marques\/bajo-fr\/\">Bajo<\/a> croit que le contact avec le bois et sa chaleur est crucial dans la formation de la conscience environnementale et que les jouets en bois transmettent l\u2019amour pour la <a href=\"https:\/\/teiaeducation.ch\/fr\/categorie-produit\/jouer\/jeu-de-la-nature\/\">nature<\/a> d\u2019une mani\u00e8re parfaite.<\/p>\n<p>Le camping-car en bois avec planche de surf convient aux enfants \u00e2g\u00e9s de 2 ans et plus.<\/p>\n<p>Contenu:<\/p>\n<p>2 pi\u00e8ces en bois :<br \/>\n1 camping-car<br \/>\n1 planche de surf<\/p>\n","protected":false},"excerpt":{"rendered":"<p>Num\u00e9ro d&#8217;article: 43.46490<\/p>\n<p>Le camping-car en bois avec planche de surf de Bajo est un jouet v\u00e9hicules deux-en-un en bois massif de haute qualit\u00e9, durable et fait \u00e0 la main, fabriqu\u00e9 en Europe.<\/p>\n","protected":false},"featured_media":52194,"comment_status":"open","ping_status":"closed","template":"","meta":[],"product_brand":[],"product_cat":[208,215,17207,23635,22344,17242,21257,13130,23020,23021,217,5851,212,17236],"product_tag":[24679,24673,24677,17961,17895,17960,24674,17563,24678,24675,24676,24680],"class_list":{"0":"post-52241","1":"product","2":"type-product","3":"status-publish","4":"has-post-thumbnail","6":"product_cat-1-3-ans","7":"product_cat-3-6-ans","8":"product_cat-bajo-fr","9":"product_cat-collection-dete","10":"product_cat-collections-saisonnieres","11":"product_cat-guide-cadeaux-1-3-ans","12":"product_cat-guides-cadeaux","13":"product_cat-jouer","14":"product_cat-jouets-en-bois","15":"product_cat-jouets-waldorf","16":"product_cat-marques","17":"product_cat-nouveautes","18":"product_cat-tranche-dage","19":"product_cat-voitures-vehicules","20":"product_tag-bajo-fr","21":"product_tag-bajo-eco-transporteur-de-voitures","22":"product_tag-bajo-eco-voiture","23":"product_tag-bajo-schweiz-fr","24":"product_tag-bajo-suisse-fr","25":"product_tag-bajo-suisse-fr-2","26":"product_tag-bajo-transporteur-de-voitures","27":"product_tag-jouets-en-bois-durables","28":"product_tag-jouets-en-bois-eco-voiture","29":"product_tag-transporteur-de-voitures-en-bois","30":"product_tag-transporteur-de-voitures-en-bois-fr","31":"product_tag-transporteur-de-voitures-en-bois-bajo","33":"first","34":"instock","35":"taxable","36":"shipping-taxable","37":"purchasable","38":"product-type-simple"},"yoast_head":"<!-- This site is optimized with the Yoast SEO plugin v27.1.1 - https:\/\/yoast.com\/product\/yoast-seo-wordpress\/ -->\n<title>Camping-car en bois avec planche de surf - Bajo<\/title>\n<meta name=\"description\" content=\"Le camping-car en bois avec planche de surf de Bajo est un jouet v\u00e9hicules deux-en-un en bois massif de haute qualit\u00e9, durable et fait main en Europe.\" \/>\n<meta name=\"robots\" content=\"index, follow, max-snippet:-1, max-image-preview:large, max-video-preview:-1\" \/>\n<link rel=\"canonical\" href=\"https:\/\/teiaeducation.ch\/fr\/produit\/camping-car-en-bois-avec-planche-de-surf-bajo\/\" \/>\n<meta property=\"og:locale\" content=\"fr_FR\" \/>\n<meta property=\"og:type\" content=\"article\" \/>\n<meta property=\"og:title\" content=\"Camping-car en bois avec planche de surf - Bajo\" \/>\n<meta property=\"og:description\" content=\"Le camping-car en bois avec planche de surf de Bajo est un jouet v\u00e9hicules deux-en-un en bois massif de haute qualit\u00e9, durable et fait main en Europe.\" \/>\n<meta property=\"og:url\" content=\"https:\/\/teiaeducation.ch\/fr\/produit\/camping-car-en-bois-avec-planche-de-surf-bajo\/\" \/>\n<meta property=\"og:site_name\" content=\"Sustainable Educational Products &amp; Ecological Toys\u00a0\" \/>\n<meta property=\"article:publisher\" content=\"https:\/\/www.facebook.com\/teiaeducation\/\" \/>\n<meta property=\"article:modified_time\" content=\"2023-03-13T08:36:28+00:00\" \/>\n<meta property=\"og:image\" content=\"https:\/\/teiaeducation.ch\/wp-content\/uploads\/2023\/03\/Wooden-camper-with-surfboard-Handmade-sustainable-wooden-toy-vehicle-Bajo-1-e1678445955755.jpg\" \/>\n\t<meta property=\"og:image:width\" content=\"750\" \/>\n\t<meta property=\"og:image:height\" content=\"750\" \/>\n\t<meta property=\"og:image:type\" content=\"image\/jpeg\" \/>\n<script type=\"application\/ld+json\" class=\"yoast-schema-graph\">{\"@context\":\"https:\/\/schema.org\",\"@graph\":[{\"@type\":\"WebPage\",\"@id\":\"https:\/\/teiaeducation.ch\/fr\/produit\/camping-car-en-bois-avec-planche-de-surf-bajo\/\",\"url\":\"https:\/\/teiaeducation.ch\/fr\/produit\/camping-car-en-bois-avec-planche-de-surf-bajo\/\",\"name\":\"Camping-car en bois avec planche de surf - Bajo\",\"isPartOf\":{\"@id\":\"https:\/\/teiaeducation.ch\/fr\/#website\"},\"primaryImageOfPage\":{\"@id\":\"https:\/\/teiaeducation.ch\/fr\/produit\/camping-car-en-bois-avec-planche-de-surf-bajo\/#primaryimage\"},\"image\":{\"@id\":\"https:\/\/teiaeducation.ch\/fr\/produit\/camping-car-en-bois-avec-planche-de-surf-bajo\/#primaryimage\"},\"thumbnailUrl\":\"https:\/\/teiaeducation.ch\/wp-content\/uploads\/2023\/03\/Wooden-camper-with-surfboard-Handmade-sustainable-wooden-toy-vehicle-Bajo-1-e1678445955755.jpg\",\"datePublished\":\"2023-03-10T10:50:31+00:00\",\"dateModified\":\"2023-03-13T08:36:28+00:00\",\"description\":\"Le camping-car en bois avec planche de surf de Bajo est un jouet v\u00e9hicules deux-en-un en bois massif de haute qualit\u00e9, durable et fait main en Europe.\",\"breadcrumb\":{\"@id\":\"https:\/\/teiaeducation.ch\/fr\/produit\/camping-car-en-bois-avec-planche-de-surf-bajo\/#breadcrumb\"},\"inLanguage\":\"fr-FR\",\"potentialAction\":[{\"@type\":\"ReadAction\",\"target\":[\"https:\/\/teiaeducation.ch\/fr\/produit\/camping-car-en-bois-avec-planche-de-surf-bajo\/\"]}]},{\"@type\":\"ImageObject\",\"inLanguage\":\"fr-FR\",\"@id\":\"https:\/\/teiaeducation.ch\/fr\/produit\/camping-car-en-bois-avec-planche-de-surf-bajo\/#primaryimage\",\"url\":\"https:\/\/teiaeducation.ch\/wp-content\/uploads\/2023\/03\/Wooden-camper-with-surfboard-Handmade-sustainable-wooden-toy-vehicle-Bajo-1-e1678445955755.jpg\",\"contentUrl\":\"https:\/\/teiaeducation.ch\/wp-content\/uploads\/2023\/03\/Wooden-camper-with-surfboard-Handmade-sustainable-wooden-toy-vehicle-Bajo-1-e1678445955755.jpg\",\"width\":750,\"height\":750,\"caption\":\"Camping-car en bois avec planche de surf Bajo jouet en bois fait main\"},{\"@type\":\"BreadcrumbList\",\"@id\":\"https:\/\/teiaeducation.ch\/fr\/produit\/camping-car-en-bois-avec-planche-de-surf-bajo\/#breadcrumb\",\"itemListElement\":[{\"@type\":\"ListItem\",\"position\":1,\"name\":\"Home\",\"item\":\"https:\/\/teiaeducation.ch\/fr\/\"},{\"@type\":\"ListItem\",\"position\":2,\"name\":\"Boutique Teia Education &amp; Play\",\"item\":\"https:\/\/teiaeducation.ch\/fr\/boutique\/\"},{\"@type\":\"ListItem\",\"position\":3,\"name\":\"Nos Marques\",\"item\":\"https:\/\/teiaeducation.ch\/fr\/categorie-produit\/marques\/\"},{\"@type\":\"ListItem\",\"position\":4,\"name\":\"Bajo\",\"item\":\"https:\/\/teiaeducation.ch\/fr\/categorie-produit\/marques\/bajo-fr\/\"},{\"@type\":\"ListItem\",\"position\":5,\"name\":\"Camping-car en bois avec planche de surf &#8211; Bajo\"}]},{\"@type\":\"WebSite\",\"@id\":\"https:\/\/teiaeducation.ch\/fr\/#website\",\"url\":\"https:\/\/teiaeducation.ch\/fr\/\",\"name\":\"Sustainable Educational Products &amp; Ecological Toys\u00a0\",\"description\":\"Specialised Swiss shop selling sustainable educational toys and games, AMI certified Montessori materials, handmade ecological wooden Waldorf toys and arts &amp; crafts supplies, school supplies, children&#039;s furniture and Montessori reference and parenting books.\",\"publisher\":{\"@id\":\"https:\/\/teiaeducation.ch\/fr\/#organization\"},\"alternateName\":\"Teia Education & Play\",\"potentialAction\":[{\"@type\":\"SearchAction\",\"target\":{\"@type\":\"EntryPoint\",\"urlTemplate\":\"https:\/\/teiaeducation.ch\/fr\/?s={search_term_string}\"},\"query-input\":{\"@type\":\"PropertyValueSpecification\",\"valueRequired\":true,\"valueName\":\"search_term_string\"}}],\"inLanguage\":\"fr-FR\"},{\"@type\":\"Organization\",\"@id\":\"https:\/\/teiaeducation.ch\/fr\/#organization\",\"name\":\"Teia Education & Play\",\"url\":\"https:\/\/teiaeducation.ch\/fr\/\",\"logo\":{\"@type\":\"ImageObject\",\"inLanguage\":\"fr-FR\",\"@id\":\"https:\/\/teiaeducation.ch\/fr\/#\/schema\/logo\/image\/\",\"url\":\"https:\/\/teiaeducation.ch\/wp-content\/uploads\/2020\/11\/Teia-Education-Switzerland-e1620156442216.jpg\",\"contentUrl\":\"https:\/\/teiaeducation.ch\/wp-content\/uploads\/2020\/11\/Teia-Education-Switzerland-e1620156442216.jpg\",\"width\":166,\"height\":145,\"caption\":\"Teia Education & Play\"},\"image\":{\"@id\":\"https:\/\/teiaeducation.ch\/fr\/#\/schema\/logo\/image\/\"},\"sameAs\":[\"https:\/\/www.facebook.com\/teiaeducation\/\",\"https:\/\/x.com\/EducationTeia\",\"https:\/\/www.instagram.com\/teia.education\/\",\"https:\/\/www.linkedin.com\/company\/35501660\",\"https:\/\/www.pinterest.ch\/TeiaEducation\/\"]}]}<\/script>\n<!-- \/ Yoast SEO plugin. -->","yoast_head_json":{"title":"Camping-car en bois avec planche de surf - Bajo","description":"Le camping-car en bois avec planche de surf de Bajo est un jouet v\u00e9hicules deux-en-un en bois massif de haute qualit\u00e9, durable et fait main en Europe.","robots":{"index":"index","follow":"follow","max-snippet":"max-snippet:-1","max-image-preview":"max-image-preview:large","max-video-preview":"max-video-preview:-1"},"canonical":"https:\/\/teiaeducation.ch\/fr\/produit\/camping-car-en-bois-avec-planche-de-surf-bajo\/","og_locale":"fr_FR","og_type":"article","og_title":"Camping-car en bois avec planche de surf - Bajo","og_description":"Le camping-car en bois avec planche de surf de Bajo est un jouet v\u00e9hicules deux-en-un en bois massif de haute qualit\u00e9, durable et fait main en Europe.","og_url":"https:\/\/teiaeducation.ch\/fr\/produit\/camping-car-en-bois-avec-planche-de-surf-bajo\/","og_site_name":"Sustainable Educational Products &amp; Ecological Toys\u00a0","article_publisher":"https:\/\/www.facebook.com\/teiaeducation\/","article_modified_time":"2023-03-13T08:36:28+00:00","og_image":[{"width":750,"height":750,"url":"https:\/\/teiaeducation.ch\/wp-content\/uploads\/2023\/03\/Wooden-camper-with-surfboard-Handmade-sustainable-wooden-toy-vehicle-Bajo-1-e1678445955755.jpg","type":"image\/jpeg"}],"schema":{"@context":"https:\/\/schema.org","@graph":[{"@type":"WebPage","@id":"https:\/\/teiaeducation.ch\/fr\/produit\/camping-car-en-bois-avec-planche-de-surf-bajo\/","url":"https:\/\/teiaeducation.ch\/fr\/produit\/camping-car-en-bois-avec-planche-de-surf-bajo\/","name":"Camping-car en bois avec planche de surf - Bajo","isPartOf":{"@id":"https:\/\/teiaeducation.ch\/fr\/#website"},"primaryImageOfPage":{"@id":"https:\/\/teiaeducation.ch\/fr\/produit\/camping-car-en-bois-avec-planche-de-surf-bajo\/#primaryimage"},"image":{"@id":"https:\/\/teiaeducation.ch\/fr\/produit\/camping-car-en-bois-avec-planche-de-surf-bajo\/#primaryimage"},"thumbnailUrl":"https:\/\/teiaeducation.ch\/wp-content\/uploads\/2023\/03\/Wooden-camper-with-surfboard-Handmade-sustainable-wooden-toy-vehicle-Bajo-1-e1678445955755.jpg","datePublished":"2023-03-10T10:50:31+00:00","dateModified":"2023-03-13T08:36:28+00:00","description":"Le camping-car en bois avec planche de surf de Bajo est un jouet v\u00e9hicules deux-en-un en bois massif de haute qualit\u00e9, durable et fait main en Europe.","breadcrumb":{"@id":"https:\/\/teiaeducation.ch\/fr\/produit\/camping-car-en-bois-avec-planche-de-surf-bajo\/#breadcrumb"},"inLanguage":"fr-FR","potentialAction":[{"@type":"ReadAction","target":["https:\/\/teiaeducation.ch\/fr\/produit\/camping-car-en-bois-avec-planche-de-surf-bajo\/"]}]},{"@type":"ImageObject","inLanguage":"fr-FR","@id":"https:\/\/teiaeducation.ch\/fr\/produit\/camping-car-en-bois-avec-planche-de-surf-bajo\/#primaryimage","url":"https:\/\/teiaeducation.ch\/wp-content\/uploads\/2023\/03\/Wooden-camper-with-surfboard-Handmade-sustainable-wooden-toy-vehicle-Bajo-1-e1678445955755.jpg","contentUrl":"https:\/\/teiaeducation.ch\/wp-content\/uploads\/2023\/03\/Wooden-camper-with-surfboard-Handmade-sustainable-wooden-toy-vehicle-Bajo-1-e1678445955755.jpg","width":750,"height":750,"caption":"Camping-car en bois avec planche de surf Bajo jouet en bois fait main"},{"@type":"BreadcrumbList","@id":"https:\/\/teiaeducation.ch\/fr\/produit\/camping-car-en-bois-avec-planche-de-surf-bajo\/#breadcrumb","itemListElement":[{"@type":"ListItem","position":1,"name":"Home","item":"https:\/\/teiaeducation.ch\/fr\/"},{"@type":"ListItem","position":2,"name":"Boutique Teia Education &amp; Play","item":"https:\/\/teiaeducation.ch\/fr\/boutique\/"},{"@type":"ListItem","position":3,"name":"Nos Marques","item":"https:\/\/teiaeducation.ch\/fr\/categorie-produit\/marques\/"},{"@type":"ListItem","position":4,"name":"Bajo","item":"https:\/\/teiaeducation.ch\/fr\/categorie-produit\/marques\/bajo-fr\/"},{"@type":"ListItem","position":5,"name":"Camping-car en bois avec planche de surf &#8211; Bajo"}]},{"@type":"WebSite","@id":"https:\/\/teiaeducation.ch\/fr\/#website","url":"https:\/\/teiaeducation.ch\/fr\/","name":"Sustainable Educational Products &amp; Ecological Toys\u00a0","description":"Specialised Swiss shop selling sustainable educational toys and games, AMI certified Montessori materials, handmade ecological wooden Waldorf toys and arts &amp; crafts supplies, school supplies, children&#039;s furniture and Montessori reference and parenting books.","publisher":{"@id":"https:\/\/teiaeducation.ch\/fr\/#organization"},"alternateName":"Teia Education & Play","potentialAction":[{"@type":"SearchAction","target":{"@type":"EntryPoint","urlTemplate":"https:\/\/teiaeducation.ch\/fr\/?s={search_term_string}"},"query-input":{"@type":"PropertyValueSpecification","valueRequired":true,"valueName":"search_term_string"}}],"inLanguage":"fr-FR"},{"@type":"Organization","@id":"https:\/\/teiaeducation.ch\/fr\/#organization","name":"Teia Education & Play","url":"https:\/\/teiaeducation.ch\/fr\/","logo":{"@type":"ImageObject","inLanguage":"fr-FR","@id":"https:\/\/teiaeducation.ch\/fr\/#\/schema\/logo\/image\/","url":"https:\/\/teiaeducation.ch\/wp-content\/uploads\/2020\/11\/Teia-Education-Switzerland-e1620156442216.jpg","contentUrl":"https:\/\/teiaeducation.ch\/wp-content\/uploads\/2020\/11\/Teia-Education-Switzerland-e1620156442216.jpg","width":166,"height":145,"caption":"Teia Education & Play"},"image":{"@id":"https:\/\/teiaeducation.ch\/fr\/#\/schema\/logo\/image\/"},"sameAs":["https:\/\/www.facebook.com\/teiaeducation\/","https:\/\/x.com\/EducationTeia","https:\/\/www.instagram.com\/teia.education\/","https:\/\/www.linkedin.com\/company\/35501660","https:\/\/www.pinterest.ch\/TeiaEducation\/"]}]}},"_links":{"self":[{"href":"https:\/\/teiaeducation.ch\/fr\/wp-json\/wp\/v2\/product\/52241","targetHints":{"allow":["GET"]}}],"collection":[{"href":"https:\/\/teiaeducation.ch\/fr\/wp-json\/wp\/v2\/product"}],"about":[{"href":"https:\/\/teiaeducation.ch\/fr\/wp-json\/wp\/v2\/types\/product"}],"replies":[{"embeddable":true,"href":"https:\/\/teiaeducation.ch\/fr\/wp-json\/wp\/v2\/comments?post=52241"}],"wp:featuredmedia":[{"embeddable":true,"href":"https:\/\/teiaeducation.ch\/fr\/wp-json\/wp\/v2\/media\/52194"}],"wp:attachment":[{"href":"https:\/\/teiaeducation.ch\/fr\/wp-json\/wp\/v2\/media?parent=52241"}],"wp:term":[{"taxonomy":"product_brand","embeddable":true,"href":"https:\/\/teiaeducation.ch\/fr\/wp-json\/wp\/v2\/product_brand?post=52241"},{"taxonomy":"product_cat","embeddable":true,"href":"https:\/\/teiaeducation.ch\/fr\/wp-json\/wp\/v2\/product_cat?post=52241"},{"taxonomy":"product_tag","embeddable":true,"href":"https:\/\/teiaeducation.ch\/fr\/wp-json\/wp\/v2\/product_tag?post=52241"}],"curies":[{"name":"wp","href":"https:\/\/api.w.org\/{rel}","templated":true}]}}