{"id":52264,"date":"2023-03-13T11:01:06","date_gmt":"2023-03-13T10:01:06","guid":{"rendered":"https:\/\/teiaeducation.ch\/product\/hotel-a-insectes-vilac\/"},"modified":"2023-03-13T12:17:35","modified_gmt":"2023-03-13T11:17:35","slug":"hotel-a-insectes-vilac","status":"publish","type":"product","link":"https:\/\/teiaeducation.ch\/fr\/produit\/hotel-a-insectes-vilac\/","title":{"rendered":"Hotel \u00e0 insectes &#8211; Vilac"},"content":{"rendered":"<p>Ce grand h\u00f4tel \u00e0 insectes de Vilac pour enfants est un <a href=\"https:\/\/teiaeducation.ch\/fr\/categorie-produit\/jouer\/jeu-de-la-nature\/\">jouet de nature<\/a> id\u00e9al pour les jeunes <a href=\"https:\/\/teiaeducation.ch\/fr\/categorie-produit\/creativite-beaux-arts-et-bricolage\/jardinage\/\">jardiniers<\/a>. Il leur permet de cr\u00e9er un joli habitat dans le jardin pour les insectes, les abeilles et toutes sortes de petites b\u00eates !<\/p>\n<p>L&#8217;h\u00f4tel \u00e0 insectes en bois brut issu du d\u00e9veloppement durable a beaucoup \u00e0 offrir \u00e0 ses habitants. Outre les nids d&#8217;abeilles et le balcon en paille, les petits amis de la nature peuvent s&#8217;installer confortablement sur le petit lit en pommes de pin du rez-de-chauss\u00e9e de l&#8217;h\u00f4tel.<\/p>\n<p>Ce charmant h\u00f4tel \u00e0 insectes offre aux enfants tout ce qu&#8217;il faut pour se plonger dans le monde de l&#8217;exploration et de l&#8217;observation de la nature et leur procurer des heures de plaisir. Il aidera les adultes \u00e0 expliquer la nature et notre \u00e9cosyst\u00e8me aux enfants, \u00e0 faire tomber les inhibitions et \u00e0 observer les petits habitants de la nature.<\/p>\n<p>L&#8217;h\u00f4tel \u00e0 insectes mesure 18,5 x 33 x 10 cm et est un cadeau id\u00e9al pour tout enfant \u00e2g\u00e9 de 3 ans et plus !<\/p>\n<p>La marque fran\u00e7aise de jouets traditionnels <a href=\"https:\/\/teiaeducation.ch\/fr\/categorie-produit\/marques\/vilac-fr\/\">Vilac<\/a> fabrique depuis plus de 100 ans des <a href=\"https:\/\/teiaeducation.ch\/fr\/categorie-produit\/jouer\/jouets-en-bois\/\">jouets en bois<\/a> de haute qualit\u00e9, s\u00fbrs et durables. Leurs jouets sont con\u00e7us pour durer, jour apr\u00e8s jour, ann\u00e9e apr\u00e8s ann\u00e9e. Tous les jouets Vilac sont con\u00e7us dans le Jura fran\u00e7ais, avec un grand respect du d\u00e9tail et de belles finitions, \u00e0 partir de bois issus de for\u00eats g\u00e9r\u00e9es durablement.<\/p>\n<p>Les jouets Vilac sont s\u00fbrs pour enfants de tous \u00e2ges. Toutes les laques et peintures sont test\u00e9es par des laboratoires agr\u00e9\u00e9s et sont garanties sans allerg\u00e8nes, sans phtalates et sans plomb. Ce qui garantit que les jouets peuvent \u00eatre pass\u00e9s de main en main sans risque. Les jouets Vilac sont marqu\u00e9s CE et respectent les exigences essentielles de la directive europ\u00e9enne n\u00b0 2009\/48\/CE relative \u00e0 la s\u00e9curit\u00e9 des jouets \u00e0 tous les stades de leur fabrication. Ils sont donc conformes \u00e0 la norme EN 71\/1-2-3 relative aux jouets.<\/p>\n<p>L&#8217;h\u00f4tel \u00e0 insectes Vilac est recommand\u00e9 pour les enfants \u00e0 partir de 3 ans.<\/p>\n<p>Contenu:<\/p>\n<p>1 h\u00f4tel \u00e0 insectes (18,5 x 33 x 10 cm)<\/p>\n","protected":false},"excerpt":{"rendered":"<p>Num\u00e9ro d&#8217;article: 83.3808<\/p>\n<p>L&#8217;h\u00f4tel \u00e0 insectes de Vilac, fabriqu\u00e9 durablement, est parfait pour enfants de cr\u00e9er une jolie maison dans le jardin pour les insectes et les abeilles !<\/p>\n","protected":false},"featured_media":52247,"comment_status":"open","ping_status":"closed","template":"","meta":[],"product_brand":[],"product_cat":[215,216,23635,18893,22344,284,283,592,17239,21257,22421,18913,13130,23132,22181,7595,217,5851,212,23072],"product_tag":[24707,24708,19093,19016,24697,24703,24701,24706,24705,19092,24704,19096,24702,24695,24696,24698,24699,24700],"class_list":{"0":"post-52264","1":"product","2":"type-product","3":"status-publish","4":"has-post-thumbnail","6":"product_cat-3-6-ans","7":"product_cat-6-12-ans","8":"product_cat-collection-dete","9":"product_cat-collection-printemps","10":"product_cat-collections-saisonnieres","11":"product_cat-culture-sciences","12":"product_cat-domaines-du-curriculum","13":"product_cat-geographie-animale","14":"product_cat-guide-cadeaux-educatifs","15":"product_cat-guides-cadeaux","16":"product_cat-idees-cadeaux-pour-paques","17":"product_cat-jeu-de-la-nature","18":"product_cat-jouer","19":"product_cat-jouets-de-plein-air","20":"product_cat-jouets-montessori","21":"product_cat-methode-deducation","22":"product_cat-marques","23":"product_cat-nouveautes","24":"product_cat-tranche-dage","25":"product_cat-vilac-fr","26":"product_tag-a-la-decouverte-des-abeilles","27":"product_tag-a-la-decouverte-des-insectes","28":"product_tag-activites-nature-pour-les-enfants","29":"product_tag-activites-traditionnelles-pour-les-enfants","30":"product_tag-collection-de-jardin-vilac","31":"product_tag-ensemble-de-jardin-vilac-enfant","32":"product_tag-grand-ensemble-de-jardin-vilac","33":"product_tag-hotel-a-bestioles-vilac","34":"product_tag-hotel-a-insectes-vilac","35":"product_tag-jeu-de-la-nature","36":"product_tag-le-jardinage-avec-les-enfants","37":"product_tag-loisirs-traditionnels-pour-les-enfants","38":"product_tag-outils-de-jardinage-vilac-pour-enfants","39":"product_tag-vilac-jouets","40":"product_tag-vilac-le-jardin-fr","41":"product_tag-vilac-schweiz-fr","42":"product_tag-vilac-suisse-fr","43":"product_tag-vilac-switzerland-fr","45":"first","46":"instock","47":"taxable","48":"shipping-taxable","49":"purchasable","50":"product-type-simple"},"yoast_head":"<!-- This site is optimized with the Yoast SEO Premium plugin v25.8 (Yoast SEO v27.4) - https:\/\/yoast.com\/product\/yoast-seo-premium-wordpress\/ -->\n<title>Hotel \u00e0 insectes - Vilac - Teia Education &amp; Play<\/title>\n<meta name=\"description\" content=\"L&#039;h\u00f4tel \u00e0 insectes de Vilac, fabriqu\u00e9 durablement, est parfait pour enfants de cr\u00e9er une jolie maison dans le jardin pour les insectes et les abeilles !\" \/>\n<meta name=\"robots\" content=\"index, follow, max-snippet:-1, max-image-preview:large, max-video-preview:-1\" \/>\n<link rel=\"canonical\" href=\"https:\/\/teiaeducation.ch\/fr\/produit\/hotel-a-insectes-vilac\/\" \/>\n<meta property=\"og:locale\" content=\"fr_FR\" \/>\n<meta property=\"og:type\" content=\"article\" \/>\n<meta property=\"og:title\" content=\"Hotel \u00e0 insectes - Vilac\" \/>\n<meta property=\"og:description\" content=\"L&#039;h\u00f4tel \u00e0 insectes de Vilac, fabriqu\u00e9 durablement, est parfait pour enfants de cr\u00e9er une jolie maison dans le jardin pour les insectes et les abeilles !\" \/>\n<meta property=\"og:url\" content=\"https:\/\/teiaeducation.ch\/fr\/produit\/hotel-a-insectes-vilac\/\" \/>\n<meta property=\"og:site_name\" content=\"Sustainable Educational Products &amp; Ecological Toys\u00a0\" \/>\n<meta property=\"article:publisher\" content=\"https:\/\/www.facebook.com\/teiaeducation\/\" \/>\n<meta property=\"article:modified_time\" content=\"2023-03-13T11:17:35+00:00\" \/>\n<meta property=\"og:image\" content=\"https:\/\/teiaeducation.ch\/wp-content\/uploads\/2023\/03\/Insect-hotel-Vilac-1.jpg\" \/>\n\t<meta property=\"og:image:width\" content=\"1000\" \/>\n\t<meta property=\"og:image:height\" content=\"1000\" \/>\n\t<meta property=\"og:image:type\" content=\"image\/jpeg\" \/>\n<script type=\"application\/ld+json\" class=\"yoast-schema-graph\">{\"@context\":\"https:\\\/\\\/schema.org\",\"@graph\":[{\"@type\":\"WebPage\",\"@id\":\"https:\\\/\\\/teiaeducation.ch\\\/fr\\\/produit\\\/hotel-a-insectes-vilac\\\/\",\"url\":\"https:\\\/\\\/teiaeducation.ch\\\/fr\\\/produit\\\/hotel-a-insectes-vilac\\\/\",\"name\":\"Hotel \u00e0 insectes - Vilac - Teia Education & Play\",\"isPartOf\":{\"@id\":\"https:\\\/\\\/teiaeducation.ch\\\/fr\\\/#website\"},\"primaryImageOfPage\":{\"@id\":\"https:\\\/\\\/teiaeducation.ch\\\/fr\\\/produit\\\/hotel-a-insectes-vilac\\\/#primaryimage\"},\"image\":{\"@id\":\"https:\\\/\\\/teiaeducation.ch\\\/fr\\\/produit\\\/hotel-a-insectes-vilac\\\/#primaryimage\"},\"thumbnailUrl\":\"https:\\\/\\\/teiaeducation.ch\\\/wp-content\\\/uploads\\\/2023\\\/03\\\/Insect-hotel-Vilac-1.jpg\",\"datePublished\":\"2023-03-13T10:01:06+00:00\",\"dateModified\":\"2023-03-13T11:17:35+00:00\",\"description\":\"L'h\u00f4tel \u00e0 insectes de Vilac, fabriqu\u00e9 durablement, est parfait pour enfants de cr\u00e9er une jolie maison dans le jardin pour les insectes et les abeilles !\",\"breadcrumb\":{\"@id\":\"https:\\\/\\\/teiaeducation.ch\\\/fr\\\/produit\\\/hotel-a-insectes-vilac\\\/#breadcrumb\"},\"inLanguage\":\"fr-FR\",\"potentialAction\":[{\"@type\":\"ReadAction\",\"target\":[\"https:\\\/\\\/teiaeducation.ch\\\/fr\\\/produit\\\/hotel-a-insectes-vilac\\\/\"]}]},{\"@type\":\"ImageObject\",\"inLanguage\":\"fr-FR\",\"@id\":\"https:\\\/\\\/teiaeducation.ch\\\/fr\\\/produit\\\/hotel-a-insectes-vilac\\\/#primaryimage\",\"url\":\"https:\\\/\\\/teiaeducation.ch\\\/wp-content\\\/uploads\\\/2023\\\/03\\\/Insect-hotel-Vilac-1.jpg\",\"contentUrl\":\"https:\\\/\\\/teiaeducation.ch\\\/wp-content\\\/uploads\\\/2023\\\/03\\\/Insect-hotel-Vilac-1.jpg\",\"width\":1000,\"height\":1000,\"caption\":\"H\u00f4tel \u00e0 insectes pour enfants Vilac\"},{\"@type\":\"BreadcrumbList\",\"@id\":\"https:\\\/\\\/teiaeducation.ch\\\/fr\\\/produit\\\/hotel-a-insectes-vilac\\\/#breadcrumb\",\"itemListElement\":[{\"@type\":\"ListItem\",\"position\":1,\"name\":\"Home\",\"item\":\"https:\\\/\\\/teiaeducation.ch\\\/fr\\\/\"},{\"@type\":\"ListItem\",\"position\":2,\"name\":\"Boutique Teia Education &amp; Play\",\"item\":\"https:\\\/\\\/teiaeducation.ch\\\/fr\\\/boutique\\\/\"},{\"@type\":\"ListItem\",\"position\":3,\"name\":\"Nos Marques\",\"item\":\"https:\\\/\\\/teiaeducation.ch\\\/fr\\\/categorie-produit\\\/marques\\\/\"},{\"@type\":\"ListItem\",\"position\":4,\"name\":\"Vilac\",\"item\":\"https:\\\/\\\/teiaeducation.ch\\\/fr\\\/categorie-produit\\\/marques\\\/vilac-fr\\\/\"},{\"@type\":\"ListItem\",\"position\":5,\"name\":\"Hotel \u00e0 insectes &#8211; Vilac\"}]},{\"@type\":\"WebSite\",\"@id\":\"https:\\\/\\\/teiaeducation.ch\\\/fr\\\/#website\",\"url\":\"https:\\\/\\\/teiaeducation.ch\\\/fr\\\/\",\"name\":\"Sustainable Educational Products &amp; Ecological Toys\u00a0\",\"description\":\"Specialised Swiss shop selling sustainable educational toys and games, AMI certified Montessori materials, handmade ecological wooden Waldorf toys and arts &amp; crafts supplies, school supplies, children&#039;s furniture and Montessori reference and parenting books.\",\"publisher\":{\"@id\":\"https:\\\/\\\/teiaeducation.ch\\\/fr\\\/#organization\"},\"alternateName\":\"Teia Education & Play\",\"potentialAction\":[{\"@type\":\"SearchAction\",\"target\":{\"@type\":\"EntryPoint\",\"urlTemplate\":\"https:\\\/\\\/teiaeducation.ch\\\/fr\\\/?s={search_term_string}\"},\"query-input\":{\"@type\":\"PropertyValueSpecification\",\"valueRequired\":true,\"valueName\":\"search_term_string\"}}],\"inLanguage\":\"fr-FR\"},{\"@type\":\"Organization\",\"@id\":\"https:\\\/\\\/teiaeducation.ch\\\/fr\\\/#organization\",\"name\":\"Teia Education & Play\",\"url\":\"https:\\\/\\\/teiaeducation.ch\\\/fr\\\/\",\"logo\":{\"@type\":\"ImageObject\",\"inLanguage\":\"fr-FR\",\"@id\":\"https:\\\/\\\/teiaeducation.ch\\\/fr\\\/#\\\/schema\\\/logo\\\/image\\\/\",\"url\":\"https:\\\/\\\/teiaeducation.ch\\\/wp-content\\\/uploads\\\/2020\\\/11\\\/Teia-Education-Switzerland-e1620156442216.jpg\",\"contentUrl\":\"https:\\\/\\\/teiaeducation.ch\\\/wp-content\\\/uploads\\\/2020\\\/11\\\/Teia-Education-Switzerland-e1620156442216.jpg\",\"width\":166,\"height\":145,\"caption\":\"Teia Education & Play\"},\"image\":{\"@id\":\"https:\\\/\\\/teiaeducation.ch\\\/fr\\\/#\\\/schema\\\/logo\\\/image\\\/\"},\"sameAs\":[\"https:\\\/\\\/www.facebook.com\\\/teiaeducation\\\/\",\"https:\\\/\\\/x.com\\\/EducationTeia\",\"https:\\\/\\\/www.instagram.com\\\/teia.education\\\/\",\"https:\\\/\\\/www.linkedin.com\\\/company\\\/35501660\",\"https:\\\/\\\/www.pinterest.ch\\\/TeiaEducation\\\/\"]}]}<\/script>\n<meta property=\"product:price:amount\" content=\"31.90\" \/>\n<meta property=\"product:price:currency\" content=\"CHF\" \/>\n<meta property=\"og:availability\" content=\"instock\" \/>\n<meta property=\"product:availability\" content=\"instock\" \/>\n<meta property=\"product:retailer_item_id\" content=\"00000000000000000000000000000000000000000000045144\" \/>\n<meta property=\"product:condition\" content=\"new\" \/>\n<!-- \/ Yoast SEO Premium plugin. -->","yoast_head_json":{"title":"Hotel \u00e0 insectes - Vilac - Teia Education & Play","description":"L'h\u00f4tel \u00e0 insectes de Vilac, fabriqu\u00e9 durablement, est parfait pour enfants de cr\u00e9er une jolie maison dans le jardin pour les insectes et les abeilles !","robots":{"index":"index","follow":"follow","max-snippet":"max-snippet:-1","max-image-preview":"max-image-preview:large","max-video-preview":"max-video-preview:-1"},"canonical":"https:\/\/teiaeducation.ch\/fr\/produit\/hotel-a-insectes-vilac\/","og_locale":"fr_FR","og_type":"article","og_title":"Hotel \u00e0 insectes - Vilac","og_description":"L'h\u00f4tel \u00e0 insectes de Vilac, fabriqu\u00e9 durablement, est parfait pour enfants de cr\u00e9er une jolie maison dans le jardin pour les insectes et les abeilles !","og_url":"https:\/\/teiaeducation.ch\/fr\/produit\/hotel-a-insectes-vilac\/","og_site_name":"Sustainable Educational Products &amp; Ecological Toys\u00a0","article_publisher":"https:\/\/www.facebook.com\/teiaeducation\/","article_modified_time":"2023-03-13T11:17:35+00:00","og_image":[{"width":1000,"height":1000,"url":"https:\/\/teiaeducation.ch\/wp-content\/uploads\/2023\/03\/Insect-hotel-Vilac-1.jpg","type":"image\/jpeg"}],"schema":{"@context":"https:\/\/schema.org","@graph":[{"@type":"WebPage","@id":"https:\/\/teiaeducation.ch\/fr\/produit\/hotel-a-insectes-vilac\/","url":"https:\/\/teiaeducation.ch\/fr\/produit\/hotel-a-insectes-vilac\/","name":"Hotel \u00e0 insectes - Vilac - Teia Education & Play","isPartOf":{"@id":"https:\/\/teiaeducation.ch\/fr\/#website"},"primaryImageOfPage":{"@id":"https:\/\/teiaeducation.ch\/fr\/produit\/hotel-a-insectes-vilac\/#primaryimage"},"image":{"@id":"https:\/\/teiaeducation.ch\/fr\/produit\/hotel-a-insectes-vilac\/#primaryimage"},"thumbnailUrl":"https:\/\/teiaeducation.ch\/wp-content\/uploads\/2023\/03\/Insect-hotel-Vilac-1.jpg","datePublished":"2023-03-13T10:01:06+00:00","dateModified":"2023-03-13T11:17:35+00:00","description":"L'h\u00f4tel \u00e0 insectes de Vilac, fabriqu\u00e9 durablement, est parfait pour enfants de cr\u00e9er une jolie maison dans le jardin pour les insectes et les abeilles !","breadcrumb":{"@id":"https:\/\/teiaeducation.ch\/fr\/produit\/hotel-a-insectes-vilac\/#breadcrumb"},"inLanguage":"fr-FR","potentialAction":[{"@type":"ReadAction","target":["https:\/\/teiaeducation.ch\/fr\/produit\/hotel-a-insectes-vilac\/"]}]},{"@type":"ImageObject","inLanguage":"fr-FR","@id":"https:\/\/teiaeducation.ch\/fr\/produit\/hotel-a-insectes-vilac\/#primaryimage","url":"https:\/\/teiaeducation.ch\/wp-content\/uploads\/2023\/03\/Insect-hotel-Vilac-1.jpg","contentUrl":"https:\/\/teiaeducation.ch\/wp-content\/uploads\/2023\/03\/Insect-hotel-Vilac-1.jpg","width":1000,"height":1000,"caption":"H\u00f4tel \u00e0 insectes pour enfants Vilac"},{"@type":"BreadcrumbList","@id":"https:\/\/teiaeducation.ch\/fr\/produit\/hotel-a-insectes-vilac\/#breadcrumb","itemListElement":[{"@type":"ListItem","position":1,"name":"Home","item":"https:\/\/teiaeducation.ch\/fr\/"},{"@type":"ListItem","position":2,"name":"Boutique Teia Education &amp; Play","item":"https:\/\/teiaeducation.ch\/fr\/boutique\/"},{"@type":"ListItem","position":3,"name":"Nos Marques","item":"https:\/\/teiaeducation.ch\/fr\/categorie-produit\/marques\/"},{"@type":"ListItem","position":4,"name":"Vilac","item":"https:\/\/teiaeducation.ch\/fr\/categorie-produit\/marques\/vilac-fr\/"},{"@type":"ListItem","position":5,"name":"Hotel \u00e0 insectes &#8211; Vilac"}]},{"@type":"WebSite","@id":"https:\/\/teiaeducation.ch\/fr\/#website","url":"https:\/\/teiaeducation.ch\/fr\/","name":"Sustainable Educational Products &amp; Ecological Toys\u00a0","description":"Specialised Swiss shop selling sustainable educational toys and games, AMI certified Montessori materials, handmade ecological wooden Waldorf toys and arts &amp; crafts supplies, school supplies, children&#039;s furniture and Montessori reference and parenting books.","publisher":{"@id":"https:\/\/teiaeducation.ch\/fr\/#organization"},"alternateName":"Teia Education & Play","potentialAction":[{"@type":"SearchAction","target":{"@type":"EntryPoint","urlTemplate":"https:\/\/teiaeducation.ch\/fr\/?s={search_term_string}"},"query-input":{"@type":"PropertyValueSpecification","valueRequired":true,"valueName":"search_term_string"}}],"inLanguage":"fr-FR"},{"@type":"Organization","@id":"https:\/\/teiaeducation.ch\/fr\/#organization","name":"Teia Education & Play","url":"https:\/\/teiaeducation.ch\/fr\/","logo":{"@type":"ImageObject","inLanguage":"fr-FR","@id":"https:\/\/teiaeducation.ch\/fr\/#\/schema\/logo\/image\/","url":"https:\/\/teiaeducation.ch\/wp-content\/uploads\/2020\/11\/Teia-Education-Switzerland-e1620156442216.jpg","contentUrl":"https:\/\/teiaeducation.ch\/wp-content\/uploads\/2020\/11\/Teia-Education-Switzerland-e1620156442216.jpg","width":166,"height":145,"caption":"Teia Education & Play"},"image":{"@id":"https:\/\/teiaeducation.ch\/fr\/#\/schema\/logo\/image\/"},"sameAs":["https:\/\/www.facebook.com\/teiaeducation\/","https:\/\/x.com\/EducationTeia","https:\/\/www.instagram.com\/teia.education\/","https:\/\/www.linkedin.com\/company\/35501660","https:\/\/www.pinterest.ch\/TeiaEducation\/"]}]},"product_price_amount":"31.90","product_price_currency":"CHF","og_availability":"instock","product_availability":"instock","product_retailer_item_id":"00000000000000000000000000000000000000000000045144","product_condition":"new"},"_links":{"self":[{"href":"https:\/\/teiaeducation.ch\/fr\/wp-json\/wp\/v2\/product\/52264","targetHints":{"allow":["GET"]}}],"collection":[{"href":"https:\/\/teiaeducation.ch\/fr\/wp-json\/wp\/v2\/product"}],"about":[{"href":"https:\/\/teiaeducation.ch\/fr\/wp-json\/wp\/v2\/types\/product"}],"replies":[{"embeddable":true,"href":"https:\/\/teiaeducation.ch\/fr\/wp-json\/wp\/v2\/comments?post=52264"}],"wp:featuredmedia":[{"embeddable":true,"href":"https:\/\/teiaeducation.ch\/fr\/wp-json\/wp\/v2\/media\/52247"}],"wp:attachment":[{"href":"https:\/\/teiaeducation.ch\/fr\/wp-json\/wp\/v2\/media?parent=52264"}],"wp:term":[{"taxonomy":"product_brand","embeddable":true,"href":"https:\/\/teiaeducation.ch\/fr\/wp-json\/wp\/v2\/product_brand?post=52264"},{"taxonomy":"product_cat","embeddable":true,"href":"https:\/\/teiaeducation.ch\/fr\/wp-json\/wp\/v2\/product_cat?post=52264"},{"taxonomy":"product_tag","embeddable":true,"href":"https:\/\/teiaeducation.ch\/fr\/wp-json\/wp\/v2\/product_tag?post=52264"}],"curies":[{"name":"wp","href":"https:\/\/api.w.org\/{rel}","templated":true}]}}