{"id":52265,"date":"2023-03-13T11:49:48","date_gmt":"2023-03-13T10:49:48","guid":{"rendered":"https:\/\/teiaeducation.ch\/product\/corde-a-sauter-vert-vilac\/"},"modified":"2023-03-13T12:31:05","modified_gmt":"2023-03-13T11:31:05","slug":"corde-a-sauter-vert-vilac","status":"publish","type":"product","link":"https:\/\/teiaeducation.ch\/fr\/produit\/corde-a-sauter-vert-vilac\/","title":{"rendered":"Corde \u00e0 sauter vert &#8211; Vilac"},"content":{"rendered":"<p>La corde \u00e0 sauter en vert de haute qualit\u00e9 de Vilac est un <a href=\"https:\/\/teiaeducation.ch\/fr\/categorie-produit\/jouer\/jouets-de-plein-air\/\">jouet de plein air<\/a> et <a href=\"https:\/\/teiaeducation.ch\/fr\/categorie-produit\/jouer\/jouets-actifs\/\">d&#8217;activit\u00e9<\/a> parfait pour motiver les enfants \u00e0 bouger !<\/p>\n<p>Chaque enfant devrait avoir une corde \u00e0 sauter. Non seulement la corde \u00e0 sauter les motive \u00e0 bouger et \u00e0 s&#8217;\u00e9battre, mais elle am\u00e9liore aussi la coordination, le rebondissement et la <a href=\"https:\/\/teiaeducation.ch\/fr\/categorie-produit\/domaines-du-curriculum\/sensorielles-motrices\/competences-motrices\/\">motricit\u00e9<\/a>. Et avec de si jolies poign\u00e9es, le saut \u00e0 la corde est deux fois plus amusant !<\/p>\n<p>La corde \u00e0 sauter, fabriqu\u00e9e de mani\u00e8re durable, mesure 2 m\u00e8tres de long. Les poign\u00e9es sont adapt\u00e9es aux mains des petits et sont fabriqu\u00e9es en bois massif, avec une partie laiss\u00e9e en bois naturel et une finition laqu\u00e9e de haute qualit\u00e9 en vert et en blanc.<\/p>\n<p>Cette charmante corde \u00e0 sauter est un jouet classique qui encourage les enfants \u00e0 sortir et \u00e0 faire de l&#8217;exercice tout en s&#8217;amusant.<\/p>\n<p>La corde \u00e0 sauter est fabriqu\u00e9e en France et est un cadeau id\u00e9al pour tout enfant \u00e2g\u00e9 de 5 ans et plus !<\/p>\n<p>La marque fran\u00e7aise de jouets traditionnels <a href=\"https:\/\/teiaeducation.ch\/fr\/categorie-produit\/marques\/vilac-fr\/\">Vilac<\/a> fabrique depuis plus de 100 ans des <a href=\"https:\/\/teiaeducation.ch\/fr\/categorie-produit\/jouer\/jouets-en-bois\/\">jouets en bois<\/a> de haute qualit\u00e9, s\u00fbrs et durables. Leurs jouets sont con\u00e7us pour durer, jour apr\u00e8s jour, ann\u00e9e apr\u00e8s ann\u00e9e. Tous les jouets Vilac sont con\u00e7us dans le Jura fran\u00e7ais, avec un grand respect du d\u00e9tail et de belles finitions, \u00e0 partir de bois issus de for\u00eats g\u00e9r\u00e9es durablement.<\/p>\n<p>Les jouets Vilac sont s\u00fbrs pour enfants de tous \u00e2ges. Toutes les laques et peintures sont test\u00e9es par des laboratoires agr\u00e9\u00e9s et sont garanties sans allerg\u00e8nes, sans phtalates et sans plomb. Ce qui garantit que les jouets peuvent \u00eatre pass\u00e9s de main en main sans risque. Les jouets Vilac sont marqu\u00e9s CE et respectent les exigences essentielles de la directive europ\u00e9enne n\u00b0 2009\/48\/CE relative \u00e0 la s\u00e9curit\u00e9 des jouets \u00e0 tous les stades de leur fabrication. Ils sont donc conformes \u00e0 la norme EN 71\/1-2-3 relative aux jouets.<\/p>\n<p>La corde \u00e0 sauter Vilac est recommand\u00e9e pour les enfants \u00e0 partir de 5 ans.<\/p>\n<p>Contenu:<\/p>\n<p>1 corde \u00e0 sauter<\/p>\n","protected":false},"excerpt":{"rendered":"<p>Num\u00e9ro d&#8217;article: 83.3008G<\/p>\n<p>La corde \u00e0 sauter en vert pour enfants de Vilac est fabriqu\u00e9e en France en bois massif et est un cadeau id\u00e9al pour les enfants de 5 ans et plus !<\/p>\n","protected":false},"featured_media":52254,"comment_status":"open","ping_status":"closed","template":"","meta":[],"product_brand":[],"product_cat":[215,216,23635,18893,22344,16897,21257,22421,18913,13130,18969,23132,217,5851,212,23072],"product_tag":[19093,19016,24697,24710,24709,24711,24714,24713,24712,24715,24716,19096,24695,24696,24698,24699,24700],"class_list":{"0":"post-52265","1":"product","2":"type-product","3":"status-publish","4":"has-post-thumbnail","6":"product_cat-3-6-ans","7":"product_cat-6-12-ans","8":"product_cat-collection-dete","9":"product_cat-collection-printemps","10":"product_cat-collections-saisonnieres","11":"product_cat-guide-cadeau-6-12-ans","12":"product_cat-guides-cadeaux","13":"product_cat-idees-cadeaux-pour-paques","14":"product_cat-jeu-de-la-nature","15":"product_cat-jouer","16":"product_cat-jouets-actifs","17":"product_cat-jouets-de-plein-air","18":"product_cat-marques","19":"product_cat-nouveautes","20":"product_cat-tranche-dage","21":"product_cat-vilac-fr","22":"product_tag-activites-nature-pour-les-enfants","23":"product_tag-activites-traditionnelles-pour-les-enfants","24":"product_tag-collection-de-jardin-vilac","25":"product_tag-corde-a-sauter-en-bois","26":"product_tag-corde-a-sauter-vilac","27":"product_tag-corde-a-sauter-vilac-vert","28":"product_tag-jeux-en-plein-air","29":"product_tag-jouets-actifs-pour-enfants","30":"product_tag-jouets-dexterieur","31":"product_tag-jouets-traditionnels-pour-enfants","32":"product_tag-jouets-vilac-suisse","33":"product_tag-loisirs-traditionnels-pour-les-enfants","34":"product_tag-vilac-jouets","35":"product_tag-vilac-le-jardin-fr","36":"product_tag-vilac-schweiz-fr","37":"product_tag-vilac-suisse-fr","38":"product_tag-vilac-switzerland-fr","40":"first","41":"instock","42":"taxable","43":"shipping-taxable","44":"purchasable","45":"product-type-simple"},"yoast_head":"<!-- This site is optimized with the Yoast SEO plugin v27.1.1 - https:\/\/yoast.com\/product\/yoast-seo-wordpress\/ -->\n<title>Corde \u00e0 sauter vert - Vilac - Teia Education &amp; Play<\/title>\n<meta name=\"description\" content=\"La corde \u00e0 sauter en vert pour enfants de Vilac est fabriqu\u00e9e en France en bois massif et est un cadeau id\u00e9al pour les enfants de 5 ans et plus !\" \/>\n<meta name=\"robots\" content=\"index, follow, max-snippet:-1, max-image-preview:large, max-video-preview:-1\" \/>\n<link rel=\"canonical\" href=\"https:\/\/teiaeducation.ch\/fr\/produit\/corde-a-sauter-vert-vilac\/\" \/>\n<meta property=\"og:locale\" content=\"fr_FR\" \/>\n<meta property=\"og:type\" content=\"article\" \/>\n<meta property=\"og:title\" content=\"Corde \u00e0 sauter vert - Vilac - Teia Education &amp; Play\" \/>\n<meta property=\"og:description\" content=\"La corde \u00e0 sauter en vert pour enfants de Vilac est fabriqu\u00e9e en France en bois massif et est un cadeau id\u00e9al pour les enfants de 5 ans et plus !\" \/>\n<meta property=\"og:url\" content=\"https:\/\/teiaeducation.ch\/fr\/produit\/corde-a-sauter-vert-vilac\/\" \/>\n<meta property=\"og:site_name\" content=\"Sustainable Educational Products &amp; Ecological Toys\u00a0\" \/>\n<meta property=\"article:publisher\" content=\"https:\/\/www.facebook.com\/teiaeducation\/\" \/>\n<meta property=\"article:modified_time\" content=\"2023-03-13T11:31:05+00:00\" \/>\n<meta property=\"og:image\" content=\"https:\/\/teiaeducation.ch\/wp-content\/uploads\/2023\/03\/Skipping-ropes-green-for-children-Vilac.webp\" \/>\n\t<meta property=\"og:image:width\" content=\"800\" \/>\n\t<meta property=\"og:image:height\" content=\"800\" \/>\n\t<meta property=\"og:image:type\" content=\"image\/webp\" \/>\n<script type=\"application\/ld+json\" class=\"yoast-schema-graph\">{\"@context\":\"https:\/\/schema.org\",\"@graph\":[{\"@type\":\"WebPage\",\"@id\":\"https:\/\/teiaeducation.ch\/fr\/produit\/corde-a-sauter-vert-vilac\/\",\"url\":\"https:\/\/teiaeducation.ch\/fr\/produit\/corde-a-sauter-vert-vilac\/\",\"name\":\"Corde \u00e0 sauter vert - Vilac - Teia Education & Play\",\"isPartOf\":{\"@id\":\"https:\/\/teiaeducation.ch\/fr\/#website\"},\"primaryImageOfPage\":{\"@id\":\"https:\/\/teiaeducation.ch\/fr\/produit\/corde-a-sauter-vert-vilac\/#primaryimage\"},\"image\":{\"@id\":\"https:\/\/teiaeducation.ch\/fr\/produit\/corde-a-sauter-vert-vilac\/#primaryimage\"},\"thumbnailUrl\":\"https:\/\/teiaeducation.ch\/wp-content\/uploads\/2023\/03\/Skipping-ropes-green-for-children-Vilac.webp\",\"datePublished\":\"2023-03-13T10:49:48+00:00\",\"dateModified\":\"2023-03-13T11:31:05+00:00\",\"description\":\"La corde \u00e0 sauter en vert pour enfants de Vilac est fabriqu\u00e9e en France en bois massif et est un cadeau id\u00e9al pour les enfants de 5 ans et plus !\",\"breadcrumb\":{\"@id\":\"https:\/\/teiaeducation.ch\/fr\/produit\/corde-a-sauter-vert-vilac\/#breadcrumb\"},\"inLanguage\":\"fr-FR\",\"potentialAction\":[{\"@type\":\"ReadAction\",\"target\":[\"https:\/\/teiaeducation.ch\/fr\/produit\/corde-a-sauter-vert-vilac\/\"]}]},{\"@type\":\"ImageObject\",\"inLanguage\":\"fr-FR\",\"@id\":\"https:\/\/teiaeducation.ch\/fr\/produit\/corde-a-sauter-vert-vilac\/#primaryimage\",\"url\":\"https:\/\/teiaeducation.ch\/wp-content\/uploads\/2023\/03\/Skipping-ropes-green-for-children-Vilac.webp\",\"contentUrl\":\"https:\/\/teiaeducation.ch\/wp-content\/uploads\/2023\/03\/Skipping-ropes-green-for-children-Vilac.webp\",\"width\":800,\"height\":800,\"caption\":\"Corde \u00e0 sauter vert pour enfants Vilac\"},{\"@type\":\"BreadcrumbList\",\"@id\":\"https:\/\/teiaeducation.ch\/fr\/produit\/corde-a-sauter-vert-vilac\/#breadcrumb\",\"itemListElement\":[{\"@type\":\"ListItem\",\"position\":1,\"name\":\"Home\",\"item\":\"https:\/\/teiaeducation.ch\/fr\/\"},{\"@type\":\"ListItem\",\"position\":2,\"name\":\"Boutique Teia Education &amp; Play\",\"item\":\"https:\/\/teiaeducation.ch\/fr\/boutique\/\"},{\"@type\":\"ListItem\",\"position\":3,\"name\":\"Nos Marques\",\"item\":\"https:\/\/teiaeducation.ch\/fr\/categorie-produit\/marques\/\"},{\"@type\":\"ListItem\",\"position\":4,\"name\":\"Vilac\",\"item\":\"https:\/\/teiaeducation.ch\/fr\/categorie-produit\/marques\/vilac-fr\/\"},{\"@type\":\"ListItem\",\"position\":5,\"name\":\"Corde \u00e0 sauter vert &#8211; Vilac\"}]},{\"@type\":\"WebSite\",\"@id\":\"https:\/\/teiaeducation.ch\/fr\/#website\",\"url\":\"https:\/\/teiaeducation.ch\/fr\/\",\"name\":\"Sustainable Educational Products &amp; Ecological Toys\u00a0\",\"description\":\"Specialised Swiss shop selling sustainable educational toys and games, AMI certified Montessori materials, handmade ecological wooden Waldorf toys and arts &amp; crafts supplies, school supplies, children&#039;s furniture and Montessori reference and parenting books.\",\"publisher\":{\"@id\":\"https:\/\/teiaeducation.ch\/fr\/#organization\"},\"alternateName\":\"Teia Education & Play\",\"potentialAction\":[{\"@type\":\"SearchAction\",\"target\":{\"@type\":\"EntryPoint\",\"urlTemplate\":\"https:\/\/teiaeducation.ch\/fr\/?s={search_term_string}\"},\"query-input\":{\"@type\":\"PropertyValueSpecification\",\"valueRequired\":true,\"valueName\":\"search_term_string\"}}],\"inLanguage\":\"fr-FR\"},{\"@type\":\"Organization\",\"@id\":\"https:\/\/teiaeducation.ch\/fr\/#organization\",\"name\":\"Teia Education & Play\",\"url\":\"https:\/\/teiaeducation.ch\/fr\/\",\"logo\":{\"@type\":\"ImageObject\",\"inLanguage\":\"fr-FR\",\"@id\":\"https:\/\/teiaeducation.ch\/fr\/#\/schema\/logo\/image\/\",\"url\":\"https:\/\/teiaeducation.ch\/wp-content\/uploads\/2020\/11\/Teia-Education-Switzerland-e1620156442216.jpg\",\"contentUrl\":\"https:\/\/teiaeducation.ch\/wp-content\/uploads\/2020\/11\/Teia-Education-Switzerland-e1620156442216.jpg\",\"width\":166,\"height\":145,\"caption\":\"Teia Education & Play\"},\"image\":{\"@id\":\"https:\/\/teiaeducation.ch\/fr\/#\/schema\/logo\/image\/\"},\"sameAs\":[\"https:\/\/www.facebook.com\/teiaeducation\/\",\"https:\/\/x.com\/EducationTeia\",\"https:\/\/www.instagram.com\/teia.education\/\",\"https:\/\/www.linkedin.com\/company\/35501660\",\"https:\/\/www.pinterest.ch\/TeiaEducation\/\"]}]}<\/script>\n<!-- \/ Yoast SEO plugin. -->","yoast_head_json":{"title":"Corde \u00e0 sauter vert - Vilac - Teia Education & Play","description":"La corde \u00e0 sauter en vert pour enfants de Vilac est fabriqu\u00e9e en France en bois massif et est un cadeau id\u00e9al pour les enfants de 5 ans et plus !","robots":{"index":"index","follow":"follow","max-snippet":"max-snippet:-1","max-image-preview":"max-image-preview:large","max-video-preview":"max-video-preview:-1"},"canonical":"https:\/\/teiaeducation.ch\/fr\/produit\/corde-a-sauter-vert-vilac\/","og_locale":"fr_FR","og_type":"article","og_title":"Corde \u00e0 sauter vert - Vilac - Teia Education & Play","og_description":"La corde \u00e0 sauter en vert pour enfants de Vilac est fabriqu\u00e9e en France en bois massif et est un cadeau id\u00e9al pour les enfants de 5 ans et plus !","og_url":"https:\/\/teiaeducation.ch\/fr\/produit\/corde-a-sauter-vert-vilac\/","og_site_name":"Sustainable Educational Products &amp; Ecological Toys\u00a0","article_publisher":"https:\/\/www.facebook.com\/teiaeducation\/","article_modified_time":"2023-03-13T11:31:05+00:00","og_image":[{"width":800,"height":800,"url":"https:\/\/teiaeducation.ch\/wp-content\/uploads\/2023\/03\/Skipping-ropes-green-for-children-Vilac.webp","type":"image\/webp"}],"schema":{"@context":"https:\/\/schema.org","@graph":[{"@type":"WebPage","@id":"https:\/\/teiaeducation.ch\/fr\/produit\/corde-a-sauter-vert-vilac\/","url":"https:\/\/teiaeducation.ch\/fr\/produit\/corde-a-sauter-vert-vilac\/","name":"Corde \u00e0 sauter vert - Vilac - Teia Education & Play","isPartOf":{"@id":"https:\/\/teiaeducation.ch\/fr\/#website"},"primaryImageOfPage":{"@id":"https:\/\/teiaeducation.ch\/fr\/produit\/corde-a-sauter-vert-vilac\/#primaryimage"},"image":{"@id":"https:\/\/teiaeducation.ch\/fr\/produit\/corde-a-sauter-vert-vilac\/#primaryimage"},"thumbnailUrl":"https:\/\/teiaeducation.ch\/wp-content\/uploads\/2023\/03\/Skipping-ropes-green-for-children-Vilac.webp","datePublished":"2023-03-13T10:49:48+00:00","dateModified":"2023-03-13T11:31:05+00:00","description":"La corde \u00e0 sauter en vert pour enfants de Vilac est fabriqu\u00e9e en France en bois massif et est un cadeau id\u00e9al pour les enfants de 5 ans et plus !","breadcrumb":{"@id":"https:\/\/teiaeducation.ch\/fr\/produit\/corde-a-sauter-vert-vilac\/#breadcrumb"},"inLanguage":"fr-FR","potentialAction":[{"@type":"ReadAction","target":["https:\/\/teiaeducation.ch\/fr\/produit\/corde-a-sauter-vert-vilac\/"]}]},{"@type":"ImageObject","inLanguage":"fr-FR","@id":"https:\/\/teiaeducation.ch\/fr\/produit\/corde-a-sauter-vert-vilac\/#primaryimage","url":"https:\/\/teiaeducation.ch\/wp-content\/uploads\/2023\/03\/Skipping-ropes-green-for-children-Vilac.webp","contentUrl":"https:\/\/teiaeducation.ch\/wp-content\/uploads\/2023\/03\/Skipping-ropes-green-for-children-Vilac.webp","width":800,"height":800,"caption":"Corde \u00e0 sauter vert pour enfants Vilac"},{"@type":"BreadcrumbList","@id":"https:\/\/teiaeducation.ch\/fr\/produit\/corde-a-sauter-vert-vilac\/#breadcrumb","itemListElement":[{"@type":"ListItem","position":1,"name":"Home","item":"https:\/\/teiaeducation.ch\/fr\/"},{"@type":"ListItem","position":2,"name":"Boutique Teia Education &amp; Play","item":"https:\/\/teiaeducation.ch\/fr\/boutique\/"},{"@type":"ListItem","position":3,"name":"Nos Marques","item":"https:\/\/teiaeducation.ch\/fr\/categorie-produit\/marques\/"},{"@type":"ListItem","position":4,"name":"Vilac","item":"https:\/\/teiaeducation.ch\/fr\/categorie-produit\/marques\/vilac-fr\/"},{"@type":"ListItem","position":5,"name":"Corde \u00e0 sauter vert &#8211; Vilac"}]},{"@type":"WebSite","@id":"https:\/\/teiaeducation.ch\/fr\/#website","url":"https:\/\/teiaeducation.ch\/fr\/","name":"Sustainable Educational Products &amp; Ecological Toys\u00a0","description":"Specialised Swiss shop selling sustainable educational toys and games, AMI certified Montessori materials, handmade ecological wooden Waldorf toys and arts &amp; crafts supplies, school supplies, children&#039;s furniture and Montessori reference and parenting books.","publisher":{"@id":"https:\/\/teiaeducation.ch\/fr\/#organization"},"alternateName":"Teia Education & Play","potentialAction":[{"@type":"SearchAction","target":{"@type":"EntryPoint","urlTemplate":"https:\/\/teiaeducation.ch\/fr\/?s={search_term_string}"},"query-input":{"@type":"PropertyValueSpecification","valueRequired":true,"valueName":"search_term_string"}}],"inLanguage":"fr-FR"},{"@type":"Organization","@id":"https:\/\/teiaeducation.ch\/fr\/#organization","name":"Teia Education & Play","url":"https:\/\/teiaeducation.ch\/fr\/","logo":{"@type":"ImageObject","inLanguage":"fr-FR","@id":"https:\/\/teiaeducation.ch\/fr\/#\/schema\/logo\/image\/","url":"https:\/\/teiaeducation.ch\/wp-content\/uploads\/2020\/11\/Teia-Education-Switzerland-e1620156442216.jpg","contentUrl":"https:\/\/teiaeducation.ch\/wp-content\/uploads\/2020\/11\/Teia-Education-Switzerland-e1620156442216.jpg","width":166,"height":145,"caption":"Teia Education & Play"},"image":{"@id":"https:\/\/teiaeducation.ch\/fr\/#\/schema\/logo\/image\/"},"sameAs":["https:\/\/www.facebook.com\/teiaeducation\/","https:\/\/x.com\/EducationTeia","https:\/\/www.instagram.com\/teia.education\/","https:\/\/www.linkedin.com\/company\/35501660","https:\/\/www.pinterest.ch\/TeiaEducation\/"]}]}},"_links":{"self":[{"href":"https:\/\/teiaeducation.ch\/fr\/wp-json\/wp\/v2\/product\/52265","targetHints":{"allow":["GET"]}}],"collection":[{"href":"https:\/\/teiaeducation.ch\/fr\/wp-json\/wp\/v2\/product"}],"about":[{"href":"https:\/\/teiaeducation.ch\/fr\/wp-json\/wp\/v2\/types\/product"}],"replies":[{"embeddable":true,"href":"https:\/\/teiaeducation.ch\/fr\/wp-json\/wp\/v2\/comments?post=52265"}],"wp:featuredmedia":[{"embeddable":true,"href":"https:\/\/teiaeducation.ch\/fr\/wp-json\/wp\/v2\/media\/52254"}],"wp:attachment":[{"href":"https:\/\/teiaeducation.ch\/fr\/wp-json\/wp\/v2\/media?parent=52265"}],"wp:term":[{"taxonomy":"product_brand","embeddable":true,"href":"https:\/\/teiaeducation.ch\/fr\/wp-json\/wp\/v2\/product_brand?post=52265"},{"taxonomy":"product_cat","embeddable":true,"href":"https:\/\/teiaeducation.ch\/fr\/wp-json\/wp\/v2\/product_cat?post=52265"},{"taxonomy":"product_tag","embeddable":true,"href":"https:\/\/teiaeducation.ch\/fr\/wp-json\/wp\/v2\/product_tag?post=52265"}],"curies":[{"name":"wp","href":"https:\/\/api.w.org\/{rel}","templated":true}]}}