{"id":52268,"date":"2023-03-13T09:00:25","date_gmt":"2023-03-13T08:00:25","guid":{"rendered":"https:\/\/teiaeducation.ch\/product\/set-de-jardinage-pour-enfants-avec-sac-vilac\/"},"modified":"2024-05-24T11:03:52","modified_gmt":"2024-05-24T09:03:52","slug":"set-de-jardinage-pour-enfants-avec-sac-vilac","status":"publish","type":"product","link":"https:\/\/teiaeducation.ch\/fr\/produit\/set-de-jardinage-pour-enfants-avec-sac-vilac\/","title":{"rendered":"Set de jardinage pour enfants avec sac &#8211; Vilac"},"content":{"rendered":"<p>Ce joli set de jardin de Vilac avec sac et outils de jardinage de taille enfant est parfait pour le jeune <a href=\"https:\/\/teiaeducation.ch\/fr\/categorie-produit\/creativite-beaux-arts-et-bricolage\/jardinage\/\">jardinier<\/a> ! Il contient tous les ustensiles n\u00e9cessaires pour jouer au petit jardinier, aider les adultes et voir son jardin \u00e9voluer.<\/p>\n<p>Ce set de jardinage contient un arrosoir, une pelle, un r\u00e2teau et une b\u00eache. Les outils sont contenus dans un petit sac pratique, fabriqu\u00e9 dans un tissu de haute qualit\u00e9 et \u00e9quip\u00e9 de poign\u00e9es et de poches ext\u00e9rieures. Les outils de la taille d&#8217;un enfant sont une merveilleuse alternative durable au plastique, avec des poign\u00e9es en bois lisse et un m\u00e9tal peint (rev\u00eatement en poudre) de couleurs gaies.<\/p>\n<p>Ce set offre des heures d&#8217;amusement et comprend tout ce qu&#8217;il faut pour plonger l&#8217;enfant dans le monde de l&#8217;exploration et de l&#8217;observation de la <a href=\"https:\/\/teiaeducation.ch\/product-category\/hgh-quality-toys-play\/nature-play\/\">nature<\/a>. C&#8217;est un cadeau id\u00e9al pour tout enfant \u00e2g\u00e9 de 3 ans et plus !<\/p>\n<p>La marque fran\u00e7aise de jouets traditionnels <a href=\"https:\/\/teiaeducation.ch\/fr\/categorie-produit\/marques\/vilac-fr\/\">Vilac<\/a> fabrique depuis plus de 100 ans des <a href=\"https:\/\/teiaeducation.ch\/fr\/categorie-produit\/jouer\/jouets-en-bois\/\">jouets en bois<\/a> de haute qualit\u00e9, s\u00fbrs et durables. Leurs jouets sont con\u00e7us pour durer, jour apr\u00e8s jour, ann\u00e9e apr\u00e8s ann\u00e9e. Tous les jouets Vilac sont con\u00e7us dans le Jura fran\u00e7ais, avec un grand respect du d\u00e9tail et de belles finitions, \u00e0 partir de bois issus de for\u00eats g\u00e9r\u00e9es durablement.<\/p>\n<p>Les jouets Vilac sont s\u00fbrs pour enfants de tous \u00e2ges. Toutes les laques et peintures sont test\u00e9es par des laboratoires agr\u00e9\u00e9s et sont garanties sans allerg\u00e8nes, sans phtalates et sans plomb. Ce qui garantit que les jouets peuvent \u00eatre pass\u00e9s de main en main sans risque. Les jouets Vilac sont marqu\u00e9s CE et respectent les exigences essentielles de la directive europ\u00e9enne n\u00b0 2009\/48\/CE relative \u00e0 la s\u00e9curit\u00e9 des jouets \u00e0 tous les stades de leur fabrication. Ils sont donc conformes \u00e0 la norme EN 71\/1-2-3 relative aux jouets.<\/p>\n<p>Le set de jardinage Vilac avec sac est recommand\u00e9 pour les enfants \u00e0 partir de 3 ans.<\/p>\n<p>Contenu:<\/p>\n<p>1 arrosoir en m\u00e9tal<br \/>\n1 pelle en bois et en m\u00e9tal<br \/>\n1 r\u00e2teau en bois et en m\u00e9tal<br \/>\n1 b\u00eache en bois et en m\u00e9tal<br \/>\n1 sac en tissu pour le rangement<\/p>\n","protected":false},"excerpt":{"rendered":"<p>Num\u00e9ro d&#8217;article: 83.3804<\/p>\n<p>Le set de jardinage de Vilac avec ses outils de jardinage de taille enfant dans un sac est le parfait cadeau de printemps pour le jeune jardinier !<\/p>\n","protected":false},"featured_media":45173,"comment_status":"open","ping_status":"closed","template":"","meta":[],"product_brand":[],"product_cat":[215,216,23635,18893,22344,284,283,593,21257,22421,20651,18913,20669,13130,23132,13127,217,5851,212,23072],"product_tag":[19093,19016,24697,24703,24701,19092,24704,19096,24702,24719,24695,24696,24698,24699,24700],"class_list":{"0":"post-52268","1":"product","2":"type-product","3":"status-publish","4":"has-post-thumbnail","6":"product_cat-3-6-ans","7":"product_cat-6-12-ans","8":"product_cat-collection-dete","9":"product_cat-collection-printemps","10":"product_cat-collections-saisonnieres","11":"product_cat-culture-sciences","12":"product_cat-domaines-du-curriculum","13":"product_cat-etudes-botaniques","14":"product_cat-guides-cadeaux","15":"product_cat-idees-cadeaux-pour-paques","16":"product_cat-jardinage","17":"product_cat-jeu-de-la-nature","18":"product_cat-jeux-de-sable","19":"product_cat-jouer","20":"product_cat-jouets-de-plein-air","21":"product_cat-creativite-beaux-arts-et-bricolage","22":"product_cat-marques","23":"product_cat-nouveautes","24":"product_cat-tranche-dage","25":"product_cat-vilac-fr","26":"product_tag-activites-nature-pour-les-enfants","27":"product_tag-activites-traditionnelles-pour-les-enfants","28":"product_tag-collection-de-jardin-vilac","29":"product_tag-ensemble-de-jardin-vilac-enfant","30":"product_tag-grand-ensemble-de-jardin-vilac","31":"product_tag-jeu-de-la-nature","32":"product_tag-le-jardinage-avec-les-enfants","33":"product_tag-loisirs-traditionnels-pour-les-enfants","34":"product_tag-outils-de-jardinage-vilac-pour-enfants","35":"product_tag-set-de-jardinage-pour-enfants-avec-sac-vilac","36":"product_tag-vilac-jouets","37":"product_tag-vilac-le-jardin-fr","38":"product_tag-vilac-schweiz-fr","39":"product_tag-vilac-suisse-fr","40":"product_tag-vilac-switzerland-fr","42":"first","43":"outofstock","44":"taxable","45":"shipping-taxable","46":"purchasable","47":"product-type-simple"},"yoast_head":"<!-- This site is optimized with the Yoast SEO Premium plugin v25.8 (Yoast SEO v27.4) - https:\/\/yoast.com\/product\/yoast-seo-premium-wordpress\/ -->\n<title>Set de jardinage pour enfants avec sac - Vilac<\/title>\n<meta name=\"description\" content=\"Le set de jardinage de Vilac avec ses outils de jardinage de taille enfant dans un sac est le parfait cadeau de printemps pour le jeune jardinier !\" \/>\n<meta name=\"robots\" content=\"index, follow, max-snippet:-1, max-image-preview:large, max-video-preview:-1\" \/>\n<link rel=\"canonical\" href=\"https:\/\/teiaeducation.ch\/fr\/produit\/set-de-jardinage-pour-enfants-avec-sac-vilac\/\" \/>\n<meta property=\"og:locale\" content=\"fr_FR\" \/>\n<meta property=\"og:type\" content=\"article\" \/>\n<meta property=\"og:title\" content=\"Set de jardinage pour enfants avec sac - Vilac\" \/>\n<meta property=\"og:description\" content=\"Le set de jardinage de Vilac avec ses outils de jardinage de taille enfant dans un sac est le parfait cadeau de printemps pour le jeune jardinier !\" \/>\n<meta property=\"og:url\" content=\"https:\/\/teiaeducation.ch\/fr\/produit\/set-de-jardinage-pour-enfants-avec-sac-vilac\/\" \/>\n<meta property=\"og:site_name\" content=\"Sustainable Educational Products &amp; Ecological Toys\u00a0\" \/>\n<meta property=\"article:publisher\" content=\"https:\/\/www.facebook.com\/teiaeducation\/\" \/>\n<meta property=\"article:modified_time\" content=\"2024-05-24T09:03:52+00:00\" \/>\n<meta property=\"og:image\" content=\"https:\/\/teiaeducation.ch\/wp-content\/uploads\/2022\/03\/Vilac-garden-set-in-bag-with-children-sized-garden-tools.jpg\" \/>\n\t<meta property=\"og:image:width\" content=\"800\" \/>\n\t<meta property=\"og:image:height\" content=\"800\" \/>\n\t<meta property=\"og:image:type\" content=\"image\/jpeg\" \/>\n<script type=\"application\/ld+json\" class=\"yoast-schema-graph\">{\"@context\":\"https:\\\/\\\/schema.org\",\"@graph\":[{\"@type\":\"WebPage\",\"@id\":\"https:\\\/\\\/teiaeducation.ch\\\/fr\\\/produit\\\/set-de-jardinage-pour-enfants-avec-sac-vilac\\\/\",\"url\":\"https:\\\/\\\/teiaeducation.ch\\\/fr\\\/produit\\\/set-de-jardinage-pour-enfants-avec-sac-vilac\\\/\",\"name\":\"Set de jardinage pour enfants avec sac - Vilac\",\"isPartOf\":{\"@id\":\"https:\\\/\\\/teiaeducation.ch\\\/fr\\\/#website\"},\"primaryImageOfPage\":{\"@id\":\"https:\\\/\\\/teiaeducation.ch\\\/fr\\\/produit\\\/set-de-jardinage-pour-enfants-avec-sac-vilac\\\/#primaryimage\"},\"image\":{\"@id\":\"https:\\\/\\\/teiaeducation.ch\\\/fr\\\/produit\\\/set-de-jardinage-pour-enfants-avec-sac-vilac\\\/#primaryimage\"},\"thumbnailUrl\":\"https:\\\/\\\/teiaeducation.ch\\\/wp-content\\\/uploads\\\/2022\\\/03\\\/Vilac-garden-set-in-bag-with-children-sized-garden-tools.jpg\",\"datePublished\":\"2023-03-13T08:00:25+00:00\",\"dateModified\":\"2024-05-24T09:03:52+00:00\",\"description\":\"Le set de jardinage de Vilac avec ses outils de jardinage de taille enfant dans un sac est le parfait cadeau de printemps pour le jeune jardinier !\",\"breadcrumb\":{\"@id\":\"https:\\\/\\\/teiaeducation.ch\\\/fr\\\/produit\\\/set-de-jardinage-pour-enfants-avec-sac-vilac\\\/#breadcrumb\"},\"inLanguage\":\"fr-FR\",\"potentialAction\":[{\"@type\":\"ReadAction\",\"target\":[\"https:\\\/\\\/teiaeducation.ch\\\/fr\\\/produit\\\/set-de-jardinage-pour-enfants-avec-sac-vilac\\\/\"]}]},{\"@type\":\"ImageObject\",\"inLanguage\":\"fr-FR\",\"@id\":\"https:\\\/\\\/teiaeducation.ch\\\/fr\\\/produit\\\/set-de-jardinage-pour-enfants-avec-sac-vilac\\\/#primaryimage\",\"url\":\"https:\\\/\\\/teiaeducation.ch\\\/wp-content\\\/uploads\\\/2022\\\/03\\\/Vilac-garden-set-in-bag-with-children-sized-garden-tools.jpg\",\"contentUrl\":\"https:\\\/\\\/teiaeducation.ch\\\/wp-content\\\/uploads\\\/2022\\\/03\\\/Vilac-garden-set-in-bag-with-children-sized-garden-tools.jpg\",\"width\":800,\"height\":800,\"caption\":\"Set de jardinage pour enfants avec sac Vilac\"},{\"@type\":\"BreadcrumbList\",\"@id\":\"https:\\\/\\\/teiaeducation.ch\\\/fr\\\/produit\\\/set-de-jardinage-pour-enfants-avec-sac-vilac\\\/#breadcrumb\",\"itemListElement\":[{\"@type\":\"ListItem\",\"position\":1,\"name\":\"Home\",\"item\":\"https:\\\/\\\/teiaeducation.ch\\\/fr\\\/\"},{\"@type\":\"ListItem\",\"position\":2,\"name\":\"Boutique Teia Education &amp; Play\",\"item\":\"https:\\\/\\\/teiaeducation.ch\\\/fr\\\/boutique\\\/\"},{\"@type\":\"ListItem\",\"position\":3,\"name\":\"Nos Marques\",\"item\":\"https:\\\/\\\/teiaeducation.ch\\\/fr\\\/categorie-produit\\\/marques\\\/\"},{\"@type\":\"ListItem\",\"position\":4,\"name\":\"Vilac\",\"item\":\"https:\\\/\\\/teiaeducation.ch\\\/fr\\\/categorie-produit\\\/marques\\\/vilac-fr\\\/\"},{\"@type\":\"ListItem\",\"position\":5,\"name\":\"Set de jardinage pour enfants avec sac &#8211; Vilac\"}]},{\"@type\":\"WebSite\",\"@id\":\"https:\\\/\\\/teiaeducation.ch\\\/fr\\\/#website\",\"url\":\"https:\\\/\\\/teiaeducation.ch\\\/fr\\\/\",\"name\":\"Sustainable Educational Products &amp; Ecological Toys\u00a0\",\"description\":\"Specialised Swiss shop selling sustainable educational toys and games, AMI certified Montessori materials, handmade ecological wooden Waldorf toys and arts &amp; crafts supplies, school supplies, children&#039;s furniture and Montessori reference and parenting books.\",\"publisher\":{\"@id\":\"https:\\\/\\\/teiaeducation.ch\\\/fr\\\/#organization\"},\"alternateName\":\"Teia Education & Play\",\"potentialAction\":[{\"@type\":\"SearchAction\",\"target\":{\"@type\":\"EntryPoint\",\"urlTemplate\":\"https:\\\/\\\/teiaeducation.ch\\\/fr\\\/?s={search_term_string}\"},\"query-input\":{\"@type\":\"PropertyValueSpecification\",\"valueRequired\":true,\"valueName\":\"search_term_string\"}}],\"inLanguage\":\"fr-FR\"},{\"@type\":\"Organization\",\"@id\":\"https:\\\/\\\/teiaeducation.ch\\\/fr\\\/#organization\",\"name\":\"Teia Education & Play\",\"url\":\"https:\\\/\\\/teiaeducation.ch\\\/fr\\\/\",\"logo\":{\"@type\":\"ImageObject\",\"inLanguage\":\"fr-FR\",\"@id\":\"https:\\\/\\\/teiaeducation.ch\\\/fr\\\/#\\\/schema\\\/logo\\\/image\\\/\",\"url\":\"https:\\\/\\\/teiaeducation.ch\\\/wp-content\\\/uploads\\\/2020\\\/11\\\/Teia-Education-Switzerland-e1620156442216.jpg\",\"contentUrl\":\"https:\\\/\\\/teiaeducation.ch\\\/wp-content\\\/uploads\\\/2020\\\/11\\\/Teia-Education-Switzerland-e1620156442216.jpg\",\"width\":166,\"height\":145,\"caption\":\"Teia Education & Play\"},\"image\":{\"@id\":\"https:\\\/\\\/teiaeducation.ch\\\/fr\\\/#\\\/schema\\\/logo\\\/image\\\/\"},\"sameAs\":[\"https:\\\/\\\/www.facebook.com\\\/teiaeducation\\\/\",\"https:\\\/\\\/x.com\\\/EducationTeia\",\"https:\\\/\\\/www.instagram.com\\\/teia.education\\\/\",\"https:\\\/\\\/www.linkedin.com\\\/company\\\/35501660\",\"https:\\\/\\\/www.pinterest.ch\\\/TeiaEducation\\\/\"]}]}<\/script>\n<meta property=\"product:price:amount\" content=\"36.90\" \/>\n<meta property=\"product:price:currency\" content=\"CHF\" \/>\n<meta property=\"og:availability\" content=\"out of stock\" \/>\n<meta property=\"product:availability\" content=\"out of stock\" \/>\n<meta property=\"product:retailer_item_id\" content=\"00000000000000000000000000000000000000000000045143\" \/>\n<meta property=\"product:condition\" content=\"new\" \/>\n<!-- \/ Yoast SEO Premium plugin. -->","yoast_head_json":{"title":"Set de jardinage pour enfants avec sac - Vilac","description":"Le set de jardinage de Vilac avec ses outils de jardinage de taille enfant dans un sac est le parfait cadeau de printemps pour le jeune jardinier !","robots":{"index":"index","follow":"follow","max-snippet":"max-snippet:-1","max-image-preview":"max-image-preview:large","max-video-preview":"max-video-preview:-1"},"canonical":"https:\/\/teiaeducation.ch\/fr\/produit\/set-de-jardinage-pour-enfants-avec-sac-vilac\/","og_locale":"fr_FR","og_type":"article","og_title":"Set de jardinage pour enfants avec sac - Vilac","og_description":"Le set de jardinage de Vilac avec ses outils de jardinage de taille enfant dans un sac est le parfait cadeau de printemps pour le jeune jardinier !","og_url":"https:\/\/teiaeducation.ch\/fr\/produit\/set-de-jardinage-pour-enfants-avec-sac-vilac\/","og_site_name":"Sustainable Educational Products &amp; Ecological Toys\u00a0","article_publisher":"https:\/\/www.facebook.com\/teiaeducation\/","article_modified_time":"2024-05-24T09:03:52+00:00","og_image":[{"width":800,"height":800,"url":"https:\/\/teiaeducation.ch\/wp-content\/uploads\/2022\/03\/Vilac-garden-set-in-bag-with-children-sized-garden-tools.jpg","type":"image\/jpeg"}],"schema":{"@context":"https:\/\/schema.org","@graph":[{"@type":"WebPage","@id":"https:\/\/teiaeducation.ch\/fr\/produit\/set-de-jardinage-pour-enfants-avec-sac-vilac\/","url":"https:\/\/teiaeducation.ch\/fr\/produit\/set-de-jardinage-pour-enfants-avec-sac-vilac\/","name":"Set de jardinage pour enfants avec sac - Vilac","isPartOf":{"@id":"https:\/\/teiaeducation.ch\/fr\/#website"},"primaryImageOfPage":{"@id":"https:\/\/teiaeducation.ch\/fr\/produit\/set-de-jardinage-pour-enfants-avec-sac-vilac\/#primaryimage"},"image":{"@id":"https:\/\/teiaeducation.ch\/fr\/produit\/set-de-jardinage-pour-enfants-avec-sac-vilac\/#primaryimage"},"thumbnailUrl":"https:\/\/teiaeducation.ch\/wp-content\/uploads\/2022\/03\/Vilac-garden-set-in-bag-with-children-sized-garden-tools.jpg","datePublished":"2023-03-13T08:00:25+00:00","dateModified":"2024-05-24T09:03:52+00:00","description":"Le set de jardinage de Vilac avec ses outils de jardinage de taille enfant dans un sac est le parfait cadeau de printemps pour le jeune jardinier !","breadcrumb":{"@id":"https:\/\/teiaeducation.ch\/fr\/produit\/set-de-jardinage-pour-enfants-avec-sac-vilac\/#breadcrumb"},"inLanguage":"fr-FR","potentialAction":[{"@type":"ReadAction","target":["https:\/\/teiaeducation.ch\/fr\/produit\/set-de-jardinage-pour-enfants-avec-sac-vilac\/"]}]},{"@type":"ImageObject","inLanguage":"fr-FR","@id":"https:\/\/teiaeducation.ch\/fr\/produit\/set-de-jardinage-pour-enfants-avec-sac-vilac\/#primaryimage","url":"https:\/\/teiaeducation.ch\/wp-content\/uploads\/2022\/03\/Vilac-garden-set-in-bag-with-children-sized-garden-tools.jpg","contentUrl":"https:\/\/teiaeducation.ch\/wp-content\/uploads\/2022\/03\/Vilac-garden-set-in-bag-with-children-sized-garden-tools.jpg","width":800,"height":800,"caption":"Set de jardinage pour enfants avec sac Vilac"},{"@type":"BreadcrumbList","@id":"https:\/\/teiaeducation.ch\/fr\/produit\/set-de-jardinage-pour-enfants-avec-sac-vilac\/#breadcrumb","itemListElement":[{"@type":"ListItem","position":1,"name":"Home","item":"https:\/\/teiaeducation.ch\/fr\/"},{"@type":"ListItem","position":2,"name":"Boutique Teia Education &amp; Play","item":"https:\/\/teiaeducation.ch\/fr\/boutique\/"},{"@type":"ListItem","position":3,"name":"Nos Marques","item":"https:\/\/teiaeducation.ch\/fr\/categorie-produit\/marques\/"},{"@type":"ListItem","position":4,"name":"Vilac","item":"https:\/\/teiaeducation.ch\/fr\/categorie-produit\/marques\/vilac-fr\/"},{"@type":"ListItem","position":5,"name":"Set de jardinage pour enfants avec sac &#8211; Vilac"}]},{"@type":"WebSite","@id":"https:\/\/teiaeducation.ch\/fr\/#website","url":"https:\/\/teiaeducation.ch\/fr\/","name":"Sustainable Educational Products &amp; Ecological Toys\u00a0","description":"Specialised Swiss shop selling sustainable educational toys and games, AMI certified Montessori materials, handmade ecological wooden Waldorf toys and arts &amp; crafts supplies, school supplies, children&#039;s furniture and Montessori reference and parenting books.","publisher":{"@id":"https:\/\/teiaeducation.ch\/fr\/#organization"},"alternateName":"Teia Education & Play","potentialAction":[{"@type":"SearchAction","target":{"@type":"EntryPoint","urlTemplate":"https:\/\/teiaeducation.ch\/fr\/?s={search_term_string}"},"query-input":{"@type":"PropertyValueSpecification","valueRequired":true,"valueName":"search_term_string"}}],"inLanguage":"fr-FR"},{"@type":"Organization","@id":"https:\/\/teiaeducation.ch\/fr\/#organization","name":"Teia Education & Play","url":"https:\/\/teiaeducation.ch\/fr\/","logo":{"@type":"ImageObject","inLanguage":"fr-FR","@id":"https:\/\/teiaeducation.ch\/fr\/#\/schema\/logo\/image\/","url":"https:\/\/teiaeducation.ch\/wp-content\/uploads\/2020\/11\/Teia-Education-Switzerland-e1620156442216.jpg","contentUrl":"https:\/\/teiaeducation.ch\/wp-content\/uploads\/2020\/11\/Teia-Education-Switzerland-e1620156442216.jpg","width":166,"height":145,"caption":"Teia Education & Play"},"image":{"@id":"https:\/\/teiaeducation.ch\/fr\/#\/schema\/logo\/image\/"},"sameAs":["https:\/\/www.facebook.com\/teiaeducation\/","https:\/\/x.com\/EducationTeia","https:\/\/www.instagram.com\/teia.education\/","https:\/\/www.linkedin.com\/company\/35501660","https:\/\/www.pinterest.ch\/TeiaEducation\/"]}]},"product_price_amount":"36.90","product_price_currency":"CHF","og_availability":"out of stock","product_availability":"out of stock","product_retailer_item_id":"00000000000000000000000000000000000000000000045143","product_condition":"new"},"_links":{"self":[{"href":"https:\/\/teiaeducation.ch\/fr\/wp-json\/wp\/v2\/product\/52268","targetHints":{"allow":["GET"]}}],"collection":[{"href":"https:\/\/teiaeducation.ch\/fr\/wp-json\/wp\/v2\/product"}],"about":[{"href":"https:\/\/teiaeducation.ch\/fr\/wp-json\/wp\/v2\/types\/product"}],"replies":[{"embeddable":true,"href":"https:\/\/teiaeducation.ch\/fr\/wp-json\/wp\/v2\/comments?post=52268"}],"wp:featuredmedia":[{"embeddable":true,"href":"https:\/\/teiaeducation.ch\/fr\/wp-json\/wp\/v2\/media\/45173"}],"wp:attachment":[{"href":"https:\/\/teiaeducation.ch\/fr\/wp-json\/wp\/v2\/media?parent=52268"}],"wp:term":[{"taxonomy":"product_brand","embeddable":true,"href":"https:\/\/teiaeducation.ch\/fr\/wp-json\/wp\/v2\/product_brand?post=52268"},{"taxonomy":"product_cat","embeddable":true,"href":"https:\/\/teiaeducation.ch\/fr\/wp-json\/wp\/v2\/product_cat?post=52268"},{"taxonomy":"product_tag","embeddable":true,"href":"https:\/\/teiaeducation.ch\/fr\/wp-json\/wp\/v2\/product_tag?post=52268"}],"curies":[{"name":"wp","href":"https:\/\/api.w.org\/{rel}","templated":true}]}}