{"id":52269,"date":"2023-03-13T09:01:37","date_gmt":"2023-03-13T08:01:37","guid":{"rendered":"https:\/\/teiaeducation.ch\/product\/petits-outils-de-jardinage-et-de-sable-pour-enfants-vilac\/"},"modified":"2023-03-13T13:21:10","modified_gmt":"2023-03-13T12:21:10","slug":"petits-outils-de-jardinage-et-de-sable-pour-enfants-vilac","status":"publish","type":"product","link":"https:\/\/teiaeducation.ch\/fr\/produit\/petits-outils-de-jardinage-et-de-sable-pour-enfants-vilac\/","title":{"rendered":"Petits outils de jardinage et de sable pour enfants &#8211; Vilac"},"content":{"rendered":"<p>L&#8217;ensemble de petits outils de jardinage en m\u00e9tal de Vilac de taille enfant\u00a0comprend un r\u00e2teau, une b\u00eache et une petite pelle. C&#8217;est l&#8217;ensemble parfait pour s&#8217;amuser dans le bac \u00e0 sable, au bord de la mer ou pour jouer au petit <a href=\"https:\/\/teiaeducation.ch\/fr\/categorie-produit\/creativite-beaux-arts-et-bricolage\/jardinage\/\">jardinier<\/a>\u00a0!<\/p>\n<p>Cet ensemble en m\u00e9tal de haute qualit\u00e9 d&#8217;outils traditionnels pour le sable ou le jardin est robuste, tr\u00e8s bien fait et de taille parfaite pour les enfants. Ces outils sont une merveilleuse alternative durable au plastique, avec des poign\u00e9es en bois lisse et un m\u00e9tal (rev\u00eatement en poudre) peint de couleurs gaies.<\/p>\n<p>Les enfants peuvent s&#8217;amuser en plein air en jouant \u00e0 la plage ou dans le bac \u00e0 <a href=\"https:\/\/teiaeducation.ch\/fr\/categorie-produit\/jouer\/jeux-de-sable\/\">sable<\/a> avec ces jouets de sable ou en aidant dans le jardin, en ratissant et en creusant ou en construisant dans le sable. Ces outils de la taille d&#8217;un enfant inspirent les jeunes jardiniers, invitent \u00e0 des heures d&#8217;amusement \u00e0 la plage et de jeux dans la <a href=\"https:\/\/teiaeducation.ch\/product-category\/hgh-quality-toys-play\/nature-play\/\">nature<\/a>\u00a0ou permettent aux petits d&#8217;apprendre en participant aux activit\u00e9s des adultes.<\/p>\n<p>La marque fran\u00e7aise de jouets traditionnels <a href=\"https:\/\/teiaeducation.ch\/fr\/categorie-produit\/marques\/vilac-fr\/\">Vilac<\/a> fabrique depuis plus de 100 ans des <a href=\"https:\/\/teiaeducation.ch\/fr\/categorie-produit\/jouer\/jouets-en-bois\/\">jouets en bois<\/a> de haute qualit\u00e9, s\u00fbrs et durables. Leurs jouets sont con\u00e7us pour durer, jour apr\u00e8s jour, ann\u00e9e apr\u00e8s ann\u00e9e. Tous les jouets Vilac sont con\u00e7us dans le Jura fran\u00e7ais, avec un grand respect du d\u00e9tail et de belles finitions, \u00e0 partir de bois issus de for\u00eats g\u00e9r\u00e9es durablement.<\/p>\n<p>Les jouets Vilac sont s\u00fbrs pour enfants de tous \u00e2ges. Toutes les laques et peintures sont test\u00e9es par des laboratoires agr\u00e9\u00e9s et sont garanties sans allerg\u00e8nes, sans phtalates et sans plomb. Ce qui garantit que les jouets peuvent \u00eatre pass\u00e9s de main en main sans risque. Les jouets Vilac sont marqu\u00e9s CE et respectent les exigences essentielles de la directive europ\u00e9enne n\u00b0 2009\/48\/CE relative \u00e0 la s\u00e9curit\u00e9 des jouets \u00e0 tous les stades de leur fabrication. Ils sont donc conformes \u00e0 la norme EN 71\/1-2-3 relative aux jouets.<\/p>\n<p>Les petits outils de jardinage et de sable de Vilac sont recommand\u00e9s pour les enfants \u00e0 partir de 3 ans.<\/p>\n<p>Contenu:<\/p>\n<p>1 pelle en bois et en m\u00e9tal<br \/>\n1 r\u00e2teau en bois et en m\u00e9tal<br \/>\n1 b\u00eache en bois et en m\u00e9tal<\/p>\n","protected":false},"excerpt":{"rendered":"<p>Num\u00e9ro d&#8217;article: 83.3803<\/p>\n<p>Ce joli ensemble de Vilac avec des outils de jardinage de taille enfant est parfait pour le jeune jardinier, pour jouer dans le bac \u00e0 sable ou au bord de la mer.<\/p>\n","protected":false},"featured_media":45188,"comment_status":"open","ping_status":"closed","template":"","meta":[],"product_brand":[],"product_cat":[215,216,23635,18893,22344,284,283,593,21257,22421,20651,18913,20669,13130,23132,13127,217,5851,212,23072],"product_tag":[19093,19016,24697,24703,24701,19092,24704,19096,24702,24695,24696,24698,24699,24700],"class_list":{"0":"post-52269","1":"product","2":"type-product","3":"status-publish","4":"has-post-thumbnail","6":"product_cat-3-6-ans","7":"product_cat-6-12-ans","8":"product_cat-collection-dete","9":"product_cat-collection-printemps","10":"product_cat-collections-saisonnieres","11":"product_cat-culture-sciences","12":"product_cat-domaines-du-curriculum","13":"product_cat-etudes-botaniques","14":"product_cat-guides-cadeaux","15":"product_cat-idees-cadeaux-pour-paques","16":"product_cat-jardinage","17":"product_cat-jeu-de-la-nature","18":"product_cat-jeux-de-sable","19":"product_cat-jouer","20":"product_cat-jouets-de-plein-air","21":"product_cat-creativite-beaux-arts-et-bricolage","22":"product_cat-marques","23":"product_cat-nouveautes","24":"product_cat-tranche-dage","25":"product_cat-vilac-fr","26":"product_tag-activites-nature-pour-les-enfants","27":"product_tag-activites-traditionnelles-pour-les-enfants","28":"product_tag-collection-de-jardin-vilac","29":"product_tag-ensemble-de-jardin-vilac-enfant","30":"product_tag-grand-ensemble-de-jardin-vilac","31":"product_tag-jeu-de-la-nature","32":"product_tag-le-jardinage-avec-les-enfants","33":"product_tag-loisirs-traditionnels-pour-les-enfants","34":"product_tag-outils-de-jardinage-vilac-pour-enfants","35":"product_tag-vilac-jouets","36":"product_tag-vilac-le-jardin-fr","37":"product_tag-vilac-schweiz-fr","38":"product_tag-vilac-suisse-fr","39":"product_tag-vilac-switzerland-fr","41":"first","42":"instock","43":"taxable","44":"shipping-taxable","45":"purchasable","46":"product-type-simple"},"yoast_head":"<!-- This site is optimized with the Yoast SEO plugin v27.1.1 - https:\/\/yoast.com\/product\/yoast-seo-wordpress\/ -->\n<title>Petits outils de jardinage et de sable pour enfants - Vilac<\/title>\n<meta name=\"description\" content=\"Ce joli ensemble de Vilac des outils de jardinage de taille enfant est parfait pour le jeune jardinier, pour jouer dans le bac \u00e0 sable ou au bord de la mer.\" \/>\n<meta name=\"robots\" content=\"index, follow, max-snippet:-1, max-image-preview:large, max-video-preview:-1\" \/>\n<link rel=\"canonical\" href=\"https:\/\/teiaeducation.ch\/fr\/produit\/petits-outils-de-jardinage-et-de-sable-pour-enfants-vilac\/\" \/>\n<meta property=\"og:locale\" content=\"fr_FR\" \/>\n<meta property=\"og:type\" content=\"article\" \/>\n<meta property=\"og:title\" content=\"Petits outils de jardinage et de sable pour enfants - Vilac\" \/>\n<meta property=\"og:description\" content=\"Ce joli ensemble de Vilac des outils de jardinage de taille enfant est parfait pour le jeune jardinier, pour jouer dans le bac \u00e0 sable ou au bord de la mer.\" \/>\n<meta property=\"og:url\" content=\"https:\/\/teiaeducation.ch\/fr\/produit\/petits-outils-de-jardinage-et-de-sable-pour-enfants-vilac\/\" \/>\n<meta property=\"og:site_name\" content=\"Sustainable Educational Products &amp; Ecological Toys\u00a0\" \/>\n<meta property=\"article:publisher\" content=\"https:\/\/www.facebook.com\/teiaeducation\/\" \/>\n<meta property=\"article:modified_time\" content=\"2023-03-13T12:21:10+00:00\" \/>\n<meta property=\"og:image\" content=\"https:\/\/teiaeducation.ch\/wp-content\/uploads\/2022\/03\/Vilac-small-garden-set-with-children-sized-garden-tools-2.jpg\" \/>\n\t<meta property=\"og:image:width\" content=\"800\" \/>\n\t<meta property=\"og:image:height\" content=\"800\" \/>\n\t<meta property=\"og:image:type\" content=\"image\/jpeg\" \/>\n<script type=\"application\/ld+json\" class=\"yoast-schema-graph\">{\"@context\":\"https:\/\/schema.org\",\"@graph\":[{\"@type\":\"WebPage\",\"@id\":\"https:\/\/teiaeducation.ch\/fr\/produit\/petits-outils-de-jardinage-et-de-sable-pour-enfants-vilac\/\",\"url\":\"https:\/\/teiaeducation.ch\/fr\/produit\/petits-outils-de-jardinage-et-de-sable-pour-enfants-vilac\/\",\"name\":\"Petits outils de jardinage et de sable pour enfants - Vilac\",\"isPartOf\":{\"@id\":\"https:\/\/teiaeducation.ch\/fr\/#website\"},\"primaryImageOfPage\":{\"@id\":\"https:\/\/teiaeducation.ch\/fr\/produit\/petits-outils-de-jardinage-et-de-sable-pour-enfants-vilac\/#primaryimage\"},\"image\":{\"@id\":\"https:\/\/teiaeducation.ch\/fr\/produit\/petits-outils-de-jardinage-et-de-sable-pour-enfants-vilac\/#primaryimage\"},\"thumbnailUrl\":\"https:\/\/teiaeducation.ch\/wp-content\/uploads\/2022\/03\/Vilac-small-garden-set-with-children-sized-garden-tools-2.jpg\",\"datePublished\":\"2023-03-13T08:01:37+00:00\",\"dateModified\":\"2023-03-13T12:21:10+00:00\",\"description\":\"Ce joli ensemble de Vilac des outils de jardinage de taille enfant est parfait pour le jeune jardinier, pour jouer dans le bac \u00e0 sable ou au bord de la mer.\",\"breadcrumb\":{\"@id\":\"https:\/\/teiaeducation.ch\/fr\/produit\/petits-outils-de-jardinage-et-de-sable-pour-enfants-vilac\/#breadcrumb\"},\"inLanguage\":\"fr-FR\",\"potentialAction\":[{\"@type\":\"ReadAction\",\"target\":[\"https:\/\/teiaeducation.ch\/fr\/produit\/petits-outils-de-jardinage-et-de-sable-pour-enfants-vilac\/\"]}]},{\"@type\":\"ImageObject\",\"inLanguage\":\"fr-FR\",\"@id\":\"https:\/\/teiaeducation.ch\/fr\/produit\/petits-outils-de-jardinage-et-de-sable-pour-enfants-vilac\/#primaryimage\",\"url\":\"https:\/\/teiaeducation.ch\/wp-content\/uploads\/2022\/03\/Vilac-small-garden-set-with-children-sized-garden-tools-2.jpg\",\"contentUrl\":\"https:\/\/teiaeducation.ch\/wp-content\/uploads\/2022\/03\/Vilac-small-garden-set-with-children-sized-garden-tools-2.jpg\",\"width\":800,\"height\":800,\"caption\":\"Petits outils de jardinage et de sable pour enfants - Vilac\"},{\"@type\":\"BreadcrumbList\",\"@id\":\"https:\/\/teiaeducation.ch\/fr\/produit\/petits-outils-de-jardinage-et-de-sable-pour-enfants-vilac\/#breadcrumb\",\"itemListElement\":[{\"@type\":\"ListItem\",\"position\":1,\"name\":\"Home\",\"item\":\"https:\/\/teiaeducation.ch\/fr\/\"},{\"@type\":\"ListItem\",\"position\":2,\"name\":\"Boutique Teia Education &amp; Play\",\"item\":\"https:\/\/teiaeducation.ch\/fr\/boutique\/\"},{\"@type\":\"ListItem\",\"position\":3,\"name\":\"Nos Marques\",\"item\":\"https:\/\/teiaeducation.ch\/fr\/categorie-produit\/marques\/\"},{\"@type\":\"ListItem\",\"position\":4,\"name\":\"Vilac\",\"item\":\"https:\/\/teiaeducation.ch\/fr\/categorie-produit\/marques\/vilac-fr\/\"},{\"@type\":\"ListItem\",\"position\":5,\"name\":\"Petits outils de jardinage et de sable pour enfants &#8211; Vilac\"}]},{\"@type\":\"WebSite\",\"@id\":\"https:\/\/teiaeducation.ch\/fr\/#website\",\"url\":\"https:\/\/teiaeducation.ch\/fr\/\",\"name\":\"Sustainable Educational Products &amp; Ecological Toys\u00a0\",\"description\":\"Specialised Swiss shop selling sustainable educational toys and games, AMI certified Montessori materials, handmade ecological wooden Waldorf toys and arts &amp; crafts supplies, school supplies, children&#039;s furniture and Montessori reference and parenting books.\",\"publisher\":{\"@id\":\"https:\/\/teiaeducation.ch\/fr\/#organization\"},\"alternateName\":\"Teia Education & Play\",\"potentialAction\":[{\"@type\":\"SearchAction\",\"target\":{\"@type\":\"EntryPoint\",\"urlTemplate\":\"https:\/\/teiaeducation.ch\/fr\/?s={search_term_string}\"},\"query-input\":{\"@type\":\"PropertyValueSpecification\",\"valueRequired\":true,\"valueName\":\"search_term_string\"}}],\"inLanguage\":\"fr-FR\"},{\"@type\":\"Organization\",\"@id\":\"https:\/\/teiaeducation.ch\/fr\/#organization\",\"name\":\"Teia Education & Play\",\"url\":\"https:\/\/teiaeducation.ch\/fr\/\",\"logo\":{\"@type\":\"ImageObject\",\"inLanguage\":\"fr-FR\",\"@id\":\"https:\/\/teiaeducation.ch\/fr\/#\/schema\/logo\/image\/\",\"url\":\"https:\/\/teiaeducation.ch\/wp-content\/uploads\/2020\/11\/Teia-Education-Switzerland-e1620156442216.jpg\",\"contentUrl\":\"https:\/\/teiaeducation.ch\/wp-content\/uploads\/2020\/11\/Teia-Education-Switzerland-e1620156442216.jpg\",\"width\":166,\"height\":145,\"caption\":\"Teia Education & Play\"},\"image\":{\"@id\":\"https:\/\/teiaeducation.ch\/fr\/#\/schema\/logo\/image\/\"},\"sameAs\":[\"https:\/\/www.facebook.com\/teiaeducation\/\",\"https:\/\/x.com\/EducationTeia\",\"https:\/\/www.instagram.com\/teia.education\/\",\"https:\/\/www.linkedin.com\/company\/35501660\",\"https:\/\/www.pinterest.ch\/TeiaEducation\/\"]}]}<\/script>\n<!-- \/ Yoast SEO plugin. -->","yoast_head_json":{"title":"Petits outils de jardinage et de sable pour enfants - Vilac","description":"Ce joli ensemble de Vilac des outils de jardinage de taille enfant est parfait pour le jeune jardinier, pour jouer dans le bac \u00e0 sable ou au bord de la mer.","robots":{"index":"index","follow":"follow","max-snippet":"max-snippet:-1","max-image-preview":"max-image-preview:large","max-video-preview":"max-video-preview:-1"},"canonical":"https:\/\/teiaeducation.ch\/fr\/produit\/petits-outils-de-jardinage-et-de-sable-pour-enfants-vilac\/","og_locale":"fr_FR","og_type":"article","og_title":"Petits outils de jardinage et de sable pour enfants - Vilac","og_description":"Ce joli ensemble de Vilac des outils de jardinage de taille enfant est parfait pour le jeune jardinier, pour jouer dans le bac \u00e0 sable ou au bord de la mer.","og_url":"https:\/\/teiaeducation.ch\/fr\/produit\/petits-outils-de-jardinage-et-de-sable-pour-enfants-vilac\/","og_site_name":"Sustainable Educational Products &amp; Ecological Toys\u00a0","article_publisher":"https:\/\/www.facebook.com\/teiaeducation\/","article_modified_time":"2023-03-13T12:21:10+00:00","og_image":[{"width":800,"height":800,"url":"https:\/\/teiaeducation.ch\/wp-content\/uploads\/2022\/03\/Vilac-small-garden-set-with-children-sized-garden-tools-2.jpg","type":"image\/jpeg"}],"schema":{"@context":"https:\/\/schema.org","@graph":[{"@type":"WebPage","@id":"https:\/\/teiaeducation.ch\/fr\/produit\/petits-outils-de-jardinage-et-de-sable-pour-enfants-vilac\/","url":"https:\/\/teiaeducation.ch\/fr\/produit\/petits-outils-de-jardinage-et-de-sable-pour-enfants-vilac\/","name":"Petits outils de jardinage et de sable pour enfants - Vilac","isPartOf":{"@id":"https:\/\/teiaeducation.ch\/fr\/#website"},"primaryImageOfPage":{"@id":"https:\/\/teiaeducation.ch\/fr\/produit\/petits-outils-de-jardinage-et-de-sable-pour-enfants-vilac\/#primaryimage"},"image":{"@id":"https:\/\/teiaeducation.ch\/fr\/produit\/petits-outils-de-jardinage-et-de-sable-pour-enfants-vilac\/#primaryimage"},"thumbnailUrl":"https:\/\/teiaeducation.ch\/wp-content\/uploads\/2022\/03\/Vilac-small-garden-set-with-children-sized-garden-tools-2.jpg","datePublished":"2023-03-13T08:01:37+00:00","dateModified":"2023-03-13T12:21:10+00:00","description":"Ce joli ensemble de Vilac des outils de jardinage de taille enfant est parfait pour le jeune jardinier, pour jouer dans le bac \u00e0 sable ou au bord de la mer.","breadcrumb":{"@id":"https:\/\/teiaeducation.ch\/fr\/produit\/petits-outils-de-jardinage-et-de-sable-pour-enfants-vilac\/#breadcrumb"},"inLanguage":"fr-FR","potentialAction":[{"@type":"ReadAction","target":["https:\/\/teiaeducation.ch\/fr\/produit\/petits-outils-de-jardinage-et-de-sable-pour-enfants-vilac\/"]}]},{"@type":"ImageObject","inLanguage":"fr-FR","@id":"https:\/\/teiaeducation.ch\/fr\/produit\/petits-outils-de-jardinage-et-de-sable-pour-enfants-vilac\/#primaryimage","url":"https:\/\/teiaeducation.ch\/wp-content\/uploads\/2022\/03\/Vilac-small-garden-set-with-children-sized-garden-tools-2.jpg","contentUrl":"https:\/\/teiaeducation.ch\/wp-content\/uploads\/2022\/03\/Vilac-small-garden-set-with-children-sized-garden-tools-2.jpg","width":800,"height":800,"caption":"Petits outils de jardinage et de sable pour enfants - Vilac"},{"@type":"BreadcrumbList","@id":"https:\/\/teiaeducation.ch\/fr\/produit\/petits-outils-de-jardinage-et-de-sable-pour-enfants-vilac\/#breadcrumb","itemListElement":[{"@type":"ListItem","position":1,"name":"Home","item":"https:\/\/teiaeducation.ch\/fr\/"},{"@type":"ListItem","position":2,"name":"Boutique Teia Education &amp; Play","item":"https:\/\/teiaeducation.ch\/fr\/boutique\/"},{"@type":"ListItem","position":3,"name":"Nos Marques","item":"https:\/\/teiaeducation.ch\/fr\/categorie-produit\/marques\/"},{"@type":"ListItem","position":4,"name":"Vilac","item":"https:\/\/teiaeducation.ch\/fr\/categorie-produit\/marques\/vilac-fr\/"},{"@type":"ListItem","position":5,"name":"Petits outils de jardinage et de sable pour enfants &#8211; Vilac"}]},{"@type":"WebSite","@id":"https:\/\/teiaeducation.ch\/fr\/#website","url":"https:\/\/teiaeducation.ch\/fr\/","name":"Sustainable Educational Products &amp; Ecological Toys\u00a0","description":"Specialised Swiss shop selling sustainable educational toys and games, AMI certified Montessori materials, handmade ecological wooden Waldorf toys and arts &amp; crafts supplies, school supplies, children&#039;s furniture and Montessori reference and parenting books.","publisher":{"@id":"https:\/\/teiaeducation.ch\/fr\/#organization"},"alternateName":"Teia Education & Play","potentialAction":[{"@type":"SearchAction","target":{"@type":"EntryPoint","urlTemplate":"https:\/\/teiaeducation.ch\/fr\/?s={search_term_string}"},"query-input":{"@type":"PropertyValueSpecification","valueRequired":true,"valueName":"search_term_string"}}],"inLanguage":"fr-FR"},{"@type":"Organization","@id":"https:\/\/teiaeducation.ch\/fr\/#organization","name":"Teia Education & Play","url":"https:\/\/teiaeducation.ch\/fr\/","logo":{"@type":"ImageObject","inLanguage":"fr-FR","@id":"https:\/\/teiaeducation.ch\/fr\/#\/schema\/logo\/image\/","url":"https:\/\/teiaeducation.ch\/wp-content\/uploads\/2020\/11\/Teia-Education-Switzerland-e1620156442216.jpg","contentUrl":"https:\/\/teiaeducation.ch\/wp-content\/uploads\/2020\/11\/Teia-Education-Switzerland-e1620156442216.jpg","width":166,"height":145,"caption":"Teia Education & Play"},"image":{"@id":"https:\/\/teiaeducation.ch\/fr\/#\/schema\/logo\/image\/"},"sameAs":["https:\/\/www.facebook.com\/teiaeducation\/","https:\/\/x.com\/EducationTeia","https:\/\/www.instagram.com\/teia.education\/","https:\/\/www.linkedin.com\/company\/35501660","https:\/\/www.pinterest.ch\/TeiaEducation\/"]}]}},"_links":{"self":[{"href":"https:\/\/teiaeducation.ch\/fr\/wp-json\/wp\/v2\/product\/52269","targetHints":{"allow":["GET"]}}],"collection":[{"href":"https:\/\/teiaeducation.ch\/fr\/wp-json\/wp\/v2\/product"}],"about":[{"href":"https:\/\/teiaeducation.ch\/fr\/wp-json\/wp\/v2\/types\/product"}],"replies":[{"embeddable":true,"href":"https:\/\/teiaeducation.ch\/fr\/wp-json\/wp\/v2\/comments?post=52269"}],"wp:featuredmedia":[{"embeddable":true,"href":"https:\/\/teiaeducation.ch\/fr\/wp-json\/wp\/v2\/media\/45188"}],"wp:attachment":[{"href":"https:\/\/teiaeducation.ch\/fr\/wp-json\/wp\/v2\/media?parent=52269"}],"wp:term":[{"taxonomy":"product_brand","embeddable":true,"href":"https:\/\/teiaeducation.ch\/fr\/wp-json\/wp\/v2\/product_brand?post=52269"},{"taxonomy":"product_cat","embeddable":true,"href":"https:\/\/teiaeducation.ch\/fr\/wp-json\/wp\/v2\/product_cat?post=52269"},{"taxonomy":"product_tag","embeddable":true,"href":"https:\/\/teiaeducation.ch\/fr\/wp-json\/wp\/v2\/product_tag?post=52269"}],"curies":[{"name":"wp","href":"https:\/\/api.w.org\/{rel}","templated":true}]}}