{"id":52270,"date":"2023-03-13T09:02:07","date_gmt":"2023-03-13T08:02:07","guid":{"rendered":"https:\/\/teiaeducation.ch\/product\/set-de-jardinage-pour-enfants-vilac\/"},"modified":"2023-03-13T13:32:41","modified_gmt":"2023-03-13T12:32:41","slug":"grand-set-de-jardinage-avec-outils-pour-enfants-vilac","status":"publish","type":"product","link":"https:\/\/teiaeducation.ch\/fr\/produit\/grand-set-de-jardinage-avec-outils-pour-enfants-vilac\/","title":{"rendered":"Set de jardinage pour enfants &#8211; Vilac"},"content":{"rendered":"<p>Le grand set de jardinage de Vilac avec des outils de jardinage de taille enfant est parfait pour les jeunes <a href=\"https:\/\/teiaeducation.ch\/fr\/categorie-produit\/creativite-beaux-arts-et-bricolage\/jardinage\/\">jardiniers<\/a>\u00a0! Il contient tous les outils n\u00e9cessaires pour jouer au petit jardinier, aider les adultes et voir son jardin \u00e9voluer.<\/p>\n<p>Le set comprend les outils de jardinage pour enfants suivants : une paire de gants, une pelle, un r\u00e2teau et une b\u00eache. Les gants de jardinage robustes sont fabriqu\u00e9s en tissu de haute qualit\u00e9 et imprim\u00e9s avec des illustrations sur le th\u00e8me du jardin. Les outils aux couleurs vives mesurent environ 70 cm et sont fabriqu\u00e9s en m\u00e9tal (rev\u00eatement en poudre). Ils sont \u00e9quip\u00e9s d&#8217;un poign\u00e9e en bois. Le set de jardinage est livr\u00e9 dans un sac transparent pour faciliter le transport et le rangement.<\/p>\n<p>Ce set comprend tout ce qu&#8217;il faut pour que l&#8217;enfant s&#8217;immerge dans le monde de l&#8217;exploration et de l&#8217;observation de la <a href=\"https:\/\/teiaeducation.ch\/product-category\/hgh-quality-toys-play\/nature-play\/\">nature<\/a>\u00a0et constitue un cadeau id\u00e9al pour tout enfant \u00e2g\u00e9 de 3 ans et plus !<\/p>\n<p>La marque fran\u00e7aise de jouets traditionnels <a href=\"https:\/\/teiaeducation.ch\/fr\/categorie-produit\/marques\/vilac-fr\/\">Vilac<\/a> fabrique depuis plus de 100 ans des <a href=\"https:\/\/teiaeducation.ch\/fr\/categorie-produit\/jouer\/jouets-en-bois\/\">jouets en bois<\/a> de haute qualit\u00e9, s\u00fbrs et durables. Leurs jouets sont con\u00e7us pour durer, jour apr\u00e8s jour, ann\u00e9e apr\u00e8s ann\u00e9e. Tous les jouets Vilac sont con\u00e7us dans le Jura fran\u00e7ais, avec un grand respect du d\u00e9tail et de belles finitions, \u00e0 partir de bois issus de for\u00eats g\u00e9r\u00e9es durablement.<\/p>\n<p>Les jouets Vilac sont s\u00fbrs pour enfants de tous \u00e2ges. Toutes les laques et peintures sont test\u00e9es par des laboratoires agr\u00e9\u00e9s et sont garanties sans allerg\u00e8nes, sans phtalates et sans plomb. Ce qui garantit que les jouets peuvent \u00eatre pass\u00e9s de main en main sans risque. Les jouets Vilac sont marqu\u00e9s CE et respectent les exigences essentielles de la directive europ\u00e9enne n\u00b0 2009\/48\/CE relative \u00e0 la s\u00e9curit\u00e9 des jouets \u00e0 tous les stades de leur fabrication. Ils sont donc conformes \u00e0 la norme EN 71\/1-2-3 relative aux jouets.<\/p>\n<p>Le set de jardinage de Vilac est recommand\u00e9 pour les enfants \u00e0 partir de 3 ans.<\/p>\n<p>Contenu:<\/p>\n<p>1 paire de gants de jardinage<br \/>\n1 pelle en bois et en m\u00e9tal<br \/>\n1 r\u00e2teau en bois et en m\u00e9tal<br \/>\n1 b\u00eache en bois et en m\u00e9tal<br \/>\n1 sac pour le stockage<\/p>\n","protected":false},"excerpt":{"rendered":"<p>Num\u00e9ro d&#8217;article: 83.3806<\/p>\n<p>Le grand set de jardinage de Vilac avec des outils de jardinage de taille enfant est le cadeau de printemps parfait pour les jeunes jardiniers !<\/p>\n","protected":false},"featured_media":45192,"comment_status":"open","ping_status":"closed","template":"","meta":[],"product_brand":[],"product_cat":[215,216,23635,18893,22344,20651,18913,13130,23132,13127,217,5851,212,23072],"product_tag":[19093,19016,24697,24703,24701,19092,24704,19096,24702,24695,24696,24698,24699,24700],"class_list":{"0":"post-52270","1":"product","2":"type-product","3":"status-publish","4":"has-post-thumbnail","6":"product_cat-3-6-ans","7":"product_cat-6-12-ans","8":"product_cat-collection-dete","9":"product_cat-collection-printemps","10":"product_cat-collections-saisonnieres","11":"product_cat-jardinage","12":"product_cat-jeu-de-la-nature","13":"product_cat-jouer","14":"product_cat-jouets-de-plein-air","15":"product_cat-creativite-beaux-arts-et-bricolage","16":"product_cat-marques","17":"product_cat-nouveautes","18":"product_cat-tranche-dage","19":"product_cat-vilac-fr","20":"product_tag-activites-nature-pour-les-enfants","21":"product_tag-activites-traditionnelles-pour-les-enfants","22":"product_tag-collection-de-jardin-vilac","23":"product_tag-ensemble-de-jardin-vilac-enfant","24":"product_tag-grand-ensemble-de-jardin-vilac","25":"product_tag-jeu-de-la-nature","26":"product_tag-le-jardinage-avec-les-enfants","27":"product_tag-loisirs-traditionnels-pour-les-enfants","28":"product_tag-outils-de-jardinage-vilac-pour-enfants","29":"product_tag-vilac-jouets","30":"product_tag-vilac-le-jardin-fr","31":"product_tag-vilac-schweiz-fr","32":"product_tag-vilac-suisse-fr","33":"product_tag-vilac-switzerland-fr","35":"first","36":"outofstock","37":"taxable","38":"shipping-taxable","39":"purchasable","40":"product-type-simple"},"yoast_head":"<!-- This site is optimized with the Yoast SEO Premium plugin v25.8 (Yoast SEO v27.4) - https:\/\/yoast.com\/product\/yoast-seo-premium-wordpress\/ -->\n<title>Set de jardinage pour enfants - Vilac - Teia Education &amp; Play<\/title>\n<meta name=\"description\" content=\"Le grand set de jardinage de Vilac avec des outils de jardinage de taille enfant est le cadeau de printemps parfait pour les jeunes jardiniers !\" \/>\n<meta name=\"robots\" content=\"index, follow, max-snippet:-1, max-image-preview:large, max-video-preview:-1\" \/>\n<link rel=\"canonical\" href=\"https:\/\/teiaeducation.ch\/fr\/produit\/grand-set-de-jardinage-avec-outils-pour-enfants-vilac\/\" \/>\n<meta property=\"og:locale\" content=\"fr_FR\" \/>\n<meta property=\"og:type\" content=\"article\" \/>\n<meta property=\"og:title\" content=\"Set de jardinage pour enfants - Vilac\" \/>\n<meta property=\"og:description\" content=\"Le grand set de jardinage de Vilac avec des outils de jardinage de taille enfant est le cadeau de printemps parfait pour les jeunes jardiniers !\" \/>\n<meta property=\"og:url\" content=\"https:\/\/teiaeducation.ch\/fr\/produit\/grand-set-de-jardinage-avec-outils-pour-enfants-vilac\/\" \/>\n<meta property=\"og:site_name\" content=\"Sustainable Educational Products &amp; Ecological Toys\u00a0\" \/>\n<meta property=\"article:publisher\" content=\"https:\/\/www.facebook.com\/teiaeducation\/\" \/>\n<meta property=\"article:modified_time\" content=\"2023-03-13T12:32:41+00:00\" \/>\n<meta property=\"og:image\" content=\"https:\/\/teiaeducation.ch\/wp-content\/uploads\/2022\/03\/large-Vilac-garden-set-with-children-sized-garden-tools-1.jpg\" \/>\n\t<meta property=\"og:image:width\" content=\"800\" \/>\n\t<meta property=\"og:image:height\" content=\"800\" \/>\n\t<meta property=\"og:image:type\" content=\"image\/jpeg\" \/>\n<script type=\"application\/ld+json\" class=\"yoast-schema-graph\">{\"@context\":\"https:\\\/\\\/schema.org\",\"@graph\":[{\"@type\":\"WebPage\",\"@id\":\"https:\\\/\\\/teiaeducation.ch\\\/fr\\\/produit\\\/grand-set-de-jardinage-avec-outils-pour-enfants-vilac\\\/\",\"url\":\"https:\\\/\\\/teiaeducation.ch\\\/fr\\\/produit\\\/grand-set-de-jardinage-avec-outils-pour-enfants-vilac\\\/\",\"name\":\"Set de jardinage pour enfants - Vilac - Teia Education & Play\",\"isPartOf\":{\"@id\":\"https:\\\/\\\/teiaeducation.ch\\\/fr\\\/#website\"},\"primaryImageOfPage\":{\"@id\":\"https:\\\/\\\/teiaeducation.ch\\\/fr\\\/produit\\\/grand-set-de-jardinage-avec-outils-pour-enfants-vilac\\\/#primaryimage\"},\"image\":{\"@id\":\"https:\\\/\\\/teiaeducation.ch\\\/fr\\\/produit\\\/grand-set-de-jardinage-avec-outils-pour-enfants-vilac\\\/#primaryimage\"},\"thumbnailUrl\":\"https:\\\/\\\/teiaeducation.ch\\\/wp-content\\\/uploads\\\/2022\\\/03\\\/large-Vilac-garden-set-with-children-sized-garden-tools-1.jpg\",\"datePublished\":\"2023-03-13T08:02:07+00:00\",\"dateModified\":\"2023-03-13T12:32:41+00:00\",\"description\":\"Le grand set de jardinage de Vilac avec des outils de jardinage de taille enfant est le cadeau de printemps parfait pour les jeunes jardiniers !\",\"breadcrumb\":{\"@id\":\"https:\\\/\\\/teiaeducation.ch\\\/fr\\\/produit\\\/grand-set-de-jardinage-avec-outils-pour-enfants-vilac\\\/#breadcrumb\"},\"inLanguage\":\"fr-FR\",\"potentialAction\":[{\"@type\":\"ReadAction\",\"target\":[\"https:\\\/\\\/teiaeducation.ch\\\/fr\\\/produit\\\/grand-set-de-jardinage-avec-outils-pour-enfants-vilac\\\/\"]}]},{\"@type\":\"ImageObject\",\"inLanguage\":\"fr-FR\",\"@id\":\"https:\\\/\\\/teiaeducation.ch\\\/fr\\\/produit\\\/grand-set-de-jardinage-avec-outils-pour-enfants-vilac\\\/#primaryimage\",\"url\":\"https:\\\/\\\/teiaeducation.ch\\\/wp-content\\\/uploads\\\/2022\\\/03\\\/large-Vilac-garden-set-with-children-sized-garden-tools-1.jpg\",\"contentUrl\":\"https:\\\/\\\/teiaeducation.ch\\\/wp-content\\\/uploads\\\/2022\\\/03\\\/large-Vilac-garden-set-with-children-sized-garden-tools-1.jpg\",\"width\":800,\"height\":800,\"caption\":\"grand set de jardinage Vilac avec outils pour enfants\"},{\"@type\":\"BreadcrumbList\",\"@id\":\"https:\\\/\\\/teiaeducation.ch\\\/fr\\\/produit\\\/grand-set-de-jardinage-avec-outils-pour-enfants-vilac\\\/#breadcrumb\",\"itemListElement\":[{\"@type\":\"ListItem\",\"position\":1,\"name\":\"Home\",\"item\":\"https:\\\/\\\/teiaeducation.ch\\\/fr\\\/\"},{\"@type\":\"ListItem\",\"position\":2,\"name\":\"Boutique Teia Education &amp; Play\",\"item\":\"https:\\\/\\\/teiaeducation.ch\\\/fr\\\/boutique\\\/\"},{\"@type\":\"ListItem\",\"position\":3,\"name\":\"Nos Marques\",\"item\":\"https:\\\/\\\/teiaeducation.ch\\\/fr\\\/categorie-produit\\\/marques\\\/\"},{\"@type\":\"ListItem\",\"position\":4,\"name\":\"Vilac\",\"item\":\"https:\\\/\\\/teiaeducation.ch\\\/fr\\\/categorie-produit\\\/marques\\\/vilac-fr\\\/\"},{\"@type\":\"ListItem\",\"position\":5,\"name\":\"Set de jardinage pour enfants &#8211; Vilac\"}]},{\"@type\":\"WebSite\",\"@id\":\"https:\\\/\\\/teiaeducation.ch\\\/fr\\\/#website\",\"url\":\"https:\\\/\\\/teiaeducation.ch\\\/fr\\\/\",\"name\":\"Sustainable Educational Products &amp; Ecological Toys\u00a0\",\"description\":\"Specialised Swiss shop selling sustainable educational toys and games, AMI certified Montessori materials, handmade ecological wooden Waldorf toys and arts &amp; crafts supplies, school supplies, children&#039;s furniture and Montessori reference and parenting books.\",\"publisher\":{\"@id\":\"https:\\\/\\\/teiaeducation.ch\\\/fr\\\/#organization\"},\"alternateName\":\"Teia Education & Play\",\"potentialAction\":[{\"@type\":\"SearchAction\",\"target\":{\"@type\":\"EntryPoint\",\"urlTemplate\":\"https:\\\/\\\/teiaeducation.ch\\\/fr\\\/?s={search_term_string}\"},\"query-input\":{\"@type\":\"PropertyValueSpecification\",\"valueRequired\":true,\"valueName\":\"search_term_string\"}}],\"inLanguage\":\"fr-FR\"},{\"@type\":\"Organization\",\"@id\":\"https:\\\/\\\/teiaeducation.ch\\\/fr\\\/#organization\",\"name\":\"Teia Education & Play\",\"url\":\"https:\\\/\\\/teiaeducation.ch\\\/fr\\\/\",\"logo\":{\"@type\":\"ImageObject\",\"inLanguage\":\"fr-FR\",\"@id\":\"https:\\\/\\\/teiaeducation.ch\\\/fr\\\/#\\\/schema\\\/logo\\\/image\\\/\",\"url\":\"https:\\\/\\\/teiaeducation.ch\\\/wp-content\\\/uploads\\\/2020\\\/11\\\/Teia-Education-Switzerland-e1620156442216.jpg\",\"contentUrl\":\"https:\\\/\\\/teiaeducation.ch\\\/wp-content\\\/uploads\\\/2020\\\/11\\\/Teia-Education-Switzerland-e1620156442216.jpg\",\"width\":166,\"height\":145,\"caption\":\"Teia Education & Play\"},\"image\":{\"@id\":\"https:\\\/\\\/teiaeducation.ch\\\/fr\\\/#\\\/schema\\\/logo\\\/image\\\/\"},\"sameAs\":[\"https:\\\/\\\/www.facebook.com\\\/teiaeducation\\\/\",\"https:\\\/\\\/x.com\\\/EducationTeia\",\"https:\\\/\\\/www.instagram.com\\\/teia.education\\\/\",\"https:\\\/\\\/www.linkedin.com\\\/company\\\/35501660\",\"https:\\\/\\\/www.pinterest.ch\\\/TeiaEducation\\\/\"]}]}<\/script>\n<meta property=\"product:price:amount\" content=\"42.90\" \/>\n<meta property=\"product:price:currency\" content=\"CHF\" \/>\n<meta property=\"og:availability\" content=\"out of stock\" \/>\n<meta property=\"product:availability\" content=\"out of stock\" \/>\n<meta property=\"product:retailer_item_id\" content=\"00000000000000000000000000000000000000000000045141\" \/>\n<meta property=\"product:condition\" content=\"new\" \/>\n<!-- \/ Yoast SEO Premium plugin. -->","yoast_head_json":{"title":"Set de jardinage pour enfants - Vilac - Teia Education & Play","description":"Le grand set de jardinage de Vilac avec des outils de jardinage de taille enfant est le cadeau de printemps parfait pour les jeunes jardiniers !","robots":{"index":"index","follow":"follow","max-snippet":"max-snippet:-1","max-image-preview":"max-image-preview:large","max-video-preview":"max-video-preview:-1"},"canonical":"https:\/\/teiaeducation.ch\/fr\/produit\/grand-set-de-jardinage-avec-outils-pour-enfants-vilac\/","og_locale":"fr_FR","og_type":"article","og_title":"Set de jardinage pour enfants - Vilac","og_description":"Le grand set de jardinage de Vilac avec des outils de jardinage de taille enfant est le cadeau de printemps parfait pour les jeunes jardiniers !","og_url":"https:\/\/teiaeducation.ch\/fr\/produit\/grand-set-de-jardinage-avec-outils-pour-enfants-vilac\/","og_site_name":"Sustainable Educational Products &amp; Ecological Toys\u00a0","article_publisher":"https:\/\/www.facebook.com\/teiaeducation\/","article_modified_time":"2023-03-13T12:32:41+00:00","og_image":[{"width":800,"height":800,"url":"https:\/\/teiaeducation.ch\/wp-content\/uploads\/2022\/03\/large-Vilac-garden-set-with-children-sized-garden-tools-1.jpg","type":"image\/jpeg"}],"schema":{"@context":"https:\/\/schema.org","@graph":[{"@type":"WebPage","@id":"https:\/\/teiaeducation.ch\/fr\/produit\/grand-set-de-jardinage-avec-outils-pour-enfants-vilac\/","url":"https:\/\/teiaeducation.ch\/fr\/produit\/grand-set-de-jardinage-avec-outils-pour-enfants-vilac\/","name":"Set de jardinage pour enfants - Vilac - Teia Education & Play","isPartOf":{"@id":"https:\/\/teiaeducation.ch\/fr\/#website"},"primaryImageOfPage":{"@id":"https:\/\/teiaeducation.ch\/fr\/produit\/grand-set-de-jardinage-avec-outils-pour-enfants-vilac\/#primaryimage"},"image":{"@id":"https:\/\/teiaeducation.ch\/fr\/produit\/grand-set-de-jardinage-avec-outils-pour-enfants-vilac\/#primaryimage"},"thumbnailUrl":"https:\/\/teiaeducation.ch\/wp-content\/uploads\/2022\/03\/large-Vilac-garden-set-with-children-sized-garden-tools-1.jpg","datePublished":"2023-03-13T08:02:07+00:00","dateModified":"2023-03-13T12:32:41+00:00","description":"Le grand set de jardinage de Vilac avec des outils de jardinage de taille enfant est le cadeau de printemps parfait pour les jeunes jardiniers !","breadcrumb":{"@id":"https:\/\/teiaeducation.ch\/fr\/produit\/grand-set-de-jardinage-avec-outils-pour-enfants-vilac\/#breadcrumb"},"inLanguage":"fr-FR","potentialAction":[{"@type":"ReadAction","target":["https:\/\/teiaeducation.ch\/fr\/produit\/grand-set-de-jardinage-avec-outils-pour-enfants-vilac\/"]}]},{"@type":"ImageObject","inLanguage":"fr-FR","@id":"https:\/\/teiaeducation.ch\/fr\/produit\/grand-set-de-jardinage-avec-outils-pour-enfants-vilac\/#primaryimage","url":"https:\/\/teiaeducation.ch\/wp-content\/uploads\/2022\/03\/large-Vilac-garden-set-with-children-sized-garden-tools-1.jpg","contentUrl":"https:\/\/teiaeducation.ch\/wp-content\/uploads\/2022\/03\/large-Vilac-garden-set-with-children-sized-garden-tools-1.jpg","width":800,"height":800,"caption":"grand set de jardinage Vilac avec outils pour enfants"},{"@type":"BreadcrumbList","@id":"https:\/\/teiaeducation.ch\/fr\/produit\/grand-set-de-jardinage-avec-outils-pour-enfants-vilac\/#breadcrumb","itemListElement":[{"@type":"ListItem","position":1,"name":"Home","item":"https:\/\/teiaeducation.ch\/fr\/"},{"@type":"ListItem","position":2,"name":"Boutique Teia Education &amp; Play","item":"https:\/\/teiaeducation.ch\/fr\/boutique\/"},{"@type":"ListItem","position":3,"name":"Nos Marques","item":"https:\/\/teiaeducation.ch\/fr\/categorie-produit\/marques\/"},{"@type":"ListItem","position":4,"name":"Vilac","item":"https:\/\/teiaeducation.ch\/fr\/categorie-produit\/marques\/vilac-fr\/"},{"@type":"ListItem","position":5,"name":"Set de jardinage pour enfants &#8211; Vilac"}]},{"@type":"WebSite","@id":"https:\/\/teiaeducation.ch\/fr\/#website","url":"https:\/\/teiaeducation.ch\/fr\/","name":"Sustainable Educational Products &amp; Ecological Toys\u00a0","description":"Specialised Swiss shop selling sustainable educational toys and games, AMI certified Montessori materials, handmade ecological wooden Waldorf toys and arts &amp; crafts supplies, school supplies, children&#039;s furniture and Montessori reference and parenting books.","publisher":{"@id":"https:\/\/teiaeducation.ch\/fr\/#organization"},"alternateName":"Teia Education & Play","potentialAction":[{"@type":"SearchAction","target":{"@type":"EntryPoint","urlTemplate":"https:\/\/teiaeducation.ch\/fr\/?s={search_term_string}"},"query-input":{"@type":"PropertyValueSpecification","valueRequired":true,"valueName":"search_term_string"}}],"inLanguage":"fr-FR"},{"@type":"Organization","@id":"https:\/\/teiaeducation.ch\/fr\/#organization","name":"Teia Education & Play","url":"https:\/\/teiaeducation.ch\/fr\/","logo":{"@type":"ImageObject","inLanguage":"fr-FR","@id":"https:\/\/teiaeducation.ch\/fr\/#\/schema\/logo\/image\/","url":"https:\/\/teiaeducation.ch\/wp-content\/uploads\/2020\/11\/Teia-Education-Switzerland-e1620156442216.jpg","contentUrl":"https:\/\/teiaeducation.ch\/wp-content\/uploads\/2020\/11\/Teia-Education-Switzerland-e1620156442216.jpg","width":166,"height":145,"caption":"Teia Education & Play"},"image":{"@id":"https:\/\/teiaeducation.ch\/fr\/#\/schema\/logo\/image\/"},"sameAs":["https:\/\/www.facebook.com\/teiaeducation\/","https:\/\/x.com\/EducationTeia","https:\/\/www.instagram.com\/teia.education\/","https:\/\/www.linkedin.com\/company\/35501660","https:\/\/www.pinterest.ch\/TeiaEducation\/"]}]},"product_price_amount":"42.90","product_price_currency":"CHF","og_availability":"out of stock","product_availability":"out of stock","product_retailer_item_id":"00000000000000000000000000000000000000000000045141","product_condition":"new"},"_links":{"self":[{"href":"https:\/\/teiaeducation.ch\/fr\/wp-json\/wp\/v2\/product\/52270","targetHints":{"allow":["GET"]}}],"collection":[{"href":"https:\/\/teiaeducation.ch\/fr\/wp-json\/wp\/v2\/product"}],"about":[{"href":"https:\/\/teiaeducation.ch\/fr\/wp-json\/wp\/v2\/types\/product"}],"replies":[{"embeddable":true,"href":"https:\/\/teiaeducation.ch\/fr\/wp-json\/wp\/v2\/comments?post=52270"}],"wp:featuredmedia":[{"embeddable":true,"href":"https:\/\/teiaeducation.ch\/fr\/wp-json\/wp\/v2\/media\/45192"}],"wp:attachment":[{"href":"https:\/\/teiaeducation.ch\/fr\/wp-json\/wp\/v2\/media?parent=52270"}],"wp:term":[{"taxonomy":"product_brand","embeddable":true,"href":"https:\/\/teiaeducation.ch\/fr\/wp-json\/wp\/v2\/product_brand?post=52270"},{"taxonomy":"product_cat","embeddable":true,"href":"https:\/\/teiaeducation.ch\/fr\/wp-json\/wp\/v2\/product_cat?post=52270"},{"taxonomy":"product_tag","embeddable":true,"href":"https:\/\/teiaeducation.ch\/fr\/wp-json\/wp\/v2\/product_tag?post=52270"}],"curies":[{"name":"wp","href":"https:\/\/api.w.org\/{rel}","templated":true}]}}