{"id":53352,"date":"2023-04-12T09:50:25","date_gmt":"2023-04-12T07:50:25","guid":{"rendered":"https:\/\/teiaeducation.ch\/?post_type=product&#038;p=53352"},"modified":"2025-03-11T18:39:24","modified_gmt":"2025-03-11T17:39:24","slug":"support-de-bougie-en-laiton-gluckskafer-copy","status":"publish","type":"product","link":"https:\/\/teiaeducation.ch\/fr\/produit\/support-de-bougie-en-laiton-gluckskafer-copy\/","title":{"rendered":"Support de bougie en laiton &#8211; Grimm&#8217;s"},"content":{"rendered":"<p>Support de bougie en laiton \/ Accessoire pour anneau de c\u00e9l\u00e9bration Waldorf &#8211; Grimm&#8217;s<\/p>\n<p>Un accessoire d\u2019insert en laiton de notre collection de <a href=\"https:\/\/teiaeducation.ch\/fr\/categorie-produit\/celebrations-fr\/\">c\u00e9l\u00e9brations<\/a> pour transformer votre anneau d\u2019anniversaire Grimm&#8217;s, anneau de l\u2019Avent, de No\u00ebl ou anneau de c\u00e9l\u00e9brations Waldorf en un bougeoir. Ce support s&#8217;ins\u00e8re dans n\u2019importe quel anneau de c\u00e9l\u00e9bration Grimm\u2019s Spiel et Holz, anneau d&#8217;anniversaire et spirale de l\u2019Avent. Le support d\u2019insert a \u00e9t\u00e9 dimensionn\u00e9 pour s\u2019adapter \u00e0 notre gamme de bougies pour anneau d\u2019anniversaire seulement.<\/p>\n<p>Vendu individuellement. Veuillez noter que les bougies ne tiennent pas dans les diff\u00e9rents anneaux et spirales sans cet insert.<\/p>\n<p>Avertissement! Le support pour bougie en laiton Grimm&#8217;s n\u2019est pas un dispositif de s\u00e9curit\u00e9. Il s\u2019agit d\u2019un \u00e9l\u00e9ment d\u00e9coratif et ce n\u2019est pas adapt\u00e9 pour jouer. Les bougies peuvent br\u00fbler le support en bois utilis\u00e9 en conjonction comme l\u2019anneau de c\u00e9l\u00e9bration si elles sont laiss\u00e9es sans surveillance. Veuillez toujours faire preuve de prudence lors de la combustion des bougies.<\/p>\n<p>Pour plus de s\u00e9curit\u00e9 si vous utilisez des bougies, veuillez utiliser des bougeoirs et vous assurer qu\u2019il n\u2019y a pas de papier ni de figure d\u00e9corative pr\u00e8s des flammes. Ce produit convient aux enfants de 14 ans et plus.<\/p>\n<p>Contenu :<\/p>\n<p>1 support de bougie en laiton<\/p>\n","protected":false},"excerpt":{"rendered":"<p>Num\u00e9ro d&#8217;article: 522701<\/p>\n<p>Support de bougie en laiton pour transformer votre anneau d\u2019anniversaire, de l\u2019Avent, de No\u00ebl ou de c\u00e9l\u00e9bration Waldorf de la marque Grimm&#8217;s.<\/p>\n","protected":false},"featured_media":53357,"comment_status":"open","ping_status":"closed","template":"","meta":[],"product_brand":[],"product_cat":[22346,24874,16898,17225,22343,18893,22344,17212,21257,13130,23021,7595,217,5851,22350,22348,212,1219],"product_tag":[8625,17332,17889,20021,17918,6714,17986],"class_list":{"0":"post-53352","1":"product","2":"type-product","3":"status-publish","4":"has-post-thumbnail","6":"product_cat-anniversaires","7":"product_cat-celebrations-rituels-familiaux","8":"product_cat-collection-automne","9":"product_cat-celebrations-fr","10":"product_cat-collection-hiver","11":"product_cat-collection-printemps","12":"product_cat-collections-saisonnieres","13":"product_cat-grimms-fr","14":"product_cat-guides-cadeaux","15":"product_cat-jouer","16":"product_cat-jouets-waldorf","17":"product_cat-methode-deducation","18":"product_cat-marques","19":"product_cat-nouveautes","20":"product_cat-rituels-avent","21":"product_cat-natur-saisonale-tische","22":"product_cat-tranche-dage","23":"product_cat-waldorf-fr","24":"product_tag-fabrique-en-allemagne","25":"product_tag-grimm-suisse","26":"product_tag-grimms-fr","27":"product_tag-grimms-celebrations-fr","28":"product_tag-jouet-en-bois-waldorf","29":"product_tag-jouets-en-bois-faits-a-la-main","30":"product_tag-jouets-en-bois-waldorf-fr","32":"first","33":"outofstock","34":"taxable","35":"shipping-taxable","36":"purchasable","37":"product-type-simple"},"yoast_head":"<!-- This site is optimized with the Yoast SEO plugin v27.1.1 - https:\/\/yoast.com\/product\/yoast-seo-wordpress\/ -->\n<title>Support de bougie en laiton - Grimm&#039;s - Teia Education &amp; Play<\/title>\n<meta name=\"description\" content=\"Support de bougie en laiton pour transformer votre anneau d\u2019anniversaire, de l\u2019Avent, de No\u00ebl ou de c\u00e9l\u00e9bration Waldorf de la marque Grimm&#039;s.\" \/>\n<meta name=\"robots\" content=\"index, follow, max-snippet:-1, max-image-preview:large, max-video-preview:-1\" \/>\n<link rel=\"canonical\" href=\"https:\/\/teiaeducation.ch\/fr\/produit\/support-de-bougie-en-laiton-gluckskafer-copy\/\" \/>\n<meta property=\"og:locale\" content=\"fr_FR\" \/>\n<meta property=\"og:type\" content=\"article\" \/>\n<meta property=\"og:title\" content=\"Support de bougie en laiton - Grimm&#039;s - Teia Education &amp; Play\" \/>\n<meta property=\"og:description\" content=\"Support de bougie en laiton pour transformer votre anneau d\u2019anniversaire, de l\u2019Avent, de No\u00ebl ou de c\u00e9l\u00e9bration Waldorf de la marque Grimm&#039;s.\" \/>\n<meta property=\"og:url\" content=\"https:\/\/teiaeducation.ch\/fr\/produit\/support-de-bougie-en-laiton-gluckskafer-copy\/\" \/>\n<meta property=\"og:site_name\" content=\"Sustainable Educational Products &amp; Ecological Toys\u00a0\" \/>\n<meta property=\"article:publisher\" content=\"https:\/\/www.facebook.com\/teiaeducation\/\" \/>\n<meta property=\"article:modified_time\" content=\"2025-03-11T17:39:24+00:00\" \/>\n<meta property=\"og:image\" content=\"https:\/\/teiaeducation.ch\/wp-content\/uploads\/2023\/04\/Brass-candle-holder-Waldorf-celebrations-ring-accessory-Grimms.jpg\" \/>\n\t<meta property=\"og:image:width\" content=\"1280\" \/>\n\t<meta property=\"og:image:height\" content=\"1280\" \/>\n\t<meta property=\"og:image:type\" content=\"image\/jpeg\" \/>\n<script type=\"application\/ld+json\" class=\"yoast-schema-graph\">{\"@context\":\"https:\/\/schema.org\",\"@graph\":[{\"@type\":\"WebPage\",\"@id\":\"https:\/\/teiaeducation.ch\/fr\/produit\/support-de-bougie-en-laiton-gluckskafer-copy\/\",\"url\":\"https:\/\/teiaeducation.ch\/fr\/produit\/support-de-bougie-en-laiton-gluckskafer-copy\/\",\"name\":\"Support de bougie en laiton - Grimm's - Teia Education & Play\",\"isPartOf\":{\"@id\":\"https:\/\/teiaeducation.ch\/fr\/#website\"},\"primaryImageOfPage\":{\"@id\":\"https:\/\/teiaeducation.ch\/fr\/produit\/support-de-bougie-en-laiton-gluckskafer-copy\/#primaryimage\"},\"image\":{\"@id\":\"https:\/\/teiaeducation.ch\/fr\/produit\/support-de-bougie-en-laiton-gluckskafer-copy\/#primaryimage\"},\"thumbnailUrl\":\"https:\/\/teiaeducation.ch\/wp-content\/uploads\/2023\/04\/Brass-candle-holder-Waldorf-celebrations-ring-accessory-Grimms.jpg\",\"datePublished\":\"2023-04-12T07:50:25+00:00\",\"dateModified\":\"2025-03-11T17:39:24+00:00\",\"description\":\"Support de bougie en laiton pour transformer votre anneau d\u2019anniversaire, de l\u2019Avent, de No\u00ebl ou de c\u00e9l\u00e9bration Waldorf de la marque Grimm's.\",\"breadcrumb\":{\"@id\":\"https:\/\/teiaeducation.ch\/fr\/produit\/support-de-bougie-en-laiton-gluckskafer-copy\/#breadcrumb\"},\"inLanguage\":\"fr-FR\",\"potentialAction\":[{\"@type\":\"ReadAction\",\"target\":[\"https:\/\/teiaeducation.ch\/fr\/produit\/support-de-bougie-en-laiton-gluckskafer-copy\/\"]}]},{\"@type\":\"ImageObject\",\"inLanguage\":\"fr-FR\",\"@id\":\"https:\/\/teiaeducation.ch\/fr\/produit\/support-de-bougie-en-laiton-gluckskafer-copy\/#primaryimage\",\"url\":\"https:\/\/teiaeducation.ch\/wp-content\/uploads\/2023\/04\/Brass-candle-holder-Waldorf-celebrations-ring-accessory-Grimms.jpg\",\"contentUrl\":\"https:\/\/teiaeducation.ch\/wp-content\/uploads\/2023\/04\/Brass-candle-holder-Waldorf-celebrations-ring-accessory-Grimms.jpg\",\"width\":1280,\"height\":1280,\"caption\":\"Brass candle holder Waldorf celebrations ring accessory\u00a0Grimm's\"},{\"@type\":\"BreadcrumbList\",\"@id\":\"https:\/\/teiaeducation.ch\/fr\/produit\/support-de-bougie-en-laiton-gluckskafer-copy\/#breadcrumb\",\"itemListElement\":[{\"@type\":\"ListItem\",\"position\":1,\"name\":\"Home\",\"item\":\"https:\/\/teiaeducation.ch\/fr\/\"},{\"@type\":\"ListItem\",\"position\":2,\"name\":\"Boutique Teia Education &amp; Play\",\"item\":\"https:\/\/teiaeducation.ch\/fr\/boutique\/\"},{\"@type\":\"ListItem\",\"position\":3,\"name\":\"Nos Marques\",\"item\":\"https:\/\/teiaeducation.ch\/fr\/categorie-produit\/marques\/\"},{\"@type\":\"ListItem\",\"position\":4,\"name\":\"Grimm's\",\"item\":\"https:\/\/teiaeducation.ch\/fr\/categorie-produit\/marques\/grimms-fr\/\"},{\"@type\":\"ListItem\",\"position\":5,\"name\":\"Support de bougie en laiton &#8211; Grimm&#8217;s\"}]},{\"@type\":\"WebSite\",\"@id\":\"https:\/\/teiaeducation.ch\/fr\/#website\",\"url\":\"https:\/\/teiaeducation.ch\/fr\/\",\"name\":\"Sustainable Educational Products &amp; Ecological Toys\u00a0\",\"description\":\"Specialised Swiss shop selling sustainable educational toys and games, AMI certified Montessori materials, handmade ecological wooden Waldorf toys and arts &amp; crafts supplies, school supplies, children&#039;s furniture and Montessori reference and parenting books.\",\"publisher\":{\"@id\":\"https:\/\/teiaeducation.ch\/fr\/#organization\"},\"alternateName\":\"Teia Education & Play\",\"potentialAction\":[{\"@type\":\"SearchAction\",\"target\":{\"@type\":\"EntryPoint\",\"urlTemplate\":\"https:\/\/teiaeducation.ch\/fr\/?s={search_term_string}\"},\"query-input\":{\"@type\":\"PropertyValueSpecification\",\"valueRequired\":true,\"valueName\":\"search_term_string\"}}],\"inLanguage\":\"fr-FR\"},{\"@type\":\"Organization\",\"@id\":\"https:\/\/teiaeducation.ch\/fr\/#organization\",\"name\":\"Teia Education & Play\",\"url\":\"https:\/\/teiaeducation.ch\/fr\/\",\"logo\":{\"@type\":\"ImageObject\",\"inLanguage\":\"fr-FR\",\"@id\":\"https:\/\/teiaeducation.ch\/fr\/#\/schema\/logo\/image\/\",\"url\":\"https:\/\/teiaeducation.ch\/wp-content\/uploads\/2020\/11\/Teia-Education-Switzerland-e1620156442216.jpg\",\"contentUrl\":\"https:\/\/teiaeducation.ch\/wp-content\/uploads\/2020\/11\/Teia-Education-Switzerland-e1620156442216.jpg\",\"width\":166,\"height\":145,\"caption\":\"Teia Education & Play\"},\"image\":{\"@id\":\"https:\/\/teiaeducation.ch\/fr\/#\/schema\/logo\/image\/\"},\"sameAs\":[\"https:\/\/www.facebook.com\/teiaeducation\/\",\"https:\/\/x.com\/EducationTeia\",\"https:\/\/www.instagram.com\/teia.education\/\",\"https:\/\/www.linkedin.com\/company\/35501660\",\"https:\/\/www.pinterest.ch\/TeiaEducation\/\"]}]}<\/script>\n<!-- \/ Yoast SEO plugin. -->","yoast_head_json":{"title":"Support de bougie en laiton - Grimm's - Teia Education & Play","description":"Support de bougie en laiton pour transformer votre anneau d\u2019anniversaire, de l\u2019Avent, de No\u00ebl ou de c\u00e9l\u00e9bration Waldorf de la marque Grimm's.","robots":{"index":"index","follow":"follow","max-snippet":"max-snippet:-1","max-image-preview":"max-image-preview:large","max-video-preview":"max-video-preview:-1"},"canonical":"https:\/\/teiaeducation.ch\/fr\/produit\/support-de-bougie-en-laiton-gluckskafer-copy\/","og_locale":"fr_FR","og_type":"article","og_title":"Support de bougie en laiton - Grimm's - Teia Education & Play","og_description":"Support de bougie en laiton pour transformer votre anneau d\u2019anniversaire, de l\u2019Avent, de No\u00ebl ou de c\u00e9l\u00e9bration Waldorf de la marque Grimm's.","og_url":"https:\/\/teiaeducation.ch\/fr\/produit\/support-de-bougie-en-laiton-gluckskafer-copy\/","og_site_name":"Sustainable Educational Products &amp; Ecological Toys\u00a0","article_publisher":"https:\/\/www.facebook.com\/teiaeducation\/","article_modified_time":"2025-03-11T17:39:24+00:00","og_image":[{"width":1280,"height":1280,"url":"https:\/\/teiaeducation.ch\/wp-content\/uploads\/2023\/04\/Brass-candle-holder-Waldorf-celebrations-ring-accessory-Grimms.jpg","type":"image\/jpeg"}],"schema":{"@context":"https:\/\/schema.org","@graph":[{"@type":"WebPage","@id":"https:\/\/teiaeducation.ch\/fr\/produit\/support-de-bougie-en-laiton-gluckskafer-copy\/","url":"https:\/\/teiaeducation.ch\/fr\/produit\/support-de-bougie-en-laiton-gluckskafer-copy\/","name":"Support de bougie en laiton - Grimm's - Teia Education & Play","isPartOf":{"@id":"https:\/\/teiaeducation.ch\/fr\/#website"},"primaryImageOfPage":{"@id":"https:\/\/teiaeducation.ch\/fr\/produit\/support-de-bougie-en-laiton-gluckskafer-copy\/#primaryimage"},"image":{"@id":"https:\/\/teiaeducation.ch\/fr\/produit\/support-de-bougie-en-laiton-gluckskafer-copy\/#primaryimage"},"thumbnailUrl":"https:\/\/teiaeducation.ch\/wp-content\/uploads\/2023\/04\/Brass-candle-holder-Waldorf-celebrations-ring-accessory-Grimms.jpg","datePublished":"2023-04-12T07:50:25+00:00","dateModified":"2025-03-11T17:39:24+00:00","description":"Support de bougie en laiton pour transformer votre anneau d\u2019anniversaire, de l\u2019Avent, de No\u00ebl ou de c\u00e9l\u00e9bration Waldorf de la marque Grimm's.","breadcrumb":{"@id":"https:\/\/teiaeducation.ch\/fr\/produit\/support-de-bougie-en-laiton-gluckskafer-copy\/#breadcrumb"},"inLanguage":"fr-FR","potentialAction":[{"@type":"ReadAction","target":["https:\/\/teiaeducation.ch\/fr\/produit\/support-de-bougie-en-laiton-gluckskafer-copy\/"]}]},{"@type":"ImageObject","inLanguage":"fr-FR","@id":"https:\/\/teiaeducation.ch\/fr\/produit\/support-de-bougie-en-laiton-gluckskafer-copy\/#primaryimage","url":"https:\/\/teiaeducation.ch\/wp-content\/uploads\/2023\/04\/Brass-candle-holder-Waldorf-celebrations-ring-accessory-Grimms.jpg","contentUrl":"https:\/\/teiaeducation.ch\/wp-content\/uploads\/2023\/04\/Brass-candle-holder-Waldorf-celebrations-ring-accessory-Grimms.jpg","width":1280,"height":1280,"caption":"Brass candle holder Waldorf celebrations ring accessory\u00a0Grimm's"},{"@type":"BreadcrumbList","@id":"https:\/\/teiaeducation.ch\/fr\/produit\/support-de-bougie-en-laiton-gluckskafer-copy\/#breadcrumb","itemListElement":[{"@type":"ListItem","position":1,"name":"Home","item":"https:\/\/teiaeducation.ch\/fr\/"},{"@type":"ListItem","position":2,"name":"Boutique Teia Education &amp; Play","item":"https:\/\/teiaeducation.ch\/fr\/boutique\/"},{"@type":"ListItem","position":3,"name":"Nos Marques","item":"https:\/\/teiaeducation.ch\/fr\/categorie-produit\/marques\/"},{"@type":"ListItem","position":4,"name":"Grimm's","item":"https:\/\/teiaeducation.ch\/fr\/categorie-produit\/marques\/grimms-fr\/"},{"@type":"ListItem","position":5,"name":"Support de bougie en laiton &#8211; Grimm&#8217;s"}]},{"@type":"WebSite","@id":"https:\/\/teiaeducation.ch\/fr\/#website","url":"https:\/\/teiaeducation.ch\/fr\/","name":"Sustainable Educational Products &amp; Ecological Toys\u00a0","description":"Specialised Swiss shop selling sustainable educational toys and games, AMI certified Montessori materials, handmade ecological wooden Waldorf toys and arts &amp; crafts supplies, school supplies, children&#039;s furniture and Montessori reference and parenting books.","publisher":{"@id":"https:\/\/teiaeducation.ch\/fr\/#organization"},"alternateName":"Teia Education & Play","potentialAction":[{"@type":"SearchAction","target":{"@type":"EntryPoint","urlTemplate":"https:\/\/teiaeducation.ch\/fr\/?s={search_term_string}"},"query-input":{"@type":"PropertyValueSpecification","valueRequired":true,"valueName":"search_term_string"}}],"inLanguage":"fr-FR"},{"@type":"Organization","@id":"https:\/\/teiaeducation.ch\/fr\/#organization","name":"Teia Education & Play","url":"https:\/\/teiaeducation.ch\/fr\/","logo":{"@type":"ImageObject","inLanguage":"fr-FR","@id":"https:\/\/teiaeducation.ch\/fr\/#\/schema\/logo\/image\/","url":"https:\/\/teiaeducation.ch\/wp-content\/uploads\/2020\/11\/Teia-Education-Switzerland-e1620156442216.jpg","contentUrl":"https:\/\/teiaeducation.ch\/wp-content\/uploads\/2020\/11\/Teia-Education-Switzerland-e1620156442216.jpg","width":166,"height":145,"caption":"Teia Education & Play"},"image":{"@id":"https:\/\/teiaeducation.ch\/fr\/#\/schema\/logo\/image\/"},"sameAs":["https:\/\/www.facebook.com\/teiaeducation\/","https:\/\/x.com\/EducationTeia","https:\/\/www.instagram.com\/teia.education\/","https:\/\/www.linkedin.com\/company\/35501660","https:\/\/www.pinterest.ch\/TeiaEducation\/"]}]}},"_links":{"self":[{"href":"https:\/\/teiaeducation.ch\/fr\/wp-json\/wp\/v2\/product\/53352","targetHints":{"allow":["GET"]}}],"collection":[{"href":"https:\/\/teiaeducation.ch\/fr\/wp-json\/wp\/v2\/product"}],"about":[{"href":"https:\/\/teiaeducation.ch\/fr\/wp-json\/wp\/v2\/types\/product"}],"replies":[{"embeddable":true,"href":"https:\/\/teiaeducation.ch\/fr\/wp-json\/wp\/v2\/comments?post=53352"}],"wp:featuredmedia":[{"embeddable":true,"href":"https:\/\/teiaeducation.ch\/fr\/wp-json\/wp\/v2\/media\/53357"}],"wp:attachment":[{"href":"https:\/\/teiaeducation.ch\/fr\/wp-json\/wp\/v2\/media?parent=53352"}],"wp:term":[{"taxonomy":"product_brand","embeddable":true,"href":"https:\/\/teiaeducation.ch\/fr\/wp-json\/wp\/v2\/product_brand?post=53352"},{"taxonomy":"product_cat","embeddable":true,"href":"https:\/\/teiaeducation.ch\/fr\/wp-json\/wp\/v2\/product_cat?post=53352"},{"taxonomy":"product_tag","embeddable":true,"href":"https:\/\/teiaeducation.ch\/fr\/wp-json\/wp\/v2\/product_tag?post=53352"}],"curies":[{"name":"wp","href":"https:\/\/api.w.org\/{rel}","templated":true}]}}