{"id":53738,"date":"2023-05-04T13:38:48","date_gmt":"2023-05-04T11:38:48","guid":{"rendered":"https:\/\/teiaeducation.ch\/?post_type=product&#038;p=53738"},"modified":"2025-12-09T17:10:50","modified_gmt":"2025-12-09T16:10:50","slug":"mama-a-world-of-mothers-and-motherhood-helene-delforge","status":"publish","type":"product","link":"https:\/\/teiaeducation.ch\/fr\/produit\/mama-a-world-of-mothers-and-motherhood-helene-delforge\/","title":{"rendered":"Mama a world of mothers and motherhood &#8211; H\u00e9l\u00e8ne Delforge"},"content":{"rendered":"<p>The book Mama, a world of mothers and motherhood, by Belgium writer H\u00e9l\u00e8ne Delforge is powerful, emotive, unforgettable and speaks to all mothers in the international language of love!<\/p>\n<p>This <a href=\"https:\/\/teiaeducation.ch\/product-category\/childrens-books\/story-books\/\">story book<\/a> offers a stunning collection of vivid portraits and intimate reflections on motherhood from around the globe. Mama uniquely portrays the emotions and experiences that unite mothers from different times and diverse <a href=\"https:\/\/teiaeducation.ch\/product-category\/learning-themes\/culture-science\/\">cultures<\/a>.<\/p>\n<p>21 striking watercolour portraits and lively pencil sketches by award-winning artist and illustrator Quentin Gr\u00e9ban are paired with H\u00e9l\u00e8ne Delforge&#8217;s lyrical words to create a thought-provoking celebration of motherhood in all its complexity. It captures the satisfaction and the sadness, the frustration and the fun, and, always, the love.<\/p>\n<p>This moving and joyful book is a perfect <a href=\"https:\/\/teiaeducation.ch\/product-category\/gifts-guides\/\">gift<\/a> for mamas everywhere.<\/p>\n<p><span style=\"color: #333333;\">Mama<\/span> is published by <a href=\"https:\/\/teiaeducation.ch\/product-category\/brands\/floris-books\/\">Floris Books<\/a>\u00a0and\u00a0is recommended for children of all ages.<\/p>\n<p>Contents:<\/p>\n<p>1 hardback book in English, 64 pages.<\/p>\n<h2>About H\u00e9l\u00e8ne Delforge<\/h2>\n<p>H\u00e9l\u00e8ne Delforge is a journalist, writer, mother and stepmother. She studied languages and literature and has been a journalist for over 20 years. At home in her native Brussels, Helene writes with a cat asleep in her desk drawer. Mama is Helene&#8217;s first book and was co-created with her brother-in-law, illustrator and artist Quentin Gr\u00e9ban.<\/p>\n<h2>About Quentin Gr\u00e9ban<\/h2>\n<p>Quentin Gr\u00e9ban is a world-renowned illustrator and artist. He studied illustration at the Saint Luc Institute in Brussels, Belgium, and since 1999 has published more than forty-five <a href=\"https:\/\/teiaeducation.ch\/product-category\/childrens-books\/\">children&#8217;s books<\/a>. Quentin is the recipient of a Saint-Exupery award and his books have been translated all over the world. He works from a studio at home in his native Brussels, surrounded by drawings of his children and listening to his dog snoring. Mama was co-created with Quentin&#8217;s sister-in-law, author and journalist, H\u00e9l\u00e8ne Delforge.<\/p>\n","protected":false},"excerpt":{"rendered":"<p>Item number: 36904408<\/p>\n<p>The book Mama, a world of mothers and motherhood, by H\u00e9l\u00e8ne Delforge speaks to all mothers in the international language of love!<\/p>\n","protected":false},"featured_media":53739,"comment_status":"open","ping_status":"closed","template":"","meta":[],"product_brand":[32366],"product_cat":[96,97,119,18754,84,18884,21036,21253,121,5155,120,19611],"product_tag":[25090,22883,25086,25087,25088,25085,25089,25091],"class_list":{"0":"post-53738","1":"product","2":"type-product","3":"status-publish","4":"has-post-thumbnail","6":"product_brand-floris-books","7":"product_cat-3-6-years-preschool","8":"product_cat-6-12-years-primary","9":"product_cat-age-range","10":"product_cat-childrens-books","11":"product_cat-culture-science","12":"product_cat-floris-books","13":"product_cat-gift-guide-books","14":"product_cat-gifts-guides","15":"product_cat-learning-themes","16":"product_cat-new-arrivals","17":"product_cat-brands","18":"product_cat-story-books","19":"product_tag-book-helene-delforge","20":"product_tag-floris-books","21":"product_tag-floris-books-mama","22":"product_tag-mama-a-world-of-mothers-and-motherhood","23":"product_tag-mama-a-world-of-mothers-and-motherhood-book","24":"product_tag-mama-a-world-of-mothers-and-motherhood-book-helene-delforge","25":"product_tag-mama-a-world-of-mothers-and-motherhood-helene-delforge","26":"product_tag-mama-book-helene-delforge","28":"first","29":"instock","30":"taxable","31":"shipping-taxable","32":"purchasable","33":"product-type-simple"},"yoast_head":"<!-- This site is optimized with the Yoast SEO plugin v27.1.1 - https:\/\/yoast.com\/product\/yoast-seo-wordpress\/ -->\n<title>Mama a world of mothers and motherhood book - H\u00e9l\u00e8ne Delforge<\/title>\n<meta name=\"description\" content=\"The book Mama, a world of mothers and motherhood, by H\u00e9l\u00e8ne Delforge speaks to all mothers in the international language of love!\" \/>\n<meta name=\"robots\" content=\"index, follow, max-snippet:-1, max-image-preview:large, max-video-preview:-1\" \/>\n<link rel=\"canonical\" href=\"https:\/\/teiaeducation.ch\/fr\/produit\/mama-a-world-of-mothers-and-motherhood-helene-delforge\/\" \/>\n<meta property=\"og:locale\" content=\"fr_FR\" \/>\n<meta property=\"og:type\" content=\"article\" \/>\n<meta property=\"og:title\" content=\"Mama a world of mothers and motherhood book - H\u00e9l\u00e8ne Delforge\" \/>\n<meta property=\"og:description\" content=\"The book Mama, a world of mothers and motherhood, by H\u00e9l\u00e8ne Delforge speaks to all mothers in the international language of love!\" \/>\n<meta property=\"og:url\" content=\"https:\/\/teiaeducation.ch\/fr\/produit\/mama-a-world-of-mothers-and-motherhood-helene-delforge\/\" \/>\n<meta property=\"og:site_name\" content=\"Sustainable Educational Products &amp; Ecological Toys\u00a0\" \/>\n<meta property=\"article:publisher\" content=\"https:\/\/www.facebook.com\/teiaeducation\/\" \/>\n<meta property=\"article:modified_time\" content=\"2025-12-09T16:10:50+00:00\" \/>\n<meta property=\"og:image\" content=\"https:\/\/teiaeducation.ch\/wp-content\/uploads\/2023\/05\/Mama-a-world-of-mothers-and-motherhood-book-Helene-Delforge.jpg\" \/>\n\t<meta property=\"og:image:width\" content=\"523\" \/>\n\t<meta property=\"og:image:height\" content=\"691\" \/>\n\t<meta property=\"og:image:type\" content=\"image\/jpeg\" \/>\n<script type=\"application\/ld+json\" class=\"yoast-schema-graph\">{\"@context\":\"https:\/\/schema.org\",\"@graph\":[{\"@type\":\"WebPage\",\"@id\":\"https:\/\/teiaeducation.ch\/fr\/produit\/mama-a-world-of-mothers-and-motherhood-helene-delforge\/\",\"url\":\"https:\/\/teiaeducation.ch\/fr\/produit\/mama-a-world-of-mothers-and-motherhood-helene-delforge\/\",\"name\":\"Mama a world of mothers and motherhood book - H\u00e9l\u00e8ne Delforge\",\"isPartOf\":{\"@id\":\"https:\/\/teiaeducation.ch\/fr\/#website\"},\"primaryImageOfPage\":{\"@id\":\"https:\/\/teiaeducation.ch\/fr\/produit\/mama-a-world-of-mothers-and-motherhood-helene-delforge\/#primaryimage\"},\"image\":{\"@id\":\"https:\/\/teiaeducation.ch\/fr\/produit\/mama-a-world-of-mothers-and-motherhood-helene-delforge\/#primaryimage\"},\"thumbnailUrl\":\"https:\/\/teiaeducation.ch\/wp-content\/uploads\/2023\/05\/Mama-a-world-of-mothers-and-motherhood-book-Helene-Delforge.jpg\",\"datePublished\":\"2023-05-04T11:38:48+00:00\",\"dateModified\":\"2025-12-09T16:10:50+00:00\",\"description\":\"The book Mama, a world of mothers and motherhood, by H\u00e9l\u00e8ne Delforge speaks to all mothers in the international language of love!\",\"breadcrumb\":{\"@id\":\"https:\/\/teiaeducation.ch\/fr\/produit\/mama-a-world-of-mothers-and-motherhood-helene-delforge\/#breadcrumb\"},\"inLanguage\":\"fr-FR\",\"potentialAction\":[{\"@type\":\"ReadAction\",\"target\":[\"https:\/\/teiaeducation.ch\/fr\/produit\/mama-a-world-of-mothers-and-motherhood-helene-delforge\/\"]}]},{\"@type\":\"ImageObject\",\"inLanguage\":\"fr-FR\",\"@id\":\"https:\/\/teiaeducation.ch\/fr\/produit\/mama-a-world-of-mothers-and-motherhood-helene-delforge\/#primaryimage\",\"url\":\"https:\/\/teiaeducation.ch\/wp-content\/uploads\/2023\/05\/Mama-a-world-of-mothers-and-motherhood-book-Helene-Delforge.jpg\",\"contentUrl\":\"https:\/\/teiaeducation.ch\/wp-content\/uploads\/2023\/05\/Mama-a-world-of-mothers-and-motherhood-book-Helene-Delforge.jpg\",\"width\":523,\"height\":691,\"caption\":\"Mama a world of mothers and motherhood book H\u00e9l\u00e8ne Delforge\"},{\"@type\":\"BreadcrumbList\",\"@id\":\"https:\/\/teiaeducation.ch\/fr\/produit\/mama-a-world-of-mothers-and-motherhood-helene-delforge\/#breadcrumb\",\"itemListElement\":[{\"@type\":\"ListItem\",\"position\":1,\"name\":\"Home\",\"item\":\"https:\/\/teiaeducation.ch\/fr\/\"},{\"@type\":\"ListItem\",\"position\":2,\"name\":\"Boutique Teia Education &amp; Play\",\"item\":\"https:\/\/teiaeducation.ch\/fr\/boutique\/\"},{\"@type\":\"ListItem\",\"position\":3,\"name\":\"Nos Marques\",\"item\":\"https:\/\/teiaeducation.ch\/fr\/categorie-produit\/marques\/\"},{\"@type\":\"ListItem\",\"position\":4,\"name\":\"Livres Floris\",\"item\":\"https:\/\/teiaeducation.ch\/fr\/categorie-produit\/marques\/livres-floris\/\"},{\"@type\":\"ListItem\",\"position\":5,\"name\":\"Mama a world of mothers and motherhood &#8211; H\u00e9l\u00e8ne Delforge\"}]},{\"@type\":\"WebSite\",\"@id\":\"https:\/\/teiaeducation.ch\/fr\/#website\",\"url\":\"https:\/\/teiaeducation.ch\/fr\/\",\"name\":\"Sustainable Educational Products &amp; Ecological Toys\u00a0\",\"description\":\"Specialised Swiss shop selling sustainable educational toys and games, AMI certified Montessori materials, handmade ecological wooden Waldorf toys and arts &amp; crafts supplies, school supplies, children&#039;s furniture and Montessori reference and parenting books.\",\"publisher\":{\"@id\":\"https:\/\/teiaeducation.ch\/fr\/#organization\"},\"alternateName\":\"Teia Education & Play\",\"potentialAction\":[{\"@type\":\"SearchAction\",\"target\":{\"@type\":\"EntryPoint\",\"urlTemplate\":\"https:\/\/teiaeducation.ch\/fr\/?s={search_term_string}\"},\"query-input\":{\"@type\":\"PropertyValueSpecification\",\"valueRequired\":true,\"valueName\":\"search_term_string\"}}],\"inLanguage\":\"fr-FR\"},{\"@type\":\"Organization\",\"@id\":\"https:\/\/teiaeducation.ch\/fr\/#organization\",\"name\":\"Teia Education & Play\",\"url\":\"https:\/\/teiaeducation.ch\/fr\/\",\"logo\":{\"@type\":\"ImageObject\",\"inLanguage\":\"fr-FR\",\"@id\":\"https:\/\/teiaeducation.ch\/fr\/#\/schema\/logo\/image\/\",\"url\":\"https:\/\/teiaeducation.ch\/wp-content\/uploads\/2020\/11\/Teia-Education-Switzerland-e1620156442216.jpg\",\"contentUrl\":\"https:\/\/teiaeducation.ch\/wp-content\/uploads\/2020\/11\/Teia-Education-Switzerland-e1620156442216.jpg\",\"width\":166,\"height\":145,\"caption\":\"Teia Education & Play\"},\"image\":{\"@id\":\"https:\/\/teiaeducation.ch\/fr\/#\/schema\/logo\/image\/\"},\"sameAs\":[\"https:\/\/www.facebook.com\/teiaeducation\/\",\"https:\/\/x.com\/EducationTeia\",\"https:\/\/www.instagram.com\/teia.education\/\",\"https:\/\/www.linkedin.com\/company\/35501660\",\"https:\/\/www.pinterest.ch\/TeiaEducation\/\"]}]}<\/script>\n<!-- \/ Yoast SEO plugin. -->","yoast_head_json":{"title":"Mama a world of mothers and motherhood book - H\u00e9l\u00e8ne Delforge","description":"The book Mama, a world of mothers and motherhood, by H\u00e9l\u00e8ne Delforge speaks to all mothers in the international language of love!","robots":{"index":"index","follow":"follow","max-snippet":"max-snippet:-1","max-image-preview":"max-image-preview:large","max-video-preview":"max-video-preview:-1"},"canonical":"https:\/\/teiaeducation.ch\/fr\/produit\/mama-a-world-of-mothers-and-motherhood-helene-delforge\/","og_locale":"fr_FR","og_type":"article","og_title":"Mama a world of mothers and motherhood book - H\u00e9l\u00e8ne Delforge","og_description":"The book Mama, a world of mothers and motherhood, by H\u00e9l\u00e8ne Delforge speaks to all mothers in the international language of love!","og_url":"https:\/\/teiaeducation.ch\/fr\/produit\/mama-a-world-of-mothers-and-motherhood-helene-delforge\/","og_site_name":"Sustainable Educational Products &amp; Ecological Toys\u00a0","article_publisher":"https:\/\/www.facebook.com\/teiaeducation\/","article_modified_time":"2025-12-09T16:10:50+00:00","og_image":[{"width":523,"height":691,"url":"https:\/\/teiaeducation.ch\/wp-content\/uploads\/2023\/05\/Mama-a-world-of-mothers-and-motherhood-book-Helene-Delforge.jpg","type":"image\/jpeg"}],"schema":{"@context":"https:\/\/schema.org","@graph":[{"@type":"WebPage","@id":"https:\/\/teiaeducation.ch\/fr\/produit\/mama-a-world-of-mothers-and-motherhood-helene-delforge\/","url":"https:\/\/teiaeducation.ch\/fr\/produit\/mama-a-world-of-mothers-and-motherhood-helene-delforge\/","name":"Mama a world of mothers and motherhood book - H\u00e9l\u00e8ne Delforge","isPartOf":{"@id":"https:\/\/teiaeducation.ch\/fr\/#website"},"primaryImageOfPage":{"@id":"https:\/\/teiaeducation.ch\/fr\/produit\/mama-a-world-of-mothers-and-motherhood-helene-delforge\/#primaryimage"},"image":{"@id":"https:\/\/teiaeducation.ch\/fr\/produit\/mama-a-world-of-mothers-and-motherhood-helene-delforge\/#primaryimage"},"thumbnailUrl":"https:\/\/teiaeducation.ch\/wp-content\/uploads\/2023\/05\/Mama-a-world-of-mothers-and-motherhood-book-Helene-Delforge.jpg","datePublished":"2023-05-04T11:38:48+00:00","dateModified":"2025-12-09T16:10:50+00:00","description":"The book Mama, a world of mothers and motherhood, by H\u00e9l\u00e8ne Delforge speaks to all mothers in the international language of love!","breadcrumb":{"@id":"https:\/\/teiaeducation.ch\/fr\/produit\/mama-a-world-of-mothers-and-motherhood-helene-delforge\/#breadcrumb"},"inLanguage":"fr-FR","potentialAction":[{"@type":"ReadAction","target":["https:\/\/teiaeducation.ch\/fr\/produit\/mama-a-world-of-mothers-and-motherhood-helene-delforge\/"]}]},{"@type":"ImageObject","inLanguage":"fr-FR","@id":"https:\/\/teiaeducation.ch\/fr\/produit\/mama-a-world-of-mothers-and-motherhood-helene-delforge\/#primaryimage","url":"https:\/\/teiaeducation.ch\/wp-content\/uploads\/2023\/05\/Mama-a-world-of-mothers-and-motherhood-book-Helene-Delforge.jpg","contentUrl":"https:\/\/teiaeducation.ch\/wp-content\/uploads\/2023\/05\/Mama-a-world-of-mothers-and-motherhood-book-Helene-Delforge.jpg","width":523,"height":691,"caption":"Mama a world of mothers and motherhood book H\u00e9l\u00e8ne Delforge"},{"@type":"BreadcrumbList","@id":"https:\/\/teiaeducation.ch\/fr\/produit\/mama-a-world-of-mothers-and-motherhood-helene-delforge\/#breadcrumb","itemListElement":[{"@type":"ListItem","position":1,"name":"Home","item":"https:\/\/teiaeducation.ch\/fr\/"},{"@type":"ListItem","position":2,"name":"Boutique Teia Education &amp; Play","item":"https:\/\/teiaeducation.ch\/fr\/boutique\/"},{"@type":"ListItem","position":3,"name":"Nos Marques","item":"https:\/\/teiaeducation.ch\/fr\/categorie-produit\/marques\/"},{"@type":"ListItem","position":4,"name":"Livres Floris","item":"https:\/\/teiaeducation.ch\/fr\/categorie-produit\/marques\/livres-floris\/"},{"@type":"ListItem","position":5,"name":"Mama a world of mothers and motherhood &#8211; H\u00e9l\u00e8ne Delforge"}]},{"@type":"WebSite","@id":"https:\/\/teiaeducation.ch\/fr\/#website","url":"https:\/\/teiaeducation.ch\/fr\/","name":"Sustainable Educational Products &amp; Ecological Toys\u00a0","description":"Specialised Swiss shop selling sustainable educational toys and games, AMI certified Montessori materials, handmade ecological wooden Waldorf toys and arts &amp; crafts supplies, school supplies, children&#039;s furniture and Montessori reference and parenting books.","publisher":{"@id":"https:\/\/teiaeducation.ch\/fr\/#organization"},"alternateName":"Teia Education & Play","potentialAction":[{"@type":"SearchAction","target":{"@type":"EntryPoint","urlTemplate":"https:\/\/teiaeducation.ch\/fr\/?s={search_term_string}"},"query-input":{"@type":"PropertyValueSpecification","valueRequired":true,"valueName":"search_term_string"}}],"inLanguage":"fr-FR"},{"@type":"Organization","@id":"https:\/\/teiaeducation.ch\/fr\/#organization","name":"Teia Education & Play","url":"https:\/\/teiaeducation.ch\/fr\/","logo":{"@type":"ImageObject","inLanguage":"fr-FR","@id":"https:\/\/teiaeducation.ch\/fr\/#\/schema\/logo\/image\/","url":"https:\/\/teiaeducation.ch\/wp-content\/uploads\/2020\/11\/Teia-Education-Switzerland-e1620156442216.jpg","contentUrl":"https:\/\/teiaeducation.ch\/wp-content\/uploads\/2020\/11\/Teia-Education-Switzerland-e1620156442216.jpg","width":166,"height":145,"caption":"Teia Education & Play"},"image":{"@id":"https:\/\/teiaeducation.ch\/fr\/#\/schema\/logo\/image\/"},"sameAs":["https:\/\/www.facebook.com\/teiaeducation\/","https:\/\/x.com\/EducationTeia","https:\/\/www.instagram.com\/teia.education\/","https:\/\/www.linkedin.com\/company\/35501660","https:\/\/www.pinterest.ch\/TeiaEducation\/"]}]}},"_links":{"self":[{"href":"https:\/\/teiaeducation.ch\/fr\/wp-json\/wp\/v2\/product\/53738","targetHints":{"allow":["GET"]}}],"collection":[{"href":"https:\/\/teiaeducation.ch\/fr\/wp-json\/wp\/v2\/product"}],"about":[{"href":"https:\/\/teiaeducation.ch\/fr\/wp-json\/wp\/v2\/types\/product"}],"replies":[{"embeddable":true,"href":"https:\/\/teiaeducation.ch\/fr\/wp-json\/wp\/v2\/comments?post=53738"}],"wp:featuredmedia":[{"embeddable":true,"href":"https:\/\/teiaeducation.ch\/fr\/wp-json\/wp\/v2\/media\/53739"}],"wp:attachment":[{"href":"https:\/\/teiaeducation.ch\/fr\/wp-json\/wp\/v2\/media?parent=53738"}],"wp:term":[{"taxonomy":"product_brand","embeddable":true,"href":"https:\/\/teiaeducation.ch\/fr\/wp-json\/wp\/v2\/product_brand?post=53738"},{"taxonomy":"product_cat","embeddable":true,"href":"https:\/\/teiaeducation.ch\/fr\/wp-json\/wp\/v2\/product_cat?post=53738"},{"taxonomy":"product_tag","embeddable":true,"href":"https:\/\/teiaeducation.ch\/fr\/wp-json\/wp\/v2\/product_tag?post=53738"}],"curies":[{"name":"wp","href":"https:\/\/api.w.org\/{rel}","templated":true}]}}