{"id":55366,"date":"2024-08-19T14:00:31","date_gmt":"2024-08-19T12:00:31","guid":{"rendered":"https:\/\/teiaeducation.ch\/product\/couteau-montessori-en-bois-pour-enfants-skagfa\/"},"modified":"2025-07-02T09:57:17","modified_gmt":"2025-07-02T07:57:17","slug":"couteau-montessori-en-bois-pour-enfants-skagfa","status":"publish","type":"product","link":"https:\/\/teiaeducation.ch\/fr\/produit\/couteau-montessori-en-bois-pour-enfants-skagfa\/","title":{"rendered":"Couteau Montessori en bois pour enfants &#8211; SK\u00c5GF\u00c4"},"content":{"rendered":"<p>Ce couteau en bois pour enfants de SK\u00c5GF\u00c4 est un couteau Montessori tr\u00e8s pratique et de haute qualit\u00e9 !<\/p>\n<p>Le couteau en bois pour enfants Tr\u00e4kniv est un outil id\u00e9al pour les activit\u00e9s <a href=\"https:\/\/teiaeducation.ch\/fr\/categorie-produit\/methode-deducation\/montessori-fr\/\">Montessori<\/a> et pour permettre aux enfants de participer \u00e0 la cuisine en toute s\u00e9curit\u00e9. Sa conception ergonomique intelligente rend ce couteau facile \u00e0 utiliser pour les enfants d\u00e9butants. Il est parfait pour couper les l\u00e9gumes et les fruits. Ce couteau adapt\u00e9 aux enfants permet aux parents d&#8217;avoir l&#8217;esprit tranquille et aux enfants d&#8217;apprendre en toute s\u00e9curit\u00e9 \u00e0 participer \u00e0 la pr\u00e9paration des repas et \u00e0 couper les fruits et les l\u00e9gumes. Il permet \u00e9galement de d\u00e9velopper l&#8217;autonomie et la <a href=\"https:\/\/teiaeducation.ch\/fr\/categorie-produit\/domaines-du-curriculum\/sensorielles-motrices\/competences-motrices\/\">motricit\u00e9<\/a> fine.<\/p>\n<p>Ce couteau Montessori pour enfants se distingue par sa qualit\u00e9 sup\u00e9rieure et sa finition \u00e0 base d&#8217;huiles naturelles et pures. Il est con\u00e7u et fini \u00e0 la main en Espagne en petites quantit\u00e9s.<\/p>\n<p>Le couteau en bois pour enfants SK\u00c5GF\u00c4 mesure environ 10 x 9,4 cm. Gr\u00e2ce \u00e0 son emballage \u00e9cologique et moderne, le couteau en bois pour enfants Tr\u00e4kniv est un <a href=\"https:\/\/teiaeducation.ch\/fr\/categorie-produit\/guides-cadeaux\/guide-cadeaux-educatifs\/\">cadeau<\/a> id\u00e9al pour les enfants Montessori.<\/p>\n<p>CONSEILS D&#8217;ENTRETIEN:<br \/>\n&#8211; Laver \u00e0 l&#8217;eau ti\u00e8de et au savon doux, rincer et s\u00e9cher imm\u00e9diatement.<br \/>\n&#8211; Laisser s\u00e9cher compl\u00e8tement avant de l&#8217;utiliser \u00e0 nouveau.<br \/>\n&#8211; Conserver le couteau dans un endroit sec<br \/>\n&#8211; Pour traiter le bois lorsqu&#8217;il devient trop sec, vous pouvez appliquer une couche d&#8217;huile v\u00e9g\u00e9tale.<br \/>\n&#8211; Vous pouvez \u00e9galement poncer le couteau si n\u00e9cessaire.<\/p>\n<p>CONSEILS DE S\u00c9CURIT\u00c9:<br \/>\n&#8211; Ne pas mettre au micro-ondes ou au lave-vaisselle.<br \/>\n&#8211; Tenir en dehors des sources de chaleur.<br \/>\n&#8211; Non recommand\u00e9 pour couper la viande, le poisson, etc.<br \/>\n&#8211; Lavez-le soigneusement apr\u00e8s chaque utilisation, en \u00e9vitant les produits ou mat\u00e9riaux susceptibles de rayer le bois, afin d&#8217;\u00e9viter la prolif\u00e9ration des bact\u00e9ries.<\/p>\n<p>Le couteau en bois pour enfants de SK\u00c5GF\u00c4 convient aux enfants \u00e0 partir de 3 ans ou de 2 ans sous la surveillance d&#8217;un adulte.<\/p>\n<p>Contenu:<\/p>\n<p>1 couteau en bois pour enfant<\/p>\n<h2>A propos de SK\u00c5GF\u00c4<\/h2>\n<p><a href=\"https:\/\/teiaeducation.ch\/fr\/categorie-produit\/marques\/skagfa-fr\/\">SK\u00c5GF\u00c4<\/a> est une maison de design scandinave et m\u00e9diterran\u00e9enne sp\u00e9cialis\u00e9e dans la simplicit\u00e9 minimaliste des lignes et la fusion des couleurs, associ\u00e9es \u00e0 une grande fonctionnalit\u00e9 et \u00e0 une qualit\u00e9 \u00e9lev\u00e9e. Les magnifiques produits pour enfants comprennent des outils inspir\u00e9s de <a href=\"https:\/\/teiaeducation.ch\/fr\/categorie-produit\/jouer\/jouets-montessori\/\">Montessori<\/a> qui permettent aux enfants de participer et d&#8217;\u00eatre autonomes. Tous les produits SK\u00c5GF\u00c4 sont fabriqu\u00e9s \u00e0 la main, en petites quantit\u00e9s, en Espagne, \u00e0 partir de mat\u00e9riaux non toxiques de premi\u00e8re qualit\u00e9.<\/p>\n","protected":false},"excerpt":{"rendered":"<p>Num\u00e9ro d&#8217;article: SK002K<\/p>\n<p>Le couteau en bois pour enfants de style Montessori de SK\u00c5GF\u00c4 est un outil pratique pour apprendre \u00e0 couper en toute s\u00e9curit\u00e9 et ind\u00e9pendance !<\/p>\n<p>&nbsp;<\/p>\n","protected":false},"featured_media":43082,"comment_status":"open","ping_status":"closed","template":"","meta":[],"product_brand":[],"product_cat":[8527,215,216,22032,16898,22344,635,283,8526,17239,21257,22421,13130,22181,1220,23650,291,13139,13142,8567,7595,1218,217,17235,5851,24313,209,22356,212,1219],"product_tag":[25895,25896,25893,25894,25890,25892,25897,25899,25898,25891],"class_list":{"0":"post-55366","1":"product","2":"type-product","3":"status-publish","4":"has-post-thumbnail","6":"product_cat-3-6-ans-ecole-a-domicile","7":"product_cat-3-6-ans","8":"product_cat-6-12-ans","9":"product_cat-cadeaux-du-calendrier-de-lavent-et-de-noel","10":"product_cat-collection-automne","11":"product_cat-collections-saisonnieres","12":"product_cat-competences-motrices","13":"product_cat-domaines-du-curriculum","14":"product_cat-fournitures-scolaires-a-domicile","15":"product_cat-guide-cadeaux-educatifs","16":"product_cat-guides-cadeaux","17":"product_cat-idees-cadeaux-pour-paques","18":"product_cat-jouer","19":"product_cat-jouets-montessori","20":"product_cat-traditionnelle","21":"product_cat-la-rentree-scolaire","22":"product_cat-la-vie-pratique","23":"product_cat-jeu-imaginatif-faire-semblant","24":"product_cat-jeu-sensoriel","25":"product_cat-materiel-scolaire-montessori","26":"product_cat-methode-deducation","27":"product_cat-montessori-fr","28":"product_cat-marques","29":"product_cat-nourriture-de-jeu-realiste-en-bois","30":"product_cat-nouveautes","31":"product_cat-saint-valentin","32":"product_cat-sensorielles-motrices","33":"product_cat-skagfa-fr","34":"product_cat-tranche-dage","35":"product_cat-waldorf-fr","36":"product_tag-coupe-fruits-pour-enfants","37":"product_tag-couteau-de-securite-en-bois","38":"product_tag-couteau-montessori-en-bois","39":"product_tag-couteau-pour-enfant","40":"product_tag-couteau-pour-enfant-en-bois","41":"product_tag-montessori-couteau","42":"product_tag-montessori-outils-enfants-cuisine","43":"product_tag-montessori-ustensiles","44":"product_tag-outils-de-cuisine-montessori","45":"product_tag-skagfa-fr","47":"first","48":"outofstock","49":"taxable","50":"shipping-taxable","51":"purchasable","52":"product-type-simple"},"yoast_head":"<!-- This site is optimized with the Yoast SEO Premium plugin v25.8 (Yoast SEO v27.4) - https:\/\/yoast.com\/product\/yoast-seo-premium-wordpress\/ -->\n<title>Couteau Montessori en bois pour enfants - SK\u00c5GF\u00c4<\/title>\n<meta name=\"description\" content=\"Le couteau en bois pour enfants de style Montessori de SK\u00c5GF\u00c4 est un outil pratique pour apprendre \u00e0 couper en toute s\u00e9curit\u00e9 et ind\u00e9pendance !\" \/>\n<meta name=\"robots\" content=\"index, follow, max-snippet:-1, max-image-preview:large, max-video-preview:-1\" \/>\n<link rel=\"canonical\" href=\"https:\/\/teiaeducation.ch\/fr\/produit\/couteau-montessori-en-bois-pour-enfants-skagfa\/\" \/>\n<meta property=\"og:locale\" content=\"fr_FR\" \/>\n<meta property=\"og:type\" content=\"article\" \/>\n<meta property=\"og:title\" content=\"Couteau Montessori en bois pour enfants - SK\u00c5GF\u00c4\" \/>\n<meta property=\"og:description\" content=\"Le couteau en bois pour enfants de style Montessori de SK\u00c5GF\u00c4 est un outil pratique pour apprendre \u00e0 couper en toute s\u00e9curit\u00e9 et ind\u00e9pendance !\" \/>\n<meta property=\"og:url\" content=\"https:\/\/teiaeducation.ch\/fr\/produit\/couteau-montessori-en-bois-pour-enfants-skagfa\/\" \/>\n<meta property=\"og:site_name\" content=\"Sustainable Educational Products &amp; Ecological Toys\u00a0\" \/>\n<meta property=\"article:publisher\" content=\"https:\/\/www.facebook.com\/teiaeducation\/\" \/>\n<meta property=\"article:modified_time\" content=\"2025-07-02T07:57:17+00:00\" \/>\n<meta property=\"og:image\" content=\"https:\/\/teiaeducation.ch\/wp-content\/uploads\/2021\/12\/Childrens-wooden-knife-SKAGFA.jpg\" \/>\n\t<meta property=\"og:image:width\" content=\"675\" \/>\n\t<meta property=\"og:image:height\" content=\"900\" \/>\n\t<meta property=\"og:image:type\" content=\"image\/jpeg\" \/>\n<script type=\"application\/ld+json\" class=\"yoast-schema-graph\">{\"@context\":\"https:\\\/\\\/schema.org\",\"@graph\":[{\"@type\":\"WebPage\",\"@id\":\"https:\\\/\\\/teiaeducation.ch\\\/fr\\\/produit\\\/couteau-montessori-en-bois-pour-enfants-skagfa\\\/\",\"url\":\"https:\\\/\\\/teiaeducation.ch\\\/fr\\\/produit\\\/couteau-montessori-en-bois-pour-enfants-skagfa\\\/\",\"name\":\"Couteau Montessori en bois pour enfants - SK\u00c5GF\u00c4\",\"isPartOf\":{\"@id\":\"https:\\\/\\\/teiaeducation.ch\\\/fr\\\/#website\"},\"primaryImageOfPage\":{\"@id\":\"https:\\\/\\\/teiaeducation.ch\\\/fr\\\/produit\\\/couteau-montessori-en-bois-pour-enfants-skagfa\\\/#primaryimage\"},\"image\":{\"@id\":\"https:\\\/\\\/teiaeducation.ch\\\/fr\\\/produit\\\/couteau-montessori-en-bois-pour-enfants-skagfa\\\/#primaryimage\"},\"thumbnailUrl\":\"https:\\\/\\\/teiaeducation.ch\\\/wp-content\\\/uploads\\\/2021\\\/12\\\/Childrens-wooden-knife-SKAGFA.jpg\",\"datePublished\":\"2024-08-19T12:00:31+00:00\",\"dateModified\":\"2025-07-02T07:57:17+00:00\",\"description\":\"Le couteau en bois pour enfants de style Montessori de SK\u00c5GF\u00c4 est un outil pratique pour apprendre \u00e0 couper en toute s\u00e9curit\u00e9 et ind\u00e9pendance !\",\"breadcrumb\":{\"@id\":\"https:\\\/\\\/teiaeducation.ch\\\/fr\\\/produit\\\/couteau-montessori-en-bois-pour-enfants-skagfa\\\/#breadcrumb\"},\"inLanguage\":\"fr-FR\",\"potentialAction\":[{\"@type\":\"ReadAction\",\"target\":[\"https:\\\/\\\/teiaeducation.ch\\\/fr\\\/produit\\\/couteau-montessori-en-bois-pour-enfants-skagfa\\\/\"]}]},{\"@type\":\"ImageObject\",\"inLanguage\":\"fr-FR\",\"@id\":\"https:\\\/\\\/teiaeducation.ch\\\/fr\\\/produit\\\/couteau-montessori-en-bois-pour-enfants-skagfa\\\/#primaryimage\",\"url\":\"https:\\\/\\\/teiaeducation.ch\\\/wp-content\\\/uploads\\\/2021\\\/12\\\/Childrens-wooden-knife-SKAGFA.jpg\",\"contentUrl\":\"https:\\\/\\\/teiaeducation.ch\\\/wp-content\\\/uploads\\\/2021\\\/12\\\/Childrens-wooden-knife-SKAGFA.jpg\",\"width\":675,\"height\":900,\"caption\":\"Couteau Montessori en bois pour enfants SK\u00c5GF\u00c4\"},{\"@type\":\"BreadcrumbList\",\"@id\":\"https:\\\/\\\/teiaeducation.ch\\\/fr\\\/produit\\\/couteau-montessori-en-bois-pour-enfants-skagfa\\\/#breadcrumb\",\"itemListElement\":[{\"@type\":\"ListItem\",\"position\":1,\"name\":\"Home\",\"item\":\"https:\\\/\\\/teiaeducation.ch\\\/fr\\\/\"},{\"@type\":\"ListItem\",\"position\":2,\"name\":\"Boutique Teia Education &amp; Play\",\"item\":\"https:\\\/\\\/teiaeducation.ch\\\/fr\\\/boutique\\\/\"},{\"@type\":\"ListItem\",\"position\":3,\"name\":\"Domaines du Curriculum\",\"item\":\"https:\\\/\\\/teiaeducation.ch\\\/fr\\\/categorie-produit\\\/domaines-du-curriculum\\\/\"},{\"@type\":\"ListItem\",\"position\":4,\"name\":\"Sensorielles &amp; Motrices\",\"item\":\"https:\\\/\\\/teiaeducation.ch\\\/fr\\\/categorie-produit\\\/domaines-du-curriculum\\\/sensorielles-motrices\\\/\"},{\"@type\":\"ListItem\",\"position\":5,\"name\":\"Comp\u00e9tences Motrices\",\"item\":\"https:\\\/\\\/teiaeducation.ch\\\/fr\\\/categorie-produit\\\/domaines-du-curriculum\\\/sensorielles-motrices\\\/competences-motrices\\\/\"},{\"@type\":\"ListItem\",\"position\":6,\"name\":\"Couteau Montessori en bois pour enfants &#8211; SK\u00c5GF\u00c4\"}]},{\"@type\":\"WebSite\",\"@id\":\"https:\\\/\\\/teiaeducation.ch\\\/fr\\\/#website\",\"url\":\"https:\\\/\\\/teiaeducation.ch\\\/fr\\\/\",\"name\":\"Sustainable Educational Products &amp; Ecological Toys\u00a0\",\"description\":\"Specialised Swiss shop selling sustainable educational toys and games, AMI certified Montessori materials, handmade ecological wooden Waldorf toys and arts &amp; crafts supplies, school supplies, children&#039;s furniture and Montessori reference and parenting books.\",\"publisher\":{\"@id\":\"https:\\\/\\\/teiaeducation.ch\\\/fr\\\/#organization\"},\"alternateName\":\"Teia Education & Play\",\"potentialAction\":[{\"@type\":\"SearchAction\",\"target\":{\"@type\":\"EntryPoint\",\"urlTemplate\":\"https:\\\/\\\/teiaeducation.ch\\\/fr\\\/?s={search_term_string}\"},\"query-input\":{\"@type\":\"PropertyValueSpecification\",\"valueRequired\":true,\"valueName\":\"search_term_string\"}}],\"inLanguage\":\"fr-FR\"},{\"@type\":\"Organization\",\"@id\":\"https:\\\/\\\/teiaeducation.ch\\\/fr\\\/#organization\",\"name\":\"Teia Education & Play\",\"url\":\"https:\\\/\\\/teiaeducation.ch\\\/fr\\\/\",\"logo\":{\"@type\":\"ImageObject\",\"inLanguage\":\"fr-FR\",\"@id\":\"https:\\\/\\\/teiaeducation.ch\\\/fr\\\/#\\\/schema\\\/logo\\\/image\\\/\",\"url\":\"https:\\\/\\\/teiaeducation.ch\\\/wp-content\\\/uploads\\\/2020\\\/11\\\/Teia-Education-Switzerland-e1620156442216.jpg\",\"contentUrl\":\"https:\\\/\\\/teiaeducation.ch\\\/wp-content\\\/uploads\\\/2020\\\/11\\\/Teia-Education-Switzerland-e1620156442216.jpg\",\"width\":166,\"height\":145,\"caption\":\"Teia Education & Play\"},\"image\":{\"@id\":\"https:\\\/\\\/teiaeducation.ch\\\/fr\\\/#\\\/schema\\\/logo\\\/image\\\/\"},\"sameAs\":[\"https:\\\/\\\/www.facebook.com\\\/teiaeducation\\\/\",\"https:\\\/\\\/x.com\\\/EducationTeia\",\"https:\\\/\\\/www.instagram.com\\\/teia.education\\\/\",\"https:\\\/\\\/www.linkedin.com\\\/company\\\/35501660\",\"https:\\\/\\\/www.pinterest.ch\\\/TeiaEducation\\\/\"]}]}<\/script>\n<meta property=\"product:price:amount\" content=\"23.90\" \/>\n<meta property=\"product:price:currency\" content=\"CHF\" \/>\n<meta property=\"og:availability\" content=\"out of stock\" \/>\n<meta property=\"product:availability\" content=\"out of stock\" \/>\n<meta property=\"product:retailer_item_id\" content=\"00000000000000000000000000000000000000000000043071\" \/>\n<meta property=\"product:condition\" content=\"new\" \/>\n<!-- \/ Yoast SEO Premium plugin. -->","yoast_head_json":{"title":"Couteau Montessori en bois pour enfants - SK\u00c5GF\u00c4","description":"Le couteau en bois pour enfants de style Montessori de SK\u00c5GF\u00c4 est un outil pratique pour apprendre \u00e0 couper en toute s\u00e9curit\u00e9 et ind\u00e9pendance !","robots":{"index":"index","follow":"follow","max-snippet":"max-snippet:-1","max-image-preview":"max-image-preview:large","max-video-preview":"max-video-preview:-1"},"canonical":"https:\/\/teiaeducation.ch\/fr\/produit\/couteau-montessori-en-bois-pour-enfants-skagfa\/","og_locale":"fr_FR","og_type":"article","og_title":"Couteau Montessori en bois pour enfants - SK\u00c5GF\u00c4","og_description":"Le couteau en bois pour enfants de style Montessori de SK\u00c5GF\u00c4 est un outil pratique pour apprendre \u00e0 couper en toute s\u00e9curit\u00e9 et ind\u00e9pendance !","og_url":"https:\/\/teiaeducation.ch\/fr\/produit\/couteau-montessori-en-bois-pour-enfants-skagfa\/","og_site_name":"Sustainable Educational Products &amp; Ecological Toys\u00a0","article_publisher":"https:\/\/www.facebook.com\/teiaeducation\/","article_modified_time":"2025-07-02T07:57:17+00:00","og_image":[{"width":675,"height":900,"url":"https:\/\/teiaeducation.ch\/wp-content\/uploads\/2021\/12\/Childrens-wooden-knife-SKAGFA.jpg","type":"image\/jpeg"}],"schema":{"@context":"https:\/\/schema.org","@graph":[{"@type":"WebPage","@id":"https:\/\/teiaeducation.ch\/fr\/produit\/couteau-montessori-en-bois-pour-enfants-skagfa\/","url":"https:\/\/teiaeducation.ch\/fr\/produit\/couteau-montessori-en-bois-pour-enfants-skagfa\/","name":"Couteau Montessori en bois pour enfants - SK\u00c5GF\u00c4","isPartOf":{"@id":"https:\/\/teiaeducation.ch\/fr\/#website"},"primaryImageOfPage":{"@id":"https:\/\/teiaeducation.ch\/fr\/produit\/couteau-montessori-en-bois-pour-enfants-skagfa\/#primaryimage"},"image":{"@id":"https:\/\/teiaeducation.ch\/fr\/produit\/couteau-montessori-en-bois-pour-enfants-skagfa\/#primaryimage"},"thumbnailUrl":"https:\/\/teiaeducation.ch\/wp-content\/uploads\/2021\/12\/Childrens-wooden-knife-SKAGFA.jpg","datePublished":"2024-08-19T12:00:31+00:00","dateModified":"2025-07-02T07:57:17+00:00","description":"Le couteau en bois pour enfants de style Montessori de SK\u00c5GF\u00c4 est un outil pratique pour apprendre \u00e0 couper en toute s\u00e9curit\u00e9 et ind\u00e9pendance !","breadcrumb":{"@id":"https:\/\/teiaeducation.ch\/fr\/produit\/couteau-montessori-en-bois-pour-enfants-skagfa\/#breadcrumb"},"inLanguage":"fr-FR","potentialAction":[{"@type":"ReadAction","target":["https:\/\/teiaeducation.ch\/fr\/produit\/couteau-montessori-en-bois-pour-enfants-skagfa\/"]}]},{"@type":"ImageObject","inLanguage":"fr-FR","@id":"https:\/\/teiaeducation.ch\/fr\/produit\/couteau-montessori-en-bois-pour-enfants-skagfa\/#primaryimage","url":"https:\/\/teiaeducation.ch\/wp-content\/uploads\/2021\/12\/Childrens-wooden-knife-SKAGFA.jpg","contentUrl":"https:\/\/teiaeducation.ch\/wp-content\/uploads\/2021\/12\/Childrens-wooden-knife-SKAGFA.jpg","width":675,"height":900,"caption":"Couteau Montessori en bois pour enfants SK\u00c5GF\u00c4"},{"@type":"BreadcrumbList","@id":"https:\/\/teiaeducation.ch\/fr\/produit\/couteau-montessori-en-bois-pour-enfants-skagfa\/#breadcrumb","itemListElement":[{"@type":"ListItem","position":1,"name":"Home","item":"https:\/\/teiaeducation.ch\/fr\/"},{"@type":"ListItem","position":2,"name":"Boutique Teia Education &amp; Play","item":"https:\/\/teiaeducation.ch\/fr\/boutique\/"},{"@type":"ListItem","position":3,"name":"Domaines du Curriculum","item":"https:\/\/teiaeducation.ch\/fr\/categorie-produit\/domaines-du-curriculum\/"},{"@type":"ListItem","position":4,"name":"Sensorielles &amp; Motrices","item":"https:\/\/teiaeducation.ch\/fr\/categorie-produit\/domaines-du-curriculum\/sensorielles-motrices\/"},{"@type":"ListItem","position":5,"name":"Comp\u00e9tences Motrices","item":"https:\/\/teiaeducation.ch\/fr\/categorie-produit\/domaines-du-curriculum\/sensorielles-motrices\/competences-motrices\/"},{"@type":"ListItem","position":6,"name":"Couteau Montessori en bois pour enfants &#8211; SK\u00c5GF\u00c4"}]},{"@type":"WebSite","@id":"https:\/\/teiaeducation.ch\/fr\/#website","url":"https:\/\/teiaeducation.ch\/fr\/","name":"Sustainable Educational Products &amp; Ecological Toys\u00a0","description":"Specialised Swiss shop selling sustainable educational toys and games, AMI certified Montessori materials, handmade ecological wooden Waldorf toys and arts &amp; crafts supplies, school supplies, children&#039;s furniture and Montessori reference and parenting books.","publisher":{"@id":"https:\/\/teiaeducation.ch\/fr\/#organization"},"alternateName":"Teia Education & Play","potentialAction":[{"@type":"SearchAction","target":{"@type":"EntryPoint","urlTemplate":"https:\/\/teiaeducation.ch\/fr\/?s={search_term_string}"},"query-input":{"@type":"PropertyValueSpecification","valueRequired":true,"valueName":"search_term_string"}}],"inLanguage":"fr-FR"},{"@type":"Organization","@id":"https:\/\/teiaeducation.ch\/fr\/#organization","name":"Teia Education & Play","url":"https:\/\/teiaeducation.ch\/fr\/","logo":{"@type":"ImageObject","inLanguage":"fr-FR","@id":"https:\/\/teiaeducation.ch\/fr\/#\/schema\/logo\/image\/","url":"https:\/\/teiaeducation.ch\/wp-content\/uploads\/2020\/11\/Teia-Education-Switzerland-e1620156442216.jpg","contentUrl":"https:\/\/teiaeducation.ch\/wp-content\/uploads\/2020\/11\/Teia-Education-Switzerland-e1620156442216.jpg","width":166,"height":145,"caption":"Teia Education & Play"},"image":{"@id":"https:\/\/teiaeducation.ch\/fr\/#\/schema\/logo\/image\/"},"sameAs":["https:\/\/www.facebook.com\/teiaeducation\/","https:\/\/x.com\/EducationTeia","https:\/\/www.instagram.com\/teia.education\/","https:\/\/www.linkedin.com\/company\/35501660","https:\/\/www.pinterest.ch\/TeiaEducation\/"]}]},"product_price_amount":"23.90","product_price_currency":"CHF","og_availability":"out of stock","product_availability":"out of stock","product_retailer_item_id":"00000000000000000000000000000000000000000000043071","product_condition":"new"},"_links":{"self":[{"href":"https:\/\/teiaeducation.ch\/fr\/wp-json\/wp\/v2\/product\/55366","targetHints":{"allow":["GET"]}}],"collection":[{"href":"https:\/\/teiaeducation.ch\/fr\/wp-json\/wp\/v2\/product"}],"about":[{"href":"https:\/\/teiaeducation.ch\/fr\/wp-json\/wp\/v2\/types\/product"}],"replies":[{"embeddable":true,"href":"https:\/\/teiaeducation.ch\/fr\/wp-json\/wp\/v2\/comments?post=55366"}],"wp:featuredmedia":[{"embeddable":true,"href":"https:\/\/teiaeducation.ch\/fr\/wp-json\/wp\/v2\/media\/43082"}],"wp:attachment":[{"href":"https:\/\/teiaeducation.ch\/fr\/wp-json\/wp\/v2\/media?parent=55366"}],"wp:term":[{"taxonomy":"product_brand","embeddable":true,"href":"https:\/\/teiaeducation.ch\/fr\/wp-json\/wp\/v2\/product_brand?post=55366"},{"taxonomy":"product_cat","embeddable":true,"href":"https:\/\/teiaeducation.ch\/fr\/wp-json\/wp\/v2\/product_cat?post=55366"},{"taxonomy":"product_tag","embeddable":true,"href":"https:\/\/teiaeducation.ch\/fr\/wp-json\/wp\/v2\/product_tag?post=55366"}],"curies":[{"name":"wp","href":"https:\/\/api.w.org\/{rel}","templated":true}]}}