{"id":56218,"date":"2023-09-26T09:38:41","date_gmt":"2023-09-26T07:38:41","guid":{"rendered":"https:\/\/teiaeducation.ch\/product\/calendrier-de-lavent-edition-limitee-2023-grapat\/"},"modified":"2024-01-11T15:00:57","modified_gmt":"2024-01-11T14:00:57","slug":"calendrier-avent-edition-limitee-2023-grapat","status":"publish","type":"product","link":"https:\/\/teiaeducation.ch\/fr\/produit\/calendrier-avent-edition-limitee-2023-grapat\/","title":{"rendered":"Calendrier de l&#8217;Avent \u00e9dition limit\u00e9e 2023 &#8211; Grapat"},"content":{"rendered":"<p>Pr\u00e9parez-vous \u00e0 No\u00ebl avec le <strong>calendrier de l&#8217;Avent Grapat 2023 \u00e9dition limit\u00e9e<\/strong> &#8211; La magie de No\u00ebl est dans l&#8217;air ! Il s&#8217;agit de la deuxi\u00e8me \u00e9dition du <strong>calendrier de l&#8217;Avent Grapat<\/strong>, contenant 24 bo\u00eetes en carton avec diff\u00e9rentes surprises pour le jeu libre en \u00e9dition limit\u00e9e. Chacune des surprises contient une invitation \u00e0 jouer et des rituels pour chaque jour de <a href=\"https:\/\/teiaeducation.ch\/fr\/categorie-produit\/celebrations-fr\/rituels-avent\/\">l&#8217;Avent<\/a>.<\/p>\n<p>Apr\u00e8s le grand succ\u00e8s de l&#8217;ann\u00e9e derni\u00e8re, Grapat a collabor\u00e9 avec 11 femmes (et m\u00e8res) merveilleuses du monde entier pour cr\u00e9er ensemble un livret plein d&#8217;id\u00e9es, de traditions et d&#8217;inspiration qui accompagnera votre famille pendant cette p\u00e9riode merveilleuse de l&#8217;ann\u00e9e !<\/p>\n<p>Le souhait de Grapat de l&#8217;ann\u00e9e derni\u00e8re \u00e9tait de franchir les murs et les fronti\u00e8res, de surmonter les barri\u00e8res linguistiques et les diff\u00e9rences culturelles afin d&#8217;\u00eatre vraiment r\u00e9unis. Et c&#8217;est exactement ce qu&#8217;ils ont fait cette ann\u00e9e. En l&#8217;honneur de l&#8217;unit\u00e9, ces 24 petites bo\u00eetes en carton pleines de magie sont l\u00e0 pour remplir votre c\u0153ur et celui de vos enfants.<\/p>\n<p>Le calendrier de l&#8217;Avent Grapat est plein de merveilles de jeu libre et incite toute la famille \u00e0 devenir cr\u00e9ative, \u00e0 se laisser inspirer et \u00e0 partager ses pens\u00e9es et ses cr\u00e9ations. Mais l&#8217;essentiel est de vous apaiser, de vivre l&#8217;instant pr\u00e9sent et de remplir vos c\u0153urs de souvenirs qui dureront toute une vie et r\u00e9chaufferont votre \u00e2me !<\/p>\n<h2>Que contient le calendrier de l&#8217;avent Grapat ?<\/h2>\n<p>Le <strong>calendrier de l&#8217;Avent Grapat 2023<\/strong> contient plus de 150 surprises en \u00e9dition limit\u00e9e, contenues dans 24 petites bo\u00eetes en carton r\u00e9utilisables et joliment d\u00e9cor\u00e9es. Le set contient \u00e9galement un livret, disponible dans notre boutique en anglais, fran\u00e7ais et allemand. Veuillez s\u00e9lectionner la langue souhait\u00e9e pour le livret.<\/p>\n<p>Les bo\u00eetes en carton contiennent les surprises suivantes en \u00e9dition limit\u00e9e :<\/p>\n<p>#1: Quatre bougies et quatre \u00e9l\u00e9ments pour les royaumes Waldorf<br \/>\n#2: Ti\u00f3 (cr\u00e9ature magique catalane)<br \/>\n#3: Pierres en bois<br \/>\n#4: Kit de bricolage flocons de neige<br \/>\n#5: Marionnette \u00e0 doigts<br \/>\n#6: Biscuits de No\u00ebl<br \/>\n#7: Kit de bricolage des f\u00e9es<br \/>\n#8: Baguettes de tambour<br \/>\n#9: Kit de tricotage<br \/>\n#10: B\u00e9b\u00e9s oignon<br \/>\n#11: Jeu des sens<br \/>\n#12: Kit de bricolage amulette<br \/>\n#13: Petits champignons<br \/>\n#14: Clochette silencieuse<br \/>\n#15: Cube arc-en-ciel<br \/>\n#16: Kit de bricolage sac au tr\u00e9sor<br \/>\n#17: Famille c\u00e2lin<br \/>\n#18: Kit de bricolage guirlande de pop-corn<br \/>\n#19: Gobelet \u00e0 cacao<br \/>\n#20: Collier de perles<br \/>\n#21: Ville magique<br \/>\n#22: Chouette de nuit<br \/>\n#23: Joyeux Nin<br \/>\n#24: Surprise !<\/p>\n<p>Le calendrier de l&#8217;Avent Grapat convient aux enfants \u00e0 partir de 36 mois.<\/p>\n<h2>\u00c0 propos de Grapat<\/h2>\n<p>La marque espagnole <a href=\"https:\/\/teiaeducation.ch\/fr\/categorie-produit\/marques\/grapat-fr\/\">Grapat<\/a>, inspir\u00e9e par la <a href=\"https:\/\/teiaeducation.ch\/fr\/categorie-produit\/methode-deducation\/waldorf-fr\/\">p\u00e9dagogie Waldorf<\/a>, est connue pour ses magnifiques jouets en bois qui encouragent le jeu libre et autonome. La philosophie de Grapat est bas\u00e9e sur la cr\u00e9ation de jouets qui encouragent les enfants \u00e0 \u00eatre <a href=\"https:\/\/teiaeducation.ch\/fr\/categorie-produit\/creativite-beaux-arts-et-bricolage\/\">cr\u00e9atifs<\/a>, afin qu&#8217;ils puissent inventer leurs propres jeux et <a href=\"https:\/\/teiaeducation.ch\/fr\/categorie-produit\/jouer\/jeu-imaginatif-faire-semblant\/\">mondes imaginaires<\/a>.<\/p>\n<p>Tous les <a href=\"https:\/\/teiaeducation.ch\/fr\/categorie-produit\/jouer\/jouets-en-bois\/\">jouets en bois<\/a> de Grapat sont r\u00e9alis\u00e9s \u00e0 la main dans diff\u00e9rents ateliers de Catalogne, en Espagne, selon des m\u00e9thodes traditionnelles, \u00e0 partir de bois issu de for\u00eats g\u00e9r\u00e9es durablement et peint \u00e0 la main avec des peintures \u00e0 base d&#8217;eau. Les <a href=\"https:\/\/teiaeducation.ch\/fr\/categorie-produit\/jouer\/jouets-waldorf\/\">jouets Waldorf<\/a> de Grapat sont s\u00fbrs pour les jeunes enfants, car ils sont non toxiques et conformes aux r\u00e8gles de s\u00e9curit\u00e9 europ\u00e9ennes de la directive EN \/ 71-3 : 2014 + A1 : 2014 \/ 2013 sur la s\u00e9curit\u00e9 des jouets. Une grande partie de la collection de jouets Grapat porte le prestigieux label <a href=\"https:\/\/www.spielgut.de\">Spielgut<\/a>\u00ae.<\/p>\n","protected":false},"excerpt":{"rendered":"<p>Num\u00e9ro d&#8217;article: 23-243<\/p>\n<p>L&#8217;\u00e9dition limit\u00e9e du calendrier de l&#8217;Avent de No\u00ebl 2023 de Grapat contient 24 bo\u00eetes en carton avec des surprises pour le jeu libre et un livret !<\/p>\n","protected":false},"featured_media":56369,"comment_status":"open","ping_status":"closed","template":"","meta":[],"product_brand":[],"product_cat":[215,216,22032,17225,22343,22344,284,283,13146,1208,1209,21257,13130,23020,23021,13140,13127,7595,217,5851,22350,212,1219],"product_tag":[23764,26186,26185,23766,1225,26183,26181,26180,26182,26184,23765,17462,23761,8128,6714,17986,17331,23763],"class_list":{"0":"post-56218","1":"product","2":"type-product","3":"status-publish","4":"has-post-thumbnail","6":"product_cat-3-6-ans","7":"product_cat-6-12-ans","8":"product_cat-cadeaux-du-calendrier-de-lavent-et-de-noel","9":"product_cat-celebrations-fr","10":"product_cat-collection-hiver","11":"product_cat-collections-saisonnieres","12":"product_cat-culture-sciences","13":"product_cat-domaines-du-curriculum","14":"product_cat-figurines-en-bois","15":"product_cat-grapat-fr","16":"product_cat-kits-complets","17":"product_cat-guides-cadeaux","18":"product_cat-jouer","19":"product_cat-jouets-en-bois","20":"product_cat-jouets-waldorf","21":"product_cat-jeu-libre","22":"product_cat-creativite-beaux-arts-et-bricolage","23":"product_cat-methode-deducation","24":"product_cat-marques","25":"product_cat-nouveautes","26":"product_cat-rituels-avent","27":"product_cat-tranche-dage","28":"product_cat-waldorf-fr","29":"product_tag-calendrier-de-lavent-edition-limitee-grapat","30":"product_tag-calendrier-de-lavent-pour-enfants","31":"product_tag-calendrier-de-lavent-pour-les-petits","32":"product_tag-editions-limitees-de-grapat","33":"product_tag-grapat-grapat","34":"product_tag-grapat-calendrier-de-lavent","35":"product_tag-grapat-calendrier-de-lavent-2023","36":"product_tag-grapat-calendrier-de-lavent-edition-limitee-2023","37":"product_tag-grapat-edition-limitee","38":"product_tag-grapat-happy-collection-fr","39":"product_tag-grapat-noel-edition-limitee","40":"product_tag-jeux-libres-en-bois","41":"product_tag-jouets-ecologiques-fr","42":"product_tag-jouets-en-bois-fabriques-a-la-main","43":"product_tag-jouets-en-bois-faits-a-la-main","44":"product_tag-jouets-en-bois-waldorf-fr","45":"product_tag-jouets-en-bois-waldorf","46":"product_tag-jouets-naturels","48":"first","49":"outofstock","50":"taxable","51":"shipping-taxable","52":"purchasable","53":"product-type-variable"},"yoast_head":"<!-- This site is optimized with the Yoast SEO plugin v27.3 - https:\/\/yoast.com\/product\/yoast-seo-wordpress\/ -->\n<title>Calendrier de l&#039;Avent \u00e9dition limit\u00e9e 2023 - Grapat<\/title>\n<meta name=\"description\" content=\"L&#039;\u00e9dition limit\u00e9e du calendrier de l&#039;Avent de No\u00ebl 2023 de Grapat contient 24 bo\u00eetes en carton avec des surprises pour le jeu libre et un livret.\" \/>\n<meta name=\"robots\" content=\"index, follow, max-snippet:-1, max-image-preview:large, max-video-preview:-1\" \/>\n<link rel=\"canonical\" href=\"https:\/\/teiaeducation.ch\/fr\/produit\/calendrier-avent-edition-limitee-2023-grapat\/\" \/>\n<meta property=\"og:locale\" content=\"fr_FR\" \/>\n<meta property=\"og:type\" content=\"article\" \/>\n<meta property=\"og:title\" content=\"Calendrier de l&#039;Avent \u00e9dition limit\u00e9e 2023 - Grapat\" \/>\n<meta property=\"og:description\" content=\"L&#039;\u00e9dition limit\u00e9e du calendrier de l&#039;Avent de No\u00ebl 2023 de Grapat contient 24 bo\u00eetes en carton avec des surprises pour le jeu libre et un livret.\" \/>\n<meta property=\"og:url\" content=\"https:\/\/teiaeducation.ch\/fr\/produit\/calendrier-avent-edition-limitee-2023-grapat\/\" \/>\n<meta property=\"og:site_name\" content=\"Sustainable Educational Products &amp; Ecological Toys\u00a0\" \/>\n<meta property=\"article:publisher\" content=\"https:\/\/www.facebook.com\/teiaeducation\/\" \/>\n<meta property=\"article:modified_time\" content=\"2024-01-11T14:00:57+00:00\" \/>\n<meta property=\"og:image\" content=\"https:\/\/teiaeducation.ch\/wp-content\/uploads\/2023\/09\/Grapat-2023-limited-edition-advent-calendar-Christmas-Happy-Xmas-3-scaled.jpg\" \/>\n\t<meta property=\"og:image:width\" content=\"2048\" \/>\n\t<meta property=\"og:image:height\" content=\"1367\" \/>\n\t<meta property=\"og:image:type\" content=\"image\/jpeg\" \/>\n<script type=\"application\/ld+json\" class=\"yoast-schema-graph\">{\"@context\":\"https:\\\/\\\/schema.org\",\"@graph\":[{\"@type\":\"WebPage\",\"@id\":\"https:\\\/\\\/teiaeducation.ch\\\/fr\\\/produit\\\/calendrier-avent-edition-limitee-2023-grapat\\\/\",\"url\":\"https:\\\/\\\/teiaeducation.ch\\\/fr\\\/produit\\\/calendrier-avent-edition-limitee-2023-grapat\\\/\",\"name\":\"Calendrier de l'Avent \u00e9dition limit\u00e9e 2023 - Grapat\",\"isPartOf\":{\"@id\":\"https:\\\/\\\/teiaeducation.ch\\\/fr\\\/#website\"},\"primaryImageOfPage\":{\"@id\":\"https:\\\/\\\/teiaeducation.ch\\\/fr\\\/produit\\\/calendrier-avent-edition-limitee-2023-grapat\\\/#primaryimage\"},\"image\":{\"@id\":\"https:\\\/\\\/teiaeducation.ch\\\/fr\\\/produit\\\/calendrier-avent-edition-limitee-2023-grapat\\\/#primaryimage\"},\"thumbnailUrl\":\"https:\\\/\\\/teiaeducation.ch\\\/wp-content\\\/uploads\\\/2023\\\/09\\\/Grapat-2023-limited-edition-advent-calendar-Christmas-Happy-Xmas-3-scaled.jpg\",\"datePublished\":\"2023-09-26T07:38:41+00:00\",\"dateModified\":\"2024-01-11T14:00:57+00:00\",\"description\":\"L'\u00e9dition limit\u00e9e du calendrier de l'Avent de No\u00ebl 2023 de Grapat contient 24 bo\u00eetes en carton avec des surprises pour le jeu libre et un livret.\",\"breadcrumb\":{\"@id\":\"https:\\\/\\\/teiaeducation.ch\\\/fr\\\/produit\\\/calendrier-avent-edition-limitee-2023-grapat\\\/#breadcrumb\"},\"inLanguage\":\"fr-FR\",\"potentialAction\":[{\"@type\":\"ReadAction\",\"target\":[\"https:\\\/\\\/teiaeducation.ch\\\/fr\\\/produit\\\/calendrier-avent-edition-limitee-2023-grapat\\\/\"]}]},{\"@type\":\"ImageObject\",\"inLanguage\":\"fr-FR\",\"@id\":\"https:\\\/\\\/teiaeducation.ch\\\/fr\\\/produit\\\/calendrier-avent-edition-limitee-2023-grapat\\\/#primaryimage\",\"url\":\"https:\\\/\\\/teiaeducation.ch\\\/wp-content\\\/uploads\\\/2023\\\/09\\\/Grapat-2023-limited-edition-advent-calendar-Christmas-Happy-Xmas-3-scaled.jpg\",\"contentUrl\":\"https:\\\/\\\/teiaeducation.ch\\\/wp-content\\\/uploads\\\/2023\\\/09\\\/Grapat-2023-limited-edition-advent-calendar-Christmas-Happy-Xmas-3-scaled.jpg\",\"width\":2048,\"height\":1367,\"caption\":\"Grapat 2023 limited edition advent calendar Christmas Happy Xmas\"},{\"@type\":\"BreadcrumbList\",\"@id\":\"https:\\\/\\\/teiaeducation.ch\\\/fr\\\/produit\\\/calendrier-avent-edition-limitee-2023-grapat\\\/#breadcrumb\",\"itemListElement\":[{\"@type\":\"ListItem\",\"position\":1,\"name\":\"Home\",\"item\":\"https:\\\/\\\/teiaeducation.ch\\\/fr\\\/\"},{\"@type\":\"ListItem\",\"position\":2,\"name\":\"Boutique Teia Education &amp; Play\",\"item\":\"https:\\\/\\\/teiaeducation.ch\\\/fr\\\/boutique\\\/\"},{\"@type\":\"ListItem\",\"position\":3,\"name\":\"Nos Marques\",\"item\":\"https:\\\/\\\/teiaeducation.ch\\\/fr\\\/categorie-produit\\\/marques\\\/\"},{\"@type\":\"ListItem\",\"position\":4,\"name\":\"Grapat\",\"item\":\"https:\\\/\\\/teiaeducation.ch\\\/fr\\\/categorie-produit\\\/marques\\\/grapat-fr\\\/\"},{\"@type\":\"ListItem\",\"position\":5,\"name\":\"Calendrier de l&#8217;Avent \u00e9dition limit\u00e9e 2023 &#8211; Grapat\"}]},{\"@type\":\"WebSite\",\"@id\":\"https:\\\/\\\/teiaeducation.ch\\\/fr\\\/#website\",\"url\":\"https:\\\/\\\/teiaeducation.ch\\\/fr\\\/\",\"name\":\"Sustainable Educational Products &amp; Ecological Toys\u00a0\",\"description\":\"Specialised Swiss shop selling sustainable educational toys and games, AMI certified Montessori materials, handmade ecological wooden Waldorf toys and arts &amp; crafts supplies, school supplies, children&#039;s furniture and Montessori reference and parenting books.\",\"publisher\":{\"@id\":\"https:\\\/\\\/teiaeducation.ch\\\/fr\\\/#organization\"},\"alternateName\":\"Teia Education & Play\",\"potentialAction\":[{\"@type\":\"SearchAction\",\"target\":{\"@type\":\"EntryPoint\",\"urlTemplate\":\"https:\\\/\\\/teiaeducation.ch\\\/fr\\\/?s={search_term_string}\"},\"query-input\":{\"@type\":\"PropertyValueSpecification\",\"valueRequired\":true,\"valueName\":\"search_term_string\"}}],\"inLanguage\":\"fr-FR\"},{\"@type\":\"Organization\",\"@id\":\"https:\\\/\\\/teiaeducation.ch\\\/fr\\\/#organization\",\"name\":\"Teia Education & Play\",\"url\":\"https:\\\/\\\/teiaeducation.ch\\\/fr\\\/\",\"logo\":{\"@type\":\"ImageObject\",\"inLanguage\":\"fr-FR\",\"@id\":\"https:\\\/\\\/teiaeducation.ch\\\/fr\\\/#\\\/schema\\\/logo\\\/image\\\/\",\"url\":\"https:\\\/\\\/teiaeducation.ch\\\/wp-content\\\/uploads\\\/2020\\\/11\\\/Teia-Education-Switzerland-e1620156442216.jpg\",\"contentUrl\":\"https:\\\/\\\/teiaeducation.ch\\\/wp-content\\\/uploads\\\/2020\\\/11\\\/Teia-Education-Switzerland-e1620156442216.jpg\",\"width\":166,\"height\":145,\"caption\":\"Teia Education & Play\"},\"image\":{\"@id\":\"https:\\\/\\\/teiaeducation.ch\\\/fr\\\/#\\\/schema\\\/logo\\\/image\\\/\"},\"sameAs\":[\"https:\\\/\\\/www.facebook.com\\\/teiaeducation\\\/\",\"https:\\\/\\\/x.com\\\/EducationTeia\",\"https:\\\/\\\/www.instagram.com\\\/teia.education\\\/\",\"https:\\\/\\\/www.linkedin.com\\\/company\\\/35501660\",\"https:\\\/\\\/www.pinterest.ch\\\/TeiaEducation\\\/\"]}]}<\/script>\n<!-- \/ Yoast SEO plugin. -->","yoast_head_json":{"title":"Calendrier de l'Avent \u00e9dition limit\u00e9e 2023 - Grapat","description":"L'\u00e9dition limit\u00e9e du calendrier de l'Avent de No\u00ebl 2023 de Grapat contient 24 bo\u00eetes en carton avec des surprises pour le jeu libre et un livret.","robots":{"index":"index","follow":"follow","max-snippet":"max-snippet:-1","max-image-preview":"max-image-preview:large","max-video-preview":"max-video-preview:-1"},"canonical":"https:\/\/teiaeducation.ch\/fr\/produit\/calendrier-avent-edition-limitee-2023-grapat\/","og_locale":"fr_FR","og_type":"article","og_title":"Calendrier de l'Avent \u00e9dition limit\u00e9e 2023 - Grapat","og_description":"L'\u00e9dition limit\u00e9e du calendrier de l'Avent de No\u00ebl 2023 de Grapat contient 24 bo\u00eetes en carton avec des surprises pour le jeu libre et un livret.","og_url":"https:\/\/teiaeducation.ch\/fr\/produit\/calendrier-avent-edition-limitee-2023-grapat\/","og_site_name":"Sustainable Educational Products &amp; Ecological Toys\u00a0","article_publisher":"https:\/\/www.facebook.com\/teiaeducation\/","article_modified_time":"2024-01-11T14:00:57+00:00","og_image":[{"width":2048,"height":1367,"url":"https:\/\/teiaeducation.ch\/wp-content\/uploads\/2023\/09\/Grapat-2023-limited-edition-advent-calendar-Christmas-Happy-Xmas-3-scaled.jpg","type":"image\/jpeg"}],"schema":{"@context":"https:\/\/schema.org","@graph":[{"@type":"WebPage","@id":"https:\/\/teiaeducation.ch\/fr\/produit\/calendrier-avent-edition-limitee-2023-grapat\/","url":"https:\/\/teiaeducation.ch\/fr\/produit\/calendrier-avent-edition-limitee-2023-grapat\/","name":"Calendrier de l'Avent \u00e9dition limit\u00e9e 2023 - Grapat","isPartOf":{"@id":"https:\/\/teiaeducation.ch\/fr\/#website"},"primaryImageOfPage":{"@id":"https:\/\/teiaeducation.ch\/fr\/produit\/calendrier-avent-edition-limitee-2023-grapat\/#primaryimage"},"image":{"@id":"https:\/\/teiaeducation.ch\/fr\/produit\/calendrier-avent-edition-limitee-2023-grapat\/#primaryimage"},"thumbnailUrl":"https:\/\/teiaeducation.ch\/wp-content\/uploads\/2023\/09\/Grapat-2023-limited-edition-advent-calendar-Christmas-Happy-Xmas-3-scaled.jpg","datePublished":"2023-09-26T07:38:41+00:00","dateModified":"2024-01-11T14:00:57+00:00","description":"L'\u00e9dition limit\u00e9e du calendrier de l'Avent de No\u00ebl 2023 de Grapat contient 24 bo\u00eetes en carton avec des surprises pour le jeu libre et un livret.","breadcrumb":{"@id":"https:\/\/teiaeducation.ch\/fr\/produit\/calendrier-avent-edition-limitee-2023-grapat\/#breadcrumb"},"inLanguage":"fr-FR","potentialAction":[{"@type":"ReadAction","target":["https:\/\/teiaeducation.ch\/fr\/produit\/calendrier-avent-edition-limitee-2023-grapat\/"]}]},{"@type":"ImageObject","inLanguage":"fr-FR","@id":"https:\/\/teiaeducation.ch\/fr\/produit\/calendrier-avent-edition-limitee-2023-grapat\/#primaryimage","url":"https:\/\/teiaeducation.ch\/wp-content\/uploads\/2023\/09\/Grapat-2023-limited-edition-advent-calendar-Christmas-Happy-Xmas-3-scaled.jpg","contentUrl":"https:\/\/teiaeducation.ch\/wp-content\/uploads\/2023\/09\/Grapat-2023-limited-edition-advent-calendar-Christmas-Happy-Xmas-3-scaled.jpg","width":2048,"height":1367,"caption":"Grapat 2023 limited edition advent calendar Christmas Happy Xmas"},{"@type":"BreadcrumbList","@id":"https:\/\/teiaeducation.ch\/fr\/produit\/calendrier-avent-edition-limitee-2023-grapat\/#breadcrumb","itemListElement":[{"@type":"ListItem","position":1,"name":"Home","item":"https:\/\/teiaeducation.ch\/fr\/"},{"@type":"ListItem","position":2,"name":"Boutique Teia Education &amp; Play","item":"https:\/\/teiaeducation.ch\/fr\/boutique\/"},{"@type":"ListItem","position":3,"name":"Nos Marques","item":"https:\/\/teiaeducation.ch\/fr\/categorie-produit\/marques\/"},{"@type":"ListItem","position":4,"name":"Grapat","item":"https:\/\/teiaeducation.ch\/fr\/categorie-produit\/marques\/grapat-fr\/"},{"@type":"ListItem","position":5,"name":"Calendrier de l&#8217;Avent \u00e9dition limit\u00e9e 2023 &#8211; Grapat"}]},{"@type":"WebSite","@id":"https:\/\/teiaeducation.ch\/fr\/#website","url":"https:\/\/teiaeducation.ch\/fr\/","name":"Sustainable Educational Products &amp; Ecological Toys\u00a0","description":"Specialised Swiss shop selling sustainable educational toys and games, AMI certified Montessori materials, handmade ecological wooden Waldorf toys and arts &amp; crafts supplies, school supplies, children&#039;s furniture and Montessori reference and parenting books.","publisher":{"@id":"https:\/\/teiaeducation.ch\/fr\/#organization"},"alternateName":"Teia Education & Play","potentialAction":[{"@type":"SearchAction","target":{"@type":"EntryPoint","urlTemplate":"https:\/\/teiaeducation.ch\/fr\/?s={search_term_string}"},"query-input":{"@type":"PropertyValueSpecification","valueRequired":true,"valueName":"search_term_string"}}],"inLanguage":"fr-FR"},{"@type":"Organization","@id":"https:\/\/teiaeducation.ch\/fr\/#organization","name":"Teia Education & Play","url":"https:\/\/teiaeducation.ch\/fr\/","logo":{"@type":"ImageObject","inLanguage":"fr-FR","@id":"https:\/\/teiaeducation.ch\/fr\/#\/schema\/logo\/image\/","url":"https:\/\/teiaeducation.ch\/wp-content\/uploads\/2020\/11\/Teia-Education-Switzerland-e1620156442216.jpg","contentUrl":"https:\/\/teiaeducation.ch\/wp-content\/uploads\/2020\/11\/Teia-Education-Switzerland-e1620156442216.jpg","width":166,"height":145,"caption":"Teia Education & Play"},"image":{"@id":"https:\/\/teiaeducation.ch\/fr\/#\/schema\/logo\/image\/"},"sameAs":["https:\/\/www.facebook.com\/teiaeducation\/","https:\/\/x.com\/EducationTeia","https:\/\/www.instagram.com\/teia.education\/","https:\/\/www.linkedin.com\/company\/35501660","https:\/\/www.pinterest.ch\/TeiaEducation\/"]}]}},"_links":{"self":[{"href":"https:\/\/teiaeducation.ch\/fr\/wp-json\/wp\/v2\/product\/56218","targetHints":{"allow":["GET"]}}],"collection":[{"href":"https:\/\/teiaeducation.ch\/fr\/wp-json\/wp\/v2\/product"}],"about":[{"href":"https:\/\/teiaeducation.ch\/fr\/wp-json\/wp\/v2\/types\/product"}],"replies":[{"embeddable":true,"href":"https:\/\/teiaeducation.ch\/fr\/wp-json\/wp\/v2\/comments?post=56218"}],"wp:featuredmedia":[{"embeddable":true,"href":"https:\/\/teiaeducation.ch\/fr\/wp-json\/wp\/v2\/media\/56369"}],"wp:attachment":[{"href":"https:\/\/teiaeducation.ch\/fr\/wp-json\/wp\/v2\/media?parent=56218"}],"wp:term":[{"taxonomy":"product_brand","embeddable":true,"href":"https:\/\/teiaeducation.ch\/fr\/wp-json\/wp\/v2\/product_brand?post=56218"},{"taxonomy":"product_cat","embeddable":true,"href":"https:\/\/teiaeducation.ch\/fr\/wp-json\/wp\/v2\/product_cat?post=56218"},{"taxonomy":"product_tag","embeddable":true,"href":"https:\/\/teiaeducation.ch\/fr\/wp-json\/wp\/v2\/product_tag?post=56218"}],"curies":[{"name":"wp","href":"https:\/\/api.w.org\/{rel}","templated":true}]}}