{"id":57223,"date":"2023-11-14T09:39:11","date_gmt":"2023-11-14T08:39:11","guid":{"rendered":"https:\/\/teiaeducation.ch\/?post_type=product&#038;p=57223"},"modified":"2025-12-12T14:32:33","modified_gmt":"2025-12-12T13:32:33","slug":"porte-crayons-stockmar-en-bois-threewood-copy","status":"publish","type":"product","link":"https:\/\/teiaeducation.ch\/fr\/produit\/porte-crayons-stockmar-en-bois-threewood-copy\/","title":{"rendered":"Porte-crayons Stockmar en bois : rectangulaire &#8211; Threewood"},"content":{"rendered":"<p>Porte-crayons rectangulaire en bois fait main pour les crayons Stockmar &#8211; Threewood<\/p>\n<p>Le support en bois rectangulaire de Threewood pour les crayons de couleur <a href=\"https:\/\/teiaeducation.ch\/fr\/categorie-produit\/marques\/stockmar-fr\/\">Stockmar<\/a> est une merveilleuse solution de rangement artisanale pour les petits Picasso !<\/p>\n<p>Les enfants seront inspir\u00e9s pour travailler avec leurs crayons de couleur car ils pourront voir toute la gamme de couleurs en m\u00eame temps. Le temps du dessin et du coloriage sera encore plus sp\u00e9cial avec ce porte-crayons pratique et facile \u00e0 manipuler. Cette solution de rangement, con\u00e7ue et fabriqu\u00e9e avec amour, est un ajout magnifique \u00e0 tout coin cr\u00e9atif ou bureau, et est parfaite pour une utilisation \u00e0 la maison et \u00e0 l&#8217;\u00e9cole.<\/p>\n<p>Le porte-crayons tactile, magnifiquement naturel et de tr\u00e8s haute qualit\u00e9, est sp\u00e9cialement con\u00e7u pour contenir la gamme de crayons de couleur Stockmar, ce qui facilite l&#8217;insertion et le retrait des crayons, m\u00eame pour les plus petites mains. Elle est fabriqu\u00e9e \u00e0 la main en Ukraine \u00e0 partir de ch\u00eane massif et finie \u00e0 l&#8217;huile naturelle.<\/p>\n<p>Disponibles en trois tailles, les supports peuvent contenir respectivement 8, 16 ou 24 crayons de b\u00e2ton et crayons de bloc chacun et mesurent approximativement :<\/p>\n<p>8 blocs et 8 b\u00e2tons : diam\u00e8tre 13cm \/ \u00e9paisseur 1.8cm<br \/>\n16 blocs et 16 b\u00e2tons : diam\u00e8tre 16cm \/ \u00e9paisseur 1,8cm<br \/>\n24 blocs et 24 b\u00e2tons : diam\u00e8tre 18,5cm \/ \u00e9paisseur 1,8cm<\/p>\n<p>Threewood est une \u00e9quipe ukrainienne compos\u00e9e d&#8217;un mari et d&#8217;une femme, Yuriy et Olga, qui cr\u00e9ent d&#8217;\u00e9tonnants jouets et mat\u00e9riels d&#8217;apprentissage faits main, inspir\u00e9s de la p\u00e9dagogie <a href=\"https:\/\/teiaeducation.ch\/fr\/categorie-produit\/methode-deducation\/montessori-fr\/\">Montessori<\/a>. Le nom Threewood repr\u00e9sente leurs 3 enfants et la passion pour le travail du bois que Yuriy a h\u00e9rit\u00e9 de son p\u00e8re et de son grand-p\u00e8re. Ces jouets en bois fabriqu\u00e9s \u00e0 la main sont pour la plupart sculpt\u00e9s dans du ch\u00eane et sont de la plus haute qualit\u00e9 et conception, promettant long\u00e9vit\u00e9 et apprentissage ludique pour des g\u00e9n\u00e9rations !<\/p>\n<p>Contenu :<\/p>\n<p>1 porte-crayons rectangulaire en bois (veuillez choisir la taille souhait\u00e9e !)<br \/>\n* Les crayons Stockmar illustr\u00e9s ne sont pas inclus.<\/p>\n","protected":false},"excerpt":{"rendered":"<p>Num\u00e9ro d&#8217;article: TW003<\/p>\n<p>La porte-crayons rectangulaire en bois de ch\u00eane naturel fabriqu\u00e9 \u00e0 la main par Threewood est sp\u00e9cialement con\u00e7u pour contenir la gamme de crayons Stockmar.<\/p>\n","protected":false},"featured_media":57239,"comment_status":"open","ping_status":"closed","template":"","meta":[],"product_brand":[],"product_cat":[8527,215,216,22032,20247,283,8526,17240,21257,22421,1220,13127,7595,1218,217,5851,20263,13125,18894,212,1219],"product_tag":[18899,18901,18897,18903,18896],"class_list":{"0":"post-57223","1":"product","2":"type-product","3":"status-publish","4":"has-post-thumbnail","6":"product_cat-3-6-ans-ecole-a-domicile","7":"product_cat-3-6-ans","8":"product_cat-6-12-ans","9":"product_cat-cadeaux-du-calendrier-de-lavent-et-de-noel","10":"product_cat-dessin-et-coloriage","11":"product_cat-domaines-du-curriculum","12":"product_cat-fournitures-scolaires-a-domicile","13":"product_cat-guide-cadeaux-creatif","14":"product_cat-guides-cadeaux","15":"product_cat-idees-cadeaux-pour-paques","16":"product_cat-traditionnelle","17":"product_cat-creativite-beaux-arts-et-bricolage","18":"product_cat-methode-deducation","19":"product_cat-montessori-fr","20":"product_cat-marques","21":"product_cat-nouveautes","22":"product_cat-outils-creatifs-et-rangement","23":"product_cat-stockmar-fr","24":"product_cat-threewood-fr","25":"product_cat-tranche-dage","26":"product_cat-waldorf-fr","27":"product_tag-fabrique-en-ukraine","28":"product_tag-jouet-dapprentissage-dinspiration-montessori","29":"product_tag-jouet-dapprentissage-en-bois-fabrique-a-la-main","30":"product_tag-jouet-dapprentissage-montessori-fabrique-a-la-main","31":"product_tag-jouets-montessori-de-threewood","33":"first","34":"instock","35":"taxable","36":"shipping-taxable","37":"purchasable","38":"product-type-variable"},"yoast_head":"<!-- This site is optimized with the Yoast SEO plugin v27.1.1 - https:\/\/yoast.com\/product\/yoast-seo-wordpress\/ -->\n<title>Porte-crayons Stockmar en bois : rectangulaire - Threewood<\/title>\n<meta name=\"description\" content=\"La porte-crayons rectangulaire en bois de ch\u00eane naturel fabriqu\u00e9 \u00e0 la main par Threewood est sp\u00e9cialement con\u00e7u pour contenir la gamme de crayons Stockmar.\" \/>\n<meta name=\"robots\" content=\"index, follow, max-snippet:-1, max-image-preview:large, max-video-preview:-1\" \/>\n<link rel=\"canonical\" href=\"https:\/\/teiaeducation.ch\/fr\/produit\/porte-crayons-stockmar-en-bois-threewood-copy\/\" \/>\n<meta property=\"og:locale\" content=\"fr_FR\" \/>\n<meta property=\"og:type\" content=\"article\" \/>\n<meta property=\"og:title\" content=\"Porte-crayons Stockmar en bois : rectangulaire - Threewood\" \/>\n<meta property=\"og:description\" content=\"La porte-crayons rectangulaire en bois de ch\u00eane naturel fabriqu\u00e9 \u00e0 la main par Threewood est sp\u00e9cialement con\u00e7u pour contenir la gamme de crayons Stockmar.\" \/>\n<meta property=\"og:url\" content=\"https:\/\/teiaeducation.ch\/fr\/produit\/porte-crayons-stockmar-en-bois-threewood-copy\/\" \/>\n<meta property=\"og:site_name\" content=\"Sustainable Educational Products &amp; Ecological Toys\u00a0\" \/>\n<meta property=\"article:publisher\" content=\"https:\/\/www.facebook.com\/teiaeducation\/\" \/>\n<meta property=\"article:modified_time\" content=\"2025-12-12T13:32:33+00:00\" \/>\n<meta property=\"og:image\" content=\"https:\/\/teiaeducation.ch\/wp-content\/uploads\/2023\/11\/Threewood-Waldorf-inspired-rectangular-wooden-holder-for-Stockmar-stick-and-block-crayons-1-1.jpg\" \/>\n\t<meta property=\"og:image:width\" content=\"1588\" \/>\n\t<meta property=\"og:image:height\" content=\"1367\" \/>\n\t<meta property=\"og:image:type\" content=\"image\/jpeg\" \/>\n<script type=\"application\/ld+json\" class=\"yoast-schema-graph\">{\"@context\":\"https:\/\/schema.org\",\"@graph\":[{\"@type\":\"WebPage\",\"@id\":\"https:\/\/teiaeducation.ch\/fr\/produit\/porte-crayons-stockmar-en-bois-threewood-copy\/\",\"url\":\"https:\/\/teiaeducation.ch\/fr\/produit\/porte-crayons-stockmar-en-bois-threewood-copy\/\",\"name\":\"Porte-crayons Stockmar en bois : rectangulaire - Threewood\",\"isPartOf\":{\"@id\":\"https:\/\/teiaeducation.ch\/fr\/#website\"},\"primaryImageOfPage\":{\"@id\":\"https:\/\/teiaeducation.ch\/fr\/produit\/porte-crayons-stockmar-en-bois-threewood-copy\/#primaryimage\"},\"image\":{\"@id\":\"https:\/\/teiaeducation.ch\/fr\/produit\/porte-crayons-stockmar-en-bois-threewood-copy\/#primaryimage\"},\"thumbnailUrl\":\"https:\/\/teiaeducation.ch\/wp-content\/uploads\/2023\/11\/Threewood-Waldorf-inspired-rectangular-wooden-holder-for-Stockmar-stick-and-block-crayons-1-1.jpg\",\"datePublished\":\"2023-11-14T08:39:11+00:00\",\"dateModified\":\"2025-12-12T13:32:33+00:00\",\"description\":\"La porte-crayons rectangulaire en bois de ch\u00eane naturel fabriqu\u00e9 \u00e0 la main par Threewood est sp\u00e9cialement con\u00e7u pour contenir la gamme de crayons Stockmar.\",\"breadcrumb\":{\"@id\":\"https:\/\/teiaeducation.ch\/fr\/produit\/porte-crayons-stockmar-en-bois-threewood-copy\/#breadcrumb\"},\"inLanguage\":\"fr-FR\",\"potentialAction\":[{\"@type\":\"ReadAction\",\"target\":[\"https:\/\/teiaeducation.ch\/fr\/produit\/porte-crayons-stockmar-en-bois-threewood-copy\/\"]}]},{\"@type\":\"ImageObject\",\"inLanguage\":\"fr-FR\",\"@id\":\"https:\/\/teiaeducation.ch\/fr\/produit\/porte-crayons-stockmar-en-bois-threewood-copy\/#primaryimage\",\"url\":\"https:\/\/teiaeducation.ch\/wp-content\/uploads\/2023\/11\/Threewood-Waldorf-inspired-rectangular-wooden-holder-for-Stockmar-stick-and-block-crayons-1-1.jpg\",\"contentUrl\":\"https:\/\/teiaeducation.ch\/wp-content\/uploads\/2023\/11\/Threewood-Waldorf-inspired-rectangular-wooden-holder-for-Stockmar-stick-and-block-crayons-1-1.jpg\",\"width\":1588,\"height\":1367,\"caption\":\"Threewood Waldorf inspired rectangular wooden holder for Stockmar stick and block crayons\"},{\"@type\":\"BreadcrumbList\",\"@id\":\"https:\/\/teiaeducation.ch\/fr\/produit\/porte-crayons-stockmar-en-bois-threewood-copy\/#breadcrumb\",\"itemListElement\":[{\"@type\":\"ListItem\",\"position\":1,\"name\":\"Home\",\"item\":\"https:\/\/teiaeducation.ch\/fr\/\"},{\"@type\":\"ListItem\",\"position\":2,\"name\":\"Boutique Teia Education &amp; Play\",\"item\":\"https:\/\/teiaeducation.ch\/fr\/boutique\/\"},{\"@type\":\"ListItem\",\"position\":3,\"name\":\"Nos Marques\",\"item\":\"https:\/\/teiaeducation.ch\/fr\/categorie-produit\/marques\/\"},{\"@type\":\"ListItem\",\"position\":4,\"name\":\"Threewood\",\"item\":\"https:\/\/teiaeducation.ch\/fr\/categorie-produit\/marques\/threewood-fr\/\"},{\"@type\":\"ListItem\",\"position\":5,\"name\":\"Porte-crayons Stockmar en bois : rectangulaire &#8211; Threewood\"}]},{\"@type\":\"WebSite\",\"@id\":\"https:\/\/teiaeducation.ch\/fr\/#website\",\"url\":\"https:\/\/teiaeducation.ch\/fr\/\",\"name\":\"Sustainable Educational Products &amp; Ecological Toys\u00a0\",\"description\":\"Specialised Swiss shop selling sustainable educational toys and games, AMI certified Montessori materials, handmade ecological wooden Waldorf toys and arts &amp; crafts supplies, school supplies, children&#039;s furniture and Montessori reference and parenting books.\",\"publisher\":{\"@id\":\"https:\/\/teiaeducation.ch\/fr\/#organization\"},\"alternateName\":\"Teia Education & Play\",\"potentialAction\":[{\"@type\":\"SearchAction\",\"target\":{\"@type\":\"EntryPoint\",\"urlTemplate\":\"https:\/\/teiaeducation.ch\/fr\/?s={search_term_string}\"},\"query-input\":{\"@type\":\"PropertyValueSpecification\",\"valueRequired\":true,\"valueName\":\"search_term_string\"}}],\"inLanguage\":\"fr-FR\"},{\"@type\":\"Organization\",\"@id\":\"https:\/\/teiaeducation.ch\/fr\/#organization\",\"name\":\"Teia Education & Play\",\"url\":\"https:\/\/teiaeducation.ch\/fr\/\",\"logo\":{\"@type\":\"ImageObject\",\"inLanguage\":\"fr-FR\",\"@id\":\"https:\/\/teiaeducation.ch\/fr\/#\/schema\/logo\/image\/\",\"url\":\"https:\/\/teiaeducation.ch\/wp-content\/uploads\/2020\/11\/Teia-Education-Switzerland-e1620156442216.jpg\",\"contentUrl\":\"https:\/\/teiaeducation.ch\/wp-content\/uploads\/2020\/11\/Teia-Education-Switzerland-e1620156442216.jpg\",\"width\":166,\"height\":145,\"caption\":\"Teia Education & Play\"},\"image\":{\"@id\":\"https:\/\/teiaeducation.ch\/fr\/#\/schema\/logo\/image\/\"},\"sameAs\":[\"https:\/\/www.facebook.com\/teiaeducation\/\",\"https:\/\/x.com\/EducationTeia\",\"https:\/\/www.instagram.com\/teia.education\/\",\"https:\/\/www.linkedin.com\/company\/35501660\",\"https:\/\/www.pinterest.ch\/TeiaEducation\/\"]}]}<\/script>\n<!-- \/ Yoast SEO plugin. -->","yoast_head_json":{"title":"Porte-crayons Stockmar en bois : rectangulaire - Threewood","description":"La porte-crayons rectangulaire en bois de ch\u00eane naturel fabriqu\u00e9 \u00e0 la main par Threewood est sp\u00e9cialement con\u00e7u pour contenir la gamme de crayons Stockmar.","robots":{"index":"index","follow":"follow","max-snippet":"max-snippet:-1","max-image-preview":"max-image-preview:large","max-video-preview":"max-video-preview:-1"},"canonical":"https:\/\/teiaeducation.ch\/fr\/produit\/porte-crayons-stockmar-en-bois-threewood-copy\/","og_locale":"fr_FR","og_type":"article","og_title":"Porte-crayons Stockmar en bois : rectangulaire - Threewood","og_description":"La porte-crayons rectangulaire en bois de ch\u00eane naturel fabriqu\u00e9 \u00e0 la main par Threewood est sp\u00e9cialement con\u00e7u pour contenir la gamme de crayons Stockmar.","og_url":"https:\/\/teiaeducation.ch\/fr\/produit\/porte-crayons-stockmar-en-bois-threewood-copy\/","og_site_name":"Sustainable Educational Products &amp; Ecological Toys\u00a0","article_publisher":"https:\/\/www.facebook.com\/teiaeducation\/","article_modified_time":"2025-12-12T13:32:33+00:00","og_image":[{"width":1588,"height":1367,"url":"https:\/\/teiaeducation.ch\/wp-content\/uploads\/2023\/11\/Threewood-Waldorf-inspired-rectangular-wooden-holder-for-Stockmar-stick-and-block-crayons-1-1.jpg","type":"image\/jpeg"}],"schema":{"@context":"https:\/\/schema.org","@graph":[{"@type":"WebPage","@id":"https:\/\/teiaeducation.ch\/fr\/produit\/porte-crayons-stockmar-en-bois-threewood-copy\/","url":"https:\/\/teiaeducation.ch\/fr\/produit\/porte-crayons-stockmar-en-bois-threewood-copy\/","name":"Porte-crayons Stockmar en bois : rectangulaire - Threewood","isPartOf":{"@id":"https:\/\/teiaeducation.ch\/fr\/#website"},"primaryImageOfPage":{"@id":"https:\/\/teiaeducation.ch\/fr\/produit\/porte-crayons-stockmar-en-bois-threewood-copy\/#primaryimage"},"image":{"@id":"https:\/\/teiaeducation.ch\/fr\/produit\/porte-crayons-stockmar-en-bois-threewood-copy\/#primaryimage"},"thumbnailUrl":"https:\/\/teiaeducation.ch\/wp-content\/uploads\/2023\/11\/Threewood-Waldorf-inspired-rectangular-wooden-holder-for-Stockmar-stick-and-block-crayons-1-1.jpg","datePublished":"2023-11-14T08:39:11+00:00","dateModified":"2025-12-12T13:32:33+00:00","description":"La porte-crayons rectangulaire en bois de ch\u00eane naturel fabriqu\u00e9 \u00e0 la main par Threewood est sp\u00e9cialement con\u00e7u pour contenir la gamme de crayons Stockmar.","breadcrumb":{"@id":"https:\/\/teiaeducation.ch\/fr\/produit\/porte-crayons-stockmar-en-bois-threewood-copy\/#breadcrumb"},"inLanguage":"fr-FR","potentialAction":[{"@type":"ReadAction","target":["https:\/\/teiaeducation.ch\/fr\/produit\/porte-crayons-stockmar-en-bois-threewood-copy\/"]}]},{"@type":"ImageObject","inLanguage":"fr-FR","@id":"https:\/\/teiaeducation.ch\/fr\/produit\/porte-crayons-stockmar-en-bois-threewood-copy\/#primaryimage","url":"https:\/\/teiaeducation.ch\/wp-content\/uploads\/2023\/11\/Threewood-Waldorf-inspired-rectangular-wooden-holder-for-Stockmar-stick-and-block-crayons-1-1.jpg","contentUrl":"https:\/\/teiaeducation.ch\/wp-content\/uploads\/2023\/11\/Threewood-Waldorf-inspired-rectangular-wooden-holder-for-Stockmar-stick-and-block-crayons-1-1.jpg","width":1588,"height":1367,"caption":"Threewood Waldorf inspired rectangular wooden holder for Stockmar stick and block crayons"},{"@type":"BreadcrumbList","@id":"https:\/\/teiaeducation.ch\/fr\/produit\/porte-crayons-stockmar-en-bois-threewood-copy\/#breadcrumb","itemListElement":[{"@type":"ListItem","position":1,"name":"Home","item":"https:\/\/teiaeducation.ch\/fr\/"},{"@type":"ListItem","position":2,"name":"Boutique Teia Education &amp; Play","item":"https:\/\/teiaeducation.ch\/fr\/boutique\/"},{"@type":"ListItem","position":3,"name":"Nos Marques","item":"https:\/\/teiaeducation.ch\/fr\/categorie-produit\/marques\/"},{"@type":"ListItem","position":4,"name":"Threewood","item":"https:\/\/teiaeducation.ch\/fr\/categorie-produit\/marques\/threewood-fr\/"},{"@type":"ListItem","position":5,"name":"Porte-crayons Stockmar en bois : rectangulaire &#8211; Threewood"}]},{"@type":"WebSite","@id":"https:\/\/teiaeducation.ch\/fr\/#website","url":"https:\/\/teiaeducation.ch\/fr\/","name":"Sustainable Educational Products &amp; Ecological Toys\u00a0","description":"Specialised Swiss shop selling sustainable educational toys and games, AMI certified Montessori materials, handmade ecological wooden Waldorf toys and arts &amp; crafts supplies, school supplies, children&#039;s furniture and Montessori reference and parenting books.","publisher":{"@id":"https:\/\/teiaeducation.ch\/fr\/#organization"},"alternateName":"Teia Education & Play","potentialAction":[{"@type":"SearchAction","target":{"@type":"EntryPoint","urlTemplate":"https:\/\/teiaeducation.ch\/fr\/?s={search_term_string}"},"query-input":{"@type":"PropertyValueSpecification","valueRequired":true,"valueName":"search_term_string"}}],"inLanguage":"fr-FR"},{"@type":"Organization","@id":"https:\/\/teiaeducation.ch\/fr\/#organization","name":"Teia Education & Play","url":"https:\/\/teiaeducation.ch\/fr\/","logo":{"@type":"ImageObject","inLanguage":"fr-FR","@id":"https:\/\/teiaeducation.ch\/fr\/#\/schema\/logo\/image\/","url":"https:\/\/teiaeducation.ch\/wp-content\/uploads\/2020\/11\/Teia-Education-Switzerland-e1620156442216.jpg","contentUrl":"https:\/\/teiaeducation.ch\/wp-content\/uploads\/2020\/11\/Teia-Education-Switzerland-e1620156442216.jpg","width":166,"height":145,"caption":"Teia Education & Play"},"image":{"@id":"https:\/\/teiaeducation.ch\/fr\/#\/schema\/logo\/image\/"},"sameAs":["https:\/\/www.facebook.com\/teiaeducation\/","https:\/\/x.com\/EducationTeia","https:\/\/www.instagram.com\/teia.education\/","https:\/\/www.linkedin.com\/company\/35501660","https:\/\/www.pinterest.ch\/TeiaEducation\/"]}]}},"_links":{"self":[{"href":"https:\/\/teiaeducation.ch\/fr\/wp-json\/wp\/v2\/product\/57223","targetHints":{"allow":["GET"]}}],"collection":[{"href":"https:\/\/teiaeducation.ch\/fr\/wp-json\/wp\/v2\/product"}],"about":[{"href":"https:\/\/teiaeducation.ch\/fr\/wp-json\/wp\/v2\/types\/product"}],"replies":[{"embeddable":true,"href":"https:\/\/teiaeducation.ch\/fr\/wp-json\/wp\/v2\/comments?post=57223"}],"wp:featuredmedia":[{"embeddable":true,"href":"https:\/\/teiaeducation.ch\/fr\/wp-json\/wp\/v2\/media\/57239"}],"wp:attachment":[{"href":"https:\/\/teiaeducation.ch\/fr\/wp-json\/wp\/v2\/media?parent=57223"}],"wp:term":[{"taxonomy":"product_brand","embeddable":true,"href":"https:\/\/teiaeducation.ch\/fr\/wp-json\/wp\/v2\/product_brand?post=57223"},{"taxonomy":"product_cat","embeddable":true,"href":"https:\/\/teiaeducation.ch\/fr\/wp-json\/wp\/v2\/product_cat?post=57223"},{"taxonomy":"product_tag","embeddable":true,"href":"https:\/\/teiaeducation.ch\/fr\/wp-json\/wp\/v2\/product_tag?post=57223"}],"curies":[{"name":"wp","href":"https:\/\/api.w.org\/{rel}","templated":true}]}}