{"id":61616,"date":"2024-08-19T14:43:25","date_gmt":"2024-08-19T12:43:25","guid":{"rendered":"https:\/\/teiaeducation.ch\/?post_type=product&#038;p=61616"},"modified":"2025-12-16T14:03:59","modified_gmt":"2025-12-16T13:03:59","slug":"childrens-montessori-knife-klyv-in-aqua-skagfa","status":"publish","type":"product","link":"https:\/\/teiaeducation.ch\/fr\/produit\/childrens-montessori-knife-klyv-in-aqua-skagfa\/","title":{"rendered":"Children&#8217;s Montessori knife Klyv in Aqua &#8211; SK\u00c5GF\u00c4"},"content":{"rendered":"<p>The beautifully designed children&#8217;s knife Klyv from SK\u00c5GF\u00c4 with a finish in aqua is a very handy and high quality Montessori style knife!<\/p>\n<p>The Klyv children&#8217;s knife is an ideal tool for <a href=\"https:\/\/teiaeducation.ch\/product-category\/education-method\/the-montessori-pedagogy-materials-toys\/\">Montessori<\/a> activities and letting children safely help in the kitchen. The clever ergonomic design makes it an easy beginner&#8217;s knife for children to use. It makes the perfect vegetable and fruit cutter. This child-safe knive gives parents peace of mind and allows children to safely learn to participate in meal preparation and cut fruits and vegetables. It also help develop independence and enhance<a href=\"https:\/\/teiaeducation.ch\/product-category\/learning-themes\/sensory-motor-skills\/motor-skills\/\"> fine motor skills<\/a>.<\/p>\n<p>The super quality and finish sets this Montessori children&#8217;s knife apart. It is designed and hand-finished in Spain in small quantities.<\/p>\n<p>The SK\u00c5GF\u00c4 children&#8217;s knife Klyv measures approx 18 x 16 x 3cm and is made from non-sharp stainless steel, is BPA and Phthalates Free and has a 30% wheat handle. The eco-friendly, modern packaging makes the Klyv children&#8217;s wooden knife an ideal <a href=\"https:\/\/teiaeducation.ch\/product-category\/gifts-guides\/gift-guide-educational-toys\/\">gift<\/a> for Montessori children!<\/p>\n<p>CARE:<br \/>\n&#8211; Dishwasher safe.<br \/>\n&#8211; Allow to dry completely before using again.<br \/>\n&#8211; Store in a dry place.<\/p>\n<p>SAFETY:<br \/>\n&#8211; Do not put in microwave.<br \/>\n&#8211; Keep away from heat sources.<\/p>\n<p>The SK\u00c5GF\u00c4 children&#8217;s Klyv knife in aqua is suitable for children from 3 years or age 2 under adult supervision.<\/p>\n<p>Contents:<\/p>\n<p>1 children&#8217;s knife in aqua<\/p>\n<h2>About SK\u00c5GF\u00c4<\/h2>\n<p><a href=\"https:\/\/teiaeducation.ch\/product-category\/brands\/skagfa\/\">SK\u00c5GF\u00c4<\/a> is a Scandinavian and Mediterranean design house specialising in minimalist simplicity of lines and fusion of colours, combined with great functionality and high quality. Their beautiful children&#8217;s products include <a href=\"https:\/\/teiaeducation.ch\/product-category\/hgh-quality-toys-play\/montessori-toys\/\">Montessori<\/a>-inspired tools that let children join in and be self-sufficient. Using only top-quality, non-toxic materials, all products are hand finished in small quantities in Spain.<\/p>\n","protected":false},"excerpt":{"rendered":"<p>Item number: SK004K<\/p>\n<p>The SK\u00c5GF\u00c4 Montessori style children&#8217;s knife Klyv with an aqua finish is a handy tool for learning to cut safely and independence! Hand finished in Spain.<\/p>\n","protected":false},"featured_media":61617,"comment_status":"open","ping_status":"closed","template":"","meta":[],"product_brand":[32353],"product_cat":[96,97,119,7061,14953,21253,8257,8258,10293,121,8261,22180,5155,120,10283,95,10300,22212,869,871],"product_tag":[22218,22217,29494,29504,22213,29495,366,29500,22221,29496,22215,29503,29497,29499,29498,22222,22214,29501,22216,29502,22219],"class_list":{"0":"post-61616","1":"product","2":"type-product","3":"status-publish","4":"has-post-thumbnail","6":"product_brand-skagfa","7":"product_cat-3-6-years-preschool","8":"product_cat-6-12-years-primary","9":"product_cat-age-range","10":"product_cat-learning-materials-toys-montessori-waldorf-froebel","11":"product_cat-gift-guide-3-6-years-preschool","12":"product_cat-gifts-guides","13":"product_cat-homeschool-supplies","14":"product_cat-3-6-years-homeschooling-supplies","15":"product_cat-imaginative-role-play","16":"product_cat-learning-themes","17":"product_cat-montessori-homeschool-materials","18":"product_cat-montessori-toys","19":"product_cat-new-arrivals","20":"product_cat-brands","21":"product_cat-hgh-quality-toys-play","22":"product_cat-practical-life-exercises","23":"product_cat-sensory-play","24":"product_cat-skagfa","25":"product_cat-the-montessori-pedagogy-materials-toys","26":"product_cat-traditional-education-materials-toys","27":"product_tag-childrens-fruit-cutter","28":"product_tag-childrens-knife","29":"product_tag-childrens-knife-montessori","30":"product_tag-childrens-montessori-knife-skagfa","31":"product_tag-childrens-wooden-knife","32":"product_tag-childrens-wooden-knife-montessori","33":"product_tag-montessori","34":"product_tag-montessori-cutting-utensil","35":"product_tag-montessori-kitchen-tools","36":"product_tag-montessori-kitchen-toolsr-wood","37":"product_tag-montessori-knife","38":"product_tag-montessori-knife-skagfa-klyv","39":"product_tag-montessori-knife-wood","40":"product_tag-montessori-tools-cutting","41":"product_tag-montessori-tools-wood","42":"product_tag-montessori-utensils","43":"product_tag-skagfa","44":"product_tag-skagfa-wooden-knife","45":"product_tag-wooden-montessori-knife","46":"product_tag-wooden-montessori-knife-skagfa","47":"product_tag-wooden-safety-knife","49":"first","50":"instock","51":"taxable","52":"shipping-taxable","53":"purchasable","54":"product-type-simple"},"yoast_head":"<!-- This site is optimized with the Yoast SEO plugin v27.1.1 - https:\/\/yoast.com\/product\/yoast-seo-wordpress\/ -->\n<title>Children&#039;s Montessori knife Klyv in Aqua - SK\u00c5GF\u00c4<\/title>\n<meta name=\"description\" content=\"The SK\u00c5GF\u00c4 Montessori style children&#039;s knife Klyv with an aqua finish is a handy tool for learning to cut safely and independence. Hand finished in Spain.\" \/>\n<meta name=\"robots\" content=\"index, follow, max-snippet:-1, max-image-preview:large, max-video-preview:-1\" \/>\n<link rel=\"canonical\" href=\"https:\/\/teiaeducation.ch\/fr\/produit\/childrens-montessori-knife-klyv-in-aqua-skagfa\/\" \/>\n<meta property=\"og:locale\" content=\"fr_FR\" \/>\n<meta property=\"og:type\" content=\"article\" \/>\n<meta property=\"og:title\" content=\"Children&#039;s Montessori knife Klyv in Aqua - SK\u00c5GF\u00c4\" \/>\n<meta property=\"og:description\" content=\"The SK\u00c5GF\u00c4 Montessori style children&#039;s knife Klyv with an aqua finish is a handy tool for learning to cut safely and independence. Hand finished in Spain.\" \/>\n<meta property=\"og:url\" content=\"https:\/\/teiaeducation.ch\/fr\/produit\/childrens-montessori-knife-klyv-in-aqua-skagfa\/\" \/>\n<meta property=\"og:site_name\" content=\"Sustainable Educational Products &amp; Ecological Toys\u00a0\" \/>\n<meta property=\"article:publisher\" content=\"https:\/\/www.facebook.com\/teiaeducation\/\" \/>\n<meta property=\"article:modified_time\" content=\"2025-12-16T13:03:59+00:00\" \/>\n<meta property=\"og:image\" content=\"https:\/\/teiaeducation.ch\/wp-content\/uploads\/2024\/08\/Montessori-style-childrens-klyv-knife-aqua-SKAGFA.webp\" \/>\n\t<meta property=\"og:image:width\" content=\"1012\" \/>\n\t<meta property=\"og:image:height\" content=\"1350\" \/>\n\t<meta property=\"og:image:type\" content=\"image\/webp\" \/>\n<script type=\"application\/ld+json\" class=\"yoast-schema-graph\">{\"@context\":\"https:\/\/schema.org\",\"@graph\":[{\"@type\":\"WebPage\",\"@id\":\"https:\/\/teiaeducation.ch\/fr\/produit\/childrens-montessori-knife-klyv-in-aqua-skagfa\/\",\"url\":\"https:\/\/teiaeducation.ch\/fr\/produit\/childrens-montessori-knife-klyv-in-aqua-skagfa\/\",\"name\":\"Children's Montessori knife Klyv in Aqua - SK\u00c5GF\u00c4\",\"isPartOf\":{\"@id\":\"https:\/\/teiaeducation.ch\/fr\/#website\"},\"primaryImageOfPage\":{\"@id\":\"https:\/\/teiaeducation.ch\/fr\/produit\/childrens-montessori-knife-klyv-in-aqua-skagfa\/#primaryimage\"},\"image\":{\"@id\":\"https:\/\/teiaeducation.ch\/fr\/produit\/childrens-montessori-knife-klyv-in-aqua-skagfa\/#primaryimage\"},\"thumbnailUrl\":\"https:\/\/teiaeducation.ch\/wp-content\/uploads\/2024\/08\/Montessori-style-childrens-klyv-knife-aqua-SKAGFA.webp\",\"datePublished\":\"2024-08-19T12:43:25+00:00\",\"dateModified\":\"2025-12-16T13:03:59+00:00\",\"description\":\"The SK\u00c5GF\u00c4 Montessori style children's knife Klyv with an aqua finish is a handy tool for learning to cut safely and independence. Hand finished in Spain.\",\"breadcrumb\":{\"@id\":\"https:\/\/teiaeducation.ch\/fr\/produit\/childrens-montessori-knife-klyv-in-aqua-skagfa\/#breadcrumb\"},\"inLanguage\":\"fr-FR\",\"potentialAction\":[{\"@type\":\"ReadAction\",\"target\":[\"https:\/\/teiaeducation.ch\/fr\/produit\/childrens-montessori-knife-klyv-in-aqua-skagfa\/\"]}]},{\"@type\":\"ImageObject\",\"inLanguage\":\"fr-FR\",\"@id\":\"https:\/\/teiaeducation.ch\/fr\/produit\/childrens-montessori-knife-klyv-in-aqua-skagfa\/#primaryimage\",\"url\":\"https:\/\/teiaeducation.ch\/wp-content\/uploads\/2024\/08\/Montessori-style-childrens-klyv-knife-aqua-SKAGFA.webp\",\"contentUrl\":\"https:\/\/teiaeducation.ch\/wp-content\/uploads\/2024\/08\/Montessori-style-childrens-klyv-knife-aqua-SKAGFA.webp\",\"width\":1012,\"height\":1350,\"caption\":\"Montessori-style children's klyv knife aqua SKA\u030aGFA\u0308\"},{\"@type\":\"BreadcrumbList\",\"@id\":\"https:\/\/teiaeducation.ch\/fr\/produit\/childrens-montessori-knife-klyv-in-aqua-skagfa\/#breadcrumb\",\"itemListElement\":[{\"@type\":\"ListItem\",\"position\":1,\"name\":\"Home\",\"item\":\"https:\/\/teiaeducation.ch\/fr\/\"},{\"@type\":\"ListItem\",\"position\":2,\"name\":\"Boutique Teia Education &amp; Play\",\"item\":\"https:\/\/teiaeducation.ch\/fr\/boutique\/\"},{\"@type\":\"ListItem\",\"position\":3,\"name\":\"Nos Marques\",\"item\":\"https:\/\/teiaeducation.ch\/fr\/categorie-produit\/marques\/\"},{\"@type\":\"ListItem\",\"position\":4,\"name\":\"SK\u00c5GF\u00c4\",\"item\":\"https:\/\/teiaeducation.ch\/fr\/categorie-produit\/marques\/skagfa-fr\/\"},{\"@type\":\"ListItem\",\"position\":5,\"name\":\"Children&#8217;s Montessori knife Klyv in Aqua &#8211; SK\u00c5GF\u00c4\"}]},{\"@type\":\"WebSite\",\"@id\":\"https:\/\/teiaeducation.ch\/fr\/#website\",\"url\":\"https:\/\/teiaeducation.ch\/fr\/\",\"name\":\"Sustainable Educational Products &amp; Ecological Toys\u00a0\",\"description\":\"Specialised Swiss shop selling sustainable educational toys and games, AMI certified Montessori materials, handmade ecological wooden Waldorf toys and arts &amp; crafts supplies, school supplies, children&#039;s furniture and Montessori reference and parenting books.\",\"publisher\":{\"@id\":\"https:\/\/teiaeducation.ch\/fr\/#organization\"},\"alternateName\":\"Teia Education & Play\",\"potentialAction\":[{\"@type\":\"SearchAction\",\"target\":{\"@type\":\"EntryPoint\",\"urlTemplate\":\"https:\/\/teiaeducation.ch\/fr\/?s={search_term_string}\"},\"query-input\":{\"@type\":\"PropertyValueSpecification\",\"valueRequired\":true,\"valueName\":\"search_term_string\"}}],\"inLanguage\":\"fr-FR\"},{\"@type\":\"Organization\",\"@id\":\"https:\/\/teiaeducation.ch\/fr\/#organization\",\"name\":\"Teia Education & Play\",\"url\":\"https:\/\/teiaeducation.ch\/fr\/\",\"logo\":{\"@type\":\"ImageObject\",\"inLanguage\":\"fr-FR\",\"@id\":\"https:\/\/teiaeducation.ch\/fr\/#\/schema\/logo\/image\/\",\"url\":\"https:\/\/teiaeducation.ch\/wp-content\/uploads\/2020\/11\/Teia-Education-Switzerland-e1620156442216.jpg\",\"contentUrl\":\"https:\/\/teiaeducation.ch\/wp-content\/uploads\/2020\/11\/Teia-Education-Switzerland-e1620156442216.jpg\",\"width\":166,\"height\":145,\"caption\":\"Teia Education & Play\"},\"image\":{\"@id\":\"https:\/\/teiaeducation.ch\/fr\/#\/schema\/logo\/image\/\"},\"sameAs\":[\"https:\/\/www.facebook.com\/teiaeducation\/\",\"https:\/\/x.com\/EducationTeia\",\"https:\/\/www.instagram.com\/teia.education\/\",\"https:\/\/www.linkedin.com\/company\/35501660\",\"https:\/\/www.pinterest.ch\/TeiaEducation\/\"]}]}<\/script>\n<!-- \/ Yoast SEO plugin. -->","yoast_head_json":{"title":"Children's Montessori knife Klyv in Aqua - SK\u00c5GF\u00c4","description":"The SK\u00c5GF\u00c4 Montessori style children's knife Klyv with an aqua finish is a handy tool for learning to cut safely and independence. Hand finished in Spain.","robots":{"index":"index","follow":"follow","max-snippet":"max-snippet:-1","max-image-preview":"max-image-preview:large","max-video-preview":"max-video-preview:-1"},"canonical":"https:\/\/teiaeducation.ch\/fr\/produit\/childrens-montessori-knife-klyv-in-aqua-skagfa\/","og_locale":"fr_FR","og_type":"article","og_title":"Children's Montessori knife Klyv in Aqua - SK\u00c5GF\u00c4","og_description":"The SK\u00c5GF\u00c4 Montessori style children's knife Klyv with an aqua finish is a handy tool for learning to cut safely and independence. Hand finished in Spain.","og_url":"https:\/\/teiaeducation.ch\/fr\/produit\/childrens-montessori-knife-klyv-in-aqua-skagfa\/","og_site_name":"Sustainable Educational Products &amp; Ecological Toys\u00a0","article_publisher":"https:\/\/www.facebook.com\/teiaeducation\/","article_modified_time":"2025-12-16T13:03:59+00:00","og_image":[{"width":1012,"height":1350,"url":"https:\/\/teiaeducation.ch\/wp-content\/uploads\/2024\/08\/Montessori-style-childrens-klyv-knife-aqua-SKAGFA.webp","type":"image\/webp"}],"schema":{"@context":"https:\/\/schema.org","@graph":[{"@type":"WebPage","@id":"https:\/\/teiaeducation.ch\/fr\/produit\/childrens-montessori-knife-klyv-in-aqua-skagfa\/","url":"https:\/\/teiaeducation.ch\/fr\/produit\/childrens-montessori-knife-klyv-in-aqua-skagfa\/","name":"Children's Montessori knife Klyv in Aqua - SK\u00c5GF\u00c4","isPartOf":{"@id":"https:\/\/teiaeducation.ch\/fr\/#website"},"primaryImageOfPage":{"@id":"https:\/\/teiaeducation.ch\/fr\/produit\/childrens-montessori-knife-klyv-in-aqua-skagfa\/#primaryimage"},"image":{"@id":"https:\/\/teiaeducation.ch\/fr\/produit\/childrens-montessori-knife-klyv-in-aqua-skagfa\/#primaryimage"},"thumbnailUrl":"https:\/\/teiaeducation.ch\/wp-content\/uploads\/2024\/08\/Montessori-style-childrens-klyv-knife-aqua-SKAGFA.webp","datePublished":"2024-08-19T12:43:25+00:00","dateModified":"2025-12-16T13:03:59+00:00","description":"The SK\u00c5GF\u00c4 Montessori style children's knife Klyv with an aqua finish is a handy tool for learning to cut safely and independence. Hand finished in Spain.","breadcrumb":{"@id":"https:\/\/teiaeducation.ch\/fr\/produit\/childrens-montessori-knife-klyv-in-aqua-skagfa\/#breadcrumb"},"inLanguage":"fr-FR","potentialAction":[{"@type":"ReadAction","target":["https:\/\/teiaeducation.ch\/fr\/produit\/childrens-montessori-knife-klyv-in-aqua-skagfa\/"]}]},{"@type":"ImageObject","inLanguage":"fr-FR","@id":"https:\/\/teiaeducation.ch\/fr\/produit\/childrens-montessori-knife-klyv-in-aqua-skagfa\/#primaryimage","url":"https:\/\/teiaeducation.ch\/wp-content\/uploads\/2024\/08\/Montessori-style-childrens-klyv-knife-aqua-SKAGFA.webp","contentUrl":"https:\/\/teiaeducation.ch\/wp-content\/uploads\/2024\/08\/Montessori-style-childrens-klyv-knife-aqua-SKAGFA.webp","width":1012,"height":1350,"caption":"Montessori-style children's klyv knife aqua SKA\u030aGFA\u0308"},{"@type":"BreadcrumbList","@id":"https:\/\/teiaeducation.ch\/fr\/produit\/childrens-montessori-knife-klyv-in-aqua-skagfa\/#breadcrumb","itemListElement":[{"@type":"ListItem","position":1,"name":"Home","item":"https:\/\/teiaeducation.ch\/fr\/"},{"@type":"ListItem","position":2,"name":"Boutique Teia Education &amp; Play","item":"https:\/\/teiaeducation.ch\/fr\/boutique\/"},{"@type":"ListItem","position":3,"name":"Nos Marques","item":"https:\/\/teiaeducation.ch\/fr\/categorie-produit\/marques\/"},{"@type":"ListItem","position":4,"name":"SK\u00c5GF\u00c4","item":"https:\/\/teiaeducation.ch\/fr\/categorie-produit\/marques\/skagfa-fr\/"},{"@type":"ListItem","position":5,"name":"Children&#8217;s Montessori knife Klyv in Aqua &#8211; SK\u00c5GF\u00c4"}]},{"@type":"WebSite","@id":"https:\/\/teiaeducation.ch\/fr\/#website","url":"https:\/\/teiaeducation.ch\/fr\/","name":"Sustainable Educational Products &amp; Ecological Toys\u00a0","description":"Specialised Swiss shop selling sustainable educational toys and games, AMI certified Montessori materials, handmade ecological wooden Waldorf toys and arts &amp; crafts supplies, school supplies, children&#039;s furniture and Montessori reference and parenting books.","publisher":{"@id":"https:\/\/teiaeducation.ch\/fr\/#organization"},"alternateName":"Teia Education & Play","potentialAction":[{"@type":"SearchAction","target":{"@type":"EntryPoint","urlTemplate":"https:\/\/teiaeducation.ch\/fr\/?s={search_term_string}"},"query-input":{"@type":"PropertyValueSpecification","valueRequired":true,"valueName":"search_term_string"}}],"inLanguage":"fr-FR"},{"@type":"Organization","@id":"https:\/\/teiaeducation.ch\/fr\/#organization","name":"Teia Education & Play","url":"https:\/\/teiaeducation.ch\/fr\/","logo":{"@type":"ImageObject","inLanguage":"fr-FR","@id":"https:\/\/teiaeducation.ch\/fr\/#\/schema\/logo\/image\/","url":"https:\/\/teiaeducation.ch\/wp-content\/uploads\/2020\/11\/Teia-Education-Switzerland-e1620156442216.jpg","contentUrl":"https:\/\/teiaeducation.ch\/wp-content\/uploads\/2020\/11\/Teia-Education-Switzerland-e1620156442216.jpg","width":166,"height":145,"caption":"Teia Education & Play"},"image":{"@id":"https:\/\/teiaeducation.ch\/fr\/#\/schema\/logo\/image\/"},"sameAs":["https:\/\/www.facebook.com\/teiaeducation\/","https:\/\/x.com\/EducationTeia","https:\/\/www.instagram.com\/teia.education\/","https:\/\/www.linkedin.com\/company\/35501660","https:\/\/www.pinterest.ch\/TeiaEducation\/"]}]}},"_links":{"self":[{"href":"https:\/\/teiaeducation.ch\/fr\/wp-json\/wp\/v2\/product\/61616","targetHints":{"allow":["GET"]}}],"collection":[{"href":"https:\/\/teiaeducation.ch\/fr\/wp-json\/wp\/v2\/product"}],"about":[{"href":"https:\/\/teiaeducation.ch\/fr\/wp-json\/wp\/v2\/types\/product"}],"replies":[{"embeddable":true,"href":"https:\/\/teiaeducation.ch\/fr\/wp-json\/wp\/v2\/comments?post=61616"}],"wp:featuredmedia":[{"embeddable":true,"href":"https:\/\/teiaeducation.ch\/fr\/wp-json\/wp\/v2\/media\/61617"}],"wp:attachment":[{"href":"https:\/\/teiaeducation.ch\/fr\/wp-json\/wp\/v2\/media?parent=61616"}],"wp:term":[{"taxonomy":"product_brand","embeddable":true,"href":"https:\/\/teiaeducation.ch\/fr\/wp-json\/wp\/v2\/product_brand?post=61616"},{"taxonomy":"product_cat","embeddable":true,"href":"https:\/\/teiaeducation.ch\/fr\/wp-json\/wp\/v2\/product_cat?post=61616"},{"taxonomy":"product_tag","embeddable":true,"href":"https:\/\/teiaeducation.ch\/fr\/wp-json\/wp\/v2\/product_tag?post=61616"}],"curies":[{"name":"wp","href":"https:\/\/api.w.org\/{rel}","templated":true}]}}