{"id":62463,"date":"2024-08-30T14:05:33","date_gmt":"2024-08-30T12:05:34","guid":{"rendered":"https:\/\/teiaeducation.ch\/?post_type=product&#038;p=62463"},"modified":"2025-01-17T09:25:07","modified_gmt":"2025-01-17T08:25:07","slug":"bougies-100-cire-dabeille-creme-20-grimms","status":"publish","type":"product","link":"https:\/\/teiaeducation.ch\/fr\/produit\/bougies-100-cire-dabeille-creme-20-grimms\/","title":{"rendered":"Bougies 100% cire d&#8217;abeille cr\u00e8me (12) &#8211; Grimm&#8217;s"},"content":{"rendered":"<p>Cet ensemble de haute qualit\u00e9 de Grimm&#8217;s contient 20 bougies d&#8217;anniversaire de couleur cr\u00e8me de notre collection de <a href=\"https:\/\/teiaeducation.ch\/fr\/categorie-produit\/celebrations-fr\/\">c\u00e9l\u00e9brations<\/a>\u00a0est fait \u00e0 la main et en Allemagne \u00e0 partir de 100% de cire d&#8217;abeille pure &#8211; chaque bougie mesure 10cm de haut.<\/p>\n<p>Les bougies sont parfaites pour transformer votre anneau d&#8217;anniversaire, votre anneau de <a href=\"https:\/\/teiaeducation.ch\/fr\/categorie-produit\/celebrations-fr\/rituels-avent\/\">l&#8217;Avent<\/a> de No\u00ebl ou votre anneau des f\u00eates de <a href=\"https:\/\/teiaeducation.ch\/fr\/categorie-produit\/methode-deducation\/waldorf-fr\/\">Waldorf<\/a> en un bougeoir. La bougie s&#8217;adapte \u00e0 n&#8217;importe quel anneau de c\u00e9l\u00e9bration, spirale d&#8217;anniversaire et spirale de l&#8217;Avent de Grimm&#8217;s Spiel und Holz &#8211; et est garantie de devenir une partie du rituel annuel de votre enfant.<\/p>\n<p>Les bougies ont \u00e9t\u00e9 con\u00e7ues pour s&#8217;adapter \u00e0 notre <a href=\"https:\/\/teiaeducation.ch\/fr\/produit\/support-de-bougie-en-laiton-gluckskafer-copy\/\">support de bougie<\/a>, ce qui garantit que la bougie br\u00fble en toute s\u00e9curit\u00e9.<\/p>\n<p>Vendu individuellement. Veuillez noter que les bougies ne tiennent pas dans les diff\u00e9rents anneaux et spirales sans le support.<\/p>\n<p>Les bougies en cire d&#8217;abeille de Grimm&#8217;s sont fabriqu\u00e9es en Allemagne.<\/p>\n<p>Avertissement! Il s\u2019agit d\u2019un \u00e9l\u00e9ment d\u00e9coratif et ce n\u2019est pas adapt\u00e9 pour jouer. Les bougies peuvent br\u00fbler le support en bois utilis\u00e9 en conjonction comme l\u2019anneau de c\u00e9l\u00e9bration si elles sont laiss\u00e9es sans surveillance. Veuillez toujours faire preuve de prudence lors de la combustion des bougies.<\/p>\n<p>Pour plus de s\u00e9curit\u00e9 si vous utilisez des bougies, veuillez utiliser des bougeoirs et vous assurer qu\u2019il n\u2019y a pas de papier ni de figure d\u00e9corative pr\u00e8s des flammes. Ce produit convient aux enfants de 14 ans et plus.<\/p>\n<p>Contenu :<\/p>\n<p>20 bougies en 100% cire d&#8217;abeille<\/p>\n<h2>\u00c0 propos de Grimm&#8217;s<\/h2>\n<p>Id\u00e9aux pour la maison, la cr\u00e8che, Waldorf ou <a href=\"https:\/\/teiaeducation.ch\/fr\/fournitures-pour-les-ecoles-waldorf-steiner\/\">l\u2019\u00e9cole Rudolf Steiner<\/a>, les magnifiques <a href=\"https:\/\/teiaeducation.ch\/fr\/categorie-produit\/jouer\/jouets-en-bois\/\">jouets en bois<\/a> naturel de <a href=\"https:\/\/teiaeducation.ch\/fr\/categorie-produit\/marques\/grimms-fr\/\">Grimm&#8217;s<\/a> sont fabriqu\u00e9s selon la philosophie <a href=\"https:\/\/teiaeducation.ch\/fr\/categorie-produit\/jouer\/jouets-waldorf\/\">Waldorf<\/a> qui est bien connue pour encourager les enfants \u00e0 d\u00e9couvrir le jeu cr\u00e9atif de fa\u00e7on ind\u00e9pendante, sans limitations \u00e0 un rythme. Les jouets en bois de Grimm&#8217;s sont color\u00e9s \u00e0 la main avec des peintures \u00e0 base d\u2019eau non toxiques et ne sont pas finis avec de la laque pour assurer les caract\u00e9ristiques originales du bois et pour qu&#8217;on puisse voir le grain \u00e0 travers. La surface des morceaux de bois europ\u00e9ens certifi\u00e9s FSC est laiss\u00e9e l\u00e9g\u00e8rement rugueuse, ce qui les rend plus facilement empilables et moins glissants.<\/p>\n<p>Les jouets en bois de Grimm&#8217;s sont fabriqu\u00e9s dans les installations de Grimm&#8217;s en Allemagne ainsi que dans plusieurs ateliers \u00e0 travers l\u2019Europe \u00e0 partir de diff\u00e9rents types de bois tels que l\u2019aulne, la chaux, le h\u00eatre et l\u2019\u00e9rable. Tout le bois utilis\u00e9 pour fabriquer les jouets de Grimm&#8217;s provient de for\u00eats europ\u00e9ennes g\u00e9r\u00e9es de mani\u00e8re durable.<\/p>\n<p>Veuillez noter que les jouets de Grimm&#8217;s sont toujours uniques, et portent des marques uniques faites par la <a href=\"https:\/\/teiaeducation.ch\/fr\/categorie-produit\/jouer\/jeu-de-la-nature\/\">nature<\/a>. Le grain de bois a des structures et des couleurs changeantes qui servent de preuve de ses origines naturelles. Les variations uniques, les marques, les noeuds, les motifs, les rayures noires ou les taches sombres qui peuvent \u00eatre visibles dans le bois d\u2019un jouet de Grimm&#8217;s sont une preuve de qualit\u00e9, et non des d\u00e9fauts.<\/p>\n","protected":false},"excerpt":{"rendered":"<p>Num\u00e9ro d&#8217;article: gri05100<\/p>\n<p>Les bougies de couleur cr\u00e8me Grimm&#8217;s \u00e0 partir de cire d&#8217;abeille 100% pure, transforment les anneaux d&#8217;anniversaire et de l&#8217;Avent en chandelier !<\/p>\n","protected":false},"featured_media":62474,"comment_status":"open","ping_status":"closed","template":"","meta":[],"product_brand":[],"product_cat":[15],"product_tag":[],"class_list":{"0":"post-62463","1":"product","2":"type-product","3":"status-publish","4":"has-post-thumbnail","6":"product_cat-uncategorized","8":"first","9":"outofstock","10":"taxable","11":"shipping-taxable","12":"purchasable","13":"product-type-simple"},"yoast_head":"<!-- This site is optimized with the Yoast SEO plugin v27.1.1 - https:\/\/yoast.com\/product\/yoast-seo-wordpress\/ -->\n<title>Bougies 100% cire d&#039;abeille cr\u00e8me (20) - Grimm&#039;s<\/title>\n<meta name=\"description\" content=\"Les bougies de couleur cr\u00e8me Grimm&#039;s \u00e0 partir de cire d&#039;abeille 100% pure, transforment les anneaux d&#039;anniversaire et de l&#039;Avent en chandelier !\" \/>\n<meta name=\"robots\" content=\"index, follow, max-snippet:-1, max-image-preview:large, max-video-preview:-1\" \/>\n<link rel=\"canonical\" href=\"https:\/\/teiaeducation.ch\/fr\/produit\/bougies-100-cire-dabeille-creme-20-grimms\/\" \/>\n<meta property=\"og:locale\" content=\"fr_FR\" \/>\n<meta property=\"og:type\" content=\"article\" \/>\n<meta property=\"og:title\" content=\"Bougies 100% cire d&#039;abeille cr\u00e8me (20) - Grimm&#039;s\" \/>\n<meta property=\"og:description\" content=\"Les bougies de couleur cr\u00e8me Grimm&#039;s \u00e0 partir de cire d&#039;abeille 100% pure, transforment les anneaux d&#039;anniversaire et de l&#039;Avent en chandelier !\" \/>\n<meta property=\"og:url\" content=\"https:\/\/teiaeducation.ch\/fr\/produit\/bougies-100-cire-dabeille-creme-20-grimms\/\" \/>\n<meta property=\"og:site_name\" content=\"Sustainable Educational Products &amp; Ecological Toys\u00a0\" \/>\n<meta property=\"article:publisher\" content=\"https:\/\/www.facebook.com\/teiaeducation\/\" \/>\n<meta property=\"article:modified_time\" content=\"2025-01-17T08:25:07+00:00\" \/>\n<meta property=\"og:image\" content=\"https:\/\/teiaeducation.ch\/wp-content\/uploads\/2024\/08\/Cream-coloured-candles-made-form-100-beeswax-Waldorf-celebrations-ring-accessory-Grimms-.jpg\" \/>\n\t<meta property=\"og:image:width\" content=\"1800\" \/>\n\t<meta property=\"og:image:height\" content=\"1800\" \/>\n\t<meta property=\"og:image:type\" content=\"image\/jpeg\" \/>\n<script type=\"application\/ld+json\" class=\"yoast-schema-graph\">{\"@context\":\"https:\/\/schema.org\",\"@graph\":[{\"@type\":\"WebPage\",\"@id\":\"https:\/\/teiaeducation.ch\/fr\/produit\/bougies-100-cire-dabeille-creme-20-grimms\/\",\"url\":\"https:\/\/teiaeducation.ch\/fr\/produit\/bougies-100-cire-dabeille-creme-20-grimms\/\",\"name\":\"Bougies 100% cire d'abeille cr\u00e8me (20) - Grimm's\",\"isPartOf\":{\"@id\":\"https:\/\/teiaeducation.ch\/fr\/#website\"},\"primaryImageOfPage\":{\"@id\":\"https:\/\/teiaeducation.ch\/fr\/produit\/bougies-100-cire-dabeille-creme-20-grimms\/#primaryimage\"},\"image\":{\"@id\":\"https:\/\/teiaeducation.ch\/fr\/produit\/bougies-100-cire-dabeille-creme-20-grimms\/#primaryimage\"},\"thumbnailUrl\":\"https:\/\/teiaeducation.ch\/wp-content\/uploads\/2024\/08\/Cream-coloured-candles-made-form-100-beeswax-Waldorf-celebrations-ring-accessory-Grimms-.jpg\",\"datePublished\":\"2024-08-30T12:05:34+00:00\",\"dateModified\":\"2025-01-17T08:25:07+00:00\",\"description\":\"Les bougies de couleur cr\u00e8me Grimm's \u00e0 partir de cire d'abeille 100% pure, transforment les anneaux d'anniversaire et de l'Avent en chandelier !\",\"breadcrumb\":{\"@id\":\"https:\/\/teiaeducation.ch\/fr\/produit\/bougies-100-cire-dabeille-creme-20-grimms\/#breadcrumb\"},\"inLanguage\":\"fr-FR\",\"potentialAction\":[{\"@type\":\"ReadAction\",\"target\":[\"https:\/\/teiaeducation.ch\/fr\/produit\/bougies-100-cire-dabeille-creme-20-grimms\/\"]}]},{\"@type\":\"ImageObject\",\"inLanguage\":\"fr-FR\",\"@id\":\"https:\/\/teiaeducation.ch\/fr\/produit\/bougies-100-cire-dabeille-creme-20-grimms\/#primaryimage\",\"url\":\"https:\/\/teiaeducation.ch\/wp-content\/uploads\/2024\/08\/Cream-coloured-candles-made-form-100-beeswax-Waldorf-celebrations-ring-accessory-Grimms-.jpg\",\"contentUrl\":\"https:\/\/teiaeducation.ch\/wp-content\/uploads\/2024\/08\/Cream-coloured-candles-made-form-100-beeswax-Waldorf-celebrations-ring-accessory-Grimms-.jpg\",\"width\":1800,\"height\":1800,\"caption\":\"Bougies 100% cire d'abeille cr\u00e8me (20) - Grimm's\"},{\"@type\":\"BreadcrumbList\",\"@id\":\"https:\/\/teiaeducation.ch\/fr\/produit\/bougies-100-cire-dabeille-creme-20-grimms\/#breadcrumb\",\"itemListElement\":[{\"@type\":\"ListItem\",\"position\":1,\"name\":\"Home\",\"item\":\"https:\/\/teiaeducation.ch\/fr\/\"},{\"@type\":\"ListItem\",\"position\":2,\"name\":\"Boutique Teia Education &amp; Play\",\"item\":\"https:\/\/teiaeducation.ch\/fr\/boutique\/\"},{\"@type\":\"ListItem\",\"position\":3,\"name\":\"Nos Marques\",\"item\":\"https:\/\/teiaeducation.ch\/fr\/categorie-produit\/marques\/\"},{\"@type\":\"ListItem\",\"position\":4,\"name\":\"Grimm's\",\"item\":\"https:\/\/teiaeducation.ch\/fr\/categorie-produit\/marques\/grimms-fr\/\"},{\"@type\":\"ListItem\",\"position\":5,\"name\":\"C\u00e9l\u00e9brations &amp; Rituels Familiaux\",\"item\":\"https:\/\/teiaeducation.ch\/fr\/categorie-produit\/marques\/grimms-fr\/celebrations-rituels-familiaux\/\"},{\"@type\":\"ListItem\",\"position\":6,\"name\":\"Bougies 100% cire d&#8217;abeille cr\u00e8me (12) &#8211; Grimm&#8217;s\"}]},{\"@type\":\"WebSite\",\"@id\":\"https:\/\/teiaeducation.ch\/fr\/#website\",\"url\":\"https:\/\/teiaeducation.ch\/fr\/\",\"name\":\"Sustainable Educational Products &amp; Ecological Toys\u00a0\",\"description\":\"Specialised Swiss shop selling sustainable educational toys and games, AMI certified Montessori materials, handmade ecological wooden Waldorf toys and arts &amp; crafts supplies, school supplies, children&#039;s furniture and Montessori reference and parenting books.\",\"publisher\":{\"@id\":\"https:\/\/teiaeducation.ch\/fr\/#organization\"},\"alternateName\":\"Teia Education & Play\",\"potentialAction\":[{\"@type\":\"SearchAction\",\"target\":{\"@type\":\"EntryPoint\",\"urlTemplate\":\"https:\/\/teiaeducation.ch\/fr\/?s={search_term_string}\"},\"query-input\":{\"@type\":\"PropertyValueSpecification\",\"valueRequired\":true,\"valueName\":\"search_term_string\"}}],\"inLanguage\":\"fr-FR\"},{\"@type\":\"Organization\",\"@id\":\"https:\/\/teiaeducation.ch\/fr\/#organization\",\"name\":\"Teia Education & Play\",\"url\":\"https:\/\/teiaeducation.ch\/fr\/\",\"logo\":{\"@type\":\"ImageObject\",\"inLanguage\":\"fr-FR\",\"@id\":\"https:\/\/teiaeducation.ch\/fr\/#\/schema\/logo\/image\/\",\"url\":\"https:\/\/teiaeducation.ch\/wp-content\/uploads\/2020\/11\/Teia-Education-Switzerland-e1620156442216.jpg\",\"contentUrl\":\"https:\/\/teiaeducation.ch\/wp-content\/uploads\/2020\/11\/Teia-Education-Switzerland-e1620156442216.jpg\",\"width\":166,\"height\":145,\"caption\":\"Teia Education & Play\"},\"image\":{\"@id\":\"https:\/\/teiaeducation.ch\/fr\/#\/schema\/logo\/image\/\"},\"sameAs\":[\"https:\/\/www.facebook.com\/teiaeducation\/\",\"https:\/\/x.com\/EducationTeia\",\"https:\/\/www.instagram.com\/teia.education\/\",\"https:\/\/www.linkedin.com\/company\/35501660\",\"https:\/\/www.pinterest.ch\/TeiaEducation\/\"]}]}<\/script>\n<!-- \/ Yoast SEO plugin. -->","yoast_head_json":{"title":"Bougies 100% cire d'abeille cr\u00e8me (20) - Grimm's","description":"Les bougies de couleur cr\u00e8me Grimm's \u00e0 partir de cire d'abeille 100% pure, transforment les anneaux d'anniversaire et de l'Avent en chandelier !","robots":{"index":"index","follow":"follow","max-snippet":"max-snippet:-1","max-image-preview":"max-image-preview:large","max-video-preview":"max-video-preview:-1"},"canonical":"https:\/\/teiaeducation.ch\/fr\/produit\/bougies-100-cire-dabeille-creme-20-grimms\/","og_locale":"fr_FR","og_type":"article","og_title":"Bougies 100% cire d'abeille cr\u00e8me (20) - Grimm's","og_description":"Les bougies de couleur cr\u00e8me Grimm's \u00e0 partir de cire d'abeille 100% pure, transforment les anneaux d'anniversaire et de l'Avent en chandelier !","og_url":"https:\/\/teiaeducation.ch\/fr\/produit\/bougies-100-cire-dabeille-creme-20-grimms\/","og_site_name":"Sustainable Educational Products &amp; Ecological Toys\u00a0","article_publisher":"https:\/\/www.facebook.com\/teiaeducation\/","article_modified_time":"2025-01-17T08:25:07+00:00","og_image":[{"width":1800,"height":1800,"url":"https:\/\/teiaeducation.ch\/wp-content\/uploads\/2024\/08\/Cream-coloured-candles-made-form-100-beeswax-Waldorf-celebrations-ring-accessory-Grimms-.jpg","type":"image\/jpeg"}],"schema":{"@context":"https:\/\/schema.org","@graph":[{"@type":"WebPage","@id":"https:\/\/teiaeducation.ch\/fr\/produit\/bougies-100-cire-dabeille-creme-20-grimms\/","url":"https:\/\/teiaeducation.ch\/fr\/produit\/bougies-100-cire-dabeille-creme-20-grimms\/","name":"Bougies 100% cire d'abeille cr\u00e8me (20) - Grimm's","isPartOf":{"@id":"https:\/\/teiaeducation.ch\/fr\/#website"},"primaryImageOfPage":{"@id":"https:\/\/teiaeducation.ch\/fr\/produit\/bougies-100-cire-dabeille-creme-20-grimms\/#primaryimage"},"image":{"@id":"https:\/\/teiaeducation.ch\/fr\/produit\/bougies-100-cire-dabeille-creme-20-grimms\/#primaryimage"},"thumbnailUrl":"https:\/\/teiaeducation.ch\/wp-content\/uploads\/2024\/08\/Cream-coloured-candles-made-form-100-beeswax-Waldorf-celebrations-ring-accessory-Grimms-.jpg","datePublished":"2024-08-30T12:05:34+00:00","dateModified":"2025-01-17T08:25:07+00:00","description":"Les bougies de couleur cr\u00e8me Grimm's \u00e0 partir de cire d'abeille 100% pure, transforment les anneaux d'anniversaire et de l'Avent en chandelier !","breadcrumb":{"@id":"https:\/\/teiaeducation.ch\/fr\/produit\/bougies-100-cire-dabeille-creme-20-grimms\/#breadcrumb"},"inLanguage":"fr-FR","potentialAction":[{"@type":"ReadAction","target":["https:\/\/teiaeducation.ch\/fr\/produit\/bougies-100-cire-dabeille-creme-20-grimms\/"]}]},{"@type":"ImageObject","inLanguage":"fr-FR","@id":"https:\/\/teiaeducation.ch\/fr\/produit\/bougies-100-cire-dabeille-creme-20-grimms\/#primaryimage","url":"https:\/\/teiaeducation.ch\/wp-content\/uploads\/2024\/08\/Cream-coloured-candles-made-form-100-beeswax-Waldorf-celebrations-ring-accessory-Grimms-.jpg","contentUrl":"https:\/\/teiaeducation.ch\/wp-content\/uploads\/2024\/08\/Cream-coloured-candles-made-form-100-beeswax-Waldorf-celebrations-ring-accessory-Grimms-.jpg","width":1800,"height":1800,"caption":"Bougies 100% cire d'abeille cr\u00e8me (20) - Grimm's"},{"@type":"BreadcrumbList","@id":"https:\/\/teiaeducation.ch\/fr\/produit\/bougies-100-cire-dabeille-creme-20-grimms\/#breadcrumb","itemListElement":[{"@type":"ListItem","position":1,"name":"Home","item":"https:\/\/teiaeducation.ch\/fr\/"},{"@type":"ListItem","position":2,"name":"Boutique Teia Education &amp; Play","item":"https:\/\/teiaeducation.ch\/fr\/boutique\/"},{"@type":"ListItem","position":3,"name":"Nos Marques","item":"https:\/\/teiaeducation.ch\/fr\/categorie-produit\/marques\/"},{"@type":"ListItem","position":4,"name":"Grimm's","item":"https:\/\/teiaeducation.ch\/fr\/categorie-produit\/marques\/grimms-fr\/"},{"@type":"ListItem","position":5,"name":"C\u00e9l\u00e9brations &amp; Rituels Familiaux","item":"https:\/\/teiaeducation.ch\/fr\/categorie-produit\/marques\/grimms-fr\/celebrations-rituels-familiaux\/"},{"@type":"ListItem","position":6,"name":"Bougies 100% cire d&#8217;abeille cr\u00e8me (12) &#8211; Grimm&#8217;s"}]},{"@type":"WebSite","@id":"https:\/\/teiaeducation.ch\/fr\/#website","url":"https:\/\/teiaeducation.ch\/fr\/","name":"Sustainable Educational Products &amp; Ecological Toys\u00a0","description":"Specialised Swiss shop selling sustainable educational toys and games, AMI certified Montessori materials, handmade ecological wooden Waldorf toys and arts &amp; crafts supplies, school supplies, children&#039;s furniture and Montessori reference and parenting books.","publisher":{"@id":"https:\/\/teiaeducation.ch\/fr\/#organization"},"alternateName":"Teia Education & Play","potentialAction":[{"@type":"SearchAction","target":{"@type":"EntryPoint","urlTemplate":"https:\/\/teiaeducation.ch\/fr\/?s={search_term_string}"},"query-input":{"@type":"PropertyValueSpecification","valueRequired":true,"valueName":"search_term_string"}}],"inLanguage":"fr-FR"},{"@type":"Organization","@id":"https:\/\/teiaeducation.ch\/fr\/#organization","name":"Teia Education & Play","url":"https:\/\/teiaeducation.ch\/fr\/","logo":{"@type":"ImageObject","inLanguage":"fr-FR","@id":"https:\/\/teiaeducation.ch\/fr\/#\/schema\/logo\/image\/","url":"https:\/\/teiaeducation.ch\/wp-content\/uploads\/2020\/11\/Teia-Education-Switzerland-e1620156442216.jpg","contentUrl":"https:\/\/teiaeducation.ch\/wp-content\/uploads\/2020\/11\/Teia-Education-Switzerland-e1620156442216.jpg","width":166,"height":145,"caption":"Teia Education & Play"},"image":{"@id":"https:\/\/teiaeducation.ch\/fr\/#\/schema\/logo\/image\/"},"sameAs":["https:\/\/www.facebook.com\/teiaeducation\/","https:\/\/x.com\/EducationTeia","https:\/\/www.instagram.com\/teia.education\/","https:\/\/www.linkedin.com\/company\/35501660","https:\/\/www.pinterest.ch\/TeiaEducation\/"]}]}},"_links":{"self":[{"href":"https:\/\/teiaeducation.ch\/fr\/wp-json\/wp\/v2\/product\/62463","targetHints":{"allow":["GET"]}}],"collection":[{"href":"https:\/\/teiaeducation.ch\/fr\/wp-json\/wp\/v2\/product"}],"about":[{"href":"https:\/\/teiaeducation.ch\/fr\/wp-json\/wp\/v2\/types\/product"}],"replies":[{"embeddable":true,"href":"https:\/\/teiaeducation.ch\/fr\/wp-json\/wp\/v2\/comments?post=62463"}],"wp:featuredmedia":[{"embeddable":true,"href":"https:\/\/teiaeducation.ch\/fr\/wp-json\/wp\/v2\/media\/62474"}],"wp:attachment":[{"href":"https:\/\/teiaeducation.ch\/fr\/wp-json\/wp\/v2\/media?parent=62463"}],"wp:term":[{"taxonomy":"product_brand","embeddable":true,"href":"https:\/\/teiaeducation.ch\/fr\/wp-json\/wp\/v2\/product_brand?post=62463"},{"taxonomy":"product_cat","embeddable":true,"href":"https:\/\/teiaeducation.ch\/fr\/wp-json\/wp\/v2\/product_cat?post=62463"},{"taxonomy":"product_tag","embeddable":true,"href":"https:\/\/teiaeducation.ch\/fr\/wp-json\/wp\/v2\/product_tag?post=62463"}],"curies":[{"name":"wp","href":"https:\/\/api.w.org\/{rel}","templated":true}]}}